{"id":20967,"date":"2025-09-20T19:12:49","date_gmt":"2025-09-20T16:12:49","guid":{"rendered":"https:\/\/skaitytaknyga.lt\/?post_type=product&#038;p=20967"},"modified":"2025-10-06T12:58:37","modified_gmt":"2025-10-06T09:58:37","slug":"uzkieteje-viengungiai","status":"publish","type":"product","link":"https:\/\/skaitytaknyga.lt\/en\/produktas\/uzkieteje-viengungiai\/","title":{"rendered":"U\u017ekiet\u0117j\u0119 viengungiai"},"content":{"rendered":"<p>Jie buvo geriausi draugai ir u\u017ekiet\u0117j\u0119 viengungiai. Juos vienijo karti praeities patirtis ir vienodas \u2013 \u201epasimyl\u0117k ir palik\u201c \u2013 po\u017ei\u016bris \u012f moteris&#8230; \u010carlis Heringtonas, \u017eavus filantropas, savo svajoni\u0173 nuotakai k\u0117l\u0117 tokius auk\u0161tus reikalavimus, kad n\u0117 viena mirtingoji negal\u0117jo pretenduoti \u012f jos viet\u0105&#8230;<\/p>\n<p>Adamas Vaisas, per keturiasde\u0161imt perkop\u0119s teisininkas, atstovaujantis garsenyb\u0117ms, mieliausiai rinkdavosi labai jaunas, labai patrauklias moteris labai trumpam laikui&#8230; o Gr\u0117jus Houkas, talentingas menininkas, turintis polink\u012f \u012fsivelti \u012f sud\u0117tingus santykius, niekaip negal\u0117jo \u012fsivaizduoti sav\u0119s kurian\u010dio \u0161eim\u0105 (ypa\u010d su moterimi, su kuria susitikin\u0117jo). Ta\u010diau vien\u0105 vasar\u0105 prabangia \u010carlio jachta i\u0161plauk\u0119 \u012f kasmetin\u0119 vasaros atostog\u0173 kelion\u0119 po Vidur\u017eemio j\u016br\u0105, trys bi\u010diuliai n\u0117 ne\u012ftaria, koks sukr\u0117timas laukia j\u0173 viengungyst\u0117s&#8230;<\/p>\n<p>Susid\u016brusi su naujais d\u017eiaugsmais ir i\u0161bandymais, trijul\u0117 pama\u017eu \u012fsitikina, kad meil\u0117 \u2013 labiausiai nenusp\u0117jamas nuotykis i\u0161 vis\u0173, kokius jiems teko patirti.<\/p>\n","protected":false},"excerpt":{"rendered":"<p>Jie buvo geriausi draugai ir u\u017ekiet\u0117j\u0119 viengungiai. Juos vienijo karti praeities patirtis ir vienodas \u2013 \u201epasimyl\u0117k ir palik\u201c \u2013 po\u017ei\u016bris \u012f moteris&#8230; \u010carlis Heringtonas, \u017eavus filantropas, savo svajoni\u0173 nuotakai k\u0117l\u0117 tokius auk\u0161tus reikalavimus, kad n\u0117 viena mirtingoji negal\u0117jo pretenduoti \u012f jos viet\u0105&#8230; Adamas Vaisas, per keturiasde\u0161imt perkop\u0119s teisininkas, atstovaujantis garsenyb\u0117ms, mieliausiai rinkdavosi labai jaunas, labai patrauklias moteris labai trumpam laikui&#8230; o Gr\u0117jus Houkas, talentingas menininkas, turintis polink\u012f \u012fsivelti \u012f sud\u0117tingus santykius, niekaip negal\u0117jo \u012fsivaizduoti sav\u0119s kurian\u010dio \u0161eim\u0105 (ypa\u010d su moterimi, su kuria susitikin\u0117jo). Ta\u010diau vien\u0105 vasar\u0105 prabangia \u010carlio jachta i\u0161plauk\u0119 \u012f kasmetin\u0119 vasaros atostog\u0173 kelion\u0119 po Vidur\u017eemio j\u016br\u0105, trys bi\u010diuliai n\u0117 ne\u012ftaria, koks sukr\u0117timas laukia j\u0173 viengungyst\u0117s&#8230; Susid\u016brusi su naujais d\u017eiaugsmais ir i\u0161bandymais, trijul\u0117 pama\u017eu \u012fsitikina, kad meil\u0117 \u2013 labiausiai nenusp\u0117jamas nuotykis i\u0161 vis\u0173, kokius jiems teko patirti.<\/p>\n","protected":false},"featured_media":20973,"comment_status":"open","ping_status":"closed","template":"","meta":{"_acf_changed":false,"site-sidebar-layout":"default","site-content-layout":"","ast-site-content-layout":"default","site-content-style":"default","site-sidebar-style":"default","ast-global-header-display":"","ast-banner-title-visibility":"","ast-main-header-display":"","ast-hfb-above-header-display":"","ast-hfb-below-header-display":"","ast-hfb-mobile-header-display":"","site-post-title":"","ast-breadcrumbs-content":"","ast-featured-img":"","footer-sml-layout":"","ast-disable-related-posts":"","theme-transparent-header-meta":"","adv-header-id-meta":"","stick-header-meta":"","header-above-stick-meta":"","header-main-stick-meta":"","header-below-stick-meta":"","astra-migrate-meta-layouts":"default","ast-page-background-enabled":"default","ast-page-background-meta":{"desktop":{"background-color":"","background-image":"","background-repeat":"repeat","background-position":"center center","background-size":"auto","background-attachment":"scroll","background-type":"","background-media":"","overlay-type":"","overlay-color":"","overlay-opacity":"","overlay-gradient":""},"tablet":{"background-color":"","background-image":"","background-repeat":"repeat","background-position":"center center","background-size":"auto","background-attachment":"scroll","background-type":"","background-media":"","overlay-type":"","overlay-color":"","overlay-opacity":"","overlay-gradient":""},"mobile":{"background-color":"","background-image":"","background-repeat":"repeat","background-position":"center center","background-size":"auto","background-attachment":"scroll","background-type":"","background-media":"","overlay-type":"","overlay-color":"","overlay-opacity":"","overlay-gradient":""}},"ast-content-background-meta":{"desktop":{"background-color":"var(--ast-global-color-4)","background-image":"","background-repeat":"repeat","background-position":"center center","background-size":"auto","background-attachment":"scroll","background-type":"","background-media":"","overlay-type":"","overlay-color":"","overlay-opacity":"","overlay-gradient":""},"tablet":{"background-color":"var(--ast-global-color-4)","background-image":"","background-repeat":"repeat","background-position":"center center","background-size":"auto","background-attachment":"scroll","background-type":"","background-media":"","overlay-type":"","overlay-color":"","overlay-opacity":"","overlay-gradient":""},"mobile":{"background-color":"var(--ast-global-color-4)","background-image":"","background-repeat":"repeat","background-position":"center center","background-size":"auto","background-attachment":"scroll","background-type":"","background-media":"","overlay-type":"","overlay-color":"","overlay-opacity":"","overlay-gradient":""}}},"product_brand":[],"product_cat":[31],"product_tag":[2733,8511,8550,2672,1796,3204,3145,3662],"class_list":{"0":"post-20967","1":"product","2":"type-product","3":"status-publish","4":"has-post-thumbnail","6":"product_cat-grozine-literatura","7":"product_tag-danielle-steel","8":"product_tag-grasinimai","9":"product_tag-kriminalas","10":"product_tag-laiskai","11":"product_tag-meile","12":"product_tag-mirtis","13":"product_tag-pavojus","14":"product_tag-vestuves","15":"desktop-align-left","16":"tablet-align-left","17":"mobile-align-left","19":"first","20":"instock","21":"shipping-taxable","22":"purchasable","23":"product-type-simple"},"acf":[],"yoast_head":"<!-- This site is optimized with the Yoast SEO plugin v27.0 - https:\/\/yoast.com\/product\/yoast-seo-wordpress\/ -->\n<title>U\u017ekiet\u0117j\u0119 viengungiai<\/title>\n<meta name=\"description\" content=\"Jie buvo geriausi draugai ir u\u017ekiet\u0117j\u0119 viengungiai. Juos vienijo karti praeities patirtis ir vienodas \u2013 \u201epasimyl\u0117k ir palik\u201c \u2013 po\u017ei\u016bris \u012f moteris...\" \/>\n<meta name=\"robots\" content=\"index, follow, max-snippet:-1, max-image-preview:large, max-video-preview:-1\" \/>\n<link rel=\"canonical\" href=\"https:\/\/skaitytaknyga.lt\/en\/produktas\/uzkieteje-viengungiai\/\" \/>\n<meta property=\"og:locale\" content=\"en_GB\" \/>\n<meta property=\"og:locale:alternate\" content=\"lt_LT\" \/>\n<meta property=\"og:type\" content=\"article\" \/>\n<meta property=\"og:title\" content=\"U\u017ekiet\u0117j\u0119 viengungiai\" \/>\n<meta property=\"og:description\" content=\"Jie buvo geriausi draugai ir u\u017ekiet\u0117j\u0119 viengungiai. Juos vienijo karti praeities patirtis ir vienodas \u2013 \u201epasimyl\u0117k ir palik\u201c \u2013 po\u017ei\u016bris \u012f moteris...\" \/>\n<meta property=\"og:url\" content=\"https:\/\/skaitytaknyga.lt\/en\/produktas\/uzkieteje-viengungiai\/\" \/>\n<meta property=\"og:site_name\" content=\"Skaitytaknyga\" \/>\n<meta property=\"article:publisher\" content=\"https:\/\/www.facebook.com\/skaitytaknyga\/\" \/>\n<meta property=\"article:modified_time\" content=\"2025-10-06T09:58:37+00:00\" \/>\n<meta property=\"og:image\" content=\"https:\/\/skaitytaknyga.lt\/wp-content\/uploads\/2025\/09\/Uzkieteje-viengungiai-1.webp\" \/>\n\t<meta property=\"og:image:width\" content=\"300\" \/>\n\t<meta property=\"og:image:height\" content=\"524\" \/>\n\t<meta property=\"og:image:type\" content=\"image\/webp\" \/>\n<meta name=\"twitter:card\" content=\"summary_large_image\" \/>\n<meta name=\"twitter:label1\" content=\"Estimated reading time\" \/>\n\t<meta name=\"twitter:data1\" content=\"1 minute\" \/>\n<script type=\"application\/ld+json\" class=\"yoast-schema-graph\">{\"@context\":\"https:\/\/schema.org\",\"@graph\":[{\"@type\":\"WebPage\",\"@id\":\"https:\/\/skaitytaknyga.lt\/produktas\/uzkieteje-viengungiai\/\",\"url\":\"https:\/\/skaitytaknyga.lt\/produktas\/uzkieteje-viengungiai\/\",\"name\":\"U\u017ekiet\u0117j\u0119 viengungiai\",\"isPartOf\":{\"@id\":\"https:\/\/skaitytaknyga.lt\/#website\"},\"primaryImageOfPage\":{\"@id\":\"https:\/\/skaitytaknyga.lt\/produktas\/uzkieteje-viengungiai\/#primaryimage\"},\"image\":{\"@id\":\"https:\/\/skaitytaknyga.lt\/produktas\/uzkieteje-viengungiai\/#primaryimage\"},\"thumbnailUrl\":\"https:\/\/skaitytaknyga.lt\/wp-content\/uploads\/2025\/09\/Uzkieteje-viengungiai-1.webp\",\"datePublished\":\"2025-09-20T16:12:49+00:00\",\"dateModified\":\"2025-10-06T09:58:37+00:00\",\"description\":\"Jie buvo geriausi draugai ir u\u017ekiet\u0117j\u0119 viengungiai. Juos vienijo karti praeities patirtis ir vienodas \u2013 \u201epasimyl\u0117k ir palik\u201c \u2013 po\u017ei\u016bris \u012f moteris...\",\"breadcrumb\":{\"@id\":\"https:\/\/skaitytaknyga.lt\/produktas\/uzkieteje-viengungiai\/#breadcrumb\"},\"inLanguage\":\"en-GB\",\"potentialAction\":[{\"@type\":\"ReadAction\",\"target\":[\"https:\/\/skaitytaknyga.lt\/produktas\/uzkieteje-viengungiai\/\"]}]},{\"@type\":\"ImageObject\",\"inLanguage\":\"en-GB\",\"@id\":\"https:\/\/skaitytaknyga.lt\/produktas\/uzkieteje-viengungiai\/#primaryimage\",\"url\":\"https:\/\/skaitytaknyga.lt\/wp-content\/uploads\/2025\/09\/Uzkieteje-viengungiai-1.webp\",\"contentUrl\":\"https:\/\/skaitytaknyga.lt\/wp-content\/uploads\/2025\/09\/Uzkieteje-viengungiai-1.webp\",\"width\":300,\"height\":524,\"caption\":\"U\u017ekiet\u0117j\u0119 viengungiai\"},{\"@type\":\"BreadcrumbList\",\"@id\":\"https:\/\/skaitytaknyga.lt\/produktas\/uzkieteje-viengungiai\/#breadcrumb\",\"itemListElement\":[{\"@type\":\"ListItem\",\"position\":1,\"name\":\"Home\",\"item\":\"https:\/\/skaitytaknyga.lt\/\"},{\"@type\":\"ListItem\",\"position\":2,\"name\":\"Parduotuv\u0117\",\"item\":\"https:\/\/skaitytaknyga.lt\/knygu-parduotuve\/\"},{\"@type\":\"ListItem\",\"position\":3,\"name\":\"U\u017ekiet\u0117j\u0119 viengungiai\"}]},{\"@type\":\"WebSite\",\"@id\":\"https:\/\/skaitytaknyga.lt\/#website\",\"url\":\"https:\/\/skaitytaknyga.lt\/\",\"name\":\"skaitytaknyga.lt\",\"description\":\"Skaitytaknyga.lt \u2013 tai ma\u017eas \u0161eimos verslas, kuris prasid\u0117jo nuo meil\u0117s knygoms ir siekio i\u0161gelb\u0117ti knygas nuo likimo prie konteinerio. Kas vienam nereikalingas daiktas \u2013 kitam lobis, o mes esame tarpininkai, kurie padeda abiems tapti laimingesniems ???? \u017dinome kaip nelengva i\u0161gyventi ma\u017eiems verslams, tad nuo \u0161iol, \u010dia rasite ir kit\u0173, ma\u017e\u0173 \u0161eim\u0173 versl\u0173, rank\u0173 darbo, dovan\u0173 sau ir artimiesiems.\",\"publisher\":{\"@id\":\"https:\/\/skaitytaknyga.lt\/#organization\"},\"potentialAction\":[{\"@type\":\"SearchAction\",\"target\":{\"@type\":\"EntryPoint\",\"urlTemplate\":\"https:\/\/skaitytaknyga.lt\/?s={search_term_string}\"},\"query-input\":{\"@type\":\"PropertyValueSpecification\",\"valueRequired\":true,\"valueName\":\"search_term_string\"}}],\"inLanguage\":\"en-GB\"},{\"@type\":\"Organization\",\"@id\":\"https:\/\/skaitytaknyga.lt\/#organization\",\"name\":\"skaitytaknyga.lt\",\"url\":\"https:\/\/skaitytaknyga.lt\/\",\"logo\":{\"@type\":\"ImageObject\",\"inLanguage\":\"en-GB\",\"@id\":\"https:\/\/skaitytaknyga.lt\/#\/schema\/logo\/image\/\",\"url\":\"https:\/\/skaitytaknyga.lt\/wp-content\/uploads\/2024\/05\/cropped-cropped-cropped-02_00843_jt3bggkj1j3HLc7SyY6rEUpg.jpeg\",\"contentUrl\":\"https:\/\/skaitytaknyga.lt\/wp-content\/uploads\/2024\/05\/cropped-cropped-cropped-02_00843_jt3bggkj1j3HLc7SyY6rEUpg.jpeg\",\"width\":1600,\"height\":1600,\"caption\":\"skaitytaknyga.lt\"},\"image\":{\"@id\":\"https:\/\/skaitytaknyga.lt\/#\/schema\/logo\/image\/\"},\"sameAs\":[\"https:\/\/www.facebook.com\/skaitytaknyga\/\"]}]}<\/script>\n<!-- \/ Yoast SEO plugin. -->","yoast_head_json":{"title":"U\u017ekiet\u0117j\u0119 viengungiai","description":"Jie buvo geriausi draugai ir u\u017ekiet\u0117j\u0119 viengungiai. Juos vienijo karti praeities patirtis ir vienodas \u2013 \u201epasimyl\u0117k ir palik\u201c \u2013 po\u017ei\u016bris \u012f moteris...","robots":{"index":"index","follow":"follow","max-snippet":"max-snippet:-1","max-image-preview":"max-image-preview:large","max-video-preview":"max-video-preview:-1"},"canonical":"https:\/\/skaitytaknyga.lt\/en\/produktas\/uzkieteje-viengungiai\/","og_locale":"en_GB","og_type":"article","og_title":"[:lt]U\u017ekiet\u0117j\u0119 viengungiai[:] - Skaitytaknyga","og_description":"Jie buvo geriausi draugai ir u\u017ekiet\u0117j\u0119 viengungiai. Juos vienijo karti praeities patirtis ir vienodas \u2013 \u201epasimyl\u0117k ir palik\u201c \u2013 po\u017ei\u016bris \u012f moteris...","og_url":"https:\/\/skaitytaknyga.lt\/en\/produktas\/uzkieteje-viengungiai\/","og_site_name":"Skaitytaknyga","article_publisher":"https:\/\/www.facebook.com\/skaitytaknyga\/","article_modified_time":"2025-10-06T09:58:37+00:00","og_image":[{"width":300,"height":524,"url":"https:\/\/skaitytaknyga.lt\/wp-content\/uploads\/2025\/09\/Uzkieteje-viengungiai-1.webp","type":"image\/webp"}],"twitter_card":"summary_large_image","twitter_misc":{"Estimated reading time":"1 minute"},"schema":{"@context":"https:\/\/schema.org","@graph":[{"@type":"WebPage","@id":"https:\/\/skaitytaknyga.lt\/produktas\/uzkieteje-viengungiai\/","url":"https:\/\/skaitytaknyga.lt\/produktas\/uzkieteje-viengungiai\/","name":"U\u017ekiet\u0117j\u0119 viengungiai","isPartOf":{"@id":"https:\/\/skaitytaknyga.lt\/#website"},"primaryImageOfPage":{"@id":"https:\/\/skaitytaknyga.lt\/produktas\/uzkieteje-viengungiai\/#primaryimage"},"image":{"@id":"https:\/\/skaitytaknyga.lt\/produktas\/uzkieteje-viengungiai\/#primaryimage"},"thumbnailUrl":"https:\/\/skaitytaknyga.lt\/wp-content\/uploads\/2025\/09\/Uzkieteje-viengungiai-1.webp","datePublished":"2025-09-20T16:12:49+00:00","dateModified":"2025-10-06T09:58:37+00:00","description":"Jie buvo geriausi draugai ir u\u017ekiet\u0117j\u0119 viengungiai. Juos vienijo karti praeities patirtis ir vienodas \u2013 \u201epasimyl\u0117k ir palik\u201c \u2013 po\u017ei\u016bris \u012f moteris...","breadcrumb":{"@id":"https:\/\/skaitytaknyga.lt\/produktas\/uzkieteje-viengungiai\/#breadcrumb"},"inLanguage":"en-GB","potentialAction":[{"@type":"ReadAction","target":["https:\/\/skaitytaknyga.lt\/produktas\/uzkieteje-viengungiai\/"]}]},{"@type":"ImageObject","inLanguage":"en-GB","@id":"https:\/\/skaitytaknyga.lt\/produktas\/uzkieteje-viengungiai\/#primaryimage","url":"https:\/\/skaitytaknyga.lt\/wp-content\/uploads\/2025\/09\/Uzkieteje-viengungiai-1.webp","contentUrl":"https:\/\/skaitytaknyga.lt\/wp-content\/uploads\/2025\/09\/Uzkieteje-viengungiai-1.webp","width":300,"height":524,"caption":"U\u017ekiet\u0117j\u0119 viengungiai"},{"@type":"BreadcrumbList","@id":"https:\/\/skaitytaknyga.lt\/produktas\/uzkieteje-viengungiai\/#breadcrumb","itemListElement":[{"@type":"ListItem","position":1,"name":"Home","item":"https:\/\/skaitytaknyga.lt\/"},{"@type":"ListItem","position":2,"name":"Parduotuv\u0117","item":"https:\/\/skaitytaknyga.lt\/knygu-parduotuve\/"},{"@type":"ListItem","position":3,"name":"U\u017ekiet\u0117j\u0119 viengungiai"}]},{"@type":"WebSite","@id":"https:\/\/skaitytaknyga.lt\/#website","url":"https:\/\/skaitytaknyga.lt\/","name":"skaitytaknyga.lt","description":"Skaitytaknyga.lt \u2013 tai ma\u017eas \u0161eimos verslas, kuris prasid\u0117jo nuo meil\u0117s knygoms ir siekio i\u0161gelb\u0117ti knygas nuo likimo prie konteinerio. Kas vienam nereikalingas daiktas \u2013 kitam lobis, o mes esame tarpininkai, kurie padeda abiems tapti laimingesniems ???? \u017dinome kaip nelengva i\u0161gyventi ma\u017eiems verslams, tad nuo \u0161iol, \u010dia rasite ir kit\u0173, ma\u017e\u0173 \u0161eim\u0173 versl\u0173, rank\u0173 darbo, dovan\u0173 sau ir artimiesiems.","publisher":{"@id":"https:\/\/skaitytaknyga.lt\/#organization"},"potentialAction":[{"@type":"SearchAction","target":{"@type":"EntryPoint","urlTemplate":"https:\/\/skaitytaknyga.lt\/?s={search_term_string}"},"query-input":{"@type":"PropertyValueSpecification","valueRequired":true,"valueName":"search_term_string"}}],"inLanguage":"en-GB"},{"@type":"Organization","@id":"https:\/\/skaitytaknyga.lt\/#organization","name":"skaitytaknyga.lt","url":"https:\/\/skaitytaknyga.lt\/","logo":{"@type":"ImageObject","inLanguage":"en-GB","@id":"https:\/\/skaitytaknyga.lt\/#\/schema\/logo\/image\/","url":"https:\/\/skaitytaknyga.lt\/wp-content\/uploads\/2024\/05\/cropped-cropped-cropped-02_00843_jt3bggkj1j3HLc7SyY6rEUpg.jpeg","contentUrl":"https:\/\/skaitytaknyga.lt\/wp-content\/uploads\/2024\/05\/cropped-cropped-cropped-02_00843_jt3bggkj1j3HLc7SyY6rEUpg.jpeg","width":1600,"height":1600,"caption":"skaitytaknyga.lt"},"image":{"@id":"https:\/\/skaitytaknyga.lt\/#\/schema\/logo\/image\/"},"sameAs":["https:\/\/www.facebook.com\/skaitytaknyga\/"]}]}},"_links":{"self":[{"href":"https:\/\/skaitytaknyga.lt\/en\/wp-json\/wp\/v2\/product\/20967","targetHints":{"allow":["GET"]}}],"collection":[{"href":"https:\/\/skaitytaknyga.lt\/en\/wp-json\/wp\/v2\/product"}],"about":[{"href":"https:\/\/skaitytaknyga.lt\/en\/wp-json\/wp\/v2\/types\/product"}],"replies":[{"embeddable":true,"href":"https:\/\/skaitytaknyga.lt\/en\/wp-json\/wp\/v2\/comments?post=20967"}],"wp:featuredmedia":[{"embeddable":true,"href":"https:\/\/skaitytaknyga.lt\/en\/wp-json\/wp\/v2\/media\/20973"}],"wp:attachment":[{"href":"https:\/\/skaitytaknyga.lt\/en\/wp-json\/wp\/v2\/media?parent=20967"}],"wp:term":[{"taxonomy":"product_brand","embeddable":true,"href":"https:\/\/skaitytaknyga.lt\/en\/wp-json\/wp\/v2\/product_brand?post=20967"},{"taxonomy":"product_cat","embeddable":true,"href":"https:\/\/skaitytaknyga.lt\/en\/wp-json\/wp\/v2\/product_cat?post=20967"},{"taxonomy":"product_tag","embeddable":true,"href":"https:\/\/skaitytaknyga.lt\/en\/wp-json\/wp\/v2\/product_tag?post=20967"}],"curies":[{"name":"wp","href":"https:\/\/api.w.org\/{rel}","templated":true}]}}