{"id":20966,"date":"2025-09-20T19:12:48","date_gmt":"2025-09-20T16:12:48","guid":{"rendered":"https:\/\/skaitytaknyga.lt\/?post_type=product&#038;p=20966"},"modified":"2025-10-06T12:57:14","modified_gmt":"2025-10-06T09:57:14","slug":"mirtis-ir-truputis-meiles","status":"publish","type":"product","link":"https:\/\/skaitytaknyga.lt\/en\/produktas\/mirtis-ir-truputis-meiles\/","title":{"rendered":"Mirtis ir truputis meil\u0117s"},"content":{"rendered":"<p>Pagaliau Petrovkos kriminalinio skyriaus analitik\u0117 Nastia Kamenskaja nugali save ir ry\u017etasi i\u0161tek\u0117ti.<\/p>\n<p>Gegu\u017e\u0117s 13 dien\u0105 viename i\u0161 Maskvos civilin\u0117s metrikacijos skyri\u0173 nuaidi \u0161\u016bvis ir \u017e\u016bsta nuotaka. Po dviej\u0173 valand\u0173 kitame Civilin\u0117s metrikacijos skyriuje \u017e\u016bsta antra nuotaka.<\/p>\n<p>Vietoj nuobod\u017ei\u0173 atostog\u0173 Kamenskaja \u012fsitraukia \u012f itin pavojing\u0105 bylos tyrim\u0105. Paai\u0161k\u0117ja, kad ne ji viena vestuvi\u0173 i\u0161vakar\u0117se gavo grasinam\u0105 lai\u0161k\u0105.<\/p>\n","protected":false},"excerpt":{"rendered":"<p>Pagaliau Petrovkos kriminalinio skyriaus analitik\u0117 Nastia Kamenskaja nugali save ir ry\u017etasi i\u0161tek\u0117ti. Gegu\u017e\u0117s 13 dien\u0105 viename i\u0161 Maskvos civilin\u0117s metrikacijos skyri\u0173 nuaidi \u0161\u016bvis ir \u017e\u016bsta nuotaka. Po dviej\u0173 valand\u0173 kitame Civilin\u0117s metrikacijos skyriuje \u017e\u016bsta antra nuotaka. Vietoj nuobod\u017ei\u0173 atostog\u0173 Kamenskaja \u012fsitraukia \u012f itin pavojing\u0105 bylos tyrim\u0105. Paai\u0161k\u0117ja, kad ne ji viena vestuvi\u0173 i\u0161vakar\u0117se gavo grasinam\u0105 lai\u0161k\u0105.<\/p>\n","protected":false},"featured_media":20971,"comment_status":"open","ping_status":"closed","template":"","meta":{"_acf_changed":false,"site-sidebar-layout":"default","site-content-layout":"","ast-site-content-layout":"default","site-content-style":"default","site-sidebar-style":"default","ast-global-header-display":"","ast-banner-title-visibility":"","ast-main-header-display":"","ast-hfb-above-header-display":"","ast-hfb-below-header-display":"","ast-hfb-mobile-header-display":"","site-post-title":"","ast-breadcrumbs-content":"","ast-featured-img":"","footer-sml-layout":"","ast-disable-related-posts":"","theme-transparent-header-meta":"","adv-header-id-meta":"","stick-header-meta":"","header-above-stick-meta":"","header-main-stick-meta":"","header-below-stick-meta":"","astra-migrate-meta-layouts":"default","ast-page-background-enabled":"default","ast-page-background-meta":{"desktop":{"background-color":"","background-image":"","background-repeat":"repeat","background-position":"center center","background-size":"auto","background-attachment":"scroll","background-type":"","background-media":"","overlay-type":"","overlay-color":"","overlay-opacity":"","overlay-gradient":""},"tablet":{"background-color":"","background-image":"","background-repeat":"repeat","background-position":"center center","background-size":"auto","background-attachment":"scroll","background-type":"","background-media":"","overlay-type":"","overlay-color":"","overlay-opacity":"","overlay-gradient":""},"mobile":{"background-color":"","background-image":"","background-repeat":"repeat","background-position":"center center","background-size":"auto","background-attachment":"scroll","background-type":"","background-media":"","overlay-type":"","overlay-color":"","overlay-opacity":"","overlay-gradient":""}},"ast-content-background-meta":{"desktop":{"background-color":"var(--ast-global-color-4)","background-image":"","background-repeat":"repeat","background-position":"center center","background-size":"auto","background-attachment":"scroll","background-type":"","background-media":"","overlay-type":"","overlay-color":"","overlay-opacity":"","overlay-gradient":""},"tablet":{"background-color":"var(--ast-global-color-4)","background-image":"","background-repeat":"repeat","background-position":"center center","background-size":"auto","background-attachment":"scroll","background-type":"","background-media":"","overlay-type":"","overlay-color":"","overlay-opacity":"","overlay-gradient":""},"mobile":{"background-color":"var(--ast-global-color-4)","background-image":"","background-repeat":"repeat","background-position":"center center","background-size":"auto","background-attachment":"scroll","background-type":"","background-media":"","overlay-type":"","overlay-color":"","overlay-opacity":"","overlay-gradient":""}}},"product_brand":[],"product_cat":[31],"product_tag":[8511,2672,1796,3204,3145,3662],"class_list":{"0":"post-20966","1":"product","2":"type-product","3":"status-publish","4":"has-post-thumbnail","6":"product_cat-grozine-literatura","7":"product_tag-grasinimai","8":"product_tag-laiskai","9":"product_tag-meile","10":"product_tag-mirtis","11":"product_tag-pavojus","12":"product_tag-vestuves","13":"desktop-align-left","14":"tablet-align-left","15":"mobile-align-left","17":"first","18":"instock","19":"shipping-taxable","20":"purchasable","21":"product-type-simple"},"acf":[],"yoast_head":"<!-- This site is optimized with the Yoast SEO plugin v27.0 - https:\/\/yoast.com\/product\/yoast-seo-wordpress\/ -->\n<title>Mirtis ir truputis meil\u0117s<\/title>\n<meta name=\"description\" content=\"Pagaliau Petrovkos kriminalinio skyriaus analitik\u0117 Nastia Kamenskaja nugali save ir ry\u017etasi i\u0161tek\u0117ti. Gegu\u017e\u0117s 13 dien\u0105 viename i\u0161 Maskvos civilin\u0117s\" \/>\n<meta name=\"robots\" content=\"index, follow, max-snippet:-1, max-image-preview:large, max-video-preview:-1\" \/>\n<link rel=\"canonical\" href=\"https:\/\/skaitytaknyga.lt\/en\/produktas\/mirtis-ir-truputis-meiles\/\" \/>\n<meta property=\"og:locale\" content=\"en_GB\" \/>\n<meta property=\"og:locale:alternate\" content=\"lt_LT\" \/>\n<meta property=\"og:type\" content=\"article\" \/>\n<meta property=\"og:title\" content=\"Mirtis ir truputis meil\u0117s\" \/>\n<meta property=\"og:description\" content=\"Pagaliau Petrovkos kriminalinio skyriaus analitik\u0117 Nastia Kamenskaja nugali save ir ry\u017etasi i\u0161tek\u0117ti. Gegu\u017e\u0117s 13 dien\u0105 viename i\u0161 Maskvos civilin\u0117s\" \/>\n<meta property=\"og:url\" content=\"https:\/\/skaitytaknyga.lt\/en\/produktas\/mirtis-ir-truputis-meiles\/\" \/>\n<meta property=\"og:site_name\" content=\"Skaitytaknyga\" \/>\n<meta property=\"article:publisher\" content=\"https:\/\/www.facebook.com\/skaitytaknyga\/\" \/>\n<meta property=\"article:modified_time\" content=\"2025-10-06T09:57:14+00:00\" \/>\n<meta property=\"og:image\" content=\"https:\/\/skaitytaknyga.lt\/wp-content\/uploads\/2025\/09\/Mirtis-ir-truputis-meiles.webp\" \/>\n\t<meta property=\"og:image:width\" content=\"300\" \/>\n\t<meta property=\"og:image:height\" content=\"488\" \/>\n\t<meta property=\"og:image:type\" content=\"image\/webp\" \/>\n<meta name=\"twitter:card\" content=\"summary_large_image\" \/>\n<script type=\"application\/ld+json\" class=\"yoast-schema-graph\">{\"@context\":\"https:\/\/schema.org\",\"@graph\":[{\"@type\":\"WebPage\",\"@id\":\"https:\/\/skaitytaknyga.lt\/produktas\/mirtis-ir-truputis-meiles\/\",\"url\":\"https:\/\/skaitytaknyga.lt\/produktas\/mirtis-ir-truputis-meiles\/\",\"name\":\"Mirtis ir truputis meil\u0117s\",\"isPartOf\":{\"@id\":\"https:\/\/skaitytaknyga.lt\/#website\"},\"primaryImageOfPage\":{\"@id\":\"https:\/\/skaitytaknyga.lt\/produktas\/mirtis-ir-truputis-meiles\/#primaryimage\"},\"image\":{\"@id\":\"https:\/\/skaitytaknyga.lt\/produktas\/mirtis-ir-truputis-meiles\/#primaryimage\"},\"thumbnailUrl\":\"https:\/\/skaitytaknyga.lt\/wp-content\/uploads\/2025\/09\/Mirtis-ir-truputis-meiles.webp\",\"datePublished\":\"2025-09-20T16:12:48+00:00\",\"dateModified\":\"2025-10-06T09:57:14+00:00\",\"description\":\"Pagaliau Petrovkos kriminalinio skyriaus analitik\u0117 Nastia Kamenskaja nugali save ir ry\u017etasi i\u0161tek\u0117ti. Gegu\u017e\u0117s 13 dien\u0105 viename i\u0161 Maskvos civilin\u0117s\",\"breadcrumb\":{\"@id\":\"https:\/\/skaitytaknyga.lt\/produktas\/mirtis-ir-truputis-meiles\/#breadcrumb\"},\"inLanguage\":\"en-GB\",\"potentialAction\":[{\"@type\":\"ReadAction\",\"target\":[\"https:\/\/skaitytaknyga.lt\/produktas\/mirtis-ir-truputis-meiles\/\"]}]},{\"@type\":\"ImageObject\",\"inLanguage\":\"en-GB\",\"@id\":\"https:\/\/skaitytaknyga.lt\/produktas\/mirtis-ir-truputis-meiles\/#primaryimage\",\"url\":\"https:\/\/skaitytaknyga.lt\/wp-content\/uploads\/2025\/09\/Mirtis-ir-truputis-meiles.webp\",\"contentUrl\":\"https:\/\/skaitytaknyga.lt\/wp-content\/uploads\/2025\/09\/Mirtis-ir-truputis-meiles.webp\",\"width\":300,\"height\":488,\"caption\":\"Mirtis ir truputis meil\u0117s\"},{\"@type\":\"BreadcrumbList\",\"@id\":\"https:\/\/skaitytaknyga.lt\/produktas\/mirtis-ir-truputis-meiles\/#breadcrumb\",\"itemListElement\":[{\"@type\":\"ListItem\",\"position\":1,\"name\":\"Home\",\"item\":\"https:\/\/skaitytaknyga.lt\/\"},{\"@type\":\"ListItem\",\"position\":2,\"name\":\"Parduotuv\u0117\",\"item\":\"https:\/\/skaitytaknyga.lt\/knygu-parduotuve\/\"},{\"@type\":\"ListItem\",\"position\":3,\"name\":\"Mirtis ir truputis meil\u0117s\"}]},{\"@type\":\"WebSite\",\"@id\":\"https:\/\/skaitytaknyga.lt\/#website\",\"url\":\"https:\/\/skaitytaknyga.lt\/\",\"name\":\"skaitytaknyga.lt\",\"description\":\"Skaitytaknyga.lt \u2013 tai ma\u017eas \u0161eimos verslas, kuris prasid\u0117jo nuo meil\u0117s knygoms ir siekio i\u0161gelb\u0117ti knygas nuo likimo prie konteinerio. Kas vienam nereikalingas daiktas \u2013 kitam lobis, o mes esame tarpininkai, kurie padeda abiems tapti laimingesniems ???? \u017dinome kaip nelengva i\u0161gyventi ma\u017eiems verslams, tad nuo \u0161iol, \u010dia rasite ir kit\u0173, ma\u017e\u0173 \u0161eim\u0173 versl\u0173, rank\u0173 darbo, dovan\u0173 sau ir artimiesiems.\",\"publisher\":{\"@id\":\"https:\/\/skaitytaknyga.lt\/#organization\"},\"potentialAction\":[{\"@type\":\"SearchAction\",\"target\":{\"@type\":\"EntryPoint\",\"urlTemplate\":\"https:\/\/skaitytaknyga.lt\/?s={search_term_string}\"},\"query-input\":{\"@type\":\"PropertyValueSpecification\",\"valueRequired\":true,\"valueName\":\"search_term_string\"}}],\"inLanguage\":\"en-GB\"},{\"@type\":\"Organization\",\"@id\":\"https:\/\/skaitytaknyga.lt\/#organization\",\"name\":\"skaitytaknyga.lt\",\"url\":\"https:\/\/skaitytaknyga.lt\/\",\"logo\":{\"@type\":\"ImageObject\",\"inLanguage\":\"en-GB\",\"@id\":\"https:\/\/skaitytaknyga.lt\/#\/schema\/logo\/image\/\",\"url\":\"https:\/\/skaitytaknyga.lt\/wp-content\/uploads\/2024\/05\/cropped-cropped-cropped-02_00843_jt3bggkj1j3HLc7SyY6rEUpg.jpeg\",\"contentUrl\":\"https:\/\/skaitytaknyga.lt\/wp-content\/uploads\/2024\/05\/cropped-cropped-cropped-02_00843_jt3bggkj1j3HLc7SyY6rEUpg.jpeg\",\"width\":1600,\"height\":1600,\"caption\":\"skaitytaknyga.lt\"},\"image\":{\"@id\":\"https:\/\/skaitytaknyga.lt\/#\/schema\/logo\/image\/\"},\"sameAs\":[\"https:\/\/www.facebook.com\/skaitytaknyga\/\"]}]}<\/script>\n<!-- \/ Yoast SEO plugin. -->","yoast_head_json":{"title":"Mirtis ir truputis meil\u0117s","description":"Pagaliau Petrovkos kriminalinio skyriaus analitik\u0117 Nastia Kamenskaja nugali save ir ry\u017etasi i\u0161tek\u0117ti. Gegu\u017e\u0117s 13 dien\u0105 viename i\u0161 Maskvos civilin\u0117s","robots":{"index":"index","follow":"follow","max-snippet":"max-snippet:-1","max-image-preview":"max-image-preview:large","max-video-preview":"max-video-preview:-1"},"canonical":"https:\/\/skaitytaknyga.lt\/en\/produktas\/mirtis-ir-truputis-meiles\/","og_locale":"en_GB","og_type":"article","og_title":"[:lt]Mirtis ir truputis meil\u0117s[:] - Skaitytaknyga","og_description":"Pagaliau Petrovkos kriminalinio skyriaus analitik\u0117 Nastia Kamenskaja nugali save ir ry\u017etasi i\u0161tek\u0117ti. Gegu\u017e\u0117s 13 dien\u0105 viename i\u0161 Maskvos civilin\u0117s","og_url":"https:\/\/skaitytaknyga.lt\/en\/produktas\/mirtis-ir-truputis-meiles\/","og_site_name":"Skaitytaknyga","article_publisher":"https:\/\/www.facebook.com\/skaitytaknyga\/","article_modified_time":"2025-10-06T09:57:14+00:00","og_image":[{"width":300,"height":488,"url":"https:\/\/skaitytaknyga.lt\/wp-content\/uploads\/2025\/09\/Mirtis-ir-truputis-meiles.webp","type":"image\/webp"}],"twitter_card":"summary_large_image","schema":{"@context":"https:\/\/schema.org","@graph":[{"@type":"WebPage","@id":"https:\/\/skaitytaknyga.lt\/produktas\/mirtis-ir-truputis-meiles\/","url":"https:\/\/skaitytaknyga.lt\/produktas\/mirtis-ir-truputis-meiles\/","name":"Mirtis ir truputis meil\u0117s","isPartOf":{"@id":"https:\/\/skaitytaknyga.lt\/#website"},"primaryImageOfPage":{"@id":"https:\/\/skaitytaknyga.lt\/produktas\/mirtis-ir-truputis-meiles\/#primaryimage"},"image":{"@id":"https:\/\/skaitytaknyga.lt\/produktas\/mirtis-ir-truputis-meiles\/#primaryimage"},"thumbnailUrl":"https:\/\/skaitytaknyga.lt\/wp-content\/uploads\/2025\/09\/Mirtis-ir-truputis-meiles.webp","datePublished":"2025-09-20T16:12:48+00:00","dateModified":"2025-10-06T09:57:14+00:00","description":"Pagaliau Petrovkos kriminalinio skyriaus analitik\u0117 Nastia Kamenskaja nugali save ir ry\u017etasi i\u0161tek\u0117ti. Gegu\u017e\u0117s 13 dien\u0105 viename i\u0161 Maskvos civilin\u0117s","breadcrumb":{"@id":"https:\/\/skaitytaknyga.lt\/produktas\/mirtis-ir-truputis-meiles\/#breadcrumb"},"inLanguage":"en-GB","potentialAction":[{"@type":"ReadAction","target":["https:\/\/skaitytaknyga.lt\/produktas\/mirtis-ir-truputis-meiles\/"]}]},{"@type":"ImageObject","inLanguage":"en-GB","@id":"https:\/\/skaitytaknyga.lt\/produktas\/mirtis-ir-truputis-meiles\/#primaryimage","url":"https:\/\/skaitytaknyga.lt\/wp-content\/uploads\/2025\/09\/Mirtis-ir-truputis-meiles.webp","contentUrl":"https:\/\/skaitytaknyga.lt\/wp-content\/uploads\/2025\/09\/Mirtis-ir-truputis-meiles.webp","width":300,"height":488,"caption":"Mirtis ir truputis meil\u0117s"},{"@type":"BreadcrumbList","@id":"https:\/\/skaitytaknyga.lt\/produktas\/mirtis-ir-truputis-meiles\/#breadcrumb","itemListElement":[{"@type":"ListItem","position":1,"name":"Home","item":"https:\/\/skaitytaknyga.lt\/"},{"@type":"ListItem","position":2,"name":"Parduotuv\u0117","item":"https:\/\/skaitytaknyga.lt\/knygu-parduotuve\/"},{"@type":"ListItem","position":3,"name":"Mirtis ir truputis meil\u0117s"}]},{"@type":"WebSite","@id":"https:\/\/skaitytaknyga.lt\/#website","url":"https:\/\/skaitytaknyga.lt\/","name":"skaitytaknyga.lt","description":"Skaitytaknyga.lt \u2013 tai ma\u017eas \u0161eimos verslas, kuris prasid\u0117jo nuo meil\u0117s knygoms ir siekio i\u0161gelb\u0117ti knygas nuo likimo prie konteinerio. Kas vienam nereikalingas daiktas \u2013 kitam lobis, o mes esame tarpininkai, kurie padeda abiems tapti laimingesniems ???? \u017dinome kaip nelengva i\u0161gyventi ma\u017eiems verslams, tad nuo \u0161iol, \u010dia rasite ir kit\u0173, ma\u017e\u0173 \u0161eim\u0173 versl\u0173, rank\u0173 darbo, dovan\u0173 sau ir artimiesiems.","publisher":{"@id":"https:\/\/skaitytaknyga.lt\/#organization"},"potentialAction":[{"@type":"SearchAction","target":{"@type":"EntryPoint","urlTemplate":"https:\/\/skaitytaknyga.lt\/?s={search_term_string}"},"query-input":{"@type":"PropertyValueSpecification","valueRequired":true,"valueName":"search_term_string"}}],"inLanguage":"en-GB"},{"@type":"Organization","@id":"https:\/\/skaitytaknyga.lt\/#organization","name":"skaitytaknyga.lt","url":"https:\/\/skaitytaknyga.lt\/","logo":{"@type":"ImageObject","inLanguage":"en-GB","@id":"https:\/\/skaitytaknyga.lt\/#\/schema\/logo\/image\/","url":"https:\/\/skaitytaknyga.lt\/wp-content\/uploads\/2024\/05\/cropped-cropped-cropped-02_00843_jt3bggkj1j3HLc7SyY6rEUpg.jpeg","contentUrl":"https:\/\/skaitytaknyga.lt\/wp-content\/uploads\/2024\/05\/cropped-cropped-cropped-02_00843_jt3bggkj1j3HLc7SyY6rEUpg.jpeg","width":1600,"height":1600,"caption":"skaitytaknyga.lt"},"image":{"@id":"https:\/\/skaitytaknyga.lt\/#\/schema\/logo\/image\/"},"sameAs":["https:\/\/www.facebook.com\/skaitytaknyga\/"]}]}},"_links":{"self":[{"href":"https:\/\/skaitytaknyga.lt\/en\/wp-json\/wp\/v2\/product\/20966","targetHints":{"allow":["GET"]}}],"collection":[{"href":"https:\/\/skaitytaknyga.lt\/en\/wp-json\/wp\/v2\/product"}],"about":[{"href":"https:\/\/skaitytaknyga.lt\/en\/wp-json\/wp\/v2\/types\/product"}],"replies":[{"embeddable":true,"href":"https:\/\/skaitytaknyga.lt\/en\/wp-json\/wp\/v2\/comments?post=20966"}],"wp:featuredmedia":[{"embeddable":true,"href":"https:\/\/skaitytaknyga.lt\/en\/wp-json\/wp\/v2\/media\/20971"}],"wp:attachment":[{"href":"https:\/\/skaitytaknyga.lt\/en\/wp-json\/wp\/v2\/media?parent=20966"}],"wp:term":[{"taxonomy":"product_brand","embeddable":true,"href":"https:\/\/skaitytaknyga.lt\/en\/wp-json\/wp\/v2\/product_brand?post=20966"},{"taxonomy":"product_cat","embeddable":true,"href":"https:\/\/skaitytaknyga.lt\/en\/wp-json\/wp\/v2\/product_cat?post=20966"},{"taxonomy":"product_tag","embeddable":true,"href":"https:\/\/skaitytaknyga.lt\/en\/wp-json\/wp\/v2\/product_tag?post=20966"}],"curies":[{"name":"wp","href":"https:\/\/api.w.org\/{rel}","templated":true}]}}