{"id":20955,"date":"2025-09-19T08:57:33","date_gmt":"2025-09-19T05:57:33","guid":{"rendered":"https:\/\/skaitytaknyga.lt\/?post_type=product&#038;p=20955"},"modified":"2025-10-06T12:57:14","modified_gmt":"2025-10-06T09:57:14","slug":"kolekcioniere","status":"publish","type":"product","link":"https:\/\/skaitytaknyga.lt\/en\/produktas\/kolekcioniere\/","title":{"rendered":"Kolekcionier\u0117"},"content":{"rendered":"<p>\u201eKolekcionier\u0117\u201c \u2013 The New York Times perkamiausios autor\u0117s Noros Roberts naujas romanas apie moter\u012f, kuriai nieko nereikia, vyr\u0105, kuris viskuo r\u016bpinasi, ir apgavys\u010di\u0173, gob\u0161umo bei pavoj\u0173 tinkl\u0105, kuris juos suveda \u2014 ir gali i\u0161skirti&#8230;<\/p>\n<p>Kai profesionali nam\u0173 pri\u017ei\u016br\u0117toja Lila Emerson pri\u017ei\u016br\u0117dama eilin\u012f but\u0105 tampa nu\u017eudymo ar savi\u017eudyb\u0117s liudininke, jos \u012fprastas gyvenimas apsiver\u010dia auk\u0161tyn kojomis. Staiga moteris, neturinti joki\u0173 nuolatini\u0173 sait\u0173, pasijunta beveik trok\u0161tanti pastovumo&#8230;<\/p>\n<p>Dailininkas E\u0161tonas Ar\u010deris \u017eino, kad jo brolis nepakelt\u0173 rankos nei prie\u0161 save, nei prie\u0161 kitus. Jis \u012fkalba Lil\u0105, vienintel\u0119 liudinink\u0119, pad\u0117ti i\u0161siai\u0161kinti, kas atsitiko. E\u0161o tro\u0161kimas nutapyti j\u0105 yra toks pat stiprus kaip geismas j\u0105 paliesti. Ta\u010diau tyrimas \u012fsuka juos \u012f i\u0161rinkt\u0173j\u0173 rat\u0105, kuriame perkamos, parduodamos, pralo\u0161iamos bei vagiamos ne\u012fkainojamos vertyb\u0117s, kuriame tai, k\u0105 turi, parodo, kas esi, o tai, ko trok\u0161ti, tampa pavojinga manija&#8230;<\/p>\n","protected":false},"excerpt":{"rendered":"<p>\u201eKolekcionier\u0117\u201c \u2013 The New York Times perkamiausios autor\u0117s Noros Roberts naujas romanas apie moter\u012f, kuriai nieko nereikia, vyr\u0105, kuris viskuo r\u016bpinasi, ir apgavys\u010di\u0173, gob\u0161umo bei pavoj\u0173 tinkl\u0105, kuris juos suveda \u2014 ir gali i\u0161skirti&#8230; Kai profesionali nam\u0173 pri\u017ei\u016br\u0117toja Lila Emerson pri\u017ei\u016br\u0117dama eilin\u012f but\u0105 tampa nu\u017eudymo ar savi\u017eudyb\u0117s liudininke, jos \u012fprastas gyvenimas apsiver\u010dia auk\u0161tyn kojomis. Staiga moteris, neturinti joki\u0173 nuolatini\u0173 sait\u0173, pasijunta beveik trok\u0161tanti pastovumo&#8230; Dailininkas E\u0161tonas Ar\u010deris \u017eino, kad jo brolis nepakelt\u0173 rankos nei prie\u0161 save, nei prie\u0161 kitus. Jis \u012fkalba Lil\u0105, vienintel\u0119 liudinink\u0119, pad\u0117ti i\u0161siai\u0161kinti, kas atsitiko. E\u0161o tro\u0161kimas nutapyti j\u0105 yra toks pat stiprus kaip geismas j\u0105 paliesti. Ta\u010diau tyrimas \u012fsuka juos \u012f i\u0161rinkt\u0173j\u0173 rat\u0105, kuriame perkamos, parduodamos, pralo\u0161iamos bei vagiamos ne\u012fkainojamos vertyb\u0117s, kuriame tai, k\u0105 turi, parodo, kas esi, o tai, ko trok\u0161ti, tampa pavojinga manija&#8230;<\/p>\n","protected":false},"featured_media":20965,"comment_status":"open","ping_status":"closed","template":"","meta":{"_acf_changed":false,"site-sidebar-layout":"default","site-content-layout":"","ast-site-content-layout":"default","site-content-style":"default","site-sidebar-style":"default","ast-global-header-display":"","ast-banner-title-visibility":"","ast-main-header-display":"","ast-hfb-above-header-display":"","ast-hfb-below-header-display":"","ast-hfb-mobile-header-display":"","site-post-title":"","ast-breadcrumbs-content":"","ast-featured-img":"","footer-sml-layout":"","ast-disable-related-posts":"","theme-transparent-header-meta":"","adv-header-id-meta":"","stick-header-meta":"","header-above-stick-meta":"","header-main-stick-meta":"","header-below-stick-meta":"","astra-migrate-meta-layouts":"default","ast-page-background-enabled":"default","ast-page-background-meta":{"desktop":{"background-color":"","background-image":"","background-repeat":"repeat","background-position":"center center","background-size":"auto","background-attachment":"scroll","background-type":"","background-media":"","overlay-type":"","overlay-color":"","overlay-opacity":"","overlay-gradient":""},"tablet":{"background-color":"","background-image":"","background-repeat":"repeat","background-position":"center center","background-size":"auto","background-attachment":"scroll","background-type":"","background-media":"","overlay-type":"","overlay-color":"","overlay-opacity":"","overlay-gradient":""},"mobile":{"background-color":"","background-image":"","background-repeat":"repeat","background-position":"center center","background-size":"auto","background-attachment":"scroll","background-type":"","background-media":"","overlay-type":"","overlay-color":"","overlay-opacity":"","overlay-gradient":""}},"ast-content-background-meta":{"desktop":{"background-color":"var(--ast-global-color-4)","background-image":"","background-repeat":"repeat","background-position":"center center","background-size":"auto","background-attachment":"scroll","background-type":"","background-media":"","overlay-type":"","overlay-color":"","overlay-opacity":"","overlay-gradient":""},"tablet":{"background-color":"var(--ast-global-color-4)","background-image":"","background-repeat":"repeat","background-position":"center center","background-size":"auto","background-attachment":"scroll","background-type":"","background-media":"","overlay-type":"","overlay-color":"","overlay-opacity":"","overlay-gradient":""},"mobile":{"background-color":"var(--ast-global-color-4)","background-image":"","background-repeat":"repeat","background-position":"center center","background-size":"auto","background-attachment":"scroll","background-type":"","background-media":"","overlay-type":"","overlay-color":"","overlay-opacity":"","overlay-gradient":""}}},"product_brand":[],"product_cat":[31],"product_tag":[8506,8509,8508,8507,8505,1451,1478,8510,3145,1514],"class_list":{"0":"post-20955","1":"product","2":"type-product","3":"status-publish","4":"has-post-thumbnail","6":"product_cat-grozine-literatura","7":"product_tag-apgavystes","8":"product_tag-geismas","9":"product_tag-liudininke","10":"product_tag-namu-priziuretoja","11":"product_tag-nora-roberts-kolekcioniere","12":"product_tag-nuotykiai","13":"product_tag-paslaptys","14":"product_tag-pavojinga-manija","15":"product_tag-pavojus","16":"product_tag-vertybes","17":"desktop-align-left","18":"tablet-align-left","19":"mobile-align-left","21":"first","22":"instock","23":"shipping-taxable","24":"purchasable","25":"product-type-simple"},"acf":[],"yoast_head":"<!-- This site is optimized with the Yoast SEO plugin v27.0 - https:\/\/yoast.com\/product\/yoast-seo-wordpress\/ -->\n<title>Kolekcionier\u0117<\/title>\n<meta name=\"description\" content=\"\u201eKolekcionier\u0117\u201c \u2013 The New York Times perkamiausios autor\u0117s Noros Roberts naujas romanas apie moter\u012f, kuriai nieko nereikia, vyr\u0105, kuris viskuo r\u016bpinasi,\" \/>\n<meta name=\"robots\" content=\"index, follow, max-snippet:-1, max-image-preview:large, max-video-preview:-1\" \/>\n<link rel=\"canonical\" href=\"https:\/\/skaitytaknyga.lt\/en\/produktas\/kolekcioniere\/\" \/>\n<meta property=\"og:locale\" content=\"en_GB\" \/>\n<meta property=\"og:locale:alternate\" content=\"lt_LT\" \/>\n<meta property=\"og:type\" content=\"article\" \/>\n<meta property=\"og:title\" content=\"Kolekcionier\u0117\" \/>\n<meta property=\"og:description\" content=\"\u201eKolekcionier\u0117\u201c \u2013 The New York Times perkamiausios autor\u0117s Noros Roberts naujas romanas apie moter\u012f, kuriai nieko nereikia, vyr\u0105, kuris viskuo r\u016bpinasi,\" \/>\n<meta property=\"og:url\" content=\"https:\/\/skaitytaknyga.lt\/en\/produktas\/kolekcioniere\/\" \/>\n<meta property=\"og:site_name\" content=\"Skaitytaknyga\" \/>\n<meta property=\"article:publisher\" content=\"https:\/\/www.facebook.com\/skaitytaknyga\/\" \/>\n<meta property=\"article:modified_time\" content=\"2025-10-06T09:57:14+00:00\" \/>\n<meta property=\"og:image\" content=\"https:\/\/skaitytaknyga.lt\/wp-content\/uploads\/2025\/09\/Kolekcioniere-1.webp\" \/>\n\t<meta property=\"og:image:width\" content=\"300\" \/>\n\t<meta property=\"og:image:height\" content=\"411\" \/>\n\t<meta property=\"og:image:type\" content=\"image\/webp\" \/>\n<meta name=\"twitter:card\" content=\"summary_large_image\" \/>\n<meta name=\"twitter:label1\" content=\"Estimated reading time\" \/>\n\t<meta name=\"twitter:data1\" content=\"1 minute\" \/>\n<script type=\"application\/ld+json\" class=\"yoast-schema-graph\">{\"@context\":\"https:\/\/schema.org\",\"@graph\":[{\"@type\":\"WebPage\",\"@id\":\"https:\/\/skaitytaknyga.lt\/produktas\/kolekcioniere\/\",\"url\":\"https:\/\/skaitytaknyga.lt\/produktas\/kolekcioniere\/\",\"name\":\"Kolekcionier\u0117\",\"isPartOf\":{\"@id\":\"https:\/\/skaitytaknyga.lt\/#website\"},\"primaryImageOfPage\":{\"@id\":\"https:\/\/skaitytaknyga.lt\/produktas\/kolekcioniere\/#primaryimage\"},\"image\":{\"@id\":\"https:\/\/skaitytaknyga.lt\/produktas\/kolekcioniere\/#primaryimage\"},\"thumbnailUrl\":\"https:\/\/skaitytaknyga.lt\/wp-content\/uploads\/2025\/09\/Kolekcioniere-1.webp\",\"datePublished\":\"2025-09-19T05:57:33+00:00\",\"dateModified\":\"2025-10-06T09:57:14+00:00\",\"description\":\"\u201eKolekcionier\u0117\u201c \u2013 The New York Times perkamiausios autor\u0117s Noros Roberts naujas romanas apie moter\u012f, kuriai nieko nereikia, vyr\u0105, kuris viskuo r\u016bpinasi,\",\"breadcrumb\":{\"@id\":\"https:\/\/skaitytaknyga.lt\/produktas\/kolekcioniere\/#breadcrumb\"},\"inLanguage\":\"en-GB\",\"potentialAction\":[{\"@type\":\"ReadAction\",\"target\":[\"https:\/\/skaitytaknyga.lt\/produktas\/kolekcioniere\/\"]}]},{\"@type\":\"ImageObject\",\"inLanguage\":\"en-GB\",\"@id\":\"https:\/\/skaitytaknyga.lt\/produktas\/kolekcioniere\/#primaryimage\",\"url\":\"https:\/\/skaitytaknyga.lt\/wp-content\/uploads\/2025\/09\/Kolekcioniere-1.webp\",\"contentUrl\":\"https:\/\/skaitytaknyga.lt\/wp-content\/uploads\/2025\/09\/Kolekcioniere-1.webp\",\"width\":300,\"height\":411,\"caption\":\"Kolekcionier\u0117\"},{\"@type\":\"BreadcrumbList\",\"@id\":\"https:\/\/skaitytaknyga.lt\/produktas\/kolekcioniere\/#breadcrumb\",\"itemListElement\":[{\"@type\":\"ListItem\",\"position\":1,\"name\":\"Home\",\"item\":\"https:\/\/skaitytaknyga.lt\/\"},{\"@type\":\"ListItem\",\"position\":2,\"name\":\"Parduotuv\u0117\",\"item\":\"https:\/\/skaitytaknyga.lt\/knygu-parduotuve\/\"},{\"@type\":\"ListItem\",\"position\":3,\"name\":\"Kolekcionier\u0117\"}]},{\"@type\":\"WebSite\",\"@id\":\"https:\/\/skaitytaknyga.lt\/#website\",\"url\":\"https:\/\/skaitytaknyga.lt\/\",\"name\":\"skaitytaknyga.lt\",\"description\":\"Skaitytaknyga.lt \u2013 tai ma\u017eas \u0161eimos verslas, kuris prasid\u0117jo nuo meil\u0117s knygoms ir siekio i\u0161gelb\u0117ti knygas nuo likimo prie konteinerio. Kas vienam nereikalingas daiktas \u2013 kitam lobis, o mes esame tarpininkai, kurie padeda abiems tapti laimingesniems ???? \u017dinome kaip nelengva i\u0161gyventi ma\u017eiems verslams, tad nuo \u0161iol, \u010dia rasite ir kit\u0173, ma\u017e\u0173 \u0161eim\u0173 versl\u0173, rank\u0173 darbo, dovan\u0173 sau ir artimiesiems.\",\"publisher\":{\"@id\":\"https:\/\/skaitytaknyga.lt\/#organization\"},\"potentialAction\":[{\"@type\":\"SearchAction\",\"target\":{\"@type\":\"EntryPoint\",\"urlTemplate\":\"https:\/\/skaitytaknyga.lt\/?s={search_term_string}\"},\"query-input\":{\"@type\":\"PropertyValueSpecification\",\"valueRequired\":true,\"valueName\":\"search_term_string\"}}],\"inLanguage\":\"en-GB\"},{\"@type\":\"Organization\",\"@id\":\"https:\/\/skaitytaknyga.lt\/#organization\",\"name\":\"skaitytaknyga.lt\",\"url\":\"https:\/\/skaitytaknyga.lt\/\",\"logo\":{\"@type\":\"ImageObject\",\"inLanguage\":\"en-GB\",\"@id\":\"https:\/\/skaitytaknyga.lt\/#\/schema\/logo\/image\/\",\"url\":\"https:\/\/skaitytaknyga.lt\/wp-content\/uploads\/2024\/05\/cropped-cropped-cropped-02_00843_jt3bggkj1j3HLc7SyY6rEUpg.jpeg\",\"contentUrl\":\"https:\/\/skaitytaknyga.lt\/wp-content\/uploads\/2024\/05\/cropped-cropped-cropped-02_00843_jt3bggkj1j3HLc7SyY6rEUpg.jpeg\",\"width\":1600,\"height\":1600,\"caption\":\"skaitytaknyga.lt\"},\"image\":{\"@id\":\"https:\/\/skaitytaknyga.lt\/#\/schema\/logo\/image\/\"},\"sameAs\":[\"https:\/\/www.facebook.com\/skaitytaknyga\/\"]}]}<\/script>\n<!-- \/ Yoast SEO plugin. -->","yoast_head_json":{"title":"Kolekcionier\u0117","description":"\u201eKolekcionier\u0117\u201c \u2013 The New York Times perkamiausios autor\u0117s Noros Roberts naujas romanas apie moter\u012f, kuriai nieko nereikia, vyr\u0105, kuris viskuo r\u016bpinasi,","robots":{"index":"index","follow":"follow","max-snippet":"max-snippet:-1","max-image-preview":"max-image-preview:large","max-video-preview":"max-video-preview:-1"},"canonical":"https:\/\/skaitytaknyga.lt\/en\/produktas\/kolekcioniere\/","og_locale":"en_GB","og_type":"article","og_title":"[:lt]Kolekcionier\u0117[:] - Skaitytaknyga","og_description":"\u201eKolekcionier\u0117\u201c \u2013 The New York Times perkamiausios autor\u0117s Noros Roberts naujas romanas apie moter\u012f, kuriai nieko nereikia, vyr\u0105, kuris viskuo r\u016bpinasi,","og_url":"https:\/\/skaitytaknyga.lt\/en\/produktas\/kolekcioniere\/","og_site_name":"Skaitytaknyga","article_publisher":"https:\/\/www.facebook.com\/skaitytaknyga\/","article_modified_time":"2025-10-06T09:57:14+00:00","og_image":[{"width":300,"height":411,"url":"https:\/\/skaitytaknyga.lt\/wp-content\/uploads\/2025\/09\/Kolekcioniere-1.webp","type":"image\/webp"}],"twitter_card":"summary_large_image","twitter_misc":{"Estimated reading time":"1 minute"},"schema":{"@context":"https:\/\/schema.org","@graph":[{"@type":"WebPage","@id":"https:\/\/skaitytaknyga.lt\/produktas\/kolekcioniere\/","url":"https:\/\/skaitytaknyga.lt\/produktas\/kolekcioniere\/","name":"Kolekcionier\u0117","isPartOf":{"@id":"https:\/\/skaitytaknyga.lt\/#website"},"primaryImageOfPage":{"@id":"https:\/\/skaitytaknyga.lt\/produktas\/kolekcioniere\/#primaryimage"},"image":{"@id":"https:\/\/skaitytaknyga.lt\/produktas\/kolekcioniere\/#primaryimage"},"thumbnailUrl":"https:\/\/skaitytaknyga.lt\/wp-content\/uploads\/2025\/09\/Kolekcioniere-1.webp","datePublished":"2025-09-19T05:57:33+00:00","dateModified":"2025-10-06T09:57:14+00:00","description":"\u201eKolekcionier\u0117\u201c \u2013 The New York Times perkamiausios autor\u0117s Noros Roberts naujas romanas apie moter\u012f, kuriai nieko nereikia, vyr\u0105, kuris viskuo r\u016bpinasi,","breadcrumb":{"@id":"https:\/\/skaitytaknyga.lt\/produktas\/kolekcioniere\/#breadcrumb"},"inLanguage":"en-GB","potentialAction":[{"@type":"ReadAction","target":["https:\/\/skaitytaknyga.lt\/produktas\/kolekcioniere\/"]}]},{"@type":"ImageObject","inLanguage":"en-GB","@id":"https:\/\/skaitytaknyga.lt\/produktas\/kolekcioniere\/#primaryimage","url":"https:\/\/skaitytaknyga.lt\/wp-content\/uploads\/2025\/09\/Kolekcioniere-1.webp","contentUrl":"https:\/\/skaitytaknyga.lt\/wp-content\/uploads\/2025\/09\/Kolekcioniere-1.webp","width":300,"height":411,"caption":"Kolekcionier\u0117"},{"@type":"BreadcrumbList","@id":"https:\/\/skaitytaknyga.lt\/produktas\/kolekcioniere\/#breadcrumb","itemListElement":[{"@type":"ListItem","position":1,"name":"Home","item":"https:\/\/skaitytaknyga.lt\/"},{"@type":"ListItem","position":2,"name":"Parduotuv\u0117","item":"https:\/\/skaitytaknyga.lt\/knygu-parduotuve\/"},{"@type":"ListItem","position":3,"name":"Kolekcionier\u0117"}]},{"@type":"WebSite","@id":"https:\/\/skaitytaknyga.lt\/#website","url":"https:\/\/skaitytaknyga.lt\/","name":"skaitytaknyga.lt","description":"Skaitytaknyga.lt \u2013 tai ma\u017eas \u0161eimos verslas, kuris prasid\u0117jo nuo meil\u0117s knygoms ir siekio i\u0161gelb\u0117ti knygas nuo likimo prie konteinerio. Kas vienam nereikalingas daiktas \u2013 kitam lobis, o mes esame tarpininkai, kurie padeda abiems tapti laimingesniems ???? \u017dinome kaip nelengva i\u0161gyventi ma\u017eiems verslams, tad nuo \u0161iol, \u010dia rasite ir kit\u0173, ma\u017e\u0173 \u0161eim\u0173 versl\u0173, rank\u0173 darbo, dovan\u0173 sau ir artimiesiems.","publisher":{"@id":"https:\/\/skaitytaknyga.lt\/#organization"},"potentialAction":[{"@type":"SearchAction","target":{"@type":"EntryPoint","urlTemplate":"https:\/\/skaitytaknyga.lt\/?s={search_term_string}"},"query-input":{"@type":"PropertyValueSpecification","valueRequired":true,"valueName":"search_term_string"}}],"inLanguage":"en-GB"},{"@type":"Organization","@id":"https:\/\/skaitytaknyga.lt\/#organization","name":"skaitytaknyga.lt","url":"https:\/\/skaitytaknyga.lt\/","logo":{"@type":"ImageObject","inLanguage":"en-GB","@id":"https:\/\/skaitytaknyga.lt\/#\/schema\/logo\/image\/","url":"https:\/\/skaitytaknyga.lt\/wp-content\/uploads\/2024\/05\/cropped-cropped-cropped-02_00843_jt3bggkj1j3HLc7SyY6rEUpg.jpeg","contentUrl":"https:\/\/skaitytaknyga.lt\/wp-content\/uploads\/2024\/05\/cropped-cropped-cropped-02_00843_jt3bggkj1j3HLc7SyY6rEUpg.jpeg","width":1600,"height":1600,"caption":"skaitytaknyga.lt"},"image":{"@id":"https:\/\/skaitytaknyga.lt\/#\/schema\/logo\/image\/"},"sameAs":["https:\/\/www.facebook.com\/skaitytaknyga\/"]}]}},"_links":{"self":[{"href":"https:\/\/skaitytaknyga.lt\/en\/wp-json\/wp\/v2\/product\/20955","targetHints":{"allow":["GET"]}}],"collection":[{"href":"https:\/\/skaitytaknyga.lt\/en\/wp-json\/wp\/v2\/product"}],"about":[{"href":"https:\/\/skaitytaknyga.lt\/en\/wp-json\/wp\/v2\/types\/product"}],"replies":[{"embeddable":true,"href":"https:\/\/skaitytaknyga.lt\/en\/wp-json\/wp\/v2\/comments?post=20955"}],"wp:featuredmedia":[{"embeddable":true,"href":"https:\/\/skaitytaknyga.lt\/en\/wp-json\/wp\/v2\/media\/20965"}],"wp:attachment":[{"href":"https:\/\/skaitytaknyga.lt\/en\/wp-json\/wp\/v2\/media?parent=20955"}],"wp:term":[{"taxonomy":"product_brand","embeddable":true,"href":"https:\/\/skaitytaknyga.lt\/en\/wp-json\/wp\/v2\/product_brand?post=20955"},{"taxonomy":"product_cat","embeddable":true,"href":"https:\/\/skaitytaknyga.lt\/en\/wp-json\/wp\/v2\/product_cat?post=20955"},{"taxonomy":"product_tag","embeddable":true,"href":"https:\/\/skaitytaknyga.lt\/en\/wp-json\/wp\/v2\/product_tag?post=20955"}],"curies":[{"name":"wp","href":"https:\/\/api.w.org\/{rel}","templated":true}]}}