{"id":20954,"date":"2025-09-19T08:57:33","date_gmt":"2025-09-19T05:57:33","guid":{"rendered":"https:\/\/skaitytaknyga.lt\/?post_type=product&#038;p=20954"},"modified":"2025-10-17T19:14:35","modified_gmt":"2025-10-17T16:14:35","slug":"koriko-dukte-ir-juodasis-vienuolis","status":"publish","type":"product","link":"https:\/\/skaitytaknyga.lt\/en\/produktas\/koriko-dukte-ir-juodasis-vienuolis\/","title":{"rendered":"Koriko dukt\u0117 ir juodasis vienuolis"},"content":{"rendered":"<p>P\u016bga juosmen\u012f siekian\u010diu kilimu u\u017ekloja snaud\u017eiant\u012f Bavarijos Alpi\u0173 kaimel\u012f ir \u012fkalina visus namuose t\u0105 vakar\u0105, kai pastorius \u012fsitikina suvalg\u0119s u\u017enuodyto maisto. Jausdamas, kaip paraly\u017eius kyla k\u016bnu, \u0161ventikas paskutin\u0117mis valios pastangomis gr\u012f\u017eta \u012f ba\u017eny\u010di\u0105 ir nubrai\u017eo \u0161erk\u0161ne paslapting\u0105 \u017eenkl\u0105&#8230;<br \/>\nI\u0161siai\u0161kinti, k\u0105 rei\u0161kia apvestas lotyni\u0161kas u\u017era\u0161as ir kas u\u017enuodijo \u0161eiminink\u0117s paliktas spurgas, imasi pastoriaus sesuo su budeliu Jakobu Kuizelu, sumania jo dukra Magdalena ir jos garbintoju, gydytojo s\u016bnumi Simonu. Keli\u0173 m\u012fsli\u0173 \u012fminimas atves tyr\u0117jus pas senov\u0117s tamplierius ir tariam\u0105 ordino lob\u012f. Vis d\u0117lto ne jie vieninteliai ie\u0161ko legendini\u0173 turt\u0173. Nuolat ant kuln\u0173 lipa pavojingi ir paslaptingi, lotyni\u0161kai \u0161e\u0161\u0117liuose besiku\u017edantys vienuoliai, kurie palieka na\u0161lai\u010di\u0173 kvap\u0105 ir auk\u0173 k\u016bnus&#8230;<\/p>\n","protected":false},"excerpt":{"rendered":"<p>P\u016bga juosmen\u012f siekian\u010diu kilimu u\u017ekloja snaud\u017eiant\u012f Bavarijos Alpi\u0173 kaimel\u012f ir \u012fkalina visus namuose t\u0105 vakar\u0105, kai pastorius \u012fsitikina suvalg\u0119s u\u017enuodyto maisto. Jausdamas, kaip paraly\u017eius kyla k\u016bnu, \u0161ventikas paskutin\u0117mis valios pastangomis gr\u012f\u017eta \u012f ba\u017eny\u010di\u0105 ir nubrai\u017eo \u0161erk\u0161ne paslapting\u0105 \u017eenkl\u0105&#8230; I\u0161siai\u0161kinti, k\u0105 rei\u0161kia apvestas lotyni\u0161kas u\u017era\u0161as ir kas u\u017enuodijo \u0161eiminink\u0117s paliktas spurgas, imasi pastoriaus sesuo su budeliu Jakobu Kuizelu, sumania jo dukra Magdalena ir jos garbintoju, gydytojo s\u016bnumi Simonu. Keli\u0173 m\u012fsli\u0173 \u012fminimas atves tyr\u0117jus pas senov\u0117s tamplierius ir tariam\u0105 ordino lob\u012f. Vis d\u0117lto ne jie vieninteliai ie\u0161ko legendini\u0173 turt\u0173. Nuolat ant kuln\u0173 lipa pavojingi ir paslaptingi, lotyni\u0161kai \u0161e\u0161\u0117liuose besiku\u017edantys vienuoliai, kurie palieka na\u0161lai\u010di\u0173 kvap\u0105 ir auk\u0173 k\u016bnus&#8230;<\/p>\n","protected":false},"featured_media":20964,"comment_status":"open","ping_status":"closed","template":"","meta":{"_acf_changed":false,"site-sidebar-layout":"default","site-content-layout":"","ast-site-content-layout":"default","site-content-style":"default","site-sidebar-style":"default","ast-global-header-display":"","ast-banner-title-visibility":"","ast-main-header-display":"","ast-hfb-above-header-display":"","ast-hfb-below-header-display":"","ast-hfb-mobile-header-display":"","site-post-title":"","ast-breadcrumbs-content":"","ast-featured-img":"","footer-sml-layout":"","ast-disable-related-posts":"","theme-transparent-header-meta":"","adv-header-id-meta":"","stick-header-meta":"","header-above-stick-meta":"","header-main-stick-meta":"","header-below-stick-meta":"","astra-migrate-meta-layouts":"default","ast-page-background-enabled":"default","ast-page-background-meta":{"desktop":{"background-color":"","background-image":"","background-repeat":"repeat","background-position":"center center","background-size":"auto","background-attachment":"scroll","background-type":"","background-media":"","overlay-type":"","overlay-color":"","overlay-opacity":"","overlay-gradient":""},"tablet":{"background-color":"","background-image":"","background-repeat":"repeat","background-position":"center center","background-size":"auto","background-attachment":"scroll","background-type":"","background-media":"","overlay-type":"","overlay-color":"","overlay-opacity":"","overlay-gradient":""},"mobile":{"background-color":"","background-image":"","background-repeat":"repeat","background-position":"center center","background-size":"auto","background-attachment":"scroll","background-type":"","background-media":"","overlay-type":"","overlay-color":"","overlay-opacity":"","overlay-gradient":""}},"ast-content-background-meta":{"desktop":{"background-color":"var(--ast-global-color-4)","background-image":"","background-repeat":"repeat","background-position":"center center","background-size":"auto","background-attachment":"scroll","background-type":"","background-media":"","overlay-type":"","overlay-color":"","overlay-opacity":"","overlay-gradient":""},"tablet":{"background-color":"var(--ast-global-color-4)","background-image":"","background-repeat":"repeat","background-position":"center center","background-size":"auto","background-attachment":"scroll","background-type":"","background-media":"","overlay-type":"","overlay-color":"","overlay-opacity":"","overlay-gradient":""},"mobile":{"background-color":"var(--ast-global-color-4)","background-image":"","background-repeat":"repeat","background-position":"center center","background-size":"auto","background-attachment":"scroll","background-type":"","background-media":"","overlay-type":"","overlay-color":"","overlay-opacity":"","overlay-gradient":""}}},"product_brand":[],"product_cat":[31],"product_tag":[3163,1664,8549,1478,4558,8504,8503,3244,6828],"class_list":{"0":"post-20954","1":"product","2":"type-product","3":"status-publish","4":"has-post-thumbnail","6":"product_cat-grozine-literatura","7":"product_tag-miestelis","8":"product_tag-nusikaltimai","9":"product_tag-oliver-potzsch","10":"product_tag-paslaptys","11":"product_tag-raganos","12":"product_tag-tamsus-veikejai","13":"product_tag-turtai","14":"product_tag-tyrimas","15":"product_tag-vienuoliai","16":"desktop-align-left","17":"tablet-align-left","18":"mobile-align-left","20":"first","21":"outofstock","22":"shipping-taxable","23":"purchasable","24":"product-type-simple"},"acf":[],"yoast_head":"<!-- This site is optimized with the Yoast SEO plugin v27.0 - https:\/\/yoast.com\/product\/yoast-seo-wordpress\/ -->\n<title>Koriko dukt\u0117 ir juodasis vienuolis<\/title>\n<meta name=\"description\" content=\"P\u016bga juosmen\u012f siekian\u010diu kilimu u\u017ekloja snaud\u017eiant\u012f Bavarijos Alpi\u0173 kaimel\u012f ir \u012fkalina visus namuose t\u0105 vakar\u0105, kai pastorius \u012fsitikina suvalg\u0119s u\u017enuodyto\" \/>\n<meta name=\"robots\" content=\"index, follow, max-snippet:-1, max-image-preview:large, max-video-preview:-1\" \/>\n<link rel=\"canonical\" href=\"https:\/\/skaitytaknyga.lt\/en\/produktas\/koriko-dukte-ir-juodasis-vienuolis\/\" \/>\n<meta property=\"og:locale\" content=\"en_GB\" \/>\n<meta property=\"og:locale:alternate\" content=\"lt_LT\" \/>\n<meta property=\"og:type\" content=\"article\" \/>\n<meta property=\"og:title\" content=\"Koriko dukt\u0117 ir juodasis vienuolis\" \/>\n<meta property=\"og:description\" content=\"P\u016bga juosmen\u012f siekian\u010diu kilimu u\u017ekloja snaud\u017eiant\u012f Bavarijos Alpi\u0173 kaimel\u012f ir \u012fkalina visus namuose t\u0105 vakar\u0105, kai pastorius \u012fsitikina suvalg\u0119s u\u017enuodyto\" \/>\n<meta property=\"og:url\" content=\"https:\/\/skaitytaknyga.lt\/en\/produktas\/koriko-dukte-ir-juodasis-vienuolis\/\" \/>\n<meta property=\"og:site_name\" content=\"Skaitytaknyga\" \/>\n<meta property=\"article:publisher\" content=\"https:\/\/www.facebook.com\/skaitytaknyga\/\" \/>\n<meta property=\"article:modified_time\" content=\"2025-10-17T16:14:35+00:00\" \/>\n<meta property=\"og:image\" content=\"https:\/\/skaitytaknyga.lt\/wp-content\/uploads\/2025\/09\/Koriko-dukte-ir-juodasis-vienuolis.webp\" \/>\n\t<meta property=\"og:image:width\" content=\"301\" \/>\n\t<meta property=\"og:image:height\" content=\"450\" \/>\n\t<meta property=\"og:image:type\" content=\"image\/webp\" \/>\n<meta name=\"twitter:card\" content=\"summary_large_image\" \/>\n<meta name=\"twitter:label1\" content=\"Estimated reading time\" \/>\n\t<meta name=\"twitter:data1\" content=\"1 minute\" \/>\n<script type=\"application\/ld+json\" class=\"yoast-schema-graph\">{\"@context\":\"https:\/\/schema.org\",\"@graph\":[{\"@type\":\"WebPage\",\"@id\":\"https:\/\/skaitytaknyga.lt\/produktas\/koriko-dukte-ir-juodasis-vienuolis\/\",\"url\":\"https:\/\/skaitytaknyga.lt\/produktas\/koriko-dukte-ir-juodasis-vienuolis\/\",\"name\":\"Koriko dukt\u0117 ir juodasis vienuolis\",\"isPartOf\":{\"@id\":\"https:\/\/skaitytaknyga.lt\/#website\"},\"primaryImageOfPage\":{\"@id\":\"https:\/\/skaitytaknyga.lt\/produktas\/koriko-dukte-ir-juodasis-vienuolis\/#primaryimage\"},\"image\":{\"@id\":\"https:\/\/skaitytaknyga.lt\/produktas\/koriko-dukte-ir-juodasis-vienuolis\/#primaryimage\"},\"thumbnailUrl\":\"https:\/\/skaitytaknyga.lt\/wp-content\/uploads\/2025\/09\/Koriko-dukte-ir-juodasis-vienuolis.webp\",\"datePublished\":\"2025-09-19T05:57:33+00:00\",\"dateModified\":\"2025-10-17T16:14:35+00:00\",\"description\":\"P\u016bga juosmen\u012f siekian\u010diu kilimu u\u017ekloja snaud\u017eiant\u012f Bavarijos Alpi\u0173 kaimel\u012f ir \u012fkalina visus namuose t\u0105 vakar\u0105, kai pastorius \u012fsitikina suvalg\u0119s u\u017enuodyto\",\"breadcrumb\":{\"@id\":\"https:\/\/skaitytaknyga.lt\/produktas\/koriko-dukte-ir-juodasis-vienuolis\/#breadcrumb\"},\"inLanguage\":\"en-GB\",\"potentialAction\":[{\"@type\":\"ReadAction\",\"target\":[\"https:\/\/skaitytaknyga.lt\/produktas\/koriko-dukte-ir-juodasis-vienuolis\/\"]}]},{\"@type\":\"ImageObject\",\"inLanguage\":\"en-GB\",\"@id\":\"https:\/\/skaitytaknyga.lt\/produktas\/koriko-dukte-ir-juodasis-vienuolis\/#primaryimage\",\"url\":\"https:\/\/skaitytaknyga.lt\/wp-content\/uploads\/2025\/09\/Koriko-dukte-ir-juodasis-vienuolis.webp\",\"contentUrl\":\"https:\/\/skaitytaknyga.lt\/wp-content\/uploads\/2025\/09\/Koriko-dukte-ir-juodasis-vienuolis.webp\",\"width\":301,\"height\":450,\"caption\":\"Koriko dukt\u0117 ir juodasis vienuolis\"},{\"@type\":\"BreadcrumbList\",\"@id\":\"https:\/\/skaitytaknyga.lt\/produktas\/koriko-dukte-ir-juodasis-vienuolis\/#breadcrumb\",\"itemListElement\":[{\"@type\":\"ListItem\",\"position\":1,\"name\":\"Home\",\"item\":\"https:\/\/skaitytaknyga.lt\/\"},{\"@type\":\"ListItem\",\"position\":2,\"name\":\"Parduotuv\u0117\",\"item\":\"https:\/\/skaitytaknyga.lt\/knygu-parduotuve\/\"},{\"@type\":\"ListItem\",\"position\":3,\"name\":\"Koriko dukt\u0117 ir juodasis vienuolis\"}]},{\"@type\":\"WebSite\",\"@id\":\"https:\/\/skaitytaknyga.lt\/#website\",\"url\":\"https:\/\/skaitytaknyga.lt\/\",\"name\":\"skaitytaknyga.lt\",\"description\":\"Skaitytaknyga.lt \u2013 tai ma\u017eas \u0161eimos verslas, kuris prasid\u0117jo nuo meil\u0117s knygoms ir siekio i\u0161gelb\u0117ti knygas nuo likimo prie konteinerio. Kas vienam nereikalingas daiktas \u2013 kitam lobis, o mes esame tarpininkai, kurie padeda abiems tapti laimingesniems ???? \u017dinome kaip nelengva i\u0161gyventi ma\u017eiems verslams, tad nuo \u0161iol, \u010dia rasite ir kit\u0173, ma\u017e\u0173 \u0161eim\u0173 versl\u0173, rank\u0173 darbo, dovan\u0173 sau ir artimiesiems.\",\"publisher\":{\"@id\":\"https:\/\/skaitytaknyga.lt\/#organization\"},\"potentialAction\":[{\"@type\":\"SearchAction\",\"target\":{\"@type\":\"EntryPoint\",\"urlTemplate\":\"https:\/\/skaitytaknyga.lt\/?s={search_term_string}\"},\"query-input\":{\"@type\":\"PropertyValueSpecification\",\"valueRequired\":true,\"valueName\":\"search_term_string\"}}],\"inLanguage\":\"en-GB\"},{\"@type\":\"Organization\",\"@id\":\"https:\/\/skaitytaknyga.lt\/#organization\",\"name\":\"skaitytaknyga.lt\",\"url\":\"https:\/\/skaitytaknyga.lt\/\",\"logo\":{\"@type\":\"ImageObject\",\"inLanguage\":\"en-GB\",\"@id\":\"https:\/\/skaitytaknyga.lt\/#\/schema\/logo\/image\/\",\"url\":\"https:\/\/skaitytaknyga.lt\/wp-content\/uploads\/2024\/05\/cropped-cropped-cropped-02_00843_jt3bggkj1j3HLc7SyY6rEUpg.jpeg\",\"contentUrl\":\"https:\/\/skaitytaknyga.lt\/wp-content\/uploads\/2024\/05\/cropped-cropped-cropped-02_00843_jt3bggkj1j3HLc7SyY6rEUpg.jpeg\",\"width\":1600,\"height\":1600,\"caption\":\"skaitytaknyga.lt\"},\"image\":{\"@id\":\"https:\/\/skaitytaknyga.lt\/#\/schema\/logo\/image\/\"},\"sameAs\":[\"https:\/\/www.facebook.com\/skaitytaknyga\/\"]}]}<\/script>\n<!-- \/ Yoast SEO plugin. -->","yoast_head_json":{"title":"Koriko dukt\u0117 ir juodasis vienuolis","description":"P\u016bga juosmen\u012f siekian\u010diu kilimu u\u017ekloja snaud\u017eiant\u012f Bavarijos Alpi\u0173 kaimel\u012f ir \u012fkalina visus namuose t\u0105 vakar\u0105, kai pastorius \u012fsitikina suvalg\u0119s u\u017enuodyto","robots":{"index":"index","follow":"follow","max-snippet":"max-snippet:-1","max-image-preview":"max-image-preview:large","max-video-preview":"max-video-preview:-1"},"canonical":"https:\/\/skaitytaknyga.lt\/en\/produktas\/koriko-dukte-ir-juodasis-vienuolis\/","og_locale":"en_GB","og_type":"article","og_title":"[:lt]Koriko dukt\u0117 ir juodasis vienuolis[:] - Skaitytaknyga","og_description":"P\u016bga juosmen\u012f siekian\u010diu kilimu u\u017ekloja snaud\u017eiant\u012f Bavarijos Alpi\u0173 kaimel\u012f ir \u012fkalina visus namuose t\u0105 vakar\u0105, kai pastorius \u012fsitikina suvalg\u0119s u\u017enuodyto","og_url":"https:\/\/skaitytaknyga.lt\/en\/produktas\/koriko-dukte-ir-juodasis-vienuolis\/","og_site_name":"Skaitytaknyga","article_publisher":"https:\/\/www.facebook.com\/skaitytaknyga\/","article_modified_time":"2025-10-17T16:14:35+00:00","og_image":[{"width":301,"height":450,"url":"https:\/\/skaitytaknyga.lt\/wp-content\/uploads\/2025\/09\/Koriko-dukte-ir-juodasis-vienuolis.webp","type":"image\/webp"}],"twitter_card":"summary_large_image","twitter_misc":{"Estimated reading time":"1 minute"},"schema":{"@context":"https:\/\/schema.org","@graph":[{"@type":"WebPage","@id":"https:\/\/skaitytaknyga.lt\/produktas\/koriko-dukte-ir-juodasis-vienuolis\/","url":"https:\/\/skaitytaknyga.lt\/produktas\/koriko-dukte-ir-juodasis-vienuolis\/","name":"Koriko dukt\u0117 ir juodasis vienuolis","isPartOf":{"@id":"https:\/\/skaitytaknyga.lt\/#website"},"primaryImageOfPage":{"@id":"https:\/\/skaitytaknyga.lt\/produktas\/koriko-dukte-ir-juodasis-vienuolis\/#primaryimage"},"image":{"@id":"https:\/\/skaitytaknyga.lt\/produktas\/koriko-dukte-ir-juodasis-vienuolis\/#primaryimage"},"thumbnailUrl":"https:\/\/skaitytaknyga.lt\/wp-content\/uploads\/2025\/09\/Koriko-dukte-ir-juodasis-vienuolis.webp","datePublished":"2025-09-19T05:57:33+00:00","dateModified":"2025-10-17T16:14:35+00:00","description":"P\u016bga juosmen\u012f siekian\u010diu kilimu u\u017ekloja snaud\u017eiant\u012f Bavarijos Alpi\u0173 kaimel\u012f ir \u012fkalina visus namuose t\u0105 vakar\u0105, kai pastorius \u012fsitikina suvalg\u0119s u\u017enuodyto","breadcrumb":{"@id":"https:\/\/skaitytaknyga.lt\/produktas\/koriko-dukte-ir-juodasis-vienuolis\/#breadcrumb"},"inLanguage":"en-GB","potentialAction":[{"@type":"ReadAction","target":["https:\/\/skaitytaknyga.lt\/produktas\/koriko-dukte-ir-juodasis-vienuolis\/"]}]},{"@type":"ImageObject","inLanguage":"en-GB","@id":"https:\/\/skaitytaknyga.lt\/produktas\/koriko-dukte-ir-juodasis-vienuolis\/#primaryimage","url":"https:\/\/skaitytaknyga.lt\/wp-content\/uploads\/2025\/09\/Koriko-dukte-ir-juodasis-vienuolis.webp","contentUrl":"https:\/\/skaitytaknyga.lt\/wp-content\/uploads\/2025\/09\/Koriko-dukte-ir-juodasis-vienuolis.webp","width":301,"height":450,"caption":"Koriko dukt\u0117 ir juodasis vienuolis"},{"@type":"BreadcrumbList","@id":"https:\/\/skaitytaknyga.lt\/produktas\/koriko-dukte-ir-juodasis-vienuolis\/#breadcrumb","itemListElement":[{"@type":"ListItem","position":1,"name":"Home","item":"https:\/\/skaitytaknyga.lt\/"},{"@type":"ListItem","position":2,"name":"Parduotuv\u0117","item":"https:\/\/skaitytaknyga.lt\/knygu-parduotuve\/"},{"@type":"ListItem","position":3,"name":"Koriko dukt\u0117 ir juodasis vienuolis"}]},{"@type":"WebSite","@id":"https:\/\/skaitytaknyga.lt\/#website","url":"https:\/\/skaitytaknyga.lt\/","name":"skaitytaknyga.lt","description":"Skaitytaknyga.lt \u2013 tai ma\u017eas \u0161eimos verslas, kuris prasid\u0117jo nuo meil\u0117s knygoms ir siekio i\u0161gelb\u0117ti knygas nuo likimo prie konteinerio. Kas vienam nereikalingas daiktas \u2013 kitam lobis, o mes esame tarpininkai, kurie padeda abiems tapti laimingesniems ???? \u017dinome kaip nelengva i\u0161gyventi ma\u017eiems verslams, tad nuo \u0161iol, \u010dia rasite ir kit\u0173, ma\u017e\u0173 \u0161eim\u0173 versl\u0173, rank\u0173 darbo, dovan\u0173 sau ir artimiesiems.","publisher":{"@id":"https:\/\/skaitytaknyga.lt\/#organization"},"potentialAction":[{"@type":"SearchAction","target":{"@type":"EntryPoint","urlTemplate":"https:\/\/skaitytaknyga.lt\/?s={search_term_string}"},"query-input":{"@type":"PropertyValueSpecification","valueRequired":true,"valueName":"search_term_string"}}],"inLanguage":"en-GB"},{"@type":"Organization","@id":"https:\/\/skaitytaknyga.lt\/#organization","name":"skaitytaknyga.lt","url":"https:\/\/skaitytaknyga.lt\/","logo":{"@type":"ImageObject","inLanguage":"en-GB","@id":"https:\/\/skaitytaknyga.lt\/#\/schema\/logo\/image\/","url":"https:\/\/skaitytaknyga.lt\/wp-content\/uploads\/2024\/05\/cropped-cropped-cropped-02_00843_jt3bggkj1j3HLc7SyY6rEUpg.jpeg","contentUrl":"https:\/\/skaitytaknyga.lt\/wp-content\/uploads\/2024\/05\/cropped-cropped-cropped-02_00843_jt3bggkj1j3HLc7SyY6rEUpg.jpeg","width":1600,"height":1600,"caption":"skaitytaknyga.lt"},"image":{"@id":"https:\/\/skaitytaknyga.lt\/#\/schema\/logo\/image\/"},"sameAs":["https:\/\/www.facebook.com\/skaitytaknyga\/"]}]}},"_links":{"self":[{"href":"https:\/\/skaitytaknyga.lt\/en\/wp-json\/wp\/v2\/product\/20954","targetHints":{"allow":["GET"]}}],"collection":[{"href":"https:\/\/skaitytaknyga.lt\/en\/wp-json\/wp\/v2\/product"}],"about":[{"href":"https:\/\/skaitytaknyga.lt\/en\/wp-json\/wp\/v2\/types\/product"}],"replies":[{"embeddable":true,"href":"https:\/\/skaitytaknyga.lt\/en\/wp-json\/wp\/v2\/comments?post=20954"}],"wp:featuredmedia":[{"embeddable":true,"href":"https:\/\/skaitytaknyga.lt\/en\/wp-json\/wp\/v2\/media\/20964"}],"wp:attachment":[{"href":"https:\/\/skaitytaknyga.lt\/en\/wp-json\/wp\/v2\/media?parent=20954"}],"wp:term":[{"taxonomy":"product_brand","embeddable":true,"href":"https:\/\/skaitytaknyga.lt\/en\/wp-json\/wp\/v2\/product_brand?post=20954"},{"taxonomy":"product_cat","embeddable":true,"href":"https:\/\/skaitytaknyga.lt\/en\/wp-json\/wp\/v2\/product_cat?post=20954"},{"taxonomy":"product_tag","embeddable":true,"href":"https:\/\/skaitytaknyga.lt\/en\/wp-json\/wp\/v2\/product_tag?post=20954"}],"curies":[{"name":"wp","href":"https:\/\/api.w.org\/{rel}","templated":true}]}}