{"id":20946,"date":"2025-09-19T08:52:37","date_gmt":"2025-09-19T05:52:37","guid":{"rendered":"https:\/\/skaitytaknyga.lt\/?post_type=product&#038;p=20946"},"modified":"2025-10-06T13:01:20","modified_gmt":"2025-10-06T10:01:20","slug":"gib-a-kuk-zvilgtelek","status":"publish","type":"product","link":"https:\/\/skaitytaknyga.lt\/en\/produktas\/gib-a-kuk-zvilgtelek\/","title":{"rendered":"Gib a kuk. \u017dvilgtel\u0117k"},"content":{"rendered":"<p>Gib a kuk \u2013 \u017eydi\u0161kas posakis, rei\u0161kiantis \u201e\u017dvilgtel\u0117k&#8221;. Jauki ir asmeni\u0161ka teatro ir kino kritik\u0117s R\u016btos Oginskait\u0117s \u0161e\u0161toji knyga \u2013 tai dvylika \u017evilgsni\u0173 \u012f Grigorijaus Kanovi\u010diaus gyvenimo tarpsnius, amat\u0105 ir k\u016bryb\u0105, tautos ir \u0161eimos likimus.<\/p>\n<p>&#8230;mes kalb\u0117sim\u0117s trise. Lietuvi\u0161kai, su \u012fspr\u016bstan\u010diais \u017eydi\u0161kais, rusi\u0161kais posakiais ir kartais ne visai lietuvi\u0161ka tvarka d\u0117liodami \u017eod\u017eius. 87 met\u0173 Grigorijus Kanovi\u010dius pasakos \u201e\u0161it\u0105 knyg\u0105 apie mano k\u016bryb\u0105&#8221;, jo bendraam\u017e\u0117 Olga Kanovi\u010d j\u012f papildys jautriausiomis detal\u0117mis, cituos ir deklamuos, kartais ka\u017ekod\u0117l atsipra\u0161ydama, kad nutrauk\u0117 pokalb\u012f. \u201eA\u010di\u016b tau, Olia&#8221;, \u2013 per tas pasakojim\u0173 dienas da\u017eniausiai skamb\u0117jusi Kanovi\u010diaus fraz\u0117. \u0160io ra\u0161ytojo \u017emona \u2013 ne jo \u0161e\u0161\u0117lis, o bendradarb\u0117, bendraautor\u0117, redaktor\u0117, archyvar\u0117, mylimoji. Jis \u2013 jos r\u016bpestis ir jos k\u016brinys. Jie nedalomi.<\/p>\n<p>R\u016bta Oginskait\u0117<\/p>\n<p>Grigorijus Kanovi\u010dius (g. 1929) \u2013 vienas \u017eymiausi\u0173 \u0161alies ra\u0161ytoj\u0173, Nacionalin\u0117s kult\u016bros ir meno premijos laureatas, savo romanuose, apysakose ir apsakymuose \u012fam\u017ein\u0119s Lietuvos \u017eyd\u0173 gyvenim\u0105 iki II pasaulinio karo, suk\u016br\u0119s savo tautos ep\u0105. Bet ar kas \u017eino, koks \u017emogus yra tas darb\u0161tus, tarptautiniu mastu \u017einomas ra\u0161ytojas, kurio knygos ir j\u0173 vertimai u\u017eima vis\u0105 keliaauk\u0161t\u0119 knyg\u0173 spint\u0105? Gib a kuk!<\/p>\n","protected":false},"excerpt":{"rendered":"<p>Gib a kuk \u2013 \u017eydi\u0161kas posakis, rei\u0161kiantis \u201e\u017dvilgtel\u0117k&#8221;. Jauki ir asmeni\u0161ka teatro ir kino kritik\u0117s R\u016btos Oginskait\u0117s \u0161e\u0161toji knyga \u2013 tai dvylika \u017evilgsni\u0173 \u012f Grigorijaus Kanovi\u010diaus gyvenimo tarpsnius, amat\u0105 ir k\u016bryb\u0105, tautos ir \u0161eimos likimus. &#8230;mes kalb\u0117sim\u0117s trise. Lietuvi\u0161kai, su \u012fspr\u016bstan\u010diais \u017eydi\u0161kais, rusi\u0161kais posakiais ir kartais ne visai lietuvi\u0161ka tvarka d\u0117liodami \u017eod\u017eius. 87 met\u0173 Grigorijus Kanovi\u010dius pasakos \u201e\u0161it\u0105 knyg\u0105 apie mano k\u016bryb\u0105&#8221;, jo bendraam\u017e\u0117 Olga Kanovi\u010d j\u012f papildys jautriausiomis detal\u0117mis, cituos ir deklamuos, kartais ka\u017ekod\u0117l atsipra\u0161ydama, kad nutrauk\u0117 pokalb\u012f. \u201eA\u010di\u016b tau, Olia&#8221;, \u2013 per tas pasakojim\u0173 dienas da\u017eniausiai skamb\u0117jusi Kanovi\u010diaus fraz\u0117. \u0160io ra\u0161ytojo \u017emona \u2013 ne jo \u0161e\u0161\u0117lis, o bendradarb\u0117, bendraautor\u0117, redaktor\u0117, archyvar\u0117, mylimoji. Jis \u2013 jos r\u016bpestis ir jos k\u016brinys. Jie nedalomi. R\u016bta Oginskait\u0117 Grigorijus Kanovi\u010dius (g. 1929) \u2013 vienas \u017eymiausi\u0173 \u0161alies ra\u0161ytoj\u0173, Nacionalin\u0117s kult\u016bros ir meno premijos laureatas, savo romanuose, apysakose ir apsakymuose \u012fam\u017ein\u0119s Lietuvos \u017eyd\u0173 gyvenim\u0105 iki II pasaulinio karo, suk\u016br\u0119s savo tautos ep\u0105. Bet ar kas \u017eino, koks \u017emogus yra tas darb\u0161tus, tarptautiniu mastu \u017einomas ra\u0161ytojas, kurio knygos ir j\u0173 vertimai u\u017eima vis\u0105 keliaauk\u0161t\u0119 knyg\u0173 spint\u0105? Gib a kuk!<\/p>\n","protected":false},"featured_media":20956,"comment_status":"open","ping_status":"closed","template":"","meta":{"_acf_changed":false,"site-sidebar-layout":"default","site-content-layout":"","ast-site-content-layout":"default","site-content-style":"default","site-sidebar-style":"default","ast-global-header-display":"","ast-banner-title-visibility":"","ast-main-header-display":"","ast-hfb-above-header-display":"","ast-hfb-below-header-display":"","ast-hfb-mobile-header-display":"","site-post-title":"","ast-breadcrumbs-content":"","ast-featured-img":"","footer-sml-layout":"","ast-disable-related-posts":"","theme-transparent-header-meta":"","adv-header-id-meta":"","stick-header-meta":"","header-above-stick-meta":"","header-main-stick-meta":"","header-below-stick-meta":"","astra-migrate-meta-layouts":"default","ast-page-background-enabled":"default","ast-page-background-meta":{"desktop":{"background-color":"","background-image":"","background-repeat":"repeat","background-position":"center center","background-size":"auto","background-attachment":"scroll","background-type":"","background-media":"","overlay-type":"","overlay-color":"","overlay-opacity":"","overlay-gradient":""},"tablet":{"background-color":"","background-image":"","background-repeat":"repeat","background-position":"center center","background-size":"auto","background-attachment":"scroll","background-type":"","background-media":"","overlay-type":"","overlay-color":"","overlay-opacity":"","overlay-gradient":""},"mobile":{"background-color":"","background-image":"","background-repeat":"repeat","background-position":"center center","background-size":"auto","background-attachment":"scroll","background-type":"","background-media":"","overlay-type":"","overlay-color":"","overlay-opacity":"","overlay-gradient":""}},"ast-content-background-meta":{"desktop":{"background-color":"var(--ast-global-color-4)","background-image":"","background-repeat":"repeat","background-position":"center center","background-size":"auto","background-attachment":"scroll","background-type":"","background-media":"","overlay-type":"","overlay-color":"","overlay-opacity":"","overlay-gradient":""},"tablet":{"background-color":"var(--ast-global-color-4)","background-image":"","background-repeat":"repeat","background-position":"center center","background-size":"auto","background-attachment":"scroll","background-type":"","background-media":"","overlay-type":"","overlay-color":"","overlay-opacity":"","overlay-gradient":""},"mobile":{"background-color":"var(--ast-global-color-4)","background-image":"","background-repeat":"repeat","background-position":"center center","background-size":"auto","background-attachment":"scroll","background-type":"","background-media":"","overlay-type":"","overlay-color":"","overlay-opacity":"","overlay-gradient":""}}},"product_brand":[],"product_cat":[31,15],"product_tag":[5569,8616,2376,3007,8617,8566,1646,8615],"class_list":{"0":"post-20946","1":"product","2":"type-product","3":"status-publish","4":"has-post-thumbnail","6":"product_cat-grozine-literatura","7":"product_cat-uncategorized","8":"product_tag-grigorijus-kanovicius","9":"product_tag-kino","10":"product_tag-kultura","11":"product_tag-kuryba","12":"product_tag-lietuvos-zydu-gyvenimas","13":"product_tag-ruta-oginskaite","14":"product_tag-seima","15":"product_tag-teatro","16":"desktop-align-left","17":"tablet-align-left","18":"mobile-align-left","20":"first","21":"instock","22":"shipping-taxable","23":"purchasable","24":"product-type-simple"},"acf":[],"yoast_head":"<!-- This site is optimized with the Yoast SEO plugin v27.0 - https:\/\/yoast.com\/product\/yoast-seo-wordpress\/ -->\n<title>Gib a kuk. \u017dvilgtel\u0117k<\/title>\n<meta name=\"description\" content=\"Gib a kuk \u2013 \u017eydi\u0161kas posakis, rei\u0161kiantis \u201e\u017dvilgtel\u0117k&quot;. Jauki ir asmeni\u0161ka teatro ir kino kritik\u0117s R\u016btos Oginskait\u0117s \u0161e\u0161toji knyga \u2013 tai dvylika \u017evilgsni\u0173\" \/>\n<meta name=\"robots\" content=\"index, follow, max-snippet:-1, max-image-preview:large, max-video-preview:-1\" \/>\n<link rel=\"canonical\" href=\"https:\/\/skaitytaknyga.lt\/en\/produktas\/gib-a-kuk-zvilgtelek\/\" \/>\n<meta property=\"og:locale\" content=\"en_GB\" \/>\n<meta property=\"og:locale:alternate\" content=\"lt_LT\" \/>\n<meta property=\"og:type\" content=\"article\" \/>\n<meta property=\"og:title\" content=\"Gib a kuk. \u017dvilgtel\u0117k\" \/>\n<meta property=\"og:description\" content=\"Gib a kuk \u2013 \u017eydi\u0161kas posakis, rei\u0161kiantis \u201e\u017dvilgtel\u0117k&quot;. Jauki ir asmeni\u0161ka teatro ir kino kritik\u0117s R\u016btos Oginskait\u0117s \u0161e\u0161toji knyga \u2013 tai dvylika \u017evilgsni\u0173\" \/>\n<meta property=\"og:url\" content=\"https:\/\/skaitytaknyga.lt\/en\/produktas\/gib-a-kuk-zvilgtelek\/\" \/>\n<meta property=\"og:site_name\" content=\"Skaitytaknyga\" \/>\n<meta property=\"article:publisher\" content=\"https:\/\/www.facebook.com\/skaitytaknyga\/\" \/>\n<meta property=\"article:modified_time\" content=\"2025-10-06T10:01:20+00:00\" \/>\n<meta property=\"og:image\" content=\"https:\/\/skaitytaknyga.lt\/wp-content\/uploads\/2025\/09\/Gib-a-kuk.-Zvilgtelek-1.webp\" \/>\n\t<meta property=\"og:image:width\" content=\"300\" \/>\n\t<meta property=\"og:image:height\" content=\"450\" \/>\n\t<meta property=\"og:image:type\" content=\"image\/webp\" \/>\n<meta name=\"twitter:card\" content=\"summary_large_image\" \/>\n<meta name=\"twitter:label1\" content=\"Estimated reading time\" \/>\n\t<meta name=\"twitter:data1\" content=\"1 minute\" \/>\n<script type=\"application\/ld+json\" class=\"yoast-schema-graph\">{\"@context\":\"https:\/\/schema.org\",\"@graph\":[{\"@type\":\"WebPage\",\"@id\":\"https:\/\/skaitytaknyga.lt\/produktas\/gib-a-kuk-zvilgtelek\/\",\"url\":\"https:\/\/skaitytaknyga.lt\/produktas\/gib-a-kuk-zvilgtelek\/\",\"name\":\"Gib a kuk. \u017dvilgtel\u0117k\",\"isPartOf\":{\"@id\":\"https:\/\/skaitytaknyga.lt\/#website\"},\"primaryImageOfPage\":{\"@id\":\"https:\/\/skaitytaknyga.lt\/produktas\/gib-a-kuk-zvilgtelek\/#primaryimage\"},\"image\":{\"@id\":\"https:\/\/skaitytaknyga.lt\/produktas\/gib-a-kuk-zvilgtelek\/#primaryimage\"},\"thumbnailUrl\":\"https:\/\/skaitytaknyga.lt\/wp-content\/uploads\/2025\/09\/Gib-a-kuk.-Zvilgtelek-1.webp\",\"datePublished\":\"2025-09-19T05:52:37+00:00\",\"dateModified\":\"2025-10-06T10:01:20+00:00\",\"description\":\"Gib a kuk \u2013 \u017eydi\u0161kas posakis, rei\u0161kiantis \u201e\u017dvilgtel\u0117k\\\". Jauki ir asmeni\u0161ka teatro ir kino kritik\u0117s R\u016btos Oginskait\u0117s \u0161e\u0161toji knyga \u2013 tai dvylika \u017evilgsni\u0173\",\"breadcrumb\":{\"@id\":\"https:\/\/skaitytaknyga.lt\/produktas\/gib-a-kuk-zvilgtelek\/#breadcrumb\"},\"inLanguage\":\"en-GB\",\"potentialAction\":[{\"@type\":\"ReadAction\",\"target\":[\"https:\/\/skaitytaknyga.lt\/produktas\/gib-a-kuk-zvilgtelek\/\"]}]},{\"@type\":\"ImageObject\",\"inLanguage\":\"en-GB\",\"@id\":\"https:\/\/skaitytaknyga.lt\/produktas\/gib-a-kuk-zvilgtelek\/#primaryimage\",\"url\":\"https:\/\/skaitytaknyga.lt\/wp-content\/uploads\/2025\/09\/Gib-a-kuk.-Zvilgtelek-1.webp\",\"contentUrl\":\"https:\/\/skaitytaknyga.lt\/wp-content\/uploads\/2025\/09\/Gib-a-kuk.-Zvilgtelek-1.webp\",\"width\":300,\"height\":450,\"caption\":\"Gib a kuk. \u017dvilgtel\u0117k\"},{\"@type\":\"BreadcrumbList\",\"@id\":\"https:\/\/skaitytaknyga.lt\/produktas\/gib-a-kuk-zvilgtelek\/#breadcrumb\",\"itemListElement\":[{\"@type\":\"ListItem\",\"position\":1,\"name\":\"Home\",\"item\":\"https:\/\/skaitytaknyga.lt\/\"},{\"@type\":\"ListItem\",\"position\":2,\"name\":\"Parduotuv\u0117\",\"item\":\"https:\/\/skaitytaknyga.lt\/knygu-parduotuve\/\"},{\"@type\":\"ListItem\",\"position\":3,\"name\":\"Gib a kuk. \u017dvilgtel\u0117k\"}]},{\"@type\":\"WebSite\",\"@id\":\"https:\/\/skaitytaknyga.lt\/#website\",\"url\":\"https:\/\/skaitytaknyga.lt\/\",\"name\":\"skaitytaknyga.lt\",\"description\":\"Skaitytaknyga.lt \u2013 tai ma\u017eas \u0161eimos verslas, kuris prasid\u0117jo nuo meil\u0117s knygoms ir siekio i\u0161gelb\u0117ti knygas nuo likimo prie konteinerio. Kas vienam nereikalingas daiktas \u2013 kitam lobis, o mes esame tarpininkai, kurie padeda abiems tapti laimingesniems ???? \u017dinome kaip nelengva i\u0161gyventi ma\u017eiems verslams, tad nuo \u0161iol, \u010dia rasite ir kit\u0173, ma\u017e\u0173 \u0161eim\u0173 versl\u0173, rank\u0173 darbo, dovan\u0173 sau ir artimiesiems.\",\"publisher\":{\"@id\":\"https:\/\/skaitytaknyga.lt\/#organization\"},\"potentialAction\":[{\"@type\":\"SearchAction\",\"target\":{\"@type\":\"EntryPoint\",\"urlTemplate\":\"https:\/\/skaitytaknyga.lt\/?s={search_term_string}\"},\"query-input\":{\"@type\":\"PropertyValueSpecification\",\"valueRequired\":true,\"valueName\":\"search_term_string\"}}],\"inLanguage\":\"en-GB\"},{\"@type\":\"Organization\",\"@id\":\"https:\/\/skaitytaknyga.lt\/#organization\",\"name\":\"skaitytaknyga.lt\",\"url\":\"https:\/\/skaitytaknyga.lt\/\",\"logo\":{\"@type\":\"ImageObject\",\"inLanguage\":\"en-GB\",\"@id\":\"https:\/\/skaitytaknyga.lt\/#\/schema\/logo\/image\/\",\"url\":\"https:\/\/skaitytaknyga.lt\/wp-content\/uploads\/2024\/05\/cropped-cropped-cropped-02_00843_jt3bggkj1j3HLc7SyY6rEUpg.jpeg\",\"contentUrl\":\"https:\/\/skaitytaknyga.lt\/wp-content\/uploads\/2024\/05\/cropped-cropped-cropped-02_00843_jt3bggkj1j3HLc7SyY6rEUpg.jpeg\",\"width\":1600,\"height\":1600,\"caption\":\"skaitytaknyga.lt\"},\"image\":{\"@id\":\"https:\/\/skaitytaknyga.lt\/#\/schema\/logo\/image\/\"},\"sameAs\":[\"https:\/\/www.facebook.com\/skaitytaknyga\/\"]}]}<\/script>\n<!-- \/ Yoast SEO plugin. -->","yoast_head_json":{"title":"Gib a kuk. \u017dvilgtel\u0117k","description":"Gib a kuk \u2013 \u017eydi\u0161kas posakis, rei\u0161kiantis \u201e\u017dvilgtel\u0117k\". Jauki ir asmeni\u0161ka teatro ir kino kritik\u0117s R\u016btos Oginskait\u0117s \u0161e\u0161toji knyga \u2013 tai dvylika \u017evilgsni\u0173","robots":{"index":"index","follow":"follow","max-snippet":"max-snippet:-1","max-image-preview":"max-image-preview:large","max-video-preview":"max-video-preview:-1"},"canonical":"https:\/\/skaitytaknyga.lt\/en\/produktas\/gib-a-kuk-zvilgtelek\/","og_locale":"en_GB","og_type":"article","og_title":"[:lt]Gib a kuk. \u017dvilgtel\u0117k[:] - Skaitytaknyga","og_description":"Gib a kuk \u2013 \u017eydi\u0161kas posakis, rei\u0161kiantis \u201e\u017dvilgtel\u0117k\". Jauki ir asmeni\u0161ka teatro ir kino kritik\u0117s R\u016btos Oginskait\u0117s \u0161e\u0161toji knyga \u2013 tai dvylika \u017evilgsni\u0173","og_url":"https:\/\/skaitytaknyga.lt\/en\/produktas\/gib-a-kuk-zvilgtelek\/","og_site_name":"Skaitytaknyga","article_publisher":"https:\/\/www.facebook.com\/skaitytaknyga\/","article_modified_time":"2025-10-06T10:01:20+00:00","og_image":[{"width":300,"height":450,"url":"https:\/\/skaitytaknyga.lt\/wp-content\/uploads\/2025\/09\/Gib-a-kuk.-Zvilgtelek-1.webp","type":"image\/webp"}],"twitter_card":"summary_large_image","twitter_misc":{"Estimated reading time":"1 minute"},"schema":{"@context":"https:\/\/schema.org","@graph":[{"@type":"WebPage","@id":"https:\/\/skaitytaknyga.lt\/produktas\/gib-a-kuk-zvilgtelek\/","url":"https:\/\/skaitytaknyga.lt\/produktas\/gib-a-kuk-zvilgtelek\/","name":"Gib a kuk. \u017dvilgtel\u0117k","isPartOf":{"@id":"https:\/\/skaitytaknyga.lt\/#website"},"primaryImageOfPage":{"@id":"https:\/\/skaitytaknyga.lt\/produktas\/gib-a-kuk-zvilgtelek\/#primaryimage"},"image":{"@id":"https:\/\/skaitytaknyga.lt\/produktas\/gib-a-kuk-zvilgtelek\/#primaryimage"},"thumbnailUrl":"https:\/\/skaitytaknyga.lt\/wp-content\/uploads\/2025\/09\/Gib-a-kuk.-Zvilgtelek-1.webp","datePublished":"2025-09-19T05:52:37+00:00","dateModified":"2025-10-06T10:01:20+00:00","description":"Gib a kuk \u2013 \u017eydi\u0161kas posakis, rei\u0161kiantis \u201e\u017dvilgtel\u0117k\". Jauki ir asmeni\u0161ka teatro ir kino kritik\u0117s R\u016btos Oginskait\u0117s \u0161e\u0161toji knyga \u2013 tai dvylika \u017evilgsni\u0173","breadcrumb":{"@id":"https:\/\/skaitytaknyga.lt\/produktas\/gib-a-kuk-zvilgtelek\/#breadcrumb"},"inLanguage":"en-GB","potentialAction":[{"@type":"ReadAction","target":["https:\/\/skaitytaknyga.lt\/produktas\/gib-a-kuk-zvilgtelek\/"]}]},{"@type":"ImageObject","inLanguage":"en-GB","@id":"https:\/\/skaitytaknyga.lt\/produktas\/gib-a-kuk-zvilgtelek\/#primaryimage","url":"https:\/\/skaitytaknyga.lt\/wp-content\/uploads\/2025\/09\/Gib-a-kuk.-Zvilgtelek-1.webp","contentUrl":"https:\/\/skaitytaknyga.lt\/wp-content\/uploads\/2025\/09\/Gib-a-kuk.-Zvilgtelek-1.webp","width":300,"height":450,"caption":"Gib a kuk. \u017dvilgtel\u0117k"},{"@type":"BreadcrumbList","@id":"https:\/\/skaitytaknyga.lt\/produktas\/gib-a-kuk-zvilgtelek\/#breadcrumb","itemListElement":[{"@type":"ListItem","position":1,"name":"Home","item":"https:\/\/skaitytaknyga.lt\/"},{"@type":"ListItem","position":2,"name":"Parduotuv\u0117","item":"https:\/\/skaitytaknyga.lt\/knygu-parduotuve\/"},{"@type":"ListItem","position":3,"name":"Gib a kuk. \u017dvilgtel\u0117k"}]},{"@type":"WebSite","@id":"https:\/\/skaitytaknyga.lt\/#website","url":"https:\/\/skaitytaknyga.lt\/","name":"skaitytaknyga.lt","description":"Skaitytaknyga.lt \u2013 tai ma\u017eas \u0161eimos verslas, kuris prasid\u0117jo nuo meil\u0117s knygoms ir siekio i\u0161gelb\u0117ti knygas nuo likimo prie konteinerio. Kas vienam nereikalingas daiktas \u2013 kitam lobis, o mes esame tarpininkai, kurie padeda abiems tapti laimingesniems ???? \u017dinome kaip nelengva i\u0161gyventi ma\u017eiems verslams, tad nuo \u0161iol, \u010dia rasite ir kit\u0173, ma\u017e\u0173 \u0161eim\u0173 versl\u0173, rank\u0173 darbo, dovan\u0173 sau ir artimiesiems.","publisher":{"@id":"https:\/\/skaitytaknyga.lt\/#organization"},"potentialAction":[{"@type":"SearchAction","target":{"@type":"EntryPoint","urlTemplate":"https:\/\/skaitytaknyga.lt\/?s={search_term_string}"},"query-input":{"@type":"PropertyValueSpecification","valueRequired":true,"valueName":"search_term_string"}}],"inLanguage":"en-GB"},{"@type":"Organization","@id":"https:\/\/skaitytaknyga.lt\/#organization","name":"skaitytaknyga.lt","url":"https:\/\/skaitytaknyga.lt\/","logo":{"@type":"ImageObject","inLanguage":"en-GB","@id":"https:\/\/skaitytaknyga.lt\/#\/schema\/logo\/image\/","url":"https:\/\/skaitytaknyga.lt\/wp-content\/uploads\/2024\/05\/cropped-cropped-cropped-02_00843_jt3bggkj1j3HLc7SyY6rEUpg.jpeg","contentUrl":"https:\/\/skaitytaknyga.lt\/wp-content\/uploads\/2024\/05\/cropped-cropped-cropped-02_00843_jt3bggkj1j3HLc7SyY6rEUpg.jpeg","width":1600,"height":1600,"caption":"skaitytaknyga.lt"},"image":{"@id":"https:\/\/skaitytaknyga.lt\/#\/schema\/logo\/image\/"},"sameAs":["https:\/\/www.facebook.com\/skaitytaknyga\/"]}]}},"_links":{"self":[{"href":"https:\/\/skaitytaknyga.lt\/en\/wp-json\/wp\/v2\/product\/20946","targetHints":{"allow":["GET"]}}],"collection":[{"href":"https:\/\/skaitytaknyga.lt\/en\/wp-json\/wp\/v2\/product"}],"about":[{"href":"https:\/\/skaitytaknyga.lt\/en\/wp-json\/wp\/v2\/types\/product"}],"replies":[{"embeddable":true,"href":"https:\/\/skaitytaknyga.lt\/en\/wp-json\/wp\/v2\/comments?post=20946"}],"wp:featuredmedia":[{"embeddable":true,"href":"https:\/\/skaitytaknyga.lt\/en\/wp-json\/wp\/v2\/media\/20956"}],"wp:attachment":[{"href":"https:\/\/skaitytaknyga.lt\/en\/wp-json\/wp\/v2\/media?parent=20946"}],"wp:term":[{"taxonomy":"product_brand","embeddable":true,"href":"https:\/\/skaitytaknyga.lt\/en\/wp-json\/wp\/v2\/product_brand?post=20946"},{"taxonomy":"product_cat","embeddable":true,"href":"https:\/\/skaitytaknyga.lt\/en\/wp-json\/wp\/v2\/product_cat?post=20946"},{"taxonomy":"product_tag","embeddable":true,"href":"https:\/\/skaitytaknyga.lt\/en\/wp-json\/wp\/v2\/product_tag?post=20946"}],"curies":[{"name":"wp","href":"https:\/\/api.w.org\/{rel}","templated":true}]}}