{"id":20943,"date":"2025-09-19T08:52:37","date_gmt":"2025-09-19T05:52:37","guid":{"rendered":"https:\/\/skaitytaknyga.lt\/?post_type=product&#038;p=20943"},"modified":"2025-10-06T13:01:20","modified_gmt":"2025-10-06T10:01:20","slug":"ramybes-nerimas","status":"publish","type":"product","link":"https:\/\/skaitytaknyga.lt\/en\/produktas\/ramybes-nerimas\/","title":{"rendered":"Ramyb\u0117s nerimas"},"content":{"rendered":"<p>\u201eRamyb\u0117s nerimas\u201c \u2013 \u0161e\u0161toji aktor\u0117s Doloresos Kazragyt\u0117s autobiografini\u0173 es\u0117 knyga. Apie laukian\u010dius Anapus ir esan\u010dius \u0161alia, apie gyvenim\u0105 teatre ir teatr\u0105 gyvenime, apie Diev\u0105, meil\u0119, mirt\u012f \u2013 be patoso, nemoralizuojant, su \u0161viesia i\u0161mintimi, leid\u017eian\u010dia pro ma\u017e\u0105 kaimo trobos langel\u012f pamatyti vis\u0105 pasaul\u012f.<\/p>\n<p>***<\/p>\n<p>Nesu ra\u0161ytoja (t\u016bkstant\u012f kart\u0173 sakiau), ra\u0161au, k\u0105 pasi\u016blo gyvenimas, k\u0105 mato akys, kas sujaudina siel\u0105. Apskritai tai joks ra\u0161ymas (nors lapas ir ra\u0161iklis prie\u0161 akis), gal tik i\u0161sikalb\u0117jimas? I\u0161sikalbu, nes ka\u017ekas liepia, jokios kitos prie\u017easties ne\u017einau.<\/p>\n<p>***<br \/>\nKelion\u0117s \u017eenklai. A\u0161 jais tikiu. Kartais jie ai\u0161k\u016bs, kartais vos juntami, kai ateina pabaiga \u2013 jie i\u0161ry\u0161k\u0117ja, tampa ap\u010diuopiami. Tai u\u017egniau\u017eia kvap\u0105 \u2013 nes jie kalba apie Anapusin\u012f gyvenim\u0105, \u017emogaus Dvasios am\u017einyb\u0119, jie (daugelis to nepastebi) ai\u0161kiai kalba apie tai, kad Mirtis \u2013 tik nesuvokiamos durys \u012f  kit\u0105 pasaul\u012f.<\/p>\n","protected":false},"excerpt":{"rendered":"<p>\u201eRamyb\u0117s nerimas\u201c \u2013 \u0161e\u0161toji aktor\u0117s Doloresos Kazragyt\u0117s autobiografini\u0173 es\u0117 knyga. Apie laukian\u010dius Anapus ir esan\u010dius \u0161alia, apie gyvenim\u0105 teatre ir teatr\u0105 gyvenime, apie Diev\u0105, meil\u0119, mirt\u012f \u2013 be patoso, nemoralizuojant, su \u0161viesia i\u0161mintimi, leid\u017eian\u010dia pro ma\u017e\u0105 kaimo trobos langel\u012f pamatyti vis\u0105 pasaul\u012f. *** Nesu ra\u0161ytoja (t\u016bkstant\u012f kart\u0173 sakiau), ra\u0161au, k\u0105 pasi\u016blo gyvenimas, k\u0105 mato akys, kas sujaudina siel\u0105. Apskritai tai joks ra\u0161ymas (nors lapas ir ra\u0161iklis prie\u0161 akis), gal tik i\u0161sikalb\u0117jimas? I\u0161sikalbu, nes ka\u017ekas liepia, jokios kitos prie\u017easties ne\u017einau. *** Kelion\u0117s \u017eenklai. A\u0161 jais tikiu. Kartais jie ai\u0161k\u016bs, kartais vos juntami, kai ateina pabaiga \u2013 jie i\u0161ry\u0161k\u0117ja, tampa ap\u010diuopiami. Tai u\u017egniau\u017eia kvap\u0105 \u2013 nes jie kalba apie Anapusin\u012f gyvenim\u0105, \u017emogaus Dvasios am\u017einyb\u0119, jie (daugelis to nepastebi) ai\u0161kiai kalba apie tai, kad Mirtis \u2013 tik nesuvokiamos durys \u012f kit\u0105 pasaul\u012f.<\/p>\n","protected":false},"featured_media":20948,"comment_status":"open","ping_status":"closed","template":"","meta":{"_acf_changed":false,"site-sidebar-layout":"default","site-content-layout":"","ast-site-content-layout":"default","site-content-style":"default","site-sidebar-style":"default","ast-global-header-display":"","ast-banner-title-visibility":"","ast-main-header-display":"","ast-hfb-above-header-display":"","ast-hfb-below-header-display":"","ast-hfb-mobile-header-display":"","site-post-title":"","ast-breadcrumbs-content":"","ast-featured-img":"","footer-sml-layout":"","ast-disable-related-posts":"","theme-transparent-header-meta":"","adv-header-id-meta":"","stick-header-meta":"","header-above-stick-meta":"","header-main-stick-meta":"","header-below-stick-meta":"","astra-migrate-meta-layouts":"default","ast-page-background-enabled":"default","ast-page-background-meta":{"desktop":{"background-color":"","background-image":"","background-repeat":"repeat","background-position":"center center","background-size":"auto","background-attachment":"scroll","background-type":"","background-media":"","overlay-type":"","overlay-color":"","overlay-opacity":"","overlay-gradient":""},"tablet":{"background-color":"","background-image":"","background-repeat":"repeat","background-position":"center center","background-size":"auto","background-attachment":"scroll","background-type":"","background-media":"","overlay-type":"","overlay-color":"","overlay-opacity":"","overlay-gradient":""},"mobile":{"background-color":"","background-image":"","background-repeat":"repeat","background-position":"center center","background-size":"auto","background-attachment":"scroll","background-type":"","background-media":"","overlay-type":"","overlay-color":"","overlay-opacity":"","overlay-gradient":""}},"ast-content-background-meta":{"desktop":{"background-color":"var(--ast-global-color-4)","background-image":"","background-repeat":"repeat","background-position":"center center","background-size":"auto","background-attachment":"scroll","background-type":"","background-media":"","overlay-type":"","overlay-color":"","overlay-opacity":"","overlay-gradient":""},"tablet":{"background-color":"var(--ast-global-color-4)","background-image":"","background-repeat":"repeat","background-position":"center center","background-size":"auto","background-attachment":"scroll","background-type":"","background-media":"","overlay-type":"","overlay-color":"","overlay-opacity":"","overlay-gradient":""},"mobile":{"background-color":"var(--ast-global-color-4)","background-image":"","background-repeat":"repeat","background-position":"center center","background-size":"auto","background-attachment":"scroll","background-type":"","background-media":"","overlay-type":"","overlay-color":"","overlay-opacity":"","overlay-gradient":""}}},"product_brand":[],"product_cat":[31,15],"product_tag":[8605,5424,8573,2971,1796,3204,3002],"class_list":{"0":"post-20943","1":"product","2":"type-product","3":"status-publish","4":"has-post-thumbnail","6":"product_cat-grozine-literatura","7":"product_cat-uncategorized","8":"product_tag-anapus","9":"product_tag-dievas","10":"product_tag-doloresa-kazragyte","11":"product_tag-gyvenimas","12":"product_tag-meile","13":"product_tag-mirtis","14":"product_tag-teatras","15":"desktop-align-left","16":"tablet-align-left","17":"mobile-align-left","19":"first","20":"instock","21":"shipping-taxable","22":"purchasable","23":"product-type-simple"},"acf":[],"yoast_head":"<!-- This site is optimized with the Yoast SEO plugin v27.0 - https:\/\/yoast.com\/product\/yoast-seo-wordpress\/ -->\n<title>Ramyb\u0117s nerimas<\/title>\n<meta name=\"description\" content=\"\u201eRamyb\u0117s nerimas\u201c \u2013 \u0161e\u0161toji aktor\u0117s Doloresos Kazragyt\u0117s autobiografini\u0173 es\u0117 knyga. Apie laukian\u010dius Anapus ir esan\u010dius \u0161alia, apie gyvenim\u0105 teatre ir\" \/>\n<meta name=\"robots\" content=\"index, follow, max-snippet:-1, max-image-preview:large, max-video-preview:-1\" \/>\n<link rel=\"canonical\" href=\"https:\/\/skaitytaknyga.lt\/en\/produktas\/ramybes-nerimas\/\" \/>\n<meta property=\"og:locale\" content=\"en_GB\" \/>\n<meta property=\"og:locale:alternate\" content=\"lt_LT\" \/>\n<meta property=\"og:type\" content=\"article\" \/>\n<meta property=\"og:title\" content=\"Ramyb\u0117s nerimas\" \/>\n<meta property=\"og:description\" content=\"\u201eRamyb\u0117s nerimas\u201c \u2013 \u0161e\u0161toji aktor\u0117s Doloresos Kazragyt\u0117s autobiografini\u0173 es\u0117 knyga. Apie laukian\u010dius Anapus ir esan\u010dius \u0161alia, apie gyvenim\u0105 teatre ir\" \/>\n<meta property=\"og:url\" content=\"https:\/\/skaitytaknyga.lt\/en\/produktas\/ramybes-nerimas\/\" \/>\n<meta property=\"og:site_name\" content=\"Skaitytaknyga\" \/>\n<meta property=\"article:publisher\" content=\"https:\/\/www.facebook.com\/skaitytaknyga\/\" \/>\n<meta property=\"article:modified_time\" content=\"2025-10-06T10:01:20+00:00\" \/>\n<meta property=\"og:image\" content=\"https:\/\/skaitytaknyga.lt\/wp-content\/uploads\/2025\/09\/Ramybes-nerimas-1.webp\" \/>\n\t<meta property=\"og:image:width\" content=\"300\" \/>\n\t<meta property=\"og:image:height\" content=\"415\" \/>\n\t<meta property=\"og:image:type\" content=\"image\/webp\" \/>\n<meta name=\"twitter:card\" content=\"summary_large_image\" \/>\n<meta name=\"twitter:label1\" content=\"Estimated reading time\" \/>\n\t<meta name=\"twitter:data1\" content=\"1 minute\" \/>\n<script type=\"application\/ld+json\" class=\"yoast-schema-graph\">{\"@context\":\"https:\/\/schema.org\",\"@graph\":[{\"@type\":\"WebPage\",\"@id\":\"https:\/\/skaitytaknyga.lt\/produktas\/ramybes-nerimas\/\",\"url\":\"https:\/\/skaitytaknyga.lt\/produktas\/ramybes-nerimas\/\",\"name\":\"Ramyb\u0117s nerimas\",\"isPartOf\":{\"@id\":\"https:\/\/skaitytaknyga.lt\/#website\"},\"primaryImageOfPage\":{\"@id\":\"https:\/\/skaitytaknyga.lt\/produktas\/ramybes-nerimas\/#primaryimage\"},\"image\":{\"@id\":\"https:\/\/skaitytaknyga.lt\/produktas\/ramybes-nerimas\/#primaryimage\"},\"thumbnailUrl\":\"https:\/\/skaitytaknyga.lt\/wp-content\/uploads\/2025\/09\/Ramybes-nerimas-1.webp\",\"datePublished\":\"2025-09-19T05:52:37+00:00\",\"dateModified\":\"2025-10-06T10:01:20+00:00\",\"description\":\"\u201eRamyb\u0117s nerimas\u201c \u2013 \u0161e\u0161toji aktor\u0117s Doloresos Kazragyt\u0117s autobiografini\u0173 es\u0117 knyga. Apie laukian\u010dius Anapus ir esan\u010dius \u0161alia, apie gyvenim\u0105 teatre ir\",\"breadcrumb\":{\"@id\":\"https:\/\/skaitytaknyga.lt\/produktas\/ramybes-nerimas\/#breadcrumb\"},\"inLanguage\":\"en-GB\",\"potentialAction\":[{\"@type\":\"ReadAction\",\"target\":[\"https:\/\/skaitytaknyga.lt\/produktas\/ramybes-nerimas\/\"]}]},{\"@type\":\"ImageObject\",\"inLanguage\":\"en-GB\",\"@id\":\"https:\/\/skaitytaknyga.lt\/produktas\/ramybes-nerimas\/#primaryimage\",\"url\":\"https:\/\/skaitytaknyga.lt\/wp-content\/uploads\/2025\/09\/Ramybes-nerimas-1.webp\",\"contentUrl\":\"https:\/\/skaitytaknyga.lt\/wp-content\/uploads\/2025\/09\/Ramybes-nerimas-1.webp\",\"width\":300,\"height\":415,\"caption\":\"Ramyb\u0117s nerimas\"},{\"@type\":\"BreadcrumbList\",\"@id\":\"https:\/\/skaitytaknyga.lt\/produktas\/ramybes-nerimas\/#breadcrumb\",\"itemListElement\":[{\"@type\":\"ListItem\",\"position\":1,\"name\":\"Home\",\"item\":\"https:\/\/skaitytaknyga.lt\/\"},{\"@type\":\"ListItem\",\"position\":2,\"name\":\"Parduotuv\u0117\",\"item\":\"https:\/\/skaitytaknyga.lt\/knygu-parduotuve\/\"},{\"@type\":\"ListItem\",\"position\":3,\"name\":\"Ramyb\u0117s nerimas\"}]},{\"@type\":\"WebSite\",\"@id\":\"https:\/\/skaitytaknyga.lt\/#website\",\"url\":\"https:\/\/skaitytaknyga.lt\/\",\"name\":\"skaitytaknyga.lt\",\"description\":\"Skaitytaknyga.lt \u2013 tai ma\u017eas \u0161eimos verslas, kuris prasid\u0117jo nuo meil\u0117s knygoms ir siekio i\u0161gelb\u0117ti knygas nuo likimo prie konteinerio. Kas vienam nereikalingas daiktas \u2013 kitam lobis, o mes esame tarpininkai, kurie padeda abiems tapti laimingesniems ???? \u017dinome kaip nelengva i\u0161gyventi ma\u017eiems verslams, tad nuo \u0161iol, \u010dia rasite ir kit\u0173, ma\u017e\u0173 \u0161eim\u0173 versl\u0173, rank\u0173 darbo, dovan\u0173 sau ir artimiesiems.\",\"publisher\":{\"@id\":\"https:\/\/skaitytaknyga.lt\/#organization\"},\"potentialAction\":[{\"@type\":\"SearchAction\",\"target\":{\"@type\":\"EntryPoint\",\"urlTemplate\":\"https:\/\/skaitytaknyga.lt\/?s={search_term_string}\"},\"query-input\":{\"@type\":\"PropertyValueSpecification\",\"valueRequired\":true,\"valueName\":\"search_term_string\"}}],\"inLanguage\":\"en-GB\"},{\"@type\":\"Organization\",\"@id\":\"https:\/\/skaitytaknyga.lt\/#organization\",\"name\":\"skaitytaknyga.lt\",\"url\":\"https:\/\/skaitytaknyga.lt\/\",\"logo\":{\"@type\":\"ImageObject\",\"inLanguage\":\"en-GB\",\"@id\":\"https:\/\/skaitytaknyga.lt\/#\/schema\/logo\/image\/\",\"url\":\"https:\/\/skaitytaknyga.lt\/wp-content\/uploads\/2024\/05\/cropped-cropped-cropped-02_00843_jt3bggkj1j3HLc7SyY6rEUpg.jpeg\",\"contentUrl\":\"https:\/\/skaitytaknyga.lt\/wp-content\/uploads\/2024\/05\/cropped-cropped-cropped-02_00843_jt3bggkj1j3HLc7SyY6rEUpg.jpeg\",\"width\":1600,\"height\":1600,\"caption\":\"skaitytaknyga.lt\"},\"image\":{\"@id\":\"https:\/\/skaitytaknyga.lt\/#\/schema\/logo\/image\/\"},\"sameAs\":[\"https:\/\/www.facebook.com\/skaitytaknyga\/\"]}]}<\/script>\n<!-- \/ Yoast SEO plugin. -->","yoast_head_json":{"title":"Ramyb\u0117s nerimas","description":"\u201eRamyb\u0117s nerimas\u201c \u2013 \u0161e\u0161toji aktor\u0117s Doloresos Kazragyt\u0117s autobiografini\u0173 es\u0117 knyga. Apie laukian\u010dius Anapus ir esan\u010dius \u0161alia, apie gyvenim\u0105 teatre ir","robots":{"index":"index","follow":"follow","max-snippet":"max-snippet:-1","max-image-preview":"max-image-preview:large","max-video-preview":"max-video-preview:-1"},"canonical":"https:\/\/skaitytaknyga.lt\/en\/produktas\/ramybes-nerimas\/","og_locale":"en_GB","og_type":"article","og_title":"[:lt]Ramyb\u0117s nerimas[:] - Skaitytaknyga","og_description":"\u201eRamyb\u0117s nerimas\u201c \u2013 \u0161e\u0161toji aktor\u0117s Doloresos Kazragyt\u0117s autobiografini\u0173 es\u0117 knyga. Apie laukian\u010dius Anapus ir esan\u010dius \u0161alia, apie gyvenim\u0105 teatre ir","og_url":"https:\/\/skaitytaknyga.lt\/en\/produktas\/ramybes-nerimas\/","og_site_name":"Skaitytaknyga","article_publisher":"https:\/\/www.facebook.com\/skaitytaknyga\/","article_modified_time":"2025-10-06T10:01:20+00:00","og_image":[{"width":300,"height":415,"url":"https:\/\/skaitytaknyga.lt\/wp-content\/uploads\/2025\/09\/Ramybes-nerimas-1.webp","type":"image\/webp"}],"twitter_card":"summary_large_image","twitter_misc":{"Estimated reading time":"1 minute"},"schema":{"@context":"https:\/\/schema.org","@graph":[{"@type":"WebPage","@id":"https:\/\/skaitytaknyga.lt\/produktas\/ramybes-nerimas\/","url":"https:\/\/skaitytaknyga.lt\/produktas\/ramybes-nerimas\/","name":"Ramyb\u0117s nerimas","isPartOf":{"@id":"https:\/\/skaitytaknyga.lt\/#website"},"primaryImageOfPage":{"@id":"https:\/\/skaitytaknyga.lt\/produktas\/ramybes-nerimas\/#primaryimage"},"image":{"@id":"https:\/\/skaitytaknyga.lt\/produktas\/ramybes-nerimas\/#primaryimage"},"thumbnailUrl":"https:\/\/skaitytaknyga.lt\/wp-content\/uploads\/2025\/09\/Ramybes-nerimas-1.webp","datePublished":"2025-09-19T05:52:37+00:00","dateModified":"2025-10-06T10:01:20+00:00","description":"\u201eRamyb\u0117s nerimas\u201c \u2013 \u0161e\u0161toji aktor\u0117s Doloresos Kazragyt\u0117s autobiografini\u0173 es\u0117 knyga. Apie laukian\u010dius Anapus ir esan\u010dius \u0161alia, apie gyvenim\u0105 teatre ir","breadcrumb":{"@id":"https:\/\/skaitytaknyga.lt\/produktas\/ramybes-nerimas\/#breadcrumb"},"inLanguage":"en-GB","potentialAction":[{"@type":"ReadAction","target":["https:\/\/skaitytaknyga.lt\/produktas\/ramybes-nerimas\/"]}]},{"@type":"ImageObject","inLanguage":"en-GB","@id":"https:\/\/skaitytaknyga.lt\/produktas\/ramybes-nerimas\/#primaryimage","url":"https:\/\/skaitytaknyga.lt\/wp-content\/uploads\/2025\/09\/Ramybes-nerimas-1.webp","contentUrl":"https:\/\/skaitytaknyga.lt\/wp-content\/uploads\/2025\/09\/Ramybes-nerimas-1.webp","width":300,"height":415,"caption":"Ramyb\u0117s nerimas"},{"@type":"BreadcrumbList","@id":"https:\/\/skaitytaknyga.lt\/produktas\/ramybes-nerimas\/#breadcrumb","itemListElement":[{"@type":"ListItem","position":1,"name":"Home","item":"https:\/\/skaitytaknyga.lt\/"},{"@type":"ListItem","position":2,"name":"Parduotuv\u0117","item":"https:\/\/skaitytaknyga.lt\/knygu-parduotuve\/"},{"@type":"ListItem","position":3,"name":"Ramyb\u0117s nerimas"}]},{"@type":"WebSite","@id":"https:\/\/skaitytaknyga.lt\/#website","url":"https:\/\/skaitytaknyga.lt\/","name":"skaitytaknyga.lt","description":"Skaitytaknyga.lt \u2013 tai ma\u017eas \u0161eimos verslas, kuris prasid\u0117jo nuo meil\u0117s knygoms ir siekio i\u0161gelb\u0117ti knygas nuo likimo prie konteinerio. Kas vienam nereikalingas daiktas \u2013 kitam lobis, o mes esame tarpininkai, kurie padeda abiems tapti laimingesniems ???? \u017dinome kaip nelengva i\u0161gyventi ma\u017eiems verslams, tad nuo \u0161iol, \u010dia rasite ir kit\u0173, ma\u017e\u0173 \u0161eim\u0173 versl\u0173, rank\u0173 darbo, dovan\u0173 sau ir artimiesiems.","publisher":{"@id":"https:\/\/skaitytaknyga.lt\/#organization"},"potentialAction":[{"@type":"SearchAction","target":{"@type":"EntryPoint","urlTemplate":"https:\/\/skaitytaknyga.lt\/?s={search_term_string}"},"query-input":{"@type":"PropertyValueSpecification","valueRequired":true,"valueName":"search_term_string"}}],"inLanguage":"en-GB"},{"@type":"Organization","@id":"https:\/\/skaitytaknyga.lt\/#organization","name":"skaitytaknyga.lt","url":"https:\/\/skaitytaknyga.lt\/","logo":{"@type":"ImageObject","inLanguage":"en-GB","@id":"https:\/\/skaitytaknyga.lt\/#\/schema\/logo\/image\/","url":"https:\/\/skaitytaknyga.lt\/wp-content\/uploads\/2024\/05\/cropped-cropped-cropped-02_00843_jt3bggkj1j3HLc7SyY6rEUpg.jpeg","contentUrl":"https:\/\/skaitytaknyga.lt\/wp-content\/uploads\/2024\/05\/cropped-cropped-cropped-02_00843_jt3bggkj1j3HLc7SyY6rEUpg.jpeg","width":1600,"height":1600,"caption":"skaitytaknyga.lt"},"image":{"@id":"https:\/\/skaitytaknyga.lt\/#\/schema\/logo\/image\/"},"sameAs":["https:\/\/www.facebook.com\/skaitytaknyga\/"]}]}},"_links":{"self":[{"href":"https:\/\/skaitytaknyga.lt\/en\/wp-json\/wp\/v2\/product\/20943","targetHints":{"allow":["GET"]}}],"collection":[{"href":"https:\/\/skaitytaknyga.lt\/en\/wp-json\/wp\/v2\/product"}],"about":[{"href":"https:\/\/skaitytaknyga.lt\/en\/wp-json\/wp\/v2\/types\/product"}],"replies":[{"embeddable":true,"href":"https:\/\/skaitytaknyga.lt\/en\/wp-json\/wp\/v2\/comments?post=20943"}],"wp:featuredmedia":[{"embeddable":true,"href":"https:\/\/skaitytaknyga.lt\/en\/wp-json\/wp\/v2\/media\/20948"}],"wp:attachment":[{"href":"https:\/\/skaitytaknyga.lt\/en\/wp-json\/wp\/v2\/media?parent=20943"}],"wp:term":[{"taxonomy":"product_brand","embeddable":true,"href":"https:\/\/skaitytaknyga.lt\/en\/wp-json\/wp\/v2\/product_brand?post=20943"},{"taxonomy":"product_cat","embeddable":true,"href":"https:\/\/skaitytaknyga.lt\/en\/wp-json\/wp\/v2\/product_cat?post=20943"},{"taxonomy":"product_tag","embeddable":true,"href":"https:\/\/skaitytaknyga.lt\/en\/wp-json\/wp\/v2\/product_tag?post=20943"}],"curies":[{"name":"wp","href":"https:\/\/api.w.org\/{rel}","templated":true}]}}