{"id":20942,"date":"2025-09-19T08:52:36","date_gmt":"2025-09-19T05:52:36","guid":{"rendered":"https:\/\/skaitytaknyga.lt\/?post_type=product&#038;p=20942"},"modified":"2025-10-06T13:01:10","modified_gmt":"2025-10-06T10:01:10","slug":"nepaprastos-istorijos-is-praeities","status":"publish","type":"product","link":"https:\/\/skaitytaknyga.lt\/en\/produktas\/nepaprastos-istorijos-is-praeities\/","title":{"rendered":"Nepaprastos istorijos i\u0161 praeities"},"content":{"rendered":"<p>Kod\u0117l Rusijos caras Ivanas IV buvo pramintas R\u016bs\u010diuoju? Ar Erodas i\u0161 tikr\u0173j\u0173 \u012fsak\u0117 i\u0161\u017eudyti visus Betliejaus vaikus? Kod\u0117l buvo si\u016bloma paskendus\u012f laiv\u0105 \u201eEstonia&#8221; u\u017elieti betonu ir daugiau niekada jo nejudinti? Kuri kilminga moteris buvo u\u017egauliojama d\u0117l savo bjaurumo ir kas atsitiko paskutiniam Kinijos imperatoriui Pu I?<\/p>\n<p>\u0160ioje informatyvioje, \u012fdomioje knygoje jus lyd\u0117s pasakojimai apie keistus \u012fvykius, kovas d\u0117l vald\u017eios, paslaptingus dingimus ir stebuklingus susitikimus, niek\u0161us, menininkus, nuostabias moteris ir likimo pos\u016bkius. Su\u017einosite, kaip randasi legendos ir kaip nuslepiama istorin\u0117 tiesa.<\/p>\n","protected":false},"excerpt":{"rendered":"<p>Kod\u0117l Rusijos caras Ivanas IV buvo pramintas R\u016bs\u010diuoju? Ar Erodas i\u0161 tikr\u0173j\u0173 \u012fsak\u0117 i\u0161\u017eudyti visus Betliejaus vaikus? Kod\u0117l buvo si\u016bloma paskendus\u012f laiv\u0105 \u201eEstonia&#8221; u\u017elieti betonu ir daugiau niekada jo nejudinti? Kuri kilminga moteris buvo u\u017egauliojama d\u0117l savo bjaurumo ir kas atsitiko paskutiniam Kinijos imperatoriui Pu I? \u0160ioje informatyvioje, \u012fdomioje knygoje jus lyd\u0117s pasakojimai apie keistus \u012fvykius, kovas d\u0117l vald\u017eios, paslaptingus dingimus ir stebuklingus susitikimus, niek\u0161us, menininkus, nuostabias moteris ir likimo pos\u016bkius. Su\u017einosite, kaip randasi legendos ir kaip nuslepiama istorin\u0117 tiesa.<\/p>\n","protected":false},"featured_media":20947,"comment_status":"open","ping_status":"closed","template":"","meta":{"_acf_changed":false,"site-sidebar-layout":"default","site-content-layout":"","ast-site-content-layout":"default","site-content-style":"default","site-sidebar-style":"default","ast-global-header-display":"","ast-banner-title-visibility":"","ast-main-header-display":"","ast-hfb-above-header-display":"","ast-hfb-below-header-display":"","ast-hfb-mobile-header-display":"","site-post-title":"","ast-breadcrumbs-content":"","ast-featured-img":"","footer-sml-layout":"","ast-disable-related-posts":"","theme-transparent-header-meta":"","adv-header-id-meta":"","stick-header-meta":"","header-above-stick-meta":"","header-main-stick-meta":"","header-below-stick-meta":"","astra-migrate-meta-layouts":"default","ast-page-background-enabled":"default","ast-page-background-meta":{"desktop":{"background-color":"","background-image":"","background-repeat":"repeat","background-position":"center center","background-size":"auto","background-attachment":"scroll","background-type":"","background-media":"","overlay-type":"","overlay-color":"","overlay-opacity":"","overlay-gradient":""},"tablet":{"background-color":"","background-image":"","background-repeat":"repeat","background-position":"center center","background-size":"auto","background-attachment":"scroll","background-type":"","background-media":"","overlay-type":"","overlay-color":"","overlay-opacity":"","overlay-gradient":""},"mobile":{"background-color":"","background-image":"","background-repeat":"repeat","background-position":"center center","background-size":"auto","background-attachment":"scroll","background-type":"","background-media":"","overlay-type":"","overlay-color":"","overlay-opacity":"","overlay-gradient":""}},"ast-content-background-meta":{"desktop":{"background-color":"var(--ast-global-color-4)","background-image":"","background-repeat":"repeat","background-position":"center center","background-size":"auto","background-attachment":"scroll","background-type":"","background-media":"","overlay-type":"","overlay-color":"","overlay-opacity":"","overlay-gradient":""},"tablet":{"background-color":"var(--ast-global-color-4)","background-image":"","background-repeat":"repeat","background-position":"center center","background-size":"auto","background-attachment":"scroll","background-type":"","background-media":"","overlay-type":"","overlay-color":"","overlay-opacity":"","overlay-gradient":""},"mobile":{"background-color":"var(--ast-global-color-4)","background-image":"","background-repeat":"repeat","background-position":"center center","background-size":"auto","background-attachment":"scroll","background-type":"","background-media":"","overlay-type":"","overlay-color":"","overlay-opacity":"","overlay-gradient":""}}},"product_brand":[],"product_cat":[15],"product_tag":[8604,8573,2224,1507,3671,2582,8603,3162,2364],"class_list":{"0":"post-20942","1":"product","2":"type-product","3":"status-publish","4":"has-post-thumbnail","6":"product_cat-uncategorized","7":"product_tag-dingimai","8":"product_tag-doloresa-kazragyte","9":"product_tag-istorija","10":"product_tag-legendos","11":"product_tag-menininkai","12":"product_tag-moterys","13":"product_tag-rusijos-caras","14":"product_tag-stebuklai","15":"product_tag-valdzia","16":"desktop-align-left","17":"tablet-align-left","18":"mobile-align-left","20":"first","21":"instock","22":"shipping-taxable","23":"purchasable","24":"product-type-simple"},"acf":[],"yoast_head":"<!-- This site is optimized with the Yoast SEO plugin v27.0 - https:\/\/yoast.com\/product\/yoast-seo-wordpress\/ -->\n<title>Nepaprastos istorijos i\u0161 praeities<\/title>\n<meta name=\"description\" content=\"Kod\u0117l Rusijos caras Ivanas IV buvo pramintas R\u016bs\u010diuoju? Ar Erodas i\u0161 tikr\u0173j\u0173 \u012fsak\u0117 i\u0161\u017eudyti visus Betliejaus vaikus? Kod\u0117l buvo si\u016bloma paskendus\u012f laiv\u0105\" \/>\n<meta name=\"robots\" content=\"index, follow, max-snippet:-1, max-image-preview:large, max-video-preview:-1\" \/>\n<link rel=\"canonical\" href=\"https:\/\/skaitytaknyga.lt\/en\/produktas\/nepaprastos-istorijos-is-praeities\/\" \/>\n<meta property=\"og:locale\" content=\"en_GB\" \/>\n<meta property=\"og:locale:alternate\" content=\"lt_LT\" \/>\n<meta property=\"og:type\" content=\"article\" \/>\n<meta property=\"og:title\" content=\"Nepaprastos istorijos i\u0161 praeities\" \/>\n<meta property=\"og:description\" content=\"Kod\u0117l Rusijos caras Ivanas IV buvo pramintas R\u016bs\u010diuoju? Ar Erodas i\u0161 tikr\u0173j\u0173 \u012fsak\u0117 i\u0161\u017eudyti visus Betliejaus vaikus? Kod\u0117l buvo si\u016bloma paskendus\u012f laiv\u0105\" \/>\n<meta property=\"og:url\" content=\"https:\/\/skaitytaknyga.lt\/en\/produktas\/nepaprastos-istorijos-is-praeities\/\" \/>\n<meta property=\"og:site_name\" content=\"Skaitytaknyga\" \/>\n<meta property=\"article:publisher\" content=\"https:\/\/www.facebook.com\/skaitytaknyga\/\" \/>\n<meta property=\"article:modified_time\" content=\"2025-10-06T10:01:10+00:00\" \/>\n<meta property=\"og:image\" content=\"https:\/\/skaitytaknyga.lt\/wp-content\/uploads\/2025\/09\/Nepaprastos-istorijos-is-praeities-1.webp\" \/>\n\t<meta property=\"og:image:width\" content=\"300\" \/>\n\t<meta property=\"og:image:height\" content=\"427\" \/>\n\t<meta property=\"og:image:type\" content=\"image\/webp\" \/>\n<meta name=\"twitter:card\" content=\"summary_large_image\" \/>\n<script type=\"application\/ld+json\" class=\"yoast-schema-graph\">{\"@context\":\"https:\/\/schema.org\",\"@graph\":[{\"@type\":\"WebPage\",\"@id\":\"https:\/\/skaitytaknyga.lt\/produktas\/nepaprastos-istorijos-is-praeities\/\",\"url\":\"https:\/\/skaitytaknyga.lt\/produktas\/nepaprastos-istorijos-is-praeities\/\",\"name\":\"Nepaprastos istorijos i\u0161 praeities\",\"isPartOf\":{\"@id\":\"https:\/\/skaitytaknyga.lt\/#website\"},\"primaryImageOfPage\":{\"@id\":\"https:\/\/skaitytaknyga.lt\/produktas\/nepaprastos-istorijos-is-praeities\/#primaryimage\"},\"image\":{\"@id\":\"https:\/\/skaitytaknyga.lt\/produktas\/nepaprastos-istorijos-is-praeities\/#primaryimage\"},\"thumbnailUrl\":\"https:\/\/skaitytaknyga.lt\/wp-content\/uploads\/2025\/09\/Nepaprastos-istorijos-is-praeities-1.webp\",\"datePublished\":\"2025-09-19T05:52:36+00:00\",\"dateModified\":\"2025-10-06T10:01:10+00:00\",\"description\":\"Kod\u0117l Rusijos caras Ivanas IV buvo pramintas R\u016bs\u010diuoju? Ar Erodas i\u0161 tikr\u0173j\u0173 \u012fsak\u0117 i\u0161\u017eudyti visus Betliejaus vaikus? Kod\u0117l buvo si\u016bloma paskendus\u012f laiv\u0105\",\"breadcrumb\":{\"@id\":\"https:\/\/skaitytaknyga.lt\/produktas\/nepaprastos-istorijos-is-praeities\/#breadcrumb\"},\"inLanguage\":\"en-GB\",\"potentialAction\":[{\"@type\":\"ReadAction\",\"target\":[\"https:\/\/skaitytaknyga.lt\/produktas\/nepaprastos-istorijos-is-praeities\/\"]}]},{\"@type\":\"ImageObject\",\"inLanguage\":\"en-GB\",\"@id\":\"https:\/\/skaitytaknyga.lt\/produktas\/nepaprastos-istorijos-is-praeities\/#primaryimage\",\"url\":\"https:\/\/skaitytaknyga.lt\/wp-content\/uploads\/2025\/09\/Nepaprastos-istorijos-is-praeities-1.webp\",\"contentUrl\":\"https:\/\/skaitytaknyga.lt\/wp-content\/uploads\/2025\/09\/Nepaprastos-istorijos-is-praeities-1.webp\",\"width\":300,\"height\":427,\"caption\":\"Nepaprastos istorijos i\u0161 praeities\"},{\"@type\":\"BreadcrumbList\",\"@id\":\"https:\/\/skaitytaknyga.lt\/produktas\/nepaprastos-istorijos-is-praeities\/#breadcrumb\",\"itemListElement\":[{\"@type\":\"ListItem\",\"position\":1,\"name\":\"Home\",\"item\":\"https:\/\/skaitytaknyga.lt\/\"},{\"@type\":\"ListItem\",\"position\":2,\"name\":\"Parduotuv\u0117\",\"item\":\"https:\/\/skaitytaknyga.lt\/knygu-parduotuve\/\"},{\"@type\":\"ListItem\",\"position\":3,\"name\":\"Nepaprastos istorijos i\u0161 praeities\"}]},{\"@type\":\"WebSite\",\"@id\":\"https:\/\/skaitytaknyga.lt\/#website\",\"url\":\"https:\/\/skaitytaknyga.lt\/\",\"name\":\"skaitytaknyga.lt\",\"description\":\"Skaitytaknyga.lt \u2013 tai ma\u017eas \u0161eimos verslas, kuris prasid\u0117jo nuo meil\u0117s knygoms ir siekio i\u0161gelb\u0117ti knygas nuo likimo prie konteinerio. Kas vienam nereikalingas daiktas \u2013 kitam lobis, o mes esame tarpininkai, kurie padeda abiems tapti laimingesniems ???? \u017dinome kaip nelengva i\u0161gyventi ma\u017eiems verslams, tad nuo \u0161iol, \u010dia rasite ir kit\u0173, ma\u017e\u0173 \u0161eim\u0173 versl\u0173, rank\u0173 darbo, dovan\u0173 sau ir artimiesiems.\",\"publisher\":{\"@id\":\"https:\/\/skaitytaknyga.lt\/#organization\"},\"potentialAction\":[{\"@type\":\"SearchAction\",\"target\":{\"@type\":\"EntryPoint\",\"urlTemplate\":\"https:\/\/skaitytaknyga.lt\/?s={search_term_string}\"},\"query-input\":{\"@type\":\"PropertyValueSpecification\",\"valueRequired\":true,\"valueName\":\"search_term_string\"}}],\"inLanguage\":\"en-GB\"},{\"@type\":\"Organization\",\"@id\":\"https:\/\/skaitytaknyga.lt\/#organization\",\"name\":\"skaitytaknyga.lt\",\"url\":\"https:\/\/skaitytaknyga.lt\/\",\"logo\":{\"@type\":\"ImageObject\",\"inLanguage\":\"en-GB\",\"@id\":\"https:\/\/skaitytaknyga.lt\/#\/schema\/logo\/image\/\",\"url\":\"https:\/\/skaitytaknyga.lt\/wp-content\/uploads\/2024\/05\/cropped-cropped-cropped-02_00843_jt3bggkj1j3HLc7SyY6rEUpg.jpeg\",\"contentUrl\":\"https:\/\/skaitytaknyga.lt\/wp-content\/uploads\/2024\/05\/cropped-cropped-cropped-02_00843_jt3bggkj1j3HLc7SyY6rEUpg.jpeg\",\"width\":1600,\"height\":1600,\"caption\":\"skaitytaknyga.lt\"},\"image\":{\"@id\":\"https:\/\/skaitytaknyga.lt\/#\/schema\/logo\/image\/\"},\"sameAs\":[\"https:\/\/www.facebook.com\/skaitytaknyga\/\"]}]}<\/script>\n<!-- \/ Yoast SEO plugin. -->","yoast_head_json":{"title":"Nepaprastos istorijos i\u0161 praeities","description":"Kod\u0117l Rusijos caras Ivanas IV buvo pramintas R\u016bs\u010diuoju? Ar Erodas i\u0161 tikr\u0173j\u0173 \u012fsak\u0117 i\u0161\u017eudyti visus Betliejaus vaikus? Kod\u0117l buvo si\u016bloma paskendus\u012f laiv\u0105","robots":{"index":"index","follow":"follow","max-snippet":"max-snippet:-1","max-image-preview":"max-image-preview:large","max-video-preview":"max-video-preview:-1"},"canonical":"https:\/\/skaitytaknyga.lt\/en\/produktas\/nepaprastos-istorijos-is-praeities\/","og_locale":"en_GB","og_type":"article","og_title":"[:lt]Nepaprastos istorijos i\u0161 praeities[:] - Skaitytaknyga","og_description":"Kod\u0117l Rusijos caras Ivanas IV buvo pramintas R\u016bs\u010diuoju? Ar Erodas i\u0161 tikr\u0173j\u0173 \u012fsak\u0117 i\u0161\u017eudyti visus Betliejaus vaikus? Kod\u0117l buvo si\u016bloma paskendus\u012f laiv\u0105","og_url":"https:\/\/skaitytaknyga.lt\/en\/produktas\/nepaprastos-istorijos-is-praeities\/","og_site_name":"Skaitytaknyga","article_publisher":"https:\/\/www.facebook.com\/skaitytaknyga\/","article_modified_time":"2025-10-06T10:01:10+00:00","og_image":[{"width":300,"height":427,"url":"https:\/\/skaitytaknyga.lt\/wp-content\/uploads\/2025\/09\/Nepaprastos-istorijos-is-praeities-1.webp","type":"image\/webp"}],"twitter_card":"summary_large_image","schema":{"@context":"https:\/\/schema.org","@graph":[{"@type":"WebPage","@id":"https:\/\/skaitytaknyga.lt\/produktas\/nepaprastos-istorijos-is-praeities\/","url":"https:\/\/skaitytaknyga.lt\/produktas\/nepaprastos-istorijos-is-praeities\/","name":"Nepaprastos istorijos i\u0161 praeities","isPartOf":{"@id":"https:\/\/skaitytaknyga.lt\/#website"},"primaryImageOfPage":{"@id":"https:\/\/skaitytaknyga.lt\/produktas\/nepaprastos-istorijos-is-praeities\/#primaryimage"},"image":{"@id":"https:\/\/skaitytaknyga.lt\/produktas\/nepaprastos-istorijos-is-praeities\/#primaryimage"},"thumbnailUrl":"https:\/\/skaitytaknyga.lt\/wp-content\/uploads\/2025\/09\/Nepaprastos-istorijos-is-praeities-1.webp","datePublished":"2025-09-19T05:52:36+00:00","dateModified":"2025-10-06T10:01:10+00:00","description":"Kod\u0117l Rusijos caras Ivanas IV buvo pramintas R\u016bs\u010diuoju? Ar Erodas i\u0161 tikr\u0173j\u0173 \u012fsak\u0117 i\u0161\u017eudyti visus Betliejaus vaikus? Kod\u0117l buvo si\u016bloma paskendus\u012f laiv\u0105","breadcrumb":{"@id":"https:\/\/skaitytaknyga.lt\/produktas\/nepaprastos-istorijos-is-praeities\/#breadcrumb"},"inLanguage":"en-GB","potentialAction":[{"@type":"ReadAction","target":["https:\/\/skaitytaknyga.lt\/produktas\/nepaprastos-istorijos-is-praeities\/"]}]},{"@type":"ImageObject","inLanguage":"en-GB","@id":"https:\/\/skaitytaknyga.lt\/produktas\/nepaprastos-istorijos-is-praeities\/#primaryimage","url":"https:\/\/skaitytaknyga.lt\/wp-content\/uploads\/2025\/09\/Nepaprastos-istorijos-is-praeities-1.webp","contentUrl":"https:\/\/skaitytaknyga.lt\/wp-content\/uploads\/2025\/09\/Nepaprastos-istorijos-is-praeities-1.webp","width":300,"height":427,"caption":"Nepaprastos istorijos i\u0161 praeities"},{"@type":"BreadcrumbList","@id":"https:\/\/skaitytaknyga.lt\/produktas\/nepaprastos-istorijos-is-praeities\/#breadcrumb","itemListElement":[{"@type":"ListItem","position":1,"name":"Home","item":"https:\/\/skaitytaknyga.lt\/"},{"@type":"ListItem","position":2,"name":"Parduotuv\u0117","item":"https:\/\/skaitytaknyga.lt\/knygu-parduotuve\/"},{"@type":"ListItem","position":3,"name":"Nepaprastos istorijos i\u0161 praeities"}]},{"@type":"WebSite","@id":"https:\/\/skaitytaknyga.lt\/#website","url":"https:\/\/skaitytaknyga.lt\/","name":"skaitytaknyga.lt","description":"Skaitytaknyga.lt \u2013 tai ma\u017eas \u0161eimos verslas, kuris prasid\u0117jo nuo meil\u0117s knygoms ir siekio i\u0161gelb\u0117ti knygas nuo likimo prie konteinerio. Kas vienam nereikalingas daiktas \u2013 kitam lobis, o mes esame tarpininkai, kurie padeda abiems tapti laimingesniems ???? \u017dinome kaip nelengva i\u0161gyventi ma\u017eiems verslams, tad nuo \u0161iol, \u010dia rasite ir kit\u0173, ma\u017e\u0173 \u0161eim\u0173 versl\u0173, rank\u0173 darbo, dovan\u0173 sau ir artimiesiems.","publisher":{"@id":"https:\/\/skaitytaknyga.lt\/#organization"},"potentialAction":[{"@type":"SearchAction","target":{"@type":"EntryPoint","urlTemplate":"https:\/\/skaitytaknyga.lt\/?s={search_term_string}"},"query-input":{"@type":"PropertyValueSpecification","valueRequired":true,"valueName":"search_term_string"}}],"inLanguage":"en-GB"},{"@type":"Organization","@id":"https:\/\/skaitytaknyga.lt\/#organization","name":"skaitytaknyga.lt","url":"https:\/\/skaitytaknyga.lt\/","logo":{"@type":"ImageObject","inLanguage":"en-GB","@id":"https:\/\/skaitytaknyga.lt\/#\/schema\/logo\/image\/","url":"https:\/\/skaitytaknyga.lt\/wp-content\/uploads\/2024\/05\/cropped-cropped-cropped-02_00843_jt3bggkj1j3HLc7SyY6rEUpg.jpeg","contentUrl":"https:\/\/skaitytaknyga.lt\/wp-content\/uploads\/2024\/05\/cropped-cropped-cropped-02_00843_jt3bggkj1j3HLc7SyY6rEUpg.jpeg","width":1600,"height":1600,"caption":"skaitytaknyga.lt"},"image":{"@id":"https:\/\/skaitytaknyga.lt\/#\/schema\/logo\/image\/"},"sameAs":["https:\/\/www.facebook.com\/skaitytaknyga\/"]}]}},"_links":{"self":[{"href":"https:\/\/skaitytaknyga.lt\/en\/wp-json\/wp\/v2\/product\/20942","targetHints":{"allow":["GET"]}}],"collection":[{"href":"https:\/\/skaitytaknyga.lt\/en\/wp-json\/wp\/v2\/product"}],"about":[{"href":"https:\/\/skaitytaknyga.lt\/en\/wp-json\/wp\/v2\/types\/product"}],"replies":[{"embeddable":true,"href":"https:\/\/skaitytaknyga.lt\/en\/wp-json\/wp\/v2\/comments?post=20942"}],"wp:featuredmedia":[{"embeddable":true,"href":"https:\/\/skaitytaknyga.lt\/en\/wp-json\/wp\/v2\/media\/20947"}],"wp:attachment":[{"href":"https:\/\/skaitytaknyga.lt\/en\/wp-json\/wp\/v2\/media?parent=20942"}],"wp:term":[{"taxonomy":"product_brand","embeddable":true,"href":"https:\/\/skaitytaknyga.lt\/en\/wp-json\/wp\/v2\/product_brand?post=20942"},{"taxonomy":"product_cat","embeddable":true,"href":"https:\/\/skaitytaknyga.lt\/en\/wp-json\/wp\/v2\/product_cat?post=20942"},{"taxonomy":"product_tag","embeddable":true,"href":"https:\/\/skaitytaknyga.lt\/en\/wp-json\/wp\/v2\/product_tag?post=20942"}],"curies":[{"name":"wp","href":"https:\/\/api.w.org\/{rel}","templated":true}]}}