{"id":20935,"date":"2025-09-18T14:46:10","date_gmt":"2025-09-18T11:46:10","guid":{"rendered":"https:\/\/skaitytaknyga.lt\/?post_type=product&#038;p=20935"},"modified":"2025-10-06T13:01:10","modified_gmt":"2025-10-06T10:01:10","slug":"padai-pilni-viniu","status":"publish","type":"product","link":"https:\/\/skaitytaknyga.lt\/en\/produktas\/padai-pilni-viniu\/","title":{"rendered":"PADAI PILNI VINI\u0172"},"content":{"rendered":"<p>Kaunas, Maskva, Penza, Ufa, v\u0117l Maskva ir galop Kaunas. Salom\u0117jos N\u0117ries gyvenimas, k\u016bryba ir pa\u017ei\u016bros sukasi spirale: b\u016bdama toli nuo \u012ftak\u0105 jai daran\u010di\u0173 \u017emoni\u0173, poet\u0117 virsta pati savimi, ra\u0161o talentingus eil\u0117ra\u0161\u010dius ir be galo ilgisi Lietuvos. Atsid\u016brusi bol\u0161evikin\u0117je apsuptyje tiek 1940 m. Lietuvoje, tiek v\u0117liau Maskvoje, ji \u012ftiki nauju socialistiniu gyvenimu, prisiderina, nors ilgainiui ima vis labiau suprasti, kad \u0161itas kelias jai svetimas. Gr\u012f\u017eusi\u0105 \u012f Lietuv\u0105 j\u0105 apninka dvejon\u0117s ir baim\u0117, kod\u0117l tiek daug pa\u017e\u012fstam\u0173 i\u0161ve\u017eta \u012f Sibir\u0105 ar pasitrauk\u0117 \u012f Vakarus, o reali\u0173 okupacinio re\u017eimo veiksm\u0173 poet\u0117 vis dar negali iki galo suvokti.<\/p>\n<p>Aldona Ruseckait\u0117, garsi\u0173 knyg\u0173 apie Mairon\u012f, \u017demait\u0119 ir Ma\u010dern\u012f autor\u0117, \u0161iame romane atskleid\u017eia prie\u0161taringo likimo Salom\u0117jos N\u0117ries gyvenimo paslaptis. Ji tarsi preparuoja \u012fvykius, d\u0117l kuri\u0173 poet\u0117 iki \u0161iol puolama, siekia parodyti, kaip meninink\u0105 \u012ftraukia laikme\u010dio s\u0105lygos. Be to, asmenin\u012f pasirinkim\u0105 lemia ir \u017emogaus prigimtis, charakteris, i\u0161silavinimas, artimieji. I\u0161teisinti Salom\u0117j\u0105 N\u0117r\u012f ar nuteisti \u2013 \u0161\u012f klausim\u0105 autor\u0117, gausiai pateikdama archyvin\u0117s med\u017eiagos, spr\u0119sti palieka patiems skaitytojams<\/p>\n","protected":false},"excerpt":{"rendered":"<p>Kaunas, Maskva, Penza, Ufa, v\u0117l Maskva ir galop Kaunas. Salom\u0117jos N\u0117ries gyvenimas, k\u016bryba ir pa\u017ei\u016bros sukasi spirale: b\u016bdama toli nuo \u012ftak\u0105 jai daran\u010di\u0173 \u017emoni\u0173, poet\u0117 virsta pati savimi, ra\u0161o talentingus eil\u0117ra\u0161\u010dius ir be galo ilgisi Lietuvos. Atsid\u016brusi bol\u0161evikin\u0117je apsuptyje tiek 1940 m. Lietuvoje, tiek v\u0117liau Maskvoje, ji \u012ftiki nauju socialistiniu gyvenimu, prisiderina, nors ilgainiui ima vis labiau suprasti, kad \u0161itas kelias jai svetimas. Gr\u012f\u017eusi\u0105 \u012f Lietuv\u0105 j\u0105 apninka dvejon\u0117s ir baim\u0117, kod\u0117l tiek daug pa\u017e\u012fstam\u0173 i\u0161ve\u017eta \u012f Sibir\u0105 ar pasitrauk\u0117 \u012f Vakarus, o reali\u0173 okupacinio re\u017eimo veiksm\u0173 poet\u0117 vis dar negali iki galo suvokti. Aldona Ruseckait\u0117, garsi\u0173 knyg\u0173 apie Mairon\u012f, \u017demait\u0119 ir Ma\u010dern\u012f autor\u0117, \u0161iame romane atskleid\u017eia prie\u0161taringo likimo Salom\u0117jos N\u0117ries gyvenimo paslaptis. Ji tarsi preparuoja \u012fvykius, d\u0117l kuri\u0173 poet\u0117 iki \u0161iol puolama, siekia parodyti, kaip meninink\u0105 \u012ftraukia laikme\u010dio s\u0105lygos. Be to, asmenin\u012f pasirinkim\u0105 lemia ir \u017emogaus prigimtis, charakteris, i\u0161silavinimas, artimieji. I\u0161teisinti Salom\u0117j\u0105 N\u0117r\u012f ar nuteisti \u2013 \u0161\u012f klausim\u0105 autor\u0117, gausiai pateikdama archyvin\u0117s med\u017eiagos, spr\u0119sti palieka patiems skaitytojams<\/p>\n","protected":false},"featured_media":20940,"comment_status":"open","ping_status":"closed","template":"","meta":{"_acf_changed":false,"site-sidebar-layout":"default","site-content-layout":"","ast-site-content-layout":"default","site-content-style":"default","site-sidebar-style":"default","ast-global-header-display":"","ast-banner-title-visibility":"","ast-main-header-display":"","ast-hfb-above-header-display":"","ast-hfb-below-header-display":"","ast-hfb-mobile-header-display":"","site-post-title":"","ast-breadcrumbs-content":"","ast-featured-img":"","footer-sml-layout":"","ast-disable-related-posts":"","theme-transparent-header-meta":"","adv-header-id-meta":"","stick-header-meta":"","header-above-stick-meta":"","header-main-stick-meta":"","header-below-stick-meta":"","astra-migrate-meta-layouts":"default","ast-page-background-enabled":"default","ast-page-background-meta":{"desktop":{"background-color":"","background-image":"","background-repeat":"repeat","background-position":"center center","background-size":"auto","background-attachment":"scroll","background-type":"","background-media":"","overlay-type":"","overlay-color":"","overlay-opacity":"","overlay-gradient":""},"tablet":{"background-color":"","background-image":"","background-repeat":"repeat","background-position":"center center","background-size":"auto","background-attachment":"scroll","background-type":"","background-media":"","overlay-type":"","overlay-color":"","overlay-opacity":"","overlay-gradient":""},"mobile":{"background-color":"","background-image":"","background-repeat":"repeat","background-position":"center center","background-size":"auto","background-attachment":"scroll","background-type":"","background-media":"","overlay-type":"","overlay-color":"","overlay-opacity":"","overlay-gradient":""}},"ast-content-background-meta":{"desktop":{"background-color":"var(--ast-global-color-4)","background-image":"","background-repeat":"repeat","background-position":"center center","background-size":"auto","background-attachment":"scroll","background-type":"","background-media":"","overlay-type":"","overlay-color":"","overlay-opacity":"","overlay-gradient":""},"tablet":{"background-color":"var(--ast-global-color-4)","background-image":"","background-repeat":"repeat","background-position":"center center","background-size":"auto","background-attachment":"scroll","background-type":"","background-media":"","overlay-type":"","overlay-color":"","overlay-opacity":"","overlay-gradient":""},"mobile":{"background-color":"var(--ast-global-color-4)","background-image":"","background-repeat":"repeat","background-position":"center center","background-size":"auto","background-attachment":"scroll","background-type":"","background-media":"","overlay-type":"","overlay-color":"","overlay-opacity":"","overlay-gradient":""}}},"product_brand":[],"product_cat":[31],"product_tag":[6360,8602,8601,2224,3007,2625,3247,8599,1809,2981,8600],"class_list":{"0":"post-20935","1":"product","2":"type-product","3":"status-publish","4":"has-post-thumbnail","6":"product_cat-grozine-literatura","7":"product_tag-aldona-ruseckaite","8":"product_tag-archyvine-medziaga","9":"product_tag-bolsevikine-aplinka","10":"product_tag-istorija","11":"product_tag-kuryba","12":"product_tag-lietuva","13":"product_tag-maskva","14":"product_tag-penza","15":"product_tag-poezija","16":"product_tag-salomeja-neris","17":"product_tag-ufa","18":"desktop-align-left","19":"tablet-align-left","20":"mobile-align-left","22":"first","23":"instock","24":"shipping-taxable","25":"purchasable","26":"product-type-simple"},"acf":[],"yoast_head":"<!-- This site is optimized with the Yoast SEO plugin v27.0 - https:\/\/yoast.com\/product\/yoast-seo-wordpress\/ -->\n<title>PADAI PILNI VINI\u0172<\/title>\n<meta name=\"description\" content=\"Kaunas, Maskva, Penza, Ufa, v\u0117l Maskva ir galop Kaunas. Salom\u0117jos N\u0117ries gyvenimas, k\u016bryba ir pa\u017ei\u016bros sukasi spirale: b\u016bdama toli nuo \u012ftak\u0105 jai daran\u010di\u0173\" \/>\n<meta name=\"robots\" content=\"index, follow, max-snippet:-1, max-image-preview:large, max-video-preview:-1\" \/>\n<link rel=\"canonical\" href=\"https:\/\/skaitytaknyga.lt\/en\/produktas\/padai-pilni-viniu\/\" \/>\n<meta property=\"og:locale\" content=\"en_GB\" \/>\n<meta property=\"og:locale:alternate\" content=\"lt_LT\" \/>\n<meta property=\"og:type\" content=\"article\" \/>\n<meta property=\"og:title\" content=\"PADAI PILNI VINI\u0172\" \/>\n<meta property=\"og:description\" content=\"Kaunas, Maskva, Penza, Ufa, v\u0117l Maskva ir galop Kaunas. Salom\u0117jos N\u0117ries gyvenimas, k\u016bryba ir pa\u017ei\u016bros sukasi spirale: b\u016bdama toli nuo \u012ftak\u0105 jai daran\u010di\u0173\" \/>\n<meta property=\"og:url\" content=\"https:\/\/skaitytaknyga.lt\/en\/produktas\/padai-pilni-viniu\/\" \/>\n<meta property=\"og:site_name\" content=\"Skaitytaknyga\" \/>\n<meta property=\"article:publisher\" content=\"https:\/\/www.facebook.com\/skaitytaknyga\/\" \/>\n<meta property=\"article:modified_time\" content=\"2025-10-06T10:01:10+00:00\" \/>\n<meta property=\"og:image\" content=\"https:\/\/skaitytaknyga.lt\/wp-content\/uploads\/2025\/09\/PADAI-PILNI-VINIU-1.webp\" \/>\n\t<meta property=\"og:image:width\" content=\"300\" \/>\n\t<meta property=\"og:image:height\" content=\"453\" \/>\n\t<meta property=\"og:image:type\" content=\"image\/webp\" \/>\n<meta name=\"twitter:card\" content=\"summary_large_image\" \/>\n<meta name=\"twitter:label1\" content=\"Estimated reading time\" \/>\n\t<meta name=\"twitter:data1\" content=\"1 minute\" \/>\n<script type=\"application\/ld+json\" class=\"yoast-schema-graph\">{\"@context\":\"https:\/\/schema.org\",\"@graph\":[{\"@type\":\"WebPage\",\"@id\":\"https:\/\/skaitytaknyga.lt\/produktas\/padai-pilni-viniu\/\",\"url\":\"https:\/\/skaitytaknyga.lt\/produktas\/padai-pilni-viniu\/\",\"name\":\"PADAI PILNI VINI\u0172\",\"isPartOf\":{\"@id\":\"https:\/\/skaitytaknyga.lt\/#website\"},\"primaryImageOfPage\":{\"@id\":\"https:\/\/skaitytaknyga.lt\/produktas\/padai-pilni-viniu\/#primaryimage\"},\"image\":{\"@id\":\"https:\/\/skaitytaknyga.lt\/produktas\/padai-pilni-viniu\/#primaryimage\"},\"thumbnailUrl\":\"https:\/\/skaitytaknyga.lt\/wp-content\/uploads\/2025\/09\/PADAI-PILNI-VINIU-1.webp\",\"datePublished\":\"2025-09-18T11:46:10+00:00\",\"dateModified\":\"2025-10-06T10:01:10+00:00\",\"description\":\"Kaunas, Maskva, Penza, Ufa, v\u0117l Maskva ir galop Kaunas. Salom\u0117jos N\u0117ries gyvenimas, k\u016bryba ir pa\u017ei\u016bros sukasi spirale: b\u016bdama toli nuo \u012ftak\u0105 jai daran\u010di\u0173\",\"breadcrumb\":{\"@id\":\"https:\/\/skaitytaknyga.lt\/produktas\/padai-pilni-viniu\/#breadcrumb\"},\"inLanguage\":\"en-GB\",\"potentialAction\":[{\"@type\":\"ReadAction\",\"target\":[\"https:\/\/skaitytaknyga.lt\/produktas\/padai-pilni-viniu\/\"]}]},{\"@type\":\"ImageObject\",\"inLanguage\":\"en-GB\",\"@id\":\"https:\/\/skaitytaknyga.lt\/produktas\/padai-pilni-viniu\/#primaryimage\",\"url\":\"https:\/\/skaitytaknyga.lt\/wp-content\/uploads\/2025\/09\/PADAI-PILNI-VINIU-1.webp\",\"contentUrl\":\"https:\/\/skaitytaknyga.lt\/wp-content\/uploads\/2025\/09\/PADAI-PILNI-VINIU-1.webp\",\"width\":300,\"height\":453,\"caption\":\"PADAI PILNI VINI\u0172\"},{\"@type\":\"BreadcrumbList\",\"@id\":\"https:\/\/skaitytaknyga.lt\/produktas\/padai-pilni-viniu\/#breadcrumb\",\"itemListElement\":[{\"@type\":\"ListItem\",\"position\":1,\"name\":\"Home\",\"item\":\"https:\/\/skaitytaknyga.lt\/\"},{\"@type\":\"ListItem\",\"position\":2,\"name\":\"Parduotuv\u0117\",\"item\":\"https:\/\/skaitytaknyga.lt\/knygu-parduotuve\/\"},{\"@type\":\"ListItem\",\"position\":3,\"name\":\"PADAI PILNI VINI\u0172\"}]},{\"@type\":\"WebSite\",\"@id\":\"https:\/\/skaitytaknyga.lt\/#website\",\"url\":\"https:\/\/skaitytaknyga.lt\/\",\"name\":\"skaitytaknyga.lt\",\"description\":\"Skaitytaknyga.lt \u2013 tai ma\u017eas \u0161eimos verslas, kuris prasid\u0117jo nuo meil\u0117s knygoms ir siekio i\u0161gelb\u0117ti knygas nuo likimo prie konteinerio. Kas vienam nereikalingas daiktas \u2013 kitam lobis, o mes esame tarpininkai, kurie padeda abiems tapti laimingesniems ???? \u017dinome kaip nelengva i\u0161gyventi ma\u017eiems verslams, tad nuo \u0161iol, \u010dia rasite ir kit\u0173, ma\u017e\u0173 \u0161eim\u0173 versl\u0173, rank\u0173 darbo, dovan\u0173 sau ir artimiesiems.\",\"publisher\":{\"@id\":\"https:\/\/skaitytaknyga.lt\/#organization\"},\"potentialAction\":[{\"@type\":\"SearchAction\",\"target\":{\"@type\":\"EntryPoint\",\"urlTemplate\":\"https:\/\/skaitytaknyga.lt\/?s={search_term_string}\"},\"query-input\":{\"@type\":\"PropertyValueSpecification\",\"valueRequired\":true,\"valueName\":\"search_term_string\"}}],\"inLanguage\":\"en-GB\"},{\"@type\":\"Organization\",\"@id\":\"https:\/\/skaitytaknyga.lt\/#organization\",\"name\":\"skaitytaknyga.lt\",\"url\":\"https:\/\/skaitytaknyga.lt\/\",\"logo\":{\"@type\":\"ImageObject\",\"inLanguage\":\"en-GB\",\"@id\":\"https:\/\/skaitytaknyga.lt\/#\/schema\/logo\/image\/\",\"url\":\"https:\/\/skaitytaknyga.lt\/wp-content\/uploads\/2024\/05\/cropped-cropped-cropped-02_00843_jt3bggkj1j3HLc7SyY6rEUpg.jpeg\",\"contentUrl\":\"https:\/\/skaitytaknyga.lt\/wp-content\/uploads\/2024\/05\/cropped-cropped-cropped-02_00843_jt3bggkj1j3HLc7SyY6rEUpg.jpeg\",\"width\":1600,\"height\":1600,\"caption\":\"skaitytaknyga.lt\"},\"image\":{\"@id\":\"https:\/\/skaitytaknyga.lt\/#\/schema\/logo\/image\/\"},\"sameAs\":[\"https:\/\/www.facebook.com\/skaitytaknyga\/\"]}]}<\/script>\n<!-- \/ Yoast SEO plugin. -->","yoast_head_json":{"title":"PADAI PILNI VINI\u0172","description":"Kaunas, Maskva, Penza, Ufa, v\u0117l Maskva ir galop Kaunas. Salom\u0117jos N\u0117ries gyvenimas, k\u016bryba ir pa\u017ei\u016bros sukasi spirale: b\u016bdama toli nuo \u012ftak\u0105 jai daran\u010di\u0173","robots":{"index":"index","follow":"follow","max-snippet":"max-snippet:-1","max-image-preview":"max-image-preview:large","max-video-preview":"max-video-preview:-1"},"canonical":"https:\/\/skaitytaknyga.lt\/en\/produktas\/padai-pilni-viniu\/","og_locale":"en_GB","og_type":"article","og_title":"[:lt]PADAI PILNI VINI\u0172[:] - Skaitytaknyga","og_description":"Kaunas, Maskva, Penza, Ufa, v\u0117l Maskva ir galop Kaunas. Salom\u0117jos N\u0117ries gyvenimas, k\u016bryba ir pa\u017ei\u016bros sukasi spirale: b\u016bdama toli nuo \u012ftak\u0105 jai daran\u010di\u0173","og_url":"https:\/\/skaitytaknyga.lt\/en\/produktas\/padai-pilni-viniu\/","og_site_name":"Skaitytaknyga","article_publisher":"https:\/\/www.facebook.com\/skaitytaknyga\/","article_modified_time":"2025-10-06T10:01:10+00:00","og_image":[{"width":300,"height":453,"url":"https:\/\/skaitytaknyga.lt\/wp-content\/uploads\/2025\/09\/PADAI-PILNI-VINIU-1.webp","type":"image\/webp"}],"twitter_card":"summary_large_image","twitter_misc":{"Estimated reading time":"1 minute"},"schema":{"@context":"https:\/\/schema.org","@graph":[{"@type":"WebPage","@id":"https:\/\/skaitytaknyga.lt\/produktas\/padai-pilni-viniu\/","url":"https:\/\/skaitytaknyga.lt\/produktas\/padai-pilni-viniu\/","name":"PADAI PILNI VINI\u0172","isPartOf":{"@id":"https:\/\/skaitytaknyga.lt\/#website"},"primaryImageOfPage":{"@id":"https:\/\/skaitytaknyga.lt\/produktas\/padai-pilni-viniu\/#primaryimage"},"image":{"@id":"https:\/\/skaitytaknyga.lt\/produktas\/padai-pilni-viniu\/#primaryimage"},"thumbnailUrl":"https:\/\/skaitytaknyga.lt\/wp-content\/uploads\/2025\/09\/PADAI-PILNI-VINIU-1.webp","datePublished":"2025-09-18T11:46:10+00:00","dateModified":"2025-10-06T10:01:10+00:00","description":"Kaunas, Maskva, Penza, Ufa, v\u0117l Maskva ir galop Kaunas. Salom\u0117jos N\u0117ries gyvenimas, k\u016bryba ir pa\u017ei\u016bros sukasi spirale: b\u016bdama toli nuo \u012ftak\u0105 jai daran\u010di\u0173","breadcrumb":{"@id":"https:\/\/skaitytaknyga.lt\/produktas\/padai-pilni-viniu\/#breadcrumb"},"inLanguage":"en-GB","potentialAction":[{"@type":"ReadAction","target":["https:\/\/skaitytaknyga.lt\/produktas\/padai-pilni-viniu\/"]}]},{"@type":"ImageObject","inLanguage":"en-GB","@id":"https:\/\/skaitytaknyga.lt\/produktas\/padai-pilni-viniu\/#primaryimage","url":"https:\/\/skaitytaknyga.lt\/wp-content\/uploads\/2025\/09\/PADAI-PILNI-VINIU-1.webp","contentUrl":"https:\/\/skaitytaknyga.lt\/wp-content\/uploads\/2025\/09\/PADAI-PILNI-VINIU-1.webp","width":300,"height":453,"caption":"PADAI PILNI VINI\u0172"},{"@type":"BreadcrumbList","@id":"https:\/\/skaitytaknyga.lt\/produktas\/padai-pilni-viniu\/#breadcrumb","itemListElement":[{"@type":"ListItem","position":1,"name":"Home","item":"https:\/\/skaitytaknyga.lt\/"},{"@type":"ListItem","position":2,"name":"Parduotuv\u0117","item":"https:\/\/skaitytaknyga.lt\/knygu-parduotuve\/"},{"@type":"ListItem","position":3,"name":"PADAI PILNI VINI\u0172"}]},{"@type":"WebSite","@id":"https:\/\/skaitytaknyga.lt\/#website","url":"https:\/\/skaitytaknyga.lt\/","name":"skaitytaknyga.lt","description":"Skaitytaknyga.lt \u2013 tai ma\u017eas \u0161eimos verslas, kuris prasid\u0117jo nuo meil\u0117s knygoms ir siekio i\u0161gelb\u0117ti knygas nuo likimo prie konteinerio. Kas vienam nereikalingas daiktas \u2013 kitam lobis, o mes esame tarpininkai, kurie padeda abiems tapti laimingesniems ???? \u017dinome kaip nelengva i\u0161gyventi ma\u017eiems verslams, tad nuo \u0161iol, \u010dia rasite ir kit\u0173, ma\u017e\u0173 \u0161eim\u0173 versl\u0173, rank\u0173 darbo, dovan\u0173 sau ir artimiesiems.","publisher":{"@id":"https:\/\/skaitytaknyga.lt\/#organization"},"potentialAction":[{"@type":"SearchAction","target":{"@type":"EntryPoint","urlTemplate":"https:\/\/skaitytaknyga.lt\/?s={search_term_string}"},"query-input":{"@type":"PropertyValueSpecification","valueRequired":true,"valueName":"search_term_string"}}],"inLanguage":"en-GB"},{"@type":"Organization","@id":"https:\/\/skaitytaknyga.lt\/#organization","name":"skaitytaknyga.lt","url":"https:\/\/skaitytaknyga.lt\/","logo":{"@type":"ImageObject","inLanguage":"en-GB","@id":"https:\/\/skaitytaknyga.lt\/#\/schema\/logo\/image\/","url":"https:\/\/skaitytaknyga.lt\/wp-content\/uploads\/2024\/05\/cropped-cropped-cropped-02_00843_jt3bggkj1j3HLc7SyY6rEUpg.jpeg","contentUrl":"https:\/\/skaitytaknyga.lt\/wp-content\/uploads\/2024\/05\/cropped-cropped-cropped-02_00843_jt3bggkj1j3HLc7SyY6rEUpg.jpeg","width":1600,"height":1600,"caption":"skaitytaknyga.lt"},"image":{"@id":"https:\/\/skaitytaknyga.lt\/#\/schema\/logo\/image\/"},"sameAs":["https:\/\/www.facebook.com\/skaitytaknyga\/"]}]}},"_links":{"self":[{"href":"https:\/\/skaitytaknyga.lt\/en\/wp-json\/wp\/v2\/product\/20935","targetHints":{"allow":["GET"]}}],"collection":[{"href":"https:\/\/skaitytaknyga.lt\/en\/wp-json\/wp\/v2\/product"}],"about":[{"href":"https:\/\/skaitytaknyga.lt\/en\/wp-json\/wp\/v2\/types\/product"}],"replies":[{"embeddable":true,"href":"https:\/\/skaitytaknyga.lt\/en\/wp-json\/wp\/v2\/comments?post=20935"}],"wp:featuredmedia":[{"embeddable":true,"href":"https:\/\/skaitytaknyga.lt\/en\/wp-json\/wp\/v2\/media\/20940"}],"wp:attachment":[{"href":"https:\/\/skaitytaknyga.lt\/en\/wp-json\/wp\/v2\/media?parent=20935"}],"wp:term":[{"taxonomy":"product_brand","embeddable":true,"href":"https:\/\/skaitytaknyga.lt\/en\/wp-json\/wp\/v2\/product_brand?post=20935"},{"taxonomy":"product_cat","embeddable":true,"href":"https:\/\/skaitytaknyga.lt\/en\/wp-json\/wp\/v2\/product_cat?post=20935"},{"taxonomy":"product_tag","embeddable":true,"href":"https:\/\/skaitytaknyga.lt\/en\/wp-json\/wp\/v2\/product_tag?post=20935"}],"curies":[{"name":"wp","href":"https:\/\/api.w.org\/{rel}","templated":true}]}}