{"id":20934,"date":"2025-09-18T14:46:10","date_gmt":"2025-09-18T11:46:10","guid":{"rendered":"https:\/\/skaitytaknyga.lt\/?post_type=product&#038;p=20934"},"modified":"2025-10-06T13:01:10","modified_gmt":"2025-10-06T10:01:10","slug":"keliones-su-paciu-savimi","status":"publish","type":"product","link":"https:\/\/skaitytaknyga.lt\/en\/produktas\/keliones-su-paciu-savimi\/","title":{"rendered":"Kelion\u0117s su pa\u010diu savimi"},"content":{"rendered":"<p>\u201eKelion\u0117s su pa\u010diu savimi\u201c \u2013 knyga, kurioje vienas kit\u0105 kei\u010dia spalvingiausi pasakojimai, para\u0161yti per beveik dvide\u0161imt met\u0173: \u012fsp\u016bd\u017eiai i\u0161 Lotyn\u0173 Amerikos, Azijos, Afrikos ir daugyb\u0117s kit\u0173 pasaulio kampeli\u0173, i\u0161 d\u017eiungli\u0173, dykum\u0173, ma\u017e\u0173 miesteli\u0173 ir megapoli\u0173. Tahiras Shahas pasakoja apie Vakar\u0173 pasaulio daiktus, d\u016blan\u010dius Maroko antikvariatuose, apie keistuol\u012f ra\u0161ytoj\u0105 genij\u0173 Bruce&#8217;\u0105 Chatwin\u0105, apie miestel\u012f, kuriame gyvenimo ritmas toks l\u0117tas, kad \u0161irdis ima \u0161okti i\u0161 d\u017eiaugsmo, u\u017edarus Mumbajaus klubus, r\u016bmus Damaske ir d\u017eiovintas \u017emoni\u0173 galvas. Apie parduodam\u0105 vaiduokl\u012f ir Feso labirintus su r\u016bmais, kur po grindimis slypi lobiai, apie sen\u0105j\u0105 dvasin\u0119 Maroko sostin\u0119 \u2013 Mulai Idris\u0105. Ta\u010diau tai \u2013 ne vien kelion\u0117s \u012f gyvosios istorijos gelmes. Tahiro Shaho tekstai skirti ir Kambod\u017eos na\u0161l\u0117ms i\u0161minuotojoms, ind\u0117ms moterims, priverstoms \u017eudyti savo negimusias dukteris, smurtui, klestin\u010diam Brazilijos l\u016b\u0161nynuose.<\/p>\n","protected":false},"excerpt":{"rendered":"<p>\u201eKelion\u0117s su pa\u010diu savimi\u201c \u2013 knyga, kurioje vienas kit\u0105 kei\u010dia spalvingiausi pasakojimai, para\u0161yti per beveik dvide\u0161imt met\u0173: \u012fsp\u016bd\u017eiai i\u0161 Lotyn\u0173 Amerikos, Azijos, Afrikos ir daugyb\u0117s kit\u0173 pasaulio kampeli\u0173, i\u0161 d\u017eiungli\u0173, dykum\u0173, ma\u017e\u0173 miesteli\u0173 ir megapoli\u0173. Tahiras Shahas pasakoja apie Vakar\u0173 pasaulio daiktus, d\u016blan\u010dius Maroko antikvariatuose, apie keistuol\u012f ra\u0161ytoj\u0105 genij\u0173 Bruce&#8217;\u0105 Chatwin\u0105, apie miestel\u012f, kuriame gyvenimo ritmas toks l\u0117tas, kad \u0161irdis ima \u0161okti i\u0161 d\u017eiaugsmo, u\u017edarus Mumbajaus klubus, r\u016bmus Damaske ir d\u017eiovintas \u017emoni\u0173 galvas. Apie parduodam\u0105 vaiduokl\u012f ir Feso labirintus su r\u016bmais, kur po grindimis slypi lobiai, apie sen\u0105j\u0105 dvasin\u0119 Maroko sostin\u0119 \u2013 Mulai Idris\u0105. Ta\u010diau tai \u2013 ne vien kelion\u0117s \u012f gyvosios istorijos gelmes. Tahiro Shaho tekstai skirti ir Kambod\u017eos na\u0161l\u0117ms i\u0161minuotojoms, ind\u0117ms moterims, priverstoms \u017eudyti savo negimusias dukteris, smurtui, klestin\u010diam Brazilijos l\u016b\u0161nynuose.<\/p>\n","protected":false},"featured_media":20939,"comment_status":"open","ping_status":"closed","template":"","meta":{"_acf_changed":false,"site-sidebar-layout":"default","site-content-layout":"","ast-site-content-layout":"default","site-content-style":"default","site-sidebar-style":"default","ast-global-header-display":"","ast-banner-title-visibility":"","ast-main-header-display":"","ast-hfb-above-header-display":"","ast-hfb-below-header-display":"","ast-hfb-mobile-header-display":"","site-post-title":"","ast-breadcrumbs-content":"","ast-featured-img":"","footer-sml-layout":"","ast-disable-related-posts":"","theme-transparent-header-meta":"","adv-header-id-meta":"","stick-header-meta":"","header-above-stick-meta":"","header-main-stick-meta":"","header-below-stick-meta":"","astra-migrate-meta-layouts":"default","ast-page-background-enabled":"default","ast-page-background-meta":{"desktop":{"background-color":"","background-image":"","background-repeat":"repeat","background-position":"center center","background-size":"auto","background-attachment":"scroll","background-type":"","background-media":"","overlay-type":"","overlay-color":"","overlay-opacity":"","overlay-gradient":""},"tablet":{"background-color":"","background-image":"","background-repeat":"repeat","background-position":"center center","background-size":"auto","background-attachment":"scroll","background-type":"","background-media":"","overlay-type":"","overlay-color":"","overlay-opacity":"","overlay-gradient":""},"mobile":{"background-color":"","background-image":"","background-repeat":"repeat","background-position":"center center","background-size":"auto","background-attachment":"scroll","background-type":"","background-media":"","overlay-type":"","overlay-color":"","overlay-opacity":"","overlay-gradient":""}},"ast-content-background-meta":{"desktop":{"background-color":"var(--ast-global-color-4)","background-image":"","background-repeat":"repeat","background-position":"center center","background-size":"auto","background-attachment":"scroll","background-type":"","background-media":"","overlay-type":"","overlay-color":"","overlay-opacity":"","overlay-gradient":""},"tablet":{"background-color":"var(--ast-global-color-4)","background-image":"","background-repeat":"repeat","background-position":"center center","background-size":"auto","background-attachment":"scroll","background-type":"","background-media":"","overlay-type":"","overlay-color":"","overlay-opacity":"","overlay-gradient":""},"mobile":{"background-color":"var(--ast-global-color-4)","background-image":"","background-repeat":"repeat","background-position":"center center","background-size":"auto","background-attachment":"scroll","background-type":"","background-media":"","overlay-type":"","overlay-color":"","overlay-opacity":"","overlay-gradient":""}}},"product_brand":[],"product_cat":[30],"product_tag":[5568,5094,7855,5313,1445,2376,5994,8366,8598,8597,2582,3675,2922,8596],"class_list":{"0":"post-20934","1":"product","2":"type-product","3":"status-publish","4":"has-post-thumbnail","6":"product_cat-psichologija-ir-saviugda","7":"product_tag-afrika","8":"product_tag-azija","9":"product_tag-dykumos","10":"product_tag-dziungles","11":"product_tag-keliones","12":"product_tag-kultura","13":"product_tag-lotynu-amerika","14":"product_tag-marokas","15":"product_tag-megapoliai","16":"product_tag-miesteliai","17":"product_tag-moterys","18":"product_tag-pasaulis","19":"product_tag-smurtas","20":"product_tag-tahir-shah","21":"desktop-align-left","22":"tablet-align-left","23":"mobile-align-left","25":"first","26":"instock","27":"shipping-taxable","28":"purchasable","29":"product-type-simple"},"acf":[],"yoast_head":"<!-- This site is optimized with the Yoast SEO plugin v27.0 - https:\/\/yoast.com\/product\/yoast-seo-wordpress\/ -->\n<title>Kelion\u0117s su pa\u010diu savimi<\/title>\n<meta name=\"description\" content=\"\u201eKelion\u0117s su pa\u010diu savimi\u201c \u2013 knyga, kurioje vienas kit\u0105 kei\u010dia spalvingiausi pasakojimai, para\u0161yti per beveik dvide\u0161imt met\u0173: \u012fsp\u016bd\u017eiai i\u0161 Lotyn\u0173\" \/>\n<meta name=\"robots\" content=\"index, follow, max-snippet:-1, max-image-preview:large, max-video-preview:-1\" \/>\n<link rel=\"canonical\" href=\"https:\/\/skaitytaknyga.lt\/en\/produktas\/keliones-su-paciu-savimi\/\" \/>\n<meta property=\"og:locale\" content=\"en_GB\" \/>\n<meta property=\"og:locale:alternate\" content=\"lt_LT\" \/>\n<meta property=\"og:type\" content=\"article\" \/>\n<meta property=\"og:title\" content=\"Kelion\u0117s su pa\u010diu savimi\" \/>\n<meta property=\"og:description\" content=\"\u201eKelion\u0117s su pa\u010diu savimi\u201c \u2013 knyga, kurioje vienas kit\u0105 kei\u010dia spalvingiausi pasakojimai, para\u0161yti per beveik dvide\u0161imt met\u0173: \u012fsp\u016bd\u017eiai i\u0161 Lotyn\u0173\" \/>\n<meta property=\"og:url\" content=\"https:\/\/skaitytaknyga.lt\/en\/produktas\/keliones-su-paciu-savimi\/\" \/>\n<meta property=\"og:site_name\" content=\"Skaitytaknyga\" \/>\n<meta property=\"article:publisher\" content=\"https:\/\/www.facebook.com\/skaitytaknyga\/\" \/>\n<meta property=\"article:modified_time\" content=\"2025-10-06T10:01:10+00:00\" \/>\n<meta property=\"og:image\" content=\"https:\/\/skaitytaknyga.lt\/wp-content\/uploads\/2025\/09\/Keliones-su-paciu-savimi-1.webp\" \/>\n\t<meta property=\"og:image:width\" content=\"300\" \/>\n\t<meta property=\"og:image:height\" content=\"433\" \/>\n\t<meta property=\"og:image:type\" content=\"image\/webp\" \/>\n<meta name=\"twitter:card\" content=\"summary_large_image\" \/>\n<meta name=\"twitter:label1\" content=\"Estimated reading time\" \/>\n\t<meta name=\"twitter:data1\" content=\"1 minute\" \/>\n<script type=\"application\/ld+json\" class=\"yoast-schema-graph\">{\"@context\":\"https:\/\/schema.org\",\"@graph\":[{\"@type\":\"WebPage\",\"@id\":\"https:\/\/skaitytaknyga.lt\/produktas\/keliones-su-paciu-savimi\/\",\"url\":\"https:\/\/skaitytaknyga.lt\/produktas\/keliones-su-paciu-savimi\/\",\"name\":\"Kelion\u0117s su pa\u010diu savimi\",\"isPartOf\":{\"@id\":\"https:\/\/skaitytaknyga.lt\/#website\"},\"primaryImageOfPage\":{\"@id\":\"https:\/\/skaitytaknyga.lt\/produktas\/keliones-su-paciu-savimi\/#primaryimage\"},\"image\":{\"@id\":\"https:\/\/skaitytaknyga.lt\/produktas\/keliones-su-paciu-savimi\/#primaryimage\"},\"thumbnailUrl\":\"https:\/\/skaitytaknyga.lt\/wp-content\/uploads\/2025\/09\/Keliones-su-paciu-savimi-1.webp\",\"datePublished\":\"2025-09-18T11:46:10+00:00\",\"dateModified\":\"2025-10-06T10:01:10+00:00\",\"description\":\"\u201eKelion\u0117s su pa\u010diu savimi\u201c \u2013 knyga, kurioje vienas kit\u0105 kei\u010dia spalvingiausi pasakojimai, para\u0161yti per beveik dvide\u0161imt met\u0173: \u012fsp\u016bd\u017eiai i\u0161 Lotyn\u0173\",\"breadcrumb\":{\"@id\":\"https:\/\/skaitytaknyga.lt\/produktas\/keliones-su-paciu-savimi\/#breadcrumb\"},\"inLanguage\":\"en-GB\",\"potentialAction\":[{\"@type\":\"ReadAction\",\"target\":[\"https:\/\/skaitytaknyga.lt\/produktas\/keliones-su-paciu-savimi\/\"]}]},{\"@type\":\"ImageObject\",\"inLanguage\":\"en-GB\",\"@id\":\"https:\/\/skaitytaknyga.lt\/produktas\/keliones-su-paciu-savimi\/#primaryimage\",\"url\":\"https:\/\/skaitytaknyga.lt\/wp-content\/uploads\/2025\/09\/Keliones-su-paciu-savimi-1.webp\",\"contentUrl\":\"https:\/\/skaitytaknyga.lt\/wp-content\/uploads\/2025\/09\/Keliones-su-paciu-savimi-1.webp\",\"width\":300,\"height\":433,\"caption\":\"Kelion\u0117s su pa\u010diu savimi\"},{\"@type\":\"BreadcrumbList\",\"@id\":\"https:\/\/skaitytaknyga.lt\/produktas\/keliones-su-paciu-savimi\/#breadcrumb\",\"itemListElement\":[{\"@type\":\"ListItem\",\"position\":1,\"name\":\"Home\",\"item\":\"https:\/\/skaitytaknyga.lt\/\"},{\"@type\":\"ListItem\",\"position\":2,\"name\":\"Parduotuv\u0117\",\"item\":\"https:\/\/skaitytaknyga.lt\/knygu-parduotuve\/\"},{\"@type\":\"ListItem\",\"position\":3,\"name\":\"Kelion\u0117s su pa\u010diu savimi\"}]},{\"@type\":\"WebSite\",\"@id\":\"https:\/\/skaitytaknyga.lt\/#website\",\"url\":\"https:\/\/skaitytaknyga.lt\/\",\"name\":\"skaitytaknyga.lt\",\"description\":\"Skaitytaknyga.lt \u2013 tai ma\u017eas \u0161eimos verslas, kuris prasid\u0117jo nuo meil\u0117s knygoms ir siekio i\u0161gelb\u0117ti knygas nuo likimo prie konteinerio. Kas vienam nereikalingas daiktas \u2013 kitam lobis, o mes esame tarpininkai, kurie padeda abiems tapti laimingesniems ???? \u017dinome kaip nelengva i\u0161gyventi ma\u017eiems verslams, tad nuo \u0161iol, \u010dia rasite ir kit\u0173, ma\u017e\u0173 \u0161eim\u0173 versl\u0173, rank\u0173 darbo, dovan\u0173 sau ir artimiesiems.\",\"publisher\":{\"@id\":\"https:\/\/skaitytaknyga.lt\/#organization\"},\"potentialAction\":[{\"@type\":\"SearchAction\",\"target\":{\"@type\":\"EntryPoint\",\"urlTemplate\":\"https:\/\/skaitytaknyga.lt\/?s={search_term_string}\"},\"query-input\":{\"@type\":\"PropertyValueSpecification\",\"valueRequired\":true,\"valueName\":\"search_term_string\"}}],\"inLanguage\":\"en-GB\"},{\"@type\":\"Organization\",\"@id\":\"https:\/\/skaitytaknyga.lt\/#organization\",\"name\":\"skaitytaknyga.lt\",\"url\":\"https:\/\/skaitytaknyga.lt\/\",\"logo\":{\"@type\":\"ImageObject\",\"inLanguage\":\"en-GB\",\"@id\":\"https:\/\/skaitytaknyga.lt\/#\/schema\/logo\/image\/\",\"url\":\"https:\/\/skaitytaknyga.lt\/wp-content\/uploads\/2024\/05\/cropped-cropped-cropped-02_00843_jt3bggkj1j3HLc7SyY6rEUpg.jpeg\",\"contentUrl\":\"https:\/\/skaitytaknyga.lt\/wp-content\/uploads\/2024\/05\/cropped-cropped-cropped-02_00843_jt3bggkj1j3HLc7SyY6rEUpg.jpeg\",\"width\":1600,\"height\":1600,\"caption\":\"skaitytaknyga.lt\"},\"image\":{\"@id\":\"https:\/\/skaitytaknyga.lt\/#\/schema\/logo\/image\/\"},\"sameAs\":[\"https:\/\/www.facebook.com\/skaitytaknyga\/\"]}]}<\/script>\n<!-- \/ Yoast SEO plugin. -->","yoast_head_json":{"title":"Kelion\u0117s su pa\u010diu savimi","description":"\u201eKelion\u0117s su pa\u010diu savimi\u201c \u2013 knyga, kurioje vienas kit\u0105 kei\u010dia spalvingiausi pasakojimai, para\u0161yti per beveik dvide\u0161imt met\u0173: \u012fsp\u016bd\u017eiai i\u0161 Lotyn\u0173","robots":{"index":"index","follow":"follow","max-snippet":"max-snippet:-1","max-image-preview":"max-image-preview:large","max-video-preview":"max-video-preview:-1"},"canonical":"https:\/\/skaitytaknyga.lt\/en\/produktas\/keliones-su-paciu-savimi\/","og_locale":"en_GB","og_type":"article","og_title":"[:lt]Kelion\u0117s su pa\u010diu savimi[:] - Skaitytaknyga","og_description":"\u201eKelion\u0117s su pa\u010diu savimi\u201c \u2013 knyga, kurioje vienas kit\u0105 kei\u010dia spalvingiausi pasakojimai, para\u0161yti per beveik dvide\u0161imt met\u0173: \u012fsp\u016bd\u017eiai i\u0161 Lotyn\u0173","og_url":"https:\/\/skaitytaknyga.lt\/en\/produktas\/keliones-su-paciu-savimi\/","og_site_name":"Skaitytaknyga","article_publisher":"https:\/\/www.facebook.com\/skaitytaknyga\/","article_modified_time":"2025-10-06T10:01:10+00:00","og_image":[{"width":300,"height":433,"url":"https:\/\/skaitytaknyga.lt\/wp-content\/uploads\/2025\/09\/Keliones-su-paciu-savimi-1.webp","type":"image\/webp"}],"twitter_card":"summary_large_image","twitter_misc":{"Estimated reading time":"1 minute"},"schema":{"@context":"https:\/\/schema.org","@graph":[{"@type":"WebPage","@id":"https:\/\/skaitytaknyga.lt\/produktas\/keliones-su-paciu-savimi\/","url":"https:\/\/skaitytaknyga.lt\/produktas\/keliones-su-paciu-savimi\/","name":"Kelion\u0117s su pa\u010diu savimi","isPartOf":{"@id":"https:\/\/skaitytaknyga.lt\/#website"},"primaryImageOfPage":{"@id":"https:\/\/skaitytaknyga.lt\/produktas\/keliones-su-paciu-savimi\/#primaryimage"},"image":{"@id":"https:\/\/skaitytaknyga.lt\/produktas\/keliones-su-paciu-savimi\/#primaryimage"},"thumbnailUrl":"https:\/\/skaitytaknyga.lt\/wp-content\/uploads\/2025\/09\/Keliones-su-paciu-savimi-1.webp","datePublished":"2025-09-18T11:46:10+00:00","dateModified":"2025-10-06T10:01:10+00:00","description":"\u201eKelion\u0117s su pa\u010diu savimi\u201c \u2013 knyga, kurioje vienas kit\u0105 kei\u010dia spalvingiausi pasakojimai, para\u0161yti per beveik dvide\u0161imt met\u0173: \u012fsp\u016bd\u017eiai i\u0161 Lotyn\u0173","breadcrumb":{"@id":"https:\/\/skaitytaknyga.lt\/produktas\/keliones-su-paciu-savimi\/#breadcrumb"},"inLanguage":"en-GB","potentialAction":[{"@type":"ReadAction","target":["https:\/\/skaitytaknyga.lt\/produktas\/keliones-su-paciu-savimi\/"]}]},{"@type":"ImageObject","inLanguage":"en-GB","@id":"https:\/\/skaitytaknyga.lt\/produktas\/keliones-su-paciu-savimi\/#primaryimage","url":"https:\/\/skaitytaknyga.lt\/wp-content\/uploads\/2025\/09\/Keliones-su-paciu-savimi-1.webp","contentUrl":"https:\/\/skaitytaknyga.lt\/wp-content\/uploads\/2025\/09\/Keliones-su-paciu-savimi-1.webp","width":300,"height":433,"caption":"Kelion\u0117s su pa\u010diu savimi"},{"@type":"BreadcrumbList","@id":"https:\/\/skaitytaknyga.lt\/produktas\/keliones-su-paciu-savimi\/#breadcrumb","itemListElement":[{"@type":"ListItem","position":1,"name":"Home","item":"https:\/\/skaitytaknyga.lt\/"},{"@type":"ListItem","position":2,"name":"Parduotuv\u0117","item":"https:\/\/skaitytaknyga.lt\/knygu-parduotuve\/"},{"@type":"ListItem","position":3,"name":"Kelion\u0117s su pa\u010diu savimi"}]},{"@type":"WebSite","@id":"https:\/\/skaitytaknyga.lt\/#website","url":"https:\/\/skaitytaknyga.lt\/","name":"skaitytaknyga.lt","description":"Skaitytaknyga.lt \u2013 tai ma\u017eas \u0161eimos verslas, kuris prasid\u0117jo nuo meil\u0117s knygoms ir siekio i\u0161gelb\u0117ti knygas nuo likimo prie konteinerio. Kas vienam nereikalingas daiktas \u2013 kitam lobis, o mes esame tarpininkai, kurie padeda abiems tapti laimingesniems ???? \u017dinome kaip nelengva i\u0161gyventi ma\u017eiems verslams, tad nuo \u0161iol, \u010dia rasite ir kit\u0173, ma\u017e\u0173 \u0161eim\u0173 versl\u0173, rank\u0173 darbo, dovan\u0173 sau ir artimiesiems.","publisher":{"@id":"https:\/\/skaitytaknyga.lt\/#organization"},"potentialAction":[{"@type":"SearchAction","target":{"@type":"EntryPoint","urlTemplate":"https:\/\/skaitytaknyga.lt\/?s={search_term_string}"},"query-input":{"@type":"PropertyValueSpecification","valueRequired":true,"valueName":"search_term_string"}}],"inLanguage":"en-GB"},{"@type":"Organization","@id":"https:\/\/skaitytaknyga.lt\/#organization","name":"skaitytaknyga.lt","url":"https:\/\/skaitytaknyga.lt\/","logo":{"@type":"ImageObject","inLanguage":"en-GB","@id":"https:\/\/skaitytaknyga.lt\/#\/schema\/logo\/image\/","url":"https:\/\/skaitytaknyga.lt\/wp-content\/uploads\/2024\/05\/cropped-cropped-cropped-02_00843_jt3bggkj1j3HLc7SyY6rEUpg.jpeg","contentUrl":"https:\/\/skaitytaknyga.lt\/wp-content\/uploads\/2024\/05\/cropped-cropped-cropped-02_00843_jt3bggkj1j3HLc7SyY6rEUpg.jpeg","width":1600,"height":1600,"caption":"skaitytaknyga.lt"},"image":{"@id":"https:\/\/skaitytaknyga.lt\/#\/schema\/logo\/image\/"},"sameAs":["https:\/\/www.facebook.com\/skaitytaknyga\/"]}]}},"_links":{"self":[{"href":"https:\/\/skaitytaknyga.lt\/en\/wp-json\/wp\/v2\/product\/20934","targetHints":{"allow":["GET"]}}],"collection":[{"href":"https:\/\/skaitytaknyga.lt\/en\/wp-json\/wp\/v2\/product"}],"about":[{"href":"https:\/\/skaitytaknyga.lt\/en\/wp-json\/wp\/v2\/types\/product"}],"replies":[{"embeddable":true,"href":"https:\/\/skaitytaknyga.lt\/en\/wp-json\/wp\/v2\/comments?post=20934"}],"wp:featuredmedia":[{"embeddable":true,"href":"https:\/\/skaitytaknyga.lt\/en\/wp-json\/wp\/v2\/media\/20939"}],"wp:attachment":[{"href":"https:\/\/skaitytaknyga.lt\/en\/wp-json\/wp\/v2\/media?parent=20934"}],"wp:term":[{"taxonomy":"product_brand","embeddable":true,"href":"https:\/\/skaitytaknyga.lt\/en\/wp-json\/wp\/v2\/product_brand?post=20934"},{"taxonomy":"product_cat","embeddable":true,"href":"https:\/\/skaitytaknyga.lt\/en\/wp-json\/wp\/v2\/product_cat?post=20934"},{"taxonomy":"product_tag","embeddable":true,"href":"https:\/\/skaitytaknyga.lt\/en\/wp-json\/wp\/v2\/product_tag?post=20934"}],"curies":[{"name":"wp","href":"https:\/\/api.w.org\/{rel}","templated":true}]}}