{"id":20933,"date":"2025-09-18T14:46:09","date_gmt":"2025-09-18T11:46:09","guid":{"rendered":"https:\/\/skaitytaknyga.lt\/?post_type=product&#038;p=20933"},"modified":"2025-10-06T13:01:10","modified_gmt":"2025-10-06T10:01:10","slug":"trys-savo-gyvenimo-dainiai-casanova-stendhalis-tolstojus","status":"publish","type":"product","link":"https:\/\/skaitytaknyga.lt\/en\/produktas\/trys-savo-gyvenimo-dainiai-casanova-stendhalis-tolstojus\/","title":{"rendered":"Trys savo gyvenimo dainiai. Casanova, Stendhalis, Tolstojus"},"content":{"rendered":"<p>\u0160ioje knygoje pateikiamos literat\u016bros klasiko Stefano Zweigo biografin\u0117s es\u0117. Autorius, stebindamas savitomis psichologin\u0117mis \u012f\u017evalgomis, i\u0161mintimi bei erudicija, gilinasi \u012f trij\u0173 unikali\u0173 asmenybi\u0173, savo likimo virtuoz\u0173, nepranokstam\u0173 meninink\u0173 ir tiesiog ken\u010dian\u010di\u0173 \u017emoni\u0173 \u2013 Casanovos, Stendhalio ir Tolstojaus \u2013 gyvenimo paslaptis.<\/p>\n","protected":false},"excerpt":{"rendered":"<p>\u0160ioje knygoje pateikiamos literat\u016bros klasiko Stefano Zweigo biografin\u0117s es\u0117. Autorius, stebindamas savitomis psichologin\u0117mis \u012f\u017evalgomis, i\u0161mintimi bei erudicija, gilinasi \u012f trij\u0173 unikali\u0173 asmenybi\u0173, savo likimo virtuoz\u0173, nepranokstam\u0173 meninink\u0173 ir tiesiog ken\u010dian\u010di\u0173 \u017emoni\u0173 \u2013 Casanovos, Stendhalio ir Tolstojaus \u2013 gyvenimo paslaptis.<\/p>\n","protected":false},"featured_media":20938,"comment_status":"open","ping_status":"closed","template":"","meta":{"_acf_changed":false,"site-sidebar-layout":"default","site-content-layout":"","ast-site-content-layout":"default","site-content-style":"default","site-sidebar-style":"default","ast-global-header-display":"","ast-banner-title-visibility":"","ast-main-header-display":"","ast-hfb-above-header-display":"","ast-hfb-below-header-display":"","ast-hfb-mobile-header-display":"","site-post-title":"","ast-breadcrumbs-content":"","ast-featured-img":"","footer-sml-layout":"","ast-disable-related-posts":"","theme-transparent-header-meta":"","adv-header-id-meta":"","stick-header-meta":"","header-above-stick-meta":"","header-main-stick-meta":"","header-below-stick-meta":"","astra-migrate-meta-layouts":"default","ast-page-background-enabled":"default","ast-page-background-meta":{"desktop":{"background-color":"","background-image":"","background-repeat":"repeat","background-position":"center center","background-size":"auto","background-attachment":"scroll","background-type":"","background-media":"","overlay-type":"","overlay-color":"","overlay-opacity":"","overlay-gradient":""},"tablet":{"background-color":"","background-image":"","background-repeat":"repeat","background-position":"center center","background-size":"auto","background-attachment":"scroll","background-type":"","background-media":"","overlay-type":"","overlay-color":"","overlay-opacity":"","overlay-gradient":""},"mobile":{"background-color":"","background-image":"","background-repeat":"repeat","background-position":"center center","background-size":"auto","background-attachment":"scroll","background-type":"","background-media":"","overlay-type":"","overlay-color":"","overlay-opacity":"","overlay-gradient":""}},"ast-content-background-meta":{"desktop":{"background-color":"var(--ast-global-color-4)","background-image":"","background-repeat":"repeat","background-position":"center center","background-size":"auto","background-attachment":"scroll","background-type":"","background-media":"","overlay-type":"","overlay-color":"","overlay-opacity":"","overlay-gradient":""},"tablet":{"background-color":"var(--ast-global-color-4)","background-image":"","background-repeat":"repeat","background-position":"center center","background-size":"auto","background-attachment":"scroll","background-type":"","background-media":"","overlay-type":"","overlay-color":"","overlay-opacity":"","overlay-gradient":""},"mobile":{"background-color":"var(--ast-global-color-4)","background-image":"","background-repeat":"repeat","background-position":"center center","background-size":"auto","background-attachment":"scroll","background-type":"","background-media":"","overlay-type":"","overlay-color":"","overlay-opacity":"","overlay-gradient":""}}},"product_brand":[],"product_cat":[31],"product_tag":[2045,8593,2971,1492,3052,1392,3648,8594,8595],"class_list":{"0":"post-20933","1":"product","2":"type-product","3":"status-publish","4":"has-post-thumbnail","6":"product_cat-grozine-literatura","7":"product_tag-biografija","8":"product_tag-casanova","9":"product_tag-gyvenimas","10":"product_tag-literatura","11":"product_tag-menas","12":"product_tag-psichologija","13":"product_tag-stefan-zweig","14":"product_tag-stendhalis","15":"product_tag-tolstojus","16":"desktop-align-left","17":"tablet-align-left","18":"mobile-align-left","20":"first","21":"instock","22":"shipping-taxable","23":"purchasable","24":"product-type-simple"},"acf":[],"yoast_head":"<!-- This site is optimized with the Yoast SEO plugin v27.0 - https:\/\/yoast.com\/product\/yoast-seo-wordpress\/ -->\n<title>Trys savo gyvenimo dainiai. Casanova, Stendhalis, Tolstojus<\/title>\n<meta name=\"description\" content=\"\u0160ioje knygoje pateikiamos literat\u016bros klasiko Stefano Zweigo biografin\u0117s es\u0117. Autorius, stebindamas savitomis psichologin\u0117mis \u012f\u017evalgomis, i\u0161mintimi bei\" \/>\n<meta name=\"robots\" content=\"index, follow, max-snippet:-1, max-image-preview:large, max-video-preview:-1\" \/>\n<link rel=\"canonical\" href=\"https:\/\/skaitytaknyga.lt\/en\/produktas\/trys-savo-gyvenimo-dainiai-casanova-stendhalis-tolstojus\/\" \/>\n<meta property=\"og:locale\" content=\"en_GB\" \/>\n<meta property=\"og:locale:alternate\" content=\"lt_LT\" \/>\n<meta property=\"og:type\" content=\"article\" \/>\n<meta property=\"og:title\" content=\"Trys savo gyvenimo dainiai. Casanova, Stendhalis, Tolstojus\" \/>\n<meta property=\"og:description\" content=\"\u0160ioje knygoje pateikiamos literat\u016bros klasiko Stefano Zweigo biografin\u0117s es\u0117. Autorius, stebindamas savitomis psichologin\u0117mis \u012f\u017evalgomis, i\u0161mintimi bei\" \/>\n<meta property=\"og:url\" content=\"https:\/\/skaitytaknyga.lt\/en\/produktas\/trys-savo-gyvenimo-dainiai-casanova-stendhalis-tolstojus\/\" \/>\n<meta property=\"og:site_name\" content=\"Skaitytaknyga\" \/>\n<meta property=\"article:publisher\" content=\"https:\/\/www.facebook.com\/skaitytaknyga\/\" \/>\n<meta property=\"article:modified_time\" content=\"2025-10-06T10:01:10+00:00\" \/>\n<meta property=\"og:image\" content=\"https:\/\/skaitytaknyga.lt\/wp-content\/uploads\/2025\/09\/Trys-savo-gyvenimo-dainiai.-Casanova-Stendhalis-Tolstojus-1.webp\" \/>\n\t<meta property=\"og:image:width\" content=\"300\" \/>\n\t<meta property=\"og:image:height\" content=\"458\" \/>\n\t<meta property=\"og:image:type\" content=\"image\/webp\" \/>\n<meta name=\"twitter:card\" content=\"summary_large_image\" \/>\n<script type=\"application\/ld+json\" class=\"yoast-schema-graph\">{\"@context\":\"https:\/\/schema.org\",\"@graph\":[{\"@type\":\"WebPage\",\"@id\":\"https:\/\/skaitytaknyga.lt\/produktas\/trys-savo-gyvenimo-dainiai-casanova-stendhalis-tolstojus\/\",\"url\":\"https:\/\/skaitytaknyga.lt\/produktas\/trys-savo-gyvenimo-dainiai-casanova-stendhalis-tolstojus\/\",\"name\":\"Trys savo gyvenimo dainiai. Casanova, Stendhalis, Tolstojus\",\"isPartOf\":{\"@id\":\"https:\/\/skaitytaknyga.lt\/#website\"},\"primaryImageOfPage\":{\"@id\":\"https:\/\/skaitytaknyga.lt\/produktas\/trys-savo-gyvenimo-dainiai-casanova-stendhalis-tolstojus\/#primaryimage\"},\"image\":{\"@id\":\"https:\/\/skaitytaknyga.lt\/produktas\/trys-savo-gyvenimo-dainiai-casanova-stendhalis-tolstojus\/#primaryimage\"},\"thumbnailUrl\":\"https:\/\/skaitytaknyga.lt\/wp-content\/uploads\/2025\/09\/Trys-savo-gyvenimo-dainiai.-Casanova-Stendhalis-Tolstojus-1.webp\",\"datePublished\":\"2025-09-18T11:46:09+00:00\",\"dateModified\":\"2025-10-06T10:01:10+00:00\",\"description\":\"\u0160ioje knygoje pateikiamos literat\u016bros klasiko Stefano Zweigo biografin\u0117s es\u0117. Autorius, stebindamas savitomis psichologin\u0117mis \u012f\u017evalgomis, i\u0161mintimi bei\",\"breadcrumb\":{\"@id\":\"https:\/\/skaitytaknyga.lt\/produktas\/trys-savo-gyvenimo-dainiai-casanova-stendhalis-tolstojus\/#breadcrumb\"},\"inLanguage\":\"en-GB\",\"potentialAction\":[{\"@type\":\"ReadAction\",\"target\":[\"https:\/\/skaitytaknyga.lt\/produktas\/trys-savo-gyvenimo-dainiai-casanova-stendhalis-tolstojus\/\"]}]},{\"@type\":\"ImageObject\",\"inLanguage\":\"en-GB\",\"@id\":\"https:\/\/skaitytaknyga.lt\/produktas\/trys-savo-gyvenimo-dainiai-casanova-stendhalis-tolstojus\/#primaryimage\",\"url\":\"https:\/\/skaitytaknyga.lt\/wp-content\/uploads\/2025\/09\/Trys-savo-gyvenimo-dainiai.-Casanova-Stendhalis-Tolstojus-1.webp\",\"contentUrl\":\"https:\/\/skaitytaknyga.lt\/wp-content\/uploads\/2025\/09\/Trys-savo-gyvenimo-dainiai.-Casanova-Stendhalis-Tolstojus-1.webp\",\"width\":300,\"height\":458},{\"@type\":\"BreadcrumbList\",\"@id\":\"https:\/\/skaitytaknyga.lt\/produktas\/trys-savo-gyvenimo-dainiai-casanova-stendhalis-tolstojus\/#breadcrumb\",\"itemListElement\":[{\"@type\":\"ListItem\",\"position\":1,\"name\":\"Home\",\"item\":\"https:\/\/skaitytaknyga.lt\/\"},{\"@type\":\"ListItem\",\"position\":2,\"name\":\"Parduotuv\u0117\",\"item\":\"https:\/\/skaitytaknyga.lt\/knygu-parduotuve\/\"},{\"@type\":\"ListItem\",\"position\":3,\"name\":\"Trys savo gyvenimo dainiai. Casanova, Stendhalis, Tolstojus\"}]},{\"@type\":\"WebSite\",\"@id\":\"https:\/\/skaitytaknyga.lt\/#website\",\"url\":\"https:\/\/skaitytaknyga.lt\/\",\"name\":\"skaitytaknyga.lt\",\"description\":\"Skaitytaknyga.lt \u2013 tai ma\u017eas \u0161eimos verslas, kuris prasid\u0117jo nuo meil\u0117s knygoms ir siekio i\u0161gelb\u0117ti knygas nuo likimo prie konteinerio. Kas vienam nereikalingas daiktas \u2013 kitam lobis, o mes esame tarpininkai, kurie padeda abiems tapti laimingesniems ???? \u017dinome kaip nelengva i\u0161gyventi ma\u017eiems verslams, tad nuo \u0161iol, \u010dia rasite ir kit\u0173, ma\u017e\u0173 \u0161eim\u0173 versl\u0173, rank\u0173 darbo, dovan\u0173 sau ir artimiesiems.\",\"publisher\":{\"@id\":\"https:\/\/skaitytaknyga.lt\/#organization\"},\"potentialAction\":[{\"@type\":\"SearchAction\",\"target\":{\"@type\":\"EntryPoint\",\"urlTemplate\":\"https:\/\/skaitytaknyga.lt\/?s={search_term_string}\"},\"query-input\":{\"@type\":\"PropertyValueSpecification\",\"valueRequired\":true,\"valueName\":\"search_term_string\"}}],\"inLanguage\":\"en-GB\"},{\"@type\":\"Organization\",\"@id\":\"https:\/\/skaitytaknyga.lt\/#organization\",\"name\":\"skaitytaknyga.lt\",\"url\":\"https:\/\/skaitytaknyga.lt\/\",\"logo\":{\"@type\":\"ImageObject\",\"inLanguage\":\"en-GB\",\"@id\":\"https:\/\/skaitytaknyga.lt\/#\/schema\/logo\/image\/\",\"url\":\"https:\/\/skaitytaknyga.lt\/wp-content\/uploads\/2024\/05\/cropped-cropped-cropped-02_00843_jt3bggkj1j3HLc7SyY6rEUpg.jpeg\",\"contentUrl\":\"https:\/\/skaitytaknyga.lt\/wp-content\/uploads\/2024\/05\/cropped-cropped-cropped-02_00843_jt3bggkj1j3HLc7SyY6rEUpg.jpeg\",\"width\":1600,\"height\":1600,\"caption\":\"skaitytaknyga.lt\"},\"image\":{\"@id\":\"https:\/\/skaitytaknyga.lt\/#\/schema\/logo\/image\/\"},\"sameAs\":[\"https:\/\/www.facebook.com\/skaitytaknyga\/\"]}]}<\/script>\n<!-- \/ Yoast SEO plugin. -->","yoast_head_json":{"title":"Trys savo gyvenimo dainiai. Casanova, Stendhalis, Tolstojus","description":"\u0160ioje knygoje pateikiamos literat\u016bros klasiko Stefano Zweigo biografin\u0117s es\u0117. Autorius, stebindamas savitomis psichologin\u0117mis \u012f\u017evalgomis, i\u0161mintimi bei","robots":{"index":"index","follow":"follow","max-snippet":"max-snippet:-1","max-image-preview":"max-image-preview:large","max-video-preview":"max-video-preview:-1"},"canonical":"https:\/\/skaitytaknyga.lt\/en\/produktas\/trys-savo-gyvenimo-dainiai-casanova-stendhalis-tolstojus\/","og_locale":"en_GB","og_type":"article","og_title":"[:lt]Trys savo gyvenimo dainiai. Casanova, Stendhalis, Tolstojus[:] - Skaitytaknyga","og_description":"\u0160ioje knygoje pateikiamos literat\u016bros klasiko Stefano Zweigo biografin\u0117s es\u0117. Autorius, stebindamas savitomis psichologin\u0117mis \u012f\u017evalgomis, i\u0161mintimi bei","og_url":"https:\/\/skaitytaknyga.lt\/en\/produktas\/trys-savo-gyvenimo-dainiai-casanova-stendhalis-tolstojus\/","og_site_name":"Skaitytaknyga","article_publisher":"https:\/\/www.facebook.com\/skaitytaknyga\/","article_modified_time":"2025-10-06T10:01:10+00:00","og_image":[{"width":300,"height":458,"url":"https:\/\/skaitytaknyga.lt\/wp-content\/uploads\/2025\/09\/Trys-savo-gyvenimo-dainiai.-Casanova-Stendhalis-Tolstojus-1.webp","type":"image\/webp"}],"twitter_card":"summary_large_image","schema":{"@context":"https:\/\/schema.org","@graph":[{"@type":"WebPage","@id":"https:\/\/skaitytaknyga.lt\/produktas\/trys-savo-gyvenimo-dainiai-casanova-stendhalis-tolstojus\/","url":"https:\/\/skaitytaknyga.lt\/produktas\/trys-savo-gyvenimo-dainiai-casanova-stendhalis-tolstojus\/","name":"Trys savo gyvenimo dainiai. Casanova, Stendhalis, Tolstojus","isPartOf":{"@id":"https:\/\/skaitytaknyga.lt\/#website"},"primaryImageOfPage":{"@id":"https:\/\/skaitytaknyga.lt\/produktas\/trys-savo-gyvenimo-dainiai-casanova-stendhalis-tolstojus\/#primaryimage"},"image":{"@id":"https:\/\/skaitytaknyga.lt\/produktas\/trys-savo-gyvenimo-dainiai-casanova-stendhalis-tolstojus\/#primaryimage"},"thumbnailUrl":"https:\/\/skaitytaknyga.lt\/wp-content\/uploads\/2025\/09\/Trys-savo-gyvenimo-dainiai.-Casanova-Stendhalis-Tolstojus-1.webp","datePublished":"2025-09-18T11:46:09+00:00","dateModified":"2025-10-06T10:01:10+00:00","description":"\u0160ioje knygoje pateikiamos literat\u016bros klasiko Stefano Zweigo biografin\u0117s es\u0117. Autorius, stebindamas savitomis psichologin\u0117mis \u012f\u017evalgomis, i\u0161mintimi bei","breadcrumb":{"@id":"https:\/\/skaitytaknyga.lt\/produktas\/trys-savo-gyvenimo-dainiai-casanova-stendhalis-tolstojus\/#breadcrumb"},"inLanguage":"en-GB","potentialAction":[{"@type":"ReadAction","target":["https:\/\/skaitytaknyga.lt\/produktas\/trys-savo-gyvenimo-dainiai-casanova-stendhalis-tolstojus\/"]}]},{"@type":"ImageObject","inLanguage":"en-GB","@id":"https:\/\/skaitytaknyga.lt\/produktas\/trys-savo-gyvenimo-dainiai-casanova-stendhalis-tolstojus\/#primaryimage","url":"https:\/\/skaitytaknyga.lt\/wp-content\/uploads\/2025\/09\/Trys-savo-gyvenimo-dainiai.-Casanova-Stendhalis-Tolstojus-1.webp","contentUrl":"https:\/\/skaitytaknyga.lt\/wp-content\/uploads\/2025\/09\/Trys-savo-gyvenimo-dainiai.-Casanova-Stendhalis-Tolstojus-1.webp","width":300,"height":458},{"@type":"BreadcrumbList","@id":"https:\/\/skaitytaknyga.lt\/produktas\/trys-savo-gyvenimo-dainiai-casanova-stendhalis-tolstojus\/#breadcrumb","itemListElement":[{"@type":"ListItem","position":1,"name":"Home","item":"https:\/\/skaitytaknyga.lt\/"},{"@type":"ListItem","position":2,"name":"Parduotuv\u0117","item":"https:\/\/skaitytaknyga.lt\/knygu-parduotuve\/"},{"@type":"ListItem","position":3,"name":"Trys savo gyvenimo dainiai. Casanova, Stendhalis, Tolstojus"}]},{"@type":"WebSite","@id":"https:\/\/skaitytaknyga.lt\/#website","url":"https:\/\/skaitytaknyga.lt\/","name":"skaitytaknyga.lt","description":"Skaitytaknyga.lt \u2013 tai ma\u017eas \u0161eimos verslas, kuris prasid\u0117jo nuo meil\u0117s knygoms ir siekio i\u0161gelb\u0117ti knygas nuo likimo prie konteinerio. Kas vienam nereikalingas daiktas \u2013 kitam lobis, o mes esame tarpininkai, kurie padeda abiems tapti laimingesniems ???? \u017dinome kaip nelengva i\u0161gyventi ma\u017eiems verslams, tad nuo \u0161iol, \u010dia rasite ir kit\u0173, ma\u017e\u0173 \u0161eim\u0173 versl\u0173, rank\u0173 darbo, dovan\u0173 sau ir artimiesiems.","publisher":{"@id":"https:\/\/skaitytaknyga.lt\/#organization"},"potentialAction":[{"@type":"SearchAction","target":{"@type":"EntryPoint","urlTemplate":"https:\/\/skaitytaknyga.lt\/?s={search_term_string}"},"query-input":{"@type":"PropertyValueSpecification","valueRequired":true,"valueName":"search_term_string"}}],"inLanguage":"en-GB"},{"@type":"Organization","@id":"https:\/\/skaitytaknyga.lt\/#organization","name":"skaitytaknyga.lt","url":"https:\/\/skaitytaknyga.lt\/","logo":{"@type":"ImageObject","inLanguage":"en-GB","@id":"https:\/\/skaitytaknyga.lt\/#\/schema\/logo\/image\/","url":"https:\/\/skaitytaknyga.lt\/wp-content\/uploads\/2024\/05\/cropped-cropped-cropped-02_00843_jt3bggkj1j3HLc7SyY6rEUpg.jpeg","contentUrl":"https:\/\/skaitytaknyga.lt\/wp-content\/uploads\/2024\/05\/cropped-cropped-cropped-02_00843_jt3bggkj1j3HLc7SyY6rEUpg.jpeg","width":1600,"height":1600,"caption":"skaitytaknyga.lt"},"image":{"@id":"https:\/\/skaitytaknyga.lt\/#\/schema\/logo\/image\/"},"sameAs":["https:\/\/www.facebook.com\/skaitytaknyga\/"]}]}},"_links":{"self":[{"href":"https:\/\/skaitytaknyga.lt\/en\/wp-json\/wp\/v2\/product\/20933","targetHints":{"allow":["GET"]}}],"collection":[{"href":"https:\/\/skaitytaknyga.lt\/en\/wp-json\/wp\/v2\/product"}],"about":[{"href":"https:\/\/skaitytaknyga.lt\/en\/wp-json\/wp\/v2\/types\/product"}],"replies":[{"embeddable":true,"href":"https:\/\/skaitytaknyga.lt\/en\/wp-json\/wp\/v2\/comments?post=20933"}],"wp:featuredmedia":[{"embeddable":true,"href":"https:\/\/skaitytaknyga.lt\/en\/wp-json\/wp\/v2\/media\/20938"}],"wp:attachment":[{"href":"https:\/\/skaitytaknyga.lt\/en\/wp-json\/wp\/v2\/media?parent=20933"}],"wp:term":[{"taxonomy":"product_brand","embeddable":true,"href":"https:\/\/skaitytaknyga.lt\/en\/wp-json\/wp\/v2\/product_brand?post=20933"},{"taxonomy":"product_cat","embeddable":true,"href":"https:\/\/skaitytaknyga.lt\/en\/wp-json\/wp\/v2\/product_cat?post=20933"},{"taxonomy":"product_tag","embeddable":true,"href":"https:\/\/skaitytaknyga.lt\/en\/wp-json\/wp\/v2\/product_tag?post=20933"}],"curies":[{"name":"wp","href":"https:\/\/api.w.org\/{rel}","templated":true}]}}