{"id":20931,"date":"2025-09-18T14:46:09","date_gmt":"2025-09-18T11:46:09","guid":{"rendered":"https:\/\/skaitytaknyga.lt\/?post_type=product&#038;p=20931"},"modified":"2025-10-06T13:01:10","modified_gmt":"2025-10-06T10:01:10","slug":"moteris-smelynuose-2","status":"publish","type":"product","link":"https:\/\/skaitytaknyga.lt\/en\/produktas\/moteris-smelynuose-2\/","title":{"rendered":"Moteris sm\u0117lynuose"},"content":{"rendered":"<p>\u201eKadangi v\u0117jai ir vandens srov\u0117s juda \u017eem\u0117s pavir\u0161iumi, sm\u0117lio formavimasis yra nei\u0161vengiamas. Kol p\u016bs v\u0117jai, kol tek\u0117s up\u0117s ir banguos j\u016bra, tol sm\u0117lis kruopel\u0117 po kruopel\u0117s kils i\u0161 dirvo\u017eemio ir tarsi gyvas daiktas \u0161liau\u0161 bet kur. Sm\u0117lis niekada nesiilsi. L\u0117tai, bet atkakliai jis plinta ir ardo \u017eem\u0117s pavir\u0161i\u0173.<\/p>\n<p>\u0160is tekan\u010dio sm\u0117lio \u012fvaizdis nepaprastai sujaudino vyr\u0105.<br \/>\nSm\u0117lio berg\u017edum\u0105, kaip \u012fprasta \u012fsivaizduoti, lemia ne jo sausumas, o nuolatinis jud\u0117jimas, d\u0117l to sm\u0117lyje niekas negali gyventi. Kaip tai skiriasi nuo nuobodaus \u017emoni\u0173 \u012fpratimo laikytis vienas kito ilgus metus.<\/p>\n<p>Ai\u0161ku, sm\u0117lis \u2013 netinkama gyvybei terp\u0117. Bet ar i\u0161 tikr\u0173j\u0173 nejudrumas yra absoliu\u010diai b\u016btina egzistencijos s\u0105lyga? Ar nesveikas konkuravimas nekyla kaip tik d\u0117l to, kad \u012fsikib\u0119 laikom\u0117s savo nuomon\u0117s? O jeigu atsipalaiduotume ir atsiduotume sm\u0117lio jud\u0117jimui {&#8230;}\u201c<\/p>\n","protected":false},"excerpt":{"rendered":"<p>\u201eKadangi v\u0117jai ir vandens srov\u0117s juda \u017eem\u0117s pavir\u0161iumi, sm\u0117lio formavimasis yra nei\u0161vengiamas. Kol p\u016bs v\u0117jai, kol tek\u0117s up\u0117s ir banguos j\u016bra, tol sm\u0117lis kruopel\u0117 po kruopel\u0117s kils i\u0161 dirvo\u017eemio ir tarsi gyvas daiktas \u0161liau\u0161 bet kur. Sm\u0117lis niekada nesiilsi. L\u0117tai, bet atkakliai jis plinta ir ardo \u017eem\u0117s pavir\u0161i\u0173. \u0160is tekan\u010dio sm\u0117lio \u012fvaizdis nepaprastai sujaudino vyr\u0105. Sm\u0117lio berg\u017edum\u0105, kaip \u012fprasta \u012fsivaizduoti, lemia ne jo sausumas, o nuolatinis jud\u0117jimas, d\u0117l to sm\u0117lyje niekas negali gyventi. Kaip tai skiriasi nuo nuobodaus \u017emoni\u0173 \u012fpratimo laikytis vienas kito ilgus metus. Ai\u0161ku, sm\u0117lis \u2013 netinkama gyvybei terp\u0117. Bet ar i\u0161 tikr\u0173j\u0173 nejudrumas yra absoliu\u010diai b\u016btina egzistencijos s\u0105lyga? Ar nesveikas konkuravimas nekyla kaip tik d\u0117l to, kad \u012fsikib\u0119 laikom\u0117s savo nuomon\u0117s? O jeigu atsipalaiduotume ir atsiduotume sm\u0117lio jud\u0117jimui {&#8230;}\u201c<\/p>\n","protected":false},"featured_media":20936,"comment_status":"open","ping_status":"closed","template":"","meta":{"_acf_changed":false,"site-sidebar-layout":"default","site-content-layout":"","ast-site-content-layout":"default","site-content-style":"default","site-sidebar-style":"default","ast-global-header-display":"","ast-banner-title-visibility":"","ast-main-header-display":"","ast-hfb-above-header-display":"","ast-hfb-below-header-display":"","ast-hfb-mobile-header-display":"","site-post-title":"","ast-breadcrumbs-content":"","ast-featured-img":"","footer-sml-layout":"","ast-disable-related-posts":"","theme-transparent-header-meta":"","adv-header-id-meta":"","stick-header-meta":"","header-above-stick-meta":"","header-main-stick-meta":"","header-below-stick-meta":"","astra-migrate-meta-layouts":"default","ast-page-background-enabled":"default","ast-page-background-meta":{"desktop":{"background-color":"","background-image":"","background-repeat":"repeat","background-position":"center center","background-size":"auto","background-attachment":"scroll","background-type":"","background-media":"","overlay-type":"","overlay-color":"","overlay-opacity":"","overlay-gradient":""},"tablet":{"background-color":"","background-image":"","background-repeat":"repeat","background-position":"center center","background-size":"auto","background-attachment":"scroll","background-type":"","background-media":"","overlay-type":"","overlay-color":"","overlay-opacity":"","overlay-gradient":""},"mobile":{"background-color":"","background-image":"","background-repeat":"repeat","background-position":"center center","background-size":"auto","background-attachment":"scroll","background-type":"","background-media":"","overlay-type":"","overlay-color":"","overlay-opacity":"","overlay-gradient":""}},"ast-content-background-meta":{"desktop":{"background-color":"var(--ast-global-color-4)","background-image":"","background-repeat":"repeat","background-position":"center center","background-size":"auto","background-attachment":"scroll","background-type":"","background-media":"","overlay-type":"","overlay-color":"","overlay-opacity":"","overlay-gradient":""},"tablet":{"background-color":"var(--ast-global-color-4)","background-image":"","background-repeat":"repeat","background-position":"center center","background-size":"auto","background-attachment":"scroll","background-type":"","background-media":"","overlay-type":"","overlay-color":"","overlay-opacity":"","overlay-gradient":""},"mobile":{"background-color":"var(--ast-global-color-4)","background-image":"","background-repeat":"repeat","background-position":"center center","background-size":"auto","background-attachment":"scroll","background-type":"","background-media":"","overlay-type":"","overlay-color":"","overlay-opacity":"","overlay-gradient":""}}},"product_brand":[],"product_cat":[31,15],"product_tag":[3948,1802,8591,8589,7915,8590],"class_list":{"0":"post-20931","1":"product","2":"type-product","3":"status-publish","4":"has-post-thumbnail","6":"product_cat-grozine-literatura","7":"product_cat-uncategorized","8":"product_tag-egzistencija","9":"product_tag-gamta","10":"product_tag-judejimas","11":"product_tag-kobo-abe","12":"product_tag-konkurencija","13":"product_tag-smelis","14":"desktop-align-left","15":"tablet-align-left","16":"mobile-align-left","18":"first","19":"instock","20":"shipping-taxable","21":"purchasable","22":"product-type-simple"},"acf":[],"yoast_head":"<!-- This site is optimized with the Yoast SEO plugin v27.4 - https:\/\/yoast.com\/product\/yoast-seo-wordpress\/ -->\n<title>Moteris sm\u0117lynuose<\/title>\n<meta name=\"description\" content=\"\u201eKadangi v\u0117jai ir vandens srov\u0117s juda \u017eem\u0117s pavir\u0161iumi, sm\u0117lio formavimasis yra nei\u0161vengiamas. Kol p\u016bs v\u0117jai, kol tek\u0117s up\u0117s ir banguos j\u016bra, tol sm\u0117lis\" \/>\n<meta name=\"robots\" content=\"index, follow, max-snippet:-1, max-image-preview:large, max-video-preview:-1\" \/>\n<link rel=\"canonical\" href=\"https:\/\/skaitytaknyga.lt\/en\/produktas\/moteris-smelynuose-2\/\" \/>\n<meta property=\"og:locale\" content=\"en_GB\" \/>\n<meta property=\"og:locale:alternate\" content=\"lt_LT\" \/>\n<meta property=\"og:type\" content=\"article\" \/>\n<meta property=\"og:title\" content=\"Moteris sm\u0117lynuose\" \/>\n<meta property=\"og:description\" content=\"\u201eKadangi v\u0117jai ir vandens srov\u0117s juda \u017eem\u0117s pavir\u0161iumi, sm\u0117lio formavimasis yra nei\u0161vengiamas. Kol p\u016bs v\u0117jai, kol tek\u0117s up\u0117s ir banguos j\u016bra, tol sm\u0117lis\" \/>\n<meta property=\"og:url\" content=\"https:\/\/skaitytaknyga.lt\/en\/produktas\/moteris-smelynuose-2\/\" \/>\n<meta property=\"og:site_name\" content=\"Skaitytaknyga\" \/>\n<meta property=\"article:publisher\" content=\"https:\/\/www.facebook.com\/skaitytaknyga\/\" \/>\n<meta property=\"article:modified_time\" content=\"2025-10-06T10:01:10+00:00\" \/>\n<meta property=\"og:image\" content=\"https:\/\/skaitytaknyga.lt\/wp-content\/uploads\/2025\/09\/Moteris-smelynuose-1.webp\" \/>\n\t<meta property=\"og:image:width\" content=\"300\" \/>\n\t<meta property=\"og:image:height\" content=\"453\" \/>\n\t<meta property=\"og:image:type\" content=\"image\/webp\" \/>\n<meta name=\"twitter:card\" content=\"summary_large_image\" \/>\n<meta name=\"twitter:label1\" content=\"Estimated reading time\" \/>\n\t<meta name=\"twitter:data1\" content=\"1 minute\" \/>\n<script type=\"application\/ld+json\" class=\"yoast-schema-graph\">{\"@context\":\"https:\\\/\\\/schema.org\",\"@graph\":[{\"@type\":\"WebPage\",\"@id\":\"https:\\\/\\\/skaitytaknyga.lt\\\/produktas\\\/moteris-smelynuose-2\\\/\",\"url\":\"https:\\\/\\\/skaitytaknyga.lt\\\/produktas\\\/moteris-smelynuose-2\\\/\",\"name\":\"Moteris sm\u0117lynuose\",\"isPartOf\":{\"@id\":\"https:\\\/\\\/skaitytaknyga.lt\\\/#website\"},\"primaryImageOfPage\":{\"@id\":\"https:\\\/\\\/skaitytaknyga.lt\\\/produktas\\\/moteris-smelynuose-2\\\/#primaryimage\"},\"image\":{\"@id\":\"https:\\\/\\\/skaitytaknyga.lt\\\/produktas\\\/moteris-smelynuose-2\\\/#primaryimage\"},\"thumbnailUrl\":\"https:\\\/\\\/skaitytaknyga.lt\\\/wp-content\\\/uploads\\\/2025\\\/09\\\/Moteris-smelynuose-1.webp\",\"datePublished\":\"2025-09-18T11:46:09+00:00\",\"dateModified\":\"2025-10-06T10:01:10+00:00\",\"description\":\"\u201eKadangi v\u0117jai ir vandens srov\u0117s juda \u017eem\u0117s pavir\u0161iumi, sm\u0117lio formavimasis yra nei\u0161vengiamas. Kol p\u016bs v\u0117jai, kol tek\u0117s up\u0117s ir banguos j\u016bra, tol sm\u0117lis\",\"breadcrumb\":{\"@id\":\"https:\\\/\\\/skaitytaknyga.lt\\\/produktas\\\/moteris-smelynuose-2\\\/#breadcrumb\"},\"inLanguage\":\"en-GB\",\"potentialAction\":[{\"@type\":\"ReadAction\",\"target\":[\"https:\\\/\\\/skaitytaknyga.lt\\\/produktas\\\/moteris-smelynuose-2\\\/\"]}]},{\"@type\":\"ImageObject\",\"inLanguage\":\"en-GB\",\"@id\":\"https:\\\/\\\/skaitytaknyga.lt\\\/produktas\\\/moteris-smelynuose-2\\\/#primaryimage\",\"url\":\"https:\\\/\\\/skaitytaknyga.lt\\\/wp-content\\\/uploads\\\/2025\\\/09\\\/Moteris-smelynuose-1.webp\",\"contentUrl\":\"https:\\\/\\\/skaitytaknyga.lt\\\/wp-content\\\/uploads\\\/2025\\\/09\\\/Moteris-smelynuose-1.webp\",\"width\":300,\"height\":453},{\"@type\":\"BreadcrumbList\",\"@id\":\"https:\\\/\\\/skaitytaknyga.lt\\\/produktas\\\/moteris-smelynuose-2\\\/#breadcrumb\",\"itemListElement\":[{\"@type\":\"ListItem\",\"position\":1,\"name\":\"Home\",\"item\":\"https:\\\/\\\/skaitytaknyga.lt\\\/\"},{\"@type\":\"ListItem\",\"position\":2,\"name\":\"Parduotuv\u0117\",\"item\":\"https:\\\/\\\/skaitytaknyga.lt\\\/knygu-parduotuve\\\/\"},{\"@type\":\"ListItem\",\"position\":3,\"name\":\"Moteris sm\u0117lynuose\"}]},{\"@type\":\"WebSite\",\"@id\":\"https:\\\/\\\/skaitytaknyga.lt\\\/#website\",\"url\":\"https:\\\/\\\/skaitytaknyga.lt\\\/\",\"name\":\"skaitytaknyga.lt\",\"description\":\"Skaitytaknyga.lt \u2013 tai ma\u017eas \u0161eimos verslas, kuris prasid\u0117jo nuo meil\u0117s knygoms ir siekio i\u0161gelb\u0117ti knygas nuo likimo prie konteinerio. Kas vienam nereikalingas daiktas \u2013 kitam lobis, o mes esame tarpininkai, kurie padeda abiems tapti laimingesniems ???? \u017dinome kaip nelengva i\u0161gyventi ma\u017eiems verslams, tad nuo \u0161iol, \u010dia rasite ir kit\u0173, ma\u017e\u0173 \u0161eim\u0173 versl\u0173, rank\u0173 darbo, dovan\u0173 sau ir artimiesiems.\",\"publisher\":{\"@id\":\"https:\\\/\\\/skaitytaknyga.lt\\\/#organization\"},\"potentialAction\":[{\"@type\":\"SearchAction\",\"target\":{\"@type\":\"EntryPoint\",\"urlTemplate\":\"https:\\\/\\\/skaitytaknyga.lt\\\/?s={search_term_string}\"},\"query-input\":{\"@type\":\"PropertyValueSpecification\",\"valueRequired\":true,\"valueName\":\"search_term_string\"}}],\"inLanguage\":\"en-GB\"},{\"@type\":\"Organization\",\"@id\":\"https:\\\/\\\/skaitytaknyga.lt\\\/#organization\",\"name\":\"skaitytaknyga.lt\",\"url\":\"https:\\\/\\\/skaitytaknyga.lt\\\/\",\"logo\":{\"@type\":\"ImageObject\",\"inLanguage\":\"en-GB\",\"@id\":\"https:\\\/\\\/skaitytaknyga.lt\\\/#\\\/schema\\\/logo\\\/image\\\/\",\"url\":\"https:\\\/\\\/skaitytaknyga.lt\\\/wp-content\\\/uploads\\\/2024\\\/05\\\/cropped-cropped-cropped-02_00843_jt3bggkj1j3HLc7SyY6rEUpg.jpeg\",\"contentUrl\":\"https:\\\/\\\/skaitytaknyga.lt\\\/wp-content\\\/uploads\\\/2024\\\/05\\\/cropped-cropped-cropped-02_00843_jt3bggkj1j3HLc7SyY6rEUpg.jpeg\",\"width\":1600,\"height\":1600,\"caption\":\"skaitytaknyga.lt\"},\"image\":{\"@id\":\"https:\\\/\\\/skaitytaknyga.lt\\\/#\\\/schema\\\/logo\\\/image\\\/\"},\"sameAs\":[\"https:\\\/\\\/www.facebook.com\\\/skaitytaknyga\\\/\"]}]}<\/script>\n<!-- \/ Yoast SEO plugin. -->","yoast_head_json":{"title":"Moteris sm\u0117lynuose","description":"\u201eKadangi v\u0117jai ir vandens srov\u0117s juda \u017eem\u0117s pavir\u0161iumi, sm\u0117lio formavimasis yra nei\u0161vengiamas. Kol p\u016bs v\u0117jai, kol tek\u0117s up\u0117s ir banguos j\u016bra, tol sm\u0117lis","robots":{"index":"index","follow":"follow","max-snippet":"max-snippet:-1","max-image-preview":"max-image-preview:large","max-video-preview":"max-video-preview:-1"},"canonical":"https:\/\/skaitytaknyga.lt\/en\/produktas\/moteris-smelynuose-2\/","og_locale":"en_GB","og_type":"article","og_title":"[:lt]Moteris sm\u0117lynuose[:] - Skaitytaknyga","og_description":"\u201eKadangi v\u0117jai ir vandens srov\u0117s juda \u017eem\u0117s pavir\u0161iumi, sm\u0117lio formavimasis yra nei\u0161vengiamas. Kol p\u016bs v\u0117jai, kol tek\u0117s up\u0117s ir banguos j\u016bra, tol sm\u0117lis","og_url":"https:\/\/skaitytaknyga.lt\/en\/produktas\/moteris-smelynuose-2\/","og_site_name":"Skaitytaknyga","article_publisher":"https:\/\/www.facebook.com\/skaitytaknyga\/","article_modified_time":"2025-10-06T10:01:10+00:00","og_image":[{"width":300,"height":453,"url":"https:\/\/skaitytaknyga.lt\/wp-content\/uploads\/2025\/09\/Moteris-smelynuose-1.webp","type":"image\/webp"}],"twitter_card":"summary_large_image","twitter_misc":{"Estimated reading time":"1 minute"},"schema":{"@context":"https:\/\/schema.org","@graph":[{"@type":"WebPage","@id":"https:\/\/skaitytaknyga.lt\/produktas\/moteris-smelynuose-2\/","url":"https:\/\/skaitytaknyga.lt\/produktas\/moteris-smelynuose-2\/","name":"Moteris sm\u0117lynuose","isPartOf":{"@id":"https:\/\/skaitytaknyga.lt\/#website"},"primaryImageOfPage":{"@id":"https:\/\/skaitytaknyga.lt\/produktas\/moteris-smelynuose-2\/#primaryimage"},"image":{"@id":"https:\/\/skaitytaknyga.lt\/produktas\/moteris-smelynuose-2\/#primaryimage"},"thumbnailUrl":"https:\/\/skaitytaknyga.lt\/wp-content\/uploads\/2025\/09\/Moteris-smelynuose-1.webp","datePublished":"2025-09-18T11:46:09+00:00","dateModified":"2025-10-06T10:01:10+00:00","description":"\u201eKadangi v\u0117jai ir vandens srov\u0117s juda \u017eem\u0117s pavir\u0161iumi, sm\u0117lio formavimasis yra nei\u0161vengiamas. Kol p\u016bs v\u0117jai, kol tek\u0117s up\u0117s ir banguos j\u016bra, tol sm\u0117lis","breadcrumb":{"@id":"https:\/\/skaitytaknyga.lt\/produktas\/moteris-smelynuose-2\/#breadcrumb"},"inLanguage":"en-GB","potentialAction":[{"@type":"ReadAction","target":["https:\/\/skaitytaknyga.lt\/produktas\/moteris-smelynuose-2\/"]}]},{"@type":"ImageObject","inLanguage":"en-GB","@id":"https:\/\/skaitytaknyga.lt\/produktas\/moteris-smelynuose-2\/#primaryimage","url":"https:\/\/skaitytaknyga.lt\/wp-content\/uploads\/2025\/09\/Moteris-smelynuose-1.webp","contentUrl":"https:\/\/skaitytaknyga.lt\/wp-content\/uploads\/2025\/09\/Moteris-smelynuose-1.webp","width":300,"height":453},{"@type":"BreadcrumbList","@id":"https:\/\/skaitytaknyga.lt\/produktas\/moteris-smelynuose-2\/#breadcrumb","itemListElement":[{"@type":"ListItem","position":1,"name":"Home","item":"https:\/\/skaitytaknyga.lt\/"},{"@type":"ListItem","position":2,"name":"Parduotuv\u0117","item":"https:\/\/skaitytaknyga.lt\/knygu-parduotuve\/"},{"@type":"ListItem","position":3,"name":"Moteris sm\u0117lynuose"}]},{"@type":"WebSite","@id":"https:\/\/skaitytaknyga.lt\/#website","url":"https:\/\/skaitytaknyga.lt\/","name":"skaitytaknyga.lt","description":"Skaitytaknyga.lt \u2013 tai ma\u017eas \u0161eimos verslas, kuris prasid\u0117jo nuo meil\u0117s knygoms ir siekio i\u0161gelb\u0117ti knygas nuo likimo prie konteinerio. Kas vienam nereikalingas daiktas \u2013 kitam lobis, o mes esame tarpininkai, kurie padeda abiems tapti laimingesniems ???? \u017dinome kaip nelengva i\u0161gyventi ma\u017eiems verslams, tad nuo \u0161iol, \u010dia rasite ir kit\u0173, ma\u017e\u0173 \u0161eim\u0173 versl\u0173, rank\u0173 darbo, dovan\u0173 sau ir artimiesiems.","publisher":{"@id":"https:\/\/skaitytaknyga.lt\/#organization"},"potentialAction":[{"@type":"SearchAction","target":{"@type":"EntryPoint","urlTemplate":"https:\/\/skaitytaknyga.lt\/?s={search_term_string}"},"query-input":{"@type":"PropertyValueSpecification","valueRequired":true,"valueName":"search_term_string"}}],"inLanguage":"en-GB"},{"@type":"Organization","@id":"https:\/\/skaitytaknyga.lt\/#organization","name":"skaitytaknyga.lt","url":"https:\/\/skaitytaknyga.lt\/","logo":{"@type":"ImageObject","inLanguage":"en-GB","@id":"https:\/\/skaitytaknyga.lt\/#\/schema\/logo\/image\/","url":"https:\/\/skaitytaknyga.lt\/wp-content\/uploads\/2024\/05\/cropped-cropped-cropped-02_00843_jt3bggkj1j3HLc7SyY6rEUpg.jpeg","contentUrl":"https:\/\/skaitytaknyga.lt\/wp-content\/uploads\/2024\/05\/cropped-cropped-cropped-02_00843_jt3bggkj1j3HLc7SyY6rEUpg.jpeg","width":1600,"height":1600,"caption":"skaitytaknyga.lt"},"image":{"@id":"https:\/\/skaitytaknyga.lt\/#\/schema\/logo\/image\/"},"sameAs":["https:\/\/www.facebook.com\/skaitytaknyga\/"]}]}},"_links":{"self":[{"href":"https:\/\/skaitytaknyga.lt\/en\/wp-json\/wp\/v2\/product\/20931","targetHints":{"allow":["GET"]}}],"collection":[{"href":"https:\/\/skaitytaknyga.lt\/en\/wp-json\/wp\/v2\/product"}],"about":[{"href":"https:\/\/skaitytaknyga.lt\/en\/wp-json\/wp\/v2\/types\/product"}],"replies":[{"embeddable":true,"href":"https:\/\/skaitytaknyga.lt\/en\/wp-json\/wp\/v2\/comments?post=20931"}],"wp:featuredmedia":[{"embeddable":true,"href":"https:\/\/skaitytaknyga.lt\/en\/wp-json\/wp\/v2\/media\/20936"}],"wp:attachment":[{"href":"https:\/\/skaitytaknyga.lt\/en\/wp-json\/wp\/v2\/media?parent=20931"}],"wp:term":[{"taxonomy":"product_brand","embeddable":true,"href":"https:\/\/skaitytaknyga.lt\/en\/wp-json\/wp\/v2\/product_brand?post=20931"},{"taxonomy":"product_cat","embeddable":true,"href":"https:\/\/skaitytaknyga.lt\/en\/wp-json\/wp\/v2\/product_cat?post=20931"},{"taxonomy":"product_tag","embeddable":true,"href":"https:\/\/skaitytaknyga.lt\/en\/wp-json\/wp\/v2\/product_tag?post=20931"}],"curies":[{"name":"wp","href":"https:\/\/api.w.org\/{rel}","templated":true}]}}