{"id":20925,"date":"2025-09-18T14:35:33","date_gmt":"2025-09-18T11:35:33","guid":{"rendered":"https:\/\/skaitytaknyga.lt\/?post_type=product&#038;p=20925"},"modified":"2025-10-06T13:01:10","modified_gmt":"2025-10-06T10:01:10","slug":"tikrasis-sebastiano-naito-gyvenimas","status":"publish","type":"product","link":"https:\/\/skaitytaknyga.lt\/en\/produktas\/tikrasis-sebastiano-naito-gyvenimas\/","title":{"rendered":"Tikrasis Sebastiano Naito gyvenimas"},"content":{"rendered":"<p>\u201eTikrasis Sebastiano Naito gyvenimas\u201c (1940) \u2013 pirmas V. Nabokovo angli\u0161kai para\u0161ytas romanas. Juo autorius ai\u0161kiai parod\u0117, kad naujuoju instrumentu (angl\u0173 kalba) jis grie\u017eia taip pat virtuozi\u0161kai, kaip ir rusi\u0161kuoju. Kaip ir kiti ra\u0161ytojo k\u016briniai, \u0161is romanas pasi\u017eymi itin subtilia kalba ir meni\u0161kai perteikiamais i\u0161gyvenim\u0173 niuansais, nestokojama \u017eaismingumo, paradoks\u0173, ironijos.<\/p>\n<p>K\u016brinio pasakotojas bando atskleisti m\u012fslingo persona\u017eo, mirusio ra\u0161ytojo, tikr\u0105j\u012f gyvenim\u0105. \u012evairiose situacijose pasirodo, kad jis eina klaidingais p\u0117dsakais, esama pana\u0161um\u0173 \u012f detektyvin\u0119 istorij\u0105, ta\u010diau \u0161ioje knygoje vyrauja intelektin\u0117s bei literat\u016brin\u0117s m\u012fsl\u0117s. Ra\u0161ytojo Sebastiano Naito biografijoje m\u012fslingai susipina jo k\u016brini\u0173 bei gyvenimo plotm\u0117s, ry\u0161k\u0117ja du paslaptingi meil\u0117s romanai. \u0160io persona\u017eo, fiktyvaus ra\u0161ytojo, emigravusio i\u0161 Rusijos, gimimo metai ir kai kurios gyvenimo bei k\u016brybos aplinkyb\u0117s pana\u0161ios \u012f paties V. Nabokovo, bet autorius k\u016brybingai pina kitokias, intriguojan\u010dias, gyvenimo bei k\u016brybos peripetijas.<\/p>\n<p>Tai \u2013 daugiasluoksnis romanas, \u012fdomus tikrov\u0117s ir fantazijos pasauli\u0173 s\u0105lytis. Viena svarbiausi\u0173 tem\u0173 \u2013 asmens tapatyb\u0117s problema ir sunkumai, kylantys siekiant mintims bei patir\u010diai suteikti adekva\u010di\u0105 \u017eodin\u0119 form\u0105.<\/p>\n","protected":false},"excerpt":{"rendered":"<p>\u201eTikrasis Sebastiano Naito gyvenimas\u201c (1940) \u2013 pirmas V. Nabokovo angli\u0161kai para\u0161ytas romanas. Juo autorius ai\u0161kiai parod\u0117, kad naujuoju instrumentu (angl\u0173 kalba) jis grie\u017eia taip pat virtuozi\u0161kai, kaip ir rusi\u0161kuoju. Kaip ir kiti ra\u0161ytojo k\u016briniai, \u0161is romanas pasi\u017eymi itin subtilia kalba ir meni\u0161kai perteikiamais i\u0161gyvenim\u0173 niuansais, nestokojama \u017eaismingumo, paradoks\u0173, ironijos. K\u016brinio pasakotojas bando atskleisti m\u012fslingo persona\u017eo, mirusio ra\u0161ytojo, tikr\u0105j\u012f gyvenim\u0105. \u012evairiose situacijose pasirodo, kad jis eina klaidingais p\u0117dsakais, esama pana\u0161um\u0173 \u012f detektyvin\u0119 istorij\u0105, ta\u010diau \u0161ioje knygoje vyrauja intelektin\u0117s bei literat\u016brin\u0117s m\u012fsl\u0117s. Ra\u0161ytojo Sebastiano Naito biografijoje m\u012fslingai susipina jo k\u016brini\u0173 bei gyvenimo plotm\u0117s, ry\u0161k\u0117ja du paslaptingi meil\u0117s romanai. \u0160io persona\u017eo, fiktyvaus ra\u0161ytojo, emigravusio i\u0161 Rusijos, gimimo metai ir kai kurios gyvenimo bei k\u016brybos aplinkyb\u0117s pana\u0161ios \u012f paties V. Nabokovo, bet autorius k\u016brybingai pina kitokias, intriguojan\u010dias, gyvenimo bei k\u016brybos peripetijas. Tai \u2013 daugiasluoksnis romanas, \u012fdomus tikrov\u0117s ir fantazijos pasauli\u0173 s\u0105lytis. Viena svarbiausi\u0173 tem\u0173 \u2013 asmens tapatyb\u0117s problema ir sunkumai, kylantys siekiant mintims bei patir\u010diai suteikti adekva\u010di\u0105 \u017eodin\u0119 form\u0105.<\/p>\n","protected":false},"featured_media":20930,"comment_status":"open","ping_status":"closed","template":"","meta":{"_acf_changed":false,"site-sidebar-layout":"default","site-content-layout":"","ast-site-content-layout":"default","site-content-style":"default","site-sidebar-style":"default","ast-global-header-display":"","ast-banner-title-visibility":"","ast-main-header-display":"","ast-hfb-above-header-display":"","ast-hfb-below-header-display":"","ast-hfb-mobile-header-display":"","site-post-title":"","ast-breadcrumbs-content":"","ast-featured-img":"","footer-sml-layout":"","ast-disable-related-posts":"","theme-transparent-header-meta":"","adv-header-id-meta":"","stick-header-meta":"","header-above-stick-meta":"","header-main-stick-meta":"","header-below-stick-meta":"","astra-migrate-meta-layouts":"default","ast-page-background-enabled":"default","ast-page-background-meta":{"desktop":{"background-color":"","background-image":"","background-repeat":"repeat","background-position":"center center","background-size":"auto","background-attachment":"scroll","background-type":"","background-media":"","overlay-type":"","overlay-color":"","overlay-opacity":"","overlay-gradient":""},"tablet":{"background-color":"","background-image":"","background-repeat":"repeat","background-position":"center center","background-size":"auto","background-attachment":"scroll","background-type":"","background-media":"","overlay-type":"","overlay-color":"","overlay-opacity":"","overlay-gradient":""},"mobile":{"background-color":"","background-image":"","background-repeat":"repeat","background-position":"center center","background-size":"auto","background-attachment":"scroll","background-type":"","background-media":"","overlay-type":"","overlay-color":"","overlay-opacity":"","overlay-gradient":""}},"ast-content-background-meta":{"desktop":{"background-color":"var(--ast-global-color-4)","background-image":"","background-repeat":"repeat","background-position":"center center","background-size":"auto","background-attachment":"scroll","background-type":"","background-media":"","overlay-type":"","overlay-color":"","overlay-opacity":"","overlay-gradient":""},"tablet":{"background-color":"var(--ast-global-color-4)","background-image":"","background-repeat":"repeat","background-position":"center center","background-size":"auto","background-attachment":"scroll","background-type":"","background-media":"","overlay-type":"","overlay-color":"","overlay-opacity":"","overlay-gradient":""},"mobile":{"background-color":"var(--ast-global-color-4)","background-image":"","background-repeat":"repeat","background-position":"center center","background-size":"auto","background-attachment":"scroll","background-type":"","background-media":"","overlay-type":"","overlay-color":"","overlay-opacity":"","overlay-gradient":""}}},"product_brand":[],"product_cat":[31],"product_tag":[2455,5143,2971,6306,4150,3007,1492,8588,4456],"class_list":{"0":"post-20925","1":"product","2":"type-product","3":"status-publish","4":"has-post-thumbnail","6":"product_cat-grozine-literatura","7":"product_tag-emigracija","8":"product_tag-fantazija","9":"product_tag-gyvenimas","10":"product_tag-identitetas","11":"product_tag-kalba","12":"product_tag-kuryba","13":"product_tag-literatura","14":"product_tag-meiles-romanai","15":"product_tag-vladimir-nabokov","16":"desktop-align-left","17":"tablet-align-left","18":"mobile-align-left","20":"first","21":"instock","22":"shipping-taxable","23":"purchasable","24":"product-type-simple"},"acf":[],"yoast_head":"<!-- This site is optimized with the Yoast SEO plugin v27.0 - https:\/\/yoast.com\/product\/yoast-seo-wordpress\/ -->\n<title>Tikrasis Sebastiano Naito gyvenimas<\/title>\n<meta name=\"description\" content=\"\u201eTikrasis Sebastiano Naito gyvenimas\u201c (1940) \u2013 pirmas V. Nabokovo angli\u0161kai para\u0161ytas romanas. Juo autorius ai\u0161kiai parod\u0117, kad naujuoju instrumentu\" \/>\n<meta name=\"robots\" content=\"index, follow, max-snippet:-1, max-image-preview:large, max-video-preview:-1\" \/>\n<link rel=\"canonical\" href=\"https:\/\/skaitytaknyga.lt\/en\/produktas\/tikrasis-sebastiano-naito-gyvenimas\/\" \/>\n<meta property=\"og:locale\" content=\"en_GB\" \/>\n<meta property=\"og:locale:alternate\" content=\"lt_LT\" \/>\n<meta property=\"og:type\" content=\"article\" \/>\n<meta property=\"og:title\" content=\"Tikrasis Sebastiano Naito gyvenimas\" \/>\n<meta property=\"og:description\" content=\"\u201eTikrasis Sebastiano Naito gyvenimas\u201c (1940) \u2013 pirmas V. Nabokovo angli\u0161kai para\u0161ytas romanas. Juo autorius ai\u0161kiai parod\u0117, kad naujuoju instrumentu\" \/>\n<meta property=\"og:url\" content=\"https:\/\/skaitytaknyga.lt\/en\/produktas\/tikrasis-sebastiano-naito-gyvenimas\/\" \/>\n<meta property=\"og:site_name\" content=\"Skaitytaknyga\" \/>\n<meta property=\"article:publisher\" content=\"https:\/\/www.facebook.com\/skaitytaknyga\/\" \/>\n<meta property=\"article:modified_time\" content=\"2025-10-06T10:01:10+00:00\" \/>\n<meta property=\"og:image\" content=\"https:\/\/skaitytaknyga.lt\/wp-content\/uploads\/2025\/09\/Tikrasis-Sebastiano-Naito-gyvenimas-1.webp\" \/>\n\t<meta property=\"og:image:width\" content=\"300\" \/>\n\t<meta property=\"og:image:height\" content=\"448\" \/>\n\t<meta property=\"og:image:type\" content=\"image\/webp\" \/>\n<meta name=\"twitter:card\" content=\"summary_large_image\" \/>\n<meta name=\"twitter:label1\" content=\"Estimated reading time\" \/>\n\t<meta name=\"twitter:data1\" content=\"1 minute\" \/>\n<script type=\"application\/ld+json\" class=\"yoast-schema-graph\">{\"@context\":\"https:\/\/schema.org\",\"@graph\":[{\"@type\":\"WebPage\",\"@id\":\"https:\/\/skaitytaknyga.lt\/produktas\/tikrasis-sebastiano-naito-gyvenimas\/\",\"url\":\"https:\/\/skaitytaknyga.lt\/produktas\/tikrasis-sebastiano-naito-gyvenimas\/\",\"name\":\"Tikrasis Sebastiano Naito gyvenimas\",\"isPartOf\":{\"@id\":\"https:\/\/skaitytaknyga.lt\/#website\"},\"primaryImageOfPage\":{\"@id\":\"https:\/\/skaitytaknyga.lt\/produktas\/tikrasis-sebastiano-naito-gyvenimas\/#primaryimage\"},\"image\":{\"@id\":\"https:\/\/skaitytaknyga.lt\/produktas\/tikrasis-sebastiano-naito-gyvenimas\/#primaryimage\"},\"thumbnailUrl\":\"https:\/\/skaitytaknyga.lt\/wp-content\/uploads\/2025\/09\/Tikrasis-Sebastiano-Naito-gyvenimas-1.webp\",\"datePublished\":\"2025-09-18T11:35:33+00:00\",\"dateModified\":\"2025-10-06T10:01:10+00:00\",\"description\":\"\u201eTikrasis Sebastiano Naito gyvenimas\u201c (1940) \u2013 pirmas V. Nabokovo angli\u0161kai para\u0161ytas romanas. Juo autorius ai\u0161kiai parod\u0117, kad naujuoju instrumentu\",\"breadcrumb\":{\"@id\":\"https:\/\/skaitytaknyga.lt\/produktas\/tikrasis-sebastiano-naito-gyvenimas\/#breadcrumb\"},\"inLanguage\":\"en-GB\",\"potentialAction\":[{\"@type\":\"ReadAction\",\"target\":[\"https:\/\/skaitytaknyga.lt\/produktas\/tikrasis-sebastiano-naito-gyvenimas\/\"]}]},{\"@type\":\"ImageObject\",\"inLanguage\":\"en-GB\",\"@id\":\"https:\/\/skaitytaknyga.lt\/produktas\/tikrasis-sebastiano-naito-gyvenimas\/#primaryimage\",\"url\":\"https:\/\/skaitytaknyga.lt\/wp-content\/uploads\/2025\/09\/Tikrasis-Sebastiano-Naito-gyvenimas-1.webp\",\"contentUrl\":\"https:\/\/skaitytaknyga.lt\/wp-content\/uploads\/2025\/09\/Tikrasis-Sebastiano-Naito-gyvenimas-1.webp\",\"width\":300,\"height\":448,\"caption\":\"Tikrasis Sebastiano Naito gyvenimas\"},{\"@type\":\"BreadcrumbList\",\"@id\":\"https:\/\/skaitytaknyga.lt\/produktas\/tikrasis-sebastiano-naito-gyvenimas\/#breadcrumb\",\"itemListElement\":[{\"@type\":\"ListItem\",\"position\":1,\"name\":\"Home\",\"item\":\"https:\/\/skaitytaknyga.lt\/\"},{\"@type\":\"ListItem\",\"position\":2,\"name\":\"Parduotuv\u0117\",\"item\":\"https:\/\/skaitytaknyga.lt\/knygu-parduotuve\/\"},{\"@type\":\"ListItem\",\"position\":3,\"name\":\"Tikrasis Sebastiano Naito gyvenimas\"}]},{\"@type\":\"WebSite\",\"@id\":\"https:\/\/skaitytaknyga.lt\/#website\",\"url\":\"https:\/\/skaitytaknyga.lt\/\",\"name\":\"skaitytaknyga.lt\",\"description\":\"Skaitytaknyga.lt \u2013 tai ma\u017eas \u0161eimos verslas, kuris prasid\u0117jo nuo meil\u0117s knygoms ir siekio i\u0161gelb\u0117ti knygas nuo likimo prie konteinerio. Kas vienam nereikalingas daiktas \u2013 kitam lobis, o mes esame tarpininkai, kurie padeda abiems tapti laimingesniems ???? \u017dinome kaip nelengva i\u0161gyventi ma\u017eiems verslams, tad nuo \u0161iol, \u010dia rasite ir kit\u0173, ma\u017e\u0173 \u0161eim\u0173 versl\u0173, rank\u0173 darbo, dovan\u0173 sau ir artimiesiems.\",\"publisher\":{\"@id\":\"https:\/\/skaitytaknyga.lt\/#organization\"},\"potentialAction\":[{\"@type\":\"SearchAction\",\"target\":{\"@type\":\"EntryPoint\",\"urlTemplate\":\"https:\/\/skaitytaknyga.lt\/?s={search_term_string}\"},\"query-input\":{\"@type\":\"PropertyValueSpecification\",\"valueRequired\":true,\"valueName\":\"search_term_string\"}}],\"inLanguage\":\"en-GB\"},{\"@type\":\"Organization\",\"@id\":\"https:\/\/skaitytaknyga.lt\/#organization\",\"name\":\"skaitytaknyga.lt\",\"url\":\"https:\/\/skaitytaknyga.lt\/\",\"logo\":{\"@type\":\"ImageObject\",\"inLanguage\":\"en-GB\",\"@id\":\"https:\/\/skaitytaknyga.lt\/#\/schema\/logo\/image\/\",\"url\":\"https:\/\/skaitytaknyga.lt\/wp-content\/uploads\/2024\/05\/cropped-cropped-cropped-02_00843_jt3bggkj1j3HLc7SyY6rEUpg.jpeg\",\"contentUrl\":\"https:\/\/skaitytaknyga.lt\/wp-content\/uploads\/2024\/05\/cropped-cropped-cropped-02_00843_jt3bggkj1j3HLc7SyY6rEUpg.jpeg\",\"width\":1600,\"height\":1600,\"caption\":\"skaitytaknyga.lt\"},\"image\":{\"@id\":\"https:\/\/skaitytaknyga.lt\/#\/schema\/logo\/image\/\"},\"sameAs\":[\"https:\/\/www.facebook.com\/skaitytaknyga\/\"]}]}<\/script>\n<!-- \/ Yoast SEO plugin. -->","yoast_head_json":{"title":"Tikrasis Sebastiano Naito gyvenimas","description":"\u201eTikrasis Sebastiano Naito gyvenimas\u201c (1940) \u2013 pirmas V. Nabokovo angli\u0161kai para\u0161ytas romanas. Juo autorius ai\u0161kiai parod\u0117, kad naujuoju instrumentu","robots":{"index":"index","follow":"follow","max-snippet":"max-snippet:-1","max-image-preview":"max-image-preview:large","max-video-preview":"max-video-preview:-1"},"canonical":"https:\/\/skaitytaknyga.lt\/en\/produktas\/tikrasis-sebastiano-naito-gyvenimas\/","og_locale":"en_GB","og_type":"article","og_title":"[:lt]Tikrasis Sebastiano Naito gyvenimas[:] - Skaitytaknyga","og_description":"\u201eTikrasis Sebastiano Naito gyvenimas\u201c (1940) \u2013 pirmas V. Nabokovo angli\u0161kai para\u0161ytas romanas. Juo autorius ai\u0161kiai parod\u0117, kad naujuoju instrumentu","og_url":"https:\/\/skaitytaknyga.lt\/en\/produktas\/tikrasis-sebastiano-naito-gyvenimas\/","og_site_name":"Skaitytaknyga","article_publisher":"https:\/\/www.facebook.com\/skaitytaknyga\/","article_modified_time":"2025-10-06T10:01:10+00:00","og_image":[{"width":300,"height":448,"url":"https:\/\/skaitytaknyga.lt\/wp-content\/uploads\/2025\/09\/Tikrasis-Sebastiano-Naito-gyvenimas-1.webp","type":"image\/webp"}],"twitter_card":"summary_large_image","twitter_misc":{"Estimated reading time":"1 minute"},"schema":{"@context":"https:\/\/schema.org","@graph":[{"@type":"WebPage","@id":"https:\/\/skaitytaknyga.lt\/produktas\/tikrasis-sebastiano-naito-gyvenimas\/","url":"https:\/\/skaitytaknyga.lt\/produktas\/tikrasis-sebastiano-naito-gyvenimas\/","name":"Tikrasis Sebastiano Naito gyvenimas","isPartOf":{"@id":"https:\/\/skaitytaknyga.lt\/#website"},"primaryImageOfPage":{"@id":"https:\/\/skaitytaknyga.lt\/produktas\/tikrasis-sebastiano-naito-gyvenimas\/#primaryimage"},"image":{"@id":"https:\/\/skaitytaknyga.lt\/produktas\/tikrasis-sebastiano-naito-gyvenimas\/#primaryimage"},"thumbnailUrl":"https:\/\/skaitytaknyga.lt\/wp-content\/uploads\/2025\/09\/Tikrasis-Sebastiano-Naito-gyvenimas-1.webp","datePublished":"2025-09-18T11:35:33+00:00","dateModified":"2025-10-06T10:01:10+00:00","description":"\u201eTikrasis Sebastiano Naito gyvenimas\u201c (1940) \u2013 pirmas V. Nabokovo angli\u0161kai para\u0161ytas romanas. Juo autorius ai\u0161kiai parod\u0117, kad naujuoju instrumentu","breadcrumb":{"@id":"https:\/\/skaitytaknyga.lt\/produktas\/tikrasis-sebastiano-naito-gyvenimas\/#breadcrumb"},"inLanguage":"en-GB","potentialAction":[{"@type":"ReadAction","target":["https:\/\/skaitytaknyga.lt\/produktas\/tikrasis-sebastiano-naito-gyvenimas\/"]}]},{"@type":"ImageObject","inLanguage":"en-GB","@id":"https:\/\/skaitytaknyga.lt\/produktas\/tikrasis-sebastiano-naito-gyvenimas\/#primaryimage","url":"https:\/\/skaitytaknyga.lt\/wp-content\/uploads\/2025\/09\/Tikrasis-Sebastiano-Naito-gyvenimas-1.webp","contentUrl":"https:\/\/skaitytaknyga.lt\/wp-content\/uploads\/2025\/09\/Tikrasis-Sebastiano-Naito-gyvenimas-1.webp","width":300,"height":448,"caption":"Tikrasis Sebastiano Naito gyvenimas"},{"@type":"BreadcrumbList","@id":"https:\/\/skaitytaknyga.lt\/produktas\/tikrasis-sebastiano-naito-gyvenimas\/#breadcrumb","itemListElement":[{"@type":"ListItem","position":1,"name":"Home","item":"https:\/\/skaitytaknyga.lt\/"},{"@type":"ListItem","position":2,"name":"Parduotuv\u0117","item":"https:\/\/skaitytaknyga.lt\/knygu-parduotuve\/"},{"@type":"ListItem","position":3,"name":"Tikrasis Sebastiano Naito gyvenimas"}]},{"@type":"WebSite","@id":"https:\/\/skaitytaknyga.lt\/#website","url":"https:\/\/skaitytaknyga.lt\/","name":"skaitytaknyga.lt","description":"Skaitytaknyga.lt \u2013 tai ma\u017eas \u0161eimos verslas, kuris prasid\u0117jo nuo meil\u0117s knygoms ir siekio i\u0161gelb\u0117ti knygas nuo likimo prie konteinerio. Kas vienam nereikalingas daiktas \u2013 kitam lobis, o mes esame tarpininkai, kurie padeda abiems tapti laimingesniems ???? \u017dinome kaip nelengva i\u0161gyventi ma\u017eiems verslams, tad nuo \u0161iol, \u010dia rasite ir kit\u0173, ma\u017e\u0173 \u0161eim\u0173 versl\u0173, rank\u0173 darbo, dovan\u0173 sau ir artimiesiems.","publisher":{"@id":"https:\/\/skaitytaknyga.lt\/#organization"},"potentialAction":[{"@type":"SearchAction","target":{"@type":"EntryPoint","urlTemplate":"https:\/\/skaitytaknyga.lt\/?s={search_term_string}"},"query-input":{"@type":"PropertyValueSpecification","valueRequired":true,"valueName":"search_term_string"}}],"inLanguage":"en-GB"},{"@type":"Organization","@id":"https:\/\/skaitytaknyga.lt\/#organization","name":"skaitytaknyga.lt","url":"https:\/\/skaitytaknyga.lt\/","logo":{"@type":"ImageObject","inLanguage":"en-GB","@id":"https:\/\/skaitytaknyga.lt\/#\/schema\/logo\/image\/","url":"https:\/\/skaitytaknyga.lt\/wp-content\/uploads\/2024\/05\/cropped-cropped-cropped-02_00843_jt3bggkj1j3HLc7SyY6rEUpg.jpeg","contentUrl":"https:\/\/skaitytaknyga.lt\/wp-content\/uploads\/2024\/05\/cropped-cropped-cropped-02_00843_jt3bggkj1j3HLc7SyY6rEUpg.jpeg","width":1600,"height":1600,"caption":"skaitytaknyga.lt"},"image":{"@id":"https:\/\/skaitytaknyga.lt\/#\/schema\/logo\/image\/"},"sameAs":["https:\/\/www.facebook.com\/skaitytaknyga\/"]}]}},"_links":{"self":[{"href":"https:\/\/skaitytaknyga.lt\/en\/wp-json\/wp\/v2\/product\/20925","targetHints":{"allow":["GET"]}}],"collection":[{"href":"https:\/\/skaitytaknyga.lt\/en\/wp-json\/wp\/v2\/product"}],"about":[{"href":"https:\/\/skaitytaknyga.lt\/en\/wp-json\/wp\/v2\/types\/product"}],"replies":[{"embeddable":true,"href":"https:\/\/skaitytaknyga.lt\/en\/wp-json\/wp\/v2\/comments?post=20925"}],"wp:featuredmedia":[{"embeddable":true,"href":"https:\/\/skaitytaknyga.lt\/en\/wp-json\/wp\/v2\/media\/20930"}],"wp:attachment":[{"href":"https:\/\/skaitytaknyga.lt\/en\/wp-json\/wp\/v2\/media?parent=20925"}],"wp:term":[{"taxonomy":"product_brand","embeddable":true,"href":"https:\/\/skaitytaknyga.lt\/en\/wp-json\/wp\/v2\/product_brand?post=20925"},{"taxonomy":"product_cat","embeddable":true,"href":"https:\/\/skaitytaknyga.lt\/en\/wp-json\/wp\/v2\/product_cat?post=20925"},{"taxonomy":"product_tag","embeddable":true,"href":"https:\/\/skaitytaknyga.lt\/en\/wp-json\/wp\/v2\/product_tag?post=20925"}],"curies":[{"name":"wp","href":"https:\/\/api.w.org\/{rel}","templated":true}]}}