{"id":20924,"date":"2025-09-18T14:35:33","date_gmt":"2025-09-18T11:35:33","guid":{"rendered":"https:\/\/skaitytaknyga.lt\/?post_type=product&#038;p=20924"},"modified":"2026-03-18T11:26:11","modified_gmt":"2026-03-18T09:26:11","slug":"101-idomiausia-lietuvos-vieta","status":"publish","type":"product","link":"https:\/\/skaitytaknyga.lt\/en\/produktas\/101-idomiausia-lietuvos-vieta\/","title":{"rendered":"101 \u012fdomiausia Lietuvos vieta"},"content":{"rendered":"<p>ATRASKITE IR PA\u017dINKITE YPATINGIAUSIAS LIETUVOS VIETAS!<\/p>\n<p>\u2022 Lietuvos geologin\u0117 praeitis \u2212 k\u0105 mums paliko ledynmetis.<br \/>\n\u2022 Neapr\u0117piamas gamtos pasaulis \u2212 kur karaliauja \u201egele\u017ein\u0117s varl\u0117s&#8221;, bi\u010di\u0173 gyvenimas drev\u0117se ir kas vyksta Vent\u0117s rage.<br \/>\n\u2022 Nepaprasti rei\u0161kiniai \u2212 kas ta Velnio duob\u0117 ir Karv\u0117s ola.<br \/>\n\u2022 \u017dem\u0117je ir vandenyje gl\u016bdintys t\u016bkstantme\u010diai radiniai \u2212 kokio dyd\u017eio gintaro gabalas rastas Lietuvoje ir k\u0105 slepia Luokes\u0173 povandeninis pasaulis.<br \/>\n\u2022 Senosios religijos ir krik\u0161\u010dionyb\u0117s kry\u017ekel\u0117s \u2212 kokiai e\u017eero dievybei buvo aukojamos aukos ir k\u0105 byloja Noreiki\u0161ki\u0173 akmen\u0173 paslaptis.<br \/>\n\u2022 \u012esimintini statiniai \u2212 ilgiausio ir auk\u0161\u010diausio tilto Lietuvoje istorija ir apie k\u0105 kalba stebinan\u010dios D\u016bk\u0161to mozaikos.<br \/>\n\u2022 Geografiniai valstyb\u0117s simboliai \u2212 kurios up\u0117s vardas rei\u0161kia ginkluot\u0105 kunigaik\u0161\u010di\u0173 palyd\u0105 ir siejamas su Lietuvos vardo atsiradimu.<\/p>\n<p>250 nuotrauk\u0173<br \/>\n130 \u017eem\u0117lapi\u0173<br \/>\n100 schem\u0173 ir pie\u0161ini\u0173<br \/>\nLaiko juosta<\/p>\n","protected":false},"excerpt":{"rendered":"<p>ATRASKITE IR PA\u017dINKITE YPATINGIAUSIAS LIETUVOS VIETAS! \u2022 Lietuvos geologin\u0117 praeitis \u2212 k\u0105 mums paliko ledynmetis. \u2022 Neapr\u0117piamas gamtos pasaulis \u2212 kur karaliauja \u201egele\u017ein\u0117s varl\u0117s&#8221;, bi\u010di\u0173 gyvenimas drev\u0117se ir kas vyksta Vent\u0117s rage. \u2022 Nepaprasti rei\u0161kiniai \u2212 kas ta Velnio duob\u0117 ir Karv\u0117s ola. \u2022 \u017dem\u0117je ir vandenyje gl\u016bdintys t\u016bkstantme\u010diai radiniai \u2212 kokio dyd\u017eio gintaro gabalas rastas Lietuvoje ir k\u0105 slepia Luokes\u0173 povandeninis pasaulis. \u2022 Senosios religijos ir krik\u0161\u010dionyb\u0117s kry\u017ekel\u0117s \u2212 kokiai e\u017eero dievybei buvo aukojamos aukos ir k\u0105 byloja Noreiki\u0161ki\u0173 akmen\u0173 paslaptis. \u2022 \u012esimintini statiniai \u2212 ilgiausio ir auk\u0161\u010diausio tilto Lietuvoje istorija ir apie k\u0105 kalba stebinan\u010dios D\u016bk\u0161to mozaikos. \u2022 Geografiniai valstyb\u0117s simboliai \u2212 kurios up\u0117s vardas rei\u0161kia ginkluot\u0105 kunigaik\u0161\u010di\u0173 palyd\u0105 ir siejamas su Lietuvos vardo atsiradimu. 250 nuotrauk\u0173 130 \u017eem\u0117lapi\u0173 100 schem\u0173 ir pie\u0161ini\u0173 Laiko juosta<\/p>\n","protected":false},"featured_media":20929,"comment_status":"open","ping_status":"closed","template":"","meta":{"_acf_changed":false,"site-sidebar-layout":"default","site-content-layout":"","ast-site-content-layout":"default","site-content-style":"default","site-sidebar-style":"default","ast-global-header-display":"","ast-banner-title-visibility":"","ast-main-header-display":"","ast-hfb-above-header-display":"","ast-hfb-below-header-display":"","ast-hfb-mobile-header-display":"","site-post-title":"","ast-breadcrumbs-content":"","ast-featured-img":"","footer-sml-layout":"","ast-disable-related-posts":"","theme-transparent-header-meta":"","adv-header-id-meta":"","stick-header-meta":"","header-above-stick-meta":"","header-main-stick-meta":"","header-below-stick-meta":"","astra-migrate-meta-layouts":"default","ast-page-background-enabled":"default","ast-page-background-meta":{"desktop":{"background-color":"","background-image":"","background-repeat":"repeat","background-position":"center center","background-size":"auto","background-attachment":"scroll","background-type":"","background-media":"","overlay-type":"","overlay-color":"","overlay-opacity":"","overlay-gradient":""},"tablet":{"background-color":"","background-image":"","background-repeat":"repeat","background-position":"center center","background-size":"auto","background-attachment":"scroll","background-type":"","background-media":"","overlay-type":"","overlay-color":"","overlay-opacity":"","overlay-gradient":""},"mobile":{"background-color":"","background-image":"","background-repeat":"repeat","background-position":"center center","background-size":"auto","background-attachment":"scroll","background-type":"","background-media":"","overlay-type":"","overlay-color":"","overlay-opacity":"","overlay-gradient":""}},"ast-content-background-meta":{"desktop":{"background-color":"var(--ast-global-color-4)","background-image":"","background-repeat":"repeat","background-position":"center center","background-size":"auto","background-attachment":"scroll","background-type":"","background-media":"","overlay-type":"","overlay-color":"","overlay-opacity":"","overlay-gradient":""},"tablet":{"background-color":"var(--ast-global-color-4)","background-image":"","background-repeat":"repeat","background-position":"center center","background-size":"auto","background-attachment":"scroll","background-type":"","background-media":"","overlay-type":"","overlay-color":"","overlay-opacity":"","overlay-gradient":""},"mobile":{"background-color":"var(--ast-global-color-4)","background-image":"","background-repeat":"repeat","background-position":"center center","background-size":"auto","background-attachment":"scroll","background-type":"","background-media":"","overlay-type":"","overlay-color":"","overlay-opacity":"","overlay-gradient":""}}},"product_brand":[],"product_cat":[448],"product_tag":[1802,5614,2224,2376,8584,8587,8585,8586,8583],"class_list":{"0":"post-20924","1":"product","2":"type-product","3":"status-publish","4":"has-post-thumbnail","6":"product_cat-keliones","7":"product_tag-gamta","8":"product_tag-geografija","9":"product_tag-istorija","10":"product_tag-kultura","11":"product_tag-lietuvos-vietos","12":"product_tag-mozaikos","13":"product_tag-paminklai","14":"product_tag-tiltai","15":"product_tag-valentinas-baltrunas","16":"desktop-align-left","17":"tablet-align-left","18":"mobile-align-left","20":"first","21":"instock","22":"shipping-taxable","23":"purchasable","24":"product-type-simple"},"acf":[],"yoast_head":"<!-- This site is optimized with the Yoast SEO plugin v27.0 - https:\/\/yoast.com\/product\/yoast-seo-wordpress\/ -->\n<title>101 \u012fdomiausia Lietuvos vieta<\/title>\n<meta name=\"description\" content=\"ATRASKITE IR PA\u017dINKITE YPATINGIAUSIAS LIETUVOS VIETAS! \u2022 Lietuvos geologin\u0117 praeitis \u2212 k\u0105 mums paliko ledynmetis. \u2022 Neapr\u0117piamas gamtos pasaulis \u2212 kur\" \/>\n<meta name=\"robots\" content=\"index, follow, max-snippet:-1, max-image-preview:large, max-video-preview:-1\" \/>\n<link rel=\"canonical\" href=\"https:\/\/skaitytaknyga.lt\/en\/produktas\/101-idomiausia-lietuvos-vieta\/\" \/>\n<meta property=\"og:locale\" content=\"en_GB\" \/>\n<meta property=\"og:locale:alternate\" content=\"lt_LT\" \/>\n<meta property=\"og:type\" content=\"article\" \/>\n<meta property=\"og:title\" content=\"101 \u012fdomiausia Lietuvos vieta\" \/>\n<meta property=\"og:description\" content=\"ATRASKITE IR PA\u017dINKITE YPATINGIAUSIAS LIETUVOS VIETAS! \u2022 Lietuvos geologin\u0117 praeitis \u2212 k\u0105 mums paliko ledynmetis. \u2022 Neapr\u0117piamas gamtos pasaulis \u2212 kur\" \/>\n<meta property=\"og:url\" content=\"https:\/\/skaitytaknyga.lt\/en\/produktas\/101-idomiausia-lietuvos-vieta\/\" \/>\n<meta property=\"og:site_name\" content=\"Skaitytaknyga\" \/>\n<meta property=\"article:publisher\" content=\"https:\/\/www.facebook.com\/skaitytaknyga\/\" \/>\n<meta property=\"article:modified_time\" content=\"2026-03-18T09:26:11+00:00\" \/>\n<meta property=\"og:image\" content=\"https:\/\/skaitytaknyga.lt\/wp-content\/uploads\/2025\/09\/101-idomiausia-Lietuvos-vieta-1.webp\" \/>\n\t<meta property=\"og:image:width\" content=\"300\" \/>\n\t<meta property=\"og:image:height\" content=\"472\" \/>\n\t<meta property=\"og:image:type\" content=\"image\/webp\" \/>\n<meta name=\"twitter:card\" content=\"summary_large_image\" \/>\n<meta name=\"twitter:label1\" content=\"Estimated reading time\" \/>\n\t<meta name=\"twitter:data1\" content=\"1 minute\" \/>\n<script type=\"application\/ld+json\" class=\"yoast-schema-graph\">{\"@context\":\"https:\/\/schema.org\",\"@graph\":[{\"@type\":\"WebPage\",\"@id\":\"https:\/\/skaitytaknyga.lt\/produktas\/101-idomiausia-lietuvos-vieta\/\",\"url\":\"https:\/\/skaitytaknyga.lt\/produktas\/101-idomiausia-lietuvos-vieta\/\",\"name\":\"101 \u012fdomiausia Lietuvos vieta\",\"isPartOf\":{\"@id\":\"https:\/\/skaitytaknyga.lt\/#website\"},\"primaryImageOfPage\":{\"@id\":\"https:\/\/skaitytaknyga.lt\/produktas\/101-idomiausia-lietuvos-vieta\/#primaryimage\"},\"image\":{\"@id\":\"https:\/\/skaitytaknyga.lt\/produktas\/101-idomiausia-lietuvos-vieta\/#primaryimage\"},\"thumbnailUrl\":\"https:\/\/skaitytaknyga.lt\/wp-content\/uploads\/2025\/09\/101-idomiausia-Lietuvos-vieta-1.webp\",\"datePublished\":\"2025-09-18T11:35:33+00:00\",\"dateModified\":\"2026-03-18T09:26:11+00:00\",\"description\":\"ATRASKITE IR PA\u017dINKITE YPATINGIAUSIAS LIETUVOS VIETAS! \u2022 Lietuvos geologin\u0117 praeitis \u2212 k\u0105 mums paliko ledynmetis. \u2022 Neapr\u0117piamas gamtos pasaulis \u2212 kur\",\"breadcrumb\":{\"@id\":\"https:\/\/skaitytaknyga.lt\/produktas\/101-idomiausia-lietuvos-vieta\/#breadcrumb\"},\"inLanguage\":\"en-GB\",\"potentialAction\":[{\"@type\":\"ReadAction\",\"target\":[\"https:\/\/skaitytaknyga.lt\/produktas\/101-idomiausia-lietuvos-vieta\/\"]}]},{\"@type\":\"ImageObject\",\"inLanguage\":\"en-GB\",\"@id\":\"https:\/\/skaitytaknyga.lt\/produktas\/101-idomiausia-lietuvos-vieta\/#primaryimage\",\"url\":\"https:\/\/skaitytaknyga.lt\/wp-content\/uploads\/2025\/09\/101-idomiausia-Lietuvos-vieta-1.webp\",\"contentUrl\":\"https:\/\/skaitytaknyga.lt\/wp-content\/uploads\/2025\/09\/101-idomiausia-Lietuvos-vieta-1.webp\",\"width\":300,\"height\":472,\"caption\":\"101 \u012fdomiausia Lietuvos vieta\"},{\"@type\":\"BreadcrumbList\",\"@id\":\"https:\/\/skaitytaknyga.lt\/produktas\/101-idomiausia-lietuvos-vieta\/#breadcrumb\",\"itemListElement\":[{\"@type\":\"ListItem\",\"position\":1,\"name\":\"Home\",\"item\":\"https:\/\/skaitytaknyga.lt\/\"},{\"@type\":\"ListItem\",\"position\":2,\"name\":\"Parduotuv\u0117\",\"item\":\"https:\/\/skaitytaknyga.lt\/knygu-parduotuve\/\"},{\"@type\":\"ListItem\",\"position\":3,\"name\":\"101 \u012fdomiausia Lietuvos vieta\"}]},{\"@type\":\"WebSite\",\"@id\":\"https:\/\/skaitytaknyga.lt\/#website\",\"url\":\"https:\/\/skaitytaknyga.lt\/\",\"name\":\"skaitytaknyga.lt\",\"description\":\"Skaitytaknyga.lt \u2013 tai ma\u017eas \u0161eimos verslas, kuris prasid\u0117jo nuo meil\u0117s knygoms ir siekio i\u0161gelb\u0117ti knygas nuo likimo prie konteinerio. Kas vienam nereikalingas daiktas \u2013 kitam lobis, o mes esame tarpininkai, kurie padeda abiems tapti laimingesniems ???? \u017dinome kaip nelengva i\u0161gyventi ma\u017eiems verslams, tad nuo \u0161iol, \u010dia rasite ir kit\u0173, ma\u017e\u0173 \u0161eim\u0173 versl\u0173, rank\u0173 darbo, dovan\u0173 sau ir artimiesiems.\",\"publisher\":{\"@id\":\"https:\/\/skaitytaknyga.lt\/#organization\"},\"potentialAction\":[{\"@type\":\"SearchAction\",\"target\":{\"@type\":\"EntryPoint\",\"urlTemplate\":\"https:\/\/skaitytaknyga.lt\/?s={search_term_string}\"},\"query-input\":{\"@type\":\"PropertyValueSpecification\",\"valueRequired\":true,\"valueName\":\"search_term_string\"}}],\"inLanguage\":\"en-GB\"},{\"@type\":\"Organization\",\"@id\":\"https:\/\/skaitytaknyga.lt\/#organization\",\"name\":\"skaitytaknyga.lt\",\"url\":\"https:\/\/skaitytaknyga.lt\/\",\"logo\":{\"@type\":\"ImageObject\",\"inLanguage\":\"en-GB\",\"@id\":\"https:\/\/skaitytaknyga.lt\/#\/schema\/logo\/image\/\",\"url\":\"https:\/\/skaitytaknyga.lt\/wp-content\/uploads\/2024\/05\/cropped-cropped-cropped-02_00843_jt3bggkj1j3HLc7SyY6rEUpg.jpeg\",\"contentUrl\":\"https:\/\/skaitytaknyga.lt\/wp-content\/uploads\/2024\/05\/cropped-cropped-cropped-02_00843_jt3bggkj1j3HLc7SyY6rEUpg.jpeg\",\"width\":1600,\"height\":1600,\"caption\":\"skaitytaknyga.lt\"},\"image\":{\"@id\":\"https:\/\/skaitytaknyga.lt\/#\/schema\/logo\/image\/\"},\"sameAs\":[\"https:\/\/www.facebook.com\/skaitytaknyga\/\"]}]}<\/script>\n<!-- \/ Yoast SEO plugin. -->","yoast_head_json":{"title":"101 \u012fdomiausia Lietuvos vieta","description":"ATRASKITE IR PA\u017dINKITE YPATINGIAUSIAS LIETUVOS VIETAS! \u2022 Lietuvos geologin\u0117 praeitis \u2212 k\u0105 mums paliko ledynmetis. \u2022 Neapr\u0117piamas gamtos pasaulis \u2212 kur","robots":{"index":"index","follow":"follow","max-snippet":"max-snippet:-1","max-image-preview":"max-image-preview:large","max-video-preview":"max-video-preview:-1"},"canonical":"https:\/\/skaitytaknyga.lt\/en\/produktas\/101-idomiausia-lietuvos-vieta\/","og_locale":"en_GB","og_type":"article","og_title":"[:lt]101 \u012fdomiausia Lietuvos vieta[:] - Skaitytaknyga","og_description":"ATRASKITE IR PA\u017dINKITE YPATINGIAUSIAS LIETUVOS VIETAS! \u2022 Lietuvos geologin\u0117 praeitis \u2212 k\u0105 mums paliko ledynmetis. \u2022 Neapr\u0117piamas gamtos pasaulis \u2212 kur","og_url":"https:\/\/skaitytaknyga.lt\/en\/produktas\/101-idomiausia-lietuvos-vieta\/","og_site_name":"Skaitytaknyga","article_publisher":"https:\/\/www.facebook.com\/skaitytaknyga\/","article_modified_time":"2026-03-18T09:26:11+00:00","og_image":[{"width":300,"height":472,"url":"https:\/\/skaitytaknyga.lt\/wp-content\/uploads\/2025\/09\/101-idomiausia-Lietuvos-vieta-1.webp","type":"image\/webp"}],"twitter_card":"summary_large_image","twitter_misc":{"Estimated reading time":"1 minute"},"schema":{"@context":"https:\/\/schema.org","@graph":[{"@type":"WebPage","@id":"https:\/\/skaitytaknyga.lt\/produktas\/101-idomiausia-lietuvos-vieta\/","url":"https:\/\/skaitytaknyga.lt\/produktas\/101-idomiausia-lietuvos-vieta\/","name":"101 \u012fdomiausia Lietuvos vieta","isPartOf":{"@id":"https:\/\/skaitytaknyga.lt\/#website"},"primaryImageOfPage":{"@id":"https:\/\/skaitytaknyga.lt\/produktas\/101-idomiausia-lietuvos-vieta\/#primaryimage"},"image":{"@id":"https:\/\/skaitytaknyga.lt\/produktas\/101-idomiausia-lietuvos-vieta\/#primaryimage"},"thumbnailUrl":"https:\/\/skaitytaknyga.lt\/wp-content\/uploads\/2025\/09\/101-idomiausia-Lietuvos-vieta-1.webp","datePublished":"2025-09-18T11:35:33+00:00","dateModified":"2026-03-18T09:26:11+00:00","description":"ATRASKITE IR PA\u017dINKITE YPATINGIAUSIAS LIETUVOS VIETAS! \u2022 Lietuvos geologin\u0117 praeitis \u2212 k\u0105 mums paliko ledynmetis. \u2022 Neapr\u0117piamas gamtos pasaulis \u2212 kur","breadcrumb":{"@id":"https:\/\/skaitytaknyga.lt\/produktas\/101-idomiausia-lietuvos-vieta\/#breadcrumb"},"inLanguage":"en-GB","potentialAction":[{"@type":"ReadAction","target":["https:\/\/skaitytaknyga.lt\/produktas\/101-idomiausia-lietuvos-vieta\/"]}]},{"@type":"ImageObject","inLanguage":"en-GB","@id":"https:\/\/skaitytaknyga.lt\/produktas\/101-idomiausia-lietuvos-vieta\/#primaryimage","url":"https:\/\/skaitytaknyga.lt\/wp-content\/uploads\/2025\/09\/101-idomiausia-Lietuvos-vieta-1.webp","contentUrl":"https:\/\/skaitytaknyga.lt\/wp-content\/uploads\/2025\/09\/101-idomiausia-Lietuvos-vieta-1.webp","width":300,"height":472,"caption":"101 \u012fdomiausia Lietuvos vieta"},{"@type":"BreadcrumbList","@id":"https:\/\/skaitytaknyga.lt\/produktas\/101-idomiausia-lietuvos-vieta\/#breadcrumb","itemListElement":[{"@type":"ListItem","position":1,"name":"Home","item":"https:\/\/skaitytaknyga.lt\/"},{"@type":"ListItem","position":2,"name":"Parduotuv\u0117","item":"https:\/\/skaitytaknyga.lt\/knygu-parduotuve\/"},{"@type":"ListItem","position":3,"name":"101 \u012fdomiausia Lietuvos vieta"}]},{"@type":"WebSite","@id":"https:\/\/skaitytaknyga.lt\/#website","url":"https:\/\/skaitytaknyga.lt\/","name":"skaitytaknyga.lt","description":"Skaitytaknyga.lt \u2013 tai ma\u017eas \u0161eimos verslas, kuris prasid\u0117jo nuo meil\u0117s knygoms ir siekio i\u0161gelb\u0117ti knygas nuo likimo prie konteinerio. Kas vienam nereikalingas daiktas \u2013 kitam lobis, o mes esame tarpininkai, kurie padeda abiems tapti laimingesniems ???? \u017dinome kaip nelengva i\u0161gyventi ma\u017eiems verslams, tad nuo \u0161iol, \u010dia rasite ir kit\u0173, ma\u017e\u0173 \u0161eim\u0173 versl\u0173, rank\u0173 darbo, dovan\u0173 sau ir artimiesiems.","publisher":{"@id":"https:\/\/skaitytaknyga.lt\/#organization"},"potentialAction":[{"@type":"SearchAction","target":{"@type":"EntryPoint","urlTemplate":"https:\/\/skaitytaknyga.lt\/?s={search_term_string}"},"query-input":{"@type":"PropertyValueSpecification","valueRequired":true,"valueName":"search_term_string"}}],"inLanguage":"en-GB"},{"@type":"Organization","@id":"https:\/\/skaitytaknyga.lt\/#organization","name":"skaitytaknyga.lt","url":"https:\/\/skaitytaknyga.lt\/","logo":{"@type":"ImageObject","inLanguage":"en-GB","@id":"https:\/\/skaitytaknyga.lt\/#\/schema\/logo\/image\/","url":"https:\/\/skaitytaknyga.lt\/wp-content\/uploads\/2024\/05\/cropped-cropped-cropped-02_00843_jt3bggkj1j3HLc7SyY6rEUpg.jpeg","contentUrl":"https:\/\/skaitytaknyga.lt\/wp-content\/uploads\/2024\/05\/cropped-cropped-cropped-02_00843_jt3bggkj1j3HLc7SyY6rEUpg.jpeg","width":1600,"height":1600,"caption":"skaitytaknyga.lt"},"image":{"@id":"https:\/\/skaitytaknyga.lt\/#\/schema\/logo\/image\/"},"sameAs":["https:\/\/www.facebook.com\/skaitytaknyga\/"]}]}},"_links":{"self":[{"href":"https:\/\/skaitytaknyga.lt\/en\/wp-json\/wp\/v2\/product\/20924","targetHints":{"allow":["GET"]}}],"collection":[{"href":"https:\/\/skaitytaknyga.lt\/en\/wp-json\/wp\/v2\/product"}],"about":[{"href":"https:\/\/skaitytaknyga.lt\/en\/wp-json\/wp\/v2\/types\/product"}],"replies":[{"embeddable":true,"href":"https:\/\/skaitytaknyga.lt\/en\/wp-json\/wp\/v2\/comments?post=20924"}],"wp:featuredmedia":[{"embeddable":true,"href":"https:\/\/skaitytaknyga.lt\/en\/wp-json\/wp\/v2\/media\/20929"}],"wp:attachment":[{"href":"https:\/\/skaitytaknyga.lt\/en\/wp-json\/wp\/v2\/media?parent=20924"}],"wp:term":[{"taxonomy":"product_brand","embeddable":true,"href":"https:\/\/skaitytaknyga.lt\/en\/wp-json\/wp\/v2\/product_brand?post=20924"},{"taxonomy":"product_cat","embeddable":true,"href":"https:\/\/skaitytaknyga.lt\/en\/wp-json\/wp\/v2\/product_cat?post=20924"},{"taxonomy":"product_tag","embeddable":true,"href":"https:\/\/skaitytaknyga.lt\/en\/wp-json\/wp\/v2\/product_tag?post=20924"}],"curies":[{"name":"wp","href":"https:\/\/api.w.org\/{rel}","templated":true}]}}