{"id":20923,"date":"2025-09-18T14:35:33","date_gmt":"2025-09-18T11:35:33","guid":{"rendered":"https:\/\/skaitytaknyga.lt\/?post_type=product&#038;p=20923"},"modified":"2025-10-06T13:00:58","modified_gmt":"2025-10-06T10:00:58","slug":"be-pabaigos","status":"publish","type":"product","link":"https:\/\/skaitytaknyga.lt\/en\/produktas\/be-pabaigos\/","title":{"rendered":"&#8230;be pabaigos&#8230;"},"content":{"rendered":"<p>\u201e&#8230;be pabaigos&#8230;\u201c \u2013 a\u0161tuntoji Doloresos Kazragyt\u0117s autobiografin\u0117s eseistikos knyga, kaip visada atvira dienora\u0161tin\u0117 i\u0161pa\u017eintis.<\/p>\n<p>Doloresa Kazragyt\u0117 ra\u0161o apie tai, kas jos gyvenime \u012fvyko 2011\u20132014 metais. Apie k\u0105 ji kalba su savimi ir skaitytoju? Apie ma\u017eus kasdienyb\u0117s stebuklus, susitikimus su Lietuvos miest\u0173 ir miesteli\u0173 \u017emon\u0117mis, darb\u0105 teatre, abejones ir tik\u0117jim\u0105, gyvenimo \u0161urmul\u012f ir tylos palaim\u0105. Ir apie netik\u0117t\u0105 likimo dovan\u0105 \u2013 \u012fsp\u016bding\u0105 kelion\u0119 \u012f Izrael\u012f&#8230;<\/p>\n<p>***<br \/>\nRa\u0161yti darosi sunkiau. Gyventi darosi sunkiau, nes ilgesys stipr\u0117ja. Skaitau skaitau, ie\u0161kau ie\u0161kau lyg ir atsakymo, lyg ir kokio rams\u010dio, kur ta mano tiesa \u2013 kelio tiesa, kad gal\u0117\u010diau eiti iki galo. Tos knygos \u2013 ir padeda, ir nepadeda&#8230; Tie du pasauliai \u2013 mokslo \u012fsiskverbimas (toks netobulas!) \u012f visatos paslapt\u012f ir paprastas, kasdienis \u017emogaus gyvenimas \u2013 atrodo tokie nesuderinami, ir tik\u0117jimas taip kartais nutolsta, kad eini i\u0161 proto kaskart, kai u\u017evert\u0119s galv\u0105 \u017evelgi \u012f berib\u012f \u017evaig\u017ed\u0117t\u0105 dang\u0173 ar saul\u0117lyd\u017eio gro\u017e\u012f. Viskas \u2013 kaip gyveni, k\u0105 darai, visi darbai darbeliai, r\u016bpes\u010diai ir bendravimas, kalb\u0117jimas, \u2013 viskas atrodo taip menka, nors \u017einai (tiki!), kad visa tai n\u0117ra atsitiktinumas. B\u016btent tai ir yra prasminga.<\/p>\n","protected":false},"excerpt":{"rendered":"<p>\u201e&#8230;be pabaigos&#8230;\u201c \u2013 a\u0161tuntoji Doloresos Kazragyt\u0117s autobiografin\u0117s eseistikos knyga, kaip visada atvira dienora\u0161tin\u0117 i\u0161pa\u017eintis. Doloresa Kazragyt\u0117 ra\u0161o apie tai, kas jos gyvenime \u012fvyko 2011\u20132014 metais. Apie k\u0105 ji kalba su savimi ir skaitytoju? Apie ma\u017eus kasdienyb\u0117s stebuklus, susitikimus su Lietuvos miest\u0173 ir miesteli\u0173 \u017emon\u0117mis, darb\u0105 teatre, abejones ir tik\u0117jim\u0105, gyvenimo \u0161urmul\u012f ir tylos palaim\u0105. Ir apie netik\u0117t\u0105 likimo dovan\u0105 \u2013 \u012fsp\u016bding\u0105 kelion\u0119 \u012f Izrael\u012f&#8230; *** Ra\u0161yti darosi sunkiau. Gyventi darosi sunkiau, nes ilgesys stipr\u0117ja. Skaitau skaitau, ie\u0161kau ie\u0161kau lyg ir atsakymo, lyg ir kokio rams\u010dio, kur ta mano tiesa \u2013 kelio tiesa, kad gal\u0117\u010diau eiti iki galo. Tos knygos \u2013 ir padeda, ir nepadeda&#8230; Tie du pasauliai \u2013 mokslo \u012fsiskverbimas (toks netobulas!) \u012f visatos paslapt\u012f ir paprastas, kasdienis \u017emogaus gyvenimas \u2013 atrodo tokie nesuderinami, ir tik\u0117jimas taip kartais nutolsta, kad eini i\u0161 proto kaskart, kai u\u017evert\u0119s galv\u0105 \u017evelgi \u012f berib\u012f \u017evaig\u017ed\u0117t\u0105 dang\u0173 ar saul\u0117lyd\u017eio gro\u017e\u012f. Viskas \u2013 kaip gyveni, k\u0105 darai, visi darbai darbeliai, r\u016bpes\u010diai ir bendravimas, kalb\u0117jimas, \u2013 viskas atrodo taip menka, nors \u017einai (tiki!), kad visa tai n\u0117ra atsitiktinumas. B\u016btent tai ir yra prasminga.<\/p>\n","protected":false},"featured_media":20928,"comment_status":"open","ping_status":"closed","template":"","meta":{"_acf_changed":false,"site-sidebar-layout":"default","site-content-layout":"","ast-site-content-layout":"default","site-content-style":"default","site-sidebar-style":"default","ast-global-header-display":"","ast-banner-title-visibility":"","ast-main-header-display":"","ast-hfb-above-header-display":"","ast-hfb-below-header-display":"","ast-hfb-mobile-header-display":"","site-post-title":"","ast-breadcrumbs-content":"","ast-featured-img":"","footer-sml-layout":"","ast-disable-related-posts":"","theme-transparent-header-meta":"","adv-header-id-meta":"","stick-header-meta":"","header-above-stick-meta":"","header-main-stick-meta":"","header-below-stick-meta":"","astra-migrate-meta-layouts":"default","ast-page-background-enabled":"default","ast-page-background-meta":{"desktop":{"background-color":"","background-image":"","background-repeat":"repeat","background-position":"center center","background-size":"auto","background-attachment":"scroll","background-type":"","background-media":"","overlay-type":"","overlay-color":"","overlay-opacity":"","overlay-gradient":""},"tablet":{"background-color":"","background-image":"","background-repeat":"repeat","background-position":"center center","background-size":"auto","background-attachment":"scroll","background-type":"","background-media":"","overlay-type":"","overlay-color":"","overlay-opacity":"","overlay-gradient":""},"mobile":{"background-color":"","background-image":"","background-repeat":"repeat","background-position":"center center","background-size":"auto","background-attachment":"scroll","background-type":"","background-media":"","overlay-type":"","overlay-color":"","overlay-opacity":"","overlay-gradient":""}},"ast-content-background-meta":{"desktop":{"background-color":"var(--ast-global-color-4)","background-image":"","background-repeat":"repeat","background-position":"center center","background-size":"auto","background-attachment":"scroll","background-type":"","background-media":"","overlay-type":"","overlay-color":"","overlay-opacity":"","overlay-gradient":""},"tablet":{"background-color":"var(--ast-global-color-4)","background-image":"","background-repeat":"repeat","background-position":"center center","background-size":"auto","background-attachment":"scroll","background-type":"","background-media":"","overlay-type":"","overlay-color":"","overlay-opacity":"","overlay-gradient":""},"mobile":{"background-color":"var(--ast-global-color-4)","background-image":"","background-repeat":"repeat","background-position":"center center","background-size":"auto","background-attachment":"scroll","background-type":"","background-media":"","overlay-type":"","overlay-color":"","overlay-opacity":"","overlay-gradient":""}}},"product_brand":[],"product_cat":[31,15],"product_tag":[3916,8573,2971,1278,2673,1445,8581,1581,8582],"class_list":{"0":"post-20923","1":"product","2":"type-product","3":"status-publish","4":"has-post-thumbnail","6":"product_cat-grozine-literatura","7":"product_cat-uncategorized","8":"product_tag-dienorastis","9":"product_tag-doloresa-kazragyte","10":"product_tag-gyvenimas","11":"product_tag-izraelis","12":"product_tag-kasdienybe","13":"product_tag-keliones","14":"product_tag-teatre","15":"product_tag-tikejimas","16":"product_tag-tylos-palaima","17":"desktop-align-left","18":"tablet-align-left","19":"mobile-align-left","21":"first","22":"instock","23":"shipping-taxable","24":"purchasable","25":"product-type-simple"},"acf":[],"yoast_head":"<!-- This site is optimized with the Yoast SEO plugin v27.0 - https:\/\/yoast.com\/product\/yoast-seo-wordpress\/ -->\n<title>...be pabaigos...<\/title>\n<meta name=\"description\" content=\"\u201e...be pabaigos...\u201c \u2013 a\u0161tuntoji Doloresos Kazragyt\u0117s autobiografin\u0117s eseistikos knyga, kaip visada atvira dienora\u0161tin\u0117 i\u0161pa\u017eintis. Doloresa Kazragyt\u0117 ra\u0161o\" \/>\n<meta name=\"robots\" content=\"index, follow, max-snippet:-1, max-image-preview:large, max-video-preview:-1\" \/>\n<link rel=\"canonical\" href=\"https:\/\/skaitytaknyga.lt\/en\/produktas\/be-pabaigos\/\" \/>\n<meta property=\"og:locale\" content=\"en_GB\" \/>\n<meta property=\"og:locale:alternate\" content=\"lt_LT\" \/>\n<meta property=\"og:type\" content=\"article\" \/>\n<meta property=\"og:title\" content=\"...be pabaigos...\" \/>\n<meta property=\"og:description\" content=\"\u201e...be pabaigos...\u201c \u2013 a\u0161tuntoji Doloresos Kazragyt\u0117s autobiografin\u0117s eseistikos knyga, kaip visada atvira dienora\u0161tin\u0117 i\u0161pa\u017eintis. Doloresa Kazragyt\u0117 ra\u0161o\" \/>\n<meta property=\"og:url\" content=\"https:\/\/skaitytaknyga.lt\/en\/produktas\/be-pabaigos\/\" \/>\n<meta property=\"og:site_name\" content=\"Skaitytaknyga\" \/>\n<meta property=\"article:publisher\" content=\"https:\/\/www.facebook.com\/skaitytaknyga\/\" \/>\n<meta property=\"article:modified_time\" content=\"2025-10-06T10:00:58+00:00\" \/>\n<meta property=\"og:image\" content=\"https:\/\/skaitytaknyga.lt\/wp-content\/uploads\/2025\/09\/be-pabaigos.webp\" \/>\n\t<meta property=\"og:image:width\" content=\"300\" \/>\n\t<meta property=\"og:image:height\" content=\"445\" \/>\n\t<meta property=\"og:image:type\" content=\"image\/webp\" \/>\n<meta name=\"twitter:card\" content=\"summary_large_image\" \/>\n<meta name=\"twitter:label1\" content=\"Estimated reading time\" \/>\n\t<meta name=\"twitter:data1\" content=\"1 minute\" \/>\n<script type=\"application\/ld+json\" class=\"yoast-schema-graph\">{\"@context\":\"https:\/\/schema.org\",\"@graph\":[{\"@type\":\"WebPage\",\"@id\":\"https:\/\/skaitytaknyga.lt\/produktas\/be-pabaigos\/\",\"url\":\"https:\/\/skaitytaknyga.lt\/produktas\/be-pabaigos\/\",\"name\":\"...be pabaigos...\",\"isPartOf\":{\"@id\":\"https:\/\/skaitytaknyga.lt\/#website\"},\"primaryImageOfPage\":{\"@id\":\"https:\/\/skaitytaknyga.lt\/produktas\/be-pabaigos\/#primaryimage\"},\"image\":{\"@id\":\"https:\/\/skaitytaknyga.lt\/produktas\/be-pabaigos\/#primaryimage\"},\"thumbnailUrl\":\"https:\/\/skaitytaknyga.lt\/wp-content\/uploads\/2025\/09\/be-pabaigos.webp\",\"datePublished\":\"2025-09-18T11:35:33+00:00\",\"dateModified\":\"2025-10-06T10:00:58+00:00\",\"description\":\"\u201e...be pabaigos...\u201c \u2013 a\u0161tuntoji Doloresos Kazragyt\u0117s autobiografin\u0117s eseistikos knyga, kaip visada atvira dienora\u0161tin\u0117 i\u0161pa\u017eintis. Doloresa Kazragyt\u0117 ra\u0161o\",\"breadcrumb\":{\"@id\":\"https:\/\/skaitytaknyga.lt\/produktas\/be-pabaigos\/#breadcrumb\"},\"inLanguage\":\"en-GB\",\"potentialAction\":[{\"@type\":\"ReadAction\",\"target\":[\"https:\/\/skaitytaknyga.lt\/produktas\/be-pabaigos\/\"]}]},{\"@type\":\"ImageObject\",\"inLanguage\":\"en-GB\",\"@id\":\"https:\/\/skaitytaknyga.lt\/produktas\/be-pabaigos\/#primaryimage\",\"url\":\"https:\/\/skaitytaknyga.lt\/wp-content\/uploads\/2025\/09\/be-pabaigos.webp\",\"contentUrl\":\"https:\/\/skaitytaknyga.lt\/wp-content\/uploads\/2025\/09\/be-pabaigos.webp\",\"width\":300,\"height\":445,\"caption\":\"...be pabaigos...\"},{\"@type\":\"BreadcrumbList\",\"@id\":\"https:\/\/skaitytaknyga.lt\/produktas\/be-pabaigos\/#breadcrumb\",\"itemListElement\":[{\"@type\":\"ListItem\",\"position\":1,\"name\":\"Home\",\"item\":\"https:\/\/skaitytaknyga.lt\/\"},{\"@type\":\"ListItem\",\"position\":2,\"name\":\"Parduotuv\u0117\",\"item\":\"https:\/\/skaitytaknyga.lt\/knygu-parduotuve\/\"},{\"@type\":\"ListItem\",\"position\":3,\"name\":\"&#8230;be pabaigos&#8230;\"}]},{\"@type\":\"WebSite\",\"@id\":\"https:\/\/skaitytaknyga.lt\/#website\",\"url\":\"https:\/\/skaitytaknyga.lt\/\",\"name\":\"skaitytaknyga.lt\",\"description\":\"Skaitytaknyga.lt \u2013 tai ma\u017eas \u0161eimos verslas, kuris prasid\u0117jo nuo meil\u0117s knygoms ir siekio i\u0161gelb\u0117ti knygas nuo likimo prie konteinerio. Kas vienam nereikalingas daiktas \u2013 kitam lobis, o mes esame tarpininkai, kurie padeda abiems tapti laimingesniems ???? \u017dinome kaip nelengva i\u0161gyventi ma\u017eiems verslams, tad nuo \u0161iol, \u010dia rasite ir kit\u0173, ma\u017e\u0173 \u0161eim\u0173 versl\u0173, rank\u0173 darbo, dovan\u0173 sau ir artimiesiems.\",\"publisher\":{\"@id\":\"https:\/\/skaitytaknyga.lt\/#organization\"},\"potentialAction\":[{\"@type\":\"SearchAction\",\"target\":{\"@type\":\"EntryPoint\",\"urlTemplate\":\"https:\/\/skaitytaknyga.lt\/?s={search_term_string}\"},\"query-input\":{\"@type\":\"PropertyValueSpecification\",\"valueRequired\":true,\"valueName\":\"search_term_string\"}}],\"inLanguage\":\"en-GB\"},{\"@type\":\"Organization\",\"@id\":\"https:\/\/skaitytaknyga.lt\/#organization\",\"name\":\"skaitytaknyga.lt\",\"url\":\"https:\/\/skaitytaknyga.lt\/\",\"logo\":{\"@type\":\"ImageObject\",\"inLanguage\":\"en-GB\",\"@id\":\"https:\/\/skaitytaknyga.lt\/#\/schema\/logo\/image\/\",\"url\":\"https:\/\/skaitytaknyga.lt\/wp-content\/uploads\/2024\/05\/cropped-cropped-cropped-02_00843_jt3bggkj1j3HLc7SyY6rEUpg.jpeg\",\"contentUrl\":\"https:\/\/skaitytaknyga.lt\/wp-content\/uploads\/2024\/05\/cropped-cropped-cropped-02_00843_jt3bggkj1j3HLc7SyY6rEUpg.jpeg\",\"width\":1600,\"height\":1600,\"caption\":\"skaitytaknyga.lt\"},\"image\":{\"@id\":\"https:\/\/skaitytaknyga.lt\/#\/schema\/logo\/image\/\"},\"sameAs\":[\"https:\/\/www.facebook.com\/skaitytaknyga\/\"]}]}<\/script>\n<!-- \/ Yoast SEO plugin. -->","yoast_head_json":{"title":"...be pabaigos...","description":"\u201e...be pabaigos...\u201c \u2013 a\u0161tuntoji Doloresos Kazragyt\u0117s autobiografin\u0117s eseistikos knyga, kaip visada atvira dienora\u0161tin\u0117 i\u0161pa\u017eintis. Doloresa Kazragyt\u0117 ra\u0161o","robots":{"index":"index","follow":"follow","max-snippet":"max-snippet:-1","max-image-preview":"max-image-preview:large","max-video-preview":"max-video-preview:-1"},"canonical":"https:\/\/skaitytaknyga.lt\/en\/produktas\/be-pabaigos\/","og_locale":"en_GB","og_type":"article","og_title":"[:lt]...be pabaigos...[:] - Skaitytaknyga","og_description":"\u201e...be pabaigos...\u201c \u2013 a\u0161tuntoji Doloresos Kazragyt\u0117s autobiografin\u0117s eseistikos knyga, kaip visada atvira dienora\u0161tin\u0117 i\u0161pa\u017eintis. Doloresa Kazragyt\u0117 ra\u0161o","og_url":"https:\/\/skaitytaknyga.lt\/en\/produktas\/be-pabaigos\/","og_site_name":"Skaitytaknyga","article_publisher":"https:\/\/www.facebook.com\/skaitytaknyga\/","article_modified_time":"2025-10-06T10:00:58+00:00","og_image":[{"width":300,"height":445,"url":"https:\/\/skaitytaknyga.lt\/wp-content\/uploads\/2025\/09\/be-pabaigos.webp","type":"image\/webp"}],"twitter_card":"summary_large_image","twitter_misc":{"Estimated reading time":"1 minute"},"schema":{"@context":"https:\/\/schema.org","@graph":[{"@type":"WebPage","@id":"https:\/\/skaitytaknyga.lt\/produktas\/be-pabaigos\/","url":"https:\/\/skaitytaknyga.lt\/produktas\/be-pabaigos\/","name":"...be pabaigos...","isPartOf":{"@id":"https:\/\/skaitytaknyga.lt\/#website"},"primaryImageOfPage":{"@id":"https:\/\/skaitytaknyga.lt\/produktas\/be-pabaigos\/#primaryimage"},"image":{"@id":"https:\/\/skaitytaknyga.lt\/produktas\/be-pabaigos\/#primaryimage"},"thumbnailUrl":"https:\/\/skaitytaknyga.lt\/wp-content\/uploads\/2025\/09\/be-pabaigos.webp","datePublished":"2025-09-18T11:35:33+00:00","dateModified":"2025-10-06T10:00:58+00:00","description":"\u201e...be pabaigos...\u201c \u2013 a\u0161tuntoji Doloresos Kazragyt\u0117s autobiografin\u0117s eseistikos knyga, kaip visada atvira dienora\u0161tin\u0117 i\u0161pa\u017eintis. Doloresa Kazragyt\u0117 ra\u0161o","breadcrumb":{"@id":"https:\/\/skaitytaknyga.lt\/produktas\/be-pabaigos\/#breadcrumb"},"inLanguage":"en-GB","potentialAction":[{"@type":"ReadAction","target":["https:\/\/skaitytaknyga.lt\/produktas\/be-pabaigos\/"]}]},{"@type":"ImageObject","inLanguage":"en-GB","@id":"https:\/\/skaitytaknyga.lt\/produktas\/be-pabaigos\/#primaryimage","url":"https:\/\/skaitytaknyga.lt\/wp-content\/uploads\/2025\/09\/be-pabaigos.webp","contentUrl":"https:\/\/skaitytaknyga.lt\/wp-content\/uploads\/2025\/09\/be-pabaigos.webp","width":300,"height":445,"caption":"...be pabaigos..."},{"@type":"BreadcrumbList","@id":"https:\/\/skaitytaknyga.lt\/produktas\/be-pabaigos\/#breadcrumb","itemListElement":[{"@type":"ListItem","position":1,"name":"Home","item":"https:\/\/skaitytaknyga.lt\/"},{"@type":"ListItem","position":2,"name":"Parduotuv\u0117","item":"https:\/\/skaitytaknyga.lt\/knygu-parduotuve\/"},{"@type":"ListItem","position":3,"name":"&#8230;be pabaigos&#8230;"}]},{"@type":"WebSite","@id":"https:\/\/skaitytaknyga.lt\/#website","url":"https:\/\/skaitytaknyga.lt\/","name":"skaitytaknyga.lt","description":"Skaitytaknyga.lt \u2013 tai ma\u017eas \u0161eimos verslas, kuris prasid\u0117jo nuo meil\u0117s knygoms ir siekio i\u0161gelb\u0117ti knygas nuo likimo prie konteinerio. Kas vienam nereikalingas daiktas \u2013 kitam lobis, o mes esame tarpininkai, kurie padeda abiems tapti laimingesniems ???? \u017dinome kaip nelengva i\u0161gyventi ma\u017eiems verslams, tad nuo \u0161iol, \u010dia rasite ir kit\u0173, ma\u017e\u0173 \u0161eim\u0173 versl\u0173, rank\u0173 darbo, dovan\u0173 sau ir artimiesiems.","publisher":{"@id":"https:\/\/skaitytaknyga.lt\/#organization"},"potentialAction":[{"@type":"SearchAction","target":{"@type":"EntryPoint","urlTemplate":"https:\/\/skaitytaknyga.lt\/?s={search_term_string}"},"query-input":{"@type":"PropertyValueSpecification","valueRequired":true,"valueName":"search_term_string"}}],"inLanguage":"en-GB"},{"@type":"Organization","@id":"https:\/\/skaitytaknyga.lt\/#organization","name":"skaitytaknyga.lt","url":"https:\/\/skaitytaknyga.lt\/","logo":{"@type":"ImageObject","inLanguage":"en-GB","@id":"https:\/\/skaitytaknyga.lt\/#\/schema\/logo\/image\/","url":"https:\/\/skaitytaknyga.lt\/wp-content\/uploads\/2024\/05\/cropped-cropped-cropped-02_00843_jt3bggkj1j3HLc7SyY6rEUpg.jpeg","contentUrl":"https:\/\/skaitytaknyga.lt\/wp-content\/uploads\/2024\/05\/cropped-cropped-cropped-02_00843_jt3bggkj1j3HLc7SyY6rEUpg.jpeg","width":1600,"height":1600,"caption":"skaitytaknyga.lt"},"image":{"@id":"https:\/\/skaitytaknyga.lt\/#\/schema\/logo\/image\/"},"sameAs":["https:\/\/www.facebook.com\/skaitytaknyga\/"]}]}},"_links":{"self":[{"href":"https:\/\/skaitytaknyga.lt\/en\/wp-json\/wp\/v2\/product\/20923","targetHints":{"allow":["GET"]}}],"collection":[{"href":"https:\/\/skaitytaknyga.lt\/en\/wp-json\/wp\/v2\/product"}],"about":[{"href":"https:\/\/skaitytaknyga.lt\/en\/wp-json\/wp\/v2\/types\/product"}],"replies":[{"embeddable":true,"href":"https:\/\/skaitytaknyga.lt\/en\/wp-json\/wp\/v2\/comments?post=20923"}],"wp:featuredmedia":[{"embeddable":true,"href":"https:\/\/skaitytaknyga.lt\/en\/wp-json\/wp\/v2\/media\/20928"}],"wp:attachment":[{"href":"https:\/\/skaitytaknyga.lt\/en\/wp-json\/wp\/v2\/media?parent=20923"}],"wp:term":[{"taxonomy":"product_brand","embeddable":true,"href":"https:\/\/skaitytaknyga.lt\/en\/wp-json\/wp\/v2\/product_brand?post=20923"},{"taxonomy":"product_cat","embeddable":true,"href":"https:\/\/skaitytaknyga.lt\/en\/wp-json\/wp\/v2\/product_cat?post=20923"},{"taxonomy":"product_tag","embeddable":true,"href":"https:\/\/skaitytaknyga.lt\/en\/wp-json\/wp\/v2\/product_tag?post=20923"}],"curies":[{"name":"wp","href":"https:\/\/api.w.org\/{rel}","templated":true}]}}