{"id":20922,"date":"2025-09-18T14:35:33","date_gmt":"2025-09-18T11:35:33","guid":{"rendered":"https:\/\/skaitytaknyga.lt\/?post_type=product&#038;p=20922"},"modified":"2025-10-06T13:00:58","modified_gmt":"2025-10-06T10:00:58","slug":"kur-skrendi-vienisas-pauksti","status":"publish","type":"product","link":"https:\/\/skaitytaknyga.lt\/en\/produktas\/kur-skrendi-vienisas-pauksti\/","title":{"rendered":"Kur skrendi, vieni\u0161as pauk\u0161ti"},"content":{"rendered":"<p>\u0160tai prira\u0161iau daugyb\u0119 puslapi\u0173, ir jei kas paklaust\u0173 (o b\u016btinai paklaus), apie k\u0105 knyga, ne\u017eino\u010diau, k\u0105 atsakyti. Gal&#8230; apie Gyvenim\u0105 \u2013 savo, kit\u0173, gyvenan\u010di\u0173 ir mirusi\u0173. Banalu! \u2013 pasakyt\u0173 kritikas. Tegu. Gal jis \u017eino, kas yra Gyvenimas? A\u0161 ne\u017einau.<\/p>\n<p>Ra\u0161ydama t\u0105 \u017eod\u012f GYVENIMAS prie\u0161 akis matau KELI\u0104. Kelion\u0117. Eini eini \u2013 vaikyst\u0117, jaunyst\u0117, branda, sen\u0117jimas, senatv\u0117. Kelyje \u2013 sutikti \u017emon\u0117s. Vieni tik \u0161m\u0117steli. Kiti \u2013 bent paklausia: \u201eKaip gyveni?&#8221; O dar yra tie, kurie net nulemia, kuria kryptimi eisi. Kok\u012f pasirinksi keli\u0105. Kas juos atsiun\u010dia? Paslaptis. Ka\u017ekas sak\u0117 (neatmenu) ma\u017edaug taip: \u201eTavo gyvenim\u0105 nulemia tai, kiek ger\u0173 ar blog\u0173 \u017emoni\u0173 sutinki Kelion\u0117je.&#8221;<\/p>\n<p>\u201eKur skrendi, vieni\u0161as pauk\u0161ti&#8221; \u2013 de\u0161imtoji Doloresos Kazragyt\u0117s knyga\u02d7dienora\u0161tis. Joje, kaip visad atvirai, su humoru ir autoironija aktor\u0117 pasakoja, kas jos gyvenime \u012fvyko 2017\u02d7-2019 metais. Gastrol\u0117s su spektakliu \u201eDidvyri\u0173 aik\u0161t\u0117&#8221;. Bi\u010diul\u0117s padovanota staigmena \u02d7 dvi savait\u0117s i\u0161svajotame Izraelyje. Nuotykiai ir netik\u0117tumai. Vasaros kaime. Ma\u017ei kasdienyb\u0117s stebuklai, kuriuos Doloresa Kazragyt\u0117 taip moka pamatyti. Ir prisiminimai apie sutiktus \u017emones: artimus ir tolimus, i\u0161\u0117jusius, bet vis d\u0117lto esan\u010dius \u0161alia, pad\u0117jusius pasirinkti keli\u0105 ir \u0117jusius drauge. Kelion\u0117 t\u0119siasi.<\/p>\n","protected":false},"excerpt":{"rendered":"<p>\u0160tai prira\u0161iau daugyb\u0119 puslapi\u0173, ir jei kas paklaust\u0173 (o b\u016btinai paklaus), apie k\u0105 knyga, ne\u017eino\u010diau, k\u0105 atsakyti. Gal&#8230; apie Gyvenim\u0105 \u2013 savo, kit\u0173, gyvenan\u010di\u0173 ir mirusi\u0173. Banalu! \u2013 pasakyt\u0173 kritikas. Tegu. Gal jis \u017eino, kas yra Gyvenimas? A\u0161 ne\u017einau. Ra\u0161ydama t\u0105 \u017eod\u012f GYVENIMAS prie\u0161 akis matau KELI\u0104. Kelion\u0117. Eini eini \u2013 vaikyst\u0117, jaunyst\u0117, branda, sen\u0117jimas, senatv\u0117. Kelyje \u2013 sutikti \u017emon\u0117s. Vieni tik \u0161m\u0117steli. Kiti \u2013 bent paklausia: \u201eKaip gyveni?&#8221; O dar yra tie, kurie net nulemia, kuria kryptimi eisi. Kok\u012f pasirinksi keli\u0105. Kas juos atsiun\u010dia? Paslaptis. Ka\u017ekas sak\u0117 (neatmenu) ma\u017edaug taip: \u201eTavo gyvenim\u0105 nulemia tai, kiek ger\u0173 ar blog\u0173 \u017emoni\u0173 sutinki Kelion\u0117je.&#8221; \u201eKur skrendi, vieni\u0161as pauk\u0161ti&#8221; \u2013 de\u0161imtoji Doloresos Kazragyt\u0117s knyga\u02d7dienora\u0161tis. Joje, kaip visad atvirai, su humoru ir autoironija aktor\u0117 pasakoja, kas jos gyvenime \u012fvyko 2017\u02d7-2019 metais. Gastrol\u0117s su spektakliu \u201eDidvyri\u0173 aik\u0161t\u0117&#8221;. Bi\u010diul\u0117s padovanota staigmena \u02d7 dvi savait\u0117s i\u0161svajotame Izraelyje. Nuotykiai ir netik\u0117tumai. Vasaros kaime. Ma\u017ei kasdienyb\u0117s stebuklai, kuriuos Doloresa Kazragyt\u0117 taip moka pamatyti. Ir prisiminimai apie sutiktus \u017emones: artimus ir tolimus, i\u0161\u0117jusius, bet vis d\u0117lto esan\u010dius \u0161alia, pad\u0117jusius pasirinkti keli\u0105 ir \u0117jusius drauge. Kelion\u0117 t\u0119siasi.<\/p>\n","protected":false},"featured_media":20927,"comment_status":"open","ping_status":"closed","template":"","meta":{"_acf_changed":false,"site-sidebar-layout":"default","site-content-layout":"","ast-site-content-layout":"default","site-content-style":"default","site-sidebar-style":"default","ast-global-header-display":"","ast-banner-title-visibility":"","ast-main-header-display":"","ast-hfb-above-header-display":"","ast-hfb-below-header-display":"","ast-hfb-mobile-header-display":"","site-post-title":"","ast-breadcrumbs-content":"","ast-featured-img":"","footer-sml-layout":"","ast-disable-related-posts":"","theme-transparent-header-meta":"","adv-header-id-meta":"","stick-header-meta":"","header-above-stick-meta":"","header-main-stick-meta":"","header-below-stick-meta":"","astra-migrate-meta-layouts":"default","ast-page-background-enabled":"default","ast-page-background-meta":{"desktop":{"background-color":"","background-image":"","background-repeat":"repeat","background-position":"center center","background-size":"auto","background-attachment":"scroll","background-type":"","background-media":"","overlay-type":"","overlay-color":"","overlay-opacity":"","overlay-gradient":""},"tablet":{"background-color":"","background-image":"","background-repeat":"repeat","background-position":"center center","background-size":"auto","background-attachment":"scroll","background-type":"","background-media":"","overlay-type":"","overlay-color":"","overlay-opacity":"","overlay-gradient":""},"mobile":{"background-color":"","background-image":"","background-repeat":"repeat","background-position":"center center","background-size":"auto","background-attachment":"scroll","background-type":"","background-media":"","overlay-type":"","overlay-color":"","overlay-opacity":"","overlay-gradient":""}},"ast-content-background-meta":{"desktop":{"background-color":"var(--ast-global-color-4)","background-image":"","background-repeat":"repeat","background-position":"center center","background-size":"auto","background-attachment":"scroll","background-type":"","background-media":"","overlay-type":"","overlay-color":"","overlay-opacity":"","overlay-gradient":""},"tablet":{"background-color":"var(--ast-global-color-4)","background-image":"","background-repeat":"repeat","background-position":"center center","background-size":"auto","background-attachment":"scroll","background-type":"","background-media":"","overlay-type":"","overlay-color":"","overlay-opacity":"","overlay-gradient":""},"mobile":{"background-color":"var(--ast-global-color-4)","background-image":"","background-repeat":"repeat","background-position":"center center","background-size":"auto","background-attachment":"scroll","background-type":"","background-media":"","overlay-type":"","overlay-color":"","overlay-opacity":"","overlay-gradient":""}}},"product_brand":[],"product_cat":[31,15],"product_tag":[8580,8578,3916,8573,2971,1980,1278,8579,1445],"class_list":{"0":"post-20922","1":"product","2":"type-product","3":"status-publish","4":"has-post-thumbnail","6":"product_cat-grozine-literatura","7":"product_cat-uncategorized","8":"product_tag-artimi-zmones","9":"product_tag-autoironija","10":"product_tag-dienorastis","11":"product_tag-doloresa-kazragyte","12":"product_tag-gyvenimas","13":"product_tag-humoras","14":"product_tag-izraelis","15":"product_tag-kasdienybes-stebuklai","16":"product_tag-keliones","17":"desktop-align-left","18":"tablet-align-left","19":"mobile-align-left","21":"first","22":"instock","23":"shipping-taxable","24":"purchasable","25":"product-type-simple"},"acf":[],"yoast_head":"<!-- This site is optimized with the Yoast SEO plugin v27.4 - https:\/\/yoast.com\/product\/yoast-seo-wordpress\/ -->\n<title>Kur skrendi, vieni\u0161as pauk\u0161ti<\/title>\n<meta name=\"description\" content=\"\u0160tai prira\u0161iau daugyb\u0119 puslapi\u0173, ir jei kas paklaust\u0173 (o b\u016btinai paklaus), apie k\u0105 knyga, ne\u017eino\u010diau, k\u0105 atsakyti. Gal... apie Gyvenim\u0105 \u2013 savo, kit\u0173,\" \/>\n<meta name=\"robots\" content=\"index, follow, max-snippet:-1, max-image-preview:large, max-video-preview:-1\" \/>\n<link rel=\"canonical\" href=\"https:\/\/skaitytaknyga.lt\/en\/produktas\/kur-skrendi-vienisas-pauksti\/\" \/>\n<meta property=\"og:locale\" content=\"en_GB\" \/>\n<meta property=\"og:locale:alternate\" content=\"lt_LT\" \/>\n<meta property=\"og:type\" content=\"article\" \/>\n<meta property=\"og:title\" content=\"Kur skrendi, vieni\u0161as pauk\u0161ti\" \/>\n<meta property=\"og:description\" content=\"\u0160tai prira\u0161iau daugyb\u0119 puslapi\u0173, ir jei kas paklaust\u0173 (o b\u016btinai paklaus), apie k\u0105 knyga, ne\u017eino\u010diau, k\u0105 atsakyti. Gal... apie Gyvenim\u0105 \u2013 savo, kit\u0173,\" \/>\n<meta property=\"og:url\" content=\"https:\/\/skaitytaknyga.lt\/en\/produktas\/kur-skrendi-vienisas-pauksti\/\" \/>\n<meta property=\"og:site_name\" content=\"Skaitytaknyga\" \/>\n<meta property=\"article:publisher\" content=\"https:\/\/www.facebook.com\/skaitytaknyga\/\" \/>\n<meta property=\"article:modified_time\" content=\"2025-10-06T10:00:58+00:00\" \/>\n<meta property=\"og:image\" content=\"https:\/\/skaitytaknyga.lt\/wp-content\/uploads\/2025\/09\/Kur-skrendi-vienisas-pauksti-1.webp\" \/>\n\t<meta property=\"og:image:width\" content=\"300\" \/>\n\t<meta property=\"og:image:height\" content=\"450\" \/>\n\t<meta property=\"og:image:type\" content=\"image\/webp\" \/>\n<meta name=\"twitter:card\" content=\"summary_large_image\" \/>\n<meta name=\"twitter:label1\" content=\"Estimated reading time\" \/>\n\t<meta name=\"twitter:data1\" content=\"1 minute\" \/>\n<script type=\"application\/ld+json\" class=\"yoast-schema-graph\">{\"@context\":\"https:\\\/\\\/schema.org\",\"@graph\":[{\"@type\":\"WebPage\",\"@id\":\"https:\\\/\\\/skaitytaknyga.lt\\\/produktas\\\/kur-skrendi-vienisas-pauksti\\\/\",\"url\":\"https:\\\/\\\/skaitytaknyga.lt\\\/produktas\\\/kur-skrendi-vienisas-pauksti\\\/\",\"name\":\"Kur skrendi, vieni\u0161as pauk\u0161ti\",\"isPartOf\":{\"@id\":\"https:\\\/\\\/skaitytaknyga.lt\\\/#website\"},\"primaryImageOfPage\":{\"@id\":\"https:\\\/\\\/skaitytaknyga.lt\\\/produktas\\\/kur-skrendi-vienisas-pauksti\\\/#primaryimage\"},\"image\":{\"@id\":\"https:\\\/\\\/skaitytaknyga.lt\\\/produktas\\\/kur-skrendi-vienisas-pauksti\\\/#primaryimage\"},\"thumbnailUrl\":\"https:\\\/\\\/skaitytaknyga.lt\\\/wp-content\\\/uploads\\\/2025\\\/09\\\/Kur-skrendi-vienisas-pauksti-1.webp\",\"datePublished\":\"2025-09-18T11:35:33+00:00\",\"dateModified\":\"2025-10-06T10:00:58+00:00\",\"description\":\"\u0160tai prira\u0161iau daugyb\u0119 puslapi\u0173, ir jei kas paklaust\u0173 (o b\u016btinai paklaus), apie k\u0105 knyga, ne\u017eino\u010diau, k\u0105 atsakyti. Gal... apie Gyvenim\u0105 \u2013 savo, kit\u0173,\",\"breadcrumb\":{\"@id\":\"https:\\\/\\\/skaitytaknyga.lt\\\/produktas\\\/kur-skrendi-vienisas-pauksti\\\/#breadcrumb\"},\"inLanguage\":\"en-GB\",\"potentialAction\":[{\"@type\":\"ReadAction\",\"target\":[\"https:\\\/\\\/skaitytaknyga.lt\\\/produktas\\\/kur-skrendi-vienisas-pauksti\\\/\"]}]},{\"@type\":\"ImageObject\",\"inLanguage\":\"en-GB\",\"@id\":\"https:\\\/\\\/skaitytaknyga.lt\\\/produktas\\\/kur-skrendi-vienisas-pauksti\\\/#primaryimage\",\"url\":\"https:\\\/\\\/skaitytaknyga.lt\\\/wp-content\\\/uploads\\\/2025\\\/09\\\/Kur-skrendi-vienisas-pauksti-1.webp\",\"contentUrl\":\"https:\\\/\\\/skaitytaknyga.lt\\\/wp-content\\\/uploads\\\/2025\\\/09\\\/Kur-skrendi-vienisas-pauksti-1.webp\",\"width\":300,\"height\":450,\"caption\":\"Kur skrendi, vieni\u0161as pauk\u0161ti\"},{\"@type\":\"BreadcrumbList\",\"@id\":\"https:\\\/\\\/skaitytaknyga.lt\\\/produktas\\\/kur-skrendi-vienisas-pauksti\\\/#breadcrumb\",\"itemListElement\":[{\"@type\":\"ListItem\",\"position\":1,\"name\":\"Home\",\"item\":\"https:\\\/\\\/skaitytaknyga.lt\\\/\"},{\"@type\":\"ListItem\",\"position\":2,\"name\":\"Parduotuv\u0117\",\"item\":\"https:\\\/\\\/skaitytaknyga.lt\\\/knygu-parduotuve\\\/\"},{\"@type\":\"ListItem\",\"position\":3,\"name\":\"Kur skrendi, vieni\u0161as pauk\u0161ti\"}]},{\"@type\":\"WebSite\",\"@id\":\"https:\\\/\\\/skaitytaknyga.lt\\\/#website\",\"url\":\"https:\\\/\\\/skaitytaknyga.lt\\\/\",\"name\":\"skaitytaknyga.lt\",\"description\":\"Skaitytaknyga.lt \u2013 tai ma\u017eas \u0161eimos verslas, kuris prasid\u0117jo nuo meil\u0117s knygoms ir siekio i\u0161gelb\u0117ti knygas nuo likimo prie konteinerio. Kas vienam nereikalingas daiktas \u2013 kitam lobis, o mes esame tarpininkai, kurie padeda abiems tapti laimingesniems ???? \u017dinome kaip nelengva i\u0161gyventi ma\u017eiems verslams, tad nuo \u0161iol, \u010dia rasite ir kit\u0173, ma\u017e\u0173 \u0161eim\u0173 versl\u0173, rank\u0173 darbo, dovan\u0173 sau ir artimiesiems.\",\"publisher\":{\"@id\":\"https:\\\/\\\/skaitytaknyga.lt\\\/#organization\"},\"potentialAction\":[{\"@type\":\"SearchAction\",\"target\":{\"@type\":\"EntryPoint\",\"urlTemplate\":\"https:\\\/\\\/skaitytaknyga.lt\\\/?s={search_term_string}\"},\"query-input\":{\"@type\":\"PropertyValueSpecification\",\"valueRequired\":true,\"valueName\":\"search_term_string\"}}],\"inLanguage\":\"en-GB\"},{\"@type\":\"Organization\",\"@id\":\"https:\\\/\\\/skaitytaknyga.lt\\\/#organization\",\"name\":\"skaitytaknyga.lt\",\"url\":\"https:\\\/\\\/skaitytaknyga.lt\\\/\",\"logo\":{\"@type\":\"ImageObject\",\"inLanguage\":\"en-GB\",\"@id\":\"https:\\\/\\\/skaitytaknyga.lt\\\/#\\\/schema\\\/logo\\\/image\\\/\",\"url\":\"https:\\\/\\\/skaitytaknyga.lt\\\/wp-content\\\/uploads\\\/2024\\\/05\\\/cropped-cropped-cropped-02_00843_jt3bggkj1j3HLc7SyY6rEUpg.jpeg\",\"contentUrl\":\"https:\\\/\\\/skaitytaknyga.lt\\\/wp-content\\\/uploads\\\/2024\\\/05\\\/cropped-cropped-cropped-02_00843_jt3bggkj1j3HLc7SyY6rEUpg.jpeg\",\"width\":1600,\"height\":1600,\"caption\":\"skaitytaknyga.lt\"},\"image\":{\"@id\":\"https:\\\/\\\/skaitytaknyga.lt\\\/#\\\/schema\\\/logo\\\/image\\\/\"},\"sameAs\":[\"https:\\\/\\\/www.facebook.com\\\/skaitytaknyga\\\/\"]}]}<\/script>\n<!-- \/ Yoast SEO plugin. -->","yoast_head_json":{"title":"Kur skrendi, vieni\u0161as pauk\u0161ti","description":"\u0160tai prira\u0161iau daugyb\u0119 puslapi\u0173, ir jei kas paklaust\u0173 (o b\u016btinai paklaus), apie k\u0105 knyga, ne\u017eino\u010diau, k\u0105 atsakyti. Gal... apie Gyvenim\u0105 \u2013 savo, kit\u0173,","robots":{"index":"index","follow":"follow","max-snippet":"max-snippet:-1","max-image-preview":"max-image-preview:large","max-video-preview":"max-video-preview:-1"},"canonical":"https:\/\/skaitytaknyga.lt\/en\/produktas\/kur-skrendi-vienisas-pauksti\/","og_locale":"en_GB","og_type":"article","og_title":"[:lt]Kur skrendi, vieni\u0161as pauk\u0161ti[:] - Skaitytaknyga","og_description":"\u0160tai prira\u0161iau daugyb\u0119 puslapi\u0173, ir jei kas paklaust\u0173 (o b\u016btinai paklaus), apie k\u0105 knyga, ne\u017eino\u010diau, k\u0105 atsakyti. Gal... apie Gyvenim\u0105 \u2013 savo, kit\u0173,","og_url":"https:\/\/skaitytaknyga.lt\/en\/produktas\/kur-skrendi-vienisas-pauksti\/","og_site_name":"Skaitytaknyga","article_publisher":"https:\/\/www.facebook.com\/skaitytaknyga\/","article_modified_time":"2025-10-06T10:00:58+00:00","og_image":[{"width":300,"height":450,"url":"https:\/\/skaitytaknyga.lt\/wp-content\/uploads\/2025\/09\/Kur-skrendi-vienisas-pauksti-1.webp","type":"image\/webp"}],"twitter_card":"summary_large_image","twitter_misc":{"Estimated reading time":"1 minute"},"schema":{"@context":"https:\/\/schema.org","@graph":[{"@type":"WebPage","@id":"https:\/\/skaitytaknyga.lt\/produktas\/kur-skrendi-vienisas-pauksti\/","url":"https:\/\/skaitytaknyga.lt\/produktas\/kur-skrendi-vienisas-pauksti\/","name":"Kur skrendi, vieni\u0161as pauk\u0161ti","isPartOf":{"@id":"https:\/\/skaitytaknyga.lt\/#website"},"primaryImageOfPage":{"@id":"https:\/\/skaitytaknyga.lt\/produktas\/kur-skrendi-vienisas-pauksti\/#primaryimage"},"image":{"@id":"https:\/\/skaitytaknyga.lt\/produktas\/kur-skrendi-vienisas-pauksti\/#primaryimage"},"thumbnailUrl":"https:\/\/skaitytaknyga.lt\/wp-content\/uploads\/2025\/09\/Kur-skrendi-vienisas-pauksti-1.webp","datePublished":"2025-09-18T11:35:33+00:00","dateModified":"2025-10-06T10:00:58+00:00","description":"\u0160tai prira\u0161iau daugyb\u0119 puslapi\u0173, ir jei kas paklaust\u0173 (o b\u016btinai paklaus), apie k\u0105 knyga, ne\u017eino\u010diau, k\u0105 atsakyti. Gal... apie Gyvenim\u0105 \u2013 savo, kit\u0173,","breadcrumb":{"@id":"https:\/\/skaitytaknyga.lt\/produktas\/kur-skrendi-vienisas-pauksti\/#breadcrumb"},"inLanguage":"en-GB","potentialAction":[{"@type":"ReadAction","target":["https:\/\/skaitytaknyga.lt\/produktas\/kur-skrendi-vienisas-pauksti\/"]}]},{"@type":"ImageObject","inLanguage":"en-GB","@id":"https:\/\/skaitytaknyga.lt\/produktas\/kur-skrendi-vienisas-pauksti\/#primaryimage","url":"https:\/\/skaitytaknyga.lt\/wp-content\/uploads\/2025\/09\/Kur-skrendi-vienisas-pauksti-1.webp","contentUrl":"https:\/\/skaitytaknyga.lt\/wp-content\/uploads\/2025\/09\/Kur-skrendi-vienisas-pauksti-1.webp","width":300,"height":450,"caption":"Kur skrendi, vieni\u0161as pauk\u0161ti"},{"@type":"BreadcrumbList","@id":"https:\/\/skaitytaknyga.lt\/produktas\/kur-skrendi-vienisas-pauksti\/#breadcrumb","itemListElement":[{"@type":"ListItem","position":1,"name":"Home","item":"https:\/\/skaitytaknyga.lt\/"},{"@type":"ListItem","position":2,"name":"Parduotuv\u0117","item":"https:\/\/skaitytaknyga.lt\/knygu-parduotuve\/"},{"@type":"ListItem","position":3,"name":"Kur skrendi, vieni\u0161as pauk\u0161ti"}]},{"@type":"WebSite","@id":"https:\/\/skaitytaknyga.lt\/#website","url":"https:\/\/skaitytaknyga.lt\/","name":"skaitytaknyga.lt","description":"Skaitytaknyga.lt \u2013 tai ma\u017eas \u0161eimos verslas, kuris prasid\u0117jo nuo meil\u0117s knygoms ir siekio i\u0161gelb\u0117ti knygas nuo likimo prie konteinerio. Kas vienam nereikalingas daiktas \u2013 kitam lobis, o mes esame tarpininkai, kurie padeda abiems tapti laimingesniems ???? \u017dinome kaip nelengva i\u0161gyventi ma\u017eiems verslams, tad nuo \u0161iol, \u010dia rasite ir kit\u0173, ma\u017e\u0173 \u0161eim\u0173 versl\u0173, rank\u0173 darbo, dovan\u0173 sau ir artimiesiems.","publisher":{"@id":"https:\/\/skaitytaknyga.lt\/#organization"},"potentialAction":[{"@type":"SearchAction","target":{"@type":"EntryPoint","urlTemplate":"https:\/\/skaitytaknyga.lt\/?s={search_term_string}"},"query-input":{"@type":"PropertyValueSpecification","valueRequired":true,"valueName":"search_term_string"}}],"inLanguage":"en-GB"},{"@type":"Organization","@id":"https:\/\/skaitytaknyga.lt\/#organization","name":"skaitytaknyga.lt","url":"https:\/\/skaitytaknyga.lt\/","logo":{"@type":"ImageObject","inLanguage":"en-GB","@id":"https:\/\/skaitytaknyga.lt\/#\/schema\/logo\/image\/","url":"https:\/\/skaitytaknyga.lt\/wp-content\/uploads\/2024\/05\/cropped-cropped-cropped-02_00843_jt3bggkj1j3HLc7SyY6rEUpg.jpeg","contentUrl":"https:\/\/skaitytaknyga.lt\/wp-content\/uploads\/2024\/05\/cropped-cropped-cropped-02_00843_jt3bggkj1j3HLc7SyY6rEUpg.jpeg","width":1600,"height":1600,"caption":"skaitytaknyga.lt"},"image":{"@id":"https:\/\/skaitytaknyga.lt\/#\/schema\/logo\/image\/"},"sameAs":["https:\/\/www.facebook.com\/skaitytaknyga\/"]}]}},"_links":{"self":[{"href":"https:\/\/skaitytaknyga.lt\/en\/wp-json\/wp\/v2\/product\/20922","targetHints":{"allow":["GET"]}}],"collection":[{"href":"https:\/\/skaitytaknyga.lt\/en\/wp-json\/wp\/v2\/product"}],"about":[{"href":"https:\/\/skaitytaknyga.lt\/en\/wp-json\/wp\/v2\/types\/product"}],"replies":[{"embeddable":true,"href":"https:\/\/skaitytaknyga.lt\/en\/wp-json\/wp\/v2\/comments?post=20922"}],"wp:featuredmedia":[{"embeddable":true,"href":"https:\/\/skaitytaknyga.lt\/en\/wp-json\/wp\/v2\/media\/20927"}],"wp:attachment":[{"href":"https:\/\/skaitytaknyga.lt\/en\/wp-json\/wp\/v2\/media?parent=20922"}],"wp:term":[{"taxonomy":"product_brand","embeddable":true,"href":"https:\/\/skaitytaknyga.lt\/en\/wp-json\/wp\/v2\/product_brand?post=20922"},{"taxonomy":"product_cat","embeddable":true,"href":"https:\/\/skaitytaknyga.lt\/en\/wp-json\/wp\/v2\/product_cat?post=20922"},{"taxonomy":"product_tag","embeddable":true,"href":"https:\/\/skaitytaknyga.lt\/en\/wp-json\/wp\/v2\/product_tag?post=20922"}],"curies":[{"name":"wp","href":"https:\/\/api.w.org\/{rel}","templated":true}]}}