{"id":20921,"date":"2025-09-18T14:35:33","date_gmt":"2025-09-18T11:35:33","guid":{"rendered":"https:\/\/skaitytaknyga.lt\/?post_type=product&#038;p=20921"},"modified":"2025-10-06T13:00:58","modified_gmt":"2025-10-06T10:00:58","slug":"svytintis-rukas","status":"publish","type":"product","link":"https:\/\/skaitytaknyga.lt\/en\/produktas\/svytintis-rukas\/","title":{"rendered":"\u0160vytintis r\u016bkas"},"content":{"rendered":"<p>\u012e devint\u0105j\u0105 \u017einomos aktor\u0117s Doloresos Kazragyt\u0117s (g. 1942) autobiografin\u0117s eseistikos knyg\u0105 sud\u0117ti tekstai, ra\u0161yti 2014\u20132017 metais. \u0160\u012f laikotarp\u012f \u017eenklino \u017ei\u016brov\u0173 ilgai lauktas gr\u012f\u017eimas \u012f scen\u0105 \u2013 Nacionaliniame dramos teatre ji suk\u016br\u0117 Hedvigos vaidmen\u012f lenk\u0173 re\u017eisieriaus Krystiano Lupos spektaklyje pagal Thomo Bernhardo pjes\u0119 \u201eDidvyri\u0173 aik\u0161t\u0117&#8221;. Tad knygoje daug vietos skirta repeticijoms, anot aktor\u0117s, \u201ejuokingiems, kuriozi\u0161kiems ir rimtiems i\u0161bandymams&#8221;, taip pat gastrol\u0117ms Lenkijoje, Kinijoje, Pranc\u016bzijoje.<\/p>\n<p>\u201e\u0160vytintis r\u016bkas&#8221; \u2013 kaip visada atviras aktor\u0117s dienora\u0161tis, kuriame ji dalijasi savo kasdienyb\u0117s d\u017eiaugsmais ir r\u016bpes\u010diais, tik\u0117jimu ir abejon\u0117mis.<\/p>\n","protected":false},"excerpt":{"rendered":"<p>\u012e devint\u0105j\u0105 \u017einomos aktor\u0117s Doloresos Kazragyt\u0117s (g. 1942) autobiografin\u0117s eseistikos knyg\u0105 sud\u0117ti tekstai, ra\u0161yti 2014\u20132017 metais. \u0160\u012f laikotarp\u012f \u017eenklino \u017ei\u016brov\u0173 ilgai lauktas gr\u012f\u017eimas \u012f scen\u0105 \u2013 Nacionaliniame dramos teatre ji suk\u016br\u0117 Hedvigos vaidmen\u012f lenk\u0173 re\u017eisieriaus Krystiano Lupos spektaklyje pagal Thomo Bernhardo pjes\u0119 \u201eDidvyri\u0173 aik\u0161t\u0117&#8221;. Tad knygoje daug vietos skirta repeticijoms, anot aktor\u0117s, \u201ejuokingiems, kuriozi\u0161kiems ir rimtiems i\u0161bandymams&#8221;, taip pat gastrol\u0117ms Lenkijoje, Kinijoje, Pranc\u016bzijoje. \u201e\u0160vytintis r\u016bkas&#8221; \u2013 kaip visada atviras aktor\u0117s dienora\u0161tis, kuriame ji dalijasi savo kasdienyb\u0117s d\u017eiaugsmais ir r\u016bpes\u010diais, tik\u0117jimu ir abejon\u0117mis.<\/p>\n","protected":false},"featured_media":20926,"comment_status":"open","ping_status":"closed","template":"","meta":{"_acf_changed":false,"site-sidebar-layout":"default","site-content-layout":"","ast-site-content-layout":"default","site-content-style":"default","site-sidebar-style":"default","ast-global-header-display":"","ast-banner-title-visibility":"","ast-main-header-display":"","ast-hfb-above-header-display":"","ast-hfb-below-header-display":"","ast-hfb-mobile-header-display":"","site-post-title":"","ast-breadcrumbs-content":"","ast-featured-img":"","footer-sml-layout":"","ast-disable-related-posts":"","theme-transparent-header-meta":"","adv-header-id-meta":"","stick-header-meta":"","header-above-stick-meta":"","header-main-stick-meta":"","header-below-stick-meta":"","astra-migrate-meta-layouts":"default","ast-page-background-enabled":"default","ast-page-background-meta":{"desktop":{"background-color":"","background-image":"","background-repeat":"repeat","background-position":"center center","background-size":"auto","background-attachment":"scroll","background-type":"","background-media":"","overlay-type":"","overlay-color":"","overlay-opacity":"","overlay-gradient":""},"tablet":{"background-color":"","background-image":"","background-repeat":"repeat","background-position":"center center","background-size":"auto","background-attachment":"scroll","background-type":"","background-media":"","overlay-type":"","overlay-color":"","overlay-opacity":"","overlay-gradient":""},"mobile":{"background-color":"","background-image":"","background-repeat":"repeat","background-position":"center center","background-size":"auto","background-attachment":"scroll","background-type":"","background-media":"","overlay-type":"","overlay-color":"","overlay-opacity":"","overlay-gradient":""}},"ast-content-background-meta":{"desktop":{"background-color":"var(--ast-global-color-4)","background-image":"","background-repeat":"repeat","background-position":"center center","background-size":"auto","background-attachment":"scroll","background-type":"","background-media":"","overlay-type":"","overlay-color":"","overlay-opacity":"","overlay-gradient":""},"tablet":{"background-color":"var(--ast-global-color-4)","background-image":"","background-repeat":"repeat","background-position":"center center","background-size":"auto","background-attachment":"scroll","background-type":"","background-media":"","overlay-type":"","overlay-color":"","overlay-opacity":"","overlay-gradient":""},"mobile":{"background-color":"var(--ast-global-color-4)","background-image":"","background-repeat":"repeat","background-position":"center center","background-size":"auto","background-attachment":"scroll","background-type":"","background-media":"","overlay-type":"","overlay-color":"","overlay-opacity":"","overlay-gradient":""}}},"product_brand":[],"product_cat":[31],"product_tag":[8577,3916,8573,8575,2673,8576,8574,1581],"class_list":{"0":"post-20921","1":"product","2":"type-product","3":"status-publish","4":"has-post-thumbnail","6":"product_cat-grozine-literatura","7":"product_tag-abejones","8":"product_tag-dienorastis","9":"product_tag-doloresa-kazragyte","10":"product_tag-gastroles","11":"product_tag-kasdienybe","12":"product_tag-repeticijos","13":"product_tag-teatro-gyvenimas","14":"product_tag-tikejimas","15":"desktop-align-left","16":"tablet-align-left","17":"mobile-align-left","19":"first","20":"instock","21":"shipping-taxable","22":"purchasable","23":"product-type-simple"},"acf":[],"yoast_head":"<!-- This site is optimized with the Yoast SEO plugin v27.0 - https:\/\/yoast.com\/product\/yoast-seo-wordpress\/ -->\n<title>\u0160vytintis r\u016bkas<\/title>\n<meta name=\"description\" content=\"\u012e devint\u0105j\u0105 \u017einomos aktor\u0117s Doloresos Kazragyt\u0117s (g. 1942) autobiografin\u0117s eseistikos knyg\u0105 sud\u0117ti tekstai, ra\u0161yti 2014\u20132017 metais. \u0160\u012f laikotarp\u012f\" \/>\n<meta name=\"robots\" content=\"index, follow, max-snippet:-1, max-image-preview:large, max-video-preview:-1\" \/>\n<link rel=\"canonical\" href=\"https:\/\/skaitytaknyga.lt\/en\/produktas\/svytintis-rukas\/\" \/>\n<meta property=\"og:locale\" content=\"en_GB\" \/>\n<meta property=\"og:locale:alternate\" content=\"lt_LT\" \/>\n<meta property=\"og:type\" content=\"article\" \/>\n<meta property=\"og:title\" content=\"\u0160vytintis r\u016bkas\" \/>\n<meta property=\"og:description\" content=\"\u012e devint\u0105j\u0105 \u017einomos aktor\u0117s Doloresos Kazragyt\u0117s (g. 1942) autobiografin\u0117s eseistikos knyg\u0105 sud\u0117ti tekstai, ra\u0161yti 2014\u20132017 metais. \u0160\u012f laikotarp\u012f\" \/>\n<meta property=\"og:url\" content=\"https:\/\/skaitytaknyga.lt\/en\/produktas\/svytintis-rukas\/\" \/>\n<meta property=\"og:site_name\" content=\"Skaitytaknyga\" \/>\n<meta property=\"article:publisher\" content=\"https:\/\/www.facebook.com\/skaitytaknyga\/\" \/>\n<meta property=\"article:modified_time\" content=\"2025-10-06T10:00:58+00:00\" \/>\n<meta property=\"og:image\" content=\"https:\/\/skaitytaknyga.lt\/wp-content\/uploads\/2025\/09\/Svytintis-rukas-1.webp\" \/>\n\t<meta property=\"og:image:width\" content=\"300\" \/>\n\t<meta property=\"og:image:height\" content=\"450\" \/>\n\t<meta property=\"og:image:type\" content=\"image\/webp\" \/>\n<meta name=\"twitter:card\" content=\"summary_large_image\" \/>\n<meta name=\"twitter:label1\" content=\"Estimated reading time\" \/>\n\t<meta name=\"twitter:data1\" content=\"1 minute\" \/>\n<script type=\"application\/ld+json\" class=\"yoast-schema-graph\">{\"@context\":\"https:\/\/schema.org\",\"@graph\":[{\"@type\":\"WebPage\",\"@id\":\"https:\/\/skaitytaknyga.lt\/produktas\/svytintis-rukas\/\",\"url\":\"https:\/\/skaitytaknyga.lt\/produktas\/svytintis-rukas\/\",\"name\":\"\u0160vytintis r\u016bkas\",\"isPartOf\":{\"@id\":\"https:\/\/skaitytaknyga.lt\/#website\"},\"primaryImageOfPage\":{\"@id\":\"https:\/\/skaitytaknyga.lt\/produktas\/svytintis-rukas\/#primaryimage\"},\"image\":{\"@id\":\"https:\/\/skaitytaknyga.lt\/produktas\/svytintis-rukas\/#primaryimage\"},\"thumbnailUrl\":\"https:\/\/skaitytaknyga.lt\/wp-content\/uploads\/2025\/09\/Svytintis-rukas-1.webp\",\"datePublished\":\"2025-09-18T11:35:33+00:00\",\"dateModified\":\"2025-10-06T10:00:58+00:00\",\"description\":\"\u012e devint\u0105j\u0105 \u017einomos aktor\u0117s Doloresos Kazragyt\u0117s (g. 1942) autobiografin\u0117s eseistikos knyg\u0105 sud\u0117ti tekstai, ra\u0161yti 2014\u20132017 metais. \u0160\u012f laikotarp\u012f\",\"breadcrumb\":{\"@id\":\"https:\/\/skaitytaknyga.lt\/produktas\/svytintis-rukas\/#breadcrumb\"},\"inLanguage\":\"en-GB\",\"potentialAction\":[{\"@type\":\"ReadAction\",\"target\":[\"https:\/\/skaitytaknyga.lt\/produktas\/svytintis-rukas\/\"]}]},{\"@type\":\"ImageObject\",\"inLanguage\":\"en-GB\",\"@id\":\"https:\/\/skaitytaknyga.lt\/produktas\/svytintis-rukas\/#primaryimage\",\"url\":\"https:\/\/skaitytaknyga.lt\/wp-content\/uploads\/2025\/09\/Svytintis-rukas-1.webp\",\"contentUrl\":\"https:\/\/skaitytaknyga.lt\/wp-content\/uploads\/2025\/09\/Svytintis-rukas-1.webp\",\"width\":300,\"height\":450,\"caption\":\"\u0160vytintis r\u016bkas\"},{\"@type\":\"BreadcrumbList\",\"@id\":\"https:\/\/skaitytaknyga.lt\/produktas\/svytintis-rukas\/#breadcrumb\",\"itemListElement\":[{\"@type\":\"ListItem\",\"position\":1,\"name\":\"Home\",\"item\":\"https:\/\/skaitytaknyga.lt\/\"},{\"@type\":\"ListItem\",\"position\":2,\"name\":\"Parduotuv\u0117\",\"item\":\"https:\/\/skaitytaknyga.lt\/knygu-parduotuve\/\"},{\"@type\":\"ListItem\",\"position\":3,\"name\":\"\u0160vytintis r\u016bkas\"}]},{\"@type\":\"WebSite\",\"@id\":\"https:\/\/skaitytaknyga.lt\/#website\",\"url\":\"https:\/\/skaitytaknyga.lt\/\",\"name\":\"skaitytaknyga.lt\",\"description\":\"Skaitytaknyga.lt \u2013 tai ma\u017eas \u0161eimos verslas, kuris prasid\u0117jo nuo meil\u0117s knygoms ir siekio i\u0161gelb\u0117ti knygas nuo likimo prie konteinerio. Kas vienam nereikalingas daiktas \u2013 kitam lobis, o mes esame tarpininkai, kurie padeda abiems tapti laimingesniems ???? \u017dinome kaip nelengva i\u0161gyventi ma\u017eiems verslams, tad nuo \u0161iol, \u010dia rasite ir kit\u0173, ma\u017e\u0173 \u0161eim\u0173 versl\u0173, rank\u0173 darbo, dovan\u0173 sau ir artimiesiems.\",\"publisher\":{\"@id\":\"https:\/\/skaitytaknyga.lt\/#organization\"},\"potentialAction\":[{\"@type\":\"SearchAction\",\"target\":{\"@type\":\"EntryPoint\",\"urlTemplate\":\"https:\/\/skaitytaknyga.lt\/?s={search_term_string}\"},\"query-input\":{\"@type\":\"PropertyValueSpecification\",\"valueRequired\":true,\"valueName\":\"search_term_string\"}}],\"inLanguage\":\"en-GB\"},{\"@type\":\"Organization\",\"@id\":\"https:\/\/skaitytaknyga.lt\/#organization\",\"name\":\"skaitytaknyga.lt\",\"url\":\"https:\/\/skaitytaknyga.lt\/\",\"logo\":{\"@type\":\"ImageObject\",\"inLanguage\":\"en-GB\",\"@id\":\"https:\/\/skaitytaknyga.lt\/#\/schema\/logo\/image\/\",\"url\":\"https:\/\/skaitytaknyga.lt\/wp-content\/uploads\/2024\/05\/cropped-cropped-cropped-02_00843_jt3bggkj1j3HLc7SyY6rEUpg.jpeg\",\"contentUrl\":\"https:\/\/skaitytaknyga.lt\/wp-content\/uploads\/2024\/05\/cropped-cropped-cropped-02_00843_jt3bggkj1j3HLc7SyY6rEUpg.jpeg\",\"width\":1600,\"height\":1600,\"caption\":\"skaitytaknyga.lt\"},\"image\":{\"@id\":\"https:\/\/skaitytaknyga.lt\/#\/schema\/logo\/image\/\"},\"sameAs\":[\"https:\/\/www.facebook.com\/skaitytaknyga\/\"]}]}<\/script>\n<!-- \/ Yoast SEO plugin. -->","yoast_head_json":{"title":"\u0160vytintis r\u016bkas","description":"\u012e devint\u0105j\u0105 \u017einomos aktor\u0117s Doloresos Kazragyt\u0117s (g. 1942) autobiografin\u0117s eseistikos knyg\u0105 sud\u0117ti tekstai, ra\u0161yti 2014\u20132017 metais. \u0160\u012f laikotarp\u012f","robots":{"index":"index","follow":"follow","max-snippet":"max-snippet:-1","max-image-preview":"max-image-preview:large","max-video-preview":"max-video-preview:-1"},"canonical":"https:\/\/skaitytaknyga.lt\/en\/produktas\/svytintis-rukas\/","og_locale":"en_GB","og_type":"article","og_title":"[:lt]\u0160vytintis r\u016bkas[:] - Skaitytaknyga","og_description":"\u012e devint\u0105j\u0105 \u017einomos aktor\u0117s Doloresos Kazragyt\u0117s (g. 1942) autobiografin\u0117s eseistikos knyg\u0105 sud\u0117ti tekstai, ra\u0161yti 2014\u20132017 metais. \u0160\u012f laikotarp\u012f","og_url":"https:\/\/skaitytaknyga.lt\/en\/produktas\/svytintis-rukas\/","og_site_name":"Skaitytaknyga","article_publisher":"https:\/\/www.facebook.com\/skaitytaknyga\/","article_modified_time":"2025-10-06T10:00:58+00:00","og_image":[{"width":300,"height":450,"url":"https:\/\/skaitytaknyga.lt\/wp-content\/uploads\/2025\/09\/Svytintis-rukas-1.webp","type":"image\/webp"}],"twitter_card":"summary_large_image","twitter_misc":{"Estimated reading time":"1 minute"},"schema":{"@context":"https:\/\/schema.org","@graph":[{"@type":"WebPage","@id":"https:\/\/skaitytaknyga.lt\/produktas\/svytintis-rukas\/","url":"https:\/\/skaitytaknyga.lt\/produktas\/svytintis-rukas\/","name":"\u0160vytintis r\u016bkas","isPartOf":{"@id":"https:\/\/skaitytaknyga.lt\/#website"},"primaryImageOfPage":{"@id":"https:\/\/skaitytaknyga.lt\/produktas\/svytintis-rukas\/#primaryimage"},"image":{"@id":"https:\/\/skaitytaknyga.lt\/produktas\/svytintis-rukas\/#primaryimage"},"thumbnailUrl":"https:\/\/skaitytaknyga.lt\/wp-content\/uploads\/2025\/09\/Svytintis-rukas-1.webp","datePublished":"2025-09-18T11:35:33+00:00","dateModified":"2025-10-06T10:00:58+00:00","description":"\u012e devint\u0105j\u0105 \u017einomos aktor\u0117s Doloresos Kazragyt\u0117s (g. 1942) autobiografin\u0117s eseistikos knyg\u0105 sud\u0117ti tekstai, ra\u0161yti 2014\u20132017 metais. \u0160\u012f laikotarp\u012f","breadcrumb":{"@id":"https:\/\/skaitytaknyga.lt\/produktas\/svytintis-rukas\/#breadcrumb"},"inLanguage":"en-GB","potentialAction":[{"@type":"ReadAction","target":["https:\/\/skaitytaknyga.lt\/produktas\/svytintis-rukas\/"]}]},{"@type":"ImageObject","inLanguage":"en-GB","@id":"https:\/\/skaitytaknyga.lt\/produktas\/svytintis-rukas\/#primaryimage","url":"https:\/\/skaitytaknyga.lt\/wp-content\/uploads\/2025\/09\/Svytintis-rukas-1.webp","contentUrl":"https:\/\/skaitytaknyga.lt\/wp-content\/uploads\/2025\/09\/Svytintis-rukas-1.webp","width":300,"height":450,"caption":"\u0160vytintis r\u016bkas"},{"@type":"BreadcrumbList","@id":"https:\/\/skaitytaknyga.lt\/produktas\/svytintis-rukas\/#breadcrumb","itemListElement":[{"@type":"ListItem","position":1,"name":"Home","item":"https:\/\/skaitytaknyga.lt\/"},{"@type":"ListItem","position":2,"name":"Parduotuv\u0117","item":"https:\/\/skaitytaknyga.lt\/knygu-parduotuve\/"},{"@type":"ListItem","position":3,"name":"\u0160vytintis r\u016bkas"}]},{"@type":"WebSite","@id":"https:\/\/skaitytaknyga.lt\/#website","url":"https:\/\/skaitytaknyga.lt\/","name":"skaitytaknyga.lt","description":"Skaitytaknyga.lt \u2013 tai ma\u017eas \u0161eimos verslas, kuris prasid\u0117jo nuo meil\u0117s knygoms ir siekio i\u0161gelb\u0117ti knygas nuo likimo prie konteinerio. Kas vienam nereikalingas daiktas \u2013 kitam lobis, o mes esame tarpininkai, kurie padeda abiems tapti laimingesniems ???? \u017dinome kaip nelengva i\u0161gyventi ma\u017eiems verslams, tad nuo \u0161iol, \u010dia rasite ir kit\u0173, ma\u017e\u0173 \u0161eim\u0173 versl\u0173, rank\u0173 darbo, dovan\u0173 sau ir artimiesiems.","publisher":{"@id":"https:\/\/skaitytaknyga.lt\/#organization"},"potentialAction":[{"@type":"SearchAction","target":{"@type":"EntryPoint","urlTemplate":"https:\/\/skaitytaknyga.lt\/?s={search_term_string}"},"query-input":{"@type":"PropertyValueSpecification","valueRequired":true,"valueName":"search_term_string"}}],"inLanguage":"en-GB"},{"@type":"Organization","@id":"https:\/\/skaitytaknyga.lt\/#organization","name":"skaitytaknyga.lt","url":"https:\/\/skaitytaknyga.lt\/","logo":{"@type":"ImageObject","inLanguage":"en-GB","@id":"https:\/\/skaitytaknyga.lt\/#\/schema\/logo\/image\/","url":"https:\/\/skaitytaknyga.lt\/wp-content\/uploads\/2024\/05\/cropped-cropped-cropped-02_00843_jt3bggkj1j3HLc7SyY6rEUpg.jpeg","contentUrl":"https:\/\/skaitytaknyga.lt\/wp-content\/uploads\/2024\/05\/cropped-cropped-cropped-02_00843_jt3bggkj1j3HLc7SyY6rEUpg.jpeg","width":1600,"height":1600,"caption":"skaitytaknyga.lt"},"image":{"@id":"https:\/\/skaitytaknyga.lt\/#\/schema\/logo\/image\/"},"sameAs":["https:\/\/www.facebook.com\/skaitytaknyga\/"]}]}},"_links":{"self":[{"href":"https:\/\/skaitytaknyga.lt\/en\/wp-json\/wp\/v2\/product\/20921","targetHints":{"allow":["GET"]}}],"collection":[{"href":"https:\/\/skaitytaknyga.lt\/en\/wp-json\/wp\/v2\/product"}],"about":[{"href":"https:\/\/skaitytaknyga.lt\/en\/wp-json\/wp\/v2\/types\/product"}],"replies":[{"embeddable":true,"href":"https:\/\/skaitytaknyga.lt\/en\/wp-json\/wp\/v2\/comments?post=20921"}],"wp:featuredmedia":[{"embeddable":true,"href":"https:\/\/skaitytaknyga.lt\/en\/wp-json\/wp\/v2\/media\/20926"}],"wp:attachment":[{"href":"https:\/\/skaitytaknyga.lt\/en\/wp-json\/wp\/v2\/media?parent=20921"}],"wp:term":[{"taxonomy":"product_brand","embeddable":true,"href":"https:\/\/skaitytaknyga.lt\/en\/wp-json\/wp\/v2\/product_brand?post=20921"},{"taxonomy":"product_cat","embeddable":true,"href":"https:\/\/skaitytaknyga.lt\/en\/wp-json\/wp\/v2\/product_cat?post=20921"},{"taxonomy":"product_tag","embeddable":true,"href":"https:\/\/skaitytaknyga.lt\/en\/wp-json\/wp\/v2\/product_tag?post=20921"}],"curies":[{"name":"wp","href":"https:\/\/api.w.org\/{rel}","templated":true}]}}