{"id":20915,"date":"2025-09-18T14:27:56","date_gmt":"2025-09-18T11:27:56","guid":{"rendered":"https:\/\/skaitytaknyga.lt\/?post_type=product&#038;p=20915"},"modified":"2025-10-06T13:25:34","modified_gmt":"2025-10-06T10:25:34","slug":"jausmu-repeticijos-metai-su-aktoriumi-vladu-bagdonu","status":"publish","type":"product","link":"https:\/\/skaitytaknyga.lt\/en\/produktas\/jausmu-repeticijos-metai-su-aktoriumi-vladu-bagdonu\/","title":{"rendered":"Jausm\u0173 repeticijos. Metai su aktoriumi Vladu Bagdonu"},"content":{"rendered":"<p>Vladas Bagdonas (g. 1949 m.) \u2013 unikalaus talento aktorius, \u017einomas ir kaip dainininkas, teatro pedagogas. Knyga \u201eJausm\u0173 repeticijos\u201c \u2013 pokalbiai su Vladu Bagdonu apie tai, kas i\u0161gyventa, ir apie jo \u0161iandien\u0105. Aktoriaus akimis regime jo vaikyst\u0117s Vilni\u0173, anuomet kaimi\u0161k\u0105 miesto pakra\u0161t\u012f ties Savanori\u0173 prospektu, septintojo de\u0161imtme\u010dio Konservatorij\u0105, d\u0117stytojus Iren\u0105 Vai\u0161yt\u0119, Juoz\u0105 Rudzinsk\u0105, Iren\u0105 Bu\u010dien\u0119. V\u0117liau \u2013 Jaunimo teatras, jo u\u017ekulisiai, gastroli\u0173 po Lietuv\u0105 atmosfera, darbas su Dalia Tamulevi\u010di\u016bte, su Eimuntu Nekro\u0161iumi \u2013 nuo pirm\u0173j\u0173 \u0161io re\u017eisieriaus \u017eingsni\u0173 iki spektakli\u0173, pelniusi\u0173 tarptautin\u0119 \u0161lov\u0119.<\/p>\n<p>Knyg\u0105 r\u0117mina vieneri metai \u2013 2010-ieji. Bagdonui \u0161e\u0161iasde\u0161imt vieneri. Lietuvos teatruose jis turi vis ma\u017eiau darbo, reti Fausto ir Otelo vaidinimai gastrol\u0117se reikalauja, atrodyt\u0173, nebe\u017emogi\u0161k\u0173 pastang\u0173. Bet Rusijos teatras ir kinas ima si\u016blyti svarbius vaidmenis, ir studentai vis re\u010diau sulaukia savo d\u0117stytojo Lietuvos Muzikos akademijoje.<\/p>\n<p>Kod\u0117l atsirado \u0161i knyga? Ne vien tod\u0117l, kad Vladas Bagdonas, kaip daugyb\u0119 kart\u0173 ra\u0161yta ir sakyta \u012fvairiomis kalbomis \u2013<br \/>\n&#8230;didis \u0161iuolaikinis lietuvi\u0173 aktorius&#8230;<br \/>\n&#8230;Ryt\u0173 Europos teatro simbolis&#8230;<br \/>\n&#8230;vienas ry\u0161kiausi\u0173 pasaulio tragik\u0173&#8230;<br \/>\nKitos \u0161alys atrado Bagdon\u0105 kartu su Eimunto Nekro\u0161iaus spektakliu \u201ePirosmani, Pirosmani&#8230;\u201c, kuris dar 1984-aisiais i\u0161 u\u017edaros Lietuvos i\u0161siver\u017e\u0117 \u012f u\u017esienio gastroles. Lietuvi\u0173 publika kur kas anks\u010diau \u012fvertino artist\u0105, vaidinus\u012f Jaunimo teatre nuo 1972-\u0173j\u0173. Bagdono vaidmen\u0173 Ginto \u017dilio, Nata\u0161os Ogaj, Dalios Tamulevi\u010di\u016bt\u0117s, Eimunto Nekro\u0161iaus spektakliuose i\u0161 karto buvo nema\u017eai, ir visi skirtingi. Svarbiausia \u2013 jokio grimo. Tas pats Vladas Bagdonas, niekuo nekeisdamas savo i\u0161vaizdos, kuria visi\u0161kai kit\u0105 siel\u0105 ir likim\u0105. Kai 2000 metais Bagdonas peln\u0117 Nacionalin\u0119 premij\u0105, teatrolog\u0117 Ramun\u0117 Marcinkevi\u010di\u016bt\u0117 ra\u0161\u0117, kad \u0161itas artistas jau seniai simbolizuoja auk\u0161tos klas\u0117s aktoryst\u0119. Tai gal pagal Bagdono k\u016bryb\u0105 galima ra\u0161yti aktoryst\u0117s vadov\u0117l\u012f?<\/p>\n<p>Bet \u0161i knyga \u2013 joks vadov\u0117lis. Ir net ne k\u016brybin\u0117s biografijos studija. Ne kokios nors sukaktys j\u0105 paskatino, o nostalgija. Artisto ilgesys. Pavydas Meksikai, Piet\u0173 Kor\u0117jai, Brazilijai, Italijai, Rusijai, Pary\u017eiui ar Tbilisiui, kuri\u0173 \u017ei\u016brovai mato Bagdono Otel\u0105 ir Faust\u0105, kai Meno fortas vaidina juos tarptautiniuose festivaliuose. Pasaulis grobsto geriausi\u0105 Lietuvos teatr\u0105 ir Bagdon\u0105 \u2013 kaip jo brangakmen\u012f.<\/p>\n","protected":false},"excerpt":{"rendered":"<p>Vladas Bagdonas (g. 1949 m.) \u2013 unikalaus talento aktorius, \u017einomas ir kaip dainininkas, teatro pedagogas. Knyga \u201eJausm\u0173 repeticijos\u201c \u2013 pokalbiai su Vladu Bagdonu apie tai, kas i\u0161gyventa, ir apie jo \u0161iandien\u0105. Aktoriaus akimis regime jo vaikyst\u0117s Vilni\u0173, anuomet kaimi\u0161k\u0105 miesto pakra\u0161t\u012f ties Savanori\u0173 prospektu, septintojo de\u0161imtme\u010dio Konservatorij\u0105, d\u0117stytojus Iren\u0105 Vai\u0161yt\u0119, Juoz\u0105 Rudzinsk\u0105, Iren\u0105 Bu\u010dien\u0119. V\u0117liau \u2013 Jaunimo teatras, jo u\u017ekulisiai, gastroli\u0173 po Lietuv\u0105 atmosfera, darbas su Dalia Tamulevi\u010di\u016bte, su Eimuntu Nekro\u0161iumi \u2013 nuo pirm\u0173j\u0173 \u0161io re\u017eisieriaus \u017eingsni\u0173 iki spektakli\u0173, pelniusi\u0173 tarptautin\u0119 \u0161lov\u0119. Knyg\u0105 r\u0117mina vieneri metai \u2013 2010-ieji. Bagdonui \u0161e\u0161iasde\u0161imt vieneri. Lietuvos teatruose jis turi vis ma\u017eiau darbo, reti Fausto ir Otelo vaidinimai gastrol\u0117se reikalauja, atrodyt\u0173, nebe\u017emogi\u0161k\u0173 pastang\u0173. Bet Rusijos teatras ir kinas ima si\u016blyti svarbius vaidmenis, ir studentai vis re\u010diau sulaukia savo d\u0117stytojo Lietuvos Muzikos akademijoje. Kod\u0117l atsirado \u0161i knyga? Ne vien tod\u0117l, kad Vladas Bagdonas, kaip daugyb\u0119 kart\u0173 ra\u0161yta ir sakyta \u012fvairiomis kalbomis \u2013 &#8230;didis \u0161iuolaikinis lietuvi\u0173 aktorius&#8230; &#8230;Ryt\u0173 Europos teatro simbolis&#8230; &#8230;vienas ry\u0161kiausi\u0173 pasaulio tragik\u0173&#8230; Kitos \u0161alys atrado Bagdon\u0105 kartu su Eimunto Nekro\u0161iaus spektakliu \u201ePirosmani, Pirosmani&#8230;\u201c, kuris dar 1984-aisiais i\u0161 u\u017edaros Lietuvos i\u0161siver\u017e\u0117 \u012f u\u017esienio gastroles. Lietuvi\u0173 publika kur kas anks\u010diau \u012fvertino artist\u0105, vaidinus\u012f Jaunimo teatre nuo 1972-\u0173j\u0173. Bagdono vaidmen\u0173 Ginto \u017dilio, Nata\u0161os Ogaj, Dalios Tamulevi\u010di\u016bt\u0117s, Eimunto Nekro\u0161iaus spektakliuose i\u0161 karto buvo nema\u017eai, ir visi skirtingi. Svarbiausia \u2013 jokio grimo. Tas pats Vladas Bagdonas, niekuo nekeisdamas savo i\u0161vaizdos, kuria visi\u0161kai kit\u0105 siel\u0105 ir likim\u0105. Kai 2000 metais Bagdonas peln\u0117 Nacionalin\u0119 premij\u0105, teatrolog\u0117 Ramun\u0117 Marcinkevi\u010di\u016bt\u0117 ra\u0161\u0117, kad \u0161itas artistas jau seniai simbolizuoja auk\u0161tos klas\u0117s aktoryst\u0119. Tai gal pagal Bagdono k\u016bryb\u0105 galima ra\u0161yti aktoryst\u0117s vadov\u0117l\u012f? Bet \u0161i knyga \u2013 joks vadov\u0117lis. Ir net ne k\u016brybin\u0117s biografijos studija. Ne kokios nors sukaktys j\u0105 paskatino, o nostalgija. Artisto ilgesys. Pavydas Meksikai, Piet\u0173 Kor\u0117jai, Brazilijai, Italijai, Rusijai, Pary\u017eiui ar Tbilisiui, kuri\u0173 \u017ei\u016brovai mato Bagdono Otel\u0105 ir Faust\u0105, kai Meno fortas vaidina juos tarptautiniuose festivaliuose. Pasaulis grobsto geriausi\u0105 Lietuvos teatr\u0105 ir Bagdon\u0105 \u2013 kaip jo brangakmen\u012f.<\/p>\n","protected":false},"featured_media":20920,"comment_status":"open","ping_status":"closed","template":"","meta":{"_acf_changed":false,"site-sidebar-layout":"default","site-content-layout":"","ast-site-content-layout":"default","site-content-style":"default","site-sidebar-style":"default","ast-global-header-display":"","ast-banner-title-visibility":"","ast-main-header-display":"","ast-hfb-above-header-display":"","ast-hfb-below-header-display":"","ast-hfb-mobile-header-display":"","site-post-title":"","ast-breadcrumbs-content":"","ast-featured-img":"","footer-sml-layout":"","ast-disable-related-posts":"","theme-transparent-header-meta":"","adv-header-id-meta":"","stick-header-meta":"","header-above-stick-meta":"","header-main-stick-meta":"","header-below-stick-meta":"","astra-migrate-meta-layouts":"default","ast-page-background-enabled":"default","ast-page-background-meta":{"desktop":{"background-color":"","background-image":"","background-repeat":"repeat","background-position":"center center","background-size":"auto","background-attachment":"scroll","background-type":"","background-media":"","overlay-type":"","overlay-color":"","overlay-opacity":"","overlay-gradient":""},"tablet":{"background-color":"","background-image":"","background-repeat":"repeat","background-position":"center center","background-size":"auto","background-attachment":"scroll","background-type":"","background-media":"","overlay-type":"","overlay-color":"","overlay-opacity":"","overlay-gradient":""},"mobile":{"background-color":"","background-image":"","background-repeat":"repeat","background-position":"center center","background-size":"auto","background-attachment":"scroll","background-type":"","background-media":"","overlay-type":"","overlay-color":"","overlay-opacity":"","overlay-gradient":""}},"ast-content-background-meta":{"desktop":{"background-color":"var(--ast-global-color-4)","background-image":"","background-repeat":"repeat","background-position":"center center","background-size":"auto","background-attachment":"scroll","background-type":"","background-media":"","overlay-type":"","overlay-color":"","overlay-opacity":"","overlay-gradient":""},"tablet":{"background-color":"var(--ast-global-color-4)","background-image":"","background-repeat":"repeat","background-position":"center center","background-size":"auto","background-attachment":"scroll","background-type":"","background-media":"","overlay-type":"","overlay-color":"","overlay-opacity":"","overlay-gradient":""},"mobile":{"background-color":"var(--ast-global-color-4)","background-image":"","background-repeat":"repeat","background-position":"center center","background-size":"auto","background-attachment":"scroll","background-type":"","background-media":"","overlay-type":"","overlay-color":"","overlay-opacity":"","overlay-gradient":""}}},"product_brand":[],"product_cat":[33,15],"product_tag":[8567,8571,8570,3007,8572,8566,8569,3131,8568],"class_list":{"0":"post-20915","1":"product","2":"type-product","3":"status-publish","4":"has-post-thumbnail","6":"product_cat-biografijos","7":"product_cat-uncategorized","8":"product_tag-aktorius","9":"product_tag-gastroliu-atmosfera","10":"product_tag-jaunimo-teatras","11":"product_tag-kuryba","12":"product_tag-nostalgija","13":"product_tag-ruta-oginskaite","14":"product_tag-teatro-pedagogika","15":"product_tag-vaikyste","16":"product_tag-vladas-bagdonas","17":"desktop-align-left","18":"tablet-align-left","19":"mobile-align-left","21":"first","22":"instock","23":"shipping-taxable","24":"purchasable","25":"product-type-simple"},"acf":[],"yoast_head":"<!-- This site is optimized with the Yoast SEO plugin v27.0 - https:\/\/yoast.com\/product\/yoast-seo-wordpress\/ -->\n<title>Jausm\u0173 repeticijos. Metai su aktoriumi Vladu Bagdonu<\/title>\n<meta name=\"description\" content=\"Vladas Bagdonas (g. 1949 m.) \u2013 unikalaus talento aktorius, \u017einomas ir kaip dainininkas, teatro pedagogas. Knyga \u201eJausm\u0173 repeticijos\u201c \u2013 pokalbiai su Vladu\" \/>\n<meta name=\"robots\" content=\"index, follow, max-snippet:-1, max-image-preview:large, max-video-preview:-1\" \/>\n<link rel=\"canonical\" href=\"https:\/\/skaitytaknyga.lt\/en\/produktas\/jausmu-repeticijos-metai-su-aktoriumi-vladu-bagdonu\/\" \/>\n<meta property=\"og:locale\" content=\"en_GB\" \/>\n<meta property=\"og:locale:alternate\" content=\"lt_LT\" \/>\n<meta property=\"og:type\" content=\"article\" \/>\n<meta property=\"og:title\" content=\"Jausm\u0173 repeticijos. Metai su aktoriumi Vladu Bagdonu\" \/>\n<meta property=\"og:description\" content=\"Vladas Bagdonas (g. 1949 m.) \u2013 unikalaus talento aktorius, \u017einomas ir kaip dainininkas, teatro pedagogas. Knyga \u201eJausm\u0173 repeticijos\u201c \u2013 pokalbiai su Vladu\" \/>\n<meta property=\"og:url\" content=\"https:\/\/skaitytaknyga.lt\/en\/produktas\/jausmu-repeticijos-metai-su-aktoriumi-vladu-bagdonu\/\" \/>\n<meta property=\"og:site_name\" content=\"Skaitytaknyga\" \/>\n<meta property=\"article:publisher\" content=\"https:\/\/www.facebook.com\/skaitytaknyga\/\" \/>\n<meta property=\"article:modified_time\" content=\"2025-10-06T10:25:34+00:00\" \/>\n<meta property=\"og:image\" content=\"https:\/\/skaitytaknyga.lt\/wp-content\/uploads\/2025\/09\/Jausmu-repeticijos.-Metai-su-aktoriumi-Vladu-Bagdonu-1.webp\" \/>\n\t<meta property=\"og:image:width\" content=\"300\" \/>\n\t<meta property=\"og:image:height\" content=\"416\" \/>\n\t<meta property=\"og:image:type\" content=\"image\/webp\" \/>\n<meta name=\"twitter:card\" content=\"summary_large_image\" \/>\n<meta name=\"twitter:label1\" content=\"Estimated reading time\" \/>\n\t<meta name=\"twitter:data1\" content=\"2 minutes\" \/>\n<script type=\"application\/ld+json\" class=\"yoast-schema-graph\">{\"@context\":\"https:\/\/schema.org\",\"@graph\":[{\"@type\":\"WebPage\",\"@id\":\"https:\/\/skaitytaknyga.lt\/produktas\/jausmu-repeticijos-metai-su-aktoriumi-vladu-bagdonu\/\",\"url\":\"https:\/\/skaitytaknyga.lt\/produktas\/jausmu-repeticijos-metai-su-aktoriumi-vladu-bagdonu\/\",\"name\":\"Jausm\u0173 repeticijos. Metai su aktoriumi Vladu Bagdonu\",\"isPartOf\":{\"@id\":\"https:\/\/skaitytaknyga.lt\/#website\"},\"primaryImageOfPage\":{\"@id\":\"https:\/\/skaitytaknyga.lt\/produktas\/jausmu-repeticijos-metai-su-aktoriumi-vladu-bagdonu\/#primaryimage\"},\"image\":{\"@id\":\"https:\/\/skaitytaknyga.lt\/produktas\/jausmu-repeticijos-metai-su-aktoriumi-vladu-bagdonu\/#primaryimage\"},\"thumbnailUrl\":\"https:\/\/skaitytaknyga.lt\/wp-content\/uploads\/2025\/09\/Jausmu-repeticijos.-Metai-su-aktoriumi-Vladu-Bagdonu-1.webp\",\"datePublished\":\"2025-09-18T11:27:56+00:00\",\"dateModified\":\"2025-10-06T10:25:34+00:00\",\"description\":\"Vladas Bagdonas (g. 1949 m.) \u2013 unikalaus talento aktorius, \u017einomas ir kaip dainininkas, teatro pedagogas. Knyga \u201eJausm\u0173 repeticijos\u201c \u2013 pokalbiai su Vladu\",\"breadcrumb\":{\"@id\":\"https:\/\/skaitytaknyga.lt\/produktas\/jausmu-repeticijos-metai-su-aktoriumi-vladu-bagdonu\/#breadcrumb\"},\"inLanguage\":\"en-GB\",\"potentialAction\":[{\"@type\":\"ReadAction\",\"target\":[\"https:\/\/skaitytaknyga.lt\/produktas\/jausmu-repeticijos-metai-su-aktoriumi-vladu-bagdonu\/\"]}]},{\"@type\":\"ImageObject\",\"inLanguage\":\"en-GB\",\"@id\":\"https:\/\/skaitytaknyga.lt\/produktas\/jausmu-repeticijos-metai-su-aktoriumi-vladu-bagdonu\/#primaryimage\",\"url\":\"https:\/\/skaitytaknyga.lt\/wp-content\/uploads\/2025\/09\/Jausmu-repeticijos.-Metai-su-aktoriumi-Vladu-Bagdonu-1.webp\",\"contentUrl\":\"https:\/\/skaitytaknyga.lt\/wp-content\/uploads\/2025\/09\/Jausmu-repeticijos.-Metai-su-aktoriumi-Vladu-Bagdonu-1.webp\",\"width\":300,\"height\":416},{\"@type\":\"BreadcrumbList\",\"@id\":\"https:\/\/skaitytaknyga.lt\/produktas\/jausmu-repeticijos-metai-su-aktoriumi-vladu-bagdonu\/#breadcrumb\",\"itemListElement\":[{\"@type\":\"ListItem\",\"position\":1,\"name\":\"Home\",\"item\":\"https:\/\/skaitytaknyga.lt\/\"},{\"@type\":\"ListItem\",\"position\":2,\"name\":\"Parduotuv\u0117\",\"item\":\"https:\/\/skaitytaknyga.lt\/knygu-parduotuve\/\"},{\"@type\":\"ListItem\",\"position\":3,\"name\":\"Jausm\u0173 repeticijos. Metai su aktoriumi Vladu Bagdonu\"}]},{\"@type\":\"WebSite\",\"@id\":\"https:\/\/skaitytaknyga.lt\/#website\",\"url\":\"https:\/\/skaitytaknyga.lt\/\",\"name\":\"skaitytaknyga.lt\",\"description\":\"Skaitytaknyga.lt \u2013 tai ma\u017eas \u0161eimos verslas, kuris prasid\u0117jo nuo meil\u0117s knygoms ir siekio i\u0161gelb\u0117ti knygas nuo likimo prie konteinerio. Kas vienam nereikalingas daiktas \u2013 kitam lobis, o mes esame tarpininkai, kurie padeda abiems tapti laimingesniems ???? \u017dinome kaip nelengva i\u0161gyventi ma\u017eiems verslams, tad nuo \u0161iol, \u010dia rasite ir kit\u0173, ma\u017e\u0173 \u0161eim\u0173 versl\u0173, rank\u0173 darbo, dovan\u0173 sau ir artimiesiems.\",\"publisher\":{\"@id\":\"https:\/\/skaitytaknyga.lt\/#organization\"},\"potentialAction\":[{\"@type\":\"SearchAction\",\"target\":{\"@type\":\"EntryPoint\",\"urlTemplate\":\"https:\/\/skaitytaknyga.lt\/?s={search_term_string}\"},\"query-input\":{\"@type\":\"PropertyValueSpecification\",\"valueRequired\":true,\"valueName\":\"search_term_string\"}}],\"inLanguage\":\"en-GB\"},{\"@type\":\"Organization\",\"@id\":\"https:\/\/skaitytaknyga.lt\/#organization\",\"name\":\"skaitytaknyga.lt\",\"url\":\"https:\/\/skaitytaknyga.lt\/\",\"logo\":{\"@type\":\"ImageObject\",\"inLanguage\":\"en-GB\",\"@id\":\"https:\/\/skaitytaknyga.lt\/#\/schema\/logo\/image\/\",\"url\":\"https:\/\/skaitytaknyga.lt\/wp-content\/uploads\/2024\/05\/cropped-cropped-cropped-02_00843_jt3bggkj1j3HLc7SyY6rEUpg.jpeg\",\"contentUrl\":\"https:\/\/skaitytaknyga.lt\/wp-content\/uploads\/2024\/05\/cropped-cropped-cropped-02_00843_jt3bggkj1j3HLc7SyY6rEUpg.jpeg\",\"width\":1600,\"height\":1600,\"caption\":\"skaitytaknyga.lt\"},\"image\":{\"@id\":\"https:\/\/skaitytaknyga.lt\/#\/schema\/logo\/image\/\"},\"sameAs\":[\"https:\/\/www.facebook.com\/skaitytaknyga\/\"]}]}<\/script>\n<!-- \/ Yoast SEO plugin. -->","yoast_head_json":{"title":"Jausm\u0173 repeticijos. Metai su aktoriumi Vladu Bagdonu","description":"Vladas Bagdonas (g. 1949 m.) \u2013 unikalaus talento aktorius, \u017einomas ir kaip dainininkas, teatro pedagogas. Knyga \u201eJausm\u0173 repeticijos\u201c \u2013 pokalbiai su Vladu","robots":{"index":"index","follow":"follow","max-snippet":"max-snippet:-1","max-image-preview":"max-image-preview:large","max-video-preview":"max-video-preview:-1"},"canonical":"https:\/\/skaitytaknyga.lt\/en\/produktas\/jausmu-repeticijos-metai-su-aktoriumi-vladu-bagdonu\/","og_locale":"en_GB","og_type":"article","og_title":"[:lt]Jausm\u0173 repeticijos. Metai su aktoriumi Vladu Bagdonu[:] - Skaitytaknyga","og_description":"Vladas Bagdonas (g. 1949 m.) \u2013 unikalaus talento aktorius, \u017einomas ir kaip dainininkas, teatro pedagogas. Knyga \u201eJausm\u0173 repeticijos\u201c \u2013 pokalbiai su Vladu","og_url":"https:\/\/skaitytaknyga.lt\/en\/produktas\/jausmu-repeticijos-metai-su-aktoriumi-vladu-bagdonu\/","og_site_name":"Skaitytaknyga","article_publisher":"https:\/\/www.facebook.com\/skaitytaknyga\/","article_modified_time":"2025-10-06T10:25:34+00:00","og_image":[{"width":300,"height":416,"url":"https:\/\/skaitytaknyga.lt\/wp-content\/uploads\/2025\/09\/Jausmu-repeticijos.-Metai-su-aktoriumi-Vladu-Bagdonu-1.webp","type":"image\/webp"}],"twitter_card":"summary_large_image","twitter_misc":{"Estimated reading time":"2 minutes"},"schema":{"@context":"https:\/\/schema.org","@graph":[{"@type":"WebPage","@id":"https:\/\/skaitytaknyga.lt\/produktas\/jausmu-repeticijos-metai-su-aktoriumi-vladu-bagdonu\/","url":"https:\/\/skaitytaknyga.lt\/produktas\/jausmu-repeticijos-metai-su-aktoriumi-vladu-bagdonu\/","name":"Jausm\u0173 repeticijos. Metai su aktoriumi Vladu Bagdonu","isPartOf":{"@id":"https:\/\/skaitytaknyga.lt\/#website"},"primaryImageOfPage":{"@id":"https:\/\/skaitytaknyga.lt\/produktas\/jausmu-repeticijos-metai-su-aktoriumi-vladu-bagdonu\/#primaryimage"},"image":{"@id":"https:\/\/skaitytaknyga.lt\/produktas\/jausmu-repeticijos-metai-su-aktoriumi-vladu-bagdonu\/#primaryimage"},"thumbnailUrl":"https:\/\/skaitytaknyga.lt\/wp-content\/uploads\/2025\/09\/Jausmu-repeticijos.-Metai-su-aktoriumi-Vladu-Bagdonu-1.webp","datePublished":"2025-09-18T11:27:56+00:00","dateModified":"2025-10-06T10:25:34+00:00","description":"Vladas Bagdonas (g. 1949 m.) \u2013 unikalaus talento aktorius, \u017einomas ir kaip dainininkas, teatro pedagogas. Knyga \u201eJausm\u0173 repeticijos\u201c \u2013 pokalbiai su Vladu","breadcrumb":{"@id":"https:\/\/skaitytaknyga.lt\/produktas\/jausmu-repeticijos-metai-su-aktoriumi-vladu-bagdonu\/#breadcrumb"},"inLanguage":"en-GB","potentialAction":[{"@type":"ReadAction","target":["https:\/\/skaitytaknyga.lt\/produktas\/jausmu-repeticijos-metai-su-aktoriumi-vladu-bagdonu\/"]}]},{"@type":"ImageObject","inLanguage":"en-GB","@id":"https:\/\/skaitytaknyga.lt\/produktas\/jausmu-repeticijos-metai-su-aktoriumi-vladu-bagdonu\/#primaryimage","url":"https:\/\/skaitytaknyga.lt\/wp-content\/uploads\/2025\/09\/Jausmu-repeticijos.-Metai-su-aktoriumi-Vladu-Bagdonu-1.webp","contentUrl":"https:\/\/skaitytaknyga.lt\/wp-content\/uploads\/2025\/09\/Jausmu-repeticijos.-Metai-su-aktoriumi-Vladu-Bagdonu-1.webp","width":300,"height":416},{"@type":"BreadcrumbList","@id":"https:\/\/skaitytaknyga.lt\/produktas\/jausmu-repeticijos-metai-su-aktoriumi-vladu-bagdonu\/#breadcrumb","itemListElement":[{"@type":"ListItem","position":1,"name":"Home","item":"https:\/\/skaitytaknyga.lt\/"},{"@type":"ListItem","position":2,"name":"Parduotuv\u0117","item":"https:\/\/skaitytaknyga.lt\/knygu-parduotuve\/"},{"@type":"ListItem","position":3,"name":"Jausm\u0173 repeticijos. Metai su aktoriumi Vladu Bagdonu"}]},{"@type":"WebSite","@id":"https:\/\/skaitytaknyga.lt\/#website","url":"https:\/\/skaitytaknyga.lt\/","name":"skaitytaknyga.lt","description":"Skaitytaknyga.lt \u2013 tai ma\u017eas \u0161eimos verslas, kuris prasid\u0117jo nuo meil\u0117s knygoms ir siekio i\u0161gelb\u0117ti knygas nuo likimo prie konteinerio. Kas vienam nereikalingas daiktas \u2013 kitam lobis, o mes esame tarpininkai, kurie padeda abiems tapti laimingesniems ???? \u017dinome kaip nelengva i\u0161gyventi ma\u017eiems verslams, tad nuo \u0161iol, \u010dia rasite ir kit\u0173, ma\u017e\u0173 \u0161eim\u0173 versl\u0173, rank\u0173 darbo, dovan\u0173 sau ir artimiesiems.","publisher":{"@id":"https:\/\/skaitytaknyga.lt\/#organization"},"potentialAction":[{"@type":"SearchAction","target":{"@type":"EntryPoint","urlTemplate":"https:\/\/skaitytaknyga.lt\/?s={search_term_string}"},"query-input":{"@type":"PropertyValueSpecification","valueRequired":true,"valueName":"search_term_string"}}],"inLanguage":"en-GB"},{"@type":"Organization","@id":"https:\/\/skaitytaknyga.lt\/#organization","name":"skaitytaknyga.lt","url":"https:\/\/skaitytaknyga.lt\/","logo":{"@type":"ImageObject","inLanguage":"en-GB","@id":"https:\/\/skaitytaknyga.lt\/#\/schema\/logo\/image\/","url":"https:\/\/skaitytaknyga.lt\/wp-content\/uploads\/2024\/05\/cropped-cropped-cropped-02_00843_jt3bggkj1j3HLc7SyY6rEUpg.jpeg","contentUrl":"https:\/\/skaitytaknyga.lt\/wp-content\/uploads\/2024\/05\/cropped-cropped-cropped-02_00843_jt3bggkj1j3HLc7SyY6rEUpg.jpeg","width":1600,"height":1600,"caption":"skaitytaknyga.lt"},"image":{"@id":"https:\/\/skaitytaknyga.lt\/#\/schema\/logo\/image\/"},"sameAs":["https:\/\/www.facebook.com\/skaitytaknyga\/"]}]}},"_links":{"self":[{"href":"https:\/\/skaitytaknyga.lt\/en\/wp-json\/wp\/v2\/product\/20915","targetHints":{"allow":["GET"]}}],"collection":[{"href":"https:\/\/skaitytaknyga.lt\/en\/wp-json\/wp\/v2\/product"}],"about":[{"href":"https:\/\/skaitytaknyga.lt\/en\/wp-json\/wp\/v2\/types\/product"}],"replies":[{"embeddable":true,"href":"https:\/\/skaitytaknyga.lt\/en\/wp-json\/wp\/v2\/comments?post=20915"}],"wp:featuredmedia":[{"embeddable":true,"href":"https:\/\/skaitytaknyga.lt\/en\/wp-json\/wp\/v2\/media\/20920"}],"wp:attachment":[{"href":"https:\/\/skaitytaknyga.lt\/en\/wp-json\/wp\/v2\/media?parent=20915"}],"wp:term":[{"taxonomy":"product_brand","embeddable":true,"href":"https:\/\/skaitytaknyga.lt\/en\/wp-json\/wp\/v2\/product_brand?post=20915"},{"taxonomy":"product_cat","embeddable":true,"href":"https:\/\/skaitytaknyga.lt\/en\/wp-json\/wp\/v2\/product_cat?post=20915"},{"taxonomy":"product_tag","embeddable":true,"href":"https:\/\/skaitytaknyga.lt\/en\/wp-json\/wp\/v2\/product_tag?post=20915"}],"curies":[{"name":"wp","href":"https:\/\/api.w.org\/{rel}","templated":true}]}}