{"id":20914,"date":"2025-09-18T14:27:56","date_gmt":"2025-09-18T11:27:56","guid":{"rendered":"https:\/\/skaitytaknyga.lt\/?post_type=product&#038;p=20914"},"modified":"2025-10-06T13:25:34","modified_gmt":"2025-10-06T10:25:34","slug":"be-grimo-selmiski-prisiminimai","status":"publish","type":"product","link":"https:\/\/skaitytaknyga.lt\/en\/produktas\/be-grimo-selmiski-prisiminimai\/","title":{"rendered":"Be grimo. \u0160elmi\u0161ki prisiminimai"},"content":{"rendered":"<p>Teatrolog\u0117s Irenos Aleksait\u0117s prisiminimai, kuriuose ji su humoru pasakoja apie savo vaikyst\u0119 ir jaunyst\u0119 t\u0173 laik\u0173 kult\u016bros gyvenimo fone, dinami\u0161k\u0105 teatro kasdienyb\u0119 ir i\u0161kilias asmenybes &#8211; artistus, re\u017eisierius, teatrologus. Kritiko ir aktoriaus santykiai \u2013 tai vos ne brazil\u0173 serialas be pabaigos. Geriausia b\u016bt\u0173 jiems niekad nesusitikti. Jis \u2013 vaidina, tu \u2013 ra\u0161ai. Bet gyvenimas vis vien kada nors suveda. Skubiai, dar gerai nenusival\u0119 grimo, po spektaklio \u012f drabu\u017ein\u0119 renkasi aktoriai, gaudo kritik\u0173 \u017evilgsnius, tik\u0117damiesi bent menkiausios u\u017euominos apie pasirodym\u0105&#8230; Kritikas kar\u0161tligi\u0161kai varto atminties puslapius, m\u0117\u0161lungi\u0161kai stengiasi prisiminti, kada paskutin\u012f syk\u012f yra bent jau pamin\u0117j\u0119s aktoriaus N pavard\u0119&#8230;<\/p>\n<p>\u201eO man \u012fdomu, kod\u0117l J\u016bs, gerbiamasai kritike, niekada nesate para\u0161\u0119s apie mane gerai?!&#8221; Atsakyti \u012f \u0161\u012f pragai\u0161ting\u0105 klausim\u0105 \u2013 tas pat, kaip \u0161nib\u017ed\u0117ti \u017eirafai \u012f jos auk\u0161tai suraityt\u0105 aus\u012f&#8230; Ne\u017einai, ar teisintis d\u0117l savo \u017eiaurumo, ar ai\u0161kintis d\u0117l tiesos. Gal\u0173 gale pajunti, kad at\u0117jo metas atsigr\u0119\u017eti atgalios ir prisiminti tuos veidus, \u017emones, artimus ir tolimus \u2013 artistus, re\u017eisierius, teatrologus&#8230; Viskas, rodos, \u010dia pat, ranka palie\u010diama, ry\u0161ku, gyva. Taigi prie\u0161 J\u016bs\u0173 akis dabar \u2013 teatras, kok\u012f j\u012f ma\u010diau a\u0161, \u2013 be grimo.<\/p>\n","protected":false},"excerpt":{"rendered":"<p>Teatrolog\u0117s Irenos Aleksait\u0117s prisiminimai, kuriuose ji su humoru pasakoja apie savo vaikyst\u0119 ir jaunyst\u0119 t\u0173 laik\u0173 kult\u016bros gyvenimo fone, dinami\u0161k\u0105 teatro kasdienyb\u0119 ir i\u0161kilias asmenybes &#8211; artistus, re\u017eisierius, teatrologus. Kritiko ir aktoriaus santykiai \u2013 tai vos ne brazil\u0173 serialas be pabaigos. Geriausia b\u016bt\u0173 jiems niekad nesusitikti. Jis \u2013 vaidina, tu \u2013 ra\u0161ai. Bet gyvenimas vis vien kada nors suveda. Skubiai, dar gerai nenusival\u0119 grimo, po spektaklio \u012f drabu\u017ein\u0119 renkasi aktoriai, gaudo kritik\u0173 \u017evilgsnius, tik\u0117damiesi bent menkiausios u\u017euominos apie pasirodym\u0105&#8230; Kritikas kar\u0161tligi\u0161kai varto atminties puslapius, m\u0117\u0161lungi\u0161kai stengiasi prisiminti, kada paskutin\u012f syk\u012f yra bent jau pamin\u0117j\u0119s aktoriaus N pavard\u0119&#8230; \u201eO man \u012fdomu, kod\u0117l J\u016bs, gerbiamasai kritike, niekada nesate para\u0161\u0119s apie mane gerai?!&#8221; Atsakyti \u012f \u0161\u012f pragai\u0161ting\u0105 klausim\u0105 \u2013 tas pat, kaip \u0161nib\u017ed\u0117ti \u017eirafai \u012f jos auk\u0161tai suraityt\u0105 aus\u012f&#8230; Ne\u017einai, ar teisintis d\u0117l savo \u017eiaurumo, ar ai\u0161kintis d\u0117l tiesos. Gal\u0173 gale pajunti, kad at\u0117jo metas atsigr\u0119\u017eti atgalios ir prisiminti tuos veidus, \u017emones, artimus ir tolimus \u2013 artistus, re\u017eisierius, teatrologus&#8230; Viskas, rodos, \u010dia pat, ranka palie\u010diama, ry\u0161ku, gyva. Taigi prie\u0161 J\u016bs\u0173 akis dabar \u2013 teatras, kok\u012f j\u012f ma\u010diau a\u0161, \u2013 be grimo.<\/p>\n","protected":false},"featured_media":20919,"comment_status":"open","ping_status":"closed","template":"","meta":{"_acf_changed":false,"site-sidebar-layout":"default","site-content-layout":"","ast-site-content-layout":"default","site-content-style":"default","site-sidebar-style":"default","ast-global-header-display":"","ast-banner-title-visibility":"","ast-main-header-display":"","ast-hfb-above-header-display":"","ast-hfb-below-header-display":"","ast-hfb-mobile-header-display":"","site-post-title":"","ast-breadcrumbs-content":"","ast-featured-img":"","footer-sml-layout":"","ast-disable-related-posts":"","theme-transparent-header-meta":"","adv-header-id-meta":"","stick-header-meta":"","header-above-stick-meta":"","header-main-stick-meta":"","header-below-stick-meta":"","astra-migrate-meta-layouts":"default","ast-page-background-enabled":"default","ast-page-background-meta":{"desktop":{"background-color":"","background-image":"","background-repeat":"repeat","background-position":"center center","background-size":"auto","background-attachment":"scroll","background-type":"","background-media":"","overlay-type":"","overlay-color":"","overlay-opacity":"","overlay-gradient":""},"tablet":{"background-color":"","background-image":"","background-repeat":"repeat","background-position":"center center","background-size":"auto","background-attachment":"scroll","background-type":"","background-media":"","overlay-type":"","overlay-color":"","overlay-opacity":"","overlay-gradient":""},"mobile":{"background-color":"","background-image":"","background-repeat":"repeat","background-position":"center center","background-size":"auto","background-attachment":"scroll","background-type":"","background-media":"","overlay-type":"","overlay-color":"","overlay-opacity":"","overlay-gradient":""}},"ast-content-background-meta":{"desktop":{"background-color":"var(--ast-global-color-4)","background-image":"","background-repeat":"repeat","background-position":"center center","background-size":"auto","background-attachment":"scroll","background-type":"","background-media":"","overlay-type":"","overlay-color":"","overlay-opacity":"","overlay-gradient":""},"tablet":{"background-color":"var(--ast-global-color-4)","background-image":"","background-repeat":"repeat","background-position":"center center","background-size":"auto","background-attachment":"scroll","background-type":"","background-media":"","overlay-type":"","overlay-color":"","overlay-opacity":"","overlay-gradient":""},"mobile":{"background-color":"var(--ast-global-color-4)","background-image":"","background-repeat":"repeat","background-position":"center center","background-size":"auto","background-attachment":"scroll","background-type":"","background-media":"","overlay-type":"","overlay-color":"","overlay-opacity":"","overlay-gradient":""}}},"product_brand":[],"product_cat":[33,15],"product_tag":[4237,1980,8563,8565,2439,7261,1417,8564,5997],"class_list":{"0":"post-20914","1":"product","2":"type-product","3":"status-publish","4":"has-post-thumbnail","6":"product_cat-biografijos","7":"product_cat-uncategorized","8":"product_tag-aktoriai","9":"product_tag-humoras","10":"product_tag-irena-aleksaite","11":"product_tag-kulturos-gyvenimas","12":"product_tag-prisiminimai","13":"product_tag-rezisieriai","14":"product_tag-santykiai","15":"product_tag-teatro-kasdienybe","16":"product_tag-teatrologija","17":"desktop-align-left","18":"tablet-align-left","19":"mobile-align-left","21":"first","22":"instock","23":"shipping-taxable","24":"purchasable","25":"product-type-simple"},"acf":[],"yoast_head":"<!-- This site is optimized with the Yoast SEO plugin v27.0 - https:\/\/yoast.com\/product\/yoast-seo-wordpress\/ -->\n<title>Be grimo. \u0160elmi\u0161ki prisiminimai<\/title>\n<meta name=\"description\" content=\"Teatrolog\u0117s Irenos Aleksait\u0117s prisiminimai, kuriuose ji su humoru pasakoja apie savo vaikyst\u0119 ir jaunyst\u0119 t\u0173 laik\u0173 kult\u016bros gyvenimo fone, dinami\u0161k\u0105\" \/>\n<meta name=\"robots\" content=\"index, follow, max-snippet:-1, max-image-preview:large, max-video-preview:-1\" \/>\n<link rel=\"canonical\" href=\"https:\/\/skaitytaknyga.lt\/en\/produktas\/be-grimo-selmiski-prisiminimai\/\" \/>\n<meta property=\"og:locale\" content=\"en_GB\" \/>\n<meta property=\"og:locale:alternate\" content=\"lt_LT\" \/>\n<meta property=\"og:type\" content=\"article\" \/>\n<meta property=\"og:title\" content=\"Be grimo. \u0160elmi\u0161ki prisiminimai\" \/>\n<meta property=\"og:description\" content=\"Teatrolog\u0117s Irenos Aleksait\u0117s prisiminimai, kuriuose ji su humoru pasakoja apie savo vaikyst\u0119 ir jaunyst\u0119 t\u0173 laik\u0173 kult\u016bros gyvenimo fone, dinami\u0161k\u0105\" \/>\n<meta property=\"og:url\" content=\"https:\/\/skaitytaknyga.lt\/en\/produktas\/be-grimo-selmiski-prisiminimai\/\" \/>\n<meta property=\"og:site_name\" content=\"Skaitytaknyga\" \/>\n<meta property=\"article:publisher\" content=\"https:\/\/www.facebook.com\/skaitytaknyga\/\" \/>\n<meta property=\"article:modified_time\" content=\"2025-10-06T10:25:34+00:00\" \/>\n<meta property=\"og:image\" content=\"https:\/\/skaitytaknyga.lt\/wp-content\/uploads\/2025\/09\/Be-grimo.-Selmiski-prisiminimai-1.webp\" \/>\n\t<meta property=\"og:image:width\" content=\"300\" \/>\n\t<meta property=\"og:image:height\" content=\"481\" \/>\n\t<meta property=\"og:image:type\" content=\"image\/webp\" \/>\n<meta name=\"twitter:card\" content=\"summary_large_image\" \/>\n<meta name=\"twitter:label1\" content=\"Estimated reading time\" \/>\n\t<meta name=\"twitter:data1\" content=\"1 minute\" \/>\n<script type=\"application\/ld+json\" class=\"yoast-schema-graph\">{\"@context\":\"https:\/\/schema.org\",\"@graph\":[{\"@type\":\"WebPage\",\"@id\":\"https:\/\/skaitytaknyga.lt\/produktas\/be-grimo-selmiski-prisiminimai\/\",\"url\":\"https:\/\/skaitytaknyga.lt\/produktas\/be-grimo-selmiski-prisiminimai\/\",\"name\":\"Be grimo. \u0160elmi\u0161ki prisiminimai\",\"isPartOf\":{\"@id\":\"https:\/\/skaitytaknyga.lt\/#website\"},\"primaryImageOfPage\":{\"@id\":\"https:\/\/skaitytaknyga.lt\/produktas\/be-grimo-selmiski-prisiminimai\/#primaryimage\"},\"image\":{\"@id\":\"https:\/\/skaitytaknyga.lt\/produktas\/be-grimo-selmiski-prisiminimai\/#primaryimage\"},\"thumbnailUrl\":\"https:\/\/skaitytaknyga.lt\/wp-content\/uploads\/2025\/09\/Be-grimo.-Selmiski-prisiminimai-1.webp\",\"datePublished\":\"2025-09-18T11:27:56+00:00\",\"dateModified\":\"2025-10-06T10:25:34+00:00\",\"description\":\"Teatrolog\u0117s Irenos Aleksait\u0117s prisiminimai, kuriuose ji su humoru pasakoja apie savo vaikyst\u0119 ir jaunyst\u0119 t\u0173 laik\u0173 kult\u016bros gyvenimo fone, dinami\u0161k\u0105\",\"breadcrumb\":{\"@id\":\"https:\/\/skaitytaknyga.lt\/produktas\/be-grimo-selmiski-prisiminimai\/#breadcrumb\"},\"inLanguage\":\"en-GB\",\"potentialAction\":[{\"@type\":\"ReadAction\",\"target\":[\"https:\/\/skaitytaknyga.lt\/produktas\/be-grimo-selmiski-prisiminimai\/\"]}]},{\"@type\":\"ImageObject\",\"inLanguage\":\"en-GB\",\"@id\":\"https:\/\/skaitytaknyga.lt\/produktas\/be-grimo-selmiski-prisiminimai\/#primaryimage\",\"url\":\"https:\/\/skaitytaknyga.lt\/wp-content\/uploads\/2025\/09\/Be-grimo.-Selmiski-prisiminimai-1.webp\",\"contentUrl\":\"https:\/\/skaitytaknyga.lt\/wp-content\/uploads\/2025\/09\/Be-grimo.-Selmiski-prisiminimai-1.webp\",\"width\":300,\"height\":481},{\"@type\":\"BreadcrumbList\",\"@id\":\"https:\/\/skaitytaknyga.lt\/produktas\/be-grimo-selmiski-prisiminimai\/#breadcrumb\",\"itemListElement\":[{\"@type\":\"ListItem\",\"position\":1,\"name\":\"Home\",\"item\":\"https:\/\/skaitytaknyga.lt\/\"},{\"@type\":\"ListItem\",\"position\":2,\"name\":\"Parduotuv\u0117\",\"item\":\"https:\/\/skaitytaknyga.lt\/knygu-parduotuve\/\"},{\"@type\":\"ListItem\",\"position\":3,\"name\":\"Be grimo. \u0160elmi\u0161ki prisiminimai\"}]},{\"@type\":\"WebSite\",\"@id\":\"https:\/\/skaitytaknyga.lt\/#website\",\"url\":\"https:\/\/skaitytaknyga.lt\/\",\"name\":\"skaitytaknyga.lt\",\"description\":\"Skaitytaknyga.lt \u2013 tai ma\u017eas \u0161eimos verslas, kuris prasid\u0117jo nuo meil\u0117s knygoms ir siekio i\u0161gelb\u0117ti knygas nuo likimo prie konteinerio. Kas vienam nereikalingas daiktas \u2013 kitam lobis, o mes esame tarpininkai, kurie padeda abiems tapti laimingesniems ???? \u017dinome kaip nelengva i\u0161gyventi ma\u017eiems verslams, tad nuo \u0161iol, \u010dia rasite ir kit\u0173, ma\u017e\u0173 \u0161eim\u0173 versl\u0173, rank\u0173 darbo, dovan\u0173 sau ir artimiesiems.\",\"publisher\":{\"@id\":\"https:\/\/skaitytaknyga.lt\/#organization\"},\"potentialAction\":[{\"@type\":\"SearchAction\",\"target\":{\"@type\":\"EntryPoint\",\"urlTemplate\":\"https:\/\/skaitytaknyga.lt\/?s={search_term_string}\"},\"query-input\":{\"@type\":\"PropertyValueSpecification\",\"valueRequired\":true,\"valueName\":\"search_term_string\"}}],\"inLanguage\":\"en-GB\"},{\"@type\":\"Organization\",\"@id\":\"https:\/\/skaitytaknyga.lt\/#organization\",\"name\":\"skaitytaknyga.lt\",\"url\":\"https:\/\/skaitytaknyga.lt\/\",\"logo\":{\"@type\":\"ImageObject\",\"inLanguage\":\"en-GB\",\"@id\":\"https:\/\/skaitytaknyga.lt\/#\/schema\/logo\/image\/\",\"url\":\"https:\/\/skaitytaknyga.lt\/wp-content\/uploads\/2024\/05\/cropped-cropped-cropped-02_00843_jt3bggkj1j3HLc7SyY6rEUpg.jpeg\",\"contentUrl\":\"https:\/\/skaitytaknyga.lt\/wp-content\/uploads\/2024\/05\/cropped-cropped-cropped-02_00843_jt3bggkj1j3HLc7SyY6rEUpg.jpeg\",\"width\":1600,\"height\":1600,\"caption\":\"skaitytaknyga.lt\"},\"image\":{\"@id\":\"https:\/\/skaitytaknyga.lt\/#\/schema\/logo\/image\/\"},\"sameAs\":[\"https:\/\/www.facebook.com\/skaitytaknyga\/\"]}]}<\/script>\n<!-- \/ Yoast SEO plugin. -->","yoast_head_json":{"title":"Be grimo. \u0160elmi\u0161ki prisiminimai","description":"Teatrolog\u0117s Irenos Aleksait\u0117s prisiminimai, kuriuose ji su humoru pasakoja apie savo vaikyst\u0119 ir jaunyst\u0119 t\u0173 laik\u0173 kult\u016bros gyvenimo fone, dinami\u0161k\u0105","robots":{"index":"index","follow":"follow","max-snippet":"max-snippet:-1","max-image-preview":"max-image-preview:large","max-video-preview":"max-video-preview:-1"},"canonical":"https:\/\/skaitytaknyga.lt\/en\/produktas\/be-grimo-selmiski-prisiminimai\/","og_locale":"en_GB","og_type":"article","og_title":"[:lt]Be grimo. \u0160elmi\u0161ki prisiminimai[:] - Skaitytaknyga","og_description":"Teatrolog\u0117s Irenos Aleksait\u0117s prisiminimai, kuriuose ji su humoru pasakoja apie savo vaikyst\u0119 ir jaunyst\u0119 t\u0173 laik\u0173 kult\u016bros gyvenimo fone, dinami\u0161k\u0105","og_url":"https:\/\/skaitytaknyga.lt\/en\/produktas\/be-grimo-selmiski-prisiminimai\/","og_site_name":"Skaitytaknyga","article_publisher":"https:\/\/www.facebook.com\/skaitytaknyga\/","article_modified_time":"2025-10-06T10:25:34+00:00","og_image":[{"width":300,"height":481,"url":"https:\/\/skaitytaknyga.lt\/wp-content\/uploads\/2025\/09\/Be-grimo.-Selmiski-prisiminimai-1.webp","type":"image\/webp"}],"twitter_card":"summary_large_image","twitter_misc":{"Estimated reading time":"1 minute"},"schema":{"@context":"https:\/\/schema.org","@graph":[{"@type":"WebPage","@id":"https:\/\/skaitytaknyga.lt\/produktas\/be-grimo-selmiski-prisiminimai\/","url":"https:\/\/skaitytaknyga.lt\/produktas\/be-grimo-selmiski-prisiminimai\/","name":"Be grimo. \u0160elmi\u0161ki prisiminimai","isPartOf":{"@id":"https:\/\/skaitytaknyga.lt\/#website"},"primaryImageOfPage":{"@id":"https:\/\/skaitytaknyga.lt\/produktas\/be-grimo-selmiski-prisiminimai\/#primaryimage"},"image":{"@id":"https:\/\/skaitytaknyga.lt\/produktas\/be-grimo-selmiski-prisiminimai\/#primaryimage"},"thumbnailUrl":"https:\/\/skaitytaknyga.lt\/wp-content\/uploads\/2025\/09\/Be-grimo.-Selmiski-prisiminimai-1.webp","datePublished":"2025-09-18T11:27:56+00:00","dateModified":"2025-10-06T10:25:34+00:00","description":"Teatrolog\u0117s Irenos Aleksait\u0117s prisiminimai, kuriuose ji su humoru pasakoja apie savo vaikyst\u0119 ir jaunyst\u0119 t\u0173 laik\u0173 kult\u016bros gyvenimo fone, dinami\u0161k\u0105","breadcrumb":{"@id":"https:\/\/skaitytaknyga.lt\/produktas\/be-grimo-selmiski-prisiminimai\/#breadcrumb"},"inLanguage":"en-GB","potentialAction":[{"@type":"ReadAction","target":["https:\/\/skaitytaknyga.lt\/produktas\/be-grimo-selmiski-prisiminimai\/"]}]},{"@type":"ImageObject","inLanguage":"en-GB","@id":"https:\/\/skaitytaknyga.lt\/produktas\/be-grimo-selmiski-prisiminimai\/#primaryimage","url":"https:\/\/skaitytaknyga.lt\/wp-content\/uploads\/2025\/09\/Be-grimo.-Selmiski-prisiminimai-1.webp","contentUrl":"https:\/\/skaitytaknyga.lt\/wp-content\/uploads\/2025\/09\/Be-grimo.-Selmiski-prisiminimai-1.webp","width":300,"height":481},{"@type":"BreadcrumbList","@id":"https:\/\/skaitytaknyga.lt\/produktas\/be-grimo-selmiski-prisiminimai\/#breadcrumb","itemListElement":[{"@type":"ListItem","position":1,"name":"Home","item":"https:\/\/skaitytaknyga.lt\/"},{"@type":"ListItem","position":2,"name":"Parduotuv\u0117","item":"https:\/\/skaitytaknyga.lt\/knygu-parduotuve\/"},{"@type":"ListItem","position":3,"name":"Be grimo. \u0160elmi\u0161ki prisiminimai"}]},{"@type":"WebSite","@id":"https:\/\/skaitytaknyga.lt\/#website","url":"https:\/\/skaitytaknyga.lt\/","name":"skaitytaknyga.lt","description":"Skaitytaknyga.lt \u2013 tai ma\u017eas \u0161eimos verslas, kuris prasid\u0117jo nuo meil\u0117s knygoms ir siekio i\u0161gelb\u0117ti knygas nuo likimo prie konteinerio. Kas vienam nereikalingas daiktas \u2013 kitam lobis, o mes esame tarpininkai, kurie padeda abiems tapti laimingesniems ???? \u017dinome kaip nelengva i\u0161gyventi ma\u017eiems verslams, tad nuo \u0161iol, \u010dia rasite ir kit\u0173, ma\u017e\u0173 \u0161eim\u0173 versl\u0173, rank\u0173 darbo, dovan\u0173 sau ir artimiesiems.","publisher":{"@id":"https:\/\/skaitytaknyga.lt\/#organization"},"potentialAction":[{"@type":"SearchAction","target":{"@type":"EntryPoint","urlTemplate":"https:\/\/skaitytaknyga.lt\/?s={search_term_string}"},"query-input":{"@type":"PropertyValueSpecification","valueRequired":true,"valueName":"search_term_string"}}],"inLanguage":"en-GB"},{"@type":"Organization","@id":"https:\/\/skaitytaknyga.lt\/#organization","name":"skaitytaknyga.lt","url":"https:\/\/skaitytaknyga.lt\/","logo":{"@type":"ImageObject","inLanguage":"en-GB","@id":"https:\/\/skaitytaknyga.lt\/#\/schema\/logo\/image\/","url":"https:\/\/skaitytaknyga.lt\/wp-content\/uploads\/2024\/05\/cropped-cropped-cropped-02_00843_jt3bggkj1j3HLc7SyY6rEUpg.jpeg","contentUrl":"https:\/\/skaitytaknyga.lt\/wp-content\/uploads\/2024\/05\/cropped-cropped-cropped-02_00843_jt3bggkj1j3HLc7SyY6rEUpg.jpeg","width":1600,"height":1600,"caption":"skaitytaknyga.lt"},"image":{"@id":"https:\/\/skaitytaknyga.lt\/#\/schema\/logo\/image\/"},"sameAs":["https:\/\/www.facebook.com\/skaitytaknyga\/"]}]}},"_links":{"self":[{"href":"https:\/\/skaitytaknyga.lt\/en\/wp-json\/wp\/v2\/product\/20914","targetHints":{"allow":["GET"]}}],"collection":[{"href":"https:\/\/skaitytaknyga.lt\/en\/wp-json\/wp\/v2\/product"}],"about":[{"href":"https:\/\/skaitytaknyga.lt\/en\/wp-json\/wp\/v2\/types\/product"}],"replies":[{"embeddable":true,"href":"https:\/\/skaitytaknyga.lt\/en\/wp-json\/wp\/v2\/comments?post=20914"}],"wp:featuredmedia":[{"embeddable":true,"href":"https:\/\/skaitytaknyga.lt\/en\/wp-json\/wp\/v2\/media\/20919"}],"wp:attachment":[{"href":"https:\/\/skaitytaknyga.lt\/en\/wp-json\/wp\/v2\/media?parent=20914"}],"wp:term":[{"taxonomy":"product_brand","embeddable":true,"href":"https:\/\/skaitytaknyga.lt\/en\/wp-json\/wp\/v2\/product_brand?post=20914"},{"taxonomy":"product_cat","embeddable":true,"href":"https:\/\/skaitytaknyga.lt\/en\/wp-json\/wp\/v2\/product_cat?post=20914"},{"taxonomy":"product_tag","embeddable":true,"href":"https:\/\/skaitytaknyga.lt\/en\/wp-json\/wp\/v2\/product_tag?post=20914"}],"curies":[{"name":"wp","href":"https:\/\/api.w.org\/{rel}","templated":true}]}}