{"id":20913,"date":"2025-09-18T14:27:56","date_gmt":"2025-09-18T11:27:56","guid":{"rendered":"https:\/\/skaitytaknyga.lt\/?post_type=product&#038;p=20913"},"modified":"2025-10-06T13:00:58","modified_gmt":"2025-10-06T10:00:58","slug":"pekino-dienorasciai","status":"publish","type":"product","link":"https:\/\/skaitytaknyga.lt\/en\/produktas\/pekino-dienorasciai\/","title":{"rendered":"Pekino dienora\u0161\u010diai"},"content":{"rendered":"<p>\u201eKinija daugeliui lietuvi\u0173 tiek pat egzoti\u0161ka, kiek m\u0117nulis. Tik m\u0117nul\u012f daug lengviau apra\u0161yti. Vaiva Grainyt\u0117 \u2013 pirma lietuvi\u0173 kosmonaut\u0117, i\u0161silaipinusi Kinijoje.<\/p>\n<p>Pekino dienora\u0161\u010diai \u2013 unikali knyga. Geb\u0117jimu pa\u017evelgti \u012f sve\u010di\u0105 \u0161al\u012f \u2013 Kinij\u0105 \u2013 ne turist\u0117s \u017evilgsniu, ne pro \u201eskaitmenos\u201c objektyv\u0105, ne i\u0161 u\u017e kampo. Ten gyventa, keliauta, d\u017eiaugtasi ir kamuotasi. Tai labai pastabi, talentinga ir savaip negailestinga knyga. Jokio alpulio prie\u0161 kobalto linij\u0105 ant kin\u0173 porceliano, jokios kapituliacijos prie\u0161 kar\u0161t\u012f ar nepriteklius, jokio nenoro atrodyti ir parodyti geriau nei buvo ir yra. Taikli, pagauliai u\u017era\u0161yta autentika. \u0160achas ir matas visokiems u\u017ekalniams.\u201c<\/p>\n","protected":false},"excerpt":{"rendered":"<p>\u201eKinija daugeliui lietuvi\u0173 tiek pat egzoti\u0161ka, kiek m\u0117nulis. Tik m\u0117nul\u012f daug lengviau apra\u0161yti. Vaiva Grainyt\u0117 \u2013 pirma lietuvi\u0173 kosmonaut\u0117, i\u0161silaipinusi Kinijoje. Pekino dienora\u0161\u010diai \u2013 unikali knyga. Geb\u0117jimu pa\u017evelgti \u012f sve\u010di\u0105 \u0161al\u012f \u2013 Kinij\u0105 \u2013 ne turist\u0117s \u017evilgsniu, ne pro \u201eskaitmenos\u201c objektyv\u0105, ne i\u0161 u\u017e kampo. Ten gyventa, keliauta, d\u017eiaugtasi ir kamuotasi. Tai labai pastabi, talentinga ir savaip negailestinga knyga. Jokio alpulio prie\u0161 kobalto linij\u0105 ant kin\u0173 porceliano, jokios kapituliacijos prie\u0161 kar\u0161t\u012f ar nepriteklius, jokio nenoro atrodyti ir parodyti geriau nei buvo ir yra. Taikli, pagauliai u\u017era\u0161yta autentika. \u0160achas ir matas visokiems u\u017ekalniams.\u201c<\/p>\n","protected":false},"featured_media":20918,"comment_status":"open","ping_status":"closed","template":"","meta":{"_acf_changed":false,"site-sidebar-layout":"default","site-content-layout":"","ast-site-content-layout":"default","site-content-style":"default","site-sidebar-style":"default","ast-global-header-display":"","ast-banner-title-visibility":"","ast-main-header-display":"","ast-hfb-above-header-display":"","ast-hfb-below-header-display":"","ast-hfb-mobile-header-display":"","site-post-title":"","ast-breadcrumbs-content":"","ast-featured-img":"","footer-sml-layout":"","ast-disable-related-posts":"","theme-transparent-header-meta":"","adv-header-id-meta":"","stick-header-meta":"","header-above-stick-meta":"","header-main-stick-meta":"","header-below-stick-meta":"","astra-migrate-meta-layouts":"default","ast-page-background-enabled":"default","ast-page-background-meta":{"desktop":{"background-color":"","background-image":"","background-repeat":"repeat","background-position":"center center","background-size":"auto","background-attachment":"scroll","background-type":"","background-media":"","overlay-type":"","overlay-color":"","overlay-opacity":"","overlay-gradient":""},"tablet":{"background-color":"","background-image":"","background-repeat":"repeat","background-position":"center center","background-size":"auto","background-attachment":"scroll","background-type":"","background-media":"","overlay-type":"","overlay-color":"","overlay-opacity":"","overlay-gradient":""},"mobile":{"background-color":"","background-image":"","background-repeat":"repeat","background-position":"center center","background-size":"auto","background-attachment":"scroll","background-type":"","background-media":"","overlay-type":"","overlay-color":"","overlay-opacity":"","overlay-gradient":""}},"ast-content-background-meta":{"desktop":{"background-color":"var(--ast-global-color-4)","background-image":"","background-repeat":"repeat","background-position":"center center","background-size":"auto","background-attachment":"scroll","background-type":"","background-media":"","overlay-type":"","overlay-color":"","overlay-opacity":"","overlay-gradient":""},"tablet":{"background-color":"var(--ast-global-color-4)","background-image":"","background-repeat":"repeat","background-position":"center center","background-size":"auto","background-attachment":"scroll","background-type":"","background-media":"","overlay-type":"","overlay-color":"","overlay-opacity":"","overlay-gradient":""},"mobile":{"background-color":"var(--ast-global-color-4)","background-image":"","background-repeat":"repeat","background-position":"center center","background-size":"auto","background-attachment":"scroll","background-type":"","background-media":"","overlay-type":"","overlay-color":"","overlay-opacity":"","overlay-gradient":""}}},"product_brand":[],"product_cat":[31,15],"product_tag":[8561,1445,5687,8562,2376,3297,4427,8560],"class_list":{"0":"post-20913","1":"product","2":"type-product","3":"status-publish","4":"has-post-thumbnail","6":"product_cat-grozine-literatura","7":"product_cat-uncategorized","8":"product_tag-autentiskas-ispudis","9":"product_tag-keliones","10":"product_tag-kinija","11":"product_tag-kosmonautika","12":"product_tag-kultura","13":"product_tag-patirtis","14":"product_tag-pazinimas","15":"product_tag-vaiva-grainyte","16":"desktop-align-left","17":"tablet-align-left","18":"mobile-align-left","20":"first","21":"instock","22":"shipping-taxable","23":"purchasable","24":"product-type-simple"},"acf":[],"yoast_head":"<!-- This site is optimized with the Yoast SEO plugin v27.0 - https:\/\/yoast.com\/product\/yoast-seo-wordpress\/ -->\n<title>Pekino dienora\u0161\u010diai<\/title>\n<meta name=\"description\" content=\"\u201eKinija daugeliui lietuvi\u0173 tiek pat egzoti\u0161ka, kiek m\u0117nulis. Tik m\u0117nul\u012f daug lengviau apra\u0161yti. Vaiva Grainyt\u0117 \u2013 pirma lietuvi\u0173 kosmonaut\u0117, i\u0161silaipinusi\" \/>\n<meta name=\"robots\" content=\"index, follow, max-snippet:-1, max-image-preview:large, max-video-preview:-1\" \/>\n<link rel=\"canonical\" href=\"https:\/\/skaitytaknyga.lt\/en\/produktas\/pekino-dienorasciai\/\" \/>\n<meta property=\"og:locale\" content=\"en_GB\" \/>\n<meta property=\"og:locale:alternate\" content=\"lt_LT\" \/>\n<meta property=\"og:type\" content=\"article\" \/>\n<meta property=\"og:title\" content=\"Pekino dienora\u0161\u010diai\" \/>\n<meta property=\"og:description\" content=\"\u201eKinija daugeliui lietuvi\u0173 tiek pat egzoti\u0161ka, kiek m\u0117nulis. Tik m\u0117nul\u012f daug lengviau apra\u0161yti. Vaiva Grainyt\u0117 \u2013 pirma lietuvi\u0173 kosmonaut\u0117, i\u0161silaipinusi\" \/>\n<meta property=\"og:url\" content=\"https:\/\/skaitytaknyga.lt\/en\/produktas\/pekino-dienorasciai\/\" \/>\n<meta property=\"og:site_name\" content=\"Skaitytaknyga\" \/>\n<meta property=\"article:publisher\" content=\"https:\/\/www.facebook.com\/skaitytaknyga\/\" \/>\n<meta property=\"article:modified_time\" content=\"2025-10-06T10:00:58+00:00\" \/>\n<meta property=\"og:image\" content=\"https:\/\/skaitytaknyga.lt\/wp-content\/uploads\/2025\/09\/Pekino-dienorasciai-1.webp\" \/>\n\t<meta property=\"og:image:width\" content=\"300\" \/>\n\t<meta property=\"og:image:height\" content=\"449\" \/>\n\t<meta property=\"og:image:type\" content=\"image\/webp\" \/>\n<meta name=\"twitter:card\" content=\"summary_large_image\" \/>\n<meta name=\"twitter:label1\" content=\"Estimated reading time\" \/>\n\t<meta name=\"twitter:data1\" content=\"1 minute\" \/>\n<script type=\"application\/ld+json\" class=\"yoast-schema-graph\">{\"@context\":\"https:\/\/schema.org\",\"@graph\":[{\"@type\":\"WebPage\",\"@id\":\"https:\/\/skaitytaknyga.lt\/produktas\/pekino-dienorasciai\/\",\"url\":\"https:\/\/skaitytaknyga.lt\/produktas\/pekino-dienorasciai\/\",\"name\":\"Pekino dienora\u0161\u010diai\",\"isPartOf\":{\"@id\":\"https:\/\/skaitytaknyga.lt\/#website\"},\"primaryImageOfPage\":{\"@id\":\"https:\/\/skaitytaknyga.lt\/produktas\/pekino-dienorasciai\/#primaryimage\"},\"image\":{\"@id\":\"https:\/\/skaitytaknyga.lt\/produktas\/pekino-dienorasciai\/#primaryimage\"},\"thumbnailUrl\":\"https:\/\/skaitytaknyga.lt\/wp-content\/uploads\/2025\/09\/Pekino-dienorasciai-1.webp\",\"datePublished\":\"2025-09-18T11:27:56+00:00\",\"dateModified\":\"2025-10-06T10:00:58+00:00\",\"description\":\"\u201eKinija daugeliui lietuvi\u0173 tiek pat egzoti\u0161ka, kiek m\u0117nulis. Tik m\u0117nul\u012f daug lengviau apra\u0161yti. Vaiva Grainyt\u0117 \u2013 pirma lietuvi\u0173 kosmonaut\u0117, i\u0161silaipinusi\",\"breadcrumb\":{\"@id\":\"https:\/\/skaitytaknyga.lt\/produktas\/pekino-dienorasciai\/#breadcrumb\"},\"inLanguage\":\"en-GB\",\"potentialAction\":[{\"@type\":\"ReadAction\",\"target\":[\"https:\/\/skaitytaknyga.lt\/produktas\/pekino-dienorasciai\/\"]}]},{\"@type\":\"ImageObject\",\"inLanguage\":\"en-GB\",\"@id\":\"https:\/\/skaitytaknyga.lt\/produktas\/pekino-dienorasciai\/#primaryimage\",\"url\":\"https:\/\/skaitytaknyga.lt\/wp-content\/uploads\/2025\/09\/Pekino-dienorasciai-1.webp\",\"contentUrl\":\"https:\/\/skaitytaknyga.lt\/wp-content\/uploads\/2025\/09\/Pekino-dienorasciai-1.webp\",\"width\":300,\"height\":449,\"caption\":\"Pekino dienora\u0161\u010diai\"},{\"@type\":\"BreadcrumbList\",\"@id\":\"https:\/\/skaitytaknyga.lt\/produktas\/pekino-dienorasciai\/#breadcrumb\",\"itemListElement\":[{\"@type\":\"ListItem\",\"position\":1,\"name\":\"Home\",\"item\":\"https:\/\/skaitytaknyga.lt\/\"},{\"@type\":\"ListItem\",\"position\":2,\"name\":\"Parduotuv\u0117\",\"item\":\"https:\/\/skaitytaknyga.lt\/knygu-parduotuve\/\"},{\"@type\":\"ListItem\",\"position\":3,\"name\":\"Pekino dienora\u0161\u010diai\"}]},{\"@type\":\"WebSite\",\"@id\":\"https:\/\/skaitytaknyga.lt\/#website\",\"url\":\"https:\/\/skaitytaknyga.lt\/\",\"name\":\"skaitytaknyga.lt\",\"description\":\"Skaitytaknyga.lt \u2013 tai ma\u017eas \u0161eimos verslas, kuris prasid\u0117jo nuo meil\u0117s knygoms ir siekio i\u0161gelb\u0117ti knygas nuo likimo prie konteinerio. Kas vienam nereikalingas daiktas \u2013 kitam lobis, o mes esame tarpininkai, kurie padeda abiems tapti laimingesniems ???? \u017dinome kaip nelengva i\u0161gyventi ma\u017eiems verslams, tad nuo \u0161iol, \u010dia rasite ir kit\u0173, ma\u017e\u0173 \u0161eim\u0173 versl\u0173, rank\u0173 darbo, dovan\u0173 sau ir artimiesiems.\",\"publisher\":{\"@id\":\"https:\/\/skaitytaknyga.lt\/#organization\"},\"potentialAction\":[{\"@type\":\"SearchAction\",\"target\":{\"@type\":\"EntryPoint\",\"urlTemplate\":\"https:\/\/skaitytaknyga.lt\/?s={search_term_string}\"},\"query-input\":{\"@type\":\"PropertyValueSpecification\",\"valueRequired\":true,\"valueName\":\"search_term_string\"}}],\"inLanguage\":\"en-GB\"},{\"@type\":\"Organization\",\"@id\":\"https:\/\/skaitytaknyga.lt\/#organization\",\"name\":\"skaitytaknyga.lt\",\"url\":\"https:\/\/skaitytaknyga.lt\/\",\"logo\":{\"@type\":\"ImageObject\",\"inLanguage\":\"en-GB\",\"@id\":\"https:\/\/skaitytaknyga.lt\/#\/schema\/logo\/image\/\",\"url\":\"https:\/\/skaitytaknyga.lt\/wp-content\/uploads\/2024\/05\/cropped-cropped-cropped-02_00843_jt3bggkj1j3HLc7SyY6rEUpg.jpeg\",\"contentUrl\":\"https:\/\/skaitytaknyga.lt\/wp-content\/uploads\/2024\/05\/cropped-cropped-cropped-02_00843_jt3bggkj1j3HLc7SyY6rEUpg.jpeg\",\"width\":1600,\"height\":1600,\"caption\":\"skaitytaknyga.lt\"},\"image\":{\"@id\":\"https:\/\/skaitytaknyga.lt\/#\/schema\/logo\/image\/\"},\"sameAs\":[\"https:\/\/www.facebook.com\/skaitytaknyga\/\"]}]}<\/script>\n<!-- \/ Yoast SEO plugin. -->","yoast_head_json":{"title":"Pekino dienora\u0161\u010diai","description":"\u201eKinija daugeliui lietuvi\u0173 tiek pat egzoti\u0161ka, kiek m\u0117nulis. Tik m\u0117nul\u012f daug lengviau apra\u0161yti. Vaiva Grainyt\u0117 \u2013 pirma lietuvi\u0173 kosmonaut\u0117, i\u0161silaipinusi","robots":{"index":"index","follow":"follow","max-snippet":"max-snippet:-1","max-image-preview":"max-image-preview:large","max-video-preview":"max-video-preview:-1"},"canonical":"https:\/\/skaitytaknyga.lt\/en\/produktas\/pekino-dienorasciai\/","og_locale":"en_GB","og_type":"article","og_title":"[:lt]Pekino dienora\u0161\u010diai[:] - Skaitytaknyga","og_description":"\u201eKinija daugeliui lietuvi\u0173 tiek pat egzoti\u0161ka, kiek m\u0117nulis. Tik m\u0117nul\u012f daug lengviau apra\u0161yti. Vaiva Grainyt\u0117 \u2013 pirma lietuvi\u0173 kosmonaut\u0117, i\u0161silaipinusi","og_url":"https:\/\/skaitytaknyga.lt\/en\/produktas\/pekino-dienorasciai\/","og_site_name":"Skaitytaknyga","article_publisher":"https:\/\/www.facebook.com\/skaitytaknyga\/","article_modified_time":"2025-10-06T10:00:58+00:00","og_image":[{"width":300,"height":449,"url":"https:\/\/skaitytaknyga.lt\/wp-content\/uploads\/2025\/09\/Pekino-dienorasciai-1.webp","type":"image\/webp"}],"twitter_card":"summary_large_image","twitter_misc":{"Estimated reading time":"1 minute"},"schema":{"@context":"https:\/\/schema.org","@graph":[{"@type":"WebPage","@id":"https:\/\/skaitytaknyga.lt\/produktas\/pekino-dienorasciai\/","url":"https:\/\/skaitytaknyga.lt\/produktas\/pekino-dienorasciai\/","name":"Pekino dienora\u0161\u010diai","isPartOf":{"@id":"https:\/\/skaitytaknyga.lt\/#website"},"primaryImageOfPage":{"@id":"https:\/\/skaitytaknyga.lt\/produktas\/pekino-dienorasciai\/#primaryimage"},"image":{"@id":"https:\/\/skaitytaknyga.lt\/produktas\/pekino-dienorasciai\/#primaryimage"},"thumbnailUrl":"https:\/\/skaitytaknyga.lt\/wp-content\/uploads\/2025\/09\/Pekino-dienorasciai-1.webp","datePublished":"2025-09-18T11:27:56+00:00","dateModified":"2025-10-06T10:00:58+00:00","description":"\u201eKinija daugeliui lietuvi\u0173 tiek pat egzoti\u0161ka, kiek m\u0117nulis. Tik m\u0117nul\u012f daug lengviau apra\u0161yti. Vaiva Grainyt\u0117 \u2013 pirma lietuvi\u0173 kosmonaut\u0117, i\u0161silaipinusi","breadcrumb":{"@id":"https:\/\/skaitytaknyga.lt\/produktas\/pekino-dienorasciai\/#breadcrumb"},"inLanguage":"en-GB","potentialAction":[{"@type":"ReadAction","target":["https:\/\/skaitytaknyga.lt\/produktas\/pekino-dienorasciai\/"]}]},{"@type":"ImageObject","inLanguage":"en-GB","@id":"https:\/\/skaitytaknyga.lt\/produktas\/pekino-dienorasciai\/#primaryimage","url":"https:\/\/skaitytaknyga.lt\/wp-content\/uploads\/2025\/09\/Pekino-dienorasciai-1.webp","contentUrl":"https:\/\/skaitytaknyga.lt\/wp-content\/uploads\/2025\/09\/Pekino-dienorasciai-1.webp","width":300,"height":449,"caption":"Pekino dienora\u0161\u010diai"},{"@type":"BreadcrumbList","@id":"https:\/\/skaitytaknyga.lt\/produktas\/pekino-dienorasciai\/#breadcrumb","itemListElement":[{"@type":"ListItem","position":1,"name":"Home","item":"https:\/\/skaitytaknyga.lt\/"},{"@type":"ListItem","position":2,"name":"Parduotuv\u0117","item":"https:\/\/skaitytaknyga.lt\/knygu-parduotuve\/"},{"@type":"ListItem","position":3,"name":"Pekino dienora\u0161\u010diai"}]},{"@type":"WebSite","@id":"https:\/\/skaitytaknyga.lt\/#website","url":"https:\/\/skaitytaknyga.lt\/","name":"skaitytaknyga.lt","description":"Skaitytaknyga.lt \u2013 tai ma\u017eas \u0161eimos verslas, kuris prasid\u0117jo nuo meil\u0117s knygoms ir siekio i\u0161gelb\u0117ti knygas nuo likimo prie konteinerio. Kas vienam nereikalingas daiktas \u2013 kitam lobis, o mes esame tarpininkai, kurie padeda abiems tapti laimingesniems ???? \u017dinome kaip nelengva i\u0161gyventi ma\u017eiems verslams, tad nuo \u0161iol, \u010dia rasite ir kit\u0173, ma\u017e\u0173 \u0161eim\u0173 versl\u0173, rank\u0173 darbo, dovan\u0173 sau ir artimiesiems.","publisher":{"@id":"https:\/\/skaitytaknyga.lt\/#organization"},"potentialAction":[{"@type":"SearchAction","target":{"@type":"EntryPoint","urlTemplate":"https:\/\/skaitytaknyga.lt\/?s={search_term_string}"},"query-input":{"@type":"PropertyValueSpecification","valueRequired":true,"valueName":"search_term_string"}}],"inLanguage":"en-GB"},{"@type":"Organization","@id":"https:\/\/skaitytaknyga.lt\/#organization","name":"skaitytaknyga.lt","url":"https:\/\/skaitytaknyga.lt\/","logo":{"@type":"ImageObject","inLanguage":"en-GB","@id":"https:\/\/skaitytaknyga.lt\/#\/schema\/logo\/image\/","url":"https:\/\/skaitytaknyga.lt\/wp-content\/uploads\/2024\/05\/cropped-cropped-cropped-02_00843_jt3bggkj1j3HLc7SyY6rEUpg.jpeg","contentUrl":"https:\/\/skaitytaknyga.lt\/wp-content\/uploads\/2024\/05\/cropped-cropped-cropped-02_00843_jt3bggkj1j3HLc7SyY6rEUpg.jpeg","width":1600,"height":1600,"caption":"skaitytaknyga.lt"},"image":{"@id":"https:\/\/skaitytaknyga.lt\/#\/schema\/logo\/image\/"},"sameAs":["https:\/\/www.facebook.com\/skaitytaknyga\/"]}]}},"_links":{"self":[{"href":"https:\/\/skaitytaknyga.lt\/en\/wp-json\/wp\/v2\/product\/20913","targetHints":{"allow":["GET"]}}],"collection":[{"href":"https:\/\/skaitytaknyga.lt\/en\/wp-json\/wp\/v2\/product"}],"about":[{"href":"https:\/\/skaitytaknyga.lt\/en\/wp-json\/wp\/v2\/types\/product"}],"replies":[{"embeddable":true,"href":"https:\/\/skaitytaknyga.lt\/en\/wp-json\/wp\/v2\/comments?post=20913"}],"wp:featuredmedia":[{"embeddable":true,"href":"https:\/\/skaitytaknyga.lt\/en\/wp-json\/wp\/v2\/media\/20918"}],"wp:attachment":[{"href":"https:\/\/skaitytaknyga.lt\/en\/wp-json\/wp\/v2\/media?parent=20913"}],"wp:term":[{"taxonomy":"product_brand","embeddable":true,"href":"https:\/\/skaitytaknyga.lt\/en\/wp-json\/wp\/v2\/product_brand?post=20913"},{"taxonomy":"product_cat","embeddable":true,"href":"https:\/\/skaitytaknyga.lt\/en\/wp-json\/wp\/v2\/product_cat?post=20913"},{"taxonomy":"product_tag","embeddable":true,"href":"https:\/\/skaitytaknyga.lt\/en\/wp-json\/wp\/v2\/product_tag?post=20913"}],"curies":[{"name":"wp","href":"https:\/\/api.w.org\/{rel}","templated":true}]}}