{"id":20911,"date":"2025-09-18T14:27:56","date_gmt":"2025-09-18T11:27:56","guid":{"rendered":"https:\/\/skaitytaknyga.lt\/?post_type=product&#038;p=20911"},"modified":"2025-10-17T19:14:20","modified_gmt":"2025-10-17T16:14:20","slug":"karaliaus-saliamono-baimes","status":"publish","type":"product","link":"https:\/\/skaitytaknyga.lt\/en\/produktas\/karaliaus-saliamono-baimes\/","title":{"rendered":"Karaliaus Saliamono baim\u0117s"},"content":{"rendered":"<p>Dvide\u0161imt penkeri\u0173 \u017danas dirba taksistu Pary\u017eiuje. Jei b\u016bt\u0173 tur\u0117j\u0119s galimyb\u0119 siekti mokslo, b\u016bt\u0173 nema\u017eai nuveik\u0119s, deja, nebuvo s\u0105lyg\u0173. Ta\u010diau \u017danas pasi\u017eymi atvira siela ir gera \u0161irdimi. Vien\u0105 dien\u0105 \u012f jo automobil\u012f \u012flipa a\u0161tuoniasde\u0161imtmetis Saliamonas Rubin\u0161teinas \u2013 nemenkus turtus susikrov\u0119s buv\u0119s siuv\u0117jas, \u201ekelni\u0173 karalius&#8221;. Nors juodu skiria didelis am\u017eiaus skirtumas, \u017danas ir Saliamonas susidraugauja.<\/p>\n<p>Holokaust\u0105 i\u0161gyven\u0119s Saliamonas stengiasi pad\u0117ti apleistiems, vieni\u0161iems, bej\u0117giams \u017emon\u0117ms. Jis yra \u012fk\u016br\u0119s psichologin\u0117s pagalbos centr\u0105 ir pasi\u016blo \u017danui tapti savoti\u0161ku \u201eSOS savanoriu&#8221; \u2013 siun\u010dia j\u012f \u012f misijas pas nevilties apimtus \u017emones. Vien\u0105 ryt\u0105 Saliamonas papra\u0161o \u017dano nuva\u017eiuoti pas Kor\u0105 Lamener, vis\u0173 u\u017emir\u0161t\u0105 buvusi\u0105 \u0161ansono \u017evaig\u017ed\u0119. Tai moteris, kuri\u0105 Saliamonas kadaise myl\u0117jo. Kora v\u0117l atranda j\u0117g\u0173 svajoti ir siekia i\u0161 \u017dano padaryti kino \u017evaig\u017ed\u0119.<\/p>\n<p>Literat\u016bros kritikai Saliamon\u0105 tapatina su pa\u010diu Gary \u2013 juos sieja baim\u0117 pasenti ir tapti niekam nereikalingiems.<\/p>\n<p>Tai vienas paskutini\u0173 Romaino Gary roman\u0173, i\u0161leistas 1979 metais \u00c9milio Ajaro slapyvard\u017eiu.<\/p>\n","protected":false},"excerpt":{"rendered":"<p>Dvide\u0161imt penkeri\u0173 \u017danas dirba taksistu Pary\u017eiuje. Jei b\u016bt\u0173 tur\u0117j\u0119s galimyb\u0119 siekti mokslo, b\u016bt\u0173 nema\u017eai nuveik\u0119s, deja, nebuvo s\u0105lyg\u0173. Ta\u010diau \u017danas pasi\u017eymi atvira siela ir gera \u0161irdimi. Vien\u0105 dien\u0105 \u012f jo automobil\u012f \u012flipa a\u0161tuoniasde\u0161imtmetis Saliamonas Rubin\u0161teinas \u2013 nemenkus turtus susikrov\u0119s buv\u0119s siuv\u0117jas, \u201ekelni\u0173 karalius&#8221;. Nors juodu skiria didelis am\u017eiaus skirtumas, \u017danas ir Saliamonas susidraugauja. Holokaust\u0105 i\u0161gyven\u0119s Saliamonas stengiasi pad\u0117ti apleistiems, vieni\u0161iems, bej\u0117giams \u017emon\u0117ms. Jis yra \u012fk\u016br\u0119s psichologin\u0117s pagalbos centr\u0105 ir pasi\u016blo \u017danui tapti savoti\u0161ku \u201eSOS savanoriu&#8221; \u2013 siun\u010dia j\u012f \u012f misijas pas nevilties apimtus \u017emones. Vien\u0105 ryt\u0105 Saliamonas papra\u0161o \u017dano nuva\u017eiuoti pas Kor\u0105 Lamener, vis\u0173 u\u017emir\u0161t\u0105 buvusi\u0105 \u0161ansono \u017evaig\u017ed\u0119. Tai moteris, kuri\u0105 Saliamonas kadaise myl\u0117jo. Kora v\u0117l atranda j\u0117g\u0173 svajoti ir siekia i\u0161 \u017dano padaryti kino \u017evaig\u017ed\u0119. Literat\u016bros kritikai Saliamon\u0105 tapatina su pa\u010diu Gary \u2013 juos sieja baim\u0117 pasenti ir tapti niekam nereikalingiems. Tai vienas paskutini\u0173 Romaino Gary roman\u0173, i\u0161leistas 1979 metais \u00c9milio Ajaro slapyvard\u017eiu.<\/p>\n","protected":false},"featured_media":20916,"comment_status":"open","ping_status":"closed","template":"","meta":{"_acf_changed":false,"site-sidebar-layout":"default","site-content-layout":"","ast-site-content-layout":"default","site-content-style":"default","site-sidebar-style":"default","ast-global-header-display":"","ast-banner-title-visibility":"","ast-main-header-display":"","ast-hfb-above-header-display":"","ast-hfb-below-header-display":"","ast-hfb-mobile-header-display":"","site-post-title":"","ast-breadcrumbs-content":"","ast-featured-img":"","footer-sml-layout":"","ast-disable-related-posts":"","theme-transparent-header-meta":"","adv-header-id-meta":"","stick-header-meta":"","header-above-stick-meta":"","header-main-stick-meta":"","header-below-stick-meta":"","astra-migrate-meta-layouts":"default","ast-page-background-enabled":"default","ast-page-background-meta":{"desktop":{"background-color":"","background-image":"","background-repeat":"repeat","background-position":"center center","background-size":"auto","background-attachment":"scroll","background-type":"","background-media":"","overlay-type":"","overlay-color":"","overlay-opacity":"","overlay-gradient":""},"tablet":{"background-color":"","background-image":"","background-repeat":"repeat","background-position":"center center","background-size":"auto","background-attachment":"scroll","background-type":"","background-media":"","overlay-type":"","overlay-color":"","overlay-opacity":"","overlay-gradient":""},"mobile":{"background-color":"","background-image":"","background-repeat":"repeat","background-position":"center center","background-size":"auto","background-attachment":"scroll","background-type":"","background-media":"","overlay-type":"","overlay-color":"","overlay-opacity":"","overlay-gradient":""}},"ast-content-background-meta":{"desktop":{"background-color":"var(--ast-global-color-4)","background-image":"","background-repeat":"repeat","background-position":"center center","background-size":"auto","background-attachment":"scroll","background-type":"","background-media":"","overlay-type":"","overlay-color":"","overlay-opacity":"","overlay-gradient":""},"tablet":{"background-color":"var(--ast-global-color-4)","background-image":"","background-repeat":"repeat","background-position":"center center","background-size":"auto","background-attachment":"scroll","background-type":"","background-media":"","overlay-type":"","overlay-color":"","overlay-opacity":"","overlay-gradient":""},"mobile":{"background-color":"var(--ast-global-color-4)","background-image":"","background-repeat":"repeat","background-position":"center center","background-size":"auto","background-attachment":"scroll","background-type":"","background-media":"","overlay-type":"","overlay-color":"","overlay-opacity":"","overlay-gradient":""}}},"product_brand":[],"product_cat":[31],"product_tag":[8554,1647,2734,3705,3232,1492,1764,8555,7039,2750],"class_list":{"0":"post-20911","1":"product","2":"type-product","3":"status-publish","4":"has-post-thumbnail","6":"product_cat-grozine-literatura","7":"product_tag-amziaus-skirtumas","8":"product_tag-draugyste","9":"product_tag-gyvenimo-issukiai","10":"product_tag-holokaustas","11":"product_tag-kino-zvaigzde","12":"product_tag-literatura","13":"product_tag-paryzius","14":"product_tag-psichologine-pagalba","15":"product_tag-romain-gary","16":"product_tag-vienisumas","17":"desktop-align-left","18":"tablet-align-left","19":"mobile-align-left","21":"first","22":"instock","23":"shipping-taxable","24":"purchasable","25":"product-type-simple"},"acf":[],"yoast_head":"<!-- This site is optimized with the Yoast SEO plugin v27.0 - https:\/\/yoast.com\/product\/yoast-seo-wordpress\/ -->\n<title>Karaliaus Saliamono baim\u0117s<\/title>\n<meta name=\"description\" content=\"Dvide\u0161imt penkeri\u0173 \u017danas dirba taksistu Pary\u017eiuje. Jei b\u016bt\u0173 tur\u0117j\u0119s galimyb\u0119 siekti mokslo, b\u016bt\u0173 nema\u017eai nuveik\u0119s, deja, nebuvo s\u0105lyg\u0173. Ta\u010diau \u017danas\" \/>\n<meta name=\"robots\" content=\"index, follow, max-snippet:-1, max-image-preview:large, max-video-preview:-1\" \/>\n<link rel=\"canonical\" href=\"https:\/\/skaitytaknyga.lt\/en\/produktas\/karaliaus-saliamono-baimes\/\" \/>\n<meta property=\"og:locale\" content=\"en_GB\" \/>\n<meta property=\"og:locale:alternate\" content=\"lt_LT\" \/>\n<meta property=\"og:type\" content=\"article\" \/>\n<meta property=\"og:title\" content=\"Karaliaus Saliamono baim\u0117s\" \/>\n<meta property=\"og:description\" content=\"Dvide\u0161imt penkeri\u0173 \u017danas dirba taksistu Pary\u017eiuje. Jei b\u016bt\u0173 tur\u0117j\u0119s galimyb\u0119 siekti mokslo, b\u016bt\u0173 nema\u017eai nuveik\u0119s, deja, nebuvo s\u0105lyg\u0173. Ta\u010diau \u017danas\" \/>\n<meta property=\"og:url\" content=\"https:\/\/skaitytaknyga.lt\/en\/produktas\/karaliaus-saliamono-baimes\/\" \/>\n<meta property=\"og:site_name\" content=\"Skaitytaknyga\" \/>\n<meta property=\"article:publisher\" content=\"https:\/\/www.facebook.com\/skaitytaknyga\/\" \/>\n<meta property=\"article:modified_time\" content=\"2025-10-17T16:14:20+00:00\" \/>\n<meta property=\"og:image\" content=\"https:\/\/skaitytaknyga.lt\/wp-content\/uploads\/2025\/09\/Karaliaus-Saliamono-baimes-1.webp\" \/>\n\t<meta property=\"og:image:width\" content=\"300\" \/>\n\t<meta property=\"og:image:height\" content=\"444\" \/>\n\t<meta property=\"og:image:type\" content=\"image\/webp\" \/>\n<meta name=\"twitter:card\" content=\"summary_large_image\" \/>\n<meta name=\"twitter:label1\" content=\"Estimated reading time\" \/>\n\t<meta name=\"twitter:data1\" content=\"1 minute\" \/>\n<script type=\"application\/ld+json\" class=\"yoast-schema-graph\">{\"@context\":\"https:\/\/schema.org\",\"@graph\":[{\"@type\":\"WebPage\",\"@id\":\"https:\/\/skaitytaknyga.lt\/produktas\/karaliaus-saliamono-baimes\/\",\"url\":\"https:\/\/skaitytaknyga.lt\/produktas\/karaliaus-saliamono-baimes\/\",\"name\":\"Karaliaus Saliamono baim\u0117s\",\"isPartOf\":{\"@id\":\"https:\/\/skaitytaknyga.lt\/#website\"},\"primaryImageOfPage\":{\"@id\":\"https:\/\/skaitytaknyga.lt\/produktas\/karaliaus-saliamono-baimes\/#primaryimage\"},\"image\":{\"@id\":\"https:\/\/skaitytaknyga.lt\/produktas\/karaliaus-saliamono-baimes\/#primaryimage\"},\"thumbnailUrl\":\"https:\/\/skaitytaknyga.lt\/wp-content\/uploads\/2025\/09\/Karaliaus-Saliamono-baimes-1.webp\",\"datePublished\":\"2025-09-18T11:27:56+00:00\",\"dateModified\":\"2025-10-17T16:14:20+00:00\",\"description\":\"Dvide\u0161imt penkeri\u0173 \u017danas dirba taksistu Pary\u017eiuje. Jei b\u016bt\u0173 tur\u0117j\u0119s galimyb\u0119 siekti mokslo, b\u016bt\u0173 nema\u017eai nuveik\u0119s, deja, nebuvo s\u0105lyg\u0173. Ta\u010diau \u017danas\",\"breadcrumb\":{\"@id\":\"https:\/\/skaitytaknyga.lt\/produktas\/karaliaus-saliamono-baimes\/#breadcrumb\"},\"inLanguage\":\"en-GB\",\"potentialAction\":[{\"@type\":\"ReadAction\",\"target\":[\"https:\/\/skaitytaknyga.lt\/produktas\/karaliaus-saliamono-baimes\/\"]}]},{\"@type\":\"ImageObject\",\"inLanguage\":\"en-GB\",\"@id\":\"https:\/\/skaitytaknyga.lt\/produktas\/karaliaus-saliamono-baimes\/#primaryimage\",\"url\":\"https:\/\/skaitytaknyga.lt\/wp-content\/uploads\/2025\/09\/Karaliaus-Saliamono-baimes-1.webp\",\"contentUrl\":\"https:\/\/skaitytaknyga.lt\/wp-content\/uploads\/2025\/09\/Karaliaus-Saliamono-baimes-1.webp\",\"width\":300,\"height\":444},{\"@type\":\"BreadcrumbList\",\"@id\":\"https:\/\/skaitytaknyga.lt\/produktas\/karaliaus-saliamono-baimes\/#breadcrumb\",\"itemListElement\":[{\"@type\":\"ListItem\",\"position\":1,\"name\":\"Home\",\"item\":\"https:\/\/skaitytaknyga.lt\/\"},{\"@type\":\"ListItem\",\"position\":2,\"name\":\"Parduotuv\u0117\",\"item\":\"https:\/\/skaitytaknyga.lt\/knygu-parduotuve\/\"},{\"@type\":\"ListItem\",\"position\":3,\"name\":\"Karaliaus Saliamono baim\u0117s\"}]},{\"@type\":\"WebSite\",\"@id\":\"https:\/\/skaitytaknyga.lt\/#website\",\"url\":\"https:\/\/skaitytaknyga.lt\/\",\"name\":\"skaitytaknyga.lt\",\"description\":\"Skaitytaknyga.lt \u2013 tai ma\u017eas \u0161eimos verslas, kuris prasid\u0117jo nuo meil\u0117s knygoms ir siekio i\u0161gelb\u0117ti knygas nuo likimo prie konteinerio. Kas vienam nereikalingas daiktas \u2013 kitam lobis, o mes esame tarpininkai, kurie padeda abiems tapti laimingesniems ???? \u017dinome kaip nelengva i\u0161gyventi ma\u017eiems verslams, tad nuo \u0161iol, \u010dia rasite ir kit\u0173, ma\u017e\u0173 \u0161eim\u0173 versl\u0173, rank\u0173 darbo, dovan\u0173 sau ir artimiesiems.\",\"publisher\":{\"@id\":\"https:\/\/skaitytaknyga.lt\/#organization\"},\"potentialAction\":[{\"@type\":\"SearchAction\",\"target\":{\"@type\":\"EntryPoint\",\"urlTemplate\":\"https:\/\/skaitytaknyga.lt\/?s={search_term_string}\"},\"query-input\":{\"@type\":\"PropertyValueSpecification\",\"valueRequired\":true,\"valueName\":\"search_term_string\"}}],\"inLanguage\":\"en-GB\"},{\"@type\":\"Organization\",\"@id\":\"https:\/\/skaitytaknyga.lt\/#organization\",\"name\":\"skaitytaknyga.lt\",\"url\":\"https:\/\/skaitytaknyga.lt\/\",\"logo\":{\"@type\":\"ImageObject\",\"inLanguage\":\"en-GB\",\"@id\":\"https:\/\/skaitytaknyga.lt\/#\/schema\/logo\/image\/\",\"url\":\"https:\/\/skaitytaknyga.lt\/wp-content\/uploads\/2024\/05\/cropped-cropped-cropped-02_00843_jt3bggkj1j3HLc7SyY6rEUpg.jpeg\",\"contentUrl\":\"https:\/\/skaitytaknyga.lt\/wp-content\/uploads\/2024\/05\/cropped-cropped-cropped-02_00843_jt3bggkj1j3HLc7SyY6rEUpg.jpeg\",\"width\":1600,\"height\":1600,\"caption\":\"skaitytaknyga.lt\"},\"image\":{\"@id\":\"https:\/\/skaitytaknyga.lt\/#\/schema\/logo\/image\/\"},\"sameAs\":[\"https:\/\/www.facebook.com\/skaitytaknyga\/\"]}]}<\/script>\n<!-- \/ Yoast SEO plugin. -->","yoast_head_json":{"title":"Karaliaus Saliamono baim\u0117s","description":"Dvide\u0161imt penkeri\u0173 \u017danas dirba taksistu Pary\u017eiuje. Jei b\u016bt\u0173 tur\u0117j\u0119s galimyb\u0119 siekti mokslo, b\u016bt\u0173 nema\u017eai nuveik\u0119s, deja, nebuvo s\u0105lyg\u0173. Ta\u010diau \u017danas","robots":{"index":"index","follow":"follow","max-snippet":"max-snippet:-1","max-image-preview":"max-image-preview:large","max-video-preview":"max-video-preview:-1"},"canonical":"https:\/\/skaitytaknyga.lt\/en\/produktas\/karaliaus-saliamono-baimes\/","og_locale":"en_GB","og_type":"article","og_title":"[:lt]Karaliaus Saliamono baim\u0117s[:] - Skaitytaknyga","og_description":"Dvide\u0161imt penkeri\u0173 \u017danas dirba taksistu Pary\u017eiuje. Jei b\u016bt\u0173 tur\u0117j\u0119s galimyb\u0119 siekti mokslo, b\u016bt\u0173 nema\u017eai nuveik\u0119s, deja, nebuvo s\u0105lyg\u0173. Ta\u010diau \u017danas","og_url":"https:\/\/skaitytaknyga.lt\/en\/produktas\/karaliaus-saliamono-baimes\/","og_site_name":"Skaitytaknyga","article_publisher":"https:\/\/www.facebook.com\/skaitytaknyga\/","article_modified_time":"2025-10-17T16:14:20+00:00","og_image":[{"width":300,"height":444,"url":"https:\/\/skaitytaknyga.lt\/wp-content\/uploads\/2025\/09\/Karaliaus-Saliamono-baimes-1.webp","type":"image\/webp"}],"twitter_card":"summary_large_image","twitter_misc":{"Estimated reading time":"1 minute"},"schema":{"@context":"https:\/\/schema.org","@graph":[{"@type":"WebPage","@id":"https:\/\/skaitytaknyga.lt\/produktas\/karaliaus-saliamono-baimes\/","url":"https:\/\/skaitytaknyga.lt\/produktas\/karaliaus-saliamono-baimes\/","name":"Karaliaus Saliamono baim\u0117s","isPartOf":{"@id":"https:\/\/skaitytaknyga.lt\/#website"},"primaryImageOfPage":{"@id":"https:\/\/skaitytaknyga.lt\/produktas\/karaliaus-saliamono-baimes\/#primaryimage"},"image":{"@id":"https:\/\/skaitytaknyga.lt\/produktas\/karaliaus-saliamono-baimes\/#primaryimage"},"thumbnailUrl":"https:\/\/skaitytaknyga.lt\/wp-content\/uploads\/2025\/09\/Karaliaus-Saliamono-baimes-1.webp","datePublished":"2025-09-18T11:27:56+00:00","dateModified":"2025-10-17T16:14:20+00:00","description":"Dvide\u0161imt penkeri\u0173 \u017danas dirba taksistu Pary\u017eiuje. Jei b\u016bt\u0173 tur\u0117j\u0119s galimyb\u0119 siekti mokslo, b\u016bt\u0173 nema\u017eai nuveik\u0119s, deja, nebuvo s\u0105lyg\u0173. Ta\u010diau \u017danas","breadcrumb":{"@id":"https:\/\/skaitytaknyga.lt\/produktas\/karaliaus-saliamono-baimes\/#breadcrumb"},"inLanguage":"en-GB","potentialAction":[{"@type":"ReadAction","target":["https:\/\/skaitytaknyga.lt\/produktas\/karaliaus-saliamono-baimes\/"]}]},{"@type":"ImageObject","inLanguage":"en-GB","@id":"https:\/\/skaitytaknyga.lt\/produktas\/karaliaus-saliamono-baimes\/#primaryimage","url":"https:\/\/skaitytaknyga.lt\/wp-content\/uploads\/2025\/09\/Karaliaus-Saliamono-baimes-1.webp","contentUrl":"https:\/\/skaitytaknyga.lt\/wp-content\/uploads\/2025\/09\/Karaliaus-Saliamono-baimes-1.webp","width":300,"height":444},{"@type":"BreadcrumbList","@id":"https:\/\/skaitytaknyga.lt\/produktas\/karaliaus-saliamono-baimes\/#breadcrumb","itemListElement":[{"@type":"ListItem","position":1,"name":"Home","item":"https:\/\/skaitytaknyga.lt\/"},{"@type":"ListItem","position":2,"name":"Parduotuv\u0117","item":"https:\/\/skaitytaknyga.lt\/knygu-parduotuve\/"},{"@type":"ListItem","position":3,"name":"Karaliaus Saliamono baim\u0117s"}]},{"@type":"WebSite","@id":"https:\/\/skaitytaknyga.lt\/#website","url":"https:\/\/skaitytaknyga.lt\/","name":"skaitytaknyga.lt","description":"Skaitytaknyga.lt \u2013 tai ma\u017eas \u0161eimos verslas, kuris prasid\u0117jo nuo meil\u0117s knygoms ir siekio i\u0161gelb\u0117ti knygas nuo likimo prie konteinerio. Kas vienam nereikalingas daiktas \u2013 kitam lobis, o mes esame tarpininkai, kurie padeda abiems tapti laimingesniems ???? \u017dinome kaip nelengva i\u0161gyventi ma\u017eiems verslams, tad nuo \u0161iol, \u010dia rasite ir kit\u0173, ma\u017e\u0173 \u0161eim\u0173 versl\u0173, rank\u0173 darbo, dovan\u0173 sau ir artimiesiems.","publisher":{"@id":"https:\/\/skaitytaknyga.lt\/#organization"},"potentialAction":[{"@type":"SearchAction","target":{"@type":"EntryPoint","urlTemplate":"https:\/\/skaitytaknyga.lt\/?s={search_term_string}"},"query-input":{"@type":"PropertyValueSpecification","valueRequired":true,"valueName":"search_term_string"}}],"inLanguage":"en-GB"},{"@type":"Organization","@id":"https:\/\/skaitytaknyga.lt\/#organization","name":"skaitytaknyga.lt","url":"https:\/\/skaitytaknyga.lt\/","logo":{"@type":"ImageObject","inLanguage":"en-GB","@id":"https:\/\/skaitytaknyga.lt\/#\/schema\/logo\/image\/","url":"https:\/\/skaitytaknyga.lt\/wp-content\/uploads\/2024\/05\/cropped-cropped-cropped-02_00843_jt3bggkj1j3HLc7SyY6rEUpg.jpeg","contentUrl":"https:\/\/skaitytaknyga.lt\/wp-content\/uploads\/2024\/05\/cropped-cropped-cropped-02_00843_jt3bggkj1j3HLc7SyY6rEUpg.jpeg","width":1600,"height":1600,"caption":"skaitytaknyga.lt"},"image":{"@id":"https:\/\/skaitytaknyga.lt\/#\/schema\/logo\/image\/"},"sameAs":["https:\/\/www.facebook.com\/skaitytaknyga\/"]}]}},"_links":{"self":[{"href":"https:\/\/skaitytaknyga.lt\/en\/wp-json\/wp\/v2\/product\/20911","targetHints":{"allow":["GET"]}}],"collection":[{"href":"https:\/\/skaitytaknyga.lt\/en\/wp-json\/wp\/v2\/product"}],"about":[{"href":"https:\/\/skaitytaknyga.lt\/en\/wp-json\/wp\/v2\/types\/product"}],"replies":[{"embeddable":true,"href":"https:\/\/skaitytaknyga.lt\/en\/wp-json\/wp\/v2\/comments?post=20911"}],"wp:featuredmedia":[{"embeddable":true,"href":"https:\/\/skaitytaknyga.lt\/en\/wp-json\/wp\/v2\/media\/20916"}],"wp:attachment":[{"href":"https:\/\/skaitytaknyga.lt\/en\/wp-json\/wp\/v2\/media?parent=20911"}],"wp:term":[{"taxonomy":"product_brand","embeddable":true,"href":"https:\/\/skaitytaknyga.lt\/en\/wp-json\/wp\/v2\/product_brand?post=20911"},{"taxonomy":"product_cat","embeddable":true,"href":"https:\/\/skaitytaknyga.lt\/en\/wp-json\/wp\/v2\/product_cat?post=20911"},{"taxonomy":"product_tag","embeddable":true,"href":"https:\/\/skaitytaknyga.lt\/en\/wp-json\/wp\/v2\/product_tag?post=20911"}],"curies":[{"name":"wp","href":"https:\/\/api.w.org\/{rel}","templated":true}]}}