{"id":20903,"date":"2025-09-18T10:16:28","date_gmt":"2025-09-18T07:16:28","guid":{"rendered":"https:\/\/skaitytaknyga.lt\/?post_type=product&#038;p=20903"},"modified":"2026-03-05T11:59:16","modified_gmt":"2026-03-05T09:59:16","slug":"knyga-be-pavadinimo","status":"publish","type":"product","link":"https:\/\/skaitytaknyga.lt\/en\/produktas\/knyga-be-pavadinimo\/","title":{"rendered":"Knyga be pavadinimo"},"content":{"rendered":"<p>Santa Mondegos gatv\u0117se galioja laukini\u0173 d\u017eiungli\u0173 \u012fstatymai. \u010cia susitinka baro savininkas San\u010desas, nusikalt\u0117li\u0173 pasaulio autoritetas El Santinas, keli premij\u0173 u\u017e \u017emoni\u0173 galvas med\u017eiotojai, du \u201ekieti\u201c kaip titnagas vienuoliai, detektyvas, aplamdytu \u201eHarley\u201c mark\u0117s motociklu va\u017ein\u0117jantis, plikomis rankomis boksuotis nevengiantis kovotojas ir dar visa gauja padugni\u0173. Netrukus prasid\u0117siantis Saul\u0117s u\u017etemimas paskandins miest\u0105 gilioje tamsoje, o kraujas ims lietis laisvai&#8230; Nedera pamir\u0161ti ir to, kad \u012f miest\u0105 atvyko ir Kukur\u016bzinis&#8230;<br \/>\nNe\u017einia kieno para\u0161yta knyga tapo sensacija. Ta\u010diau \u012fsid\u0117m\u0117kite: visi, kurie skait\u0117 Knyg\u0105 be pavadinimo, yra nu\u017eudomi. Ir vienintelis b\u016bdas su\u017einoti kod\u0117l \u2013 perskaityti j\u0105 pa\u010diam&#8230;<\/p>\n","protected":false},"excerpt":{"rendered":"<p>Santa Mondegos gatv\u0117se galioja laukini\u0173 d\u017eiungli\u0173 \u012fstatymai. \u010cia susitinka baro savininkas San\u010desas, nusikalt\u0117li\u0173 pasaulio autoritetas El Santinas, keli premij\u0173 u\u017e \u017emoni\u0173 galvas med\u017eiotojai, du \u201ekieti\u201c kaip titnagas vienuoliai, detektyvas, aplamdytu \u201eHarley\u201c mark\u0117s motociklu va\u017ein\u0117jantis, plikomis rankomis boksuotis nevengiantis kovotojas ir dar visa gauja padugni\u0173. Netrukus prasid\u0117siantis Saul\u0117s u\u017etemimas paskandins miest\u0105 gilioje tamsoje, o kraujas ims lietis laisvai&#8230; Nedera pamir\u0161ti ir to, kad \u012f miest\u0105 atvyko ir Kukur\u016bzinis&#8230; Ne\u017einia kieno para\u0161yta knyga tapo sensacija. Ta\u010diau \u012fsid\u0117m\u0117kite: visi, kurie skait\u0117 Knyg\u0105 be pavadinimo, yra nu\u017eudomi. Ir vienintelis b\u016bdas su\u017einoti kod\u0117l \u2013 perskaityti j\u0105 pa\u010diam&#8230;<\/p>\n","protected":false},"featured_media":20910,"comment_status":"open","ping_status":"closed","template":"","meta":{"_acf_changed":false,"site-sidebar-layout":"default","site-content-layout":"","ast-site-content-layout":"default","site-content-style":"default","site-sidebar-style":"default","ast-global-header-display":"","ast-banner-title-visibility":"","ast-main-header-display":"","ast-hfb-above-header-display":"","ast-hfb-below-header-display":"","ast-hfb-mobile-header-display":"","site-post-title":"","ast-breadcrumbs-content":"","ast-featured-img":"","footer-sml-layout":"","ast-disable-related-posts":"","theme-transparent-header-meta":"","adv-header-id-meta":"","stick-header-meta":"","header-above-stick-meta":"","header-main-stick-meta":"","header-below-stick-meta":"","astra-migrate-meta-layouts":"default","ast-page-background-enabled":"default","ast-page-background-meta":{"desktop":{"background-color":"","background-image":"","background-repeat":"repeat","background-position":"center center","background-size":"auto","background-attachment":"scroll","background-type":"","background-media":"","overlay-type":"","overlay-color":"","overlay-opacity":"","overlay-gradient":""},"tablet":{"background-color":"","background-image":"","background-repeat":"repeat","background-position":"center center","background-size":"auto","background-attachment":"scroll","background-type":"","background-media":"","overlay-type":"","overlay-color":"","overlay-opacity":"","overlay-gradient":""},"mobile":{"background-color":"","background-image":"","background-repeat":"repeat","background-position":"center center","background-size":"auto","background-attachment":"scroll","background-type":"","background-media":"","overlay-type":"","overlay-color":"","overlay-opacity":"","overlay-gradient":""}},"ast-content-background-meta":{"desktop":{"background-color":"var(--ast-global-color-4)","background-image":"","background-repeat":"repeat","background-position":"center center","background-size":"auto","background-attachment":"scroll","background-type":"","background-media":"","overlay-type":"","overlay-color":"","overlay-opacity":"","overlay-gradient":""},"tablet":{"background-color":"var(--ast-global-color-4)","background-image":"","background-repeat":"repeat","background-position":"center center","background-size":"auto","background-attachment":"scroll","background-type":"","background-media":"","overlay-type":"","overlay-color":"","overlay-opacity":"","overlay-gradient":""},"mobile":{"background-color":"var(--ast-global-color-4)","background-image":"","background-repeat":"repeat","background-position":"center center","background-size":"auto","background-attachment":"scroll","background-type":"","background-media":"","overlay-type":"","overlay-color":"","overlay-opacity":"","overlay-gradient":""}}},"product_brand":[],"product_cat":[9581],"product_tag":[7252,8550,2944,1451,3145,8652,8651,8653],"class_list":{"0":"post-20903","1":"product","2":"type-product","3":"status-publish","4":"has-post-thumbnail","6":"product_cat-kriminaliniai-romanai","7":"product_tag-anonimas","8":"product_tag-kriminalas","9":"product_tag-mistika","10":"product_tag-nuotykiai","11":"product_tag-pavojus","12":"product_tag-santa-mondegos-gatves","13":"product_tag-saules-uztemimas","14":"product_tag-sensacija","15":"desktop-align-left","16":"tablet-align-left","17":"mobile-align-left","19":"first","20":"instock","21":"shipping-taxable","22":"purchasable","23":"product-type-simple"},"acf":[],"yoast_head":"<!-- This site is optimized with the Yoast SEO plugin v27.0 - https:\/\/yoast.com\/product\/yoast-seo-wordpress\/ -->\n<title>Knyga be pavadinimo<\/title>\n<meta name=\"description\" content=\"Santa Mondegos gatv\u0117se galioja laukini\u0173 d\u017eiungli\u0173 \u012fstatymai. \u010cia susitinka baro savininkas San\u010desas, nusikalt\u0117li\u0173 pasaulio autoritetas El Santinas, keli\" \/>\n<meta name=\"robots\" content=\"index, follow, max-snippet:-1, max-image-preview:large, max-video-preview:-1\" \/>\n<link rel=\"canonical\" href=\"https:\/\/skaitytaknyga.lt\/en\/produktas\/knyga-be-pavadinimo\/\" \/>\n<meta property=\"og:locale\" content=\"en_GB\" \/>\n<meta property=\"og:locale:alternate\" content=\"lt_LT\" \/>\n<meta property=\"og:type\" content=\"article\" \/>\n<meta property=\"og:title\" content=\"Knyga be pavadinimo\" \/>\n<meta property=\"og:description\" content=\"Santa Mondegos gatv\u0117se galioja laukini\u0173 d\u017eiungli\u0173 \u012fstatymai. \u010cia susitinka baro savininkas San\u010desas, nusikalt\u0117li\u0173 pasaulio autoritetas El Santinas, keli\" \/>\n<meta property=\"og:url\" content=\"https:\/\/skaitytaknyga.lt\/en\/produktas\/knyga-be-pavadinimo\/\" \/>\n<meta property=\"og:site_name\" content=\"Skaitytaknyga\" \/>\n<meta property=\"article:publisher\" content=\"https:\/\/www.facebook.com\/skaitytaknyga\/\" \/>\n<meta property=\"article:modified_time\" content=\"2026-03-05T09:59:16+00:00\" \/>\n<meta property=\"og:image\" content=\"https:\/\/skaitytaknyga.lt\/wp-content\/uploads\/2025\/09\/Knyga-be-pavadinimo.webp\" \/>\n\t<meta property=\"og:image:width\" content=\"170\" \/>\n\t<meta property=\"og:image:height\" content=\"275\" \/>\n\t<meta property=\"og:image:type\" content=\"image\/webp\" \/>\n<meta name=\"twitter:card\" content=\"summary_large_image\" \/>\n<meta name=\"twitter:label1\" content=\"Estimated reading time\" \/>\n\t<meta name=\"twitter:data1\" content=\"1 minute\" \/>\n<script type=\"application\/ld+json\" class=\"yoast-schema-graph\">{\"@context\":\"https:\/\/schema.org\",\"@graph\":[{\"@type\":\"WebPage\",\"@id\":\"https:\/\/skaitytaknyga.lt\/produktas\/knyga-be-pavadinimo\/\",\"url\":\"https:\/\/skaitytaknyga.lt\/produktas\/knyga-be-pavadinimo\/\",\"name\":\"Knyga be pavadinimo\",\"isPartOf\":{\"@id\":\"https:\/\/skaitytaknyga.lt\/#website\"},\"primaryImageOfPage\":{\"@id\":\"https:\/\/skaitytaknyga.lt\/produktas\/knyga-be-pavadinimo\/#primaryimage\"},\"image\":{\"@id\":\"https:\/\/skaitytaknyga.lt\/produktas\/knyga-be-pavadinimo\/#primaryimage\"},\"thumbnailUrl\":\"https:\/\/skaitytaknyga.lt\/wp-content\/uploads\/2025\/09\/Knyga-be-pavadinimo.webp\",\"datePublished\":\"2025-09-18T07:16:28+00:00\",\"dateModified\":\"2026-03-05T09:59:16+00:00\",\"description\":\"Santa Mondegos gatv\u0117se galioja laukini\u0173 d\u017eiungli\u0173 \u012fstatymai. \u010cia susitinka baro savininkas San\u010desas, nusikalt\u0117li\u0173 pasaulio autoritetas El Santinas, keli\",\"breadcrumb\":{\"@id\":\"https:\/\/skaitytaknyga.lt\/produktas\/knyga-be-pavadinimo\/#breadcrumb\"},\"inLanguage\":\"en-GB\",\"potentialAction\":[{\"@type\":\"ReadAction\",\"target\":[\"https:\/\/skaitytaknyga.lt\/produktas\/knyga-be-pavadinimo\/\"]}]},{\"@type\":\"ImageObject\",\"inLanguage\":\"en-GB\",\"@id\":\"https:\/\/skaitytaknyga.lt\/produktas\/knyga-be-pavadinimo\/#primaryimage\",\"url\":\"https:\/\/skaitytaknyga.lt\/wp-content\/uploads\/2025\/09\/Knyga-be-pavadinimo.webp\",\"contentUrl\":\"https:\/\/skaitytaknyga.lt\/wp-content\/uploads\/2025\/09\/Knyga-be-pavadinimo.webp\",\"width\":170,\"height\":275},{\"@type\":\"BreadcrumbList\",\"@id\":\"https:\/\/skaitytaknyga.lt\/produktas\/knyga-be-pavadinimo\/#breadcrumb\",\"itemListElement\":[{\"@type\":\"ListItem\",\"position\":1,\"name\":\"Home\",\"item\":\"https:\/\/skaitytaknyga.lt\/\"},{\"@type\":\"ListItem\",\"position\":2,\"name\":\"Parduotuv\u0117\",\"item\":\"https:\/\/skaitytaknyga.lt\/knygu-parduotuve\/\"},{\"@type\":\"ListItem\",\"position\":3,\"name\":\"Knyga be pavadinimo\"}]},{\"@type\":\"WebSite\",\"@id\":\"https:\/\/skaitytaknyga.lt\/#website\",\"url\":\"https:\/\/skaitytaknyga.lt\/\",\"name\":\"skaitytaknyga.lt\",\"description\":\"Skaitytaknyga.lt \u2013 tai ma\u017eas \u0161eimos verslas, kuris prasid\u0117jo nuo meil\u0117s knygoms ir siekio i\u0161gelb\u0117ti knygas nuo likimo prie konteinerio. Kas vienam nereikalingas daiktas \u2013 kitam lobis, o mes esame tarpininkai, kurie padeda abiems tapti laimingesniems ???? \u017dinome kaip nelengva i\u0161gyventi ma\u017eiems verslams, tad nuo \u0161iol, \u010dia rasite ir kit\u0173, ma\u017e\u0173 \u0161eim\u0173 versl\u0173, rank\u0173 darbo, dovan\u0173 sau ir artimiesiems.\",\"publisher\":{\"@id\":\"https:\/\/skaitytaknyga.lt\/#organization\"},\"potentialAction\":[{\"@type\":\"SearchAction\",\"target\":{\"@type\":\"EntryPoint\",\"urlTemplate\":\"https:\/\/skaitytaknyga.lt\/?s={search_term_string}\"},\"query-input\":{\"@type\":\"PropertyValueSpecification\",\"valueRequired\":true,\"valueName\":\"search_term_string\"}}],\"inLanguage\":\"en-GB\"},{\"@type\":\"Organization\",\"@id\":\"https:\/\/skaitytaknyga.lt\/#organization\",\"name\":\"skaitytaknyga.lt\",\"url\":\"https:\/\/skaitytaknyga.lt\/\",\"logo\":{\"@type\":\"ImageObject\",\"inLanguage\":\"en-GB\",\"@id\":\"https:\/\/skaitytaknyga.lt\/#\/schema\/logo\/image\/\",\"url\":\"https:\/\/skaitytaknyga.lt\/wp-content\/uploads\/2024\/05\/cropped-cropped-cropped-02_00843_jt3bggkj1j3HLc7SyY6rEUpg.jpeg\",\"contentUrl\":\"https:\/\/skaitytaknyga.lt\/wp-content\/uploads\/2024\/05\/cropped-cropped-cropped-02_00843_jt3bggkj1j3HLc7SyY6rEUpg.jpeg\",\"width\":1600,\"height\":1600,\"caption\":\"skaitytaknyga.lt\"},\"image\":{\"@id\":\"https:\/\/skaitytaknyga.lt\/#\/schema\/logo\/image\/\"},\"sameAs\":[\"https:\/\/www.facebook.com\/skaitytaknyga\/\"]}]}<\/script>\n<!-- \/ Yoast SEO plugin. -->","yoast_head_json":{"title":"Knyga be pavadinimo","description":"Santa Mondegos gatv\u0117se galioja laukini\u0173 d\u017eiungli\u0173 \u012fstatymai. \u010cia susitinka baro savininkas San\u010desas, nusikalt\u0117li\u0173 pasaulio autoritetas El Santinas, keli","robots":{"index":"index","follow":"follow","max-snippet":"max-snippet:-1","max-image-preview":"max-image-preview:large","max-video-preview":"max-video-preview:-1"},"canonical":"https:\/\/skaitytaknyga.lt\/en\/produktas\/knyga-be-pavadinimo\/","og_locale":"en_GB","og_type":"article","og_title":"[:lt]Knyga be pavadinimo[:] - Skaitytaknyga","og_description":"Santa Mondegos gatv\u0117se galioja laukini\u0173 d\u017eiungli\u0173 \u012fstatymai. \u010cia susitinka baro savininkas San\u010desas, nusikalt\u0117li\u0173 pasaulio autoritetas El Santinas, keli","og_url":"https:\/\/skaitytaknyga.lt\/en\/produktas\/knyga-be-pavadinimo\/","og_site_name":"Skaitytaknyga","article_publisher":"https:\/\/www.facebook.com\/skaitytaknyga\/","article_modified_time":"2026-03-05T09:59:16+00:00","og_image":[{"width":170,"height":275,"url":"https:\/\/skaitytaknyga.lt\/wp-content\/uploads\/2025\/09\/Knyga-be-pavadinimo.webp","type":"image\/webp"}],"twitter_card":"summary_large_image","twitter_misc":{"Estimated reading time":"1 minute"},"schema":{"@context":"https:\/\/schema.org","@graph":[{"@type":"WebPage","@id":"https:\/\/skaitytaknyga.lt\/produktas\/knyga-be-pavadinimo\/","url":"https:\/\/skaitytaknyga.lt\/produktas\/knyga-be-pavadinimo\/","name":"Knyga be pavadinimo","isPartOf":{"@id":"https:\/\/skaitytaknyga.lt\/#website"},"primaryImageOfPage":{"@id":"https:\/\/skaitytaknyga.lt\/produktas\/knyga-be-pavadinimo\/#primaryimage"},"image":{"@id":"https:\/\/skaitytaknyga.lt\/produktas\/knyga-be-pavadinimo\/#primaryimage"},"thumbnailUrl":"https:\/\/skaitytaknyga.lt\/wp-content\/uploads\/2025\/09\/Knyga-be-pavadinimo.webp","datePublished":"2025-09-18T07:16:28+00:00","dateModified":"2026-03-05T09:59:16+00:00","description":"Santa Mondegos gatv\u0117se galioja laukini\u0173 d\u017eiungli\u0173 \u012fstatymai. \u010cia susitinka baro savininkas San\u010desas, nusikalt\u0117li\u0173 pasaulio autoritetas El Santinas, keli","breadcrumb":{"@id":"https:\/\/skaitytaknyga.lt\/produktas\/knyga-be-pavadinimo\/#breadcrumb"},"inLanguage":"en-GB","potentialAction":[{"@type":"ReadAction","target":["https:\/\/skaitytaknyga.lt\/produktas\/knyga-be-pavadinimo\/"]}]},{"@type":"ImageObject","inLanguage":"en-GB","@id":"https:\/\/skaitytaknyga.lt\/produktas\/knyga-be-pavadinimo\/#primaryimage","url":"https:\/\/skaitytaknyga.lt\/wp-content\/uploads\/2025\/09\/Knyga-be-pavadinimo.webp","contentUrl":"https:\/\/skaitytaknyga.lt\/wp-content\/uploads\/2025\/09\/Knyga-be-pavadinimo.webp","width":170,"height":275},{"@type":"BreadcrumbList","@id":"https:\/\/skaitytaknyga.lt\/produktas\/knyga-be-pavadinimo\/#breadcrumb","itemListElement":[{"@type":"ListItem","position":1,"name":"Home","item":"https:\/\/skaitytaknyga.lt\/"},{"@type":"ListItem","position":2,"name":"Parduotuv\u0117","item":"https:\/\/skaitytaknyga.lt\/knygu-parduotuve\/"},{"@type":"ListItem","position":3,"name":"Knyga be pavadinimo"}]},{"@type":"WebSite","@id":"https:\/\/skaitytaknyga.lt\/#website","url":"https:\/\/skaitytaknyga.lt\/","name":"skaitytaknyga.lt","description":"Skaitytaknyga.lt \u2013 tai ma\u017eas \u0161eimos verslas, kuris prasid\u0117jo nuo meil\u0117s knygoms ir siekio i\u0161gelb\u0117ti knygas nuo likimo prie konteinerio. Kas vienam nereikalingas daiktas \u2013 kitam lobis, o mes esame tarpininkai, kurie padeda abiems tapti laimingesniems ???? \u017dinome kaip nelengva i\u0161gyventi ma\u017eiems verslams, tad nuo \u0161iol, \u010dia rasite ir kit\u0173, ma\u017e\u0173 \u0161eim\u0173 versl\u0173, rank\u0173 darbo, dovan\u0173 sau ir artimiesiems.","publisher":{"@id":"https:\/\/skaitytaknyga.lt\/#organization"},"potentialAction":[{"@type":"SearchAction","target":{"@type":"EntryPoint","urlTemplate":"https:\/\/skaitytaknyga.lt\/?s={search_term_string}"},"query-input":{"@type":"PropertyValueSpecification","valueRequired":true,"valueName":"search_term_string"}}],"inLanguage":"en-GB"},{"@type":"Organization","@id":"https:\/\/skaitytaknyga.lt\/#organization","name":"skaitytaknyga.lt","url":"https:\/\/skaitytaknyga.lt\/","logo":{"@type":"ImageObject","inLanguage":"en-GB","@id":"https:\/\/skaitytaknyga.lt\/#\/schema\/logo\/image\/","url":"https:\/\/skaitytaknyga.lt\/wp-content\/uploads\/2024\/05\/cropped-cropped-cropped-02_00843_jt3bggkj1j3HLc7SyY6rEUpg.jpeg","contentUrl":"https:\/\/skaitytaknyga.lt\/wp-content\/uploads\/2024\/05\/cropped-cropped-cropped-02_00843_jt3bggkj1j3HLc7SyY6rEUpg.jpeg","width":1600,"height":1600,"caption":"skaitytaknyga.lt"},"image":{"@id":"https:\/\/skaitytaknyga.lt\/#\/schema\/logo\/image\/"},"sameAs":["https:\/\/www.facebook.com\/skaitytaknyga\/"]}]}},"_links":{"self":[{"href":"https:\/\/skaitytaknyga.lt\/en\/wp-json\/wp\/v2\/product\/20903","targetHints":{"allow":["GET"]}}],"collection":[{"href":"https:\/\/skaitytaknyga.lt\/en\/wp-json\/wp\/v2\/product"}],"about":[{"href":"https:\/\/skaitytaknyga.lt\/en\/wp-json\/wp\/v2\/types\/product"}],"replies":[{"embeddable":true,"href":"https:\/\/skaitytaknyga.lt\/en\/wp-json\/wp\/v2\/comments?post=20903"}],"wp:featuredmedia":[{"embeddable":true,"href":"https:\/\/skaitytaknyga.lt\/en\/wp-json\/wp\/v2\/media\/20910"}],"wp:attachment":[{"href":"https:\/\/skaitytaknyga.lt\/en\/wp-json\/wp\/v2\/media?parent=20903"}],"wp:term":[{"taxonomy":"product_brand","embeddable":true,"href":"https:\/\/skaitytaknyga.lt\/en\/wp-json\/wp\/v2\/product_brand?post=20903"},{"taxonomy":"product_cat","embeddable":true,"href":"https:\/\/skaitytaknyga.lt\/en\/wp-json\/wp\/v2\/product_cat?post=20903"},{"taxonomy":"product_tag","embeddable":true,"href":"https:\/\/skaitytaknyga.lt\/en\/wp-json\/wp\/v2\/product_tag?post=20903"}],"curies":[{"name":"wp","href":"https:\/\/api.w.org\/{rel}","templated":true}]}}