{"id":20901,"date":"2025-09-18T10:16:28","date_gmt":"2025-09-18T07:16:28","guid":{"rendered":"https:\/\/skaitytaknyga.lt\/?post_type=product&#038;p=20901"},"modified":"2025-10-14T20:19:22","modified_gmt":"2025-10-14T17:19:22","slug":"prigimties-belaisvis","status":"publish","type":"product","link":"https:\/\/skaitytaknyga.lt\/en\/produktas\/prigimties-belaisvis\/","title":{"rendered":"Prigimties belaisvis"},"content":{"rendered":"<p>Apkaltintas \u017emog\u017eudyste, kurios nepadar\u0117&#8230; \u012ekalintas kal\u0117jime, i\u0161 kurio ne\u012fmanoma pab\u0117gti&#8230; I\u0161skirtas su mylima moterimi, kuriai pasipir\u0161o t\u0105 lemting\u0105 vakar\u0105&#8230; Bet Denis Kartraitas n\u0117 neketina pasiduoti.<\/p>\n<p>Iki paskutinio puslapio intriguojantis naujausias J. Archerio romanas, realisti\u0161kai atskleid\u017eiantis miglotus teisingumo u\u017ekulisius, pateisins visus skaitytoj\u0173 l\u016bkes\u010dius \u2013 j\u016bs negal\u0117site u\u017eversti knygos, kol nesu\u017einosite, kaip viskas baigsis!<\/p>\n<p>Jeigu Denis Kartraitas b\u016bt\u0173 pasipir\u0161\u0119s Betei Vilson diena ar dviem anks\u010diau, jo neb\u016bt\u0173 su\u0117m\u0119 ir apkaltin\u0119 geriausio draugo nu\u017eudymu. Kas patik\u0117s Denio istorija, jeigu keturi liudytojai \u2013 teisininkas, populiarus aktorius, aristokratas ir jauniausias garsios firmos darbuotojas, &#8211; it susitar\u0119 tvirtina, jog vaikinas kaltas?<\/p>\n<p>Den\u012f nuteisia 22 metams laiv\u0117s at\u0117mimo ir i\u0161siun\u010dia \u012f Belmar\u0161o kal\u0117jim\u0105, labiausiai saugom\u0105 \u012fkalinimo \u012fstaig\u0105 visoje \u0161alyje. Ta\u010diau Spenseris Kreigas, Lorensas Davenportas, D\u017eeraldas Peinas ir Tobis Mortimeris ne\u012fvertino Denio ry\u017eto atker\u0161yti ir nenuilstamo Bet\u0117s tro\u0161kimo surasti teisyb\u0119&#8230;<\/p>\n","protected":false},"excerpt":{"rendered":"<p>Apkaltintas \u017emog\u017eudyste, kurios nepadar\u0117&#8230; \u012ekalintas kal\u0117jime, i\u0161 kurio ne\u012fmanoma pab\u0117gti&#8230; I\u0161skirtas su mylima moterimi, kuriai pasipir\u0161o t\u0105 lemting\u0105 vakar\u0105&#8230; Bet Denis Kartraitas n\u0117 neketina pasiduoti. Iki paskutinio puslapio intriguojantis naujausias J. Archerio romanas, realisti\u0161kai atskleid\u017eiantis miglotus teisingumo u\u017ekulisius, pateisins visus skaitytoj\u0173 l\u016bkes\u010dius \u2013 j\u016bs negal\u0117site u\u017eversti knygos, kol nesu\u017einosite, kaip viskas baigsis! Jeigu Denis Kartraitas b\u016bt\u0173 pasipir\u0161\u0119s Betei Vilson diena ar dviem anks\u010diau, jo neb\u016bt\u0173 su\u0117m\u0119 ir apkaltin\u0119 geriausio draugo nu\u017eudymu. Kas patik\u0117s Denio istorija, jeigu keturi liudytojai \u2013 teisininkas, populiarus aktorius, aristokratas ir jauniausias garsios firmos darbuotojas, &#8211; it susitar\u0119 tvirtina, jog vaikinas kaltas? Den\u012f nuteisia 22 metams laiv\u0117s at\u0117mimo ir i\u0161siun\u010dia \u012f Belmar\u0161o kal\u0117jim\u0105, labiausiai saugom\u0105 \u012fkalinimo \u012fstaig\u0105 visoje \u0161alyje. Ta\u010diau Spenseris Kreigas, Lorensas Davenportas, D\u017eeraldas Peinas ir Tobis Mortimeris ne\u012fvertino Denio ry\u017eto atker\u0161yti ir nenuilstamo Bet\u0117s tro\u0161kimo surasti teisyb\u0119&#8230;<\/p>\n","protected":false},"featured_media":20908,"comment_status":"open","ping_status":"closed","template":"","meta":{"_acf_changed":false,"site-sidebar-layout":"default","site-content-layout":"","ast-site-content-layout":"default","site-content-style":"default","site-sidebar-style":"default","ast-global-header-display":"","ast-banner-title-visibility":"","ast-main-header-display":"","ast-hfb-above-header-display":"","ast-hfb-below-header-display":"","ast-hfb-mobile-header-display":"","site-post-title":"","ast-breadcrumbs-content":"","ast-featured-img":"","footer-sml-layout":"","ast-disable-related-posts":"","theme-transparent-header-meta":"","adv-header-id-meta":"","stick-header-meta":"","header-above-stick-meta":"","header-main-stick-meta":"","header-below-stick-meta":"","astra-migrate-meta-layouts":"default","ast-page-background-enabled":"default","ast-page-background-meta":{"desktop":{"background-color":"","background-image":"","background-repeat":"repeat","background-position":"center center","background-size":"auto","background-attachment":"scroll","background-type":"","background-media":"","overlay-type":"","overlay-color":"","overlay-opacity":"","overlay-gradient":""},"tablet":{"background-color":"","background-image":"","background-repeat":"repeat","background-position":"center center","background-size":"auto","background-attachment":"scroll","background-type":"","background-media":"","overlay-type":"","overlay-color":"","overlay-opacity":"","overlay-gradient":""},"mobile":{"background-color":"","background-image":"","background-repeat":"repeat","background-position":"center center","background-size":"auto","background-attachment":"scroll","background-type":"","background-media":"","overlay-type":"","overlay-color":"","overlay-opacity":"","overlay-gradient":""}},"ast-content-background-meta":{"desktop":{"background-color":"var(--ast-global-color-4)","background-image":"","background-repeat":"repeat","background-position":"center center","background-size":"auto","background-attachment":"scroll","background-type":"","background-media":"","overlay-type":"","overlay-color":"","overlay-opacity":"","overlay-gradient":""},"tablet":{"background-color":"var(--ast-global-color-4)","background-image":"","background-repeat":"repeat","background-position":"center center","background-size":"auto","background-attachment":"scroll","background-type":"","background-media":"","overlay-type":"","overlay-color":"","overlay-opacity":"","overlay-gradient":""},"mobile":{"background-color":"var(--ast-global-color-4)","background-image":"","background-repeat":"repeat","background-position":"center center","background-size":"auto","background-attachment":"scroll","background-type":"","background-media":"","overlay-type":"","overlay-color":"","overlay-opacity":"","overlay-gradient":""}}},"product_brand":[],"product_cat":[31,15],"product_tag":[8647,8646,3217,2388,1799,2129,2091,1772],"class_list":{"0":"post-20901","1":"product","2":"type-product","3":"status-publish","4":"has-post-thumbnail","6":"product_cat-grozine-literatura","7":"product_cat-uncategorized","8":"product_tag-belmarso-kalejimas","9":"product_tag-ikalinimas","10":"product_tag-intriga","11":"product_tag-jeffrey-archer","12":"product_tag-kerstas","13":"product_tag-romantika","14":"product_tag-teisingumas","15":"product_tag-zmogzudyste","16":"desktop-align-left","17":"tablet-align-left","18":"mobile-align-left","20":"first","21":"instock","22":"shipping-taxable","23":"purchasable","24":"product-type-simple"},"acf":[],"yoast_head":"<!-- This site is optimized with the Yoast SEO plugin v27.0 - https:\/\/yoast.com\/product\/yoast-seo-wordpress\/ -->\n<title>Prigimties belaisvis<\/title>\n<meta name=\"description\" content=\"Apkaltintas \u017emog\u017eudyste, kurios nepadar\u0117... \u012ekalintas kal\u0117jime, i\u0161 kurio ne\u012fmanoma pab\u0117gti... I\u0161skirtas su mylima moterimi, kuriai pasipir\u0161o t\u0105 lemting\u0105\" \/>\n<meta name=\"robots\" content=\"index, follow, max-snippet:-1, max-image-preview:large, max-video-preview:-1\" \/>\n<link rel=\"canonical\" href=\"https:\/\/skaitytaknyga.lt\/en\/produktas\/prigimties-belaisvis\/\" \/>\n<meta property=\"og:locale\" content=\"en_GB\" \/>\n<meta property=\"og:locale:alternate\" content=\"lt_LT\" \/>\n<meta property=\"og:type\" content=\"article\" \/>\n<meta property=\"og:title\" content=\"Prigimties belaisvis\" \/>\n<meta property=\"og:description\" content=\"Apkaltintas \u017emog\u017eudyste, kurios nepadar\u0117... \u012ekalintas kal\u0117jime, i\u0161 kurio ne\u012fmanoma pab\u0117gti... I\u0161skirtas su mylima moterimi, kuriai pasipir\u0161o t\u0105 lemting\u0105\" \/>\n<meta property=\"og:url\" content=\"https:\/\/skaitytaknyga.lt\/en\/produktas\/prigimties-belaisvis\/\" \/>\n<meta property=\"og:site_name\" content=\"Skaitytaknyga\" \/>\n<meta property=\"article:publisher\" content=\"https:\/\/www.facebook.com\/skaitytaknyga\/\" \/>\n<meta property=\"article:modified_time\" content=\"2025-10-14T17:19:22+00:00\" \/>\n<meta property=\"og:image\" content=\"https:\/\/skaitytaknyga.lt\/wp-content\/uploads\/2025\/09\/Prigimties-belaisvis-1.webp\" \/>\n\t<meta property=\"og:image:width\" content=\"300\" \/>\n\t<meta property=\"og:image:height\" content=\"494\" \/>\n\t<meta property=\"og:image:type\" content=\"image\/webp\" \/>\n<meta name=\"twitter:card\" content=\"summary_large_image\" \/>\n<meta name=\"twitter:label1\" content=\"Estimated reading time\" \/>\n\t<meta name=\"twitter:data1\" content=\"1 minute\" \/>\n<script type=\"application\/ld+json\" class=\"yoast-schema-graph\">{\"@context\":\"https:\/\/schema.org\",\"@graph\":[{\"@type\":\"WebPage\",\"@id\":\"https:\/\/skaitytaknyga.lt\/produktas\/prigimties-belaisvis\/\",\"url\":\"https:\/\/skaitytaknyga.lt\/produktas\/prigimties-belaisvis\/\",\"name\":\"Prigimties belaisvis\",\"isPartOf\":{\"@id\":\"https:\/\/skaitytaknyga.lt\/#website\"},\"primaryImageOfPage\":{\"@id\":\"https:\/\/skaitytaknyga.lt\/produktas\/prigimties-belaisvis\/#primaryimage\"},\"image\":{\"@id\":\"https:\/\/skaitytaknyga.lt\/produktas\/prigimties-belaisvis\/#primaryimage\"},\"thumbnailUrl\":\"https:\/\/skaitytaknyga.lt\/wp-content\/uploads\/2025\/09\/Prigimties-belaisvis-1.webp\",\"datePublished\":\"2025-09-18T07:16:28+00:00\",\"dateModified\":\"2025-10-14T17:19:22+00:00\",\"description\":\"Apkaltintas \u017emog\u017eudyste, kurios nepadar\u0117... \u012ekalintas kal\u0117jime, i\u0161 kurio ne\u012fmanoma pab\u0117gti... I\u0161skirtas su mylima moterimi, kuriai pasipir\u0161o t\u0105 lemting\u0105\",\"breadcrumb\":{\"@id\":\"https:\/\/skaitytaknyga.lt\/produktas\/prigimties-belaisvis\/#breadcrumb\"},\"inLanguage\":\"en-GB\",\"potentialAction\":[{\"@type\":\"ReadAction\",\"target\":[\"https:\/\/skaitytaknyga.lt\/produktas\/prigimties-belaisvis\/\"]}]},{\"@type\":\"ImageObject\",\"inLanguage\":\"en-GB\",\"@id\":\"https:\/\/skaitytaknyga.lt\/produktas\/prigimties-belaisvis\/#primaryimage\",\"url\":\"https:\/\/skaitytaknyga.lt\/wp-content\/uploads\/2025\/09\/Prigimties-belaisvis-1.webp\",\"contentUrl\":\"https:\/\/skaitytaknyga.lt\/wp-content\/uploads\/2025\/09\/Prigimties-belaisvis-1.webp\",\"width\":300,\"height\":494,\"caption\":\"Prigimties belaisvis\"},{\"@type\":\"BreadcrumbList\",\"@id\":\"https:\/\/skaitytaknyga.lt\/produktas\/prigimties-belaisvis\/#breadcrumb\",\"itemListElement\":[{\"@type\":\"ListItem\",\"position\":1,\"name\":\"Home\",\"item\":\"https:\/\/skaitytaknyga.lt\/\"},{\"@type\":\"ListItem\",\"position\":2,\"name\":\"Parduotuv\u0117\",\"item\":\"https:\/\/skaitytaknyga.lt\/knygu-parduotuve\/\"},{\"@type\":\"ListItem\",\"position\":3,\"name\":\"Prigimties belaisvis\"}]},{\"@type\":\"WebSite\",\"@id\":\"https:\/\/skaitytaknyga.lt\/#website\",\"url\":\"https:\/\/skaitytaknyga.lt\/\",\"name\":\"skaitytaknyga.lt\",\"description\":\"Skaitytaknyga.lt \u2013 tai ma\u017eas \u0161eimos verslas, kuris prasid\u0117jo nuo meil\u0117s knygoms ir siekio i\u0161gelb\u0117ti knygas nuo likimo prie konteinerio. Kas vienam nereikalingas daiktas \u2013 kitam lobis, o mes esame tarpininkai, kurie padeda abiems tapti laimingesniems ???? \u017dinome kaip nelengva i\u0161gyventi ma\u017eiems verslams, tad nuo \u0161iol, \u010dia rasite ir kit\u0173, ma\u017e\u0173 \u0161eim\u0173 versl\u0173, rank\u0173 darbo, dovan\u0173 sau ir artimiesiems.\",\"publisher\":{\"@id\":\"https:\/\/skaitytaknyga.lt\/#organization\"},\"potentialAction\":[{\"@type\":\"SearchAction\",\"target\":{\"@type\":\"EntryPoint\",\"urlTemplate\":\"https:\/\/skaitytaknyga.lt\/?s={search_term_string}\"},\"query-input\":{\"@type\":\"PropertyValueSpecification\",\"valueRequired\":true,\"valueName\":\"search_term_string\"}}],\"inLanguage\":\"en-GB\"},{\"@type\":\"Organization\",\"@id\":\"https:\/\/skaitytaknyga.lt\/#organization\",\"name\":\"skaitytaknyga.lt\",\"url\":\"https:\/\/skaitytaknyga.lt\/\",\"logo\":{\"@type\":\"ImageObject\",\"inLanguage\":\"en-GB\",\"@id\":\"https:\/\/skaitytaknyga.lt\/#\/schema\/logo\/image\/\",\"url\":\"https:\/\/skaitytaknyga.lt\/wp-content\/uploads\/2024\/05\/cropped-cropped-cropped-02_00843_jt3bggkj1j3HLc7SyY6rEUpg.jpeg\",\"contentUrl\":\"https:\/\/skaitytaknyga.lt\/wp-content\/uploads\/2024\/05\/cropped-cropped-cropped-02_00843_jt3bggkj1j3HLc7SyY6rEUpg.jpeg\",\"width\":1600,\"height\":1600,\"caption\":\"skaitytaknyga.lt\"},\"image\":{\"@id\":\"https:\/\/skaitytaknyga.lt\/#\/schema\/logo\/image\/\"},\"sameAs\":[\"https:\/\/www.facebook.com\/skaitytaknyga\/\"]}]}<\/script>\n<!-- \/ Yoast SEO plugin. -->","yoast_head_json":{"title":"Prigimties belaisvis","description":"Apkaltintas \u017emog\u017eudyste, kurios nepadar\u0117... \u012ekalintas kal\u0117jime, i\u0161 kurio ne\u012fmanoma pab\u0117gti... I\u0161skirtas su mylima moterimi, kuriai pasipir\u0161o t\u0105 lemting\u0105","robots":{"index":"index","follow":"follow","max-snippet":"max-snippet:-1","max-image-preview":"max-image-preview:large","max-video-preview":"max-video-preview:-1"},"canonical":"https:\/\/skaitytaknyga.lt\/en\/produktas\/prigimties-belaisvis\/","og_locale":"en_GB","og_type":"article","og_title":"[:lt]Prigimties belaisvis[:] - Skaitytaknyga","og_description":"Apkaltintas \u017emog\u017eudyste, kurios nepadar\u0117... \u012ekalintas kal\u0117jime, i\u0161 kurio ne\u012fmanoma pab\u0117gti... I\u0161skirtas su mylima moterimi, kuriai pasipir\u0161o t\u0105 lemting\u0105","og_url":"https:\/\/skaitytaknyga.lt\/en\/produktas\/prigimties-belaisvis\/","og_site_name":"Skaitytaknyga","article_publisher":"https:\/\/www.facebook.com\/skaitytaknyga\/","article_modified_time":"2025-10-14T17:19:22+00:00","og_image":[{"width":300,"height":494,"url":"https:\/\/skaitytaknyga.lt\/wp-content\/uploads\/2025\/09\/Prigimties-belaisvis-1.webp","type":"image\/webp"}],"twitter_card":"summary_large_image","twitter_misc":{"Estimated reading time":"1 minute"},"schema":{"@context":"https:\/\/schema.org","@graph":[{"@type":"WebPage","@id":"https:\/\/skaitytaknyga.lt\/produktas\/prigimties-belaisvis\/","url":"https:\/\/skaitytaknyga.lt\/produktas\/prigimties-belaisvis\/","name":"Prigimties belaisvis","isPartOf":{"@id":"https:\/\/skaitytaknyga.lt\/#website"},"primaryImageOfPage":{"@id":"https:\/\/skaitytaknyga.lt\/produktas\/prigimties-belaisvis\/#primaryimage"},"image":{"@id":"https:\/\/skaitytaknyga.lt\/produktas\/prigimties-belaisvis\/#primaryimage"},"thumbnailUrl":"https:\/\/skaitytaknyga.lt\/wp-content\/uploads\/2025\/09\/Prigimties-belaisvis-1.webp","datePublished":"2025-09-18T07:16:28+00:00","dateModified":"2025-10-14T17:19:22+00:00","description":"Apkaltintas \u017emog\u017eudyste, kurios nepadar\u0117... \u012ekalintas kal\u0117jime, i\u0161 kurio ne\u012fmanoma pab\u0117gti... I\u0161skirtas su mylima moterimi, kuriai pasipir\u0161o t\u0105 lemting\u0105","breadcrumb":{"@id":"https:\/\/skaitytaknyga.lt\/produktas\/prigimties-belaisvis\/#breadcrumb"},"inLanguage":"en-GB","potentialAction":[{"@type":"ReadAction","target":["https:\/\/skaitytaknyga.lt\/produktas\/prigimties-belaisvis\/"]}]},{"@type":"ImageObject","inLanguage":"en-GB","@id":"https:\/\/skaitytaknyga.lt\/produktas\/prigimties-belaisvis\/#primaryimage","url":"https:\/\/skaitytaknyga.lt\/wp-content\/uploads\/2025\/09\/Prigimties-belaisvis-1.webp","contentUrl":"https:\/\/skaitytaknyga.lt\/wp-content\/uploads\/2025\/09\/Prigimties-belaisvis-1.webp","width":300,"height":494,"caption":"Prigimties belaisvis"},{"@type":"BreadcrumbList","@id":"https:\/\/skaitytaknyga.lt\/produktas\/prigimties-belaisvis\/#breadcrumb","itemListElement":[{"@type":"ListItem","position":1,"name":"Home","item":"https:\/\/skaitytaknyga.lt\/"},{"@type":"ListItem","position":2,"name":"Parduotuv\u0117","item":"https:\/\/skaitytaknyga.lt\/knygu-parduotuve\/"},{"@type":"ListItem","position":3,"name":"Prigimties belaisvis"}]},{"@type":"WebSite","@id":"https:\/\/skaitytaknyga.lt\/#website","url":"https:\/\/skaitytaknyga.lt\/","name":"skaitytaknyga.lt","description":"Skaitytaknyga.lt \u2013 tai ma\u017eas \u0161eimos verslas, kuris prasid\u0117jo nuo meil\u0117s knygoms ir siekio i\u0161gelb\u0117ti knygas nuo likimo prie konteinerio. Kas vienam nereikalingas daiktas \u2013 kitam lobis, o mes esame tarpininkai, kurie padeda abiems tapti laimingesniems ???? \u017dinome kaip nelengva i\u0161gyventi ma\u017eiems verslams, tad nuo \u0161iol, \u010dia rasite ir kit\u0173, ma\u017e\u0173 \u0161eim\u0173 versl\u0173, rank\u0173 darbo, dovan\u0173 sau ir artimiesiems.","publisher":{"@id":"https:\/\/skaitytaknyga.lt\/#organization"},"potentialAction":[{"@type":"SearchAction","target":{"@type":"EntryPoint","urlTemplate":"https:\/\/skaitytaknyga.lt\/?s={search_term_string}"},"query-input":{"@type":"PropertyValueSpecification","valueRequired":true,"valueName":"search_term_string"}}],"inLanguage":"en-GB"},{"@type":"Organization","@id":"https:\/\/skaitytaknyga.lt\/#organization","name":"skaitytaknyga.lt","url":"https:\/\/skaitytaknyga.lt\/","logo":{"@type":"ImageObject","inLanguage":"en-GB","@id":"https:\/\/skaitytaknyga.lt\/#\/schema\/logo\/image\/","url":"https:\/\/skaitytaknyga.lt\/wp-content\/uploads\/2024\/05\/cropped-cropped-cropped-02_00843_jt3bggkj1j3HLc7SyY6rEUpg.jpeg","contentUrl":"https:\/\/skaitytaknyga.lt\/wp-content\/uploads\/2024\/05\/cropped-cropped-cropped-02_00843_jt3bggkj1j3HLc7SyY6rEUpg.jpeg","width":1600,"height":1600,"caption":"skaitytaknyga.lt"},"image":{"@id":"https:\/\/skaitytaknyga.lt\/#\/schema\/logo\/image\/"},"sameAs":["https:\/\/www.facebook.com\/skaitytaknyga\/"]}]}},"_links":{"self":[{"href":"https:\/\/skaitytaknyga.lt\/en\/wp-json\/wp\/v2\/product\/20901","targetHints":{"allow":["GET"]}}],"collection":[{"href":"https:\/\/skaitytaknyga.lt\/en\/wp-json\/wp\/v2\/product"}],"about":[{"href":"https:\/\/skaitytaknyga.lt\/en\/wp-json\/wp\/v2\/types\/product"}],"replies":[{"embeddable":true,"href":"https:\/\/skaitytaknyga.lt\/en\/wp-json\/wp\/v2\/comments?post=20901"}],"wp:featuredmedia":[{"embeddable":true,"href":"https:\/\/skaitytaknyga.lt\/en\/wp-json\/wp\/v2\/media\/20908"}],"wp:attachment":[{"href":"https:\/\/skaitytaknyga.lt\/en\/wp-json\/wp\/v2\/media?parent=20901"}],"wp:term":[{"taxonomy":"product_brand","embeddable":true,"href":"https:\/\/skaitytaknyga.lt\/en\/wp-json\/wp\/v2\/product_brand?post=20901"},{"taxonomy":"product_cat","embeddable":true,"href":"https:\/\/skaitytaknyga.lt\/en\/wp-json\/wp\/v2\/product_cat?post=20901"},{"taxonomy":"product_tag","embeddable":true,"href":"https:\/\/skaitytaknyga.lt\/en\/wp-json\/wp\/v2\/product_tag?post=20901"}],"curies":[{"name":"wp","href":"https:\/\/api.w.org\/{rel}","templated":true}]}}