{"id":20900,"date":"2025-09-18T10:16:28","date_gmt":"2025-09-18T07:16:28","guid":{"rendered":"https:\/\/skaitytaknyga.lt\/?post_type=product&#038;p=20900"},"modified":"2025-10-06T13:02:20","modified_gmt":"2025-10-06T10:02:20","slug":"rasalo-kraujas","status":"publish","type":"product","link":"https:\/\/skaitytaknyga.lt\/en\/produktas\/rasalo-kraujas\/","title":{"rendered":"Ra\u0161alo kraujas"},"content":{"rendered":"<p>\u201eRa\u0161alo \u0161irdyje\u201c prasid\u0117jusi istorija t\u0119siasi antrojoje trilogijos dalyje, ir \u0161\u012fkart Meg\u0117 savo noru patenka \u012f knyg\u0105, apie kuri\u0105 tiek daug buvo kalbama pirmojoje dalyje \u2013 kitaip tariant, \u012f pasaul\u012f i\u0161 ra\u0161alo ir raid\u017ei\u0173, sugalvot\u0105 ra\u0161ytojo Fonelijo.<\/p>\n<p>Knygoje pradingo ne tik jis pats, bet ir daug kit\u0173 veik\u0117j\u0173&#8230; Kaip Ra\u0161alo pasaulyje Mortola atker\u0161ys Stebuklingajam Lie\u017euviui u\u017e O\u017eiaragio mirt\u012f? Kas valdys tok\u012f nuostab\u0173 Ombros miest\u0105? Kokie i\u0161bandymai ir nusivylimai laukia Farido ir Stebuklingojo Pir\u0161to? Kovos, nelaisv\u0117, kai kuri\u0173 draug\u0173 \u017e\u016btis \u2013 net ir i\u0161galvotame pasaulyje nesi apsaugotas nuo li\u016bdesio ir i\u0161siskyrimo, bet vis tiek jis traukia ir \u017eavi, nes yra toks nekasdieni\u0161kas&#8230;<\/p>\n","protected":false},"excerpt":{"rendered":"<p>\u201eRa\u0161alo \u0161irdyje\u201c prasid\u0117jusi istorija t\u0119siasi antrojoje trilogijos dalyje, ir \u0161\u012fkart Meg\u0117 savo noru patenka \u012f knyg\u0105, apie kuri\u0105 tiek daug buvo kalbama pirmojoje dalyje \u2013 kitaip tariant, \u012f pasaul\u012f i\u0161 ra\u0161alo ir raid\u017ei\u0173, sugalvot\u0105 ra\u0161ytojo Fonelijo. Knygoje pradingo ne tik jis pats, bet ir daug kit\u0173 veik\u0117j\u0173&#8230; Kaip Ra\u0161alo pasaulyje Mortola atker\u0161ys Stebuklingajam Lie\u017euviui u\u017e O\u017eiaragio mirt\u012f? Kas valdys tok\u012f nuostab\u0173 Ombros miest\u0105? Kokie i\u0161bandymai ir nusivylimai laukia Farido ir Stebuklingojo Pir\u0161to? Kovos, nelaisv\u0117, kai kuri\u0173 draug\u0173 \u017e\u016btis \u2013 net ir i\u0161galvotame pasaulyje nesi apsaugotas nuo li\u016bdesio ir i\u0161siskyrimo, bet vis tiek jis traukia ir \u017eavi, nes yra toks nekasdieni\u0161kas&#8230;<\/p>\n","protected":false},"featured_media":20907,"comment_status":"open","ping_status":"closed","template":"","meta":{"_acf_changed":false,"site-sidebar-layout":"default","site-content-layout":"","ast-site-content-layout":"default","site-content-style":"default","site-sidebar-style":"default","ast-global-header-display":"","ast-banner-title-visibility":"","ast-main-header-display":"","ast-hfb-above-header-display":"","ast-hfb-below-header-display":"","ast-hfb-mobile-header-display":"","site-post-title":"","ast-breadcrumbs-content":"","ast-featured-img":"","footer-sml-layout":"","ast-disable-related-posts":"","theme-transparent-header-meta":"","adv-header-id-meta":"","stick-header-meta":"","header-above-stick-meta":"","header-main-stick-meta":"","header-below-stick-meta":"","astra-migrate-meta-layouts":"default","ast-page-background-enabled":"default","ast-page-background-meta":{"desktop":{"background-color":"","background-image":"","background-repeat":"repeat","background-position":"center center","background-size":"auto","background-attachment":"scroll","background-type":"","background-media":"","overlay-type":"","overlay-color":"","overlay-opacity":"","overlay-gradient":""},"tablet":{"background-color":"","background-image":"","background-repeat":"repeat","background-position":"center center","background-size":"auto","background-attachment":"scroll","background-type":"","background-media":"","overlay-type":"","overlay-color":"","overlay-opacity":"","overlay-gradient":""},"mobile":{"background-color":"","background-image":"","background-repeat":"repeat","background-position":"center center","background-size":"auto","background-attachment":"scroll","background-type":"","background-media":"","overlay-type":"","overlay-color":"","overlay-opacity":"","overlay-gradient":""}},"ast-content-background-meta":{"desktop":{"background-color":"var(--ast-global-color-4)","background-image":"","background-repeat":"repeat","background-position":"center center","background-size":"auto","background-attachment":"scroll","background-type":"","background-media":"","overlay-type":"","overlay-color":"","overlay-opacity":"","overlay-gradient":""},"tablet":{"background-color":"var(--ast-global-color-4)","background-image":"","background-repeat":"repeat","background-position":"center center","background-size":"auto","background-attachment":"scroll","background-type":"","background-media":"","overlay-type":"","overlay-color":"","overlay-opacity":"","overlay-gradient":""},"mobile":{"background-color":"var(--ast-global-color-4)","background-image":"","background-repeat":"repeat","background-position":"center center","background-size":"auto","background-attachment":"scroll","background-type":"","background-media":"","overlay-type":"","overlay-color":"","overlay-opacity":"","overlay-gradient":""}}},"product_brand":[],"product_cat":[35],"product_tag":[8644,1647,1504,3125,1755,1451,8645,3151],"class_list":{"0":"post-20900","1":"product","2":"type-product","3":"status-publish","4":"has-post-thumbnail","6":"product_cat-vaikams-ir-paaugliams","7":"product_tag-cornelia-funke","8":"product_tag-draugyste","9":"product_tag-fantastika","10":"product_tag-isbandymai","11":"product_tag-magija","12":"product_tag-nuotykiai","13":"product_tag-rasalo-pasaulis","14":"product_tag-trilogija","15":"desktop-align-left","16":"tablet-align-left","17":"mobile-align-left","19":"first","20":"instock","21":"shipping-taxable","22":"purchasable","23":"product-type-simple"},"acf":[],"yoast_head":"<!-- This site is optimized with the Yoast SEO plugin v27.0 - https:\/\/yoast.com\/product\/yoast-seo-wordpress\/ -->\n<title>Ra\u0161alo kraujas<\/title>\n<meta name=\"description\" content=\"\u201eRa\u0161alo \u0161irdyje\u201c prasid\u0117jusi istorija t\u0119siasi antrojoje trilogijos dalyje, ir \u0161\u012fkart Meg\u0117 savo noru patenka \u012f knyg\u0105, apie kuri\u0105 tiek daug buvo kalbama\" \/>\n<meta name=\"robots\" content=\"index, follow, max-snippet:-1, max-image-preview:large, max-video-preview:-1\" \/>\n<link rel=\"canonical\" href=\"https:\/\/skaitytaknyga.lt\/en\/produktas\/rasalo-kraujas\/\" \/>\n<meta property=\"og:locale\" content=\"en_GB\" \/>\n<meta property=\"og:locale:alternate\" content=\"lt_LT\" \/>\n<meta property=\"og:type\" content=\"article\" \/>\n<meta property=\"og:title\" content=\"Ra\u0161alo kraujas\" \/>\n<meta property=\"og:description\" content=\"\u201eRa\u0161alo \u0161irdyje\u201c prasid\u0117jusi istorija t\u0119siasi antrojoje trilogijos dalyje, ir \u0161\u012fkart Meg\u0117 savo noru patenka \u012f knyg\u0105, apie kuri\u0105 tiek daug buvo kalbama\" \/>\n<meta property=\"og:url\" content=\"https:\/\/skaitytaknyga.lt\/en\/produktas\/rasalo-kraujas\/\" \/>\n<meta property=\"og:site_name\" content=\"Skaitytaknyga\" \/>\n<meta property=\"article:publisher\" content=\"https:\/\/www.facebook.com\/skaitytaknyga\/\" \/>\n<meta property=\"article:modified_time\" content=\"2025-10-06T10:02:20+00:00\" \/>\n<meta property=\"og:image\" content=\"https:\/\/skaitytaknyga.lt\/wp-content\/uploads\/2025\/09\/Rasalo-kraujas-1.webp\" \/>\n\t<meta property=\"og:image:width\" content=\"300\" \/>\n\t<meta property=\"og:image:height\" content=\"441\" \/>\n\t<meta property=\"og:image:type\" content=\"image\/webp\" \/>\n<meta name=\"twitter:card\" content=\"summary_large_image\" \/>\n<meta name=\"twitter:label1\" content=\"Estimated reading time\" \/>\n\t<meta name=\"twitter:data1\" content=\"1 minute\" \/>\n<script type=\"application\/ld+json\" class=\"yoast-schema-graph\">{\"@context\":\"https:\/\/schema.org\",\"@graph\":[{\"@type\":\"WebPage\",\"@id\":\"https:\/\/skaitytaknyga.lt\/produktas\/rasalo-kraujas\/\",\"url\":\"https:\/\/skaitytaknyga.lt\/produktas\/rasalo-kraujas\/\",\"name\":\"Ra\u0161alo kraujas\",\"isPartOf\":{\"@id\":\"https:\/\/skaitytaknyga.lt\/#website\"},\"primaryImageOfPage\":{\"@id\":\"https:\/\/skaitytaknyga.lt\/produktas\/rasalo-kraujas\/#primaryimage\"},\"image\":{\"@id\":\"https:\/\/skaitytaknyga.lt\/produktas\/rasalo-kraujas\/#primaryimage\"},\"thumbnailUrl\":\"https:\/\/skaitytaknyga.lt\/wp-content\/uploads\/2025\/09\/Rasalo-kraujas-1.webp\",\"datePublished\":\"2025-09-18T07:16:28+00:00\",\"dateModified\":\"2025-10-06T10:02:20+00:00\",\"description\":\"\u201eRa\u0161alo \u0161irdyje\u201c prasid\u0117jusi istorija t\u0119siasi antrojoje trilogijos dalyje, ir \u0161\u012fkart Meg\u0117 savo noru patenka \u012f knyg\u0105, apie kuri\u0105 tiek daug buvo kalbama\",\"breadcrumb\":{\"@id\":\"https:\/\/skaitytaknyga.lt\/produktas\/rasalo-kraujas\/#breadcrumb\"},\"inLanguage\":\"en-GB\",\"potentialAction\":[{\"@type\":\"ReadAction\",\"target\":[\"https:\/\/skaitytaknyga.lt\/produktas\/rasalo-kraujas\/\"]}]},{\"@type\":\"ImageObject\",\"inLanguage\":\"en-GB\",\"@id\":\"https:\/\/skaitytaknyga.lt\/produktas\/rasalo-kraujas\/#primaryimage\",\"url\":\"https:\/\/skaitytaknyga.lt\/wp-content\/uploads\/2025\/09\/Rasalo-kraujas-1.webp\",\"contentUrl\":\"https:\/\/skaitytaknyga.lt\/wp-content\/uploads\/2025\/09\/Rasalo-kraujas-1.webp\",\"width\":300,\"height\":441},{\"@type\":\"BreadcrumbList\",\"@id\":\"https:\/\/skaitytaknyga.lt\/produktas\/rasalo-kraujas\/#breadcrumb\",\"itemListElement\":[{\"@type\":\"ListItem\",\"position\":1,\"name\":\"Home\",\"item\":\"https:\/\/skaitytaknyga.lt\/\"},{\"@type\":\"ListItem\",\"position\":2,\"name\":\"Parduotuv\u0117\",\"item\":\"https:\/\/skaitytaknyga.lt\/knygu-parduotuve\/\"},{\"@type\":\"ListItem\",\"position\":3,\"name\":\"Ra\u0161alo kraujas\"}]},{\"@type\":\"WebSite\",\"@id\":\"https:\/\/skaitytaknyga.lt\/#website\",\"url\":\"https:\/\/skaitytaknyga.lt\/\",\"name\":\"skaitytaknyga.lt\",\"description\":\"Skaitytaknyga.lt \u2013 tai ma\u017eas \u0161eimos verslas, kuris prasid\u0117jo nuo meil\u0117s knygoms ir siekio i\u0161gelb\u0117ti knygas nuo likimo prie konteinerio. Kas vienam nereikalingas daiktas \u2013 kitam lobis, o mes esame tarpininkai, kurie padeda abiems tapti laimingesniems ???? \u017dinome kaip nelengva i\u0161gyventi ma\u017eiems verslams, tad nuo \u0161iol, \u010dia rasite ir kit\u0173, ma\u017e\u0173 \u0161eim\u0173 versl\u0173, rank\u0173 darbo, dovan\u0173 sau ir artimiesiems.\",\"publisher\":{\"@id\":\"https:\/\/skaitytaknyga.lt\/#organization\"},\"potentialAction\":[{\"@type\":\"SearchAction\",\"target\":{\"@type\":\"EntryPoint\",\"urlTemplate\":\"https:\/\/skaitytaknyga.lt\/?s={search_term_string}\"},\"query-input\":{\"@type\":\"PropertyValueSpecification\",\"valueRequired\":true,\"valueName\":\"search_term_string\"}}],\"inLanguage\":\"en-GB\"},{\"@type\":\"Organization\",\"@id\":\"https:\/\/skaitytaknyga.lt\/#organization\",\"name\":\"skaitytaknyga.lt\",\"url\":\"https:\/\/skaitytaknyga.lt\/\",\"logo\":{\"@type\":\"ImageObject\",\"inLanguage\":\"en-GB\",\"@id\":\"https:\/\/skaitytaknyga.lt\/#\/schema\/logo\/image\/\",\"url\":\"https:\/\/skaitytaknyga.lt\/wp-content\/uploads\/2024\/05\/cropped-cropped-cropped-02_00843_jt3bggkj1j3HLc7SyY6rEUpg.jpeg\",\"contentUrl\":\"https:\/\/skaitytaknyga.lt\/wp-content\/uploads\/2024\/05\/cropped-cropped-cropped-02_00843_jt3bggkj1j3HLc7SyY6rEUpg.jpeg\",\"width\":1600,\"height\":1600,\"caption\":\"skaitytaknyga.lt\"},\"image\":{\"@id\":\"https:\/\/skaitytaknyga.lt\/#\/schema\/logo\/image\/\"},\"sameAs\":[\"https:\/\/www.facebook.com\/skaitytaknyga\/\"]}]}<\/script>\n<!-- \/ Yoast SEO plugin. -->","yoast_head_json":{"title":"Ra\u0161alo kraujas","description":"\u201eRa\u0161alo \u0161irdyje\u201c prasid\u0117jusi istorija t\u0119siasi antrojoje trilogijos dalyje, ir \u0161\u012fkart Meg\u0117 savo noru patenka \u012f knyg\u0105, apie kuri\u0105 tiek daug buvo kalbama","robots":{"index":"index","follow":"follow","max-snippet":"max-snippet:-1","max-image-preview":"max-image-preview:large","max-video-preview":"max-video-preview:-1"},"canonical":"https:\/\/skaitytaknyga.lt\/en\/produktas\/rasalo-kraujas\/","og_locale":"en_GB","og_type":"article","og_title":"[:lt]Ra\u0161alo kraujas[:] - Skaitytaknyga","og_description":"\u201eRa\u0161alo \u0161irdyje\u201c prasid\u0117jusi istorija t\u0119siasi antrojoje trilogijos dalyje, ir \u0161\u012fkart Meg\u0117 savo noru patenka \u012f knyg\u0105, apie kuri\u0105 tiek daug buvo kalbama","og_url":"https:\/\/skaitytaknyga.lt\/en\/produktas\/rasalo-kraujas\/","og_site_name":"Skaitytaknyga","article_publisher":"https:\/\/www.facebook.com\/skaitytaknyga\/","article_modified_time":"2025-10-06T10:02:20+00:00","og_image":[{"width":300,"height":441,"url":"https:\/\/skaitytaknyga.lt\/wp-content\/uploads\/2025\/09\/Rasalo-kraujas-1.webp","type":"image\/webp"}],"twitter_card":"summary_large_image","twitter_misc":{"Estimated reading time":"1 minute"},"schema":{"@context":"https:\/\/schema.org","@graph":[{"@type":"WebPage","@id":"https:\/\/skaitytaknyga.lt\/produktas\/rasalo-kraujas\/","url":"https:\/\/skaitytaknyga.lt\/produktas\/rasalo-kraujas\/","name":"Ra\u0161alo kraujas","isPartOf":{"@id":"https:\/\/skaitytaknyga.lt\/#website"},"primaryImageOfPage":{"@id":"https:\/\/skaitytaknyga.lt\/produktas\/rasalo-kraujas\/#primaryimage"},"image":{"@id":"https:\/\/skaitytaknyga.lt\/produktas\/rasalo-kraujas\/#primaryimage"},"thumbnailUrl":"https:\/\/skaitytaknyga.lt\/wp-content\/uploads\/2025\/09\/Rasalo-kraujas-1.webp","datePublished":"2025-09-18T07:16:28+00:00","dateModified":"2025-10-06T10:02:20+00:00","description":"\u201eRa\u0161alo \u0161irdyje\u201c prasid\u0117jusi istorija t\u0119siasi antrojoje trilogijos dalyje, ir \u0161\u012fkart Meg\u0117 savo noru patenka \u012f knyg\u0105, apie kuri\u0105 tiek daug buvo kalbama","breadcrumb":{"@id":"https:\/\/skaitytaknyga.lt\/produktas\/rasalo-kraujas\/#breadcrumb"},"inLanguage":"en-GB","potentialAction":[{"@type":"ReadAction","target":["https:\/\/skaitytaknyga.lt\/produktas\/rasalo-kraujas\/"]}]},{"@type":"ImageObject","inLanguage":"en-GB","@id":"https:\/\/skaitytaknyga.lt\/produktas\/rasalo-kraujas\/#primaryimage","url":"https:\/\/skaitytaknyga.lt\/wp-content\/uploads\/2025\/09\/Rasalo-kraujas-1.webp","contentUrl":"https:\/\/skaitytaknyga.lt\/wp-content\/uploads\/2025\/09\/Rasalo-kraujas-1.webp","width":300,"height":441},{"@type":"BreadcrumbList","@id":"https:\/\/skaitytaknyga.lt\/produktas\/rasalo-kraujas\/#breadcrumb","itemListElement":[{"@type":"ListItem","position":1,"name":"Home","item":"https:\/\/skaitytaknyga.lt\/"},{"@type":"ListItem","position":2,"name":"Parduotuv\u0117","item":"https:\/\/skaitytaknyga.lt\/knygu-parduotuve\/"},{"@type":"ListItem","position":3,"name":"Ra\u0161alo kraujas"}]},{"@type":"WebSite","@id":"https:\/\/skaitytaknyga.lt\/#website","url":"https:\/\/skaitytaknyga.lt\/","name":"skaitytaknyga.lt","description":"Skaitytaknyga.lt \u2013 tai ma\u017eas \u0161eimos verslas, kuris prasid\u0117jo nuo meil\u0117s knygoms ir siekio i\u0161gelb\u0117ti knygas nuo likimo prie konteinerio. Kas vienam nereikalingas daiktas \u2013 kitam lobis, o mes esame tarpininkai, kurie padeda abiems tapti laimingesniems ???? \u017dinome kaip nelengva i\u0161gyventi ma\u017eiems verslams, tad nuo \u0161iol, \u010dia rasite ir kit\u0173, ma\u017e\u0173 \u0161eim\u0173 versl\u0173, rank\u0173 darbo, dovan\u0173 sau ir artimiesiems.","publisher":{"@id":"https:\/\/skaitytaknyga.lt\/#organization"},"potentialAction":[{"@type":"SearchAction","target":{"@type":"EntryPoint","urlTemplate":"https:\/\/skaitytaknyga.lt\/?s={search_term_string}"},"query-input":{"@type":"PropertyValueSpecification","valueRequired":true,"valueName":"search_term_string"}}],"inLanguage":"en-GB"},{"@type":"Organization","@id":"https:\/\/skaitytaknyga.lt\/#organization","name":"skaitytaknyga.lt","url":"https:\/\/skaitytaknyga.lt\/","logo":{"@type":"ImageObject","inLanguage":"en-GB","@id":"https:\/\/skaitytaknyga.lt\/#\/schema\/logo\/image\/","url":"https:\/\/skaitytaknyga.lt\/wp-content\/uploads\/2024\/05\/cropped-cropped-cropped-02_00843_jt3bggkj1j3HLc7SyY6rEUpg.jpeg","contentUrl":"https:\/\/skaitytaknyga.lt\/wp-content\/uploads\/2024\/05\/cropped-cropped-cropped-02_00843_jt3bggkj1j3HLc7SyY6rEUpg.jpeg","width":1600,"height":1600,"caption":"skaitytaknyga.lt"},"image":{"@id":"https:\/\/skaitytaknyga.lt\/#\/schema\/logo\/image\/"},"sameAs":["https:\/\/www.facebook.com\/skaitytaknyga\/"]}]}},"_links":{"self":[{"href":"https:\/\/skaitytaknyga.lt\/en\/wp-json\/wp\/v2\/product\/20900","targetHints":{"allow":["GET"]}}],"collection":[{"href":"https:\/\/skaitytaknyga.lt\/en\/wp-json\/wp\/v2\/product"}],"about":[{"href":"https:\/\/skaitytaknyga.lt\/en\/wp-json\/wp\/v2\/types\/product"}],"replies":[{"embeddable":true,"href":"https:\/\/skaitytaknyga.lt\/en\/wp-json\/wp\/v2\/comments?post=20900"}],"wp:featuredmedia":[{"embeddable":true,"href":"https:\/\/skaitytaknyga.lt\/en\/wp-json\/wp\/v2\/media\/20907"}],"wp:attachment":[{"href":"https:\/\/skaitytaknyga.lt\/en\/wp-json\/wp\/v2\/media?parent=20900"}],"wp:term":[{"taxonomy":"product_brand","embeddable":true,"href":"https:\/\/skaitytaknyga.lt\/en\/wp-json\/wp\/v2\/product_brand?post=20900"},{"taxonomy":"product_cat","embeddable":true,"href":"https:\/\/skaitytaknyga.lt\/en\/wp-json\/wp\/v2\/product_cat?post=20900"},{"taxonomy":"product_tag","embeddable":true,"href":"https:\/\/skaitytaknyga.lt\/en\/wp-json\/wp\/v2\/product_tag?post=20900"}],"curies":[{"name":"wp","href":"https:\/\/api.w.org\/{rel}","templated":true}]}}