{"id":20892,"date":"2025-09-18T09:24:26","date_gmt":"2025-09-18T06:24:26","guid":{"rendered":"https:\/\/skaitytaknyga.lt\/?post_type=product&#038;p=20892"},"modified":"2025-10-06T13:02:20","modified_gmt":"2025-10-06T10:02:20","slug":"sventojo-gralio-brolija-akros-miesto-zlugimas","status":"publish","type":"product","link":"https:\/\/skaitytaknyga.lt\/en\/produktas\/sventojo-gralio-brolija-akros-miesto-zlugimas\/","title":{"rendered":"\u0160ventojo Gralio brolija. Akros miesto \u017elugimas"},"content":{"rendered":"<p>Libijos dykuma, 1291 metai. Per at\u0161iauri\u0105 dykyn\u0119 traukia karavanas. Kartu keliauja ir keturi jauni tamplieri\u0173 riteriai. J\u0173 globoje &#8211; gra\u017euol\u0117 pirklio dukra Beatri\u010d\u0117. J\u0173 kelion\u0117s tikslas \u2013 tolima Pranc\u016bzija.<\/p>\n<p>Tai \u2013 ne \u012fprasta kelion\u0117 per kaitros nualint\u0105 dykum\u0105. Jie sprunka nuo persekiotoj\u0173. Su savimi tamplieriai ne\u0161asi did\u017eiausi\u0105 \u017emonijos turt\u0105 \u2013 \u0160vent\u0105j\u012f Gral\u012f.<\/p>\n","protected":false},"excerpt":{"rendered":"<p>Libijos dykuma, 1291 metai. Per at\u0161iauri\u0105 dykyn\u0119 traukia karavanas. Kartu keliauja ir keturi jauni tamplieri\u0173 riteriai. J\u0173 globoje &#8211; gra\u017euol\u0117 pirklio dukra Beatri\u010d\u0117. J\u0173 kelion\u0117s tikslas \u2013 tolima Pranc\u016bzija. Tai \u2013 ne \u012fprasta kelion\u0117 per kaitros nualint\u0105 dykum\u0105. Jie sprunka nuo persekiotoj\u0173. Su savimi tamplieriai ne\u0161asi did\u017eiausi\u0105 \u017emonijos turt\u0105 \u2013 \u0160vent\u0105j\u012f Gral\u012f.<\/p>\n","protected":false},"featured_media":20898,"comment_status":"open","ping_status":"closed","template":"","meta":{"_acf_changed":false,"site-sidebar-layout":"default","site-content-layout":"","ast-site-content-layout":"default","site-content-style":"default","site-sidebar-style":"default","ast-global-header-display":"","ast-banner-title-visibility":"","ast-main-header-display":"","ast-hfb-above-header-display":"","ast-hfb-below-header-display":"","ast-hfb-mobile-header-display":"","site-post-title":"","ast-breadcrumbs-content":"","ast-featured-img":"","footer-sml-layout":"","ast-disable-related-posts":"","theme-transparent-header-meta":"","adv-header-id-meta":"","stick-header-meta":"","header-above-stick-meta":"","header-main-stick-meta":"","header-below-stick-meta":"","astra-migrate-meta-layouts":"default","ast-page-background-enabled":"default","ast-page-background-meta":{"desktop":{"background-color":"","background-image":"","background-repeat":"repeat","background-position":"center center","background-size":"auto","background-attachment":"scroll","background-type":"","background-media":"","overlay-type":"","overlay-color":"","overlay-opacity":"","overlay-gradient":""},"tablet":{"background-color":"","background-image":"","background-repeat":"repeat","background-position":"center center","background-size":"auto","background-attachment":"scroll","background-type":"","background-media":"","overlay-type":"","overlay-color":"","overlay-opacity":"","overlay-gradient":""},"mobile":{"background-color":"","background-image":"","background-repeat":"repeat","background-position":"center center","background-size":"auto","background-attachment":"scroll","background-type":"","background-media":"","overlay-type":"","overlay-color":"","overlay-opacity":"","overlay-gradient":""}},"ast-content-background-meta":{"desktop":{"background-color":"var(--ast-global-color-4)","background-image":"","background-repeat":"repeat","background-position":"center center","background-size":"auto","background-attachment":"scroll","background-type":"","background-media":"","overlay-type":"","overlay-color":"","overlay-opacity":"","overlay-gradient":""},"tablet":{"background-color":"var(--ast-global-color-4)","background-image":"","background-repeat":"repeat","background-position":"center center","background-size":"auto","background-attachment":"scroll","background-type":"","background-media":"","overlay-type":"","overlay-color":"","overlay-opacity":"","overlay-gradient":""},"mobile":{"background-color":"var(--ast-global-color-4)","background-image":"","background-repeat":"repeat","background-position":"center center","background-size":"auto","background-attachment":"scroll","background-type":"","background-media":"","overlay-type":"","overlay-color":"","overlay-opacity":"","overlay-gradient":""}}},"product_brand":[],"product_cat":[31],"product_tag":[2224,2680,8641,1451,8639,3038,8640,3040],"class_list":{"0":"post-20892","1":"product","2":"type-product","3":"status-publish","4":"has-post-thumbnail","6":"product_cat-grozine-literatura","7":"product_tag-istorija","8":"product_tag-kelione","9":"product_tag-libija","10":"product_tag-nuotykiai","11":"product_tag-rainer-m-schroder","12":"product_tag-sventasis-gralis","13":"product_tag-templarai","14":"product_tag-viduramziai","15":"desktop-align-left","16":"tablet-align-left","17":"mobile-align-left","19":"first","20":"instock","21":"shipping-taxable","22":"purchasable","23":"product-type-simple"},"acf":[],"yoast_head":"<!-- This site is optimized with the Yoast SEO plugin v27.0 - https:\/\/yoast.com\/product\/yoast-seo-wordpress\/ -->\n<title>\u0160ventojo Gralio brolija. Akros miesto \u017elugimas<\/title>\n<meta name=\"description\" content=\"Libijos dykuma, 1291 metai. Per at\u0161iauri\u0105 dykyn\u0119 traukia karavanas. Kartu keliauja ir keturi jauni tamplieri\u0173 riteriai. J\u0173 globoje - gra\u017euol\u0117 pirklio\" \/>\n<meta name=\"robots\" content=\"index, follow, max-snippet:-1, max-image-preview:large, max-video-preview:-1\" \/>\n<link rel=\"canonical\" href=\"https:\/\/skaitytaknyga.lt\/en\/produktas\/sventojo-gralio-brolija-akros-miesto-zlugimas\/\" \/>\n<meta property=\"og:locale\" content=\"en_GB\" \/>\n<meta property=\"og:locale:alternate\" content=\"lt_LT\" \/>\n<meta property=\"og:type\" content=\"article\" \/>\n<meta property=\"og:title\" content=\"\u0160ventojo Gralio brolija. Akros miesto \u017elugimas\" \/>\n<meta property=\"og:description\" content=\"Libijos dykuma, 1291 metai. Per at\u0161iauri\u0105 dykyn\u0119 traukia karavanas. Kartu keliauja ir keturi jauni tamplieri\u0173 riteriai. J\u0173 globoje - gra\u017euol\u0117 pirklio\" \/>\n<meta property=\"og:url\" content=\"https:\/\/skaitytaknyga.lt\/en\/produktas\/sventojo-gralio-brolija-akros-miesto-zlugimas\/\" \/>\n<meta property=\"og:site_name\" content=\"Skaitytaknyga\" \/>\n<meta property=\"article:publisher\" content=\"https:\/\/www.facebook.com\/skaitytaknyga\/\" \/>\n<meta property=\"article:modified_time\" content=\"2025-10-06T10:02:20+00:00\" \/>\n<meta property=\"og:image\" content=\"https:\/\/skaitytaknyga.lt\/wp-content\/uploads\/2025\/09\/Sventojo-Gralio-brolija.-Akros-miesto-zlugimas-1.webp\" \/>\n\t<meta property=\"og:image:width\" content=\"300\" \/>\n\t<meta property=\"og:image:height\" content=\"472\" \/>\n\t<meta property=\"og:image:type\" content=\"image\/webp\" \/>\n<meta name=\"twitter:card\" content=\"summary_large_image\" \/>\n<script type=\"application\/ld+json\" class=\"yoast-schema-graph\">{\"@context\":\"https:\/\/schema.org\",\"@graph\":[{\"@type\":\"WebPage\",\"@id\":\"https:\/\/skaitytaknyga.lt\/produktas\/sventojo-gralio-brolija-akros-miesto-zlugimas\/\",\"url\":\"https:\/\/skaitytaknyga.lt\/produktas\/sventojo-gralio-brolija-akros-miesto-zlugimas\/\",\"name\":\"\u0160ventojo Gralio brolija. Akros miesto \u017elugimas\",\"isPartOf\":{\"@id\":\"https:\/\/skaitytaknyga.lt\/#website\"},\"primaryImageOfPage\":{\"@id\":\"https:\/\/skaitytaknyga.lt\/produktas\/sventojo-gralio-brolija-akros-miesto-zlugimas\/#primaryimage\"},\"image\":{\"@id\":\"https:\/\/skaitytaknyga.lt\/produktas\/sventojo-gralio-brolija-akros-miesto-zlugimas\/#primaryimage\"},\"thumbnailUrl\":\"https:\/\/skaitytaknyga.lt\/wp-content\/uploads\/2025\/09\/Sventojo-Gralio-brolija.-Akros-miesto-zlugimas-1.webp\",\"datePublished\":\"2025-09-18T06:24:26+00:00\",\"dateModified\":\"2025-10-06T10:02:20+00:00\",\"description\":\"Libijos dykuma, 1291 metai. Per at\u0161iauri\u0105 dykyn\u0119 traukia karavanas. Kartu keliauja ir keturi jauni tamplieri\u0173 riteriai. J\u0173 globoje - gra\u017euol\u0117 pirklio\",\"breadcrumb\":{\"@id\":\"https:\/\/skaitytaknyga.lt\/produktas\/sventojo-gralio-brolija-akros-miesto-zlugimas\/#breadcrumb\"},\"inLanguage\":\"en-GB\",\"potentialAction\":[{\"@type\":\"ReadAction\",\"target\":[\"https:\/\/skaitytaknyga.lt\/produktas\/sventojo-gralio-brolija-akros-miesto-zlugimas\/\"]}]},{\"@type\":\"ImageObject\",\"inLanguage\":\"en-GB\",\"@id\":\"https:\/\/skaitytaknyga.lt\/produktas\/sventojo-gralio-brolija-akros-miesto-zlugimas\/#primaryimage\",\"url\":\"https:\/\/skaitytaknyga.lt\/wp-content\/uploads\/2025\/09\/Sventojo-Gralio-brolija.-Akros-miesto-zlugimas-1.webp\",\"contentUrl\":\"https:\/\/skaitytaknyga.lt\/wp-content\/uploads\/2025\/09\/Sventojo-Gralio-brolija.-Akros-miesto-zlugimas-1.webp\",\"width\":300,\"height\":472},{\"@type\":\"BreadcrumbList\",\"@id\":\"https:\/\/skaitytaknyga.lt\/produktas\/sventojo-gralio-brolija-akros-miesto-zlugimas\/#breadcrumb\",\"itemListElement\":[{\"@type\":\"ListItem\",\"position\":1,\"name\":\"Home\",\"item\":\"https:\/\/skaitytaknyga.lt\/\"},{\"@type\":\"ListItem\",\"position\":2,\"name\":\"Parduotuv\u0117\",\"item\":\"https:\/\/skaitytaknyga.lt\/knygu-parduotuve\/\"},{\"@type\":\"ListItem\",\"position\":3,\"name\":\"\u0160ventojo Gralio brolija. Akros miesto \u017elugimas\"}]},{\"@type\":\"WebSite\",\"@id\":\"https:\/\/skaitytaknyga.lt\/#website\",\"url\":\"https:\/\/skaitytaknyga.lt\/\",\"name\":\"skaitytaknyga.lt\",\"description\":\"Skaitytaknyga.lt \u2013 tai ma\u017eas \u0161eimos verslas, kuris prasid\u0117jo nuo meil\u0117s knygoms ir siekio i\u0161gelb\u0117ti knygas nuo likimo prie konteinerio. Kas vienam nereikalingas daiktas \u2013 kitam lobis, o mes esame tarpininkai, kurie padeda abiems tapti laimingesniems ???? \u017dinome kaip nelengva i\u0161gyventi ma\u017eiems verslams, tad nuo \u0161iol, \u010dia rasite ir kit\u0173, ma\u017e\u0173 \u0161eim\u0173 versl\u0173, rank\u0173 darbo, dovan\u0173 sau ir artimiesiems.\",\"publisher\":{\"@id\":\"https:\/\/skaitytaknyga.lt\/#organization\"},\"potentialAction\":[{\"@type\":\"SearchAction\",\"target\":{\"@type\":\"EntryPoint\",\"urlTemplate\":\"https:\/\/skaitytaknyga.lt\/?s={search_term_string}\"},\"query-input\":{\"@type\":\"PropertyValueSpecification\",\"valueRequired\":true,\"valueName\":\"search_term_string\"}}],\"inLanguage\":\"en-GB\"},{\"@type\":\"Organization\",\"@id\":\"https:\/\/skaitytaknyga.lt\/#organization\",\"name\":\"skaitytaknyga.lt\",\"url\":\"https:\/\/skaitytaknyga.lt\/\",\"logo\":{\"@type\":\"ImageObject\",\"inLanguage\":\"en-GB\",\"@id\":\"https:\/\/skaitytaknyga.lt\/#\/schema\/logo\/image\/\",\"url\":\"https:\/\/skaitytaknyga.lt\/wp-content\/uploads\/2024\/05\/cropped-cropped-cropped-02_00843_jt3bggkj1j3HLc7SyY6rEUpg.jpeg\",\"contentUrl\":\"https:\/\/skaitytaknyga.lt\/wp-content\/uploads\/2024\/05\/cropped-cropped-cropped-02_00843_jt3bggkj1j3HLc7SyY6rEUpg.jpeg\",\"width\":1600,\"height\":1600,\"caption\":\"skaitytaknyga.lt\"},\"image\":{\"@id\":\"https:\/\/skaitytaknyga.lt\/#\/schema\/logo\/image\/\"},\"sameAs\":[\"https:\/\/www.facebook.com\/skaitytaknyga\/\"]}]}<\/script>\n<!-- \/ Yoast SEO plugin. -->","yoast_head_json":{"title":"\u0160ventojo Gralio brolija. Akros miesto \u017elugimas","description":"Libijos dykuma, 1291 metai. Per at\u0161iauri\u0105 dykyn\u0119 traukia karavanas. Kartu keliauja ir keturi jauni tamplieri\u0173 riteriai. J\u0173 globoje - gra\u017euol\u0117 pirklio","robots":{"index":"index","follow":"follow","max-snippet":"max-snippet:-1","max-image-preview":"max-image-preview:large","max-video-preview":"max-video-preview:-1"},"canonical":"https:\/\/skaitytaknyga.lt\/en\/produktas\/sventojo-gralio-brolija-akros-miesto-zlugimas\/","og_locale":"en_GB","og_type":"article","og_title":"[:lt]\u0160ventojo Gralio brolija. Akros miesto \u017elugimas[:] - Skaitytaknyga","og_description":"Libijos dykuma, 1291 metai. Per at\u0161iauri\u0105 dykyn\u0119 traukia karavanas. Kartu keliauja ir keturi jauni tamplieri\u0173 riteriai. J\u0173 globoje - gra\u017euol\u0117 pirklio","og_url":"https:\/\/skaitytaknyga.lt\/en\/produktas\/sventojo-gralio-brolija-akros-miesto-zlugimas\/","og_site_name":"Skaitytaknyga","article_publisher":"https:\/\/www.facebook.com\/skaitytaknyga\/","article_modified_time":"2025-10-06T10:02:20+00:00","og_image":[{"width":300,"height":472,"url":"https:\/\/skaitytaknyga.lt\/wp-content\/uploads\/2025\/09\/Sventojo-Gralio-brolija.-Akros-miesto-zlugimas-1.webp","type":"image\/webp"}],"twitter_card":"summary_large_image","schema":{"@context":"https:\/\/schema.org","@graph":[{"@type":"WebPage","@id":"https:\/\/skaitytaknyga.lt\/produktas\/sventojo-gralio-brolija-akros-miesto-zlugimas\/","url":"https:\/\/skaitytaknyga.lt\/produktas\/sventojo-gralio-brolija-akros-miesto-zlugimas\/","name":"\u0160ventojo Gralio brolija. Akros miesto \u017elugimas","isPartOf":{"@id":"https:\/\/skaitytaknyga.lt\/#website"},"primaryImageOfPage":{"@id":"https:\/\/skaitytaknyga.lt\/produktas\/sventojo-gralio-brolija-akros-miesto-zlugimas\/#primaryimage"},"image":{"@id":"https:\/\/skaitytaknyga.lt\/produktas\/sventojo-gralio-brolija-akros-miesto-zlugimas\/#primaryimage"},"thumbnailUrl":"https:\/\/skaitytaknyga.lt\/wp-content\/uploads\/2025\/09\/Sventojo-Gralio-brolija.-Akros-miesto-zlugimas-1.webp","datePublished":"2025-09-18T06:24:26+00:00","dateModified":"2025-10-06T10:02:20+00:00","description":"Libijos dykuma, 1291 metai. Per at\u0161iauri\u0105 dykyn\u0119 traukia karavanas. Kartu keliauja ir keturi jauni tamplieri\u0173 riteriai. J\u0173 globoje - gra\u017euol\u0117 pirklio","breadcrumb":{"@id":"https:\/\/skaitytaknyga.lt\/produktas\/sventojo-gralio-brolija-akros-miesto-zlugimas\/#breadcrumb"},"inLanguage":"en-GB","potentialAction":[{"@type":"ReadAction","target":["https:\/\/skaitytaknyga.lt\/produktas\/sventojo-gralio-brolija-akros-miesto-zlugimas\/"]}]},{"@type":"ImageObject","inLanguage":"en-GB","@id":"https:\/\/skaitytaknyga.lt\/produktas\/sventojo-gralio-brolija-akros-miesto-zlugimas\/#primaryimage","url":"https:\/\/skaitytaknyga.lt\/wp-content\/uploads\/2025\/09\/Sventojo-Gralio-brolija.-Akros-miesto-zlugimas-1.webp","contentUrl":"https:\/\/skaitytaknyga.lt\/wp-content\/uploads\/2025\/09\/Sventojo-Gralio-brolija.-Akros-miesto-zlugimas-1.webp","width":300,"height":472},{"@type":"BreadcrumbList","@id":"https:\/\/skaitytaknyga.lt\/produktas\/sventojo-gralio-brolija-akros-miesto-zlugimas\/#breadcrumb","itemListElement":[{"@type":"ListItem","position":1,"name":"Home","item":"https:\/\/skaitytaknyga.lt\/"},{"@type":"ListItem","position":2,"name":"Parduotuv\u0117","item":"https:\/\/skaitytaknyga.lt\/knygu-parduotuve\/"},{"@type":"ListItem","position":3,"name":"\u0160ventojo Gralio brolija. Akros miesto \u017elugimas"}]},{"@type":"WebSite","@id":"https:\/\/skaitytaknyga.lt\/#website","url":"https:\/\/skaitytaknyga.lt\/","name":"skaitytaknyga.lt","description":"Skaitytaknyga.lt \u2013 tai ma\u017eas \u0161eimos verslas, kuris prasid\u0117jo nuo meil\u0117s knygoms ir siekio i\u0161gelb\u0117ti knygas nuo likimo prie konteinerio. Kas vienam nereikalingas daiktas \u2013 kitam lobis, o mes esame tarpininkai, kurie padeda abiems tapti laimingesniems ???? \u017dinome kaip nelengva i\u0161gyventi ma\u017eiems verslams, tad nuo \u0161iol, \u010dia rasite ir kit\u0173, ma\u017e\u0173 \u0161eim\u0173 versl\u0173, rank\u0173 darbo, dovan\u0173 sau ir artimiesiems.","publisher":{"@id":"https:\/\/skaitytaknyga.lt\/#organization"},"potentialAction":[{"@type":"SearchAction","target":{"@type":"EntryPoint","urlTemplate":"https:\/\/skaitytaknyga.lt\/?s={search_term_string}"},"query-input":{"@type":"PropertyValueSpecification","valueRequired":true,"valueName":"search_term_string"}}],"inLanguage":"en-GB"},{"@type":"Organization","@id":"https:\/\/skaitytaknyga.lt\/#organization","name":"skaitytaknyga.lt","url":"https:\/\/skaitytaknyga.lt\/","logo":{"@type":"ImageObject","inLanguage":"en-GB","@id":"https:\/\/skaitytaknyga.lt\/#\/schema\/logo\/image\/","url":"https:\/\/skaitytaknyga.lt\/wp-content\/uploads\/2024\/05\/cropped-cropped-cropped-02_00843_jt3bggkj1j3HLc7SyY6rEUpg.jpeg","contentUrl":"https:\/\/skaitytaknyga.lt\/wp-content\/uploads\/2024\/05\/cropped-cropped-cropped-02_00843_jt3bggkj1j3HLc7SyY6rEUpg.jpeg","width":1600,"height":1600,"caption":"skaitytaknyga.lt"},"image":{"@id":"https:\/\/skaitytaknyga.lt\/#\/schema\/logo\/image\/"},"sameAs":["https:\/\/www.facebook.com\/skaitytaknyga\/"]}]}},"_links":{"self":[{"href":"https:\/\/skaitytaknyga.lt\/en\/wp-json\/wp\/v2\/product\/20892","targetHints":{"allow":["GET"]}}],"collection":[{"href":"https:\/\/skaitytaknyga.lt\/en\/wp-json\/wp\/v2\/product"}],"about":[{"href":"https:\/\/skaitytaknyga.lt\/en\/wp-json\/wp\/v2\/types\/product"}],"replies":[{"embeddable":true,"href":"https:\/\/skaitytaknyga.lt\/en\/wp-json\/wp\/v2\/comments?post=20892"}],"wp:featuredmedia":[{"embeddable":true,"href":"https:\/\/skaitytaknyga.lt\/en\/wp-json\/wp\/v2\/media\/20898"}],"wp:attachment":[{"href":"https:\/\/skaitytaknyga.lt\/en\/wp-json\/wp\/v2\/media?parent=20892"}],"wp:term":[{"taxonomy":"product_brand","embeddable":true,"href":"https:\/\/skaitytaknyga.lt\/en\/wp-json\/wp\/v2\/product_brand?post=20892"},{"taxonomy":"product_cat","embeddable":true,"href":"https:\/\/skaitytaknyga.lt\/en\/wp-json\/wp\/v2\/product_cat?post=20892"},{"taxonomy":"product_tag","embeddable":true,"href":"https:\/\/skaitytaknyga.lt\/en\/wp-json\/wp\/v2\/product_tag?post=20892"}],"curies":[{"name":"wp","href":"https:\/\/api.w.org\/{rel}","templated":true}]}}