{"id":20891,"date":"2025-09-18T09:24:26","date_gmt":"2025-09-18T06:24:26","guid":{"rendered":"https:\/\/skaitytaknyga.lt\/?post_type=product&#038;p=20891"},"modified":"2026-03-18T14:59:42","modified_gmt":"2026-03-18T12:59:42","slug":"mindaugas-karaliskasis-kraujas","status":"publish","type":"product","link":"https:\/\/skaitytaknyga.lt\/en\/produktas\/mindaugas-karaliskasis-kraujas\/","title":{"rendered":"Mindaugas \u2013 karali\u0161kasis kraujas"},"content":{"rendered":"<p>Dviej\u0173 dali\u0173 istorinis romanas. Pirmoji knyga, kurioje taip vaizd\u017eiai atkuriama Mindaugo laik\u0173 Did\u017eioji Lietuvos Kunigaik\u0161tyst\u0117. Atskleid\u017eiama, kaip Mindaugas negailestingomis kovomis, i\u0161mintingumu bei \u012f\u017evalgiu gudrumu sujung\u0117 balt\u0173 \u017eemes \u012f viening\u0105 Lietuvos karalyst\u0119. Tai pasidid\u017eiavimo ir patriotizmo sen\u0105ja Lietuvos istorija kupina knyga.<\/p>\n","protected":false},"excerpt":{"rendered":"<p>Dviej\u0173 dali\u0173 istorinis romanas. Pirmoji knyga, kurioje taip vaizd\u017eiai atkuriama Mindaugo laik\u0173 Did\u017eioji Lietuvos Kunigaik\u0161tyst\u0117. Atskleid\u017eiama, kaip Mindaugas negailestingomis kovomis, i\u0161mintingumu bei \u012f\u017evalgiu gudrumu sujung\u0117 balt\u0173 \u017eemes \u012f viening\u0105 Lietuvos karalyst\u0119. Tai pasidid\u017eiavimo ir patriotizmo sen\u0105ja Lietuvos istorija kupina knyga.<\/p>\n","protected":false},"featured_media":20896,"comment_status":"open","ping_status":"closed","template":"","meta":{"_acf_changed":false,"site-sidebar-layout":"default","site-content-layout":"","ast-site-content-layout":"default","site-content-style":"default","site-sidebar-style":"default","ast-global-header-display":"","ast-banner-title-visibility":"","ast-main-header-display":"","ast-hfb-above-header-display":"","ast-hfb-below-header-display":"","ast-hfb-mobile-header-display":"","site-post-title":"","ast-breadcrumbs-content":"","ast-featured-img":"","footer-sml-layout":"","ast-disable-related-posts":"","theme-transparent-header-meta":"","adv-header-id-meta":"","stick-header-meta":"","header-above-stick-meta":"","header-main-stick-meta":"","header-below-stick-meta":"","astra-migrate-meta-layouts":"default","ast-page-background-enabled":"default","ast-page-background-meta":{"desktop":{"background-color":"","background-image":"","background-repeat":"repeat","background-position":"center center","background-size":"auto","background-attachment":"scroll","background-type":"","background-media":"","overlay-type":"","overlay-color":"","overlay-opacity":"","overlay-gradient":""},"tablet":{"background-color":"","background-image":"","background-repeat":"repeat","background-position":"center center","background-size":"auto","background-attachment":"scroll","background-type":"","background-media":"","overlay-type":"","overlay-color":"","overlay-opacity":"","overlay-gradient":""},"mobile":{"background-color":"","background-image":"","background-repeat":"repeat","background-position":"center center","background-size":"auto","background-attachment":"scroll","background-type":"","background-media":"","overlay-type":"","overlay-color":"","overlay-opacity":"","overlay-gradient":""}},"ast-content-background-meta":{"desktop":{"background-color":"var(--ast-global-color-4)","background-image":"","background-repeat":"repeat","background-position":"center center","background-size":"auto","background-attachment":"scroll","background-type":"","background-media":"","overlay-type":"","overlay-color":"","overlay-opacity":"","overlay-gradient":""},"tablet":{"background-color":"var(--ast-global-color-4)","background-image":"","background-repeat":"repeat","background-position":"center center","background-size":"auto","background-attachment":"scroll","background-type":"","background-media":"","overlay-type":"","overlay-color":"","overlay-opacity":"","overlay-gradient":""},"mobile":{"background-color":"var(--ast-global-color-4)","background-image":"","background-repeat":"repeat","background-position":"center center","background-size":"auto","background-attachment":"scroll","background-type":"","background-media":"","overlay-type":"","overlay-color":"","overlay-opacity":"","overlay-gradient":""}}},"product_brand":[],"product_cat":[9862,174],"product_tag":[2224,8637,8638,8516,3426,3427,2444],"class_list":{"0":"post-20891","1":"product","2":"type-product","3":"status-publish","4":"has-post-thumbnail","6":"product_cat-lietuvos-istorija","7":"product_cat-istorija-ir-politologija","8":"product_tag-istorija","9":"product_tag-jonas-uzurka","10":"product_tag-karaliskumas","11":"product_tag-kovos","12":"product_tag-lietuvos-didzioji-kunigaikstyste","13":"product_tag-mindaugas","14":"product_tag-patriotizmas","15":"desktop-align-left","16":"tablet-align-left","17":"mobile-align-left","19":"first","20":"instock","21":"shipping-taxable","22":"purchasable","23":"product-type-simple"},"acf":[],"yoast_head":"<!-- This site is optimized with the Yoast SEO plugin v27.0 - https:\/\/yoast.com\/product\/yoast-seo-wordpress\/ -->\n<title>Mindaugas \u2013 karali\u0161kasis kraujas<\/title>\n<meta name=\"description\" content=\"Dviej\u0173 dali\u0173 istorinis romanas. Pirmoji knyga, kurioje taip vaizd\u017eiai atkuriama Mindaugo laik\u0173 Did\u017eioji Lietuvos Kunigaik\u0161tyst\u0117. Atskleid\u017eiama, kaip\" \/>\n<meta name=\"robots\" content=\"index, follow, max-snippet:-1, max-image-preview:large, max-video-preview:-1\" \/>\n<link rel=\"canonical\" href=\"https:\/\/skaitytaknyga.lt\/en\/produktas\/mindaugas-karaliskasis-kraujas\/\" \/>\n<meta property=\"og:locale\" content=\"en_GB\" \/>\n<meta property=\"og:locale:alternate\" content=\"lt_LT\" \/>\n<meta property=\"og:type\" content=\"article\" \/>\n<meta property=\"og:title\" content=\"Mindaugas \u2013 karali\u0161kasis kraujas\" \/>\n<meta property=\"og:description\" content=\"Dviej\u0173 dali\u0173 istorinis romanas. Pirmoji knyga, kurioje taip vaizd\u017eiai atkuriama Mindaugo laik\u0173 Did\u017eioji Lietuvos Kunigaik\u0161tyst\u0117. Atskleid\u017eiama, kaip\" \/>\n<meta property=\"og:url\" content=\"https:\/\/skaitytaknyga.lt\/en\/produktas\/mindaugas-karaliskasis-kraujas\/\" \/>\n<meta property=\"og:site_name\" content=\"Skaitytaknyga\" \/>\n<meta property=\"article:publisher\" content=\"https:\/\/www.facebook.com\/skaitytaknyga\/\" \/>\n<meta property=\"article:modified_time\" content=\"2026-03-18T12:59:42+00:00\" \/>\n<meta property=\"og:image\" content=\"https:\/\/skaitytaknyga.lt\/wp-content\/uploads\/2025\/09\/Mindaugas-\u2013-karaliskasis-kraujas-1.webp\" \/>\n\t<meta property=\"og:image:width\" content=\"300\" \/>\n\t<meta property=\"og:image:height\" content=\"430\" \/>\n\t<meta property=\"og:image:type\" content=\"image\/webp\" \/>\n<meta name=\"twitter:card\" content=\"summary_large_image\" \/>\n<script type=\"application\/ld+json\" class=\"yoast-schema-graph\">{\"@context\":\"https:\/\/schema.org\",\"@graph\":[{\"@type\":\"WebPage\",\"@id\":\"https:\/\/skaitytaknyga.lt\/produktas\/mindaugas-karaliskasis-kraujas\/\",\"url\":\"https:\/\/skaitytaknyga.lt\/produktas\/mindaugas-karaliskasis-kraujas\/\",\"name\":\"Mindaugas \u2013 karali\u0161kasis kraujas\",\"isPartOf\":{\"@id\":\"https:\/\/skaitytaknyga.lt\/#website\"},\"primaryImageOfPage\":{\"@id\":\"https:\/\/skaitytaknyga.lt\/produktas\/mindaugas-karaliskasis-kraujas\/#primaryimage\"},\"image\":{\"@id\":\"https:\/\/skaitytaknyga.lt\/produktas\/mindaugas-karaliskasis-kraujas\/#primaryimage\"},\"thumbnailUrl\":\"https:\/\/skaitytaknyga.lt\/wp-content\/uploads\/2025\/09\/Mindaugas-\u2013-karaliskasis-kraujas-1.webp\",\"datePublished\":\"2025-09-18T06:24:26+00:00\",\"dateModified\":\"2026-03-18T12:59:42+00:00\",\"description\":\"Dviej\u0173 dali\u0173 istorinis romanas. Pirmoji knyga, kurioje taip vaizd\u017eiai atkuriama Mindaugo laik\u0173 Did\u017eioji Lietuvos Kunigaik\u0161tyst\u0117. Atskleid\u017eiama, kaip\",\"breadcrumb\":{\"@id\":\"https:\/\/skaitytaknyga.lt\/produktas\/mindaugas-karaliskasis-kraujas\/#breadcrumb\"},\"inLanguage\":\"en-GB\",\"potentialAction\":[{\"@type\":\"ReadAction\",\"target\":[\"https:\/\/skaitytaknyga.lt\/produktas\/mindaugas-karaliskasis-kraujas\/\"]}]},{\"@type\":\"ImageObject\",\"inLanguage\":\"en-GB\",\"@id\":\"https:\/\/skaitytaknyga.lt\/produktas\/mindaugas-karaliskasis-kraujas\/#primaryimage\",\"url\":\"https:\/\/skaitytaknyga.lt\/wp-content\/uploads\/2025\/09\/Mindaugas-\u2013-karaliskasis-kraujas-1.webp\",\"contentUrl\":\"https:\/\/skaitytaknyga.lt\/wp-content\/uploads\/2025\/09\/Mindaugas-\u2013-karaliskasis-kraujas-1.webp\",\"width\":300,\"height\":430},{\"@type\":\"BreadcrumbList\",\"@id\":\"https:\/\/skaitytaknyga.lt\/produktas\/mindaugas-karaliskasis-kraujas\/#breadcrumb\",\"itemListElement\":[{\"@type\":\"ListItem\",\"position\":1,\"name\":\"Home\",\"item\":\"https:\/\/skaitytaknyga.lt\/\"},{\"@type\":\"ListItem\",\"position\":2,\"name\":\"Parduotuv\u0117\",\"item\":\"https:\/\/skaitytaknyga.lt\/knygu-parduotuve\/\"},{\"@type\":\"ListItem\",\"position\":3,\"name\":\"Mindaugas \u2013 karali\u0161kasis kraujas\"}]},{\"@type\":\"WebSite\",\"@id\":\"https:\/\/skaitytaknyga.lt\/#website\",\"url\":\"https:\/\/skaitytaknyga.lt\/\",\"name\":\"skaitytaknyga.lt\",\"description\":\"Skaitytaknyga.lt \u2013 tai ma\u017eas \u0161eimos verslas, kuris prasid\u0117jo nuo meil\u0117s knygoms ir siekio i\u0161gelb\u0117ti knygas nuo likimo prie konteinerio. Kas vienam nereikalingas daiktas \u2013 kitam lobis, o mes esame tarpininkai, kurie padeda abiems tapti laimingesniems ???? \u017dinome kaip nelengva i\u0161gyventi ma\u017eiems verslams, tad nuo \u0161iol, \u010dia rasite ir kit\u0173, ma\u017e\u0173 \u0161eim\u0173 versl\u0173, rank\u0173 darbo, dovan\u0173 sau ir artimiesiems.\",\"publisher\":{\"@id\":\"https:\/\/skaitytaknyga.lt\/#organization\"},\"potentialAction\":[{\"@type\":\"SearchAction\",\"target\":{\"@type\":\"EntryPoint\",\"urlTemplate\":\"https:\/\/skaitytaknyga.lt\/?s={search_term_string}\"},\"query-input\":{\"@type\":\"PropertyValueSpecification\",\"valueRequired\":true,\"valueName\":\"search_term_string\"}}],\"inLanguage\":\"en-GB\"},{\"@type\":\"Organization\",\"@id\":\"https:\/\/skaitytaknyga.lt\/#organization\",\"name\":\"skaitytaknyga.lt\",\"url\":\"https:\/\/skaitytaknyga.lt\/\",\"logo\":{\"@type\":\"ImageObject\",\"inLanguage\":\"en-GB\",\"@id\":\"https:\/\/skaitytaknyga.lt\/#\/schema\/logo\/image\/\",\"url\":\"https:\/\/skaitytaknyga.lt\/wp-content\/uploads\/2024\/05\/cropped-cropped-cropped-02_00843_jt3bggkj1j3HLc7SyY6rEUpg.jpeg\",\"contentUrl\":\"https:\/\/skaitytaknyga.lt\/wp-content\/uploads\/2024\/05\/cropped-cropped-cropped-02_00843_jt3bggkj1j3HLc7SyY6rEUpg.jpeg\",\"width\":1600,\"height\":1600,\"caption\":\"skaitytaknyga.lt\"},\"image\":{\"@id\":\"https:\/\/skaitytaknyga.lt\/#\/schema\/logo\/image\/\"},\"sameAs\":[\"https:\/\/www.facebook.com\/skaitytaknyga\/\"]}]}<\/script>\n<!-- \/ Yoast SEO plugin. -->","yoast_head_json":{"title":"Mindaugas \u2013 karali\u0161kasis kraujas","description":"Dviej\u0173 dali\u0173 istorinis romanas. Pirmoji knyga, kurioje taip vaizd\u017eiai atkuriama Mindaugo laik\u0173 Did\u017eioji Lietuvos Kunigaik\u0161tyst\u0117. Atskleid\u017eiama, kaip","robots":{"index":"index","follow":"follow","max-snippet":"max-snippet:-1","max-image-preview":"max-image-preview:large","max-video-preview":"max-video-preview:-1"},"canonical":"https:\/\/skaitytaknyga.lt\/en\/produktas\/mindaugas-karaliskasis-kraujas\/","og_locale":"en_GB","og_type":"article","og_title":"[:lt]Mindaugas \u2013 karali\u0161kasis kraujas[:] - Skaitytaknyga","og_description":"Dviej\u0173 dali\u0173 istorinis romanas. Pirmoji knyga, kurioje taip vaizd\u017eiai atkuriama Mindaugo laik\u0173 Did\u017eioji Lietuvos Kunigaik\u0161tyst\u0117. Atskleid\u017eiama, kaip","og_url":"https:\/\/skaitytaknyga.lt\/en\/produktas\/mindaugas-karaliskasis-kraujas\/","og_site_name":"Skaitytaknyga","article_publisher":"https:\/\/www.facebook.com\/skaitytaknyga\/","article_modified_time":"2026-03-18T12:59:42+00:00","og_image":[{"width":300,"height":430,"url":"https:\/\/skaitytaknyga.lt\/wp-content\/uploads\/2025\/09\/Mindaugas-\u2013-karaliskasis-kraujas-1.webp","type":"image\/webp"}],"twitter_card":"summary_large_image","schema":{"@context":"https:\/\/schema.org","@graph":[{"@type":"WebPage","@id":"https:\/\/skaitytaknyga.lt\/produktas\/mindaugas-karaliskasis-kraujas\/","url":"https:\/\/skaitytaknyga.lt\/produktas\/mindaugas-karaliskasis-kraujas\/","name":"Mindaugas \u2013 karali\u0161kasis kraujas","isPartOf":{"@id":"https:\/\/skaitytaknyga.lt\/#website"},"primaryImageOfPage":{"@id":"https:\/\/skaitytaknyga.lt\/produktas\/mindaugas-karaliskasis-kraujas\/#primaryimage"},"image":{"@id":"https:\/\/skaitytaknyga.lt\/produktas\/mindaugas-karaliskasis-kraujas\/#primaryimage"},"thumbnailUrl":"https:\/\/skaitytaknyga.lt\/wp-content\/uploads\/2025\/09\/Mindaugas-\u2013-karaliskasis-kraujas-1.webp","datePublished":"2025-09-18T06:24:26+00:00","dateModified":"2026-03-18T12:59:42+00:00","description":"Dviej\u0173 dali\u0173 istorinis romanas. Pirmoji knyga, kurioje taip vaizd\u017eiai atkuriama Mindaugo laik\u0173 Did\u017eioji Lietuvos Kunigaik\u0161tyst\u0117. Atskleid\u017eiama, kaip","breadcrumb":{"@id":"https:\/\/skaitytaknyga.lt\/produktas\/mindaugas-karaliskasis-kraujas\/#breadcrumb"},"inLanguage":"en-GB","potentialAction":[{"@type":"ReadAction","target":["https:\/\/skaitytaknyga.lt\/produktas\/mindaugas-karaliskasis-kraujas\/"]}]},{"@type":"ImageObject","inLanguage":"en-GB","@id":"https:\/\/skaitytaknyga.lt\/produktas\/mindaugas-karaliskasis-kraujas\/#primaryimage","url":"https:\/\/skaitytaknyga.lt\/wp-content\/uploads\/2025\/09\/Mindaugas-\u2013-karaliskasis-kraujas-1.webp","contentUrl":"https:\/\/skaitytaknyga.lt\/wp-content\/uploads\/2025\/09\/Mindaugas-\u2013-karaliskasis-kraujas-1.webp","width":300,"height":430},{"@type":"BreadcrumbList","@id":"https:\/\/skaitytaknyga.lt\/produktas\/mindaugas-karaliskasis-kraujas\/#breadcrumb","itemListElement":[{"@type":"ListItem","position":1,"name":"Home","item":"https:\/\/skaitytaknyga.lt\/"},{"@type":"ListItem","position":2,"name":"Parduotuv\u0117","item":"https:\/\/skaitytaknyga.lt\/knygu-parduotuve\/"},{"@type":"ListItem","position":3,"name":"Mindaugas \u2013 karali\u0161kasis kraujas"}]},{"@type":"WebSite","@id":"https:\/\/skaitytaknyga.lt\/#website","url":"https:\/\/skaitytaknyga.lt\/","name":"skaitytaknyga.lt","description":"Skaitytaknyga.lt \u2013 tai ma\u017eas \u0161eimos verslas, kuris prasid\u0117jo nuo meil\u0117s knygoms ir siekio i\u0161gelb\u0117ti knygas nuo likimo prie konteinerio. Kas vienam nereikalingas daiktas \u2013 kitam lobis, o mes esame tarpininkai, kurie padeda abiems tapti laimingesniems ???? \u017dinome kaip nelengva i\u0161gyventi ma\u017eiems verslams, tad nuo \u0161iol, \u010dia rasite ir kit\u0173, ma\u017e\u0173 \u0161eim\u0173 versl\u0173, rank\u0173 darbo, dovan\u0173 sau ir artimiesiems.","publisher":{"@id":"https:\/\/skaitytaknyga.lt\/#organization"},"potentialAction":[{"@type":"SearchAction","target":{"@type":"EntryPoint","urlTemplate":"https:\/\/skaitytaknyga.lt\/?s={search_term_string}"},"query-input":{"@type":"PropertyValueSpecification","valueRequired":true,"valueName":"search_term_string"}}],"inLanguage":"en-GB"},{"@type":"Organization","@id":"https:\/\/skaitytaknyga.lt\/#organization","name":"skaitytaknyga.lt","url":"https:\/\/skaitytaknyga.lt\/","logo":{"@type":"ImageObject","inLanguage":"en-GB","@id":"https:\/\/skaitytaknyga.lt\/#\/schema\/logo\/image\/","url":"https:\/\/skaitytaknyga.lt\/wp-content\/uploads\/2024\/05\/cropped-cropped-cropped-02_00843_jt3bggkj1j3HLc7SyY6rEUpg.jpeg","contentUrl":"https:\/\/skaitytaknyga.lt\/wp-content\/uploads\/2024\/05\/cropped-cropped-cropped-02_00843_jt3bggkj1j3HLc7SyY6rEUpg.jpeg","width":1600,"height":1600,"caption":"skaitytaknyga.lt"},"image":{"@id":"https:\/\/skaitytaknyga.lt\/#\/schema\/logo\/image\/"},"sameAs":["https:\/\/www.facebook.com\/skaitytaknyga\/"]}]}},"_links":{"self":[{"href":"https:\/\/skaitytaknyga.lt\/en\/wp-json\/wp\/v2\/product\/20891","targetHints":{"allow":["GET"]}}],"collection":[{"href":"https:\/\/skaitytaknyga.lt\/en\/wp-json\/wp\/v2\/product"}],"about":[{"href":"https:\/\/skaitytaknyga.lt\/en\/wp-json\/wp\/v2\/types\/product"}],"replies":[{"embeddable":true,"href":"https:\/\/skaitytaknyga.lt\/en\/wp-json\/wp\/v2\/comments?post=20891"}],"wp:featuredmedia":[{"embeddable":true,"href":"https:\/\/skaitytaknyga.lt\/en\/wp-json\/wp\/v2\/media\/20896"}],"wp:attachment":[{"href":"https:\/\/skaitytaknyga.lt\/en\/wp-json\/wp\/v2\/media?parent=20891"}],"wp:term":[{"taxonomy":"product_brand","embeddable":true,"href":"https:\/\/skaitytaknyga.lt\/en\/wp-json\/wp\/v2\/product_brand?post=20891"},{"taxonomy":"product_cat","embeddable":true,"href":"https:\/\/skaitytaknyga.lt\/en\/wp-json\/wp\/v2\/product_cat?post=20891"},{"taxonomy":"product_tag","embeddable":true,"href":"https:\/\/skaitytaknyga.lt\/en\/wp-json\/wp\/v2\/product_tag?post=20891"}],"curies":[{"name":"wp","href":"https:\/\/api.w.org\/{rel}","templated":true}]}}