{"id":20890,"date":"2025-09-18T09:24:26","date_gmt":"2025-09-18T06:24:26","guid":{"rendered":"https:\/\/skaitytaknyga.lt\/?post_type=product&#038;p=20890"},"modified":"2025-10-06T13:02:07","modified_gmt":"2025-10-06T10:02:07","slug":"bizantijos-eunuchas","status":"publish","type":"product","link":"https:\/\/skaitytaknyga.lt\/en\/produktas\/bizantijos-eunuchas\/","title":{"rendered":"Bizantijos eunuchas"},"content":{"rendered":"<p>Erezij\u0173, aistr\u0173, \u017emog\u017eudys\u010di\u0173 ir intrig\u0173 labirintas \u017eiauriame ir spindin\u010diame Konstantinopolyje&#8230; Sveiki atvyk\u0119 \u012f IX-ojo am\u017eiaus Bizantij\u0105.<\/p>\n<p>\u017di\u016br\u0117damas \u012f j\u0105 suvokiau, kad a\u0161 taip pat ne statula. Ar gali grynas gro\u017eis sukelti tokios belyt\u0117s b\u016btyb\u0117s kaip a\u0161 susi\u017eav\u0117jim\u0105?<\/p>\n<p>IX-ojo am\u017eiaus Bizantija, kunkuliuojanti politin\u0117mis ir religin\u0117mis intrigomis. Nors imperij\u0105 silpnina erezijos, jai grasina barbarai, Konstantinopolio valdovai r\u016bpinasi tik savimi. Ir nuo\u017emus generolas, ir berniukas-imperatorius, ir pasaulieti\u0161kas patriarchas, ir pras\u010diokas uzurpatorius, ir viking\u0173 kraujo turinti imperatorien\u0117 \u2013 visi kovoja d\u0117l vald\u017eios n\u0117 ne\u012ftardami, jog tikroji galia slypi kitur \u2013 sukt\u0173, i\u0161tvirkusi\u0173 ir pavojing\u0173 r\u016bm\u0173 eunuch\u0173 naguose.<\/p>\n<p>Vieno \u012ftakingiausi\u0173 i\u0161 eunuch\u0173 atsiminimai prasideda tuomet dar jaunu\u010dio, nelaisv\u0117je i\u0161kastruoto berniuko pardavimu Fotijui \u2013 garsiausiam t\u0173 laik\u0173 mokslo \u017emogui. S\u0105mokslai, apgaul\u0117s, manipuliacijos, \u017emog\u017eudyst\u0117s \u2013 visa tai rasite spalvingame, erudicija try\u0161tan\u010diame ir ne syk\u012f \u0161okiruojan\u010diame pasakojime, kuriame puikiai dera Aristotelio, Platono ir kit\u0173 seniai u\u017emir\u0161t\u0173 filosof\u0173 id\u0117jos, pasteb\u0117jimai apie krik\u0161\u010dioni\u0173 ortodoksijos vystym\u0105si ir egzoti\u0161k\u0105 eunuch\u0173 prigimt\u012f, o istorini\u0173 asmenybi\u0173 ir fakt\u0173 gausa (pavyzd\u017eiui, su\u017einosite, kaip bulgarams buvo sukurta naujoji ab\u0117c\u0117l\u0117, v\u0117liau virtusi rus\u0173 kirilica) patenkins net i\u0161rankiausi\u0105 \u017einov\u0105.<\/p>\n","protected":false},"excerpt":{"rendered":"<p>Erezij\u0173, aistr\u0173, \u017emog\u017eudys\u010di\u0173 ir intrig\u0173 labirintas \u017eiauriame ir spindin\u010diame Konstantinopolyje&#8230; Sveiki atvyk\u0119 \u012f IX-ojo am\u017eiaus Bizantij\u0105. \u017di\u016br\u0117damas \u012f j\u0105 suvokiau, kad a\u0161 taip pat ne statula. Ar gali grynas gro\u017eis sukelti tokios belyt\u0117s b\u016btyb\u0117s kaip a\u0161 susi\u017eav\u0117jim\u0105? IX-ojo am\u017eiaus Bizantija, kunkuliuojanti politin\u0117mis ir religin\u0117mis intrigomis. Nors imperij\u0105 silpnina erezijos, jai grasina barbarai, Konstantinopolio valdovai r\u016bpinasi tik savimi. Ir nuo\u017emus generolas, ir berniukas-imperatorius, ir pasaulieti\u0161kas patriarchas, ir pras\u010diokas uzurpatorius, ir viking\u0173 kraujo turinti imperatorien\u0117 \u2013 visi kovoja d\u0117l vald\u017eios n\u0117 ne\u012ftardami, jog tikroji galia slypi kitur \u2013 sukt\u0173, i\u0161tvirkusi\u0173 ir pavojing\u0173 r\u016bm\u0173 eunuch\u0173 naguose. Vieno \u012ftakingiausi\u0173 i\u0161 eunuch\u0173 atsiminimai prasideda tuomet dar jaunu\u010dio, nelaisv\u0117je i\u0161kastruoto berniuko pardavimu Fotijui \u2013 garsiausiam t\u0173 laik\u0173 mokslo \u017emogui. S\u0105mokslai, apgaul\u0117s, manipuliacijos, \u017emog\u017eudyst\u0117s \u2013 visa tai rasite spalvingame, erudicija try\u0161tan\u010diame ir ne syk\u012f \u0161okiruojan\u010diame pasakojime, kuriame puikiai dera Aristotelio, Platono ir kit\u0173 seniai u\u017emir\u0161t\u0173 filosof\u0173 id\u0117jos, pasteb\u0117jimai apie krik\u0161\u010dioni\u0173 ortodoksijos vystym\u0105si ir egzoti\u0161k\u0105 eunuch\u0173 prigimt\u012f, o istorini\u0173 asmenybi\u0173 ir fakt\u0173 gausa (pavyzd\u017eiui, su\u017einosite, kaip bulgarams buvo sukurta naujoji ab\u0117c\u0117l\u0117, v\u0117liau virtusi rus\u0173 kirilica) patenkins net i\u0161rankiausi\u0105 \u017einov\u0105.<\/p>\n","protected":false},"featured_media":20895,"comment_status":"open","ping_status":"closed","template":"","meta":{"_acf_changed":false,"site-sidebar-layout":"default","site-content-layout":"","ast-site-content-layout":"default","site-content-style":"default","site-sidebar-style":"default","ast-global-header-display":"","ast-banner-title-visibility":"","ast-main-header-display":"","ast-hfb-above-header-display":"","ast-hfb-below-header-display":"","ast-hfb-mobile-header-display":"","site-post-title":"","ast-breadcrumbs-content":"","ast-featured-img":"","footer-sml-layout":"","ast-disable-related-posts":"","theme-transparent-header-meta":"","adv-header-id-meta":"","stick-header-meta":"","header-above-stick-meta":"","header-main-stick-meta":"","header-below-stick-meta":"","astra-migrate-meta-layouts":"default","ast-page-background-enabled":"default","ast-page-background-meta":{"desktop":{"background-color":"","background-image":"","background-repeat":"repeat","background-position":"center center","background-size":"auto","background-attachment":"scroll","background-type":"","background-media":"","overlay-type":"","overlay-color":"","overlay-opacity":"","overlay-gradient":""},"tablet":{"background-color":"","background-image":"","background-repeat":"repeat","background-position":"center center","background-size":"auto","background-attachment":"scroll","background-type":"","background-media":"","overlay-type":"","overlay-color":"","overlay-opacity":"","overlay-gradient":""},"mobile":{"background-color":"","background-image":"","background-repeat":"repeat","background-position":"center center","background-size":"auto","background-attachment":"scroll","background-type":"","background-media":"","overlay-type":"","overlay-color":"","overlay-opacity":"","overlay-gradient":""}},"ast-content-background-meta":{"desktop":{"background-color":"var(--ast-global-color-4)","background-image":"","background-repeat":"repeat","background-position":"center center","background-size":"auto","background-attachment":"scroll","background-type":"","background-media":"","overlay-type":"","overlay-color":"","overlay-opacity":"","overlay-gradient":""},"tablet":{"background-color":"var(--ast-global-color-4)","background-image":"","background-repeat":"repeat","background-position":"center center","background-size":"auto","background-attachment":"scroll","background-type":"","background-media":"","overlay-type":"","overlay-color":"","overlay-opacity":"","overlay-gradient":""},"mobile":{"background-color":"var(--ast-global-color-4)","background-image":"","background-repeat":"repeat","background-position":"center center","background-size":"auto","background-attachment":"scroll","background-type":"","background-media":"","overlay-type":"","overlay-color":"","overlay-opacity":"","overlay-gradient":""}}},"product_brand":[],"product_cat":[31,15],"product_tag":[7144,8634,8636,1467,2632,2224,8635,3305],"class_list":{"0":"post-20890","1":"product","2":"type-product","3":"status-publish","4":"has-post-thumbnail","6":"product_cat-grozine-literatura","7":"product_cat-uncategorized","8":"product_tag-bizantija","9":"product_tag-christopher-harris","10":"product_tag-eunuchai","11":"product_tag-filosofija","12":"product_tag-intrigos","13":"product_tag-istorija","14":"product_tag-politines-kovos","15":"product_tag-zmogzudystes","16":"desktop-align-left","17":"tablet-align-left","18":"mobile-align-left","20":"first","21":"instock","22":"shipping-taxable","23":"purchasable","24":"product-type-simple"},"acf":[],"yoast_head":"<!-- This site is optimized with the Yoast SEO plugin v27.0 - https:\/\/yoast.com\/product\/yoast-seo-wordpress\/ -->\n<title>Bizantijos eunuchas<\/title>\n<meta name=\"description\" content=\"Erezij\u0173, aistr\u0173, \u017emog\u017eudys\u010di\u0173 ir intrig\u0173 labirintas \u017eiauriame ir spindin\u010diame Konstantinopolyje... Sveiki atvyk\u0119 \u012f IX-ojo am\u017eiaus Bizantij\u0105. \u017di\u016br\u0117damas \u012f\" \/>\n<meta name=\"robots\" content=\"index, follow, max-snippet:-1, max-image-preview:large, max-video-preview:-1\" \/>\n<link rel=\"canonical\" href=\"https:\/\/skaitytaknyga.lt\/en\/produktas\/bizantijos-eunuchas\/\" \/>\n<meta property=\"og:locale\" content=\"en_GB\" \/>\n<meta property=\"og:locale:alternate\" content=\"lt_LT\" \/>\n<meta property=\"og:type\" content=\"article\" \/>\n<meta property=\"og:title\" content=\"Bizantijos eunuchas\" \/>\n<meta property=\"og:description\" content=\"Erezij\u0173, aistr\u0173, \u017emog\u017eudys\u010di\u0173 ir intrig\u0173 labirintas \u017eiauriame ir spindin\u010diame Konstantinopolyje... Sveiki atvyk\u0119 \u012f IX-ojo am\u017eiaus Bizantij\u0105. \u017di\u016br\u0117damas \u012f\" \/>\n<meta property=\"og:url\" content=\"https:\/\/skaitytaknyga.lt\/en\/produktas\/bizantijos-eunuchas\/\" \/>\n<meta property=\"og:site_name\" content=\"Skaitytaknyga\" \/>\n<meta property=\"article:publisher\" content=\"https:\/\/www.facebook.com\/skaitytaknyga\/\" \/>\n<meta property=\"article:modified_time\" content=\"2025-10-06T10:02:07+00:00\" \/>\n<meta property=\"og:image\" content=\"https:\/\/skaitytaknyga.lt\/wp-content\/uploads\/2025\/09\/Bizantijos-eunuchas-1.webp\" \/>\n\t<meta property=\"og:image:width\" content=\"300\" \/>\n\t<meta property=\"og:image:height\" content=\"488\" \/>\n\t<meta property=\"og:image:type\" content=\"image\/webp\" \/>\n<meta name=\"twitter:card\" content=\"summary_large_image\" \/>\n<meta name=\"twitter:label1\" content=\"Estimated reading time\" \/>\n\t<meta name=\"twitter:data1\" content=\"1 minute\" \/>\n<script type=\"application\/ld+json\" class=\"yoast-schema-graph\">{\"@context\":\"https:\/\/schema.org\",\"@graph\":[{\"@type\":\"WebPage\",\"@id\":\"https:\/\/skaitytaknyga.lt\/produktas\/bizantijos-eunuchas\/\",\"url\":\"https:\/\/skaitytaknyga.lt\/produktas\/bizantijos-eunuchas\/\",\"name\":\"Bizantijos eunuchas\",\"isPartOf\":{\"@id\":\"https:\/\/skaitytaknyga.lt\/#website\"},\"primaryImageOfPage\":{\"@id\":\"https:\/\/skaitytaknyga.lt\/produktas\/bizantijos-eunuchas\/#primaryimage\"},\"image\":{\"@id\":\"https:\/\/skaitytaknyga.lt\/produktas\/bizantijos-eunuchas\/#primaryimage\"},\"thumbnailUrl\":\"https:\/\/skaitytaknyga.lt\/wp-content\/uploads\/2025\/09\/Bizantijos-eunuchas-1.webp\",\"datePublished\":\"2025-09-18T06:24:26+00:00\",\"dateModified\":\"2025-10-06T10:02:07+00:00\",\"description\":\"Erezij\u0173, aistr\u0173, \u017emog\u017eudys\u010di\u0173 ir intrig\u0173 labirintas \u017eiauriame ir spindin\u010diame Konstantinopolyje... Sveiki atvyk\u0119 \u012f IX-ojo am\u017eiaus Bizantij\u0105. \u017di\u016br\u0117damas \u012f\",\"breadcrumb\":{\"@id\":\"https:\/\/skaitytaknyga.lt\/produktas\/bizantijos-eunuchas\/#breadcrumb\"},\"inLanguage\":\"en-GB\",\"potentialAction\":[{\"@type\":\"ReadAction\",\"target\":[\"https:\/\/skaitytaknyga.lt\/produktas\/bizantijos-eunuchas\/\"]}]},{\"@type\":\"ImageObject\",\"inLanguage\":\"en-GB\",\"@id\":\"https:\/\/skaitytaknyga.lt\/produktas\/bizantijos-eunuchas\/#primaryimage\",\"url\":\"https:\/\/skaitytaknyga.lt\/wp-content\/uploads\/2025\/09\/Bizantijos-eunuchas-1.webp\",\"contentUrl\":\"https:\/\/skaitytaknyga.lt\/wp-content\/uploads\/2025\/09\/Bizantijos-eunuchas-1.webp\",\"width\":300,\"height\":488},{\"@type\":\"BreadcrumbList\",\"@id\":\"https:\/\/skaitytaknyga.lt\/produktas\/bizantijos-eunuchas\/#breadcrumb\",\"itemListElement\":[{\"@type\":\"ListItem\",\"position\":1,\"name\":\"Home\",\"item\":\"https:\/\/skaitytaknyga.lt\/\"},{\"@type\":\"ListItem\",\"position\":2,\"name\":\"Parduotuv\u0117\",\"item\":\"https:\/\/skaitytaknyga.lt\/knygu-parduotuve\/\"},{\"@type\":\"ListItem\",\"position\":3,\"name\":\"Bizantijos eunuchas\"}]},{\"@type\":\"WebSite\",\"@id\":\"https:\/\/skaitytaknyga.lt\/#website\",\"url\":\"https:\/\/skaitytaknyga.lt\/\",\"name\":\"skaitytaknyga.lt\",\"description\":\"Skaitytaknyga.lt \u2013 tai ma\u017eas \u0161eimos verslas, kuris prasid\u0117jo nuo meil\u0117s knygoms ir siekio i\u0161gelb\u0117ti knygas nuo likimo prie konteinerio. Kas vienam nereikalingas daiktas \u2013 kitam lobis, o mes esame tarpininkai, kurie padeda abiems tapti laimingesniems ???? \u017dinome kaip nelengva i\u0161gyventi ma\u017eiems verslams, tad nuo \u0161iol, \u010dia rasite ir kit\u0173, ma\u017e\u0173 \u0161eim\u0173 versl\u0173, rank\u0173 darbo, dovan\u0173 sau ir artimiesiems.\",\"publisher\":{\"@id\":\"https:\/\/skaitytaknyga.lt\/#organization\"},\"potentialAction\":[{\"@type\":\"SearchAction\",\"target\":{\"@type\":\"EntryPoint\",\"urlTemplate\":\"https:\/\/skaitytaknyga.lt\/?s={search_term_string}\"},\"query-input\":{\"@type\":\"PropertyValueSpecification\",\"valueRequired\":true,\"valueName\":\"search_term_string\"}}],\"inLanguage\":\"en-GB\"},{\"@type\":\"Organization\",\"@id\":\"https:\/\/skaitytaknyga.lt\/#organization\",\"name\":\"skaitytaknyga.lt\",\"url\":\"https:\/\/skaitytaknyga.lt\/\",\"logo\":{\"@type\":\"ImageObject\",\"inLanguage\":\"en-GB\",\"@id\":\"https:\/\/skaitytaknyga.lt\/#\/schema\/logo\/image\/\",\"url\":\"https:\/\/skaitytaknyga.lt\/wp-content\/uploads\/2024\/05\/cropped-cropped-cropped-02_00843_jt3bggkj1j3HLc7SyY6rEUpg.jpeg\",\"contentUrl\":\"https:\/\/skaitytaknyga.lt\/wp-content\/uploads\/2024\/05\/cropped-cropped-cropped-02_00843_jt3bggkj1j3HLc7SyY6rEUpg.jpeg\",\"width\":1600,\"height\":1600,\"caption\":\"skaitytaknyga.lt\"},\"image\":{\"@id\":\"https:\/\/skaitytaknyga.lt\/#\/schema\/logo\/image\/\"},\"sameAs\":[\"https:\/\/www.facebook.com\/skaitytaknyga\/\"]}]}<\/script>\n<!-- \/ Yoast SEO plugin. -->","yoast_head_json":{"title":"Bizantijos eunuchas","description":"Erezij\u0173, aistr\u0173, \u017emog\u017eudys\u010di\u0173 ir intrig\u0173 labirintas \u017eiauriame ir spindin\u010diame Konstantinopolyje... Sveiki atvyk\u0119 \u012f IX-ojo am\u017eiaus Bizantij\u0105. \u017di\u016br\u0117damas \u012f","robots":{"index":"index","follow":"follow","max-snippet":"max-snippet:-1","max-image-preview":"max-image-preview:large","max-video-preview":"max-video-preview:-1"},"canonical":"https:\/\/skaitytaknyga.lt\/en\/produktas\/bizantijos-eunuchas\/","og_locale":"en_GB","og_type":"article","og_title":"[:lt]Bizantijos eunuchas[:] - Skaitytaknyga","og_description":"Erezij\u0173, aistr\u0173, \u017emog\u017eudys\u010di\u0173 ir intrig\u0173 labirintas \u017eiauriame ir spindin\u010diame Konstantinopolyje... Sveiki atvyk\u0119 \u012f IX-ojo am\u017eiaus Bizantij\u0105. \u017di\u016br\u0117damas \u012f","og_url":"https:\/\/skaitytaknyga.lt\/en\/produktas\/bizantijos-eunuchas\/","og_site_name":"Skaitytaknyga","article_publisher":"https:\/\/www.facebook.com\/skaitytaknyga\/","article_modified_time":"2025-10-06T10:02:07+00:00","og_image":[{"width":300,"height":488,"url":"https:\/\/skaitytaknyga.lt\/wp-content\/uploads\/2025\/09\/Bizantijos-eunuchas-1.webp","type":"image\/webp"}],"twitter_card":"summary_large_image","twitter_misc":{"Estimated reading time":"1 minute"},"schema":{"@context":"https:\/\/schema.org","@graph":[{"@type":"WebPage","@id":"https:\/\/skaitytaknyga.lt\/produktas\/bizantijos-eunuchas\/","url":"https:\/\/skaitytaknyga.lt\/produktas\/bizantijos-eunuchas\/","name":"Bizantijos eunuchas","isPartOf":{"@id":"https:\/\/skaitytaknyga.lt\/#website"},"primaryImageOfPage":{"@id":"https:\/\/skaitytaknyga.lt\/produktas\/bizantijos-eunuchas\/#primaryimage"},"image":{"@id":"https:\/\/skaitytaknyga.lt\/produktas\/bizantijos-eunuchas\/#primaryimage"},"thumbnailUrl":"https:\/\/skaitytaknyga.lt\/wp-content\/uploads\/2025\/09\/Bizantijos-eunuchas-1.webp","datePublished":"2025-09-18T06:24:26+00:00","dateModified":"2025-10-06T10:02:07+00:00","description":"Erezij\u0173, aistr\u0173, \u017emog\u017eudys\u010di\u0173 ir intrig\u0173 labirintas \u017eiauriame ir spindin\u010diame Konstantinopolyje... Sveiki atvyk\u0119 \u012f IX-ojo am\u017eiaus Bizantij\u0105. \u017di\u016br\u0117damas \u012f","breadcrumb":{"@id":"https:\/\/skaitytaknyga.lt\/produktas\/bizantijos-eunuchas\/#breadcrumb"},"inLanguage":"en-GB","potentialAction":[{"@type":"ReadAction","target":["https:\/\/skaitytaknyga.lt\/produktas\/bizantijos-eunuchas\/"]}]},{"@type":"ImageObject","inLanguage":"en-GB","@id":"https:\/\/skaitytaknyga.lt\/produktas\/bizantijos-eunuchas\/#primaryimage","url":"https:\/\/skaitytaknyga.lt\/wp-content\/uploads\/2025\/09\/Bizantijos-eunuchas-1.webp","contentUrl":"https:\/\/skaitytaknyga.lt\/wp-content\/uploads\/2025\/09\/Bizantijos-eunuchas-1.webp","width":300,"height":488},{"@type":"BreadcrumbList","@id":"https:\/\/skaitytaknyga.lt\/produktas\/bizantijos-eunuchas\/#breadcrumb","itemListElement":[{"@type":"ListItem","position":1,"name":"Home","item":"https:\/\/skaitytaknyga.lt\/"},{"@type":"ListItem","position":2,"name":"Parduotuv\u0117","item":"https:\/\/skaitytaknyga.lt\/knygu-parduotuve\/"},{"@type":"ListItem","position":3,"name":"Bizantijos eunuchas"}]},{"@type":"WebSite","@id":"https:\/\/skaitytaknyga.lt\/#website","url":"https:\/\/skaitytaknyga.lt\/","name":"skaitytaknyga.lt","description":"Skaitytaknyga.lt \u2013 tai ma\u017eas \u0161eimos verslas, kuris prasid\u0117jo nuo meil\u0117s knygoms ir siekio i\u0161gelb\u0117ti knygas nuo likimo prie konteinerio. Kas vienam nereikalingas daiktas \u2013 kitam lobis, o mes esame tarpininkai, kurie padeda abiems tapti laimingesniems ???? \u017dinome kaip nelengva i\u0161gyventi ma\u017eiems verslams, tad nuo \u0161iol, \u010dia rasite ir kit\u0173, ma\u017e\u0173 \u0161eim\u0173 versl\u0173, rank\u0173 darbo, dovan\u0173 sau ir artimiesiems.","publisher":{"@id":"https:\/\/skaitytaknyga.lt\/#organization"},"potentialAction":[{"@type":"SearchAction","target":{"@type":"EntryPoint","urlTemplate":"https:\/\/skaitytaknyga.lt\/?s={search_term_string}"},"query-input":{"@type":"PropertyValueSpecification","valueRequired":true,"valueName":"search_term_string"}}],"inLanguage":"en-GB"},{"@type":"Organization","@id":"https:\/\/skaitytaknyga.lt\/#organization","name":"skaitytaknyga.lt","url":"https:\/\/skaitytaknyga.lt\/","logo":{"@type":"ImageObject","inLanguage":"en-GB","@id":"https:\/\/skaitytaknyga.lt\/#\/schema\/logo\/image\/","url":"https:\/\/skaitytaknyga.lt\/wp-content\/uploads\/2024\/05\/cropped-cropped-cropped-02_00843_jt3bggkj1j3HLc7SyY6rEUpg.jpeg","contentUrl":"https:\/\/skaitytaknyga.lt\/wp-content\/uploads\/2024\/05\/cropped-cropped-cropped-02_00843_jt3bggkj1j3HLc7SyY6rEUpg.jpeg","width":1600,"height":1600,"caption":"skaitytaknyga.lt"},"image":{"@id":"https:\/\/skaitytaknyga.lt\/#\/schema\/logo\/image\/"},"sameAs":["https:\/\/www.facebook.com\/skaitytaknyga\/"]}]}},"_links":{"self":[{"href":"https:\/\/skaitytaknyga.lt\/en\/wp-json\/wp\/v2\/product\/20890","targetHints":{"allow":["GET"]}}],"collection":[{"href":"https:\/\/skaitytaknyga.lt\/en\/wp-json\/wp\/v2\/product"}],"about":[{"href":"https:\/\/skaitytaknyga.lt\/en\/wp-json\/wp\/v2\/types\/product"}],"replies":[{"embeddable":true,"href":"https:\/\/skaitytaknyga.lt\/en\/wp-json\/wp\/v2\/comments?post=20890"}],"wp:featuredmedia":[{"embeddable":true,"href":"https:\/\/skaitytaknyga.lt\/en\/wp-json\/wp\/v2\/media\/20895"}],"wp:attachment":[{"href":"https:\/\/skaitytaknyga.lt\/en\/wp-json\/wp\/v2\/media?parent=20890"}],"wp:term":[{"taxonomy":"product_brand","embeddable":true,"href":"https:\/\/skaitytaknyga.lt\/en\/wp-json\/wp\/v2\/product_brand?post=20890"},{"taxonomy":"product_cat","embeddable":true,"href":"https:\/\/skaitytaknyga.lt\/en\/wp-json\/wp\/v2\/product_cat?post=20890"},{"taxonomy":"product_tag","embeddable":true,"href":"https:\/\/skaitytaknyga.lt\/en\/wp-json\/wp\/v2\/product_tag?post=20890"}],"curies":[{"name":"wp","href":"https:\/\/api.w.org\/{rel}","templated":true}]}}