{"id":20889,"date":"2025-09-18T09:24:26","date_gmt":"2025-09-18T06:24:26","guid":{"rendered":"https:\/\/skaitytaknyga.lt\/?post_type=product&#038;p=20889"},"modified":"2025-10-06T13:02:07","modified_gmt":"2025-10-06T10:02:07","slug":"ramybes-vynuogynas","status":"publish","type":"product","link":"https:\/\/skaitytaknyga.lt\/en\/produktas\/ramybes-vynuogynas\/","title":{"rendered":"\u201eRamyb\u0117s\u201c vynuogynas"},"content":{"rendered":"<p>XIX a. viduryje i\u0161 Ispanijos \u012f Meksik\u0105 persik\u0117l\u0119s Mauras Lar\u0117ja du de\u0161imtme\u010dius atkakliai ie\u0161kojo laim\u0117s sidabro kasyklose. Gyvenimo negand\u0173 u\u017egr\u016bdintas vyras \u0117m\u0117si sunkiausi\u0173 bei pavojingiausi\u0173 darb\u0173 ir galiausiai susikrov\u0117 \u012fsp\u016bdingus turtus. Deja, vien\u0105 dien\u0105 s\u0117km\u0117 nuo jo nusisuko. Jungtin\u0117se Amerikos Valstijose \u012fsipliesk\u0119s pilietinis karas sugriov\u0117 pat\u012f rizikingiausi\u0105 projekt\u0105 ir \u012fklampino j\u012f \u012f skolas. Ta\u010diau \u0161is likimo sm\u016bgis Mauro nepalau\u017e\u0117. Ie\u0161kodamas i\u0161eities jis u\u017estat\u0117 savo prabangius namus ir su skolintais pinigais i\u0161vyko \u012f Kub\u0105. Paskutin\u0117je Ispanijos imperijos u\u017ej\u016brio kolonijoje jis sulauk\u0117 dar vieno \u0161anso. Tiesa, \u0161\u012f kart\u0105 s\u0117km\u0117 jam nusi\u0161ypsojo ne verslo sand\u0117riuose, o prie biliardo stalo.<\/p>\n<p>Biliardo dvikovoje \u012fveik\u0119s geriausiu Havanos biliardo meistru tituluojam\u0105 vyr\u0105 Mauras i\u0161lo\u0161ia Ispanijoje, Cherese esant\u012f did\u017eiul\u012f vynuogyn\u0105 su vyno darykla. Mauras gr\u012f\u017eta \u012f t\u0117vyn\u0119. Jis tikisi, kad pardav\u0119s vynuogyn\u0105 gal\u0117s gr\u0105\u017einti visas skolas ir v\u0117l imtis kasin\u0117jimo verslo Meksikoje. \u201eRamybe\u201c vadinamas vynuogynas kadaise priklaus\u0117 turtingai Montalv\u0173 \u0161eimai, bet dabar \u0161is didingas vyno \u016bkis yra apleistas ir nepelnytai u\u017emir\u0161tas. Atvyk\u0119s \u012f Cheres\u0105 Mauras susipa\u017e\u012fsta su \u017eavinga vyno prekeivio i\u0161 Londono \u017emona Soledada Montalvo. Nesusipratimu prasid\u0117jusi pa\u017eintis su buvusia \u201eRamyb\u0117s\u201c vynuogyn\u0173 paveld\u0117toja \u012ftraukia Maur\u0105 \u012f dramati\u0161k\u0173 \u012fvyki\u0173 verpet\u0105, i\u0161 kurio i\u0161siver\u017eti pavyks tik bendromis j\u0117gomis siekiant tikslo.<\/p>\n<p>\u201eRamyb\u0117s\u201c vynuogynas\u201c yra nuotyki\u0173 kupinas meil\u0117s romanas, kurio veiksmas rutuliojasi XIX a. antros pus\u0117s Meksikoje, Kuboje ir Ispanijoje. Autor\u0117 sodriais pot\u0117piais vaizduoja t\u0173 laik\u0173 gyvenimo realijas ir leid\u017eia skaitytojui m\u0117gautis romanti\u0161ka Havanos, laukine besikurian\u010dios Meksikos Respublikos bei jaukia nuostabaus \u201e\u0161erio\u201c eksportuotoj\u0173 miesto Chereso dvasia.<\/p>\n","protected":false},"excerpt":{"rendered":"<p>XIX a. viduryje i\u0161 Ispanijos \u012f Meksik\u0105 persik\u0117l\u0119s Mauras Lar\u0117ja du de\u0161imtme\u010dius atkakliai ie\u0161kojo laim\u0117s sidabro kasyklose. Gyvenimo negand\u0173 u\u017egr\u016bdintas vyras \u0117m\u0117si sunkiausi\u0173 bei pavojingiausi\u0173 darb\u0173 ir galiausiai susikrov\u0117 \u012fsp\u016bdingus turtus. Deja, vien\u0105 dien\u0105 s\u0117km\u0117 nuo jo nusisuko. Jungtin\u0117se Amerikos Valstijose \u012fsipliesk\u0119s pilietinis karas sugriov\u0117 pat\u012f rizikingiausi\u0105 projekt\u0105 ir \u012fklampino j\u012f \u012f skolas. Ta\u010diau \u0161is likimo sm\u016bgis Mauro nepalau\u017e\u0117. Ie\u0161kodamas i\u0161eities jis u\u017estat\u0117 savo prabangius namus ir su skolintais pinigais i\u0161vyko \u012f Kub\u0105. Paskutin\u0117je Ispanijos imperijos u\u017ej\u016brio kolonijoje jis sulauk\u0117 dar vieno \u0161anso. Tiesa, \u0161\u012f kart\u0105 s\u0117km\u0117 jam nusi\u0161ypsojo ne verslo sand\u0117riuose, o prie biliardo stalo. Biliardo dvikovoje \u012fveik\u0119s geriausiu Havanos biliardo meistru tituluojam\u0105 vyr\u0105 Mauras i\u0161lo\u0161ia Ispanijoje, Cherese esant\u012f did\u017eiul\u012f vynuogyn\u0105 su vyno darykla. Mauras gr\u012f\u017eta \u012f t\u0117vyn\u0119. Jis tikisi, kad pardav\u0119s vynuogyn\u0105 gal\u0117s gr\u0105\u017einti visas skolas ir v\u0117l imtis kasin\u0117jimo verslo Meksikoje. \u201eRamybe\u201c vadinamas vynuogynas kadaise priklaus\u0117 turtingai Montalv\u0173 \u0161eimai, bet dabar \u0161is didingas vyno \u016bkis yra apleistas ir nepelnytai u\u017emir\u0161tas. Atvyk\u0119s \u012f Cheres\u0105 Mauras susipa\u017e\u012fsta su \u017eavinga vyno prekeivio i\u0161 Londono \u017emona Soledada Montalvo. Nesusipratimu prasid\u0117jusi pa\u017eintis su buvusia \u201eRamyb\u0117s\u201c vynuogyn\u0173 paveld\u0117toja \u012ftraukia Maur\u0105 \u012f dramati\u0161k\u0173 \u012fvyki\u0173 verpet\u0105, i\u0161 kurio i\u0161siver\u017eti pavyks tik bendromis j\u0117gomis siekiant tikslo. \u201eRamyb\u0117s\u201c vynuogynas\u201c yra nuotyki\u0173 kupinas meil\u0117s romanas, kurio veiksmas rutuliojasi XIX a. antros pus\u0117s Meksikoje, Kuboje ir Ispanijoje. Autor\u0117 sodriais pot\u0117piais vaizduoja t\u0173 laik\u0173 gyvenimo realijas ir leid\u017eia skaitytojui m\u0117gautis romanti\u0161ka Havanos, laukine besikurian\u010dios Meksikos Respublikos bei jaukia nuostabaus \u201e\u0161erio\u201c eksportuotoj\u0173 miesto Chereso dvasia.<\/p>\n","protected":false},"featured_media":20894,"comment_status":"open","ping_status":"closed","template":"","meta":{"_acf_changed":false,"site-sidebar-layout":"default","site-content-layout":"","ast-site-content-layout":"default","site-content-style":"default","site-sidebar-style":"default","ast-global-header-display":"","ast-banner-title-visibility":"","ast-main-header-display":"","ast-hfb-above-header-display":"","ast-hfb-below-header-display":"","ast-hfb-mobile-header-display":"","site-post-title":"","ast-breadcrumbs-content":"","ast-featured-img":"","footer-sml-layout":"","ast-disable-related-posts":"","theme-transparent-header-meta":"","adv-header-id-meta":"","stick-header-meta":"","header-above-stick-meta":"","header-main-stick-meta":"","header-below-stick-meta":"","astra-migrate-meta-layouts":"default","ast-page-background-enabled":"default","ast-page-background-meta":{"desktop":{"background-color":"","background-image":"","background-repeat":"repeat","background-position":"center center","background-size":"auto","background-attachment":"scroll","background-type":"","background-media":"","overlay-type":"","overlay-color":"","overlay-opacity":"","overlay-gradient":""},"tablet":{"background-color":"","background-image":"","background-repeat":"repeat","background-position":"center center","background-size":"auto","background-attachment":"scroll","background-type":"","background-media":"","overlay-type":"","overlay-color":"","overlay-opacity":"","overlay-gradient":""},"mobile":{"background-color":"","background-image":"","background-repeat":"repeat","background-position":"center center","background-size":"auto","background-attachment":"scroll","background-type":"","background-media":"","overlay-type":"","overlay-color":"","overlay-opacity":"","overlay-gradient":""}},"ast-content-background-meta":{"desktop":{"background-color":"var(--ast-global-color-4)","background-image":"","background-repeat":"repeat","background-position":"center center","background-size":"auto","background-attachment":"scroll","background-type":"","background-media":"","overlay-type":"","overlay-color":"","overlay-opacity":"","overlay-gradient":""},"tablet":{"background-color":"var(--ast-global-color-4)","background-image":"","background-repeat":"repeat","background-position":"center center","background-size":"auto","background-attachment":"scroll","background-type":"","background-media":"","overlay-type":"","overlay-color":"","overlay-opacity":"","overlay-gradient":""},"mobile":{"background-color":"var(--ast-global-color-4)","background-image":"","background-repeat":"repeat","background-position":"center center","background-size":"auto","background-attachment":"scroll","background-type":"","background-media":"","overlay-type":"","overlay-color":"","overlay-opacity":"","overlay-gradient":""}}},"product_brand":[],"product_cat":[31,15],"product_tag":[4920,2069,5054,8631,1796,8632,1451,2356,8633],"class_list":{"0":"post-20889","1":"product","2":"type-product","3":"status-publish","4":"has-post-thumbnail","6":"product_cat-grozine-literatura","7":"product_cat-uncategorized","8":"product_tag-ispanija","9":"product_tag-istorinis-romanas","10":"product_tag-kuba","11":"product_tag-maria-duenas","12":"product_tag-meile","13":"product_tag-meksika","14":"product_tag-nuotykiai","15":"product_tag-verslas","16":"product_tag-vynuogynas","17":"desktop-align-left","18":"tablet-align-left","19":"mobile-align-left","21":"first","22":"instock","23":"shipping-taxable","24":"purchasable","25":"product-type-simple"},"acf":[],"yoast_head":"<!-- This site is optimized with the Yoast SEO plugin v27.0 - https:\/\/yoast.com\/product\/yoast-seo-wordpress\/ -->\n<title>\u201eRamyb\u0117s\u201c vynuogynas<\/title>\n<meta name=\"description\" content=\"XIX a. viduryje i\u0161 Ispanijos \u012f Meksik\u0105 persik\u0117l\u0119s Mauras Lar\u0117ja du de\u0161imtme\u010dius atkakliai ie\u0161kojo laim\u0117s sidabro kasyklose. Gyvenimo negand\u0173 u\u017egr\u016bdintas\" \/>\n<meta name=\"robots\" content=\"index, follow, max-snippet:-1, max-image-preview:large, max-video-preview:-1\" \/>\n<link rel=\"canonical\" href=\"https:\/\/skaitytaknyga.lt\/en\/produktas\/ramybes-vynuogynas\/\" \/>\n<meta property=\"og:locale\" content=\"en_GB\" \/>\n<meta property=\"og:locale:alternate\" content=\"lt_LT\" \/>\n<meta property=\"og:type\" content=\"article\" \/>\n<meta property=\"og:title\" content=\"\u201eRamyb\u0117s\u201c vynuogynas\" \/>\n<meta property=\"og:description\" content=\"XIX a. viduryje i\u0161 Ispanijos \u012f Meksik\u0105 persik\u0117l\u0119s Mauras Lar\u0117ja du de\u0161imtme\u010dius atkakliai ie\u0161kojo laim\u0117s sidabro kasyklose. Gyvenimo negand\u0173 u\u017egr\u016bdintas\" \/>\n<meta property=\"og:url\" content=\"https:\/\/skaitytaknyga.lt\/en\/produktas\/ramybes-vynuogynas\/\" \/>\n<meta property=\"og:site_name\" content=\"Skaitytaknyga\" \/>\n<meta property=\"article:publisher\" content=\"https:\/\/www.facebook.com\/skaitytaknyga\/\" \/>\n<meta property=\"article:modified_time\" content=\"2025-10-06T10:02:07+00:00\" \/>\n<meta property=\"og:image\" content=\"https:\/\/skaitytaknyga.lt\/wp-content\/uploads\/2025\/09\/\u201eRamybes-vynuogynas-1.webp\" \/>\n\t<meta property=\"og:image:width\" content=\"300\" \/>\n\t<meta property=\"og:image:height\" content=\"492\" \/>\n\t<meta property=\"og:image:type\" content=\"image\/webp\" \/>\n<meta name=\"twitter:card\" content=\"summary_large_image\" \/>\n<meta name=\"twitter:label1\" content=\"Estimated reading time\" \/>\n\t<meta name=\"twitter:data1\" content=\"1 minute\" \/>\n<script type=\"application\/ld+json\" class=\"yoast-schema-graph\">{\"@context\":\"https:\/\/schema.org\",\"@graph\":[{\"@type\":\"WebPage\",\"@id\":\"https:\/\/skaitytaknyga.lt\/produktas\/ramybes-vynuogynas\/\",\"url\":\"https:\/\/skaitytaknyga.lt\/produktas\/ramybes-vynuogynas\/\",\"name\":\"\u201eRamyb\u0117s\u201c vynuogynas\",\"isPartOf\":{\"@id\":\"https:\/\/skaitytaknyga.lt\/#website\"},\"primaryImageOfPage\":{\"@id\":\"https:\/\/skaitytaknyga.lt\/produktas\/ramybes-vynuogynas\/#primaryimage\"},\"image\":{\"@id\":\"https:\/\/skaitytaknyga.lt\/produktas\/ramybes-vynuogynas\/#primaryimage\"},\"thumbnailUrl\":\"https:\/\/skaitytaknyga.lt\/wp-content\/uploads\/2025\/09\/\u201eRamybes-vynuogynas-1.webp\",\"datePublished\":\"2025-09-18T06:24:26+00:00\",\"dateModified\":\"2025-10-06T10:02:07+00:00\",\"description\":\"XIX a. viduryje i\u0161 Ispanijos \u012f Meksik\u0105 persik\u0117l\u0119s Mauras Lar\u0117ja du de\u0161imtme\u010dius atkakliai ie\u0161kojo laim\u0117s sidabro kasyklose. Gyvenimo negand\u0173 u\u017egr\u016bdintas\",\"breadcrumb\":{\"@id\":\"https:\/\/skaitytaknyga.lt\/produktas\/ramybes-vynuogynas\/#breadcrumb\"},\"inLanguage\":\"en-GB\",\"potentialAction\":[{\"@type\":\"ReadAction\",\"target\":[\"https:\/\/skaitytaknyga.lt\/produktas\/ramybes-vynuogynas\/\"]}]},{\"@type\":\"ImageObject\",\"inLanguage\":\"en-GB\",\"@id\":\"https:\/\/skaitytaknyga.lt\/produktas\/ramybes-vynuogynas\/#primaryimage\",\"url\":\"https:\/\/skaitytaknyga.lt\/wp-content\/uploads\/2025\/09\/\u201eRamybes-vynuogynas-1.webp\",\"contentUrl\":\"https:\/\/skaitytaknyga.lt\/wp-content\/uploads\/2025\/09\/\u201eRamybes-vynuogynas-1.webp\",\"width\":300,\"height\":492,\"caption\":\"\u201eRamyb\u0117s\u201c vynuogynas\"},{\"@type\":\"BreadcrumbList\",\"@id\":\"https:\/\/skaitytaknyga.lt\/produktas\/ramybes-vynuogynas\/#breadcrumb\",\"itemListElement\":[{\"@type\":\"ListItem\",\"position\":1,\"name\":\"Home\",\"item\":\"https:\/\/skaitytaknyga.lt\/\"},{\"@type\":\"ListItem\",\"position\":2,\"name\":\"Parduotuv\u0117\",\"item\":\"https:\/\/skaitytaknyga.lt\/knygu-parduotuve\/\"},{\"@type\":\"ListItem\",\"position\":3,\"name\":\"\u201eRamyb\u0117s\u201c vynuogynas\"}]},{\"@type\":\"WebSite\",\"@id\":\"https:\/\/skaitytaknyga.lt\/#website\",\"url\":\"https:\/\/skaitytaknyga.lt\/\",\"name\":\"skaitytaknyga.lt\",\"description\":\"Skaitytaknyga.lt \u2013 tai ma\u017eas \u0161eimos verslas, kuris prasid\u0117jo nuo meil\u0117s knygoms ir siekio i\u0161gelb\u0117ti knygas nuo likimo prie konteinerio. Kas vienam nereikalingas daiktas \u2013 kitam lobis, o mes esame tarpininkai, kurie padeda abiems tapti laimingesniems ???? \u017dinome kaip nelengva i\u0161gyventi ma\u017eiems verslams, tad nuo \u0161iol, \u010dia rasite ir kit\u0173, ma\u017e\u0173 \u0161eim\u0173 versl\u0173, rank\u0173 darbo, dovan\u0173 sau ir artimiesiems.\",\"publisher\":{\"@id\":\"https:\/\/skaitytaknyga.lt\/#organization\"},\"potentialAction\":[{\"@type\":\"SearchAction\",\"target\":{\"@type\":\"EntryPoint\",\"urlTemplate\":\"https:\/\/skaitytaknyga.lt\/?s={search_term_string}\"},\"query-input\":{\"@type\":\"PropertyValueSpecification\",\"valueRequired\":true,\"valueName\":\"search_term_string\"}}],\"inLanguage\":\"en-GB\"},{\"@type\":\"Organization\",\"@id\":\"https:\/\/skaitytaknyga.lt\/#organization\",\"name\":\"skaitytaknyga.lt\",\"url\":\"https:\/\/skaitytaknyga.lt\/\",\"logo\":{\"@type\":\"ImageObject\",\"inLanguage\":\"en-GB\",\"@id\":\"https:\/\/skaitytaknyga.lt\/#\/schema\/logo\/image\/\",\"url\":\"https:\/\/skaitytaknyga.lt\/wp-content\/uploads\/2024\/05\/cropped-cropped-cropped-02_00843_jt3bggkj1j3HLc7SyY6rEUpg.jpeg\",\"contentUrl\":\"https:\/\/skaitytaknyga.lt\/wp-content\/uploads\/2024\/05\/cropped-cropped-cropped-02_00843_jt3bggkj1j3HLc7SyY6rEUpg.jpeg\",\"width\":1600,\"height\":1600,\"caption\":\"skaitytaknyga.lt\"},\"image\":{\"@id\":\"https:\/\/skaitytaknyga.lt\/#\/schema\/logo\/image\/\"},\"sameAs\":[\"https:\/\/www.facebook.com\/skaitytaknyga\/\"]}]}<\/script>\n<!-- \/ Yoast SEO plugin. -->","yoast_head_json":{"title":"\u201eRamyb\u0117s\u201c vynuogynas","description":"XIX a. viduryje i\u0161 Ispanijos \u012f Meksik\u0105 persik\u0117l\u0119s Mauras Lar\u0117ja du de\u0161imtme\u010dius atkakliai ie\u0161kojo laim\u0117s sidabro kasyklose. Gyvenimo negand\u0173 u\u017egr\u016bdintas","robots":{"index":"index","follow":"follow","max-snippet":"max-snippet:-1","max-image-preview":"max-image-preview:large","max-video-preview":"max-video-preview:-1"},"canonical":"https:\/\/skaitytaknyga.lt\/en\/produktas\/ramybes-vynuogynas\/","og_locale":"en_GB","og_type":"article","og_title":"[:lt]\u201eRamyb\u0117s\u201c vynuogynas[:] - Skaitytaknyga","og_description":"XIX a. viduryje i\u0161 Ispanijos \u012f Meksik\u0105 persik\u0117l\u0119s Mauras Lar\u0117ja du de\u0161imtme\u010dius atkakliai ie\u0161kojo laim\u0117s sidabro kasyklose. Gyvenimo negand\u0173 u\u017egr\u016bdintas","og_url":"https:\/\/skaitytaknyga.lt\/en\/produktas\/ramybes-vynuogynas\/","og_site_name":"Skaitytaknyga","article_publisher":"https:\/\/www.facebook.com\/skaitytaknyga\/","article_modified_time":"2025-10-06T10:02:07+00:00","og_image":[{"width":300,"height":492,"url":"https:\/\/skaitytaknyga.lt\/wp-content\/uploads\/2025\/09\/\u201eRamybes-vynuogynas-1.webp","type":"image\/webp"}],"twitter_card":"summary_large_image","twitter_misc":{"Estimated reading time":"1 minute"},"schema":{"@context":"https:\/\/schema.org","@graph":[{"@type":"WebPage","@id":"https:\/\/skaitytaknyga.lt\/produktas\/ramybes-vynuogynas\/","url":"https:\/\/skaitytaknyga.lt\/produktas\/ramybes-vynuogynas\/","name":"\u201eRamyb\u0117s\u201c vynuogynas","isPartOf":{"@id":"https:\/\/skaitytaknyga.lt\/#website"},"primaryImageOfPage":{"@id":"https:\/\/skaitytaknyga.lt\/produktas\/ramybes-vynuogynas\/#primaryimage"},"image":{"@id":"https:\/\/skaitytaknyga.lt\/produktas\/ramybes-vynuogynas\/#primaryimage"},"thumbnailUrl":"https:\/\/skaitytaknyga.lt\/wp-content\/uploads\/2025\/09\/\u201eRamybes-vynuogynas-1.webp","datePublished":"2025-09-18T06:24:26+00:00","dateModified":"2025-10-06T10:02:07+00:00","description":"XIX a. viduryje i\u0161 Ispanijos \u012f Meksik\u0105 persik\u0117l\u0119s Mauras Lar\u0117ja du de\u0161imtme\u010dius atkakliai ie\u0161kojo laim\u0117s sidabro kasyklose. Gyvenimo negand\u0173 u\u017egr\u016bdintas","breadcrumb":{"@id":"https:\/\/skaitytaknyga.lt\/produktas\/ramybes-vynuogynas\/#breadcrumb"},"inLanguage":"en-GB","potentialAction":[{"@type":"ReadAction","target":["https:\/\/skaitytaknyga.lt\/produktas\/ramybes-vynuogynas\/"]}]},{"@type":"ImageObject","inLanguage":"en-GB","@id":"https:\/\/skaitytaknyga.lt\/produktas\/ramybes-vynuogynas\/#primaryimage","url":"https:\/\/skaitytaknyga.lt\/wp-content\/uploads\/2025\/09\/\u201eRamybes-vynuogynas-1.webp","contentUrl":"https:\/\/skaitytaknyga.lt\/wp-content\/uploads\/2025\/09\/\u201eRamybes-vynuogynas-1.webp","width":300,"height":492,"caption":"\u201eRamyb\u0117s\u201c vynuogynas"},{"@type":"BreadcrumbList","@id":"https:\/\/skaitytaknyga.lt\/produktas\/ramybes-vynuogynas\/#breadcrumb","itemListElement":[{"@type":"ListItem","position":1,"name":"Home","item":"https:\/\/skaitytaknyga.lt\/"},{"@type":"ListItem","position":2,"name":"Parduotuv\u0117","item":"https:\/\/skaitytaknyga.lt\/knygu-parduotuve\/"},{"@type":"ListItem","position":3,"name":"\u201eRamyb\u0117s\u201c vynuogynas"}]},{"@type":"WebSite","@id":"https:\/\/skaitytaknyga.lt\/#website","url":"https:\/\/skaitytaknyga.lt\/","name":"skaitytaknyga.lt","description":"Skaitytaknyga.lt \u2013 tai ma\u017eas \u0161eimos verslas, kuris prasid\u0117jo nuo meil\u0117s knygoms ir siekio i\u0161gelb\u0117ti knygas nuo likimo prie konteinerio. Kas vienam nereikalingas daiktas \u2013 kitam lobis, o mes esame tarpininkai, kurie padeda abiems tapti laimingesniems ???? \u017dinome kaip nelengva i\u0161gyventi ma\u017eiems verslams, tad nuo \u0161iol, \u010dia rasite ir kit\u0173, ma\u017e\u0173 \u0161eim\u0173 versl\u0173, rank\u0173 darbo, dovan\u0173 sau ir artimiesiems.","publisher":{"@id":"https:\/\/skaitytaknyga.lt\/#organization"},"potentialAction":[{"@type":"SearchAction","target":{"@type":"EntryPoint","urlTemplate":"https:\/\/skaitytaknyga.lt\/?s={search_term_string}"},"query-input":{"@type":"PropertyValueSpecification","valueRequired":true,"valueName":"search_term_string"}}],"inLanguage":"en-GB"},{"@type":"Organization","@id":"https:\/\/skaitytaknyga.lt\/#organization","name":"skaitytaknyga.lt","url":"https:\/\/skaitytaknyga.lt\/","logo":{"@type":"ImageObject","inLanguage":"en-GB","@id":"https:\/\/skaitytaknyga.lt\/#\/schema\/logo\/image\/","url":"https:\/\/skaitytaknyga.lt\/wp-content\/uploads\/2024\/05\/cropped-cropped-cropped-02_00843_jt3bggkj1j3HLc7SyY6rEUpg.jpeg","contentUrl":"https:\/\/skaitytaknyga.lt\/wp-content\/uploads\/2024\/05\/cropped-cropped-cropped-02_00843_jt3bggkj1j3HLc7SyY6rEUpg.jpeg","width":1600,"height":1600,"caption":"skaitytaknyga.lt"},"image":{"@id":"https:\/\/skaitytaknyga.lt\/#\/schema\/logo\/image\/"},"sameAs":["https:\/\/www.facebook.com\/skaitytaknyga\/"]}]}},"_links":{"self":[{"href":"https:\/\/skaitytaknyga.lt\/en\/wp-json\/wp\/v2\/product\/20889","targetHints":{"allow":["GET"]}}],"collection":[{"href":"https:\/\/skaitytaknyga.lt\/en\/wp-json\/wp\/v2\/product"}],"about":[{"href":"https:\/\/skaitytaknyga.lt\/en\/wp-json\/wp\/v2\/types\/product"}],"replies":[{"embeddable":true,"href":"https:\/\/skaitytaknyga.lt\/en\/wp-json\/wp\/v2\/comments?post=20889"}],"wp:featuredmedia":[{"embeddable":true,"href":"https:\/\/skaitytaknyga.lt\/en\/wp-json\/wp\/v2\/media\/20894"}],"wp:attachment":[{"href":"https:\/\/skaitytaknyga.lt\/en\/wp-json\/wp\/v2\/media?parent=20889"}],"wp:term":[{"taxonomy":"product_brand","embeddable":true,"href":"https:\/\/skaitytaknyga.lt\/en\/wp-json\/wp\/v2\/product_brand?post=20889"},{"taxonomy":"product_cat","embeddable":true,"href":"https:\/\/skaitytaknyga.lt\/en\/wp-json\/wp\/v2\/product_cat?post=20889"},{"taxonomy":"product_tag","embeddable":true,"href":"https:\/\/skaitytaknyga.lt\/en\/wp-json\/wp\/v2\/product_tag?post=20889"}],"curies":[{"name":"wp","href":"https:\/\/api.w.org\/{rel}","templated":true}]}}