{"id":20888,"date":"2025-09-18T09:24:26","date_gmt":"2025-09-18T06:24:26","guid":{"rendered":"https:\/\/skaitytaknyga.lt\/?post_type=product&#038;p=20888"},"modified":"2026-03-05T13:23:20","modified_gmt":"2026-03-05T11:23:20","slug":"gandru-skrydis","status":"publish","type":"product","link":"https:\/\/skaitytaknyga.lt\/en\/produktas\/gandru-skrydis\/","title":{"rendered":"Gandr\u0173 skrydis"},"content":{"rendered":"<p>Istorikas Luji Antiochas, persisotin\u0119s moksl\u0173 ir pasiilg\u0119s tikro gyvenimo bei aktyvios veiklos, apsiima vykdyti \u0161veicaro ornitologo Makso B\u0117mo u\u017eduot\u012f: keliauti gandr\u0173 migracijos keliais ir i\u0161siai\u0161kinti, kod\u0117l praeit\u0105 pavasar\u012f negr\u012f\u017eo jo \u017eieduoti gandrai. L\u0117ktuv\u0173 bilietai ir vie\u0161bu\u010diai jau u\u017esakyti, bet, dar nesp\u0117j\u0119s i\u0161vykti, Luji randa ornitolog\u0105 negyv\u0105 muziejaus po atviru dangumi gandralizdyje. Skrodimas parodo, kad Maksui B\u0117mui kadaise m\u012fslingomis aplinkyb\u0117mis buvo persodinta \u0161irdis. Luji leid\u017eiasi \u012f ilg\u0105 pavojing\u0105 kelion\u0119 per Ryt\u0173 Europ\u0105 iki Turkijos, Izraelio, Centrin\u0117s Afrikos Respublikos&#8230;<\/p>\n<p>Kas gi \u012fvyko gandr\u0173 migracijos kelyje? Ar ornitologas taip aistringai dom\u0117josi gandrais tik i\u0161 meil\u0117s gamtai? Kas persodino Maksui B\u0117mui \u0161ird\u012f? K\u0105 rei\u0161kia sudarkyt\u0173 k\u016bn\u0173 nuotraukos, rastos Makso B\u0117mo namuose? Ir kaip su visu tuo susij\u0119s paties Luji Antiocho likimas?<\/p>\n<p>Kaip ir kituose k\u016briniuose, \u0161iame detektyve Jean &#8211; Christophe Grang\u00e9 (\u017danas Kristofas Gran\u017e\u0117, gim. 1961) prikausto skaitytojo d\u0117mes\u012f m\u012fslingomis intrigomis, daugybe i\u0161radingai supint\u0173 veiksmo linij\u0173, vedan\u010di\u0173 prie netik\u0117tos, nenusp\u0117jamos atomazgos.<\/p>\n","protected":false},"excerpt":{"rendered":"<p>Istorikas Luji Antiochas, persisotin\u0119s moksl\u0173 ir pasiilg\u0119s tikro gyvenimo bei aktyvios veiklos, apsiima vykdyti \u0161veicaro ornitologo Makso B\u0117mo u\u017eduot\u012f: keliauti gandr\u0173 migracijos keliais ir i\u0161siai\u0161kinti, kod\u0117l praeit\u0105 pavasar\u012f negr\u012f\u017eo jo \u017eieduoti gandrai. L\u0117ktuv\u0173 bilietai ir vie\u0161bu\u010diai jau u\u017esakyti, bet, dar nesp\u0117j\u0119s i\u0161vykti, Luji randa ornitolog\u0105 negyv\u0105 muziejaus po atviru dangumi gandralizdyje. Skrodimas parodo, kad Maksui B\u0117mui kadaise m\u012fslingomis aplinkyb\u0117mis buvo persodinta \u0161irdis. Luji leid\u017eiasi \u012f ilg\u0105 pavojing\u0105 kelion\u0119 per Ryt\u0173 Europ\u0105 iki Turkijos, Izraelio, Centrin\u0117s Afrikos Respublikos&#8230; Kas gi \u012fvyko gandr\u0173 migracijos kelyje? Ar ornitologas taip aistringai dom\u0117josi gandrais tik i\u0161 meil\u0117s gamtai? Kas persodino Maksui B\u0117mui \u0161ird\u012f? K\u0105 rei\u0161kia sudarkyt\u0173 k\u016bn\u0173 nuotraukos, rastos Makso B\u0117mo namuose? Ir kaip su visu tuo susij\u0119s paties Luji Antiocho likimas? Kaip ir kituose k\u016briniuose, \u0161iame detektyve Jean &#8211; Christophe Grang\u00e9 (\u017danas Kristofas Gran\u017e\u0117, gim. 1961) prikausto skaitytojo d\u0117mes\u012f m\u012fslingomis intrigomis, daugybe i\u0161radingai supint\u0173 veiksmo linij\u0173, vedan\u010di\u0173 prie netik\u0117tos, nenusp\u0117jamos atomazgos.<\/p>\n","protected":false},"featured_media":20893,"comment_status":"open","ping_status":"closed","template":"","meta":{"_acf_changed":false,"site-sidebar-layout":"default","site-content-layout":"","ast-site-content-layout":"default","site-content-style":"default","site-sidebar-style":"default","ast-global-header-display":"","ast-banner-title-visibility":"","ast-main-header-display":"","ast-hfb-above-header-display":"","ast-hfb-below-header-display":"","ast-hfb-mobile-header-display":"","site-post-title":"","ast-breadcrumbs-content":"","ast-featured-img":"","footer-sml-layout":"","ast-disable-related-posts":"","theme-transparent-header-meta":"","adv-header-id-meta":"","stick-header-meta":"","header-above-stick-meta":"","header-main-stick-meta":"","header-below-stick-meta":"","astra-migrate-meta-layouts":"default","ast-page-background-enabled":"default","ast-page-background-meta":{"desktop":{"background-color":"","background-image":"","background-repeat":"repeat","background-position":"center center","background-size":"auto","background-attachment":"scroll","background-type":"","background-media":"","overlay-type":"","overlay-color":"","overlay-opacity":"","overlay-gradient":""},"tablet":{"background-color":"","background-image":"","background-repeat":"repeat","background-position":"center center","background-size":"auto","background-attachment":"scroll","background-type":"","background-media":"","overlay-type":"","overlay-color":"","overlay-opacity":"","overlay-gradient":""},"mobile":{"background-color":"","background-image":"","background-repeat":"repeat","background-position":"center center","background-size":"auto","background-attachment":"scroll","background-type":"","background-media":"","overlay-type":"","overlay-color":"","overlay-opacity":"","overlay-gradient":""}},"ast-content-background-meta":{"desktop":{"background-color":"var(--ast-global-color-4)","background-image":"","background-repeat":"repeat","background-position":"center center","background-size":"auto","background-attachment":"scroll","background-type":"","background-media":"","overlay-type":"","overlay-color":"","overlay-opacity":"","overlay-gradient":""},"tablet":{"background-color":"var(--ast-global-color-4)","background-image":"","background-repeat":"repeat","background-position":"center center","background-size":"auto","background-attachment":"scroll","background-type":"","background-media":"","overlay-type":"","overlay-color":"","overlay-opacity":"","overlay-gradient":""},"mobile":{"background-color":"var(--ast-global-color-4)","background-image":"","background-repeat":"repeat","background-position":"center center","background-size":"auto","background-attachment":"scroll","background-type":"","background-media":"","overlay-type":"","overlay-color":"","overlay-opacity":"","overlay-gradient":""}}},"product_brand":[],"product_cat":[9581],"product_tag":[1476,8629,3217,1451,1478,3897,8630],"class_list":{"0":"post-20888","1":"product","2":"type-product","3":"status-publish","4":"has-post-thumbnail","6":"product_cat-kriminaliniai-romanai","7":"product_tag-detektyvas","8":"product_tag-gandrai","9":"product_tag-intriga","10":"product_tag-nuotykiai","11":"product_tag-paslaptys","12":"product_tag-rytu-europa","13":"product_tag-sirdies-persodinimas","14":"desktop-align-left","15":"tablet-align-left","16":"mobile-align-left","18":"first","19":"instock","20":"shipping-taxable","21":"purchasable","22":"product-type-simple"},"acf":[],"yoast_head":"<!-- This site is optimized with the Yoast SEO plugin v27.0 - https:\/\/yoast.com\/product\/yoast-seo-wordpress\/ -->\n<title>Gandr\u0173 skrydis<\/title>\n<meta name=\"description\" content=\"Istorikas Luji Antiochas, persisotin\u0119s moksl\u0173 ir pasiilg\u0119s tikro gyvenimo bei aktyvios veiklos, apsiima vykdyti \u0161veicaro ornitologo Makso B\u0117mo u\u017eduot\u012f:\" \/>\n<meta name=\"robots\" content=\"index, follow, max-snippet:-1, max-image-preview:large, max-video-preview:-1\" \/>\n<link rel=\"canonical\" href=\"https:\/\/skaitytaknyga.lt\/en\/produktas\/gandru-skrydis\/\" \/>\n<meta property=\"og:locale\" content=\"en_GB\" \/>\n<meta property=\"og:locale:alternate\" content=\"lt_LT\" \/>\n<meta property=\"og:type\" content=\"article\" \/>\n<meta property=\"og:title\" content=\"Gandr\u0173 skrydis\" \/>\n<meta property=\"og:description\" content=\"Istorikas Luji Antiochas, persisotin\u0119s moksl\u0173 ir pasiilg\u0119s tikro gyvenimo bei aktyvios veiklos, apsiima vykdyti \u0161veicaro ornitologo Makso B\u0117mo u\u017eduot\u012f:\" \/>\n<meta property=\"og:url\" content=\"https:\/\/skaitytaknyga.lt\/en\/produktas\/gandru-skrydis\/\" \/>\n<meta property=\"og:site_name\" content=\"Skaitytaknyga\" \/>\n<meta property=\"article:publisher\" content=\"https:\/\/www.facebook.com\/skaitytaknyga\/\" \/>\n<meta property=\"article:modified_time\" content=\"2026-03-05T11:23:20+00:00\" \/>\n<meta property=\"og:image\" content=\"https:\/\/skaitytaknyga.lt\/wp-content\/uploads\/2025\/09\/Gandru-skrydis-1.webp\" \/>\n\t<meta property=\"og:image:width\" content=\"300\" \/>\n\t<meta property=\"og:image:height\" content=\"445\" \/>\n\t<meta property=\"og:image:type\" content=\"image\/webp\" \/>\n<meta name=\"twitter:card\" content=\"summary_large_image\" \/>\n<meta name=\"twitter:label1\" content=\"Estimated reading time\" \/>\n\t<meta name=\"twitter:data1\" content=\"1 minute\" \/>\n<script type=\"application\/ld+json\" class=\"yoast-schema-graph\">{\"@context\":\"https:\/\/schema.org\",\"@graph\":[{\"@type\":\"WebPage\",\"@id\":\"https:\/\/skaitytaknyga.lt\/produktas\/gandru-skrydis\/\",\"url\":\"https:\/\/skaitytaknyga.lt\/produktas\/gandru-skrydis\/\",\"name\":\"Gandr\u0173 skrydis\",\"isPartOf\":{\"@id\":\"https:\/\/skaitytaknyga.lt\/#website\"},\"primaryImageOfPage\":{\"@id\":\"https:\/\/skaitytaknyga.lt\/produktas\/gandru-skrydis\/#primaryimage\"},\"image\":{\"@id\":\"https:\/\/skaitytaknyga.lt\/produktas\/gandru-skrydis\/#primaryimage\"},\"thumbnailUrl\":\"https:\/\/skaitytaknyga.lt\/wp-content\/uploads\/2025\/09\/Gandru-skrydis-1.webp\",\"datePublished\":\"2025-09-18T06:24:26+00:00\",\"dateModified\":\"2026-03-05T11:23:20+00:00\",\"description\":\"Istorikas Luji Antiochas, persisotin\u0119s moksl\u0173 ir pasiilg\u0119s tikro gyvenimo bei aktyvios veiklos, apsiima vykdyti \u0161veicaro ornitologo Makso B\u0117mo u\u017eduot\u012f:\",\"breadcrumb\":{\"@id\":\"https:\/\/skaitytaknyga.lt\/produktas\/gandru-skrydis\/#breadcrumb\"},\"inLanguage\":\"en-GB\",\"potentialAction\":[{\"@type\":\"ReadAction\",\"target\":[\"https:\/\/skaitytaknyga.lt\/produktas\/gandru-skrydis\/\"]}]},{\"@type\":\"ImageObject\",\"inLanguage\":\"en-GB\",\"@id\":\"https:\/\/skaitytaknyga.lt\/produktas\/gandru-skrydis\/#primaryimage\",\"url\":\"https:\/\/skaitytaknyga.lt\/wp-content\/uploads\/2025\/09\/Gandru-skrydis-1.webp\",\"contentUrl\":\"https:\/\/skaitytaknyga.lt\/wp-content\/uploads\/2025\/09\/Gandru-skrydis-1.webp\",\"width\":300,\"height\":445,\"caption\":\"Gandr\u0173 skrydis\"},{\"@type\":\"BreadcrumbList\",\"@id\":\"https:\/\/skaitytaknyga.lt\/produktas\/gandru-skrydis\/#breadcrumb\",\"itemListElement\":[{\"@type\":\"ListItem\",\"position\":1,\"name\":\"Home\",\"item\":\"https:\/\/skaitytaknyga.lt\/\"},{\"@type\":\"ListItem\",\"position\":2,\"name\":\"Parduotuv\u0117\",\"item\":\"https:\/\/skaitytaknyga.lt\/knygu-parduotuve\/\"},{\"@type\":\"ListItem\",\"position\":3,\"name\":\"Gandr\u0173 skrydis\"}]},{\"@type\":\"WebSite\",\"@id\":\"https:\/\/skaitytaknyga.lt\/#website\",\"url\":\"https:\/\/skaitytaknyga.lt\/\",\"name\":\"skaitytaknyga.lt\",\"description\":\"Skaitytaknyga.lt \u2013 tai ma\u017eas \u0161eimos verslas, kuris prasid\u0117jo nuo meil\u0117s knygoms ir siekio i\u0161gelb\u0117ti knygas nuo likimo prie konteinerio. Kas vienam nereikalingas daiktas \u2013 kitam lobis, o mes esame tarpininkai, kurie padeda abiems tapti laimingesniems ???? \u017dinome kaip nelengva i\u0161gyventi ma\u017eiems verslams, tad nuo \u0161iol, \u010dia rasite ir kit\u0173, ma\u017e\u0173 \u0161eim\u0173 versl\u0173, rank\u0173 darbo, dovan\u0173 sau ir artimiesiems.\",\"publisher\":{\"@id\":\"https:\/\/skaitytaknyga.lt\/#organization\"},\"potentialAction\":[{\"@type\":\"SearchAction\",\"target\":{\"@type\":\"EntryPoint\",\"urlTemplate\":\"https:\/\/skaitytaknyga.lt\/?s={search_term_string}\"},\"query-input\":{\"@type\":\"PropertyValueSpecification\",\"valueRequired\":true,\"valueName\":\"search_term_string\"}}],\"inLanguage\":\"en-GB\"},{\"@type\":\"Organization\",\"@id\":\"https:\/\/skaitytaknyga.lt\/#organization\",\"name\":\"skaitytaknyga.lt\",\"url\":\"https:\/\/skaitytaknyga.lt\/\",\"logo\":{\"@type\":\"ImageObject\",\"inLanguage\":\"en-GB\",\"@id\":\"https:\/\/skaitytaknyga.lt\/#\/schema\/logo\/image\/\",\"url\":\"https:\/\/skaitytaknyga.lt\/wp-content\/uploads\/2024\/05\/cropped-cropped-cropped-02_00843_jt3bggkj1j3HLc7SyY6rEUpg.jpeg\",\"contentUrl\":\"https:\/\/skaitytaknyga.lt\/wp-content\/uploads\/2024\/05\/cropped-cropped-cropped-02_00843_jt3bggkj1j3HLc7SyY6rEUpg.jpeg\",\"width\":1600,\"height\":1600,\"caption\":\"skaitytaknyga.lt\"},\"image\":{\"@id\":\"https:\/\/skaitytaknyga.lt\/#\/schema\/logo\/image\/\"},\"sameAs\":[\"https:\/\/www.facebook.com\/skaitytaknyga\/\"]}]}<\/script>\n<!-- \/ Yoast SEO plugin. -->","yoast_head_json":{"title":"Gandr\u0173 skrydis","description":"Istorikas Luji Antiochas, persisotin\u0119s moksl\u0173 ir pasiilg\u0119s tikro gyvenimo bei aktyvios veiklos, apsiima vykdyti \u0161veicaro ornitologo Makso B\u0117mo u\u017eduot\u012f:","robots":{"index":"index","follow":"follow","max-snippet":"max-snippet:-1","max-image-preview":"max-image-preview:large","max-video-preview":"max-video-preview:-1"},"canonical":"https:\/\/skaitytaknyga.lt\/en\/produktas\/gandru-skrydis\/","og_locale":"en_GB","og_type":"article","og_title":"[:lt]Gandr\u0173 skrydis[:] - Skaitytaknyga","og_description":"Istorikas Luji Antiochas, persisotin\u0119s moksl\u0173 ir pasiilg\u0119s tikro gyvenimo bei aktyvios veiklos, apsiima vykdyti \u0161veicaro ornitologo Makso B\u0117mo u\u017eduot\u012f:","og_url":"https:\/\/skaitytaknyga.lt\/en\/produktas\/gandru-skrydis\/","og_site_name":"Skaitytaknyga","article_publisher":"https:\/\/www.facebook.com\/skaitytaknyga\/","article_modified_time":"2026-03-05T11:23:20+00:00","og_image":[{"width":300,"height":445,"url":"https:\/\/skaitytaknyga.lt\/wp-content\/uploads\/2025\/09\/Gandru-skrydis-1.webp","type":"image\/webp"}],"twitter_card":"summary_large_image","twitter_misc":{"Estimated reading time":"1 minute"},"schema":{"@context":"https:\/\/schema.org","@graph":[{"@type":"WebPage","@id":"https:\/\/skaitytaknyga.lt\/produktas\/gandru-skrydis\/","url":"https:\/\/skaitytaknyga.lt\/produktas\/gandru-skrydis\/","name":"Gandr\u0173 skrydis","isPartOf":{"@id":"https:\/\/skaitytaknyga.lt\/#website"},"primaryImageOfPage":{"@id":"https:\/\/skaitytaknyga.lt\/produktas\/gandru-skrydis\/#primaryimage"},"image":{"@id":"https:\/\/skaitytaknyga.lt\/produktas\/gandru-skrydis\/#primaryimage"},"thumbnailUrl":"https:\/\/skaitytaknyga.lt\/wp-content\/uploads\/2025\/09\/Gandru-skrydis-1.webp","datePublished":"2025-09-18T06:24:26+00:00","dateModified":"2026-03-05T11:23:20+00:00","description":"Istorikas Luji Antiochas, persisotin\u0119s moksl\u0173 ir pasiilg\u0119s tikro gyvenimo bei aktyvios veiklos, apsiima vykdyti \u0161veicaro ornitologo Makso B\u0117mo u\u017eduot\u012f:","breadcrumb":{"@id":"https:\/\/skaitytaknyga.lt\/produktas\/gandru-skrydis\/#breadcrumb"},"inLanguage":"en-GB","potentialAction":[{"@type":"ReadAction","target":["https:\/\/skaitytaknyga.lt\/produktas\/gandru-skrydis\/"]}]},{"@type":"ImageObject","inLanguage":"en-GB","@id":"https:\/\/skaitytaknyga.lt\/produktas\/gandru-skrydis\/#primaryimage","url":"https:\/\/skaitytaknyga.lt\/wp-content\/uploads\/2025\/09\/Gandru-skrydis-1.webp","contentUrl":"https:\/\/skaitytaknyga.lt\/wp-content\/uploads\/2025\/09\/Gandru-skrydis-1.webp","width":300,"height":445,"caption":"Gandr\u0173 skrydis"},{"@type":"BreadcrumbList","@id":"https:\/\/skaitytaknyga.lt\/produktas\/gandru-skrydis\/#breadcrumb","itemListElement":[{"@type":"ListItem","position":1,"name":"Home","item":"https:\/\/skaitytaknyga.lt\/"},{"@type":"ListItem","position":2,"name":"Parduotuv\u0117","item":"https:\/\/skaitytaknyga.lt\/knygu-parduotuve\/"},{"@type":"ListItem","position":3,"name":"Gandr\u0173 skrydis"}]},{"@type":"WebSite","@id":"https:\/\/skaitytaknyga.lt\/#website","url":"https:\/\/skaitytaknyga.lt\/","name":"skaitytaknyga.lt","description":"Skaitytaknyga.lt \u2013 tai ma\u017eas \u0161eimos verslas, kuris prasid\u0117jo nuo meil\u0117s knygoms ir siekio i\u0161gelb\u0117ti knygas nuo likimo prie konteinerio. Kas vienam nereikalingas daiktas \u2013 kitam lobis, o mes esame tarpininkai, kurie padeda abiems tapti laimingesniems ???? \u017dinome kaip nelengva i\u0161gyventi ma\u017eiems verslams, tad nuo \u0161iol, \u010dia rasite ir kit\u0173, ma\u017e\u0173 \u0161eim\u0173 versl\u0173, rank\u0173 darbo, dovan\u0173 sau ir artimiesiems.","publisher":{"@id":"https:\/\/skaitytaknyga.lt\/#organization"},"potentialAction":[{"@type":"SearchAction","target":{"@type":"EntryPoint","urlTemplate":"https:\/\/skaitytaknyga.lt\/?s={search_term_string}"},"query-input":{"@type":"PropertyValueSpecification","valueRequired":true,"valueName":"search_term_string"}}],"inLanguage":"en-GB"},{"@type":"Organization","@id":"https:\/\/skaitytaknyga.lt\/#organization","name":"skaitytaknyga.lt","url":"https:\/\/skaitytaknyga.lt\/","logo":{"@type":"ImageObject","inLanguage":"en-GB","@id":"https:\/\/skaitytaknyga.lt\/#\/schema\/logo\/image\/","url":"https:\/\/skaitytaknyga.lt\/wp-content\/uploads\/2024\/05\/cropped-cropped-cropped-02_00843_jt3bggkj1j3HLc7SyY6rEUpg.jpeg","contentUrl":"https:\/\/skaitytaknyga.lt\/wp-content\/uploads\/2024\/05\/cropped-cropped-cropped-02_00843_jt3bggkj1j3HLc7SyY6rEUpg.jpeg","width":1600,"height":1600,"caption":"skaitytaknyga.lt"},"image":{"@id":"https:\/\/skaitytaknyga.lt\/#\/schema\/logo\/image\/"},"sameAs":["https:\/\/www.facebook.com\/skaitytaknyga\/"]}]}},"_links":{"self":[{"href":"https:\/\/skaitytaknyga.lt\/en\/wp-json\/wp\/v2\/product\/20888","targetHints":{"allow":["GET"]}}],"collection":[{"href":"https:\/\/skaitytaknyga.lt\/en\/wp-json\/wp\/v2\/product"}],"about":[{"href":"https:\/\/skaitytaknyga.lt\/en\/wp-json\/wp\/v2\/types\/product"}],"replies":[{"embeddable":true,"href":"https:\/\/skaitytaknyga.lt\/en\/wp-json\/wp\/v2\/comments?post=20888"}],"wp:featuredmedia":[{"embeddable":true,"href":"https:\/\/skaitytaknyga.lt\/en\/wp-json\/wp\/v2\/media\/20893"}],"wp:attachment":[{"href":"https:\/\/skaitytaknyga.lt\/en\/wp-json\/wp\/v2\/media?parent=20888"}],"wp:term":[{"taxonomy":"product_brand","embeddable":true,"href":"https:\/\/skaitytaknyga.lt\/en\/wp-json\/wp\/v2\/product_brand?post=20888"},{"taxonomy":"product_cat","embeddable":true,"href":"https:\/\/skaitytaknyga.lt\/en\/wp-json\/wp\/v2\/product_cat?post=20888"},{"taxonomy":"product_tag","embeddable":true,"href":"https:\/\/skaitytaknyga.lt\/en\/wp-json\/wp\/v2\/product_tag?post=20888"}],"curies":[{"name":"wp","href":"https:\/\/api.w.org\/{rel}","templated":true}]}}