{"id":20882,"date":"2025-09-17T20:06:24","date_gmt":"2025-09-17T17:06:24","guid":{"rendered":"https:\/\/skaitytaknyga.lt\/?post_type=product&#038;p=20882"},"modified":"2025-10-06T13:02:07","modified_gmt":"2025-10-06T10:02:07","slug":"iliuzijos-irgi-geles","status":"publish","type":"product","link":"https:\/\/skaitytaknyga.lt\/en\/produktas\/iliuzijos-irgi-geles\/","title":{"rendered":"Iliuzijos \u2013 irgi g\u0117l\u0117s"},"content":{"rendered":"<p>Ar meil\u0117 moteriai gali i\u0161gelb\u0117ti valstyb\u0119?<\/p>\n<p>Ar meil\u0117 moteriai gali i\u0161gelb\u0117ti valstyb\u0119? Karalius Stanislovas Augustas nori tuo tik\u0117ti, nes jo mylima moteris \u2013 imperator\u0117 Jekaterina. Karali\u0173 slegia vir\u0161 valstyb\u0117s pakibusi gr\u0117sm\u0117, bet kartu jis susir\u016bpin\u0119s d\u0117l savo aus\u0173 formos. Jam ramyb\u0117s neduoda klausimas, koks i\u0161liks jo, karaliaus, \u012fvaizdis istorijoje&#8230;<\/p>\n<p>1793-i\u0173j\u0173 \u017eiema, Abiej\u0173 Taut\u0173 Respublikai gresia antrasis padalijimas. Var\u0161uvos karali\u0161kojoje pilyje \u2013 ni\u016brios nuotaikos. Pilies virtuv\u0117je netik\u0117tai apsilanko kunigaik\u0161tis Karolis Gimbutas ir karaliaus vir\u0117jui Kacperui pateikia itin keist\u0105 reikalavim\u0105. Vir\u0117jas dar labiau suglumsta, kai gauna kvietim\u0105 atvykti pas pat\u012f karali\u0173.<\/p>\n<p>Taip prasideda \u017eai\u017earuojan\u010dio barokinio stiliaus pasakojimas, pilnas netik\u0117t\u0173 siu\u017eeto pos\u016bki\u0173 ir kvap\u0105 gniau\u017eian\u010di\u0173 atradim\u0173. \u012evyki\u0173 centre \u2013 karalius Stanislovas Augustas, kar\u0161tos \u0161irdies ir laki\u0173 svaj\u0173 valdovas, filosofas, humanistas, gars\u0117jantis ir nepaprasta i\u0161mintimi, ir beveik vaiki\u0161ku naivumu. Jis lenkiasi gro\u017eio kultui ir yra tikras intelektini\u0173 bei k\u016bni\u0161k\u0173 malonum\u0173 vergas. Kokia lemtis jo laukia?<\/p>\n<p>Saulius Spurga \u2013 \u017eurnalistas, publicistas, ra\u0161ytojas, socialini\u0173 moksl\u0173 daktaras, Mykolo Romerio universiteto kancleris. K\u016bryb\u0105 skelbia nuo 1985 m. Tai \u2013 tre\u010diasis autoriaus romanas.<\/p>\n","protected":false},"excerpt":{"rendered":"<p>Ar meil\u0117 moteriai gali i\u0161gelb\u0117ti valstyb\u0119? Ar meil\u0117 moteriai gali i\u0161gelb\u0117ti valstyb\u0119? Karalius Stanislovas Augustas nori tuo tik\u0117ti, nes jo mylima moteris \u2013 imperator\u0117 Jekaterina. Karali\u0173 slegia vir\u0161 valstyb\u0117s pakibusi gr\u0117sm\u0117, bet kartu jis susir\u016bpin\u0119s d\u0117l savo aus\u0173 formos. Jam ramyb\u0117s neduoda klausimas, koks i\u0161liks jo, karaliaus, \u012fvaizdis istorijoje&#8230; 1793-i\u0173j\u0173 \u017eiema, Abiej\u0173 Taut\u0173 Respublikai gresia antrasis padalijimas. Var\u0161uvos karali\u0161kojoje pilyje \u2013 ni\u016brios nuotaikos. Pilies virtuv\u0117je netik\u0117tai apsilanko kunigaik\u0161tis Karolis Gimbutas ir karaliaus vir\u0117jui Kacperui pateikia itin keist\u0105 reikalavim\u0105. Vir\u0117jas dar labiau suglumsta, kai gauna kvietim\u0105 atvykti pas pat\u012f karali\u0173. Taip prasideda \u017eai\u017earuojan\u010dio barokinio stiliaus pasakojimas, pilnas netik\u0117t\u0173 siu\u017eeto pos\u016bki\u0173 ir kvap\u0105 gniau\u017eian\u010di\u0173 atradim\u0173. \u012evyki\u0173 centre \u2013 karalius Stanislovas Augustas, kar\u0161tos \u0161irdies ir laki\u0173 svaj\u0173 valdovas, filosofas, humanistas, gars\u0117jantis ir nepaprasta i\u0161mintimi, ir beveik vaiki\u0161ku naivumu. Jis lenkiasi gro\u017eio kultui ir yra tikras intelektini\u0173 bei k\u016bni\u0161k\u0173 malonum\u0173 vergas. Kokia lemtis jo laukia? Saulius Spurga \u2013 \u017eurnalistas, publicistas, ra\u0161ytojas, socialini\u0173 moksl\u0173 daktaras, Mykolo Romerio universiteto kancleris. K\u016bryb\u0105 skelbia nuo 1985 m. Tai \u2013 tre\u010diasis autoriaus romanas.<\/p>\n","protected":false},"featured_media":20887,"comment_status":"open","ping_status":"closed","template":"","meta":{"_acf_changed":false,"site-sidebar-layout":"default","site-content-layout":"","ast-site-content-layout":"default","site-content-style":"default","site-sidebar-style":"default","ast-global-header-display":"","ast-banner-title-visibility":"","ast-main-header-display":"","ast-hfb-above-header-display":"","ast-hfb-below-header-display":"","ast-hfb-mobile-header-display":"","site-post-title":"","ast-breadcrumbs-content":"","ast-featured-img":"","footer-sml-layout":"","ast-disable-related-posts":"","theme-transparent-header-meta":"","adv-header-id-meta":"","stick-header-meta":"","header-above-stick-meta":"","header-main-stick-meta":"","header-below-stick-meta":"","astra-migrate-meta-layouts":"default","ast-page-background-enabled":"default","ast-page-background-meta":{"desktop":{"background-color":"","background-image":"","background-repeat":"repeat","background-position":"center center","background-size":"auto","background-attachment":"scroll","background-type":"","background-media":"","overlay-type":"","overlay-color":"","overlay-opacity":"","overlay-gradient":""},"tablet":{"background-color":"","background-image":"","background-repeat":"repeat","background-position":"center center","background-size":"auto","background-attachment":"scroll","background-type":"","background-media":"","overlay-type":"","overlay-color":"","overlay-opacity":"","overlay-gradient":""},"mobile":{"background-color":"","background-image":"","background-repeat":"repeat","background-position":"center center","background-size":"auto","background-attachment":"scroll","background-type":"","background-media":"","overlay-type":"","overlay-color":"","overlay-opacity":"","overlay-gradient":""}},"ast-content-background-meta":{"desktop":{"background-color":"var(--ast-global-color-4)","background-image":"","background-repeat":"repeat","background-position":"center center","background-size":"auto","background-attachment":"scroll","background-type":"","background-media":"","overlay-type":"","overlay-color":"","overlay-opacity":"","overlay-gradient":""},"tablet":{"background-color":"var(--ast-global-color-4)","background-image":"","background-repeat":"repeat","background-position":"center center","background-size":"auto","background-attachment":"scroll","background-type":"","background-media":"","overlay-type":"","overlay-color":"","overlay-opacity":"","overlay-gradient":""},"mobile":{"background-color":"var(--ast-global-color-4)","background-image":"","background-repeat":"repeat","background-position":"center center","background-size":"auto","background-attachment":"scroll","background-type":"","background-media":"","overlay-type":"","overlay-color":"","overlay-opacity":"","overlay-gradient":""}}},"product_brand":[],"product_cat":[31],"product_tag":[8628,2224,8627,4835,2129,8625,8626],"class_list":{"0":"post-20882","1":"product","2":"type-product","3":"status-publish","4":"has-post-thumbnail","6":"product_cat-grozine-literatura","7":"product_tag-barokas","8":"product_tag-istorija","9":"product_tag-karalius-stanislovas-augustas","10":"product_tag-lenkija","11":"product_tag-romantika","12":"product_tag-saulius-spurga","13":"product_tag-valstybes-issukiai","14":"desktop-align-left","15":"tablet-align-left","16":"mobile-align-left","18":"first","19":"instock","20":"shipping-taxable","21":"purchasable","22":"product-type-simple"},"acf":[],"yoast_head":"<!-- This site is optimized with the Yoast SEO plugin v27.0 - https:\/\/yoast.com\/product\/yoast-seo-wordpress\/ -->\n<title>Iliuzijos \u2013 irgi g\u0117l\u0117s<\/title>\n<meta name=\"description\" content=\"Ar meil\u0117 moteriai gali i\u0161gelb\u0117ti valstyb\u0119? Ar meil\u0117 moteriai gali i\u0161gelb\u0117ti valstyb\u0119? Karalius Stanislovas Augustas nori tuo tik\u0117ti, nes jo mylima moteris\" \/>\n<meta name=\"robots\" content=\"index, follow, max-snippet:-1, max-image-preview:large, max-video-preview:-1\" \/>\n<link rel=\"canonical\" href=\"https:\/\/skaitytaknyga.lt\/en\/produktas\/iliuzijos-irgi-geles\/\" \/>\n<meta property=\"og:locale\" content=\"en_GB\" \/>\n<meta property=\"og:locale:alternate\" content=\"lt_LT\" \/>\n<meta property=\"og:type\" content=\"article\" \/>\n<meta property=\"og:title\" content=\"Iliuzijos \u2013 irgi g\u0117l\u0117s\" \/>\n<meta property=\"og:description\" content=\"Ar meil\u0117 moteriai gali i\u0161gelb\u0117ti valstyb\u0119? Ar meil\u0117 moteriai gali i\u0161gelb\u0117ti valstyb\u0119? Karalius Stanislovas Augustas nori tuo tik\u0117ti, nes jo mylima moteris\" \/>\n<meta property=\"og:url\" content=\"https:\/\/skaitytaknyga.lt\/en\/produktas\/iliuzijos-irgi-geles\/\" \/>\n<meta property=\"og:site_name\" content=\"Skaitytaknyga\" \/>\n<meta property=\"article:publisher\" content=\"https:\/\/www.facebook.com\/skaitytaknyga\/\" \/>\n<meta property=\"article:modified_time\" content=\"2025-10-06T10:02:07+00:00\" \/>\n<meta property=\"og:image\" content=\"https:\/\/skaitytaknyga.lt\/wp-content\/uploads\/2025\/09\/Iliuzijos-\u2013-irgi-geles-1.webp\" \/>\n\t<meta property=\"og:image:width\" content=\"300\" \/>\n\t<meta property=\"og:image:height\" content=\"453\" \/>\n\t<meta property=\"og:image:type\" content=\"image\/webp\" \/>\n<meta name=\"twitter:card\" content=\"summary_large_image\" \/>\n<meta name=\"twitter:label1\" content=\"Estimated reading time\" \/>\n\t<meta name=\"twitter:data1\" content=\"1 minute\" \/>\n<script type=\"application\/ld+json\" class=\"yoast-schema-graph\">{\"@context\":\"https:\/\/schema.org\",\"@graph\":[{\"@type\":\"WebPage\",\"@id\":\"https:\/\/skaitytaknyga.lt\/produktas\/iliuzijos-irgi-geles\/\",\"url\":\"https:\/\/skaitytaknyga.lt\/produktas\/iliuzijos-irgi-geles\/\",\"name\":\"Iliuzijos \u2013 irgi g\u0117l\u0117s\",\"isPartOf\":{\"@id\":\"https:\/\/skaitytaknyga.lt\/#website\"},\"primaryImageOfPage\":{\"@id\":\"https:\/\/skaitytaknyga.lt\/produktas\/iliuzijos-irgi-geles\/#primaryimage\"},\"image\":{\"@id\":\"https:\/\/skaitytaknyga.lt\/produktas\/iliuzijos-irgi-geles\/#primaryimage\"},\"thumbnailUrl\":\"https:\/\/skaitytaknyga.lt\/wp-content\/uploads\/2025\/09\/Iliuzijos-\u2013-irgi-geles-1.webp\",\"datePublished\":\"2025-09-17T17:06:24+00:00\",\"dateModified\":\"2025-10-06T10:02:07+00:00\",\"description\":\"Ar meil\u0117 moteriai gali i\u0161gelb\u0117ti valstyb\u0119? Ar meil\u0117 moteriai gali i\u0161gelb\u0117ti valstyb\u0119? Karalius Stanislovas Augustas nori tuo tik\u0117ti, nes jo mylima moteris\",\"breadcrumb\":{\"@id\":\"https:\/\/skaitytaknyga.lt\/produktas\/iliuzijos-irgi-geles\/#breadcrumb\"},\"inLanguage\":\"en-GB\",\"potentialAction\":[{\"@type\":\"ReadAction\",\"target\":[\"https:\/\/skaitytaknyga.lt\/produktas\/iliuzijos-irgi-geles\/\"]}]},{\"@type\":\"ImageObject\",\"inLanguage\":\"en-GB\",\"@id\":\"https:\/\/skaitytaknyga.lt\/produktas\/iliuzijos-irgi-geles\/#primaryimage\",\"url\":\"https:\/\/skaitytaknyga.lt\/wp-content\/uploads\/2025\/09\/Iliuzijos-\u2013-irgi-geles-1.webp\",\"contentUrl\":\"https:\/\/skaitytaknyga.lt\/wp-content\/uploads\/2025\/09\/Iliuzijos-\u2013-irgi-geles-1.webp\",\"width\":300,\"height\":453,\"caption\":\"Iliuzijos \u2013 irgi g\u0117l\u0117s (1)\"},{\"@type\":\"BreadcrumbList\",\"@id\":\"https:\/\/skaitytaknyga.lt\/produktas\/iliuzijos-irgi-geles\/#breadcrumb\",\"itemListElement\":[{\"@type\":\"ListItem\",\"position\":1,\"name\":\"Home\",\"item\":\"https:\/\/skaitytaknyga.lt\/\"},{\"@type\":\"ListItem\",\"position\":2,\"name\":\"Parduotuv\u0117\",\"item\":\"https:\/\/skaitytaknyga.lt\/knygu-parduotuve\/\"},{\"@type\":\"ListItem\",\"position\":3,\"name\":\"Iliuzijos \u2013 irgi g\u0117l\u0117s\"}]},{\"@type\":\"WebSite\",\"@id\":\"https:\/\/skaitytaknyga.lt\/#website\",\"url\":\"https:\/\/skaitytaknyga.lt\/\",\"name\":\"skaitytaknyga.lt\",\"description\":\"Skaitytaknyga.lt \u2013 tai ma\u017eas \u0161eimos verslas, kuris prasid\u0117jo nuo meil\u0117s knygoms ir siekio i\u0161gelb\u0117ti knygas nuo likimo prie konteinerio. Kas vienam nereikalingas daiktas \u2013 kitam lobis, o mes esame tarpininkai, kurie padeda abiems tapti laimingesniems ???? \u017dinome kaip nelengva i\u0161gyventi ma\u017eiems verslams, tad nuo \u0161iol, \u010dia rasite ir kit\u0173, ma\u017e\u0173 \u0161eim\u0173 versl\u0173, rank\u0173 darbo, dovan\u0173 sau ir artimiesiems.\",\"publisher\":{\"@id\":\"https:\/\/skaitytaknyga.lt\/#organization\"},\"potentialAction\":[{\"@type\":\"SearchAction\",\"target\":{\"@type\":\"EntryPoint\",\"urlTemplate\":\"https:\/\/skaitytaknyga.lt\/?s={search_term_string}\"},\"query-input\":{\"@type\":\"PropertyValueSpecification\",\"valueRequired\":true,\"valueName\":\"search_term_string\"}}],\"inLanguage\":\"en-GB\"},{\"@type\":\"Organization\",\"@id\":\"https:\/\/skaitytaknyga.lt\/#organization\",\"name\":\"skaitytaknyga.lt\",\"url\":\"https:\/\/skaitytaknyga.lt\/\",\"logo\":{\"@type\":\"ImageObject\",\"inLanguage\":\"en-GB\",\"@id\":\"https:\/\/skaitytaknyga.lt\/#\/schema\/logo\/image\/\",\"url\":\"https:\/\/skaitytaknyga.lt\/wp-content\/uploads\/2024\/05\/cropped-cropped-cropped-02_00843_jt3bggkj1j3HLc7SyY6rEUpg.jpeg\",\"contentUrl\":\"https:\/\/skaitytaknyga.lt\/wp-content\/uploads\/2024\/05\/cropped-cropped-cropped-02_00843_jt3bggkj1j3HLc7SyY6rEUpg.jpeg\",\"width\":1600,\"height\":1600,\"caption\":\"skaitytaknyga.lt\"},\"image\":{\"@id\":\"https:\/\/skaitytaknyga.lt\/#\/schema\/logo\/image\/\"},\"sameAs\":[\"https:\/\/www.facebook.com\/skaitytaknyga\/\"]}]}<\/script>\n<!-- \/ Yoast SEO plugin. -->","yoast_head_json":{"title":"Iliuzijos \u2013 irgi g\u0117l\u0117s","description":"Ar meil\u0117 moteriai gali i\u0161gelb\u0117ti valstyb\u0119? Ar meil\u0117 moteriai gali i\u0161gelb\u0117ti valstyb\u0119? Karalius Stanislovas Augustas nori tuo tik\u0117ti, nes jo mylima moteris","robots":{"index":"index","follow":"follow","max-snippet":"max-snippet:-1","max-image-preview":"max-image-preview:large","max-video-preview":"max-video-preview:-1"},"canonical":"https:\/\/skaitytaknyga.lt\/en\/produktas\/iliuzijos-irgi-geles\/","og_locale":"en_GB","og_type":"article","og_title":"[:lt]Iliuzijos \u2013 irgi g\u0117l\u0117s[:] - Skaitytaknyga","og_description":"Ar meil\u0117 moteriai gali i\u0161gelb\u0117ti valstyb\u0119? Ar meil\u0117 moteriai gali i\u0161gelb\u0117ti valstyb\u0119? Karalius Stanislovas Augustas nori tuo tik\u0117ti, nes jo mylima moteris","og_url":"https:\/\/skaitytaknyga.lt\/en\/produktas\/iliuzijos-irgi-geles\/","og_site_name":"Skaitytaknyga","article_publisher":"https:\/\/www.facebook.com\/skaitytaknyga\/","article_modified_time":"2025-10-06T10:02:07+00:00","og_image":[{"width":300,"height":453,"url":"https:\/\/skaitytaknyga.lt\/wp-content\/uploads\/2025\/09\/Iliuzijos-\u2013-irgi-geles-1.webp","type":"image\/webp"}],"twitter_card":"summary_large_image","twitter_misc":{"Estimated reading time":"1 minute"},"schema":{"@context":"https:\/\/schema.org","@graph":[{"@type":"WebPage","@id":"https:\/\/skaitytaknyga.lt\/produktas\/iliuzijos-irgi-geles\/","url":"https:\/\/skaitytaknyga.lt\/produktas\/iliuzijos-irgi-geles\/","name":"Iliuzijos \u2013 irgi g\u0117l\u0117s","isPartOf":{"@id":"https:\/\/skaitytaknyga.lt\/#website"},"primaryImageOfPage":{"@id":"https:\/\/skaitytaknyga.lt\/produktas\/iliuzijos-irgi-geles\/#primaryimage"},"image":{"@id":"https:\/\/skaitytaknyga.lt\/produktas\/iliuzijos-irgi-geles\/#primaryimage"},"thumbnailUrl":"https:\/\/skaitytaknyga.lt\/wp-content\/uploads\/2025\/09\/Iliuzijos-\u2013-irgi-geles-1.webp","datePublished":"2025-09-17T17:06:24+00:00","dateModified":"2025-10-06T10:02:07+00:00","description":"Ar meil\u0117 moteriai gali i\u0161gelb\u0117ti valstyb\u0119? Ar meil\u0117 moteriai gali i\u0161gelb\u0117ti valstyb\u0119? Karalius Stanislovas Augustas nori tuo tik\u0117ti, nes jo mylima moteris","breadcrumb":{"@id":"https:\/\/skaitytaknyga.lt\/produktas\/iliuzijos-irgi-geles\/#breadcrumb"},"inLanguage":"en-GB","potentialAction":[{"@type":"ReadAction","target":["https:\/\/skaitytaknyga.lt\/produktas\/iliuzijos-irgi-geles\/"]}]},{"@type":"ImageObject","inLanguage":"en-GB","@id":"https:\/\/skaitytaknyga.lt\/produktas\/iliuzijos-irgi-geles\/#primaryimage","url":"https:\/\/skaitytaknyga.lt\/wp-content\/uploads\/2025\/09\/Iliuzijos-\u2013-irgi-geles-1.webp","contentUrl":"https:\/\/skaitytaknyga.lt\/wp-content\/uploads\/2025\/09\/Iliuzijos-\u2013-irgi-geles-1.webp","width":300,"height":453,"caption":"Iliuzijos \u2013 irgi g\u0117l\u0117s (1)"},{"@type":"BreadcrumbList","@id":"https:\/\/skaitytaknyga.lt\/produktas\/iliuzijos-irgi-geles\/#breadcrumb","itemListElement":[{"@type":"ListItem","position":1,"name":"Home","item":"https:\/\/skaitytaknyga.lt\/"},{"@type":"ListItem","position":2,"name":"Parduotuv\u0117","item":"https:\/\/skaitytaknyga.lt\/knygu-parduotuve\/"},{"@type":"ListItem","position":3,"name":"Iliuzijos \u2013 irgi g\u0117l\u0117s"}]},{"@type":"WebSite","@id":"https:\/\/skaitytaknyga.lt\/#website","url":"https:\/\/skaitytaknyga.lt\/","name":"skaitytaknyga.lt","description":"Skaitytaknyga.lt \u2013 tai ma\u017eas \u0161eimos verslas, kuris prasid\u0117jo nuo meil\u0117s knygoms ir siekio i\u0161gelb\u0117ti knygas nuo likimo prie konteinerio. Kas vienam nereikalingas daiktas \u2013 kitam lobis, o mes esame tarpininkai, kurie padeda abiems tapti laimingesniems ???? \u017dinome kaip nelengva i\u0161gyventi ma\u017eiems verslams, tad nuo \u0161iol, \u010dia rasite ir kit\u0173, ma\u017e\u0173 \u0161eim\u0173 versl\u0173, rank\u0173 darbo, dovan\u0173 sau ir artimiesiems.","publisher":{"@id":"https:\/\/skaitytaknyga.lt\/#organization"},"potentialAction":[{"@type":"SearchAction","target":{"@type":"EntryPoint","urlTemplate":"https:\/\/skaitytaknyga.lt\/?s={search_term_string}"},"query-input":{"@type":"PropertyValueSpecification","valueRequired":true,"valueName":"search_term_string"}}],"inLanguage":"en-GB"},{"@type":"Organization","@id":"https:\/\/skaitytaknyga.lt\/#organization","name":"skaitytaknyga.lt","url":"https:\/\/skaitytaknyga.lt\/","logo":{"@type":"ImageObject","inLanguage":"en-GB","@id":"https:\/\/skaitytaknyga.lt\/#\/schema\/logo\/image\/","url":"https:\/\/skaitytaknyga.lt\/wp-content\/uploads\/2024\/05\/cropped-cropped-cropped-02_00843_jt3bggkj1j3HLc7SyY6rEUpg.jpeg","contentUrl":"https:\/\/skaitytaknyga.lt\/wp-content\/uploads\/2024\/05\/cropped-cropped-cropped-02_00843_jt3bggkj1j3HLc7SyY6rEUpg.jpeg","width":1600,"height":1600,"caption":"skaitytaknyga.lt"},"image":{"@id":"https:\/\/skaitytaknyga.lt\/#\/schema\/logo\/image\/"},"sameAs":["https:\/\/www.facebook.com\/skaitytaknyga\/"]}]}},"_links":{"self":[{"href":"https:\/\/skaitytaknyga.lt\/en\/wp-json\/wp\/v2\/product\/20882","targetHints":{"allow":["GET"]}}],"collection":[{"href":"https:\/\/skaitytaknyga.lt\/en\/wp-json\/wp\/v2\/product"}],"about":[{"href":"https:\/\/skaitytaknyga.lt\/en\/wp-json\/wp\/v2\/types\/product"}],"replies":[{"embeddable":true,"href":"https:\/\/skaitytaknyga.lt\/en\/wp-json\/wp\/v2\/comments?post=20882"}],"wp:featuredmedia":[{"embeddable":true,"href":"https:\/\/skaitytaknyga.lt\/en\/wp-json\/wp\/v2\/media\/20887"}],"wp:attachment":[{"href":"https:\/\/skaitytaknyga.lt\/en\/wp-json\/wp\/v2\/media?parent=20882"}],"wp:term":[{"taxonomy":"product_brand","embeddable":true,"href":"https:\/\/skaitytaknyga.lt\/en\/wp-json\/wp\/v2\/product_brand?post=20882"},{"taxonomy":"product_cat","embeddable":true,"href":"https:\/\/skaitytaknyga.lt\/en\/wp-json\/wp\/v2\/product_cat?post=20882"},{"taxonomy":"product_tag","embeddable":true,"href":"https:\/\/skaitytaknyga.lt\/en\/wp-json\/wp\/v2\/product_tag?post=20882"}],"curies":[{"name":"wp","href":"https:\/\/api.w.org\/{rel}","templated":true}]}}