{"id":20881,"date":"2025-09-17T20:06:23","date_gmt":"2025-09-17T17:06:23","guid":{"rendered":"https:\/\/skaitytaknyga.lt\/?post_type=product&#038;p=20881"},"modified":"2025-10-06T13:02:07","modified_gmt":"2025-10-06T10:02:07","slug":"pirmykste-moteris-mamutu-medziotojai","status":"publish","type":"product","link":"https:\/\/skaitytaknyga.lt\/en\/produktas\/pirmykste-moteris-mamutu-medziotojai\/","title":{"rendered":"Pirmyk\u0161t\u0117 moteris: Mamut\u0173 med\u017eiotojai"},"content":{"rendered":"<p>\u017diema arkli\u0173 sl\u0117nyje prab\u0117go nepastebimai. Aila i\u0161moko i\u0161likti viena, prisijaukino li\u016bt\u0105 ir kumel\u0119, i\u0161moko \u0161audyti lanku, meistri\u0161kai \u012fkurti ugn\u012f, bet nenumald\u0117 tro\u0161kimo surasti Kitus, savuosius. Su likimo atsi\u0173stu mylimuoju Jondalaru, \u0161viesiaplaukiu gra\u017euoliu, kur\u012f i\u0161gelb\u0117jo nuo mirties ir i\u0161gyd\u0117, moteris i\u0161keliauja ie\u0161koti \u017emoni\u0173. Jie susitinka su mamutojais, mamut\u0173 med\u017eiotojais, \u017emon\u0117mis i\u0161 kitos gimin\u0117s. Gentis, paker\u0117ta jos nepaprasto geb\u0117jimo \u201esusikalb\u0117ti\u201c su gyvuliais ir med\u017eiokl\u0117s \u012fg\u016bd\u017ei\u0173, priima sve\u010dius prie savo \u017eidinio.<\/p>\n<p>Nors tenka pratintis prie keist\u0173 papro\u010di\u0173 ir naujos kalbos, ausiai ne\u012fprasto klegesio, Aila susiranda pirm\u0105j\u0105 draug\u0119, genties priglaustas mai\u0161ytas kaip ir jos s\u016bnus, vaikas skausmingai primena praeit\u012f, o \u017eavus juodaodis rai\u017eytojas Ranekas kelia naujus nepatirtus jausmus. Trauka, kuri\u0105 jam jau\u010dia, \u012fplieskia bais\u0173 Jondalaro pavyd\u0105. Ledin\u0119 \u017eiem\u0105 jauna moteris praleid\u017eia neapsispr\u0119sdama, su kuriuo likti. Art\u0117ja pavasarin\u0117 mamut\u0173 med\u017eiokl\u0117 ir Ailai tenka rinktis gyvenimo draug\u0105 ir likim\u0105: \u012fsikurti prie Raneko \u017eidinio ar traukti su Jondalaru \u012f ne\u017einom\u0105 kra\u0161t\u0105&#8230;<\/p>\n","protected":false},"excerpt":{"rendered":"<p>\u017diema arkli\u0173 sl\u0117nyje prab\u0117go nepastebimai. Aila i\u0161moko i\u0161likti viena, prisijaukino li\u016bt\u0105 ir kumel\u0119, i\u0161moko \u0161audyti lanku, meistri\u0161kai \u012fkurti ugn\u012f, bet nenumald\u0117 tro\u0161kimo surasti Kitus, savuosius. Su likimo atsi\u0173stu mylimuoju Jondalaru, \u0161viesiaplaukiu gra\u017euoliu, kur\u012f i\u0161gelb\u0117jo nuo mirties ir i\u0161gyd\u0117, moteris i\u0161keliauja ie\u0161koti \u017emoni\u0173. Jie susitinka su mamutojais, mamut\u0173 med\u017eiotojais, \u017emon\u0117mis i\u0161 kitos gimin\u0117s. Gentis, paker\u0117ta jos nepaprasto geb\u0117jimo \u201esusikalb\u0117ti\u201c su gyvuliais ir med\u017eiokl\u0117s \u012fg\u016bd\u017ei\u0173, priima sve\u010dius prie savo \u017eidinio. Nors tenka pratintis prie keist\u0173 papro\u010di\u0173 ir naujos kalbos, ausiai ne\u012fprasto klegesio, Aila susiranda pirm\u0105j\u0105 draug\u0119, genties priglaustas mai\u0161ytas kaip ir jos s\u016bnus, vaikas skausmingai primena praeit\u012f, o \u017eavus juodaodis rai\u017eytojas Ranekas kelia naujus nepatirtus jausmus. Trauka, kuri\u0105 jam jau\u010dia, \u012fplieskia bais\u0173 Jondalaro pavyd\u0105. Ledin\u0119 \u017eiem\u0105 jauna moteris praleid\u017eia neapsispr\u0119sdama, su kuriuo likti. Art\u0117ja pavasarin\u0117 mamut\u0173 med\u017eiokl\u0117 ir Ailai tenka rinktis gyvenimo draug\u0105 ir likim\u0105: \u012fsikurti prie Raneko \u017eidinio ar traukti su Jondalaru \u012f ne\u017einom\u0105 kra\u0161t\u0105&#8230;<\/p>\n","protected":false},"featured_media":20886,"comment_status":"open","ping_status":"closed","template":"","meta":{"_acf_changed":false,"site-sidebar-layout":"default","site-content-layout":"","ast-site-content-layout":"default","site-content-style":"default","site-sidebar-style":"default","ast-global-header-display":"","ast-banner-title-visibility":"","ast-main-header-display":"","ast-hfb-above-header-display":"","ast-hfb-below-header-display":"","ast-hfb-mobile-header-display":"","site-post-title":"","ast-breadcrumbs-content":"","ast-featured-img":"","footer-sml-layout":"","ast-disable-related-posts":"","theme-transparent-header-meta":"","adv-header-id-meta":"","stick-header-meta":"","header-above-stick-meta":"","header-main-stick-meta":"","header-below-stick-meta":"","astra-migrate-meta-layouts":"default","ast-page-background-enabled":"default","ast-page-background-meta":{"desktop":{"background-color":"","background-image":"","background-repeat":"repeat","background-position":"center center","background-size":"auto","background-attachment":"scroll","background-type":"","background-media":"","overlay-type":"","overlay-color":"","overlay-opacity":"","overlay-gradient":""},"tablet":{"background-color":"","background-image":"","background-repeat":"repeat","background-position":"center center","background-size":"auto","background-attachment":"scroll","background-type":"","background-media":"","overlay-type":"","overlay-color":"","overlay-opacity":"","overlay-gradient":""},"mobile":{"background-color":"","background-image":"","background-repeat":"repeat","background-position":"center center","background-size":"auto","background-attachment":"scroll","background-type":"","background-media":"","overlay-type":"","overlay-color":"","overlay-opacity":"","overlay-gradient":""}},"ast-content-background-meta":{"desktop":{"background-color":"var(--ast-global-color-4)","background-image":"","background-repeat":"repeat","background-position":"center center","background-size":"auto","background-attachment":"scroll","background-type":"","background-media":"","overlay-type":"","overlay-color":"","overlay-opacity":"","overlay-gradient":""},"tablet":{"background-color":"var(--ast-global-color-4)","background-image":"","background-repeat":"repeat","background-position":"center center","background-size":"auto","background-attachment":"scroll","background-type":"","background-media":"","overlay-type":"","overlay-color":"","overlay-opacity":"","overlay-gradient":""},"mobile":{"background-color":"var(--ast-global-color-4)","background-image":"","background-repeat":"repeat","background-position":"center center","background-size":"auto","background-attachment":"scroll","background-type":"","background-media":"","overlay-type":"","overlay-color":"","overlay-opacity":"","overlay-gradient":""}}},"product_brand":[],"product_cat":[31,15],"product_tag":[1802,8623,1840,3532,8624,1796,1451,3534,1770],"class_list":{"0":"post-20881","1":"product","2":"type-product","3":"status-publish","4":"has-post-thumbnail","6":"product_cat-grozine-literatura","7":"product_cat-uncategorized","8":"product_tag-gamta","9":"product_tag-gentys","10":"product_tag-isgyvenimas","11":"product_tag-jean-m-auel","12":"product_tag-medziokle","13":"product_tag-meile","14":"product_tag-nuotykiai","15":"product_tag-priesistore","16":"product_tag-ziema","17":"desktop-align-left","18":"tablet-align-left","19":"mobile-align-left","21":"first","22":"outofstock","23":"shipping-taxable","24":"purchasable","25":"product-type-simple"},"acf":[],"yoast_head":"<!-- This site is optimized with the Yoast SEO plugin v27.0 - https:\/\/yoast.com\/product\/yoast-seo-wordpress\/ -->\n<title>Pirmyk\u0161t\u0117 moteris: Mamut\u0173 med\u017eiotojai<\/title>\n<meta name=\"description\" content=\"\u017diema arkli\u0173 sl\u0117nyje prab\u0117go nepastebimai. Aila i\u0161moko i\u0161likti viena, prisijaukino li\u016bt\u0105 ir kumel\u0119, i\u0161moko \u0161audyti lanku, meistri\u0161kai \u012fkurti ugn\u012f, bet\" \/>\n<meta name=\"robots\" content=\"index, follow, max-snippet:-1, max-image-preview:large, max-video-preview:-1\" \/>\n<link rel=\"canonical\" href=\"https:\/\/skaitytaknyga.lt\/en\/produktas\/pirmykste-moteris-mamutu-medziotojai\/\" \/>\n<meta property=\"og:locale\" content=\"en_GB\" \/>\n<meta property=\"og:locale:alternate\" content=\"lt_LT\" \/>\n<meta property=\"og:type\" content=\"article\" \/>\n<meta property=\"og:title\" content=\"Pirmyk\u0161t\u0117 moteris: Mamut\u0173 med\u017eiotojai\" \/>\n<meta property=\"og:description\" content=\"\u017diema arkli\u0173 sl\u0117nyje prab\u0117go nepastebimai. Aila i\u0161moko i\u0161likti viena, prisijaukino li\u016bt\u0105 ir kumel\u0119, i\u0161moko \u0161audyti lanku, meistri\u0161kai \u012fkurti ugn\u012f, bet\" \/>\n<meta property=\"og:url\" content=\"https:\/\/skaitytaknyga.lt\/en\/produktas\/pirmykste-moteris-mamutu-medziotojai\/\" \/>\n<meta property=\"og:site_name\" content=\"Skaitytaknyga\" \/>\n<meta property=\"article:publisher\" content=\"https:\/\/www.facebook.com\/skaitytaknyga\/\" \/>\n<meta property=\"article:modified_time\" content=\"2025-10-06T10:02:07+00:00\" \/>\n<meta property=\"og:image\" content=\"https:\/\/skaitytaknyga.lt\/wp-content\/uploads\/2025\/09\/Pirmykste-moteris-Mamutu-medziotojai-1.webp\" \/>\n\t<meta property=\"og:image:width\" content=\"300\" \/>\n\t<meta property=\"og:image:height\" content=\"489\" \/>\n\t<meta property=\"og:image:type\" content=\"image\/webp\" \/>\n<meta name=\"twitter:card\" content=\"summary_large_image\" \/>\n<meta name=\"twitter:label1\" content=\"Estimated reading time\" \/>\n\t<meta name=\"twitter:data1\" content=\"1 minute\" \/>\n<script type=\"application\/ld+json\" class=\"yoast-schema-graph\">{\"@context\":\"https:\/\/schema.org\",\"@graph\":[{\"@type\":\"WebPage\",\"@id\":\"https:\/\/skaitytaknyga.lt\/produktas\/pirmykste-moteris-mamutu-medziotojai\/\",\"url\":\"https:\/\/skaitytaknyga.lt\/produktas\/pirmykste-moteris-mamutu-medziotojai\/\",\"name\":\"Pirmyk\u0161t\u0117 moteris: Mamut\u0173 med\u017eiotojai\",\"isPartOf\":{\"@id\":\"https:\/\/skaitytaknyga.lt\/#website\"},\"primaryImageOfPage\":{\"@id\":\"https:\/\/skaitytaknyga.lt\/produktas\/pirmykste-moteris-mamutu-medziotojai\/#primaryimage\"},\"image\":{\"@id\":\"https:\/\/skaitytaknyga.lt\/produktas\/pirmykste-moteris-mamutu-medziotojai\/#primaryimage\"},\"thumbnailUrl\":\"https:\/\/skaitytaknyga.lt\/wp-content\/uploads\/2025\/09\/Pirmykste-moteris-Mamutu-medziotojai-1.webp\",\"datePublished\":\"2025-09-17T17:06:23+00:00\",\"dateModified\":\"2025-10-06T10:02:07+00:00\",\"description\":\"\u017diema arkli\u0173 sl\u0117nyje prab\u0117go nepastebimai. Aila i\u0161moko i\u0161likti viena, prisijaukino li\u016bt\u0105 ir kumel\u0119, i\u0161moko \u0161audyti lanku, meistri\u0161kai \u012fkurti ugn\u012f, bet\",\"breadcrumb\":{\"@id\":\"https:\/\/skaitytaknyga.lt\/produktas\/pirmykste-moteris-mamutu-medziotojai\/#breadcrumb\"},\"inLanguage\":\"en-GB\",\"potentialAction\":[{\"@type\":\"ReadAction\",\"target\":[\"https:\/\/skaitytaknyga.lt\/produktas\/pirmykste-moteris-mamutu-medziotojai\/\"]}]},{\"@type\":\"ImageObject\",\"inLanguage\":\"en-GB\",\"@id\":\"https:\/\/skaitytaknyga.lt\/produktas\/pirmykste-moteris-mamutu-medziotojai\/#primaryimage\",\"url\":\"https:\/\/skaitytaknyga.lt\/wp-content\/uploads\/2025\/09\/Pirmykste-moteris-Mamutu-medziotojai-1.webp\",\"contentUrl\":\"https:\/\/skaitytaknyga.lt\/wp-content\/uploads\/2025\/09\/Pirmykste-moteris-Mamutu-medziotojai-1.webp\",\"width\":300,\"height\":489,\"caption\":\"Pirmyk\u0161t\u0117 moteris: Mamut\u0173 med\u017eiotojai\"},{\"@type\":\"BreadcrumbList\",\"@id\":\"https:\/\/skaitytaknyga.lt\/produktas\/pirmykste-moteris-mamutu-medziotojai\/#breadcrumb\",\"itemListElement\":[{\"@type\":\"ListItem\",\"position\":1,\"name\":\"Home\",\"item\":\"https:\/\/skaitytaknyga.lt\/\"},{\"@type\":\"ListItem\",\"position\":2,\"name\":\"Parduotuv\u0117\",\"item\":\"https:\/\/skaitytaknyga.lt\/knygu-parduotuve\/\"},{\"@type\":\"ListItem\",\"position\":3,\"name\":\"Pirmyk\u0161t\u0117 moteris: Mamut\u0173 med\u017eiotojai\"}]},{\"@type\":\"WebSite\",\"@id\":\"https:\/\/skaitytaknyga.lt\/#website\",\"url\":\"https:\/\/skaitytaknyga.lt\/\",\"name\":\"skaitytaknyga.lt\",\"description\":\"Skaitytaknyga.lt \u2013 tai ma\u017eas \u0161eimos verslas, kuris prasid\u0117jo nuo meil\u0117s knygoms ir siekio i\u0161gelb\u0117ti knygas nuo likimo prie konteinerio. Kas vienam nereikalingas daiktas \u2013 kitam lobis, o mes esame tarpininkai, kurie padeda abiems tapti laimingesniems ???? \u017dinome kaip nelengva i\u0161gyventi ma\u017eiems verslams, tad nuo \u0161iol, \u010dia rasite ir kit\u0173, ma\u017e\u0173 \u0161eim\u0173 versl\u0173, rank\u0173 darbo, dovan\u0173 sau ir artimiesiems.\",\"publisher\":{\"@id\":\"https:\/\/skaitytaknyga.lt\/#organization\"},\"potentialAction\":[{\"@type\":\"SearchAction\",\"target\":{\"@type\":\"EntryPoint\",\"urlTemplate\":\"https:\/\/skaitytaknyga.lt\/?s={search_term_string}\"},\"query-input\":{\"@type\":\"PropertyValueSpecification\",\"valueRequired\":true,\"valueName\":\"search_term_string\"}}],\"inLanguage\":\"en-GB\"},{\"@type\":\"Organization\",\"@id\":\"https:\/\/skaitytaknyga.lt\/#organization\",\"name\":\"skaitytaknyga.lt\",\"url\":\"https:\/\/skaitytaknyga.lt\/\",\"logo\":{\"@type\":\"ImageObject\",\"inLanguage\":\"en-GB\",\"@id\":\"https:\/\/skaitytaknyga.lt\/#\/schema\/logo\/image\/\",\"url\":\"https:\/\/skaitytaknyga.lt\/wp-content\/uploads\/2024\/05\/cropped-cropped-cropped-02_00843_jt3bggkj1j3HLc7SyY6rEUpg.jpeg\",\"contentUrl\":\"https:\/\/skaitytaknyga.lt\/wp-content\/uploads\/2024\/05\/cropped-cropped-cropped-02_00843_jt3bggkj1j3HLc7SyY6rEUpg.jpeg\",\"width\":1600,\"height\":1600,\"caption\":\"skaitytaknyga.lt\"},\"image\":{\"@id\":\"https:\/\/skaitytaknyga.lt\/#\/schema\/logo\/image\/\"},\"sameAs\":[\"https:\/\/www.facebook.com\/skaitytaknyga\/\"]}]}<\/script>\n<!-- \/ Yoast SEO plugin. -->","yoast_head_json":{"title":"Pirmyk\u0161t\u0117 moteris: Mamut\u0173 med\u017eiotojai","description":"\u017diema arkli\u0173 sl\u0117nyje prab\u0117go nepastebimai. Aila i\u0161moko i\u0161likti viena, prisijaukino li\u016bt\u0105 ir kumel\u0119, i\u0161moko \u0161audyti lanku, meistri\u0161kai \u012fkurti ugn\u012f, bet","robots":{"index":"index","follow":"follow","max-snippet":"max-snippet:-1","max-image-preview":"max-image-preview:large","max-video-preview":"max-video-preview:-1"},"canonical":"https:\/\/skaitytaknyga.lt\/en\/produktas\/pirmykste-moteris-mamutu-medziotojai\/","og_locale":"en_GB","og_type":"article","og_title":"[:lt]Pirmyk\u0161t\u0117 moteris: Mamut\u0173 med\u017eiotojai[:] - Skaitytaknyga","og_description":"\u017diema arkli\u0173 sl\u0117nyje prab\u0117go nepastebimai. Aila i\u0161moko i\u0161likti viena, prisijaukino li\u016bt\u0105 ir kumel\u0119, i\u0161moko \u0161audyti lanku, meistri\u0161kai \u012fkurti ugn\u012f, bet","og_url":"https:\/\/skaitytaknyga.lt\/en\/produktas\/pirmykste-moteris-mamutu-medziotojai\/","og_site_name":"Skaitytaknyga","article_publisher":"https:\/\/www.facebook.com\/skaitytaknyga\/","article_modified_time":"2025-10-06T10:02:07+00:00","og_image":[{"width":300,"height":489,"url":"https:\/\/skaitytaknyga.lt\/wp-content\/uploads\/2025\/09\/Pirmykste-moteris-Mamutu-medziotojai-1.webp","type":"image\/webp"}],"twitter_card":"summary_large_image","twitter_misc":{"Estimated reading time":"1 minute"},"schema":{"@context":"https:\/\/schema.org","@graph":[{"@type":"WebPage","@id":"https:\/\/skaitytaknyga.lt\/produktas\/pirmykste-moteris-mamutu-medziotojai\/","url":"https:\/\/skaitytaknyga.lt\/produktas\/pirmykste-moteris-mamutu-medziotojai\/","name":"Pirmyk\u0161t\u0117 moteris: Mamut\u0173 med\u017eiotojai","isPartOf":{"@id":"https:\/\/skaitytaknyga.lt\/#website"},"primaryImageOfPage":{"@id":"https:\/\/skaitytaknyga.lt\/produktas\/pirmykste-moteris-mamutu-medziotojai\/#primaryimage"},"image":{"@id":"https:\/\/skaitytaknyga.lt\/produktas\/pirmykste-moteris-mamutu-medziotojai\/#primaryimage"},"thumbnailUrl":"https:\/\/skaitytaknyga.lt\/wp-content\/uploads\/2025\/09\/Pirmykste-moteris-Mamutu-medziotojai-1.webp","datePublished":"2025-09-17T17:06:23+00:00","dateModified":"2025-10-06T10:02:07+00:00","description":"\u017diema arkli\u0173 sl\u0117nyje prab\u0117go nepastebimai. Aila i\u0161moko i\u0161likti viena, prisijaukino li\u016bt\u0105 ir kumel\u0119, i\u0161moko \u0161audyti lanku, meistri\u0161kai \u012fkurti ugn\u012f, bet","breadcrumb":{"@id":"https:\/\/skaitytaknyga.lt\/produktas\/pirmykste-moteris-mamutu-medziotojai\/#breadcrumb"},"inLanguage":"en-GB","potentialAction":[{"@type":"ReadAction","target":["https:\/\/skaitytaknyga.lt\/produktas\/pirmykste-moteris-mamutu-medziotojai\/"]}]},{"@type":"ImageObject","inLanguage":"en-GB","@id":"https:\/\/skaitytaknyga.lt\/produktas\/pirmykste-moteris-mamutu-medziotojai\/#primaryimage","url":"https:\/\/skaitytaknyga.lt\/wp-content\/uploads\/2025\/09\/Pirmykste-moteris-Mamutu-medziotojai-1.webp","contentUrl":"https:\/\/skaitytaknyga.lt\/wp-content\/uploads\/2025\/09\/Pirmykste-moteris-Mamutu-medziotojai-1.webp","width":300,"height":489,"caption":"Pirmyk\u0161t\u0117 moteris: Mamut\u0173 med\u017eiotojai"},{"@type":"BreadcrumbList","@id":"https:\/\/skaitytaknyga.lt\/produktas\/pirmykste-moteris-mamutu-medziotojai\/#breadcrumb","itemListElement":[{"@type":"ListItem","position":1,"name":"Home","item":"https:\/\/skaitytaknyga.lt\/"},{"@type":"ListItem","position":2,"name":"Parduotuv\u0117","item":"https:\/\/skaitytaknyga.lt\/knygu-parduotuve\/"},{"@type":"ListItem","position":3,"name":"Pirmyk\u0161t\u0117 moteris: Mamut\u0173 med\u017eiotojai"}]},{"@type":"WebSite","@id":"https:\/\/skaitytaknyga.lt\/#website","url":"https:\/\/skaitytaknyga.lt\/","name":"skaitytaknyga.lt","description":"Skaitytaknyga.lt \u2013 tai ma\u017eas \u0161eimos verslas, kuris prasid\u0117jo nuo meil\u0117s knygoms ir siekio i\u0161gelb\u0117ti knygas nuo likimo prie konteinerio. Kas vienam nereikalingas daiktas \u2013 kitam lobis, o mes esame tarpininkai, kurie padeda abiems tapti laimingesniems ???? \u017dinome kaip nelengva i\u0161gyventi ma\u017eiems verslams, tad nuo \u0161iol, \u010dia rasite ir kit\u0173, ma\u017e\u0173 \u0161eim\u0173 versl\u0173, rank\u0173 darbo, dovan\u0173 sau ir artimiesiems.","publisher":{"@id":"https:\/\/skaitytaknyga.lt\/#organization"},"potentialAction":[{"@type":"SearchAction","target":{"@type":"EntryPoint","urlTemplate":"https:\/\/skaitytaknyga.lt\/?s={search_term_string}"},"query-input":{"@type":"PropertyValueSpecification","valueRequired":true,"valueName":"search_term_string"}}],"inLanguage":"en-GB"},{"@type":"Organization","@id":"https:\/\/skaitytaknyga.lt\/#organization","name":"skaitytaknyga.lt","url":"https:\/\/skaitytaknyga.lt\/","logo":{"@type":"ImageObject","inLanguage":"en-GB","@id":"https:\/\/skaitytaknyga.lt\/#\/schema\/logo\/image\/","url":"https:\/\/skaitytaknyga.lt\/wp-content\/uploads\/2024\/05\/cropped-cropped-cropped-02_00843_jt3bggkj1j3HLc7SyY6rEUpg.jpeg","contentUrl":"https:\/\/skaitytaknyga.lt\/wp-content\/uploads\/2024\/05\/cropped-cropped-cropped-02_00843_jt3bggkj1j3HLc7SyY6rEUpg.jpeg","width":1600,"height":1600,"caption":"skaitytaknyga.lt"},"image":{"@id":"https:\/\/skaitytaknyga.lt\/#\/schema\/logo\/image\/"},"sameAs":["https:\/\/www.facebook.com\/skaitytaknyga\/"]}]}},"_links":{"self":[{"href":"https:\/\/skaitytaknyga.lt\/en\/wp-json\/wp\/v2\/product\/20881","targetHints":{"allow":["GET"]}}],"collection":[{"href":"https:\/\/skaitytaknyga.lt\/en\/wp-json\/wp\/v2\/product"}],"about":[{"href":"https:\/\/skaitytaknyga.lt\/en\/wp-json\/wp\/v2\/types\/product"}],"replies":[{"embeddable":true,"href":"https:\/\/skaitytaknyga.lt\/en\/wp-json\/wp\/v2\/comments?post=20881"}],"wp:featuredmedia":[{"embeddable":true,"href":"https:\/\/skaitytaknyga.lt\/en\/wp-json\/wp\/v2\/media\/20886"}],"wp:attachment":[{"href":"https:\/\/skaitytaknyga.lt\/en\/wp-json\/wp\/v2\/media?parent=20881"}],"wp:term":[{"taxonomy":"product_brand","embeddable":true,"href":"https:\/\/skaitytaknyga.lt\/en\/wp-json\/wp\/v2\/product_brand?post=20881"},{"taxonomy":"product_cat","embeddable":true,"href":"https:\/\/skaitytaknyga.lt\/en\/wp-json\/wp\/v2\/product_cat?post=20881"},{"taxonomy":"product_tag","embeddable":true,"href":"https:\/\/skaitytaknyga.lt\/en\/wp-json\/wp\/v2\/product_tag?post=20881"}],"curies":[{"name":"wp","href":"https:\/\/api.w.org\/{rel}","templated":true}]}}