{"id":20880,"date":"2025-09-17T20:06:23","date_gmt":"2025-09-17T17:06:23","guid":{"rendered":"https:\/\/skaitytaknyga.lt\/?post_type=product&#038;p=20880"},"modified":"2026-01-17T22:30:00","modified_gmt":"2026-01-17T20:30:00","slug":"pirmykste-moteris-arkliu-slenis","status":"publish","type":"product","link":"https:\/\/skaitytaknyga.lt\/en\/produktas\/pirmykste-moteris-arkliu-slenis\/","title":{"rendered":"Pirmyk\u0161t\u0117 moteris: Arkli\u0173 sl\u0117nis"},"content":{"rendered":"<p>Naujojo genties vado Braudo i\u0161vyta i\u0161 j\u0105 auginusios neandertalie\u010di\u0173 genties, \u017eiauriai atpl\u0117\u0161ta nuo s\u016bnelio, \u017emoni\u0173 dukra Aila traukia ie\u0161koti nauj\u0173 nam\u0173 ir sav\u0173j\u0173, m\u0117lynaki\u0173 \u0161viesiaplauki\u0173 genties. Art\u0117ja \u017eiema, moteris randa laukini\u0173 arkli\u0173 sl\u0117n\u012f ir ilgai negalvojusi jame pasilieka. Draugij\u0105 jai palaiko priglausta kumelait\u0117 ir li\u016btukas. Jaunoji moteris moka rinkti maist\u0105 ir med\u017eioti svaidykle, genties tabu bei draudim\u0173 nevar\u017eoma laisv\u0117 leid\u017eia i\u0161siskleisti jos \u017emogi\u0161kam i\u0161radingumui.<\/p>\n<p>Tolimoje Zelandonijoje \u012f kelion\u0119 per prie\u0161istorin\u0119 Europ\u0105 ruo\u0161iasi broliai Jolandaras ir Tonolanas. \u0160is nori surasti Did\u017eiosios Motinos Up\u0117s i\u0161takas, o brolis Jolandaras trok\u0161ta pamatyti kitas gentis ir pasprukti nuo&#8230; vestuvi\u0173.<\/p>\n<p>J\u0173 keliai susikerta vien\u0105 dien\u0105, kai vienatv\u0117s ir \u017emoni\u0173 ilgesio nukamuota Aila i\u0161girsta \u0161iurp\u0173 urvinio li\u016bto riaumojim\u0105 ir&#8230; su\u017eeisto \u017emogaus riksm\u0105. Nepa\u017e\u012fstamasis yra Kitas, toks kaip ji, \u017emogus. Aila jau\u010dia baim\u0119 ir vilt\u012f, i\u0161siilgusi artimo \u0161irdis pa\u017e\u012fsta meil\u0119 ir atranda aistr\u0105, kuri nulems \u017emonijos ateit\u012f&#8230;<\/p>\n","protected":false},"excerpt":{"rendered":"<p>Naujojo genties vado Braudo i\u0161vyta i\u0161 j\u0105 auginusios neandertalie\u010di\u0173 genties, \u017eiauriai atpl\u0117\u0161ta nuo s\u016bnelio, \u017emoni\u0173 dukra Aila traukia ie\u0161koti nauj\u0173 nam\u0173 ir sav\u0173j\u0173, m\u0117lynaki\u0173 \u0161viesiaplauki\u0173 genties. Art\u0117ja \u017eiema, moteris randa laukini\u0173 arkli\u0173 sl\u0117n\u012f ir ilgai negalvojusi jame pasilieka. Draugij\u0105 jai palaiko priglausta kumelait\u0117 ir li\u016btukas. Jaunoji moteris moka rinkti maist\u0105 ir med\u017eioti svaidykle, genties tabu bei draudim\u0173 nevar\u017eoma laisv\u0117 leid\u017eia i\u0161siskleisti jos \u017emogi\u0161kam i\u0161radingumui. Tolimoje Zelandonijoje \u012f kelion\u0119 per prie\u0161istorin\u0119 Europ\u0105 ruo\u0161iasi broliai Jolandaras ir Tonolanas. \u0160is nori surasti Did\u017eiosios Motinos Up\u0117s i\u0161takas, o brolis Jolandaras trok\u0161ta pamatyti kitas gentis ir pasprukti nuo&#8230; vestuvi\u0173. J\u0173 keliai susikerta vien\u0105 dien\u0105, kai vienatv\u0117s ir \u017emoni\u0173 ilgesio nukamuota Aila i\u0161girsta \u0161iurp\u0173 urvinio li\u016bto riaumojim\u0105 ir&#8230; su\u017eeisto \u017emogaus riksm\u0105. Nepa\u017e\u012fstamasis yra Kitas, toks kaip ji, \u017emogus. Aila jau\u010dia baim\u0119 ir vilt\u012f, i\u0161siilgusi artimo \u0161irdis pa\u017e\u012fsta meil\u0119 ir atranda aistr\u0105, kuri nulems \u017emonijos ateit\u012f&#8230;<\/p>\n","protected":false},"featured_media":20885,"comment_status":"open","ping_status":"closed","template":"","meta":{"_acf_changed":false,"site-sidebar-layout":"default","site-content-layout":"","ast-site-content-layout":"default","site-content-style":"default","site-sidebar-style":"default","ast-global-header-display":"","ast-banner-title-visibility":"","ast-main-header-display":"","ast-hfb-above-header-display":"","ast-hfb-below-header-display":"","ast-hfb-mobile-header-display":"","site-post-title":"","ast-breadcrumbs-content":"","ast-featured-img":"","footer-sml-layout":"","ast-disable-related-posts":"","theme-transparent-header-meta":"","adv-header-id-meta":"","stick-header-meta":"","header-above-stick-meta":"","header-main-stick-meta":"","header-below-stick-meta":"","astra-migrate-meta-layouts":"default","ast-page-background-enabled":"default","ast-page-background-meta":{"desktop":{"background-color":"","background-image":"","background-repeat":"repeat","background-position":"center center","background-size":"auto","background-attachment":"scroll","background-type":"","background-media":"","overlay-type":"","overlay-color":"","overlay-opacity":"","overlay-gradient":""},"tablet":{"background-color":"","background-image":"","background-repeat":"repeat","background-position":"center center","background-size":"auto","background-attachment":"scroll","background-type":"","background-media":"","overlay-type":"","overlay-color":"","overlay-opacity":"","overlay-gradient":""},"mobile":{"background-color":"","background-image":"","background-repeat":"repeat","background-position":"center center","background-size":"auto","background-attachment":"scroll","background-type":"","background-media":"","overlay-type":"","overlay-color":"","overlay-opacity":"","overlay-gradient":""}},"ast-content-background-meta":{"desktop":{"background-color":"var(--ast-global-color-4)","background-image":"","background-repeat":"repeat","background-position":"center center","background-size":"auto","background-attachment":"scroll","background-type":"","background-media":"","overlay-type":"","overlay-color":"","overlay-opacity":"","overlay-gradient":""},"tablet":{"background-color":"var(--ast-global-color-4)","background-image":"","background-repeat":"repeat","background-position":"center center","background-size":"auto","background-attachment":"scroll","background-type":"","background-media":"","overlay-type":"","overlay-color":"","overlay-opacity":"","overlay-gradient":""},"mobile":{"background-color":"var(--ast-global-color-4)","background-image":"","background-repeat":"repeat","background-position":"center center","background-size":"auto","background-attachment":"scroll","background-type":"","background-media":"","overlay-type":"","overlay-color":"","overlay-opacity":"","overlay-gradient":""}}},"product_brand":[],"product_cat":[31,15],"product_tag":[1802,8623,1840,3532,8624,1796,1451,3534,1770],"class_list":{"0":"post-20880","1":"product","2":"type-product","3":"status-publish","4":"has-post-thumbnail","6":"product_cat-grozine-literatura","7":"product_cat-uncategorized","8":"product_tag-gamta","9":"product_tag-gentys","10":"product_tag-isgyvenimas","11":"product_tag-jean-m-auel","12":"product_tag-medziokle","13":"product_tag-meile","14":"product_tag-nuotykiai","15":"product_tag-priesistore","16":"product_tag-ziema","17":"desktop-align-left","18":"tablet-align-left","19":"mobile-align-left","21":"first","22":"outofstock","23":"shipping-taxable","24":"purchasable","25":"product-type-simple"},"acf":[],"yoast_head":"<!-- This site is optimized with the Yoast SEO plugin v27.4 - https:\/\/yoast.com\/product\/yoast-seo-wordpress\/ -->\n<title>Pirmyk\u0161t\u0117 moteris: Arkli\u0173 sl\u0117nis<\/title>\n<meta name=\"description\" content=\"Naujojo genties vado Braudo i\u0161vyta i\u0161 j\u0105 auginusios neandertalie\u010di\u0173 genties, \u017eiauriai atpl\u0117\u0161ta nuo s\u016bnelio, \u017emoni\u0173 dukra Aila traukia ie\u0161koti nauj\u0173 nam\u0173\" \/>\n<meta name=\"robots\" content=\"index, follow, max-snippet:-1, max-image-preview:large, max-video-preview:-1\" \/>\n<link rel=\"canonical\" href=\"https:\/\/skaitytaknyga.lt\/en\/produktas\/pirmykste-moteris-arkliu-slenis\/\" \/>\n<meta property=\"og:locale\" content=\"en_GB\" \/>\n<meta property=\"og:locale:alternate\" content=\"lt_LT\" \/>\n<meta property=\"og:type\" content=\"article\" \/>\n<meta property=\"og:title\" content=\"Pirmyk\u0161t\u0117 moteris: Arkli\u0173 sl\u0117nis\" \/>\n<meta property=\"og:description\" content=\"Naujojo genties vado Braudo i\u0161vyta i\u0161 j\u0105 auginusios neandertalie\u010di\u0173 genties, \u017eiauriai atpl\u0117\u0161ta nuo s\u016bnelio, \u017emoni\u0173 dukra Aila traukia ie\u0161koti nauj\u0173 nam\u0173\" \/>\n<meta property=\"og:url\" content=\"https:\/\/skaitytaknyga.lt\/en\/produktas\/pirmykste-moteris-arkliu-slenis\/\" \/>\n<meta property=\"og:site_name\" content=\"Skaitytaknyga\" \/>\n<meta property=\"article:publisher\" content=\"https:\/\/www.facebook.com\/skaitytaknyga\/\" \/>\n<meta property=\"article:modified_time\" content=\"2026-01-17T20:30:00+00:00\" \/>\n<meta property=\"og:image\" content=\"https:\/\/skaitytaknyga.lt\/wp-content\/uploads\/2025\/09\/Pirmykste-moteris-Arkliu-slenis.webp\" \/>\n\t<meta property=\"og:image:width\" content=\"275\" \/>\n\t<meta property=\"og:image:height\" content=\"450\" \/>\n\t<meta property=\"og:image:type\" content=\"image\/webp\" \/>\n<meta name=\"twitter:card\" content=\"summary_large_image\" \/>\n<meta name=\"twitter:label1\" content=\"Estimated reading time\" \/>\n\t<meta name=\"twitter:data1\" content=\"1 minute\" \/>\n<script type=\"application\/ld+json\" class=\"yoast-schema-graph\">{\"@context\":\"https:\\\/\\\/schema.org\",\"@graph\":[{\"@type\":\"WebPage\",\"@id\":\"https:\\\/\\\/skaitytaknyga.lt\\\/produktas\\\/pirmykste-moteris-arkliu-slenis\\\/\",\"url\":\"https:\\\/\\\/skaitytaknyga.lt\\\/produktas\\\/pirmykste-moteris-arkliu-slenis\\\/\",\"name\":\"Pirmyk\u0161t\u0117 moteris: Arkli\u0173 sl\u0117nis\",\"isPartOf\":{\"@id\":\"https:\\\/\\\/skaitytaknyga.lt\\\/#website\"},\"primaryImageOfPage\":{\"@id\":\"https:\\\/\\\/skaitytaknyga.lt\\\/produktas\\\/pirmykste-moteris-arkliu-slenis\\\/#primaryimage\"},\"image\":{\"@id\":\"https:\\\/\\\/skaitytaknyga.lt\\\/produktas\\\/pirmykste-moteris-arkliu-slenis\\\/#primaryimage\"},\"thumbnailUrl\":\"https:\\\/\\\/skaitytaknyga.lt\\\/wp-content\\\/uploads\\\/2025\\\/09\\\/Pirmykste-moteris-Arkliu-slenis.webp\",\"datePublished\":\"2025-09-17T17:06:23+00:00\",\"dateModified\":\"2026-01-17T20:30:00+00:00\",\"description\":\"Naujojo genties vado Braudo i\u0161vyta i\u0161 j\u0105 auginusios neandertalie\u010di\u0173 genties, \u017eiauriai atpl\u0117\u0161ta nuo s\u016bnelio, \u017emoni\u0173 dukra Aila traukia ie\u0161koti nauj\u0173 nam\u0173\",\"breadcrumb\":{\"@id\":\"https:\\\/\\\/skaitytaknyga.lt\\\/produktas\\\/pirmykste-moteris-arkliu-slenis\\\/#breadcrumb\"},\"inLanguage\":\"en-GB\",\"potentialAction\":[{\"@type\":\"ReadAction\",\"target\":[\"https:\\\/\\\/skaitytaknyga.lt\\\/produktas\\\/pirmykste-moteris-arkliu-slenis\\\/\"]}]},{\"@type\":\"ImageObject\",\"inLanguage\":\"en-GB\",\"@id\":\"https:\\\/\\\/skaitytaknyga.lt\\\/produktas\\\/pirmykste-moteris-arkliu-slenis\\\/#primaryimage\",\"url\":\"https:\\\/\\\/skaitytaknyga.lt\\\/wp-content\\\/uploads\\\/2025\\\/09\\\/Pirmykste-moteris-Arkliu-slenis.webp\",\"contentUrl\":\"https:\\\/\\\/skaitytaknyga.lt\\\/wp-content\\\/uploads\\\/2025\\\/09\\\/Pirmykste-moteris-Arkliu-slenis.webp\",\"width\":275,\"height\":450,\"caption\":\"Pirmyk\u0161t\u0117 moteris: Arkli\u0173 sl\u0117nis\"},{\"@type\":\"BreadcrumbList\",\"@id\":\"https:\\\/\\\/skaitytaknyga.lt\\\/produktas\\\/pirmykste-moteris-arkliu-slenis\\\/#breadcrumb\",\"itemListElement\":[{\"@type\":\"ListItem\",\"position\":1,\"name\":\"Home\",\"item\":\"https:\\\/\\\/skaitytaknyga.lt\\\/\"},{\"@type\":\"ListItem\",\"position\":2,\"name\":\"Parduotuv\u0117\",\"item\":\"https:\\\/\\\/skaitytaknyga.lt\\\/knygu-parduotuve\\\/\"},{\"@type\":\"ListItem\",\"position\":3,\"name\":\"Pirmyk\u0161t\u0117 moteris: Arkli\u0173 sl\u0117nis\"}]},{\"@type\":\"WebSite\",\"@id\":\"https:\\\/\\\/skaitytaknyga.lt\\\/#website\",\"url\":\"https:\\\/\\\/skaitytaknyga.lt\\\/\",\"name\":\"skaitytaknyga.lt\",\"description\":\"Skaitytaknyga.lt \u2013 tai ma\u017eas \u0161eimos verslas, kuris prasid\u0117jo nuo meil\u0117s knygoms ir siekio i\u0161gelb\u0117ti knygas nuo likimo prie konteinerio. Kas vienam nereikalingas daiktas \u2013 kitam lobis, o mes esame tarpininkai, kurie padeda abiems tapti laimingesniems ???? \u017dinome kaip nelengva i\u0161gyventi ma\u017eiems verslams, tad nuo \u0161iol, \u010dia rasite ir kit\u0173, ma\u017e\u0173 \u0161eim\u0173 versl\u0173, rank\u0173 darbo, dovan\u0173 sau ir artimiesiems.\",\"publisher\":{\"@id\":\"https:\\\/\\\/skaitytaknyga.lt\\\/#organization\"},\"potentialAction\":[{\"@type\":\"SearchAction\",\"target\":{\"@type\":\"EntryPoint\",\"urlTemplate\":\"https:\\\/\\\/skaitytaknyga.lt\\\/?s={search_term_string}\"},\"query-input\":{\"@type\":\"PropertyValueSpecification\",\"valueRequired\":true,\"valueName\":\"search_term_string\"}}],\"inLanguage\":\"en-GB\"},{\"@type\":\"Organization\",\"@id\":\"https:\\\/\\\/skaitytaknyga.lt\\\/#organization\",\"name\":\"skaitytaknyga.lt\",\"url\":\"https:\\\/\\\/skaitytaknyga.lt\\\/\",\"logo\":{\"@type\":\"ImageObject\",\"inLanguage\":\"en-GB\",\"@id\":\"https:\\\/\\\/skaitytaknyga.lt\\\/#\\\/schema\\\/logo\\\/image\\\/\",\"url\":\"https:\\\/\\\/skaitytaknyga.lt\\\/wp-content\\\/uploads\\\/2024\\\/05\\\/cropped-cropped-cropped-02_00843_jt3bggkj1j3HLc7SyY6rEUpg.jpeg\",\"contentUrl\":\"https:\\\/\\\/skaitytaknyga.lt\\\/wp-content\\\/uploads\\\/2024\\\/05\\\/cropped-cropped-cropped-02_00843_jt3bggkj1j3HLc7SyY6rEUpg.jpeg\",\"width\":1600,\"height\":1600,\"caption\":\"skaitytaknyga.lt\"},\"image\":{\"@id\":\"https:\\\/\\\/skaitytaknyga.lt\\\/#\\\/schema\\\/logo\\\/image\\\/\"},\"sameAs\":[\"https:\\\/\\\/www.facebook.com\\\/skaitytaknyga\\\/\"]}]}<\/script>\n<!-- \/ Yoast SEO plugin. -->","yoast_head_json":{"title":"Pirmyk\u0161t\u0117 moteris: Arkli\u0173 sl\u0117nis","description":"Naujojo genties vado Braudo i\u0161vyta i\u0161 j\u0105 auginusios neandertalie\u010di\u0173 genties, \u017eiauriai atpl\u0117\u0161ta nuo s\u016bnelio, \u017emoni\u0173 dukra Aila traukia ie\u0161koti nauj\u0173 nam\u0173","robots":{"index":"index","follow":"follow","max-snippet":"max-snippet:-1","max-image-preview":"max-image-preview:large","max-video-preview":"max-video-preview:-1"},"canonical":"https:\/\/skaitytaknyga.lt\/en\/produktas\/pirmykste-moteris-arkliu-slenis\/","og_locale":"en_GB","og_type":"article","og_title":"[:lt]Pirmyk\u0161t\u0117 moteris: Arkli\u0173 sl\u0117nis[:] - Skaitytaknyga","og_description":"Naujojo genties vado Braudo i\u0161vyta i\u0161 j\u0105 auginusios neandertalie\u010di\u0173 genties, \u017eiauriai atpl\u0117\u0161ta nuo s\u016bnelio, \u017emoni\u0173 dukra Aila traukia ie\u0161koti nauj\u0173 nam\u0173","og_url":"https:\/\/skaitytaknyga.lt\/en\/produktas\/pirmykste-moteris-arkliu-slenis\/","og_site_name":"Skaitytaknyga","article_publisher":"https:\/\/www.facebook.com\/skaitytaknyga\/","article_modified_time":"2026-01-17T20:30:00+00:00","og_image":[{"width":275,"height":450,"url":"https:\/\/skaitytaknyga.lt\/wp-content\/uploads\/2025\/09\/Pirmykste-moteris-Arkliu-slenis.webp","type":"image\/webp"}],"twitter_card":"summary_large_image","twitter_misc":{"Estimated reading time":"1 minute"},"schema":{"@context":"https:\/\/schema.org","@graph":[{"@type":"WebPage","@id":"https:\/\/skaitytaknyga.lt\/produktas\/pirmykste-moteris-arkliu-slenis\/","url":"https:\/\/skaitytaknyga.lt\/produktas\/pirmykste-moteris-arkliu-slenis\/","name":"Pirmyk\u0161t\u0117 moteris: Arkli\u0173 sl\u0117nis","isPartOf":{"@id":"https:\/\/skaitytaknyga.lt\/#website"},"primaryImageOfPage":{"@id":"https:\/\/skaitytaknyga.lt\/produktas\/pirmykste-moteris-arkliu-slenis\/#primaryimage"},"image":{"@id":"https:\/\/skaitytaknyga.lt\/produktas\/pirmykste-moteris-arkliu-slenis\/#primaryimage"},"thumbnailUrl":"https:\/\/skaitytaknyga.lt\/wp-content\/uploads\/2025\/09\/Pirmykste-moteris-Arkliu-slenis.webp","datePublished":"2025-09-17T17:06:23+00:00","dateModified":"2026-01-17T20:30:00+00:00","description":"Naujojo genties vado Braudo i\u0161vyta i\u0161 j\u0105 auginusios neandertalie\u010di\u0173 genties, \u017eiauriai atpl\u0117\u0161ta nuo s\u016bnelio, \u017emoni\u0173 dukra Aila traukia ie\u0161koti nauj\u0173 nam\u0173","breadcrumb":{"@id":"https:\/\/skaitytaknyga.lt\/produktas\/pirmykste-moteris-arkliu-slenis\/#breadcrumb"},"inLanguage":"en-GB","potentialAction":[{"@type":"ReadAction","target":["https:\/\/skaitytaknyga.lt\/produktas\/pirmykste-moteris-arkliu-slenis\/"]}]},{"@type":"ImageObject","inLanguage":"en-GB","@id":"https:\/\/skaitytaknyga.lt\/produktas\/pirmykste-moteris-arkliu-slenis\/#primaryimage","url":"https:\/\/skaitytaknyga.lt\/wp-content\/uploads\/2025\/09\/Pirmykste-moteris-Arkliu-slenis.webp","contentUrl":"https:\/\/skaitytaknyga.lt\/wp-content\/uploads\/2025\/09\/Pirmykste-moteris-Arkliu-slenis.webp","width":275,"height":450,"caption":"Pirmyk\u0161t\u0117 moteris: Arkli\u0173 sl\u0117nis"},{"@type":"BreadcrumbList","@id":"https:\/\/skaitytaknyga.lt\/produktas\/pirmykste-moteris-arkliu-slenis\/#breadcrumb","itemListElement":[{"@type":"ListItem","position":1,"name":"Home","item":"https:\/\/skaitytaknyga.lt\/"},{"@type":"ListItem","position":2,"name":"Parduotuv\u0117","item":"https:\/\/skaitytaknyga.lt\/knygu-parduotuve\/"},{"@type":"ListItem","position":3,"name":"Pirmyk\u0161t\u0117 moteris: Arkli\u0173 sl\u0117nis"}]},{"@type":"WebSite","@id":"https:\/\/skaitytaknyga.lt\/#website","url":"https:\/\/skaitytaknyga.lt\/","name":"skaitytaknyga.lt","description":"Skaitytaknyga.lt \u2013 tai ma\u017eas \u0161eimos verslas, kuris prasid\u0117jo nuo meil\u0117s knygoms ir siekio i\u0161gelb\u0117ti knygas nuo likimo prie konteinerio. Kas vienam nereikalingas daiktas \u2013 kitam lobis, o mes esame tarpininkai, kurie padeda abiems tapti laimingesniems ???? \u017dinome kaip nelengva i\u0161gyventi ma\u017eiems verslams, tad nuo \u0161iol, \u010dia rasite ir kit\u0173, ma\u017e\u0173 \u0161eim\u0173 versl\u0173, rank\u0173 darbo, dovan\u0173 sau ir artimiesiems.","publisher":{"@id":"https:\/\/skaitytaknyga.lt\/#organization"},"potentialAction":[{"@type":"SearchAction","target":{"@type":"EntryPoint","urlTemplate":"https:\/\/skaitytaknyga.lt\/?s={search_term_string}"},"query-input":{"@type":"PropertyValueSpecification","valueRequired":true,"valueName":"search_term_string"}}],"inLanguage":"en-GB"},{"@type":"Organization","@id":"https:\/\/skaitytaknyga.lt\/#organization","name":"skaitytaknyga.lt","url":"https:\/\/skaitytaknyga.lt\/","logo":{"@type":"ImageObject","inLanguage":"en-GB","@id":"https:\/\/skaitytaknyga.lt\/#\/schema\/logo\/image\/","url":"https:\/\/skaitytaknyga.lt\/wp-content\/uploads\/2024\/05\/cropped-cropped-cropped-02_00843_jt3bggkj1j3HLc7SyY6rEUpg.jpeg","contentUrl":"https:\/\/skaitytaknyga.lt\/wp-content\/uploads\/2024\/05\/cropped-cropped-cropped-02_00843_jt3bggkj1j3HLc7SyY6rEUpg.jpeg","width":1600,"height":1600,"caption":"skaitytaknyga.lt"},"image":{"@id":"https:\/\/skaitytaknyga.lt\/#\/schema\/logo\/image\/"},"sameAs":["https:\/\/www.facebook.com\/skaitytaknyga\/"]}]}},"_links":{"self":[{"href":"https:\/\/skaitytaknyga.lt\/en\/wp-json\/wp\/v2\/product\/20880","targetHints":{"allow":["GET"]}}],"collection":[{"href":"https:\/\/skaitytaknyga.lt\/en\/wp-json\/wp\/v2\/product"}],"about":[{"href":"https:\/\/skaitytaknyga.lt\/en\/wp-json\/wp\/v2\/types\/product"}],"replies":[{"embeddable":true,"href":"https:\/\/skaitytaknyga.lt\/en\/wp-json\/wp\/v2\/comments?post=20880"}],"wp:featuredmedia":[{"embeddable":true,"href":"https:\/\/skaitytaknyga.lt\/en\/wp-json\/wp\/v2\/media\/20885"}],"wp:attachment":[{"href":"https:\/\/skaitytaknyga.lt\/en\/wp-json\/wp\/v2\/media?parent=20880"}],"wp:term":[{"taxonomy":"product_brand","embeddable":true,"href":"https:\/\/skaitytaknyga.lt\/en\/wp-json\/wp\/v2\/product_brand?post=20880"},{"taxonomy":"product_cat","embeddable":true,"href":"https:\/\/skaitytaknyga.lt\/en\/wp-json\/wp\/v2\/product_cat?post=20880"},{"taxonomy":"product_tag","embeddable":true,"href":"https:\/\/skaitytaknyga.lt\/en\/wp-json\/wp\/v2\/product_tag?post=20880"}],"curies":[{"name":"wp","href":"https:\/\/api.w.org\/{rel}","templated":true}]}}