{"id":20872,"date":"2025-09-17T19:46:20","date_gmt":"2025-09-17T16:46:20","guid":{"rendered":"https:\/\/skaitytaknyga.lt\/?post_type=product&#038;p=20872"},"modified":"2025-10-06T13:05:41","modified_gmt":"2025-10-06T10:05:41","slug":"mazas-gyvenimas-2","status":"publish","type":"product","link":"https:\/\/skaitytaknyga.lt\/en\/produktas\/mazas-gyvenimas-2\/","title":{"rendered":"Ma\u017eas gyvenimas"},"content":{"rendered":"<p>Manau, vienintele\u0307 draugyste\u0307s gudrybe\u0307 yra susirasti geresniu\u0328 u\u017e save \u017emoniu\u0328 \u2013 ne kietesniu\u0328, ne protingesniu\u0328, bet \u0161velnesniu\u0328, dosnesniu\u0328, atlaidesniu\u0328 \u2013 ir vertinti juos u\u017e tai, ko jie gali tave i\u0161mokyti, ir klausytis ju\u0328, kai jie kalba apie tave, nesvarbu, gerus ar blogus \u017eod\u017eius, ir pasitike\u0307ti jais \u2013 o tai visu\u0328 sunkiausia. Tac\u030ciau ir visu\u0328 nuostabiausia.<\/p>\n<p>Keturi koled\u017eo draugai, atsikraust\u0119 \u012f Niujork\u0105, neturi nei pinig\u0173, nei \u017eem\u0117s po kojomis, bet visad kliaujasi vienas kitu \u2013 ir \u0161ios draugyst\u0117s jiems pakanka, kad ie\u0161kodami laim\u0117s ir s\u0117km\u0117s \u017eengt\u0173 pirmyn. Tai gera\u0161irdis aktorius Vilemas, a\u0161trialie\u017euvis dailininkas D\u017eei Bi, talentingas architektas Malkolmas ir m\u012fslingas, savyje u\u017esisklend\u0119s D\u017eudas, kuris tarytum magnetas ketveriuk\u0119 laiko drauge.<\/p>\n<p>B\u0117gant metams draug\u0173 santykiai gil\u0117ja ir tams\u0117ja, juos nuspalvina priklausomyb\u0117s, sud\u0117tingi pasirinkimai, ambicijos ir s\u0117km\u0117. Ta\u010diau did\u017eiausias j\u0173 i\u0161\u0161\u016bkis, draugai netrunka suprasti, yra pats D\u017eudas \u2013 genialus teisininkas ir matematikas, bet gyvenimo negr\u012f\u017etamai palau\u017etas \u017emogus. Jo k\u016bnas ir s\u0105mon\u0117 su\u017ealoti nenusakomai \u017eiaurios vaikyst\u0117s traum\u0173, kurios D\u017eud\u0105 ir jo artimuosius persekios vis\u0105 gyvenim\u0105.<\/p>\n","protected":false},"excerpt":{"rendered":"<p>Manau, vienintele\u0307 draugyste\u0307s gudrybe\u0307 yra susirasti geresniu\u0328 u\u017e save \u017emoniu\u0328 \u2013 ne kietesniu\u0328, ne protingesniu\u0328, bet \u0161velnesniu\u0328, dosnesniu\u0328, atlaidesniu\u0328 \u2013 ir vertinti juos u\u017e tai, ko jie gali tave i\u0161mokyti, ir klausytis ju\u0328, kai jie kalba apie tave, nesvarbu, gerus ar blogus \u017eod\u017eius, ir pasitike\u0307ti jais \u2013 o tai visu\u0328 sunkiausia. Tac\u030ciau ir visu\u0328 nuostabiausia. Keturi koled\u017eo draugai, atsikraust\u0119 \u012f Niujork\u0105, neturi nei pinig\u0173, nei \u017eem\u0117s po kojomis, bet visad kliaujasi vienas kitu \u2013 ir \u0161ios draugyst\u0117s jiems pakanka, kad ie\u0161kodami laim\u0117s ir s\u0117km\u0117s \u017eengt\u0173 pirmyn. Tai gera\u0161irdis aktorius Vilemas, a\u0161trialie\u017euvis dailininkas D\u017eei Bi, talentingas architektas Malkolmas ir m\u012fslingas, savyje u\u017esisklend\u0119s D\u017eudas, kuris tarytum magnetas ketveriuk\u0119 laiko drauge. B\u0117gant metams draug\u0173 santykiai gil\u0117ja ir tams\u0117ja, juos nuspalvina priklausomyb\u0117s, sud\u0117tingi pasirinkimai, ambicijos ir s\u0117km\u0117. Ta\u010diau did\u017eiausias j\u0173 i\u0161\u0161\u016bkis, draugai netrunka suprasti, yra pats D\u017eudas \u2013 genialus teisininkas ir matematikas, bet gyvenimo negr\u012f\u017etamai palau\u017etas \u017emogus. Jo k\u016bnas ir s\u0105mon\u0117 su\u017ealoti nenusakomai \u017eiaurios vaikyst\u0117s traum\u0173, kurios D\u017eud\u0105 ir jo artimuosius persekios vis\u0105 gyvenim\u0105.<\/p>\n","protected":false},"featured_media":20877,"comment_status":"open","ping_status":"closed","template":"","meta":{"_acf_changed":false,"site-sidebar-layout":"default","site-content-layout":"","ast-site-content-layout":"default","site-content-style":"default","site-sidebar-style":"default","ast-global-header-display":"","ast-banner-title-visibility":"","ast-main-header-display":"","ast-hfb-above-header-display":"","ast-hfb-below-header-display":"","ast-hfb-mobile-header-display":"","site-post-title":"","ast-breadcrumbs-content":"","ast-featured-img":"","footer-sml-layout":"","ast-disable-related-posts":"","theme-transparent-header-meta":"","adv-header-id-meta":"","stick-header-meta":"","header-above-stick-meta":"","header-main-stick-meta":"","header-below-stick-meta":"","astra-migrate-meta-layouts":"default","ast-page-background-enabled":"default","ast-page-background-meta":{"desktop":{"background-color":"","background-image":"","background-repeat":"repeat","background-position":"center center","background-size":"auto","background-attachment":"scroll","background-type":"","background-media":"","overlay-type":"","overlay-color":"","overlay-opacity":"","overlay-gradient":""},"tablet":{"background-color":"","background-image":"","background-repeat":"repeat","background-position":"center center","background-size":"auto","background-attachment":"scroll","background-type":"","background-media":"","overlay-type":"","overlay-color":"","overlay-opacity":"","overlay-gradient":""},"mobile":{"background-color":"","background-image":"","background-repeat":"repeat","background-position":"center center","background-size":"auto","background-attachment":"scroll","background-type":"","background-media":"","overlay-type":"","overlay-color":"","overlay-opacity":"","overlay-gradient":""}},"ast-content-background-meta":{"desktop":{"background-color":"var(--ast-global-color-4)","background-image":"","background-repeat":"repeat","background-position":"center center","background-size":"auto","background-attachment":"scroll","background-type":"","background-media":"","overlay-type":"","overlay-color":"","overlay-opacity":"","overlay-gradient":""},"tablet":{"background-color":"var(--ast-global-color-4)","background-image":"","background-repeat":"repeat","background-position":"center center","background-size":"auto","background-attachment":"scroll","background-type":"","background-media":"","overlay-type":"","overlay-color":"","overlay-opacity":"","overlay-gradient":""},"mobile":{"background-color":"var(--ast-global-color-4)","background-image":"","background-repeat":"repeat","background-position":"center center","background-size":"auto","background-attachment":"scroll","background-type":"","background-media":"","overlay-type":"","overlay-color":"","overlay-opacity":"","overlay-gradient":""}}},"product_brand":[],"product_cat":[31],"product_tag":[1647,2734,4143,1590,1705,1392,4146,2607],"class_list":{"0":"post-20872","1":"product","2":"type-product","3":"status-publish","4":"has-post-thumbnail","6":"product_cat-grozine-literatura","7":"product_tag-draugyste","8":"product_tag-gyvenimo-issukiai","9":"product_tag-hanya-yanagihara","10":"product_tag-itampa","11":"product_tag-niujorkas","12":"product_tag-psichologija","13":"product_tag-trauma","14":"product_tag-zmogaus-santykiai","15":"desktop-align-left","16":"tablet-align-left","17":"mobile-align-left","19":"first","20":"instock","21":"shipping-taxable","22":"purchasable","23":"product-type-simple"},"acf":[],"yoast_head":"<!-- This site is optimized with the Yoast SEO plugin v27.4 - https:\/\/yoast.com\/product\/yoast-seo-wordpress\/ -->\n<title>Ma\u017eas gyvenimas<\/title>\n<meta name=\"description\" content=\"Manau, vienintele\u0307 draugyste\u0307s gudrybe\u0307 yra susirasti geresniu\u0328 u\u017e save \u017emoniu\u0328 \u2013 ne kietesniu\u0328, ne protingesniu\u0328, bet \u0161velnesniu\u0328, dosnesniu\u0328,\" \/>\n<meta name=\"robots\" content=\"index, follow, max-snippet:-1, max-image-preview:large, max-video-preview:-1\" \/>\n<link rel=\"canonical\" href=\"https:\/\/skaitytaknyga.lt\/en\/produktas\/mazas-gyvenimas-2\/\" \/>\n<meta property=\"og:locale\" content=\"en_GB\" \/>\n<meta property=\"og:locale:alternate\" content=\"lt_LT\" \/>\n<meta property=\"og:type\" content=\"article\" \/>\n<meta property=\"og:title\" content=\"Ma\u017eas gyvenimas\" \/>\n<meta property=\"og:description\" content=\"Manau, vienintele\u0307 draugyste\u0307s gudrybe\u0307 yra susirasti geresniu\u0328 u\u017e save \u017emoniu\u0328 \u2013 ne kietesniu\u0328, ne protingesniu\u0328, bet \u0161velnesniu\u0328, dosnesniu\u0328,\" \/>\n<meta property=\"og:url\" content=\"https:\/\/skaitytaknyga.lt\/en\/produktas\/mazas-gyvenimas-2\/\" \/>\n<meta property=\"og:site_name\" content=\"Skaitytaknyga\" \/>\n<meta property=\"article:publisher\" content=\"https:\/\/www.facebook.com\/skaitytaknyga\/\" \/>\n<meta property=\"article:modified_time\" content=\"2025-10-06T10:05:41+00:00\" \/>\n<meta property=\"og:image\" content=\"https:\/\/skaitytaknyga.lt\/wp-content\/uploads\/2025\/09\/Mazas-gyvenimas-1.webp\" \/>\n\t<meta property=\"og:image:width\" content=\"300\" \/>\n\t<meta property=\"og:image:height\" content=\"429\" \/>\n\t<meta property=\"og:image:type\" content=\"image\/webp\" \/>\n<meta name=\"twitter:card\" content=\"summary_large_image\" \/>\n<meta name=\"twitter:label1\" content=\"Estimated reading time\" \/>\n\t<meta name=\"twitter:data1\" content=\"1 minute\" \/>\n<script type=\"application\/ld+json\" class=\"yoast-schema-graph\">{\"@context\":\"https:\\\/\\\/schema.org\",\"@graph\":[{\"@type\":\"WebPage\",\"@id\":\"https:\\\/\\\/skaitytaknyga.lt\\\/produktas\\\/mazas-gyvenimas-2\\\/\",\"url\":\"https:\\\/\\\/skaitytaknyga.lt\\\/produktas\\\/mazas-gyvenimas-2\\\/\",\"name\":\"Ma\u017eas gyvenimas\",\"isPartOf\":{\"@id\":\"https:\\\/\\\/skaitytaknyga.lt\\\/#website\"},\"primaryImageOfPage\":{\"@id\":\"https:\\\/\\\/skaitytaknyga.lt\\\/produktas\\\/mazas-gyvenimas-2\\\/#primaryimage\"},\"image\":{\"@id\":\"https:\\\/\\\/skaitytaknyga.lt\\\/produktas\\\/mazas-gyvenimas-2\\\/#primaryimage\"},\"thumbnailUrl\":\"https:\\\/\\\/skaitytaknyga.lt\\\/wp-content\\\/uploads\\\/2025\\\/09\\\/Mazas-gyvenimas-1.webp\",\"datePublished\":\"2025-09-17T16:46:20+00:00\",\"dateModified\":\"2025-10-06T10:05:41+00:00\",\"description\":\"Manau, vienintele\u0307 draugyste\u0307s gudrybe\u0307 yra susirasti geresniu\u0328 u\u017e save \u017emoniu\u0328 \u2013 ne kietesniu\u0328, ne protingesniu\u0328, bet \u0161velnesniu\u0328, dosnesniu\u0328,\",\"breadcrumb\":{\"@id\":\"https:\\\/\\\/skaitytaknyga.lt\\\/produktas\\\/mazas-gyvenimas-2\\\/#breadcrumb\"},\"inLanguage\":\"en-GB\",\"potentialAction\":[{\"@type\":\"ReadAction\",\"target\":[\"https:\\\/\\\/skaitytaknyga.lt\\\/produktas\\\/mazas-gyvenimas-2\\\/\"]}]},{\"@type\":\"ImageObject\",\"inLanguage\":\"en-GB\",\"@id\":\"https:\\\/\\\/skaitytaknyga.lt\\\/produktas\\\/mazas-gyvenimas-2\\\/#primaryimage\",\"url\":\"https:\\\/\\\/skaitytaknyga.lt\\\/wp-content\\\/uploads\\\/2025\\\/09\\\/Mazas-gyvenimas-1.webp\",\"contentUrl\":\"https:\\\/\\\/skaitytaknyga.lt\\\/wp-content\\\/uploads\\\/2025\\\/09\\\/Mazas-gyvenimas-1.webp\",\"width\":300,\"height\":429},{\"@type\":\"BreadcrumbList\",\"@id\":\"https:\\\/\\\/skaitytaknyga.lt\\\/produktas\\\/mazas-gyvenimas-2\\\/#breadcrumb\",\"itemListElement\":[{\"@type\":\"ListItem\",\"position\":1,\"name\":\"Home\",\"item\":\"https:\\\/\\\/skaitytaknyga.lt\\\/\"},{\"@type\":\"ListItem\",\"position\":2,\"name\":\"Parduotuv\u0117\",\"item\":\"https:\\\/\\\/skaitytaknyga.lt\\\/knygu-parduotuve\\\/\"},{\"@type\":\"ListItem\",\"position\":3,\"name\":\"Ma\u017eas gyvenimas\"}]},{\"@type\":\"WebSite\",\"@id\":\"https:\\\/\\\/skaitytaknyga.lt\\\/#website\",\"url\":\"https:\\\/\\\/skaitytaknyga.lt\\\/\",\"name\":\"skaitytaknyga.lt\",\"description\":\"Skaitytaknyga.lt \u2013 tai ma\u017eas \u0161eimos verslas, kuris prasid\u0117jo nuo meil\u0117s knygoms ir siekio i\u0161gelb\u0117ti knygas nuo likimo prie konteinerio. Kas vienam nereikalingas daiktas \u2013 kitam lobis, o mes esame tarpininkai, kurie padeda abiems tapti laimingesniems ???? \u017dinome kaip nelengva i\u0161gyventi ma\u017eiems verslams, tad nuo \u0161iol, \u010dia rasite ir kit\u0173, ma\u017e\u0173 \u0161eim\u0173 versl\u0173, rank\u0173 darbo, dovan\u0173 sau ir artimiesiems.\",\"publisher\":{\"@id\":\"https:\\\/\\\/skaitytaknyga.lt\\\/#organization\"},\"potentialAction\":[{\"@type\":\"SearchAction\",\"target\":{\"@type\":\"EntryPoint\",\"urlTemplate\":\"https:\\\/\\\/skaitytaknyga.lt\\\/?s={search_term_string}\"},\"query-input\":{\"@type\":\"PropertyValueSpecification\",\"valueRequired\":true,\"valueName\":\"search_term_string\"}}],\"inLanguage\":\"en-GB\"},{\"@type\":\"Organization\",\"@id\":\"https:\\\/\\\/skaitytaknyga.lt\\\/#organization\",\"name\":\"skaitytaknyga.lt\",\"url\":\"https:\\\/\\\/skaitytaknyga.lt\\\/\",\"logo\":{\"@type\":\"ImageObject\",\"inLanguage\":\"en-GB\",\"@id\":\"https:\\\/\\\/skaitytaknyga.lt\\\/#\\\/schema\\\/logo\\\/image\\\/\",\"url\":\"https:\\\/\\\/skaitytaknyga.lt\\\/wp-content\\\/uploads\\\/2024\\\/05\\\/cropped-cropped-cropped-02_00843_jt3bggkj1j3HLc7SyY6rEUpg.jpeg\",\"contentUrl\":\"https:\\\/\\\/skaitytaknyga.lt\\\/wp-content\\\/uploads\\\/2024\\\/05\\\/cropped-cropped-cropped-02_00843_jt3bggkj1j3HLc7SyY6rEUpg.jpeg\",\"width\":1600,\"height\":1600,\"caption\":\"skaitytaknyga.lt\"},\"image\":{\"@id\":\"https:\\\/\\\/skaitytaknyga.lt\\\/#\\\/schema\\\/logo\\\/image\\\/\"},\"sameAs\":[\"https:\\\/\\\/www.facebook.com\\\/skaitytaknyga\\\/\"]}]}<\/script>\n<!-- \/ Yoast SEO plugin. -->","yoast_head_json":{"title":"Ma\u017eas gyvenimas","description":"Manau, vienintele\u0307 draugyste\u0307s gudrybe\u0307 yra susirasti geresniu\u0328 u\u017e save \u017emoniu\u0328 \u2013 ne kietesniu\u0328, ne protingesniu\u0328, bet \u0161velnesniu\u0328, dosnesniu\u0328,","robots":{"index":"index","follow":"follow","max-snippet":"max-snippet:-1","max-image-preview":"max-image-preview:large","max-video-preview":"max-video-preview:-1"},"canonical":"https:\/\/skaitytaknyga.lt\/en\/produktas\/mazas-gyvenimas-2\/","og_locale":"en_GB","og_type":"article","og_title":"[:lt]Ma\u017eas gyvenimas[:] - Skaitytaknyga","og_description":"Manau, vienintele\u0307 draugyste\u0307s gudrybe\u0307 yra susirasti geresniu\u0328 u\u017e save \u017emoniu\u0328 \u2013 ne kietesniu\u0328, ne protingesniu\u0328, bet \u0161velnesniu\u0328, dosnesniu\u0328,","og_url":"https:\/\/skaitytaknyga.lt\/en\/produktas\/mazas-gyvenimas-2\/","og_site_name":"Skaitytaknyga","article_publisher":"https:\/\/www.facebook.com\/skaitytaknyga\/","article_modified_time":"2025-10-06T10:05:41+00:00","og_image":[{"width":300,"height":429,"url":"https:\/\/skaitytaknyga.lt\/wp-content\/uploads\/2025\/09\/Mazas-gyvenimas-1.webp","type":"image\/webp"}],"twitter_card":"summary_large_image","twitter_misc":{"Estimated reading time":"1 minute"},"schema":{"@context":"https:\/\/schema.org","@graph":[{"@type":"WebPage","@id":"https:\/\/skaitytaknyga.lt\/produktas\/mazas-gyvenimas-2\/","url":"https:\/\/skaitytaknyga.lt\/produktas\/mazas-gyvenimas-2\/","name":"Ma\u017eas gyvenimas","isPartOf":{"@id":"https:\/\/skaitytaknyga.lt\/#website"},"primaryImageOfPage":{"@id":"https:\/\/skaitytaknyga.lt\/produktas\/mazas-gyvenimas-2\/#primaryimage"},"image":{"@id":"https:\/\/skaitytaknyga.lt\/produktas\/mazas-gyvenimas-2\/#primaryimage"},"thumbnailUrl":"https:\/\/skaitytaknyga.lt\/wp-content\/uploads\/2025\/09\/Mazas-gyvenimas-1.webp","datePublished":"2025-09-17T16:46:20+00:00","dateModified":"2025-10-06T10:05:41+00:00","description":"Manau, vienintele\u0307 draugyste\u0307s gudrybe\u0307 yra susirasti geresniu\u0328 u\u017e save \u017emoniu\u0328 \u2013 ne kietesniu\u0328, ne protingesniu\u0328, bet \u0161velnesniu\u0328, dosnesniu\u0328,","breadcrumb":{"@id":"https:\/\/skaitytaknyga.lt\/produktas\/mazas-gyvenimas-2\/#breadcrumb"},"inLanguage":"en-GB","potentialAction":[{"@type":"ReadAction","target":["https:\/\/skaitytaknyga.lt\/produktas\/mazas-gyvenimas-2\/"]}]},{"@type":"ImageObject","inLanguage":"en-GB","@id":"https:\/\/skaitytaknyga.lt\/produktas\/mazas-gyvenimas-2\/#primaryimage","url":"https:\/\/skaitytaknyga.lt\/wp-content\/uploads\/2025\/09\/Mazas-gyvenimas-1.webp","contentUrl":"https:\/\/skaitytaknyga.lt\/wp-content\/uploads\/2025\/09\/Mazas-gyvenimas-1.webp","width":300,"height":429},{"@type":"BreadcrumbList","@id":"https:\/\/skaitytaknyga.lt\/produktas\/mazas-gyvenimas-2\/#breadcrumb","itemListElement":[{"@type":"ListItem","position":1,"name":"Home","item":"https:\/\/skaitytaknyga.lt\/"},{"@type":"ListItem","position":2,"name":"Parduotuv\u0117","item":"https:\/\/skaitytaknyga.lt\/knygu-parduotuve\/"},{"@type":"ListItem","position":3,"name":"Ma\u017eas gyvenimas"}]},{"@type":"WebSite","@id":"https:\/\/skaitytaknyga.lt\/#website","url":"https:\/\/skaitytaknyga.lt\/","name":"skaitytaknyga.lt","description":"Skaitytaknyga.lt \u2013 tai ma\u017eas \u0161eimos verslas, kuris prasid\u0117jo nuo meil\u0117s knygoms ir siekio i\u0161gelb\u0117ti knygas nuo likimo prie konteinerio. Kas vienam nereikalingas daiktas \u2013 kitam lobis, o mes esame tarpininkai, kurie padeda abiems tapti laimingesniems ???? \u017dinome kaip nelengva i\u0161gyventi ma\u017eiems verslams, tad nuo \u0161iol, \u010dia rasite ir kit\u0173, ma\u017e\u0173 \u0161eim\u0173 versl\u0173, rank\u0173 darbo, dovan\u0173 sau ir artimiesiems.","publisher":{"@id":"https:\/\/skaitytaknyga.lt\/#organization"},"potentialAction":[{"@type":"SearchAction","target":{"@type":"EntryPoint","urlTemplate":"https:\/\/skaitytaknyga.lt\/?s={search_term_string}"},"query-input":{"@type":"PropertyValueSpecification","valueRequired":true,"valueName":"search_term_string"}}],"inLanguage":"en-GB"},{"@type":"Organization","@id":"https:\/\/skaitytaknyga.lt\/#organization","name":"skaitytaknyga.lt","url":"https:\/\/skaitytaknyga.lt\/","logo":{"@type":"ImageObject","inLanguage":"en-GB","@id":"https:\/\/skaitytaknyga.lt\/#\/schema\/logo\/image\/","url":"https:\/\/skaitytaknyga.lt\/wp-content\/uploads\/2024\/05\/cropped-cropped-cropped-02_00843_jt3bggkj1j3HLc7SyY6rEUpg.jpeg","contentUrl":"https:\/\/skaitytaknyga.lt\/wp-content\/uploads\/2024\/05\/cropped-cropped-cropped-02_00843_jt3bggkj1j3HLc7SyY6rEUpg.jpeg","width":1600,"height":1600,"caption":"skaitytaknyga.lt"},"image":{"@id":"https:\/\/skaitytaknyga.lt\/#\/schema\/logo\/image\/"},"sameAs":["https:\/\/www.facebook.com\/skaitytaknyga\/"]}]}},"_links":{"self":[{"href":"https:\/\/skaitytaknyga.lt\/en\/wp-json\/wp\/v2\/product\/20872","targetHints":{"allow":["GET"]}}],"collection":[{"href":"https:\/\/skaitytaknyga.lt\/en\/wp-json\/wp\/v2\/product"}],"about":[{"href":"https:\/\/skaitytaknyga.lt\/en\/wp-json\/wp\/v2\/types\/product"}],"replies":[{"embeddable":true,"href":"https:\/\/skaitytaknyga.lt\/en\/wp-json\/wp\/v2\/comments?post=20872"}],"wp:featuredmedia":[{"embeddable":true,"href":"https:\/\/skaitytaknyga.lt\/en\/wp-json\/wp\/v2\/media\/20877"}],"wp:attachment":[{"href":"https:\/\/skaitytaknyga.lt\/en\/wp-json\/wp\/v2\/media?parent=20872"}],"wp:term":[{"taxonomy":"product_brand","embeddable":true,"href":"https:\/\/skaitytaknyga.lt\/en\/wp-json\/wp\/v2\/product_brand?post=20872"},{"taxonomy":"product_cat","embeddable":true,"href":"https:\/\/skaitytaknyga.lt\/en\/wp-json\/wp\/v2\/product_cat?post=20872"},{"taxonomy":"product_tag","embeddable":true,"href":"https:\/\/skaitytaknyga.lt\/en\/wp-json\/wp\/v2\/product_tag?post=20872"}],"curies":[{"name":"wp","href":"https:\/\/api.w.org\/{rel}","templated":true}]}}