{"id":20871,"date":"2025-09-17T19:46:20","date_gmt":"2025-09-17T16:46:20","guid":{"rendered":"https:\/\/skaitytaknyga.lt\/?post_type=product&#038;p=20871"},"modified":"2025-10-06T13:05:41","modified_gmt":"2025-10-06T10:05:41","slug":"svetimsale-lemtingas-susitikimas","status":"publish","type":"product","link":"https:\/\/skaitytaknyga.lt\/en\/produktas\/svetimsale-lemtingas-susitikimas\/","title":{"rendered":"Svetim\u0161al\u0117. Lemtingas susitikimas"},"content":{"rendered":"<p>Vos susituokusius Kler\u0119 su Frenku i\u0161skiria Antrasis pasaulinis karas. Pagaliau v\u0117l susitik\u0119 mylimieji nusprend\u017eia pasidovanoti antr\u0105 medaus m\u0117nes\u012f \u2013 \u0160kotijoje.<\/p>\n<p>Vien\u0105 dien\u0105 vaik\u0161tin\u0117dama po apylinkes Kler ant kalvos aptinka paslapting\u0105 senovin\u012f akmen\u0173 rat\u0105. Kit\u0105 syk\u012f \u010dia at\u0117jusi nety\u010dia palie\u010dia akmen\u012f, praranda s\u0105mon\u0119 ir nubudusi patenka \u012f keist\u0173 \u012fvyki\u0173 s\u016bkur\u012f: j\u0105 u\u017epuola \u012f mylim\u0105j\u012f nepaprastai pana\u0161us vyras. Ta\u010diau \u012fsiki\u0161a keistas jo prie\u0161ininkas. B\u016brys raiteli\u0173 priver\u010dia Kler\u0119 joti su jais \u012f pil\u012f. Moteris supranta patekusi \u012f praeit\u012f&#8230;<\/p>\n<p>Netik\u0117tai tapusi \u201esvetim\u0161ale&#8221; Kler\u0117 bando prisitaikyti tik i\u0161 istorijos vadov\u0117li\u0173 pa\u017e\u012fstamoje aplinkoje ir kantriai laukia progos nusigauti prie akmen\u0173 rato, kad gal\u0117t\u0173 gr\u012f\u017eti \u012f savo \u201edabart\u012f&#8221;. Bet likimas j\u0105 suveda su D\u017eeimiu Freizeriu. Kler\u0117 neatsispiria jaunojo D\u017eeimio patrauklumui, aistrai, vyri\u0161kai j\u0117gai ir kar\u0161tai j\u012f \u012fsimyli&#8230; Ta\u010diau negali pamir\u0161ti ir kitame \u0161imtmetyje likusio Frenko&#8230;<\/p>\n<p>Nuo \u0161ios akimirkos Kler\u0117s likimas pasidalija \u012f dvi dalis: su vienu vyru ji gyveno viename \u0161imtmetyje, o su kitu \u2013 kitame. Bla\u0161kantis tarp dviej\u0173 \u0161imtme\u010di\u0173, tarp i\u0161tikimyb\u0117s ir aistros, moteriai teks rasti atsakym\u0105 \u012f sud\u0117ting\u0105 klausim\u0105 &#8211; ko i\u0161 tikr\u0173j\u0173 trok\u0161ta jos \u0161irdis&#8230;<\/p>\n","protected":false},"excerpt":{"rendered":"<p>Vos susituokusius Kler\u0119 su Frenku i\u0161skiria Antrasis pasaulinis karas. Pagaliau v\u0117l susitik\u0119 mylimieji nusprend\u017eia pasidovanoti antr\u0105 medaus m\u0117nes\u012f \u2013 \u0160kotijoje. Vien\u0105 dien\u0105 vaik\u0161tin\u0117dama po apylinkes Kler ant kalvos aptinka paslapting\u0105 senovin\u012f akmen\u0173 rat\u0105. Kit\u0105 syk\u012f \u010dia at\u0117jusi nety\u010dia palie\u010dia akmen\u012f, praranda s\u0105mon\u0119 ir nubudusi patenka \u012f keist\u0173 \u012fvyki\u0173 s\u016bkur\u012f: j\u0105 u\u017epuola \u012f mylim\u0105j\u012f nepaprastai pana\u0161us vyras. Ta\u010diau \u012fsiki\u0161a keistas jo prie\u0161ininkas. B\u016brys raiteli\u0173 priver\u010dia Kler\u0119 joti su jais \u012f pil\u012f. Moteris supranta patekusi \u012f praeit\u012f&#8230; Netik\u0117tai tapusi \u201esvetim\u0161ale&#8221; Kler\u0117 bando prisitaikyti tik i\u0161 istorijos vadov\u0117li\u0173 pa\u017e\u012fstamoje aplinkoje ir kantriai laukia progos nusigauti prie akmen\u0173 rato, kad gal\u0117t\u0173 gr\u012f\u017eti \u012f savo \u201edabart\u012f&#8221;. Bet likimas j\u0105 suveda su D\u017eeimiu Freizeriu. Kler\u0117 neatsispiria jaunojo D\u017eeimio patrauklumui, aistrai, vyri\u0161kai j\u0117gai ir kar\u0161tai j\u012f \u012fsimyli&#8230; Ta\u010diau negali pamir\u0161ti ir kitame \u0161imtmetyje likusio Frenko&#8230; Nuo \u0161ios akimirkos Kler\u0117s likimas pasidalija \u012f dvi dalis: su vienu vyru ji gyveno viename \u0161imtmetyje, o su kitu \u2013 kitame. Bla\u0161kantis tarp dviej\u0173 \u0161imtme\u010di\u0173, tarp i\u0161tikimyb\u0117s ir aistros, moteriai teks rasti atsakym\u0105 \u012f sud\u0117ting\u0105 klausim\u0105 &#8211; ko i\u0161 tikr\u0173j\u0173 trok\u0161ta jos \u0161irdis&#8230;<\/p>\n","protected":false},"featured_media":20876,"comment_status":"open","ping_status":"closed","template":"","meta":{"_acf_changed":false,"site-sidebar-layout":"default","site-content-layout":"","ast-site-content-layout":"default","site-content-style":"default","site-sidebar-style":"default","ast-global-header-display":"","ast-banner-title-visibility":"","ast-main-header-display":"","ast-hfb-above-header-display":"","ast-hfb-below-header-display":"","ast-hfb-mobile-header-display":"","site-post-title":"","ast-breadcrumbs-content":"","ast-featured-img":"","footer-sml-layout":"","ast-disable-related-posts":"","theme-transparent-header-meta":"","adv-header-id-meta":"","stick-header-meta":"","header-above-stick-meta":"","header-main-stick-meta":"","header-below-stick-meta":"","astra-migrate-meta-layouts":"default","ast-page-background-enabled":"default","ast-page-background-meta":{"desktop":{"background-color":"","background-image":"","background-repeat":"repeat","background-position":"center center","background-size":"auto","background-attachment":"scroll","background-type":"","background-media":"","overlay-type":"","overlay-color":"","overlay-opacity":"","overlay-gradient":""},"tablet":{"background-color":"","background-image":"","background-repeat":"repeat","background-position":"center center","background-size":"auto","background-attachment":"scroll","background-type":"","background-media":"","overlay-type":"","overlay-color":"","overlay-opacity":"","overlay-gradient":""},"mobile":{"background-color":"","background-image":"","background-repeat":"repeat","background-position":"center center","background-size":"auto","background-attachment":"scroll","background-type":"","background-media":"","overlay-type":"","overlay-color":"","overlay-opacity":"","overlay-gradient":""}},"ast-content-background-meta":{"desktop":{"background-color":"var(--ast-global-color-4)","background-image":"","background-repeat":"repeat","background-position":"center center","background-size":"auto","background-attachment":"scroll","background-type":"","background-media":"","overlay-type":"","overlay-color":"","overlay-opacity":"","overlay-gradient":""},"tablet":{"background-color":"var(--ast-global-color-4)","background-image":"","background-repeat":"repeat","background-position":"center center","background-size":"auto","background-attachment":"scroll","background-type":"","background-media":"","overlay-type":"","overlay-color":"","overlay-opacity":"","overlay-gradient":""},"mobile":{"background-color":"var(--ast-global-color-4)","background-image":"","background-repeat":"repeat","background-position":"center center","background-size":"auto","background-attachment":"scroll","background-type":"","background-media":"","overlay-type":"","overlay-color":"","overlay-opacity":"","overlay-gradient":""}}},"product_brand":[],"product_cat":[31],"product_tag":[2015,8686,2069,8688,8687,1796,2944,4450],"class_list":{"0":"post-20871","1":"product","2":"type-product","3":"status-publish","4":"has-post-thumbnail","6":"product_cat-grozine-literatura","7":"product_tag-aistra","8":"product_tag-diana-gabaldon","9":"product_tag-istorinis-romanas","10":"product_tag-karo-laikotarpis","11":"product_tag-keliones-laiku","12":"product_tag-meile","13":"product_tag-mistika","14":"product_tag-skotija","15":"desktop-align-left","16":"tablet-align-left","17":"mobile-align-left","19":"first","20":"instock","21":"shipping-taxable","22":"purchasable","23":"product-type-simple"},"acf":[],"yoast_head":"<!-- This site is optimized with the Yoast SEO plugin v27.0 - https:\/\/yoast.com\/product\/yoast-seo-wordpress\/ -->\n<title>Svetim\u0161al\u0117. Lemtingas susitikimas<\/title>\n<meta name=\"description\" content=\"Vos susituokusius Kler\u0119 su Frenku i\u0161skiria Antrasis pasaulinis karas. Pagaliau v\u0117l susitik\u0119 mylimieji nusprend\u017eia pasidovanoti antr\u0105 medaus m\u0117nes\u012f \u2013\" \/>\n<meta name=\"robots\" content=\"index, follow, max-snippet:-1, max-image-preview:large, max-video-preview:-1\" \/>\n<link rel=\"canonical\" href=\"https:\/\/skaitytaknyga.lt\/en\/produktas\/svetimsale-lemtingas-susitikimas\/\" \/>\n<meta property=\"og:locale\" content=\"en_GB\" \/>\n<meta property=\"og:locale:alternate\" content=\"lt_LT\" \/>\n<meta property=\"og:type\" content=\"article\" \/>\n<meta property=\"og:title\" content=\"Svetim\u0161al\u0117. Lemtingas susitikimas\" \/>\n<meta property=\"og:description\" content=\"Vos susituokusius Kler\u0119 su Frenku i\u0161skiria Antrasis pasaulinis karas. Pagaliau v\u0117l susitik\u0119 mylimieji nusprend\u017eia pasidovanoti antr\u0105 medaus m\u0117nes\u012f \u2013\" \/>\n<meta property=\"og:url\" content=\"https:\/\/skaitytaknyga.lt\/en\/produktas\/svetimsale-lemtingas-susitikimas\/\" \/>\n<meta property=\"og:site_name\" content=\"Skaitytaknyga\" \/>\n<meta property=\"article:publisher\" content=\"https:\/\/www.facebook.com\/skaitytaknyga\/\" \/>\n<meta property=\"article:modified_time\" content=\"2025-10-06T10:05:41+00:00\" \/>\n<meta property=\"og:image\" content=\"https:\/\/skaitytaknyga.lt\/wp-content\/uploads\/2025\/09\/Svetimsale.-Lemtingas-susitikimas-1.webp\" \/>\n\t<meta property=\"og:image:width\" content=\"300\" \/>\n\t<meta property=\"og:image:height\" content=\"499\" \/>\n\t<meta property=\"og:image:type\" content=\"image\/webp\" \/>\n<meta name=\"twitter:card\" content=\"summary_large_image\" \/>\n<meta name=\"twitter:label1\" content=\"Estimated reading time\" \/>\n\t<meta name=\"twitter:data1\" content=\"1 minute\" \/>\n<script type=\"application\/ld+json\" class=\"yoast-schema-graph\">{\"@context\":\"https:\/\/schema.org\",\"@graph\":[{\"@type\":\"WebPage\",\"@id\":\"https:\/\/skaitytaknyga.lt\/produktas\/svetimsale-lemtingas-susitikimas\/\",\"url\":\"https:\/\/skaitytaknyga.lt\/produktas\/svetimsale-lemtingas-susitikimas\/\",\"name\":\"Svetim\u0161al\u0117. Lemtingas susitikimas\",\"isPartOf\":{\"@id\":\"https:\/\/skaitytaknyga.lt\/#website\"},\"primaryImageOfPage\":{\"@id\":\"https:\/\/skaitytaknyga.lt\/produktas\/svetimsale-lemtingas-susitikimas\/#primaryimage\"},\"image\":{\"@id\":\"https:\/\/skaitytaknyga.lt\/produktas\/svetimsale-lemtingas-susitikimas\/#primaryimage\"},\"thumbnailUrl\":\"https:\/\/skaitytaknyga.lt\/wp-content\/uploads\/2025\/09\/Svetimsale.-Lemtingas-susitikimas-1.webp\",\"datePublished\":\"2025-09-17T16:46:20+00:00\",\"dateModified\":\"2025-10-06T10:05:41+00:00\",\"description\":\"Vos susituokusius Kler\u0119 su Frenku i\u0161skiria Antrasis pasaulinis karas. Pagaliau v\u0117l susitik\u0119 mylimieji nusprend\u017eia pasidovanoti antr\u0105 medaus m\u0117nes\u012f \u2013\",\"breadcrumb\":{\"@id\":\"https:\/\/skaitytaknyga.lt\/produktas\/svetimsale-lemtingas-susitikimas\/#breadcrumb\"},\"inLanguage\":\"en-GB\",\"potentialAction\":[{\"@type\":\"ReadAction\",\"target\":[\"https:\/\/skaitytaknyga.lt\/produktas\/svetimsale-lemtingas-susitikimas\/\"]}]},{\"@type\":\"ImageObject\",\"inLanguage\":\"en-GB\",\"@id\":\"https:\/\/skaitytaknyga.lt\/produktas\/svetimsale-lemtingas-susitikimas\/#primaryimage\",\"url\":\"https:\/\/skaitytaknyga.lt\/wp-content\/uploads\/2025\/09\/Svetimsale.-Lemtingas-susitikimas-1.webp\",\"contentUrl\":\"https:\/\/skaitytaknyga.lt\/wp-content\/uploads\/2025\/09\/Svetimsale.-Lemtingas-susitikimas-1.webp\",\"width\":300,\"height\":499,\"caption\":\"Svetim\u0161al\u0117. Lemtingas susitikimas\"},{\"@type\":\"BreadcrumbList\",\"@id\":\"https:\/\/skaitytaknyga.lt\/produktas\/svetimsale-lemtingas-susitikimas\/#breadcrumb\",\"itemListElement\":[{\"@type\":\"ListItem\",\"position\":1,\"name\":\"Home\",\"item\":\"https:\/\/skaitytaknyga.lt\/\"},{\"@type\":\"ListItem\",\"position\":2,\"name\":\"Parduotuv\u0117\",\"item\":\"https:\/\/skaitytaknyga.lt\/knygu-parduotuve\/\"},{\"@type\":\"ListItem\",\"position\":3,\"name\":\"Svetim\u0161al\u0117. Lemtingas susitikimas\"}]},{\"@type\":\"WebSite\",\"@id\":\"https:\/\/skaitytaknyga.lt\/#website\",\"url\":\"https:\/\/skaitytaknyga.lt\/\",\"name\":\"skaitytaknyga.lt\",\"description\":\"Skaitytaknyga.lt \u2013 tai ma\u017eas \u0161eimos verslas, kuris prasid\u0117jo nuo meil\u0117s knygoms ir siekio i\u0161gelb\u0117ti knygas nuo likimo prie konteinerio. Kas vienam nereikalingas daiktas \u2013 kitam lobis, o mes esame tarpininkai, kurie padeda abiems tapti laimingesniems ???? \u017dinome kaip nelengva i\u0161gyventi ma\u017eiems verslams, tad nuo \u0161iol, \u010dia rasite ir kit\u0173, ma\u017e\u0173 \u0161eim\u0173 versl\u0173, rank\u0173 darbo, dovan\u0173 sau ir artimiesiems.\",\"publisher\":{\"@id\":\"https:\/\/skaitytaknyga.lt\/#organization\"},\"potentialAction\":[{\"@type\":\"SearchAction\",\"target\":{\"@type\":\"EntryPoint\",\"urlTemplate\":\"https:\/\/skaitytaknyga.lt\/?s={search_term_string}\"},\"query-input\":{\"@type\":\"PropertyValueSpecification\",\"valueRequired\":true,\"valueName\":\"search_term_string\"}}],\"inLanguage\":\"en-GB\"},{\"@type\":\"Organization\",\"@id\":\"https:\/\/skaitytaknyga.lt\/#organization\",\"name\":\"skaitytaknyga.lt\",\"url\":\"https:\/\/skaitytaknyga.lt\/\",\"logo\":{\"@type\":\"ImageObject\",\"inLanguage\":\"en-GB\",\"@id\":\"https:\/\/skaitytaknyga.lt\/#\/schema\/logo\/image\/\",\"url\":\"https:\/\/skaitytaknyga.lt\/wp-content\/uploads\/2024\/05\/cropped-cropped-cropped-02_00843_jt3bggkj1j3HLc7SyY6rEUpg.jpeg\",\"contentUrl\":\"https:\/\/skaitytaknyga.lt\/wp-content\/uploads\/2024\/05\/cropped-cropped-cropped-02_00843_jt3bggkj1j3HLc7SyY6rEUpg.jpeg\",\"width\":1600,\"height\":1600,\"caption\":\"skaitytaknyga.lt\"},\"image\":{\"@id\":\"https:\/\/skaitytaknyga.lt\/#\/schema\/logo\/image\/\"},\"sameAs\":[\"https:\/\/www.facebook.com\/skaitytaknyga\/\"]}]}<\/script>\n<!-- \/ Yoast SEO plugin. -->","yoast_head_json":{"title":"Svetim\u0161al\u0117. Lemtingas susitikimas","description":"Vos susituokusius Kler\u0119 su Frenku i\u0161skiria Antrasis pasaulinis karas. Pagaliau v\u0117l susitik\u0119 mylimieji nusprend\u017eia pasidovanoti antr\u0105 medaus m\u0117nes\u012f \u2013","robots":{"index":"index","follow":"follow","max-snippet":"max-snippet:-1","max-image-preview":"max-image-preview:large","max-video-preview":"max-video-preview:-1"},"canonical":"https:\/\/skaitytaknyga.lt\/en\/produktas\/svetimsale-lemtingas-susitikimas\/","og_locale":"en_GB","og_type":"article","og_title":"[:lt]Svetim\u0161al\u0117. Lemtingas susitikimas[:] - Skaitytaknyga","og_description":"Vos susituokusius Kler\u0119 su Frenku i\u0161skiria Antrasis pasaulinis karas. Pagaliau v\u0117l susitik\u0119 mylimieji nusprend\u017eia pasidovanoti antr\u0105 medaus m\u0117nes\u012f \u2013","og_url":"https:\/\/skaitytaknyga.lt\/en\/produktas\/svetimsale-lemtingas-susitikimas\/","og_site_name":"Skaitytaknyga","article_publisher":"https:\/\/www.facebook.com\/skaitytaknyga\/","article_modified_time":"2025-10-06T10:05:41+00:00","og_image":[{"width":300,"height":499,"url":"https:\/\/skaitytaknyga.lt\/wp-content\/uploads\/2025\/09\/Svetimsale.-Lemtingas-susitikimas-1.webp","type":"image\/webp"}],"twitter_card":"summary_large_image","twitter_misc":{"Estimated reading time":"1 minute"},"schema":{"@context":"https:\/\/schema.org","@graph":[{"@type":"WebPage","@id":"https:\/\/skaitytaknyga.lt\/produktas\/svetimsale-lemtingas-susitikimas\/","url":"https:\/\/skaitytaknyga.lt\/produktas\/svetimsale-lemtingas-susitikimas\/","name":"Svetim\u0161al\u0117. Lemtingas susitikimas","isPartOf":{"@id":"https:\/\/skaitytaknyga.lt\/#website"},"primaryImageOfPage":{"@id":"https:\/\/skaitytaknyga.lt\/produktas\/svetimsale-lemtingas-susitikimas\/#primaryimage"},"image":{"@id":"https:\/\/skaitytaknyga.lt\/produktas\/svetimsale-lemtingas-susitikimas\/#primaryimage"},"thumbnailUrl":"https:\/\/skaitytaknyga.lt\/wp-content\/uploads\/2025\/09\/Svetimsale.-Lemtingas-susitikimas-1.webp","datePublished":"2025-09-17T16:46:20+00:00","dateModified":"2025-10-06T10:05:41+00:00","description":"Vos susituokusius Kler\u0119 su Frenku i\u0161skiria Antrasis pasaulinis karas. Pagaliau v\u0117l susitik\u0119 mylimieji nusprend\u017eia pasidovanoti antr\u0105 medaus m\u0117nes\u012f \u2013","breadcrumb":{"@id":"https:\/\/skaitytaknyga.lt\/produktas\/svetimsale-lemtingas-susitikimas\/#breadcrumb"},"inLanguage":"en-GB","potentialAction":[{"@type":"ReadAction","target":["https:\/\/skaitytaknyga.lt\/produktas\/svetimsale-lemtingas-susitikimas\/"]}]},{"@type":"ImageObject","inLanguage":"en-GB","@id":"https:\/\/skaitytaknyga.lt\/produktas\/svetimsale-lemtingas-susitikimas\/#primaryimage","url":"https:\/\/skaitytaknyga.lt\/wp-content\/uploads\/2025\/09\/Svetimsale.-Lemtingas-susitikimas-1.webp","contentUrl":"https:\/\/skaitytaknyga.lt\/wp-content\/uploads\/2025\/09\/Svetimsale.-Lemtingas-susitikimas-1.webp","width":300,"height":499,"caption":"Svetim\u0161al\u0117. Lemtingas susitikimas"},{"@type":"BreadcrumbList","@id":"https:\/\/skaitytaknyga.lt\/produktas\/svetimsale-lemtingas-susitikimas\/#breadcrumb","itemListElement":[{"@type":"ListItem","position":1,"name":"Home","item":"https:\/\/skaitytaknyga.lt\/"},{"@type":"ListItem","position":2,"name":"Parduotuv\u0117","item":"https:\/\/skaitytaknyga.lt\/knygu-parduotuve\/"},{"@type":"ListItem","position":3,"name":"Svetim\u0161al\u0117. Lemtingas susitikimas"}]},{"@type":"WebSite","@id":"https:\/\/skaitytaknyga.lt\/#website","url":"https:\/\/skaitytaknyga.lt\/","name":"skaitytaknyga.lt","description":"Skaitytaknyga.lt \u2013 tai ma\u017eas \u0161eimos verslas, kuris prasid\u0117jo nuo meil\u0117s knygoms ir siekio i\u0161gelb\u0117ti knygas nuo likimo prie konteinerio. Kas vienam nereikalingas daiktas \u2013 kitam lobis, o mes esame tarpininkai, kurie padeda abiems tapti laimingesniems ???? \u017dinome kaip nelengva i\u0161gyventi ma\u017eiems verslams, tad nuo \u0161iol, \u010dia rasite ir kit\u0173, ma\u017e\u0173 \u0161eim\u0173 versl\u0173, rank\u0173 darbo, dovan\u0173 sau ir artimiesiems.","publisher":{"@id":"https:\/\/skaitytaknyga.lt\/#organization"},"potentialAction":[{"@type":"SearchAction","target":{"@type":"EntryPoint","urlTemplate":"https:\/\/skaitytaknyga.lt\/?s={search_term_string}"},"query-input":{"@type":"PropertyValueSpecification","valueRequired":true,"valueName":"search_term_string"}}],"inLanguage":"en-GB"},{"@type":"Organization","@id":"https:\/\/skaitytaknyga.lt\/#organization","name":"skaitytaknyga.lt","url":"https:\/\/skaitytaknyga.lt\/","logo":{"@type":"ImageObject","inLanguage":"en-GB","@id":"https:\/\/skaitytaknyga.lt\/#\/schema\/logo\/image\/","url":"https:\/\/skaitytaknyga.lt\/wp-content\/uploads\/2024\/05\/cropped-cropped-cropped-02_00843_jt3bggkj1j3HLc7SyY6rEUpg.jpeg","contentUrl":"https:\/\/skaitytaknyga.lt\/wp-content\/uploads\/2024\/05\/cropped-cropped-cropped-02_00843_jt3bggkj1j3HLc7SyY6rEUpg.jpeg","width":1600,"height":1600,"caption":"skaitytaknyga.lt"},"image":{"@id":"https:\/\/skaitytaknyga.lt\/#\/schema\/logo\/image\/"},"sameAs":["https:\/\/www.facebook.com\/skaitytaknyga\/"]}]}},"_links":{"self":[{"href":"https:\/\/skaitytaknyga.lt\/en\/wp-json\/wp\/v2\/product\/20871","targetHints":{"allow":["GET"]}}],"collection":[{"href":"https:\/\/skaitytaknyga.lt\/en\/wp-json\/wp\/v2\/product"}],"about":[{"href":"https:\/\/skaitytaknyga.lt\/en\/wp-json\/wp\/v2\/types\/product"}],"replies":[{"embeddable":true,"href":"https:\/\/skaitytaknyga.lt\/en\/wp-json\/wp\/v2\/comments?post=20871"}],"wp:featuredmedia":[{"embeddable":true,"href":"https:\/\/skaitytaknyga.lt\/en\/wp-json\/wp\/v2\/media\/20876"}],"wp:attachment":[{"href":"https:\/\/skaitytaknyga.lt\/en\/wp-json\/wp\/v2\/media?parent=20871"}],"wp:term":[{"taxonomy":"product_brand","embeddable":true,"href":"https:\/\/skaitytaknyga.lt\/en\/wp-json\/wp\/v2\/product_brand?post=20871"},{"taxonomy":"product_cat","embeddable":true,"href":"https:\/\/skaitytaknyga.lt\/en\/wp-json\/wp\/v2\/product_cat?post=20871"},{"taxonomy":"product_tag","embeddable":true,"href":"https:\/\/skaitytaknyga.lt\/en\/wp-json\/wp\/v2\/product_tag?post=20871"}],"curies":[{"name":"wp","href":"https:\/\/api.w.org\/{rel}","templated":true}]}}