{"id":20870,"date":"2025-09-17T19:46:19","date_gmt":"2025-09-17T16:46:19","guid":{"rendered":"https:\/\/skaitytaknyga.lt\/?post_type=product&#038;p=20870"},"modified":"2026-03-05T11:30:03","modified_gmt":"2026-03-05T09:30:03","slug":"juodieji-kalnai","status":"publish","type":"product","link":"https:\/\/skaitytaknyga.lt\/en\/produktas\/juodieji-kalnai\/","title":{"rendered":"Juodieji kalnai"},"content":{"rendered":"<p>\u0160\u012f kart\u0105 New York Times bestseleri\u0173 autor\u0117 Nora Roberts skaitytojus nukelia \u012f at\u0161iaurius tolimuosius Piet\u0173 Dakotos Juoduosius kalnus.<\/p>\n<p>Vasar\u0105 i\u0161 didmies\u010dio \u012f seneli\u0173 sodyb\u0105 vienuolikmetis Kuperis atvyksta ne savo noru, tod\u0117l ten jam viskas nepatinka. Pad\u0117tis pasikei\u010dia, kai berniukas susipa\u017e\u012fsta su kaimyn\u0173 dukra Lile ir \u012f\u017eengia \u012f jos laimingos vaikyst\u0117s pasaul\u012f.<\/p>\n<p>Sulig kiekvienais metais, sulig kiekviena Kupo vasaros vie\u0161nage j\u0173 draugyst\u0117 stipr\u0117ja \u2013 nekalti vaiki\u0161ki \u017eaidimai virsta nuvogtais bu\u010diniais ir romanti\u0161kais jaunuoli\u0173 meil\u0117s l\u016bkes\u010diais.<\/p>\n<p>Prab\u0117ga dvylika met\u0173, ir Lil\u0117 s\u0117kmingai \u012fgyvendina savo did\u017eiausi\u0105 svajon\u0119 \u2013 tampa biologe ir \u012fkuria laukini\u0173 gyv\u016bn\u0173 prieglaud\u0105, o Kupas, pardav\u0119s Niujorke privataus detektyvo versl\u0105, gr\u012f\u017eta \u012f \u016bk\u012f pad\u0117ti silpstantiems seneliams.<\/p>\n<p>Artim\u0173j\u0173 \u017evilgsnis krypsta \u012f \u0161i\u0105 puiki\u0105 por\u0105, kuriai po virtin\u0117s met\u0173 taip nelengva susivokti jausmuose, ta\u010diau b\u0117da juodu suartina: Lil\u0117s prieglaud\u0105 staiga u\u017egri\u016bva dideli nemalonumai, ir daugelio \u017emoni\u0173 gyvyb\u0117 atsiduria pavojuje.<\/p>\n","protected":false},"excerpt":{"rendered":"<p>\u0160\u012f kart\u0105 New York Times bestseleri\u0173 autor\u0117 Nora Roberts skaitytojus nukelia \u012f at\u0161iaurius tolimuosius Piet\u0173 Dakotos Juoduosius kalnus. Vasar\u0105 i\u0161 didmies\u010dio \u012f seneli\u0173 sodyb\u0105 vienuolikmetis Kuperis atvyksta ne savo noru, tod\u0117l ten jam viskas nepatinka. Pad\u0117tis pasikei\u010dia, kai berniukas susipa\u017e\u012fsta su kaimyn\u0173 dukra Lile ir \u012f\u017eengia \u012f jos laimingos vaikyst\u0117s pasaul\u012f. Sulig kiekvienais metais, sulig kiekviena Kupo vasaros vie\u0161nage j\u0173 draugyst\u0117 stipr\u0117ja \u2013 nekalti vaiki\u0161ki \u017eaidimai virsta nuvogtais bu\u010diniais ir romanti\u0161kais jaunuoli\u0173 meil\u0117s l\u016bkes\u010diais. Prab\u0117ga dvylika met\u0173, ir Lil\u0117 s\u0117kmingai \u012fgyvendina savo did\u017eiausi\u0105 svajon\u0119 \u2013 tampa biologe ir \u012fkuria laukini\u0173 gyv\u016bn\u0173 prieglaud\u0105, o Kupas, pardav\u0119s Niujorke privataus detektyvo versl\u0105, gr\u012f\u017eta \u012f \u016bk\u012f pad\u0117ti silpstantiems seneliams. Artim\u0173j\u0173 \u017evilgsnis krypsta \u012f \u0161i\u0105 puiki\u0105 por\u0105, kuriai po virtin\u0117s met\u0173 taip nelengva susivokti jausmuose, ta\u010diau b\u0117da juodu suartina: Lil\u0117s prieglaud\u0105 staiga u\u017egri\u016bva dideli nemalonumai, ir daugelio \u017emoni\u0173 gyvyb\u0117 atsiduria pavojuje.<\/p>\n","protected":false},"featured_media":20875,"comment_status":"open","ping_status":"closed","template":"","meta":{"_acf_changed":false,"site-sidebar-layout":"default","site-content-layout":"","ast-site-content-layout":"default","site-content-style":"default","site-sidebar-style":"default","ast-global-header-display":"","ast-banner-title-visibility":"","ast-main-header-display":"","ast-hfb-above-header-display":"","ast-hfb-below-header-display":"","ast-hfb-mobile-header-display":"","site-post-title":"","ast-breadcrumbs-content":"","ast-featured-img":"","footer-sml-layout":"","ast-disable-related-posts":"","theme-transparent-header-meta":"","adv-header-id-meta":"","stick-header-meta":"","header-above-stick-meta":"","header-main-stick-meta":"","header-below-stick-meta":"","astra-migrate-meta-layouts":"default","ast-page-background-enabled":"default","ast-page-background-meta":{"desktop":{"background-color":"","background-image":"","background-repeat":"repeat","background-position":"center center","background-size":"auto","background-attachment":"scroll","background-type":"","background-media":"","overlay-type":"","overlay-color":"","overlay-opacity":"","overlay-gradient":""},"tablet":{"background-color":"","background-image":"","background-repeat":"repeat","background-position":"center center","background-size":"auto","background-attachment":"scroll","background-type":"","background-media":"","overlay-type":"","overlay-color":"","overlay-opacity":"","overlay-gradient":""},"mobile":{"background-color":"","background-image":"","background-repeat":"repeat","background-position":"center center","background-size":"auto","background-attachment":"scroll","background-type":"","background-media":"","overlay-type":"","overlay-color":"","overlay-opacity":"","overlay-gradient":""}},"ast-content-background-meta":{"desktop":{"background-color":"var(--ast-global-color-4)","background-image":"","background-repeat":"repeat","background-position":"center center","background-size":"auto","background-attachment":"scroll","background-type":"","background-media":"","overlay-type":"","overlay-color":"","overlay-opacity":"","overlay-gradient":""},"tablet":{"background-color":"var(--ast-global-color-4)","background-image":"","background-repeat":"repeat","background-position":"center center","background-size":"auto","background-attachment":"scroll","background-type":"","background-media":"","overlay-type":"","overlay-color":"","overlay-opacity":"","overlay-gradient":""},"mobile":{"background-color":"var(--ast-global-color-4)","background-image":"","background-repeat":"repeat","background-position":"center center","background-size":"auto","background-attachment":"scroll","background-type":"","background-media":"","overlay-type":"","overlay-color":"","overlay-opacity":"","overlay-gradient":""}}},"product_brand":[],"product_cat":[15],"product_tag":[1647,1796,3060,1451,3145,8685,2129,1646,3131],"class_list":{"0":"post-20870","1":"product","2":"type-product","3":"status-publish","4":"has-post-thumbnail","6":"product_cat-uncategorized","7":"product_tag-draugyste","8":"product_tag-meile","9":"product_tag-nora-roberts","10":"product_tag-nuotykiai","11":"product_tag-pavojus","12":"product_tag-pietu-dakota","13":"product_tag-romantika","14":"product_tag-seima","15":"product_tag-vaikyste","16":"desktop-align-left","17":"tablet-align-left","18":"mobile-align-left","20":"first","21":"instock","22":"shipping-taxable","23":"purchasable","24":"product-type-simple"},"acf":[],"yoast_head":"<!-- This site is optimized with the Yoast SEO plugin v27.0 - https:\/\/yoast.com\/product\/yoast-seo-wordpress\/ -->\n<title>Juodieji kalnai<\/title>\n<meta name=\"description\" content=\"\u0160\u012f kart\u0105 New York Times bestseleri\u0173 autor\u0117 Nora Roberts skaitytojus nukelia \u012f at\u0161iaurius tolimuosius Piet\u0173 Dakotos Juoduosius kalnus. Vasar\u0105 i\u0161 didmies\u010dio\" \/>\n<meta name=\"robots\" content=\"index, follow, max-snippet:-1, max-image-preview:large, max-video-preview:-1\" \/>\n<link rel=\"canonical\" href=\"https:\/\/skaitytaknyga.lt\/en\/produktas\/juodieji-kalnai\/\" \/>\n<meta property=\"og:locale\" content=\"en_GB\" \/>\n<meta property=\"og:locale:alternate\" content=\"lt_LT\" \/>\n<meta property=\"og:type\" content=\"article\" \/>\n<meta property=\"og:title\" content=\"Juodieji kalnai\" \/>\n<meta property=\"og:description\" content=\"\u0160\u012f kart\u0105 New York Times bestseleri\u0173 autor\u0117 Nora Roberts skaitytojus nukelia \u012f at\u0161iaurius tolimuosius Piet\u0173 Dakotos Juoduosius kalnus. Vasar\u0105 i\u0161 didmies\u010dio\" \/>\n<meta property=\"og:url\" content=\"https:\/\/skaitytaknyga.lt\/en\/produktas\/juodieji-kalnai\/\" \/>\n<meta property=\"og:site_name\" content=\"Skaitytaknyga\" \/>\n<meta property=\"article:publisher\" content=\"https:\/\/www.facebook.com\/skaitytaknyga\/\" \/>\n<meta property=\"article:modified_time\" content=\"2026-03-05T09:30:03+00:00\" \/>\n<meta property=\"og:image\" content=\"https:\/\/skaitytaknyga.lt\/wp-content\/uploads\/2025\/09\/Juodieji-kalnai-1.webp\" \/>\n\t<meta property=\"og:image:width\" content=\"300\" \/>\n\t<meta property=\"og:image:height\" content=\"453\" \/>\n\t<meta property=\"og:image:type\" content=\"image\/webp\" \/>\n<meta name=\"twitter:card\" content=\"summary_large_image\" \/>\n<meta name=\"twitter:label1\" content=\"Estimated reading time\" \/>\n\t<meta name=\"twitter:data1\" content=\"1 minute\" \/>\n<script type=\"application\/ld+json\" class=\"yoast-schema-graph\">{\"@context\":\"https:\/\/schema.org\",\"@graph\":[{\"@type\":\"WebPage\",\"@id\":\"https:\/\/skaitytaknyga.lt\/produktas\/juodieji-kalnai\/\",\"url\":\"https:\/\/skaitytaknyga.lt\/produktas\/juodieji-kalnai\/\",\"name\":\"Juodieji kalnai\",\"isPartOf\":{\"@id\":\"https:\/\/skaitytaknyga.lt\/#website\"},\"primaryImageOfPage\":{\"@id\":\"https:\/\/skaitytaknyga.lt\/produktas\/juodieji-kalnai\/#primaryimage\"},\"image\":{\"@id\":\"https:\/\/skaitytaknyga.lt\/produktas\/juodieji-kalnai\/#primaryimage\"},\"thumbnailUrl\":\"https:\/\/skaitytaknyga.lt\/wp-content\/uploads\/2025\/09\/Juodieji-kalnai-1.webp\",\"datePublished\":\"2025-09-17T16:46:19+00:00\",\"dateModified\":\"2026-03-05T09:30:03+00:00\",\"description\":\"\u0160\u012f kart\u0105 New York Times bestseleri\u0173 autor\u0117 Nora Roberts skaitytojus nukelia \u012f at\u0161iaurius tolimuosius Piet\u0173 Dakotos Juoduosius kalnus. Vasar\u0105 i\u0161 didmies\u010dio\",\"breadcrumb\":{\"@id\":\"https:\/\/skaitytaknyga.lt\/produktas\/juodieji-kalnai\/#breadcrumb\"},\"inLanguage\":\"en-GB\",\"potentialAction\":[{\"@type\":\"ReadAction\",\"target\":[\"https:\/\/skaitytaknyga.lt\/produktas\/juodieji-kalnai\/\"]}]},{\"@type\":\"ImageObject\",\"inLanguage\":\"en-GB\",\"@id\":\"https:\/\/skaitytaknyga.lt\/produktas\/juodieji-kalnai\/#primaryimage\",\"url\":\"https:\/\/skaitytaknyga.lt\/wp-content\/uploads\/2025\/09\/Juodieji-kalnai-1.webp\",\"contentUrl\":\"https:\/\/skaitytaknyga.lt\/wp-content\/uploads\/2025\/09\/Juodieji-kalnai-1.webp\",\"width\":300,\"height\":453},{\"@type\":\"BreadcrumbList\",\"@id\":\"https:\/\/skaitytaknyga.lt\/produktas\/juodieji-kalnai\/#breadcrumb\",\"itemListElement\":[{\"@type\":\"ListItem\",\"position\":1,\"name\":\"Home\",\"item\":\"https:\/\/skaitytaknyga.lt\/\"},{\"@type\":\"ListItem\",\"position\":2,\"name\":\"Parduotuv\u0117\",\"item\":\"https:\/\/skaitytaknyga.lt\/knygu-parduotuve\/\"},{\"@type\":\"ListItem\",\"position\":3,\"name\":\"Juodieji kalnai\"}]},{\"@type\":\"WebSite\",\"@id\":\"https:\/\/skaitytaknyga.lt\/#website\",\"url\":\"https:\/\/skaitytaknyga.lt\/\",\"name\":\"skaitytaknyga.lt\",\"description\":\"Skaitytaknyga.lt \u2013 tai ma\u017eas \u0161eimos verslas, kuris prasid\u0117jo nuo meil\u0117s knygoms ir siekio i\u0161gelb\u0117ti knygas nuo likimo prie konteinerio. Kas vienam nereikalingas daiktas \u2013 kitam lobis, o mes esame tarpininkai, kurie padeda abiems tapti laimingesniems ???? \u017dinome kaip nelengva i\u0161gyventi ma\u017eiems verslams, tad nuo \u0161iol, \u010dia rasite ir kit\u0173, ma\u017e\u0173 \u0161eim\u0173 versl\u0173, rank\u0173 darbo, dovan\u0173 sau ir artimiesiems.\",\"publisher\":{\"@id\":\"https:\/\/skaitytaknyga.lt\/#organization\"},\"potentialAction\":[{\"@type\":\"SearchAction\",\"target\":{\"@type\":\"EntryPoint\",\"urlTemplate\":\"https:\/\/skaitytaknyga.lt\/?s={search_term_string}\"},\"query-input\":{\"@type\":\"PropertyValueSpecification\",\"valueRequired\":true,\"valueName\":\"search_term_string\"}}],\"inLanguage\":\"en-GB\"},{\"@type\":\"Organization\",\"@id\":\"https:\/\/skaitytaknyga.lt\/#organization\",\"name\":\"skaitytaknyga.lt\",\"url\":\"https:\/\/skaitytaknyga.lt\/\",\"logo\":{\"@type\":\"ImageObject\",\"inLanguage\":\"en-GB\",\"@id\":\"https:\/\/skaitytaknyga.lt\/#\/schema\/logo\/image\/\",\"url\":\"https:\/\/skaitytaknyga.lt\/wp-content\/uploads\/2024\/05\/cropped-cropped-cropped-02_00843_jt3bggkj1j3HLc7SyY6rEUpg.jpeg\",\"contentUrl\":\"https:\/\/skaitytaknyga.lt\/wp-content\/uploads\/2024\/05\/cropped-cropped-cropped-02_00843_jt3bggkj1j3HLc7SyY6rEUpg.jpeg\",\"width\":1600,\"height\":1600,\"caption\":\"skaitytaknyga.lt\"},\"image\":{\"@id\":\"https:\/\/skaitytaknyga.lt\/#\/schema\/logo\/image\/\"},\"sameAs\":[\"https:\/\/www.facebook.com\/skaitytaknyga\/\"]}]}<\/script>\n<!-- \/ Yoast SEO plugin. -->","yoast_head_json":{"title":"Juodieji kalnai","description":"\u0160\u012f kart\u0105 New York Times bestseleri\u0173 autor\u0117 Nora Roberts skaitytojus nukelia \u012f at\u0161iaurius tolimuosius Piet\u0173 Dakotos Juoduosius kalnus. Vasar\u0105 i\u0161 didmies\u010dio","robots":{"index":"index","follow":"follow","max-snippet":"max-snippet:-1","max-image-preview":"max-image-preview:large","max-video-preview":"max-video-preview:-1"},"canonical":"https:\/\/skaitytaknyga.lt\/en\/produktas\/juodieji-kalnai\/","og_locale":"en_GB","og_type":"article","og_title":"[:lt]Juodieji kalnai[:] - Skaitytaknyga","og_description":"\u0160\u012f kart\u0105 New York Times bestseleri\u0173 autor\u0117 Nora Roberts skaitytojus nukelia \u012f at\u0161iaurius tolimuosius Piet\u0173 Dakotos Juoduosius kalnus. Vasar\u0105 i\u0161 didmies\u010dio","og_url":"https:\/\/skaitytaknyga.lt\/en\/produktas\/juodieji-kalnai\/","og_site_name":"Skaitytaknyga","article_publisher":"https:\/\/www.facebook.com\/skaitytaknyga\/","article_modified_time":"2026-03-05T09:30:03+00:00","og_image":[{"width":300,"height":453,"url":"https:\/\/skaitytaknyga.lt\/wp-content\/uploads\/2025\/09\/Juodieji-kalnai-1.webp","type":"image\/webp"}],"twitter_card":"summary_large_image","twitter_misc":{"Estimated reading time":"1 minute"},"schema":{"@context":"https:\/\/schema.org","@graph":[{"@type":"WebPage","@id":"https:\/\/skaitytaknyga.lt\/produktas\/juodieji-kalnai\/","url":"https:\/\/skaitytaknyga.lt\/produktas\/juodieji-kalnai\/","name":"Juodieji kalnai","isPartOf":{"@id":"https:\/\/skaitytaknyga.lt\/#website"},"primaryImageOfPage":{"@id":"https:\/\/skaitytaknyga.lt\/produktas\/juodieji-kalnai\/#primaryimage"},"image":{"@id":"https:\/\/skaitytaknyga.lt\/produktas\/juodieji-kalnai\/#primaryimage"},"thumbnailUrl":"https:\/\/skaitytaknyga.lt\/wp-content\/uploads\/2025\/09\/Juodieji-kalnai-1.webp","datePublished":"2025-09-17T16:46:19+00:00","dateModified":"2026-03-05T09:30:03+00:00","description":"\u0160\u012f kart\u0105 New York Times bestseleri\u0173 autor\u0117 Nora Roberts skaitytojus nukelia \u012f at\u0161iaurius tolimuosius Piet\u0173 Dakotos Juoduosius kalnus. Vasar\u0105 i\u0161 didmies\u010dio","breadcrumb":{"@id":"https:\/\/skaitytaknyga.lt\/produktas\/juodieji-kalnai\/#breadcrumb"},"inLanguage":"en-GB","potentialAction":[{"@type":"ReadAction","target":["https:\/\/skaitytaknyga.lt\/produktas\/juodieji-kalnai\/"]}]},{"@type":"ImageObject","inLanguage":"en-GB","@id":"https:\/\/skaitytaknyga.lt\/produktas\/juodieji-kalnai\/#primaryimage","url":"https:\/\/skaitytaknyga.lt\/wp-content\/uploads\/2025\/09\/Juodieji-kalnai-1.webp","contentUrl":"https:\/\/skaitytaknyga.lt\/wp-content\/uploads\/2025\/09\/Juodieji-kalnai-1.webp","width":300,"height":453},{"@type":"BreadcrumbList","@id":"https:\/\/skaitytaknyga.lt\/produktas\/juodieji-kalnai\/#breadcrumb","itemListElement":[{"@type":"ListItem","position":1,"name":"Home","item":"https:\/\/skaitytaknyga.lt\/"},{"@type":"ListItem","position":2,"name":"Parduotuv\u0117","item":"https:\/\/skaitytaknyga.lt\/knygu-parduotuve\/"},{"@type":"ListItem","position":3,"name":"Juodieji kalnai"}]},{"@type":"WebSite","@id":"https:\/\/skaitytaknyga.lt\/#website","url":"https:\/\/skaitytaknyga.lt\/","name":"skaitytaknyga.lt","description":"Skaitytaknyga.lt \u2013 tai ma\u017eas \u0161eimos verslas, kuris prasid\u0117jo nuo meil\u0117s knygoms ir siekio i\u0161gelb\u0117ti knygas nuo likimo prie konteinerio. Kas vienam nereikalingas daiktas \u2013 kitam lobis, o mes esame tarpininkai, kurie padeda abiems tapti laimingesniems ???? \u017dinome kaip nelengva i\u0161gyventi ma\u017eiems verslams, tad nuo \u0161iol, \u010dia rasite ir kit\u0173, ma\u017e\u0173 \u0161eim\u0173 versl\u0173, rank\u0173 darbo, dovan\u0173 sau ir artimiesiems.","publisher":{"@id":"https:\/\/skaitytaknyga.lt\/#organization"},"potentialAction":[{"@type":"SearchAction","target":{"@type":"EntryPoint","urlTemplate":"https:\/\/skaitytaknyga.lt\/?s={search_term_string}"},"query-input":{"@type":"PropertyValueSpecification","valueRequired":true,"valueName":"search_term_string"}}],"inLanguage":"en-GB"},{"@type":"Organization","@id":"https:\/\/skaitytaknyga.lt\/#organization","name":"skaitytaknyga.lt","url":"https:\/\/skaitytaknyga.lt\/","logo":{"@type":"ImageObject","inLanguage":"en-GB","@id":"https:\/\/skaitytaknyga.lt\/#\/schema\/logo\/image\/","url":"https:\/\/skaitytaknyga.lt\/wp-content\/uploads\/2024\/05\/cropped-cropped-cropped-02_00843_jt3bggkj1j3HLc7SyY6rEUpg.jpeg","contentUrl":"https:\/\/skaitytaknyga.lt\/wp-content\/uploads\/2024\/05\/cropped-cropped-cropped-02_00843_jt3bggkj1j3HLc7SyY6rEUpg.jpeg","width":1600,"height":1600,"caption":"skaitytaknyga.lt"},"image":{"@id":"https:\/\/skaitytaknyga.lt\/#\/schema\/logo\/image\/"},"sameAs":["https:\/\/www.facebook.com\/skaitytaknyga\/"]}]}},"_links":{"self":[{"href":"https:\/\/skaitytaknyga.lt\/en\/wp-json\/wp\/v2\/product\/20870","targetHints":{"allow":["GET"]}}],"collection":[{"href":"https:\/\/skaitytaknyga.lt\/en\/wp-json\/wp\/v2\/product"}],"about":[{"href":"https:\/\/skaitytaknyga.lt\/en\/wp-json\/wp\/v2\/types\/product"}],"replies":[{"embeddable":true,"href":"https:\/\/skaitytaknyga.lt\/en\/wp-json\/wp\/v2\/comments?post=20870"}],"wp:featuredmedia":[{"embeddable":true,"href":"https:\/\/skaitytaknyga.lt\/en\/wp-json\/wp\/v2\/media\/20875"}],"wp:attachment":[{"href":"https:\/\/skaitytaknyga.lt\/en\/wp-json\/wp\/v2\/media?parent=20870"}],"wp:term":[{"taxonomy":"product_brand","embeddable":true,"href":"https:\/\/skaitytaknyga.lt\/en\/wp-json\/wp\/v2\/product_brand?post=20870"},{"taxonomy":"product_cat","embeddable":true,"href":"https:\/\/skaitytaknyga.lt\/en\/wp-json\/wp\/v2\/product_cat?post=20870"},{"taxonomy":"product_tag","embeddable":true,"href":"https:\/\/skaitytaknyga.lt\/en\/wp-json\/wp\/v2\/product_tag?post=20870"}],"curies":[{"name":"wp","href":"https:\/\/api.w.org\/{rel}","templated":true}]}}