{"id":20860,"date":"2025-09-17T18:59:39","date_gmt":"2025-09-17T15:59:39","guid":{"rendered":"https:\/\/skaitytaknyga.lt\/?post_type=product&#038;p=20860"},"modified":"2026-03-05T13:10:19","modified_gmt":"2026-03-05T11:10:19","slug":"salcio-faktorius","status":"publish","type":"product","link":"https:\/\/skaitytaknyga.lt\/en\/produktas\/salcio-faktorius\/","title":{"rendered":"\u0160al\u010dio faktorius"},"content":{"rendered":"<p>Lil\u0117 Martin, populiaraus \u017eurnalo leid\u0117ja, po nemalonaus susitikimo su buvusiu sutuoktiniu per p\u016bg\u0105 \u012fstringa tolimoje kaln\u0173 trobel\u0117je. Su vyri\u0161kiu, kuris gali b\u016bti pavojingas serijinis \u017eudikas. Tyliame \u0160iaur\u0117s Karolinos kaln\u0173 miestelyje did\u017eiausias nusikaltimas \u2013 eismo taisykli\u0173 pa\u017eeidimas. Ta\u010diau ramyb\u0117 miestelyje baig\u0117si. Policijos vir\u0161ininkas Da\u010das Bertonas, buv\u0119s Lil\u0117s vyras, jo nedidel\u0117 komanda ir FTB agentai atkakliai ie\u0161ko nusikalt\u0117lio, praminto M\u0117lynuoju, nes nusikaltim\u0173 vietose jis palieka m\u0117lyn\u0105 kaspin\u0105.<\/p>\n<p>Dingo keturios moterys, j\u0173 k\u016bnai nerasti, \u012fkal\u010di\u0173 n\u0117ra, \u012ftariam\u0173j\u0173 \u2013 taip pat. Staiga be p\u0117dsak\u0173 dingsta penktoji jauna moteris. Tirdamas \u0161iuos nusikaltimus Da\u010das ry\u017etasi gelb\u0117ti ir \u017emon\u0105, kol ne\u012fvyko dar viena nelaim\u0117. Ar jam pavyks nusigauti \u012f trobel\u0119 iki kito M\u0117lynojo i\u0161puolio? Ar i\u0161 tikr\u0173j\u0173 did\u017eiausi\u0105 pavoj\u0173 kelia tik siau\u010dianti p\u016bga?..<\/p>\n","protected":false},"excerpt":{"rendered":"<p>Lil\u0117 Martin, populiaraus \u017eurnalo leid\u0117ja, po nemalonaus susitikimo su buvusiu sutuoktiniu per p\u016bg\u0105 \u012fstringa tolimoje kaln\u0173 trobel\u0117je. Su vyri\u0161kiu, kuris gali b\u016bti pavojingas serijinis \u017eudikas. Tyliame \u0160iaur\u0117s Karolinos kaln\u0173 miestelyje did\u017eiausias nusikaltimas \u2013 eismo taisykli\u0173 pa\u017eeidimas. Ta\u010diau ramyb\u0117 miestelyje baig\u0117si. Policijos vir\u0161ininkas Da\u010das Bertonas, buv\u0119s Lil\u0117s vyras, jo nedidel\u0117 komanda ir FTB agentai atkakliai ie\u0161ko nusikalt\u0117lio, praminto M\u0117lynuoju, nes nusikaltim\u0173 vietose jis palieka m\u0117lyn\u0105 kaspin\u0105. Dingo keturios moterys, j\u0173 k\u016bnai nerasti, \u012fkal\u010di\u0173 n\u0117ra, \u012ftariam\u0173j\u0173 \u2013 taip pat. Staiga be p\u0117dsak\u0173 dingsta penktoji jauna moteris. Tirdamas \u0161iuos nusikaltimus Da\u010das ry\u017etasi gelb\u0117ti ir \u017emon\u0105, kol ne\u012fvyko dar viena nelaim\u0117. Ar jam pavyks nusigauti \u012f trobel\u0119 iki kito M\u0117lynojo i\u0161puolio? Ar i\u0161 tikr\u0173j\u0173 did\u017eiausi\u0105 pavoj\u0173 kelia tik siau\u010dianti p\u016bga?..<\/p>\n","protected":false},"featured_media":20867,"comment_status":"open","ping_status":"closed","template":"","meta":{"_acf_changed":false,"site-sidebar-layout":"default","site-content-layout":"","ast-site-content-layout":"default","site-content-style":"default","site-sidebar-style":"default","ast-global-header-display":"","ast-banner-title-visibility":"","ast-main-header-display":"","ast-hfb-above-header-display":"","ast-hfb-below-header-display":"","ast-hfb-mobile-header-display":"","site-post-title":"","ast-breadcrumbs-content":"","ast-featured-img":"","footer-sml-layout":"","ast-disable-related-posts":"","theme-transparent-header-meta":"","adv-header-id-meta":"","stick-header-meta":"","header-above-stick-meta":"","header-main-stick-meta":"","header-below-stick-meta":"","astra-migrate-meta-layouts":"default","ast-page-background-enabled":"default","ast-page-background-meta":{"desktop":{"background-color":"","background-image":"","background-repeat":"repeat","background-position":"center center","background-size":"auto","background-attachment":"scroll","background-type":"","background-media":"","overlay-type":"","overlay-color":"","overlay-opacity":"","overlay-gradient":""},"tablet":{"background-color":"","background-image":"","background-repeat":"repeat","background-position":"center center","background-size":"auto","background-attachment":"scroll","background-type":"","background-media":"","overlay-type":"","overlay-color":"","overlay-opacity":"","overlay-gradient":""},"mobile":{"background-color":"","background-image":"","background-repeat":"repeat","background-position":"center center","background-size":"auto","background-attachment":"scroll","background-type":"","background-media":"","overlay-type":"","overlay-color":"","overlay-opacity":"","overlay-gradient":""}},"ast-content-background-meta":{"desktop":{"background-color":"var(--ast-global-color-4)","background-image":"","background-repeat":"repeat","background-position":"center center","background-size":"auto","background-attachment":"scroll","background-type":"","background-media":"","overlay-type":"","overlay-color":"","overlay-opacity":"","overlay-gradient":""},"tablet":{"background-color":"var(--ast-global-color-4)","background-image":"","background-repeat":"repeat","background-position":"center center","background-size":"auto","background-attachment":"scroll","background-type":"","background-media":"","overlay-type":"","overlay-color":"","overlay-opacity":"","overlay-gradient":""},"mobile":{"background-color":"var(--ast-global-color-4)","background-image":"","background-repeat":"repeat","background-position":"center center","background-size":"auto","background-attachment":"scroll","background-type":"","background-media":"","overlay-type":"","overlay-color":"","overlay-opacity":"","overlay-gradient":""}}},"product_brand":[],"product_cat":[9581],"product_tag":[8679,1590,8680,2312,8678,8676,3982,8677,1587],"class_list":{"0":"post-20860","1":"product","2":"type-product","3":"status-publish","4":"has-post-thumbnail","6":"product_cat-kriminaliniai-romanai","7":"product_tag-ftb","8":"product_tag-itampa","9":"product_tag-itariamieji","10":"product_tag-nusikaltimas","11":"product_tag-policija","12":"product_tag-salcio-faktorius","13":"product_tag-serijinis-zudikas","14":"product_tag-siaures-karolina","15":"product_tag-trileris","16":"desktop-align-left","17":"tablet-align-left","18":"mobile-align-left","20":"first","21":"instock","22":"shipping-taxable","23":"purchasable","24":"product-type-simple"},"acf":[],"yoast_head":"<!-- This site is optimized with the Yoast SEO plugin v27.0 - https:\/\/yoast.com\/product\/yoast-seo-wordpress\/ -->\n<title>\u0160al\u010dio faktorius<\/title>\n<meta name=\"description\" content=\"Lil\u0117 Martin, populiaraus \u017eurnalo leid\u0117ja, po nemalonaus susitikimo su buvusiu sutuoktiniu per p\u016bg\u0105 \u012fstringa tolimoje kaln\u0173 trobel\u0117je. Su vyri\u0161kiu, kuris\" \/>\n<meta name=\"robots\" content=\"index, follow, max-snippet:-1, max-image-preview:large, max-video-preview:-1\" \/>\n<link rel=\"canonical\" href=\"https:\/\/skaitytaknyga.lt\/en\/produktas\/salcio-faktorius\/\" \/>\n<meta property=\"og:locale\" content=\"en_GB\" \/>\n<meta property=\"og:locale:alternate\" content=\"lt_LT\" \/>\n<meta property=\"og:type\" content=\"article\" \/>\n<meta property=\"og:title\" content=\"\u0160al\u010dio faktorius\" \/>\n<meta property=\"og:description\" content=\"Lil\u0117 Martin, populiaraus \u017eurnalo leid\u0117ja, po nemalonaus susitikimo su buvusiu sutuoktiniu per p\u016bg\u0105 \u012fstringa tolimoje kaln\u0173 trobel\u0117je. Su vyri\u0161kiu, kuris\" \/>\n<meta property=\"og:url\" content=\"https:\/\/skaitytaknyga.lt\/en\/produktas\/salcio-faktorius\/\" \/>\n<meta property=\"og:site_name\" content=\"Skaitytaknyga\" \/>\n<meta property=\"article:publisher\" content=\"https:\/\/www.facebook.com\/skaitytaknyga\/\" \/>\n<meta property=\"article:modified_time\" content=\"2026-03-05T11:10:19+00:00\" \/>\n<meta property=\"og:image\" content=\"https:\/\/skaitytaknyga.lt\/wp-content\/uploads\/2025\/09\/Salcio-faktorius-1.webp\" \/>\n\t<meta property=\"og:image:width\" content=\"300\" \/>\n\t<meta property=\"og:image:height\" content=\"506\" \/>\n\t<meta property=\"og:image:type\" content=\"image\/webp\" \/>\n<meta name=\"twitter:card\" content=\"summary_large_image\" \/>\n<meta name=\"twitter:label1\" content=\"Estimated reading time\" \/>\n\t<meta name=\"twitter:data1\" content=\"1 minute\" \/>\n<script type=\"application\/ld+json\" class=\"yoast-schema-graph\">{\"@context\":\"https:\/\/schema.org\",\"@graph\":[{\"@type\":\"WebPage\",\"@id\":\"https:\/\/skaitytaknyga.lt\/produktas\/salcio-faktorius\/\",\"url\":\"https:\/\/skaitytaknyga.lt\/produktas\/salcio-faktorius\/\",\"name\":\"\u0160al\u010dio faktorius\",\"isPartOf\":{\"@id\":\"https:\/\/skaitytaknyga.lt\/#website\"},\"primaryImageOfPage\":{\"@id\":\"https:\/\/skaitytaknyga.lt\/produktas\/salcio-faktorius\/#primaryimage\"},\"image\":{\"@id\":\"https:\/\/skaitytaknyga.lt\/produktas\/salcio-faktorius\/#primaryimage\"},\"thumbnailUrl\":\"https:\/\/skaitytaknyga.lt\/wp-content\/uploads\/2025\/09\/Salcio-faktorius-1.webp\",\"datePublished\":\"2025-09-17T15:59:39+00:00\",\"dateModified\":\"2026-03-05T11:10:19+00:00\",\"description\":\"Lil\u0117 Martin, populiaraus \u017eurnalo leid\u0117ja, po nemalonaus susitikimo su buvusiu sutuoktiniu per p\u016bg\u0105 \u012fstringa tolimoje kaln\u0173 trobel\u0117je. Su vyri\u0161kiu, kuris\",\"breadcrumb\":{\"@id\":\"https:\/\/skaitytaknyga.lt\/produktas\/salcio-faktorius\/#breadcrumb\"},\"inLanguage\":\"en-GB\",\"potentialAction\":[{\"@type\":\"ReadAction\",\"target\":[\"https:\/\/skaitytaknyga.lt\/produktas\/salcio-faktorius\/\"]}]},{\"@type\":\"ImageObject\",\"inLanguage\":\"en-GB\",\"@id\":\"https:\/\/skaitytaknyga.lt\/produktas\/salcio-faktorius\/#primaryimage\",\"url\":\"https:\/\/skaitytaknyga.lt\/wp-content\/uploads\/2025\/09\/Salcio-faktorius-1.webp\",\"contentUrl\":\"https:\/\/skaitytaknyga.lt\/wp-content\/uploads\/2025\/09\/Salcio-faktorius-1.webp\",\"width\":300,\"height\":506,\"caption\":\"\u0160al\u010dio faktorius (1)\"},{\"@type\":\"BreadcrumbList\",\"@id\":\"https:\/\/skaitytaknyga.lt\/produktas\/salcio-faktorius\/#breadcrumb\",\"itemListElement\":[{\"@type\":\"ListItem\",\"position\":1,\"name\":\"Home\",\"item\":\"https:\/\/skaitytaknyga.lt\/\"},{\"@type\":\"ListItem\",\"position\":2,\"name\":\"Parduotuv\u0117\",\"item\":\"https:\/\/skaitytaknyga.lt\/knygu-parduotuve\/\"},{\"@type\":\"ListItem\",\"position\":3,\"name\":\"\u0160al\u010dio faktorius\"}]},{\"@type\":\"WebSite\",\"@id\":\"https:\/\/skaitytaknyga.lt\/#website\",\"url\":\"https:\/\/skaitytaknyga.lt\/\",\"name\":\"skaitytaknyga.lt\",\"description\":\"Skaitytaknyga.lt \u2013 tai ma\u017eas \u0161eimos verslas, kuris prasid\u0117jo nuo meil\u0117s knygoms ir siekio i\u0161gelb\u0117ti knygas nuo likimo prie konteinerio. Kas vienam nereikalingas daiktas \u2013 kitam lobis, o mes esame tarpininkai, kurie padeda abiems tapti laimingesniems ???? \u017dinome kaip nelengva i\u0161gyventi ma\u017eiems verslams, tad nuo \u0161iol, \u010dia rasite ir kit\u0173, ma\u017e\u0173 \u0161eim\u0173 versl\u0173, rank\u0173 darbo, dovan\u0173 sau ir artimiesiems.\",\"publisher\":{\"@id\":\"https:\/\/skaitytaknyga.lt\/#organization\"},\"potentialAction\":[{\"@type\":\"SearchAction\",\"target\":{\"@type\":\"EntryPoint\",\"urlTemplate\":\"https:\/\/skaitytaknyga.lt\/?s={search_term_string}\"},\"query-input\":{\"@type\":\"PropertyValueSpecification\",\"valueRequired\":true,\"valueName\":\"search_term_string\"}}],\"inLanguage\":\"en-GB\"},{\"@type\":\"Organization\",\"@id\":\"https:\/\/skaitytaknyga.lt\/#organization\",\"name\":\"skaitytaknyga.lt\",\"url\":\"https:\/\/skaitytaknyga.lt\/\",\"logo\":{\"@type\":\"ImageObject\",\"inLanguage\":\"en-GB\",\"@id\":\"https:\/\/skaitytaknyga.lt\/#\/schema\/logo\/image\/\",\"url\":\"https:\/\/skaitytaknyga.lt\/wp-content\/uploads\/2024\/05\/cropped-cropped-cropped-02_00843_jt3bggkj1j3HLc7SyY6rEUpg.jpeg\",\"contentUrl\":\"https:\/\/skaitytaknyga.lt\/wp-content\/uploads\/2024\/05\/cropped-cropped-cropped-02_00843_jt3bggkj1j3HLc7SyY6rEUpg.jpeg\",\"width\":1600,\"height\":1600,\"caption\":\"skaitytaknyga.lt\"},\"image\":{\"@id\":\"https:\/\/skaitytaknyga.lt\/#\/schema\/logo\/image\/\"},\"sameAs\":[\"https:\/\/www.facebook.com\/skaitytaknyga\/\"]}]}<\/script>\n<!-- \/ Yoast SEO plugin. -->","yoast_head_json":{"title":"\u0160al\u010dio faktorius","description":"Lil\u0117 Martin, populiaraus \u017eurnalo leid\u0117ja, po nemalonaus susitikimo su buvusiu sutuoktiniu per p\u016bg\u0105 \u012fstringa tolimoje kaln\u0173 trobel\u0117je. Su vyri\u0161kiu, kuris","robots":{"index":"index","follow":"follow","max-snippet":"max-snippet:-1","max-image-preview":"max-image-preview:large","max-video-preview":"max-video-preview:-1"},"canonical":"https:\/\/skaitytaknyga.lt\/en\/produktas\/salcio-faktorius\/","og_locale":"en_GB","og_type":"article","og_title":"[:lt]\u0160al\u010dio faktorius[:] - Skaitytaknyga","og_description":"Lil\u0117 Martin, populiaraus \u017eurnalo leid\u0117ja, po nemalonaus susitikimo su buvusiu sutuoktiniu per p\u016bg\u0105 \u012fstringa tolimoje kaln\u0173 trobel\u0117je. Su vyri\u0161kiu, kuris","og_url":"https:\/\/skaitytaknyga.lt\/en\/produktas\/salcio-faktorius\/","og_site_name":"Skaitytaknyga","article_publisher":"https:\/\/www.facebook.com\/skaitytaknyga\/","article_modified_time":"2026-03-05T11:10:19+00:00","og_image":[{"width":300,"height":506,"url":"https:\/\/skaitytaknyga.lt\/wp-content\/uploads\/2025\/09\/Salcio-faktorius-1.webp","type":"image\/webp"}],"twitter_card":"summary_large_image","twitter_misc":{"Estimated reading time":"1 minute"},"schema":{"@context":"https:\/\/schema.org","@graph":[{"@type":"WebPage","@id":"https:\/\/skaitytaknyga.lt\/produktas\/salcio-faktorius\/","url":"https:\/\/skaitytaknyga.lt\/produktas\/salcio-faktorius\/","name":"\u0160al\u010dio faktorius","isPartOf":{"@id":"https:\/\/skaitytaknyga.lt\/#website"},"primaryImageOfPage":{"@id":"https:\/\/skaitytaknyga.lt\/produktas\/salcio-faktorius\/#primaryimage"},"image":{"@id":"https:\/\/skaitytaknyga.lt\/produktas\/salcio-faktorius\/#primaryimage"},"thumbnailUrl":"https:\/\/skaitytaknyga.lt\/wp-content\/uploads\/2025\/09\/Salcio-faktorius-1.webp","datePublished":"2025-09-17T15:59:39+00:00","dateModified":"2026-03-05T11:10:19+00:00","description":"Lil\u0117 Martin, populiaraus \u017eurnalo leid\u0117ja, po nemalonaus susitikimo su buvusiu sutuoktiniu per p\u016bg\u0105 \u012fstringa tolimoje kaln\u0173 trobel\u0117je. Su vyri\u0161kiu, kuris","breadcrumb":{"@id":"https:\/\/skaitytaknyga.lt\/produktas\/salcio-faktorius\/#breadcrumb"},"inLanguage":"en-GB","potentialAction":[{"@type":"ReadAction","target":["https:\/\/skaitytaknyga.lt\/produktas\/salcio-faktorius\/"]}]},{"@type":"ImageObject","inLanguage":"en-GB","@id":"https:\/\/skaitytaknyga.lt\/produktas\/salcio-faktorius\/#primaryimage","url":"https:\/\/skaitytaknyga.lt\/wp-content\/uploads\/2025\/09\/Salcio-faktorius-1.webp","contentUrl":"https:\/\/skaitytaknyga.lt\/wp-content\/uploads\/2025\/09\/Salcio-faktorius-1.webp","width":300,"height":506,"caption":"\u0160al\u010dio faktorius (1)"},{"@type":"BreadcrumbList","@id":"https:\/\/skaitytaknyga.lt\/produktas\/salcio-faktorius\/#breadcrumb","itemListElement":[{"@type":"ListItem","position":1,"name":"Home","item":"https:\/\/skaitytaknyga.lt\/"},{"@type":"ListItem","position":2,"name":"Parduotuv\u0117","item":"https:\/\/skaitytaknyga.lt\/knygu-parduotuve\/"},{"@type":"ListItem","position":3,"name":"\u0160al\u010dio faktorius"}]},{"@type":"WebSite","@id":"https:\/\/skaitytaknyga.lt\/#website","url":"https:\/\/skaitytaknyga.lt\/","name":"skaitytaknyga.lt","description":"Skaitytaknyga.lt \u2013 tai ma\u017eas \u0161eimos verslas, kuris prasid\u0117jo nuo meil\u0117s knygoms ir siekio i\u0161gelb\u0117ti knygas nuo likimo prie konteinerio. Kas vienam nereikalingas daiktas \u2013 kitam lobis, o mes esame tarpininkai, kurie padeda abiems tapti laimingesniems ???? \u017dinome kaip nelengva i\u0161gyventi ma\u017eiems verslams, tad nuo \u0161iol, \u010dia rasite ir kit\u0173, ma\u017e\u0173 \u0161eim\u0173 versl\u0173, rank\u0173 darbo, dovan\u0173 sau ir artimiesiems.","publisher":{"@id":"https:\/\/skaitytaknyga.lt\/#organization"},"potentialAction":[{"@type":"SearchAction","target":{"@type":"EntryPoint","urlTemplate":"https:\/\/skaitytaknyga.lt\/?s={search_term_string}"},"query-input":{"@type":"PropertyValueSpecification","valueRequired":true,"valueName":"search_term_string"}}],"inLanguage":"en-GB"},{"@type":"Organization","@id":"https:\/\/skaitytaknyga.lt\/#organization","name":"skaitytaknyga.lt","url":"https:\/\/skaitytaknyga.lt\/","logo":{"@type":"ImageObject","inLanguage":"en-GB","@id":"https:\/\/skaitytaknyga.lt\/#\/schema\/logo\/image\/","url":"https:\/\/skaitytaknyga.lt\/wp-content\/uploads\/2024\/05\/cropped-cropped-cropped-02_00843_jt3bggkj1j3HLc7SyY6rEUpg.jpeg","contentUrl":"https:\/\/skaitytaknyga.lt\/wp-content\/uploads\/2024\/05\/cropped-cropped-cropped-02_00843_jt3bggkj1j3HLc7SyY6rEUpg.jpeg","width":1600,"height":1600,"caption":"skaitytaknyga.lt"},"image":{"@id":"https:\/\/skaitytaknyga.lt\/#\/schema\/logo\/image\/"},"sameAs":["https:\/\/www.facebook.com\/skaitytaknyga\/"]}]}},"_links":{"self":[{"href":"https:\/\/skaitytaknyga.lt\/en\/wp-json\/wp\/v2\/product\/20860","targetHints":{"allow":["GET"]}}],"collection":[{"href":"https:\/\/skaitytaknyga.lt\/en\/wp-json\/wp\/v2\/product"}],"about":[{"href":"https:\/\/skaitytaknyga.lt\/en\/wp-json\/wp\/v2\/types\/product"}],"replies":[{"embeddable":true,"href":"https:\/\/skaitytaknyga.lt\/en\/wp-json\/wp\/v2\/comments?post=20860"}],"wp:featuredmedia":[{"embeddable":true,"href":"https:\/\/skaitytaknyga.lt\/en\/wp-json\/wp\/v2\/media\/20867"}],"wp:attachment":[{"href":"https:\/\/skaitytaknyga.lt\/en\/wp-json\/wp\/v2\/media?parent=20860"}],"wp:term":[{"taxonomy":"product_brand","embeddable":true,"href":"https:\/\/skaitytaknyga.lt\/en\/wp-json\/wp\/v2\/product_brand?post=20860"},{"taxonomy":"product_cat","embeddable":true,"href":"https:\/\/skaitytaknyga.lt\/en\/wp-json\/wp\/v2\/product_cat?post=20860"},{"taxonomy":"product_tag","embeddable":true,"href":"https:\/\/skaitytaknyga.lt\/en\/wp-json\/wp\/v2\/product_tag?post=20860"}],"curies":[{"name":"wp","href":"https:\/\/api.w.org\/{rel}","templated":true}]}}