{"id":20859,"date":"2025-09-17T18:59:39","date_gmt":"2025-09-17T15:59:39","guid":{"rendered":"https:\/\/skaitytaknyga.lt\/?post_type=product&#038;p=20859"},"modified":"2026-03-18T20:03:23","modified_gmt":"2026-03-18T18:03:23","slug":"elementorius-legendinis-dramos-burelis-ant-tauro-kalno","status":"publish","type":"product","link":"https:\/\/skaitytaknyga.lt\/en\/produktas\/elementorius-legendinis-dramos-burelis-ant-tauro-kalno\/","title":{"rendered":"Elementorius. Legendinis dramos b\u016brelis ant Tauro kalno"},"content":{"rendered":"<p>Devynios \u201eSidabrin\u0117s gerv\u0117s&#8221;, dvide\u0161imt vienas \u201eAuksinis scenos kry\u017eius&#8221;, trys Lietuvos nacionalin\u0117s kult\u016bros ir meno premijos ir daug kit\u0173 apdovanojim\u0173. Lietuvi\u0173 teatro ir kino \u017evaig\u017ed\u0117s, \u017eym\u016bs literatai, menininkai, kritikai, \u017eurnalistai. Kas juos sieja? \u201eElementorius&#8221;. Legendinis teatro b\u016brelis ant Tauro kalno.<\/p>\n<p>Gedimino Storpir\u0161\u010dio sugalvot\u0105 ir Dalios Cidzikait\u0117s sudaryt\u0105 knyg\u0105 \u201eElementorius. Legendinis dramos b\u016brelis ant Tauro kalno&#8221; sudaro \u017einom\u0173 Lietuvoje \u017emoni\u0173 pasakojimai apie j\u0173 lankyt\u0105 teatro b\u016brel\u012f, veikiant\u012f Vilniuje jau 50 met\u0173. B\u016brelio \u012fk\u016br\u0117ja, aktor\u0117 ir pirmoji vadov\u0117 \u2013 Valerija Marcinkevi\u010di\u016bt\u0117-Karalien\u0117, dabar jam vadovauja TV, kino ir teatro aktorius, re\u017eisierius, bardas Gediminas Storpir\u0161tis, Egl\u0117 Storpir\u0161tien\u0117 ir Vytautas Ra\u0161imas. \u201eElementorius&#8221; ilgainiui tapo \u201emeno kalve&#8221;, subrandinusia per 100 \u0161iandien \u017eymi\u0173 Lietuvos meninink\u0173.<\/p>\n<p>Knygoje \u201eElementorius. Legendinis dramos b\u016brelis ant Tauro kalno&#8221; prisiminimais apie b\u016brel\u012f ir jo pedagogus dalijasi daugiau nei penkiasde\u0161imt \u012fvairioms kartoms b\u016brelyje atstovaujan\u010di\u0173 nari\u0173 (Nel\u0117 Savi\u010denko, Ingeborga Dapk\u016bnait\u0117, Vytautas Kernagis, Saulius Balandis, Andrius Bialob\u017eeskis, Cezaris Grau\u017einis, R\u016bta Noreikait\u0117 Oginskait\u0117, Eugenijus Laurinaitis, Izolda Keido\u0161i\u016bt\u0117, Marija Di\u010dpetryt\u0117, Giedr\u0117 Beinori\u016bt\u0117, Ainis Storpir\u0161tis ir daugelis kit\u0173). Knygoje prisiminimus papildo teatriniai pratimai, originali \u201eElementoriaus&#8221; dramaturgija, spektakli\u0173 nuotraukos.<\/p>\n","protected":false},"excerpt":{"rendered":"<p>Devynios \u201eSidabrin\u0117s gerv\u0117s&#8221;, dvide\u0161imt vienas \u201eAuksinis scenos kry\u017eius&#8221;, trys Lietuvos nacionalin\u0117s kult\u016bros ir meno premijos ir daug kit\u0173 apdovanojim\u0173. Lietuvi\u0173 teatro ir kino \u017evaig\u017ed\u0117s, \u017eym\u016bs literatai, menininkai, kritikai, \u017eurnalistai. Kas juos sieja? \u201eElementorius&#8221;. Legendinis teatro b\u016brelis ant Tauro kalno. Gedimino Storpir\u0161\u010dio sugalvot\u0105 ir Dalios Cidzikait\u0117s sudaryt\u0105 knyg\u0105 \u201eElementorius. Legendinis dramos b\u016brelis ant Tauro kalno&#8221; sudaro \u017einom\u0173 Lietuvoje \u017emoni\u0173 pasakojimai apie j\u0173 lankyt\u0105 teatro b\u016brel\u012f, veikiant\u012f Vilniuje jau 50 met\u0173. B\u016brelio \u012fk\u016br\u0117ja, aktor\u0117 ir pirmoji vadov\u0117 \u2013 Valerija Marcinkevi\u010di\u016bt\u0117-Karalien\u0117, dabar jam vadovauja TV, kino ir teatro aktorius, re\u017eisierius, bardas Gediminas Storpir\u0161tis, Egl\u0117 Storpir\u0161tien\u0117 ir Vytautas Ra\u0161imas. \u201eElementorius&#8221; ilgainiui tapo \u201emeno kalve&#8221;, subrandinusia per 100 \u0161iandien \u017eymi\u0173 Lietuvos meninink\u0173. Knygoje \u201eElementorius. Legendinis dramos b\u016brelis ant Tauro kalno&#8221; prisiminimais apie b\u016brel\u012f ir jo pedagogus dalijasi daugiau nei penkiasde\u0161imt \u012fvairioms kartoms b\u016brelyje atstovaujan\u010di\u0173 nari\u0173 (Nel\u0117 Savi\u010denko, Ingeborga Dapk\u016bnait\u0117, Vytautas Kernagis, Saulius Balandis, Andrius Bialob\u017eeskis, Cezaris Grau\u017einis, R\u016bta Noreikait\u0117 Oginskait\u0117, Eugenijus Laurinaitis, Izolda Keido\u0161i\u016bt\u0117, Marija Di\u010dpetryt\u0117, Giedr\u0117 Beinori\u016bt\u0117, Ainis Storpir\u0161tis ir daugelis kit\u0173). Knygoje prisiminimus papildo teatriniai pratimai, originali \u201eElementoriaus&#8221; dramaturgija, spektakli\u0173 nuotraukos.<\/p>\n","protected":false},"featured_media":20863,"comment_status":"open","ping_status":"closed","template":"","meta":{"_acf_changed":false,"site-sidebar-layout":"default","site-content-layout":"","ast-site-content-layout":"default","site-content-style":"default","site-sidebar-style":"default","ast-global-header-display":"","ast-banner-title-visibility":"","ast-main-header-display":"","ast-hfb-above-header-display":"","ast-hfb-below-header-display":"","ast-hfb-mobile-header-display":"","site-post-title":"","ast-breadcrumbs-content":"","ast-featured-img":"","footer-sml-layout":"","ast-disable-related-posts":"","theme-transparent-header-meta":"","adv-header-id-meta":"","stick-header-meta":"","header-above-stick-meta":"","header-main-stick-meta":"","header-below-stick-meta":"","astra-migrate-meta-layouts":"default","ast-page-background-enabled":"default","ast-page-background-meta":{"desktop":{"background-color":"","background-image":"","background-repeat":"repeat","background-position":"center center","background-size":"auto","background-attachment":"scroll","background-type":"","background-media":"","overlay-type":"","overlay-color":"","overlay-opacity":"","overlay-gradient":""},"tablet":{"background-color":"","background-image":"","background-repeat":"repeat","background-position":"center center","background-size":"auto","background-attachment":"scroll","background-type":"","background-media":"","overlay-type":"","overlay-color":"","overlay-opacity":"","overlay-gradient":""},"mobile":{"background-color":"","background-image":"","background-repeat":"repeat","background-position":"center center","background-size":"auto","background-attachment":"scroll","background-type":"","background-media":"","overlay-type":"","overlay-color":"","overlay-opacity":"","overlay-gradient":""}},"ast-content-background-meta":{"desktop":{"background-color":"var(--ast-global-color-4)","background-image":"","background-repeat":"repeat","background-position":"center center","background-size":"auto","background-attachment":"scroll","background-type":"","background-media":"","overlay-type":"","overlay-color":"","overlay-opacity":"","overlay-gradient":""},"tablet":{"background-color":"var(--ast-global-color-4)","background-image":"","background-repeat":"repeat","background-position":"center center","background-size":"auto","background-attachment":"scroll","background-type":"","background-media":"","overlay-type":"","overlay-color":"","overlay-opacity":"","overlay-gradient":""},"mobile":{"background-color":"var(--ast-global-color-4)","background-image":"","background-repeat":"repeat","background-position":"center center","background-size":"auto","background-attachment":"scroll","background-type":"","background-media":"","overlay-type":"","overlay-color":"","overlay-opacity":"","overlay-gradient":""}}},"product_brand":[],"product_cat":[9862,174,57],"product_tag":[4237,8675,8674,2901,2376,8266,5812,2439,3002],"class_list":{"0":"post-20859","1":"product","2":"type-product","3":"status-publish","4":"has-post-thumbnail","6":"product_cat-lietuvos-istorija","7":"product_cat-istorija-ir-politologija","8":"product_cat-menas-ir-albumai","9":"product_tag-aktoriai","10":"product_tag-burelis","11":"product_tag-dalia-cidzikaite","12":"product_tag-drama","13":"product_tag-kultura","14":"product_tag-lietuvos-menas","15":"product_tag-pedagogika","16":"product_tag-prisiminimai","17":"product_tag-teatras","18":"desktop-align-left","19":"tablet-align-left","20":"mobile-align-left","22":"first","23":"instock","24":"shipping-taxable","25":"purchasable","26":"product-type-simple"},"acf":[],"yoast_head":"<!-- This site is optimized with the Yoast SEO plugin v27.0 - https:\/\/yoast.com\/product\/yoast-seo-wordpress\/ -->\n<title>Elementorius. Legendinis dramos b\u016brelis ant Tauro kalno<\/title>\n<meta name=\"description\" content=\"Devynios \u201eSidabrin\u0117s gerv\u0117s&quot;, dvide\u0161imt vienas \u201eAuksinis scenos kry\u017eius&quot;, trys Lietuvos nacionalin\u0117s kult\u016bros ir meno premijos ir daug kit\u0173 apdovanojim\u0173.\" \/>\n<meta name=\"robots\" content=\"index, follow, max-snippet:-1, max-image-preview:large, max-video-preview:-1\" \/>\n<link rel=\"canonical\" href=\"https:\/\/skaitytaknyga.lt\/en\/produktas\/elementorius-legendinis-dramos-burelis-ant-tauro-kalno\/\" \/>\n<meta property=\"og:locale\" content=\"en_GB\" \/>\n<meta property=\"og:locale:alternate\" content=\"lt_LT\" \/>\n<meta property=\"og:type\" content=\"article\" \/>\n<meta property=\"og:title\" content=\"Elementorius. Legendinis dramos b\u016brelis ant Tauro kalno\" \/>\n<meta property=\"og:description\" content=\"Devynios \u201eSidabrin\u0117s gerv\u0117s&quot;, dvide\u0161imt vienas \u201eAuksinis scenos kry\u017eius&quot;, trys Lietuvos nacionalin\u0117s kult\u016bros ir meno premijos ir daug kit\u0173 apdovanojim\u0173.\" \/>\n<meta property=\"og:url\" content=\"https:\/\/skaitytaknyga.lt\/en\/produktas\/elementorius-legendinis-dramos-burelis-ant-tauro-kalno\/\" \/>\n<meta property=\"og:site_name\" content=\"Skaitytaknyga\" \/>\n<meta property=\"article:publisher\" content=\"https:\/\/www.facebook.com\/skaitytaknyga\/\" \/>\n<meta property=\"article:modified_time\" content=\"2026-03-18T18:03:23+00:00\" \/>\n<meta property=\"og:image\" content=\"https:\/\/skaitytaknyga.lt\/wp-content\/uploads\/2025\/09\/elementorius-1.webp\" \/>\n\t<meta property=\"og:image:width\" content=\"167\" \/>\n\t<meta property=\"og:image:height\" content=\"270\" \/>\n\t<meta property=\"og:image:type\" content=\"image\/webp\" \/>\n<meta name=\"twitter:card\" content=\"summary_large_image\" \/>\n<meta name=\"twitter:label1\" content=\"Estimated reading time\" \/>\n\t<meta name=\"twitter:data1\" content=\"1 minute\" \/>\n<script type=\"application\/ld+json\" class=\"yoast-schema-graph\">{\"@context\":\"https:\/\/schema.org\",\"@graph\":[{\"@type\":\"WebPage\",\"@id\":\"https:\/\/skaitytaknyga.lt\/produktas\/elementorius-legendinis-dramos-burelis-ant-tauro-kalno\/\",\"url\":\"https:\/\/skaitytaknyga.lt\/produktas\/elementorius-legendinis-dramos-burelis-ant-tauro-kalno\/\",\"name\":\"Elementorius. Legendinis dramos b\u016brelis ant Tauro kalno\",\"isPartOf\":{\"@id\":\"https:\/\/skaitytaknyga.lt\/#website\"},\"primaryImageOfPage\":{\"@id\":\"https:\/\/skaitytaknyga.lt\/produktas\/elementorius-legendinis-dramos-burelis-ant-tauro-kalno\/#primaryimage\"},\"image\":{\"@id\":\"https:\/\/skaitytaknyga.lt\/produktas\/elementorius-legendinis-dramos-burelis-ant-tauro-kalno\/#primaryimage\"},\"thumbnailUrl\":\"https:\/\/skaitytaknyga.lt\/wp-content\/uploads\/2025\/09\/elementorius-1.webp\",\"datePublished\":\"2025-09-17T15:59:39+00:00\",\"dateModified\":\"2026-03-18T18:03:23+00:00\",\"description\":\"Devynios \u201eSidabrin\u0117s gerv\u0117s\\\", dvide\u0161imt vienas \u201eAuksinis scenos kry\u017eius\\\", trys Lietuvos nacionalin\u0117s kult\u016bros ir meno premijos ir daug kit\u0173 apdovanojim\u0173.\",\"breadcrumb\":{\"@id\":\"https:\/\/skaitytaknyga.lt\/produktas\/elementorius-legendinis-dramos-burelis-ant-tauro-kalno\/#breadcrumb\"},\"inLanguage\":\"en-GB\",\"potentialAction\":[{\"@type\":\"ReadAction\",\"target\":[\"https:\/\/skaitytaknyga.lt\/produktas\/elementorius-legendinis-dramos-burelis-ant-tauro-kalno\/\"]}]},{\"@type\":\"ImageObject\",\"inLanguage\":\"en-GB\",\"@id\":\"https:\/\/skaitytaknyga.lt\/produktas\/elementorius-legendinis-dramos-burelis-ant-tauro-kalno\/#primaryimage\",\"url\":\"https:\/\/skaitytaknyga.lt\/wp-content\/uploads\/2025\/09\/elementorius-1.webp\",\"contentUrl\":\"https:\/\/skaitytaknyga.lt\/wp-content\/uploads\/2025\/09\/elementorius-1.webp\",\"width\":167,\"height\":270,\"caption\":\"Elementorius\"},{\"@type\":\"BreadcrumbList\",\"@id\":\"https:\/\/skaitytaknyga.lt\/produktas\/elementorius-legendinis-dramos-burelis-ant-tauro-kalno\/#breadcrumb\",\"itemListElement\":[{\"@type\":\"ListItem\",\"position\":1,\"name\":\"Home\",\"item\":\"https:\/\/skaitytaknyga.lt\/\"},{\"@type\":\"ListItem\",\"position\":2,\"name\":\"Parduotuv\u0117\",\"item\":\"https:\/\/skaitytaknyga.lt\/knygu-parduotuve\/\"},{\"@type\":\"ListItem\",\"position\":3,\"name\":\"Elementorius. Legendinis dramos b\u016brelis ant Tauro kalno\"}]},{\"@type\":\"WebSite\",\"@id\":\"https:\/\/skaitytaknyga.lt\/#website\",\"url\":\"https:\/\/skaitytaknyga.lt\/\",\"name\":\"skaitytaknyga.lt\",\"description\":\"Skaitytaknyga.lt \u2013 tai ma\u017eas \u0161eimos verslas, kuris prasid\u0117jo nuo meil\u0117s knygoms ir siekio i\u0161gelb\u0117ti knygas nuo likimo prie konteinerio. Kas vienam nereikalingas daiktas \u2013 kitam lobis, o mes esame tarpininkai, kurie padeda abiems tapti laimingesniems ???? \u017dinome kaip nelengva i\u0161gyventi ma\u017eiems verslams, tad nuo \u0161iol, \u010dia rasite ir kit\u0173, ma\u017e\u0173 \u0161eim\u0173 versl\u0173, rank\u0173 darbo, dovan\u0173 sau ir artimiesiems.\",\"publisher\":{\"@id\":\"https:\/\/skaitytaknyga.lt\/#organization\"},\"potentialAction\":[{\"@type\":\"SearchAction\",\"target\":{\"@type\":\"EntryPoint\",\"urlTemplate\":\"https:\/\/skaitytaknyga.lt\/?s={search_term_string}\"},\"query-input\":{\"@type\":\"PropertyValueSpecification\",\"valueRequired\":true,\"valueName\":\"search_term_string\"}}],\"inLanguage\":\"en-GB\"},{\"@type\":\"Organization\",\"@id\":\"https:\/\/skaitytaknyga.lt\/#organization\",\"name\":\"skaitytaknyga.lt\",\"url\":\"https:\/\/skaitytaknyga.lt\/\",\"logo\":{\"@type\":\"ImageObject\",\"inLanguage\":\"en-GB\",\"@id\":\"https:\/\/skaitytaknyga.lt\/#\/schema\/logo\/image\/\",\"url\":\"https:\/\/skaitytaknyga.lt\/wp-content\/uploads\/2024\/05\/cropped-cropped-cropped-02_00843_jt3bggkj1j3HLc7SyY6rEUpg.jpeg\",\"contentUrl\":\"https:\/\/skaitytaknyga.lt\/wp-content\/uploads\/2024\/05\/cropped-cropped-cropped-02_00843_jt3bggkj1j3HLc7SyY6rEUpg.jpeg\",\"width\":1600,\"height\":1600,\"caption\":\"skaitytaknyga.lt\"},\"image\":{\"@id\":\"https:\/\/skaitytaknyga.lt\/#\/schema\/logo\/image\/\"},\"sameAs\":[\"https:\/\/www.facebook.com\/skaitytaknyga\/\"]}]}<\/script>\n<!-- \/ Yoast SEO plugin. -->","yoast_head_json":{"title":"Elementorius. Legendinis dramos b\u016brelis ant Tauro kalno","description":"Devynios \u201eSidabrin\u0117s gerv\u0117s\", dvide\u0161imt vienas \u201eAuksinis scenos kry\u017eius\", trys Lietuvos nacionalin\u0117s kult\u016bros ir meno premijos ir daug kit\u0173 apdovanojim\u0173.","robots":{"index":"index","follow":"follow","max-snippet":"max-snippet:-1","max-image-preview":"max-image-preview:large","max-video-preview":"max-video-preview:-1"},"canonical":"https:\/\/skaitytaknyga.lt\/en\/produktas\/elementorius-legendinis-dramos-burelis-ant-tauro-kalno\/","og_locale":"en_GB","og_type":"article","og_title":"[:lt]Elementorius. Legendinis dramos b\u016brelis ant Tauro kalno[:] - Skaitytaknyga","og_description":"Devynios \u201eSidabrin\u0117s gerv\u0117s\", dvide\u0161imt vienas \u201eAuksinis scenos kry\u017eius\", trys Lietuvos nacionalin\u0117s kult\u016bros ir meno premijos ir daug kit\u0173 apdovanojim\u0173.","og_url":"https:\/\/skaitytaknyga.lt\/en\/produktas\/elementorius-legendinis-dramos-burelis-ant-tauro-kalno\/","og_site_name":"Skaitytaknyga","article_publisher":"https:\/\/www.facebook.com\/skaitytaknyga\/","article_modified_time":"2026-03-18T18:03:23+00:00","og_image":[{"width":167,"height":270,"url":"https:\/\/skaitytaknyga.lt\/wp-content\/uploads\/2025\/09\/elementorius-1.webp","type":"image\/webp"}],"twitter_card":"summary_large_image","twitter_misc":{"Estimated reading time":"1 minute"},"schema":{"@context":"https:\/\/schema.org","@graph":[{"@type":"WebPage","@id":"https:\/\/skaitytaknyga.lt\/produktas\/elementorius-legendinis-dramos-burelis-ant-tauro-kalno\/","url":"https:\/\/skaitytaknyga.lt\/produktas\/elementorius-legendinis-dramos-burelis-ant-tauro-kalno\/","name":"Elementorius. Legendinis dramos b\u016brelis ant Tauro kalno","isPartOf":{"@id":"https:\/\/skaitytaknyga.lt\/#website"},"primaryImageOfPage":{"@id":"https:\/\/skaitytaknyga.lt\/produktas\/elementorius-legendinis-dramos-burelis-ant-tauro-kalno\/#primaryimage"},"image":{"@id":"https:\/\/skaitytaknyga.lt\/produktas\/elementorius-legendinis-dramos-burelis-ant-tauro-kalno\/#primaryimage"},"thumbnailUrl":"https:\/\/skaitytaknyga.lt\/wp-content\/uploads\/2025\/09\/elementorius-1.webp","datePublished":"2025-09-17T15:59:39+00:00","dateModified":"2026-03-18T18:03:23+00:00","description":"Devynios \u201eSidabrin\u0117s gerv\u0117s\", dvide\u0161imt vienas \u201eAuksinis scenos kry\u017eius\", trys Lietuvos nacionalin\u0117s kult\u016bros ir meno premijos ir daug kit\u0173 apdovanojim\u0173.","breadcrumb":{"@id":"https:\/\/skaitytaknyga.lt\/produktas\/elementorius-legendinis-dramos-burelis-ant-tauro-kalno\/#breadcrumb"},"inLanguage":"en-GB","potentialAction":[{"@type":"ReadAction","target":["https:\/\/skaitytaknyga.lt\/produktas\/elementorius-legendinis-dramos-burelis-ant-tauro-kalno\/"]}]},{"@type":"ImageObject","inLanguage":"en-GB","@id":"https:\/\/skaitytaknyga.lt\/produktas\/elementorius-legendinis-dramos-burelis-ant-tauro-kalno\/#primaryimage","url":"https:\/\/skaitytaknyga.lt\/wp-content\/uploads\/2025\/09\/elementorius-1.webp","contentUrl":"https:\/\/skaitytaknyga.lt\/wp-content\/uploads\/2025\/09\/elementorius-1.webp","width":167,"height":270,"caption":"Elementorius"},{"@type":"BreadcrumbList","@id":"https:\/\/skaitytaknyga.lt\/produktas\/elementorius-legendinis-dramos-burelis-ant-tauro-kalno\/#breadcrumb","itemListElement":[{"@type":"ListItem","position":1,"name":"Home","item":"https:\/\/skaitytaknyga.lt\/"},{"@type":"ListItem","position":2,"name":"Parduotuv\u0117","item":"https:\/\/skaitytaknyga.lt\/knygu-parduotuve\/"},{"@type":"ListItem","position":3,"name":"Elementorius. Legendinis dramos b\u016brelis ant Tauro kalno"}]},{"@type":"WebSite","@id":"https:\/\/skaitytaknyga.lt\/#website","url":"https:\/\/skaitytaknyga.lt\/","name":"skaitytaknyga.lt","description":"Skaitytaknyga.lt \u2013 tai ma\u017eas \u0161eimos verslas, kuris prasid\u0117jo nuo meil\u0117s knygoms ir siekio i\u0161gelb\u0117ti knygas nuo likimo prie konteinerio. Kas vienam nereikalingas daiktas \u2013 kitam lobis, o mes esame tarpininkai, kurie padeda abiems tapti laimingesniems ???? \u017dinome kaip nelengva i\u0161gyventi ma\u017eiems verslams, tad nuo \u0161iol, \u010dia rasite ir kit\u0173, ma\u017e\u0173 \u0161eim\u0173 versl\u0173, rank\u0173 darbo, dovan\u0173 sau ir artimiesiems.","publisher":{"@id":"https:\/\/skaitytaknyga.lt\/#organization"},"potentialAction":[{"@type":"SearchAction","target":{"@type":"EntryPoint","urlTemplate":"https:\/\/skaitytaknyga.lt\/?s={search_term_string}"},"query-input":{"@type":"PropertyValueSpecification","valueRequired":true,"valueName":"search_term_string"}}],"inLanguage":"en-GB"},{"@type":"Organization","@id":"https:\/\/skaitytaknyga.lt\/#organization","name":"skaitytaknyga.lt","url":"https:\/\/skaitytaknyga.lt\/","logo":{"@type":"ImageObject","inLanguage":"en-GB","@id":"https:\/\/skaitytaknyga.lt\/#\/schema\/logo\/image\/","url":"https:\/\/skaitytaknyga.lt\/wp-content\/uploads\/2024\/05\/cropped-cropped-cropped-02_00843_jt3bggkj1j3HLc7SyY6rEUpg.jpeg","contentUrl":"https:\/\/skaitytaknyga.lt\/wp-content\/uploads\/2024\/05\/cropped-cropped-cropped-02_00843_jt3bggkj1j3HLc7SyY6rEUpg.jpeg","width":1600,"height":1600,"caption":"skaitytaknyga.lt"},"image":{"@id":"https:\/\/skaitytaknyga.lt\/#\/schema\/logo\/image\/"},"sameAs":["https:\/\/www.facebook.com\/skaitytaknyga\/"]}]}},"_links":{"self":[{"href":"https:\/\/skaitytaknyga.lt\/en\/wp-json\/wp\/v2\/product\/20859","targetHints":{"allow":["GET"]}}],"collection":[{"href":"https:\/\/skaitytaknyga.lt\/en\/wp-json\/wp\/v2\/product"}],"about":[{"href":"https:\/\/skaitytaknyga.lt\/en\/wp-json\/wp\/v2\/types\/product"}],"replies":[{"embeddable":true,"href":"https:\/\/skaitytaknyga.lt\/en\/wp-json\/wp\/v2\/comments?post=20859"}],"wp:featuredmedia":[{"embeddable":true,"href":"https:\/\/skaitytaknyga.lt\/en\/wp-json\/wp\/v2\/media\/20863"}],"wp:attachment":[{"href":"https:\/\/skaitytaknyga.lt\/en\/wp-json\/wp\/v2\/media?parent=20859"}],"wp:term":[{"taxonomy":"product_brand","embeddable":true,"href":"https:\/\/skaitytaknyga.lt\/en\/wp-json\/wp\/v2\/product_brand?post=20859"},{"taxonomy":"product_cat","embeddable":true,"href":"https:\/\/skaitytaknyga.lt\/en\/wp-json\/wp\/v2\/product_cat?post=20859"},{"taxonomy":"product_tag","embeddable":true,"href":"https:\/\/skaitytaknyga.lt\/en\/wp-json\/wp\/v2\/product_tag?post=20859"}],"curies":[{"name":"wp","href":"https:\/\/api.w.org\/{rel}","templated":true}]}}