{"id":20858,"date":"2025-09-17T18:59:39","date_gmt":"2025-09-17T15:59:39","guid":{"rendered":"https:\/\/skaitytaknyga.lt\/?post_type=product&#038;p=20858"},"modified":"2025-10-06T13:05:41","modified_gmt":"2025-10-06T10:05:41","slug":"mergele-mergina-vadovavusi-armijai-pavaldine-karunavusi-karaliu-mergele-vi-rtusi-legenda","status":"publish","type":"product","link":"https:\/\/skaitytaknyga.lt\/en\/produktas\/mergele-mergina-vadovavusi-armijai-pavaldine-karunavusi-karaliu-mergele-vi-rtusi-legenda\/","title":{"rendered":"Mergel\u0117. Mergina, vadovavusi armijai. Pavaldin\u0117, kar\u016bnavusi karali\u0173. Mergel\u0117, vi rtusi legenda"},"content":{"rendered":"<p>\u017danos D\u2019Ark, ai\u0161kiareg\u0117s ir \u0161ventosios, tik\u0117jusios, kad yra i\u0161rinkta Dievo, vedusios pranc\u016bz\u0173 kariuomen\u0119 ir i\u0161vadavusios \u0161al\u012f nuo okupant\u0173, v\u0117liau jiems parduotos u\u017e 10 000 auksini\u0173 skud\u0173 ir sudegintos ant lau\u017eo, istorija kursto m\u016bs\u0173 vaizduot\u0119 jau penkis \u0161imtus met\u0173.<\/p>\n<p>Vis d\u0117lto ma\u017eai kam \u017einoma, kaip mergait\u0117, kurios seser\u012f nu\u017eud\u0117 anglai, siek\u0117 pab\u0117gti nuo despoto t\u0117vo ir priverstini\u0173 vedyb\u0173, i\u0161moko jodin\u0117ti ir kautis, atrado dr\u0105sos bei atkaklumo \u012ftikinti vien\u0105, paskui antr\u0105, dar v\u0117liau \u2013 t\u016bkstan\u010dius eiti su ja. Mergel\u0117 \u2013 nuo istorin\u0117s tiesos nenutolstantis, netik\u0117tai jaudinantis bei sukre\u010diantis pasakojimas apie vald\u017ei\u0105 ir tik\u0117jimo trapum\u0105, apie \u0161lov\u0119, i\u0161auk\u0161tinan\u010di\u0105 ir sunaikinan\u010di\u0105, apie meil\u0119, nesudegan\u010di\u0105 ant lau\u017eo ir \u0161ildan\u010di\u0105 \u0161irdis po pus\u0117s t\u016bkstan\u010dio met\u0173.<\/p>\n","protected":false},"excerpt":{"rendered":"<p>\u017danos D\u2019Ark, ai\u0161kiareg\u0117s ir \u0161ventosios, tik\u0117jusios, kad yra i\u0161rinkta Dievo, vedusios pranc\u016bz\u0173 kariuomen\u0119 ir i\u0161vadavusios \u0161al\u012f nuo okupant\u0173, v\u0117liau jiems parduotos u\u017e 10 000 auksini\u0173 skud\u0173 ir sudegintos ant lau\u017eo, istorija kursto m\u016bs\u0173 vaizduot\u0119 jau penkis \u0161imtus met\u0173. Vis d\u0117lto ma\u017eai kam \u017einoma, kaip mergait\u0117, kurios seser\u012f nu\u017eud\u0117 anglai, siek\u0117 pab\u0117gti nuo despoto t\u0117vo ir priverstini\u0173 vedyb\u0173, i\u0161moko jodin\u0117ti ir kautis, atrado dr\u0105sos bei atkaklumo \u012ftikinti vien\u0105, paskui antr\u0105, dar v\u0117liau \u2013 t\u016bkstan\u010dius eiti su ja. Mergel\u0117 \u2013 nuo istorin\u0117s tiesos nenutolstantis, netik\u0117tai jaudinantis bei sukre\u010diantis pasakojimas apie vald\u017ei\u0105 ir tik\u0117jimo trapum\u0105, apie \u0161lov\u0119, i\u0161auk\u0161tinan\u010di\u0105 ir sunaikinan\u010di\u0105, apie meil\u0119, nesudegan\u010di\u0105 ant lau\u017eo ir \u0161ildan\u010di\u0105 \u0161irdis po pus\u0117s t\u016bkstan\u010dio met\u0173.<\/p>\n","protected":false},"featured_media":20864,"comment_status":"open","ping_status":"closed","template":"","meta":{"_acf_changed":false,"site-sidebar-layout":"default","site-content-layout":"","ast-site-content-layout":"default","site-content-style":"default","site-sidebar-style":"default","ast-global-header-display":"","ast-banner-title-visibility":"","ast-main-header-display":"","ast-hfb-above-header-display":"","ast-hfb-below-header-display":"","ast-hfb-mobile-header-display":"","site-post-title":"","ast-breadcrumbs-content":"","ast-featured-img":"","footer-sml-layout":"","ast-disable-related-posts":"","theme-transparent-header-meta":"","adv-header-id-meta":"","stick-header-meta":"","header-above-stick-meta":"","header-main-stick-meta":"","header-below-stick-meta":"","astra-migrate-meta-layouts":"default","ast-page-background-enabled":"default","ast-page-background-meta":{"desktop":{"background-color":"","background-image":"","background-repeat":"repeat","background-position":"center center","background-size":"auto","background-attachment":"scroll","background-type":"","background-media":"","overlay-type":"","overlay-color":"","overlay-opacity":"","overlay-gradient":""},"tablet":{"background-color":"","background-image":"","background-repeat":"repeat","background-position":"center center","background-size":"auto","background-attachment":"scroll","background-type":"","background-media":"","overlay-type":"","overlay-color":"","overlay-opacity":"","overlay-gradient":""},"mobile":{"background-color":"","background-image":"","background-repeat":"repeat","background-position":"center center","background-size":"auto","background-attachment":"scroll","background-type":"","background-media":"","overlay-type":"","overlay-color":"","overlay-opacity":"","overlay-gradient":""}},"ast-content-background-meta":{"desktop":{"background-color":"var(--ast-global-color-4)","background-image":"","background-repeat":"repeat","background-position":"center center","background-size":"auto","background-attachment":"scroll","background-type":"","background-media":"","overlay-type":"","overlay-color":"","overlay-opacity":"","overlay-gradient":""},"tablet":{"background-color":"var(--ast-global-color-4)","background-image":"","background-repeat":"repeat","background-position":"center center","background-size":"auto","background-attachment":"scroll","background-type":"","background-media":"","overlay-type":"","overlay-color":"","overlay-opacity":"","overlay-gradient":""},"mobile":{"background-color":"var(--ast-global-color-4)","background-image":"","background-repeat":"repeat","background-position":"center center","background-size":"auto","background-attachment":"scroll","background-type":"","background-media":"","overlay-type":"","overlay-color":"","overlay-opacity":"","overlay-gradient":""}}},"product_brand":[],"product_cat":[31],"product_tag":[2056,2069,8673,8671,7147,1796,1581,8672],"class_list":{"0":"post-20858","1":"product","2":"type-product","3":"status-publish","4":"has-post-thumbnail","6":"product_cat-grozine-literatura","7":"product_tag-drasa","8":"product_tag-istorinis-romanas","9":"product_tag-karine-strategija","10":"product_tag-kimberly-cutter","11":"product_tag-legenda","12":"product_tag-meile","13":"product_tag-tikejimas","14":"product_tag-zana-dark","15":"desktop-align-left","16":"tablet-align-left","17":"mobile-align-left","19":"first","20":"instock","21":"shipping-taxable","22":"purchasable","23":"product-type-simple"},"acf":[],"yoast_head":"<!-- This site is optimized with the Yoast SEO plugin v27.0 - https:\/\/yoast.com\/product\/yoast-seo-wordpress\/ -->\n<title>Mergel\u0117. Mergina, vadovavusi armijai. Pavaldin\u0117, kar\u016bnavusi karali\u0173. Mergel\u0117, vi rtusi legenda<\/title>\n<meta name=\"description\" content=\"\u017danos D\u2019Ark, ai\u0161kiareg\u0117s ir \u0161ventosios, tik\u0117jusios, kad yra i\u0161rinkta Dievo, vedusios pranc\u016bz\u0173 kariuomen\u0119 ir i\u0161vadavusios \u0161al\u012f nuo okupant\u0173, v\u0117liau jiems\" \/>\n<meta name=\"robots\" content=\"index, follow, max-snippet:-1, max-image-preview:large, max-video-preview:-1\" \/>\n<link rel=\"canonical\" href=\"https:\/\/skaitytaknyga.lt\/en\/produktas\/mergele-mergina-vadovavusi-armijai-pavaldine-karunavusi-karaliu-mergele-vi-rtusi-legenda\/\" \/>\n<meta property=\"og:locale\" content=\"en_GB\" \/>\n<meta property=\"og:locale:alternate\" content=\"lt_LT\" \/>\n<meta property=\"og:type\" content=\"article\" \/>\n<meta property=\"og:title\" content=\"Mergel\u0117. Mergina, vadovavusi armijai. Pavaldin\u0117, kar\u016bnavusi karali\u0173. Mergel\u0117, vi rtusi legenda\" \/>\n<meta property=\"og:description\" content=\"\u017danos D\u2019Ark, ai\u0161kiareg\u0117s ir \u0161ventosios, tik\u0117jusios, kad yra i\u0161rinkta Dievo, vedusios pranc\u016bz\u0173 kariuomen\u0119 ir i\u0161vadavusios \u0161al\u012f nuo okupant\u0173, v\u0117liau jiems\" \/>\n<meta property=\"og:url\" content=\"https:\/\/skaitytaknyga.lt\/en\/produktas\/mergele-mergina-vadovavusi-armijai-pavaldine-karunavusi-karaliu-mergele-vi-rtusi-legenda\/\" \/>\n<meta property=\"og:site_name\" content=\"Skaitytaknyga\" \/>\n<meta property=\"article:publisher\" content=\"https:\/\/www.facebook.com\/skaitytaknyga\/\" \/>\n<meta property=\"article:modified_time\" content=\"2025-10-06T10:05:41+00:00\" \/>\n<meta property=\"og:image\" content=\"https:\/\/skaitytaknyga.lt\/wp-content\/uploads\/2025\/09\/Mergele.-Mergina-vadovavusi-armijai.-Pavaldine-karunavusi-karaliu.-Mergele-vi-rtusi-legenda.webp\" \/>\n\t<meta property=\"og:image:width\" content=\"431\" \/>\n\t<meta property=\"og:image:height\" content=\"575\" \/>\n\t<meta property=\"og:image:type\" content=\"image\/webp\" \/>\n<meta name=\"twitter:card\" content=\"summary_large_image\" \/>\n<meta name=\"twitter:label1\" content=\"Estimated reading time\" \/>\n\t<meta name=\"twitter:data1\" content=\"1 minute\" \/>\n<script type=\"application\/ld+json\" class=\"yoast-schema-graph\">{\"@context\":\"https:\/\/schema.org\",\"@graph\":[{\"@type\":\"WebPage\",\"@id\":\"https:\/\/skaitytaknyga.lt\/produktas\/mergele-mergina-vadovavusi-armijai-pavaldine-karunavusi-karaliu-mergele-vi-rtusi-legenda\/\",\"url\":\"https:\/\/skaitytaknyga.lt\/produktas\/mergele-mergina-vadovavusi-armijai-pavaldine-karunavusi-karaliu-mergele-vi-rtusi-legenda\/\",\"name\":\"Mergel\u0117. Mergina, vadovavusi armijai. Pavaldin\u0117, kar\u016bnavusi karali\u0173. Mergel\u0117, vi rtusi legenda\",\"isPartOf\":{\"@id\":\"https:\/\/skaitytaknyga.lt\/#website\"},\"primaryImageOfPage\":{\"@id\":\"https:\/\/skaitytaknyga.lt\/produktas\/mergele-mergina-vadovavusi-armijai-pavaldine-karunavusi-karaliu-mergele-vi-rtusi-legenda\/#primaryimage\"},\"image\":{\"@id\":\"https:\/\/skaitytaknyga.lt\/produktas\/mergele-mergina-vadovavusi-armijai-pavaldine-karunavusi-karaliu-mergele-vi-rtusi-legenda\/#primaryimage\"},\"thumbnailUrl\":\"https:\/\/skaitytaknyga.lt\/wp-content\/uploads\/2025\/09\/Mergele.-Mergina-vadovavusi-armijai.-Pavaldine-karunavusi-karaliu.-Mergele-vi-rtusi-legenda.webp\",\"datePublished\":\"2025-09-17T15:59:39+00:00\",\"dateModified\":\"2025-10-06T10:05:41+00:00\",\"description\":\"\u017danos D\u2019Ark, ai\u0161kiareg\u0117s ir \u0161ventosios, tik\u0117jusios, kad yra i\u0161rinkta Dievo, vedusios pranc\u016bz\u0173 kariuomen\u0119 ir i\u0161vadavusios \u0161al\u012f nuo okupant\u0173, v\u0117liau jiems\",\"breadcrumb\":{\"@id\":\"https:\/\/skaitytaknyga.lt\/produktas\/mergele-mergina-vadovavusi-armijai-pavaldine-karunavusi-karaliu-mergele-vi-rtusi-legenda\/#breadcrumb\"},\"inLanguage\":\"en-GB\",\"potentialAction\":[{\"@type\":\"ReadAction\",\"target\":[\"https:\/\/skaitytaknyga.lt\/produktas\/mergele-mergina-vadovavusi-armijai-pavaldine-karunavusi-karaliu-mergele-vi-rtusi-legenda\/\"]}]},{\"@type\":\"ImageObject\",\"inLanguage\":\"en-GB\",\"@id\":\"https:\/\/skaitytaknyga.lt\/produktas\/mergele-mergina-vadovavusi-armijai-pavaldine-karunavusi-karaliu-mergele-vi-rtusi-legenda\/#primaryimage\",\"url\":\"https:\/\/skaitytaknyga.lt\/wp-content\/uploads\/2025\/09\/Mergele.-Mergina-vadovavusi-armijai.-Pavaldine-karunavusi-karaliu.-Mergele-vi-rtusi-legenda.webp\",\"contentUrl\":\"https:\/\/skaitytaknyga.lt\/wp-content\/uploads\/2025\/09\/Mergele.-Mergina-vadovavusi-armijai.-Pavaldine-karunavusi-karaliu.-Mergele-vi-rtusi-legenda.webp\",\"width\":431,\"height\":575,\"caption\":\"Mergel\u0117. Mergina, vadovavusi armijai. Pavaldin\u0117, kar\u016bnavusi karali\u0173. Mergel\u0117, vi rtusi legenda\"},{\"@type\":\"BreadcrumbList\",\"@id\":\"https:\/\/skaitytaknyga.lt\/produktas\/mergele-mergina-vadovavusi-armijai-pavaldine-karunavusi-karaliu-mergele-vi-rtusi-legenda\/#breadcrumb\",\"itemListElement\":[{\"@type\":\"ListItem\",\"position\":1,\"name\":\"Home\",\"item\":\"https:\/\/skaitytaknyga.lt\/\"},{\"@type\":\"ListItem\",\"position\":2,\"name\":\"Parduotuv\u0117\",\"item\":\"https:\/\/skaitytaknyga.lt\/knygu-parduotuve\/\"},{\"@type\":\"ListItem\",\"position\":3,\"name\":\"Mergel\u0117. Mergina, vadovavusi armijai. Pavaldin\u0117, kar\u016bnavusi karali\u0173. Mergel\u0117, vi rtusi legenda\"}]},{\"@type\":\"WebSite\",\"@id\":\"https:\/\/skaitytaknyga.lt\/#website\",\"url\":\"https:\/\/skaitytaknyga.lt\/\",\"name\":\"skaitytaknyga.lt\",\"description\":\"Skaitytaknyga.lt \u2013 tai ma\u017eas \u0161eimos verslas, kuris prasid\u0117jo nuo meil\u0117s knygoms ir siekio i\u0161gelb\u0117ti knygas nuo likimo prie konteinerio. Kas vienam nereikalingas daiktas \u2013 kitam lobis, o mes esame tarpininkai, kurie padeda abiems tapti laimingesniems ???? \u017dinome kaip nelengva i\u0161gyventi ma\u017eiems verslams, tad nuo \u0161iol, \u010dia rasite ir kit\u0173, ma\u017e\u0173 \u0161eim\u0173 versl\u0173, rank\u0173 darbo, dovan\u0173 sau ir artimiesiems.\",\"publisher\":{\"@id\":\"https:\/\/skaitytaknyga.lt\/#organization\"},\"potentialAction\":[{\"@type\":\"SearchAction\",\"target\":{\"@type\":\"EntryPoint\",\"urlTemplate\":\"https:\/\/skaitytaknyga.lt\/?s={search_term_string}\"},\"query-input\":{\"@type\":\"PropertyValueSpecification\",\"valueRequired\":true,\"valueName\":\"search_term_string\"}}],\"inLanguage\":\"en-GB\"},{\"@type\":\"Organization\",\"@id\":\"https:\/\/skaitytaknyga.lt\/#organization\",\"name\":\"skaitytaknyga.lt\",\"url\":\"https:\/\/skaitytaknyga.lt\/\",\"logo\":{\"@type\":\"ImageObject\",\"inLanguage\":\"en-GB\",\"@id\":\"https:\/\/skaitytaknyga.lt\/#\/schema\/logo\/image\/\",\"url\":\"https:\/\/skaitytaknyga.lt\/wp-content\/uploads\/2024\/05\/cropped-cropped-cropped-02_00843_jt3bggkj1j3HLc7SyY6rEUpg.jpeg\",\"contentUrl\":\"https:\/\/skaitytaknyga.lt\/wp-content\/uploads\/2024\/05\/cropped-cropped-cropped-02_00843_jt3bggkj1j3HLc7SyY6rEUpg.jpeg\",\"width\":1600,\"height\":1600,\"caption\":\"skaitytaknyga.lt\"},\"image\":{\"@id\":\"https:\/\/skaitytaknyga.lt\/#\/schema\/logo\/image\/\"},\"sameAs\":[\"https:\/\/www.facebook.com\/skaitytaknyga\/\"]}]}<\/script>\n<!-- \/ Yoast SEO plugin. -->","yoast_head_json":{"title":"Mergel\u0117. Mergina, vadovavusi armijai. Pavaldin\u0117, kar\u016bnavusi karali\u0173. Mergel\u0117, vi rtusi legenda","description":"\u017danos D\u2019Ark, ai\u0161kiareg\u0117s ir \u0161ventosios, tik\u0117jusios, kad yra i\u0161rinkta Dievo, vedusios pranc\u016bz\u0173 kariuomen\u0119 ir i\u0161vadavusios \u0161al\u012f nuo okupant\u0173, v\u0117liau jiems","robots":{"index":"index","follow":"follow","max-snippet":"max-snippet:-1","max-image-preview":"max-image-preview:large","max-video-preview":"max-video-preview:-1"},"canonical":"https:\/\/skaitytaknyga.lt\/en\/produktas\/mergele-mergina-vadovavusi-armijai-pavaldine-karunavusi-karaliu-mergele-vi-rtusi-legenda\/","og_locale":"en_GB","og_type":"article","og_title":"[:lt]Mergel\u0117. Mergina, vadovavusi armijai. Pavaldin\u0117, kar\u016bnavusi karali\u0173. Mergel\u0117, vi rtusi legenda[:] - Skaitytaknyga","og_description":"\u017danos D\u2019Ark, ai\u0161kiareg\u0117s ir \u0161ventosios, tik\u0117jusios, kad yra i\u0161rinkta Dievo, vedusios pranc\u016bz\u0173 kariuomen\u0119 ir i\u0161vadavusios \u0161al\u012f nuo okupant\u0173, v\u0117liau jiems","og_url":"https:\/\/skaitytaknyga.lt\/en\/produktas\/mergele-mergina-vadovavusi-armijai-pavaldine-karunavusi-karaliu-mergele-vi-rtusi-legenda\/","og_site_name":"Skaitytaknyga","article_publisher":"https:\/\/www.facebook.com\/skaitytaknyga\/","article_modified_time":"2025-10-06T10:05:41+00:00","og_image":[{"width":431,"height":575,"url":"https:\/\/skaitytaknyga.lt\/wp-content\/uploads\/2025\/09\/Mergele.-Mergina-vadovavusi-armijai.-Pavaldine-karunavusi-karaliu.-Mergele-vi-rtusi-legenda.webp","type":"image\/webp"}],"twitter_card":"summary_large_image","twitter_misc":{"Estimated reading time":"1 minute"},"schema":{"@context":"https:\/\/schema.org","@graph":[{"@type":"WebPage","@id":"https:\/\/skaitytaknyga.lt\/produktas\/mergele-mergina-vadovavusi-armijai-pavaldine-karunavusi-karaliu-mergele-vi-rtusi-legenda\/","url":"https:\/\/skaitytaknyga.lt\/produktas\/mergele-mergina-vadovavusi-armijai-pavaldine-karunavusi-karaliu-mergele-vi-rtusi-legenda\/","name":"Mergel\u0117. Mergina, vadovavusi armijai. Pavaldin\u0117, kar\u016bnavusi karali\u0173. Mergel\u0117, vi rtusi legenda","isPartOf":{"@id":"https:\/\/skaitytaknyga.lt\/#website"},"primaryImageOfPage":{"@id":"https:\/\/skaitytaknyga.lt\/produktas\/mergele-mergina-vadovavusi-armijai-pavaldine-karunavusi-karaliu-mergele-vi-rtusi-legenda\/#primaryimage"},"image":{"@id":"https:\/\/skaitytaknyga.lt\/produktas\/mergele-mergina-vadovavusi-armijai-pavaldine-karunavusi-karaliu-mergele-vi-rtusi-legenda\/#primaryimage"},"thumbnailUrl":"https:\/\/skaitytaknyga.lt\/wp-content\/uploads\/2025\/09\/Mergele.-Mergina-vadovavusi-armijai.-Pavaldine-karunavusi-karaliu.-Mergele-vi-rtusi-legenda.webp","datePublished":"2025-09-17T15:59:39+00:00","dateModified":"2025-10-06T10:05:41+00:00","description":"\u017danos D\u2019Ark, ai\u0161kiareg\u0117s ir \u0161ventosios, tik\u0117jusios, kad yra i\u0161rinkta Dievo, vedusios pranc\u016bz\u0173 kariuomen\u0119 ir i\u0161vadavusios \u0161al\u012f nuo okupant\u0173, v\u0117liau jiems","breadcrumb":{"@id":"https:\/\/skaitytaknyga.lt\/produktas\/mergele-mergina-vadovavusi-armijai-pavaldine-karunavusi-karaliu-mergele-vi-rtusi-legenda\/#breadcrumb"},"inLanguage":"en-GB","potentialAction":[{"@type":"ReadAction","target":["https:\/\/skaitytaknyga.lt\/produktas\/mergele-mergina-vadovavusi-armijai-pavaldine-karunavusi-karaliu-mergele-vi-rtusi-legenda\/"]}]},{"@type":"ImageObject","inLanguage":"en-GB","@id":"https:\/\/skaitytaknyga.lt\/produktas\/mergele-mergina-vadovavusi-armijai-pavaldine-karunavusi-karaliu-mergele-vi-rtusi-legenda\/#primaryimage","url":"https:\/\/skaitytaknyga.lt\/wp-content\/uploads\/2025\/09\/Mergele.-Mergina-vadovavusi-armijai.-Pavaldine-karunavusi-karaliu.-Mergele-vi-rtusi-legenda.webp","contentUrl":"https:\/\/skaitytaknyga.lt\/wp-content\/uploads\/2025\/09\/Mergele.-Mergina-vadovavusi-armijai.-Pavaldine-karunavusi-karaliu.-Mergele-vi-rtusi-legenda.webp","width":431,"height":575,"caption":"Mergel\u0117. Mergina, vadovavusi armijai. Pavaldin\u0117, kar\u016bnavusi karali\u0173. Mergel\u0117, vi rtusi legenda"},{"@type":"BreadcrumbList","@id":"https:\/\/skaitytaknyga.lt\/produktas\/mergele-mergina-vadovavusi-armijai-pavaldine-karunavusi-karaliu-mergele-vi-rtusi-legenda\/#breadcrumb","itemListElement":[{"@type":"ListItem","position":1,"name":"Home","item":"https:\/\/skaitytaknyga.lt\/"},{"@type":"ListItem","position":2,"name":"Parduotuv\u0117","item":"https:\/\/skaitytaknyga.lt\/knygu-parduotuve\/"},{"@type":"ListItem","position":3,"name":"Mergel\u0117. Mergina, vadovavusi armijai. Pavaldin\u0117, kar\u016bnavusi karali\u0173. Mergel\u0117, vi rtusi legenda"}]},{"@type":"WebSite","@id":"https:\/\/skaitytaknyga.lt\/#website","url":"https:\/\/skaitytaknyga.lt\/","name":"skaitytaknyga.lt","description":"Skaitytaknyga.lt \u2013 tai ma\u017eas \u0161eimos verslas, kuris prasid\u0117jo nuo meil\u0117s knygoms ir siekio i\u0161gelb\u0117ti knygas nuo likimo prie konteinerio. Kas vienam nereikalingas daiktas \u2013 kitam lobis, o mes esame tarpininkai, kurie padeda abiems tapti laimingesniems ???? \u017dinome kaip nelengva i\u0161gyventi ma\u017eiems verslams, tad nuo \u0161iol, \u010dia rasite ir kit\u0173, ma\u017e\u0173 \u0161eim\u0173 versl\u0173, rank\u0173 darbo, dovan\u0173 sau ir artimiesiems.","publisher":{"@id":"https:\/\/skaitytaknyga.lt\/#organization"},"potentialAction":[{"@type":"SearchAction","target":{"@type":"EntryPoint","urlTemplate":"https:\/\/skaitytaknyga.lt\/?s={search_term_string}"},"query-input":{"@type":"PropertyValueSpecification","valueRequired":true,"valueName":"search_term_string"}}],"inLanguage":"en-GB"},{"@type":"Organization","@id":"https:\/\/skaitytaknyga.lt\/#organization","name":"skaitytaknyga.lt","url":"https:\/\/skaitytaknyga.lt\/","logo":{"@type":"ImageObject","inLanguage":"en-GB","@id":"https:\/\/skaitytaknyga.lt\/#\/schema\/logo\/image\/","url":"https:\/\/skaitytaknyga.lt\/wp-content\/uploads\/2024\/05\/cropped-cropped-cropped-02_00843_jt3bggkj1j3HLc7SyY6rEUpg.jpeg","contentUrl":"https:\/\/skaitytaknyga.lt\/wp-content\/uploads\/2024\/05\/cropped-cropped-cropped-02_00843_jt3bggkj1j3HLc7SyY6rEUpg.jpeg","width":1600,"height":1600,"caption":"skaitytaknyga.lt"},"image":{"@id":"https:\/\/skaitytaknyga.lt\/#\/schema\/logo\/image\/"},"sameAs":["https:\/\/www.facebook.com\/skaitytaknyga\/"]}]}},"_links":{"self":[{"href":"https:\/\/skaitytaknyga.lt\/en\/wp-json\/wp\/v2\/product\/20858","targetHints":{"allow":["GET"]}}],"collection":[{"href":"https:\/\/skaitytaknyga.lt\/en\/wp-json\/wp\/v2\/product"}],"about":[{"href":"https:\/\/skaitytaknyga.lt\/en\/wp-json\/wp\/v2\/types\/product"}],"replies":[{"embeddable":true,"href":"https:\/\/skaitytaknyga.lt\/en\/wp-json\/wp\/v2\/comments?post=20858"}],"wp:featuredmedia":[{"embeddable":true,"href":"https:\/\/skaitytaknyga.lt\/en\/wp-json\/wp\/v2\/media\/20864"}],"wp:attachment":[{"href":"https:\/\/skaitytaknyga.lt\/en\/wp-json\/wp\/v2\/media?parent=20858"}],"wp:term":[{"taxonomy":"product_brand","embeddable":true,"href":"https:\/\/skaitytaknyga.lt\/en\/wp-json\/wp\/v2\/product_brand?post=20858"},{"taxonomy":"product_cat","embeddable":true,"href":"https:\/\/skaitytaknyga.lt\/en\/wp-json\/wp\/v2\/product_cat?post=20858"},{"taxonomy":"product_tag","embeddable":true,"href":"https:\/\/skaitytaknyga.lt\/en\/wp-json\/wp\/v2\/product_tag?post=20858"}],"curies":[{"name":"wp","href":"https:\/\/api.w.org\/{rel}","templated":true}]}}