{"id":20857,"date":"2025-09-17T18:59:39","date_gmt":"2025-09-17T15:59:39","guid":{"rendered":"https:\/\/skaitytaknyga.lt\/?post_type=product&#038;p=20857"},"modified":"2026-03-18T11:06:12","modified_gmt":"2026-03-18T09:06:12","slug":"vandenu-dama","status":"publish","type":"product","link":"https:\/\/skaitytaknyga.lt\/en\/produktas\/vandenu-dama\/","title":{"rendered":"Vanden\u0173 dama"},"content":{"rendered":"<p>Liuksemburgo grafo dukt\u0117 D\u017eeketa nuo jaunum\u0117s \u017einojo i\u0161 gimin\u0117s pradinink\u0117s deiv\u0117s Meliuzinos paveld\u0117jusi ne tik status\u0105, bet ir ypating\u0105 gali\u0105. Protet\u0117 prie\u0161 i\u0161keliaudama anapus perduoda jai visk\u0105, kuo naudojosi pati: b\u016brimo karulius ir i\u0161 kartos \u012f kart\u0105 gimin\u0117s moter\u0173 paveldimas magijos \u017einias. Vis d\u0117lto merginos laukia \u012fprastas moters likimas \u2013 b\u016bti kieno nors \u017emona. D\u017eeketa tur\u0117t\u0173 d\u017eiaugtis, nes ja susidomi pats Bedfordo hercogas, Anglijos karaliaus Henriko VI d\u0117d\u0117, atv\u0117r\u0119s jai duris \u012f slapt\u0105 mokslo ir alchemik\u0173 pasaul\u012f. Anksti tapusi na\u0161le D\u017eeketa \u012fsivelia \u012f nesuvokiam\u0105 tiems laikams avanti\u016br\u0105 \u2013 i\u0161 meil\u0117s i\u0161teka u\u017e skvairo Ri\u010dardo Vudvilio. Persik\u0117lusi \u012f Anglij\u0105 moteris tampa geriausia karalien\u0117s Margaretos i\u0161 An\u017eu drauge ir kar\u0161ta Lankasteri\u0173 r\u0117m\u0117ja. Kol vien\u0105 dien\u0105 jai prana\u0161autas laim\u0117s ratas apsisuka ir dukra El\u017ebieta tampa did\u017eiausi\u0173 prie\u0161inink\u0173 \u2013 Jork\u0173 \u2013 karaliaus Edvardo IV \u017emona&#8230;<\/p>\n","protected":false},"excerpt":{"rendered":"<p>Liuksemburgo grafo dukt\u0117 D\u017eeketa nuo jaunum\u0117s \u017einojo i\u0161 gimin\u0117s pradinink\u0117s deiv\u0117s Meliuzinos paveld\u0117jusi ne tik status\u0105, bet ir ypating\u0105 gali\u0105. Protet\u0117 prie\u0161 i\u0161keliaudama anapus perduoda jai visk\u0105, kuo naudojosi pati: b\u016brimo karulius ir i\u0161 kartos \u012f kart\u0105 gimin\u0117s moter\u0173 paveldimas magijos \u017einias. Vis d\u0117lto merginos laukia \u012fprastas moters likimas \u2013 b\u016bti kieno nors \u017emona. D\u017eeketa tur\u0117t\u0173 d\u017eiaugtis, nes ja susidomi pats Bedfordo hercogas, Anglijos karaliaus Henriko VI d\u0117d\u0117, atv\u0117r\u0119s jai duris \u012f slapt\u0105 mokslo ir alchemik\u0173 pasaul\u012f. Anksti tapusi na\u0161le D\u017eeketa \u012fsivelia \u012f nesuvokiam\u0105 tiems laikams avanti\u016br\u0105 \u2013 i\u0161 meil\u0117s i\u0161teka u\u017e skvairo Ri\u010dardo Vudvilio. Persik\u0117lusi \u012f Anglij\u0105 moteris tampa geriausia karalien\u0117s Margaretos i\u0161 An\u017eu drauge ir kar\u0161ta Lankasteri\u0173 r\u0117m\u0117ja. Kol vien\u0105 dien\u0105 jai prana\u0161autas laim\u0117s ratas apsisuka ir dukra El\u017ebieta tampa did\u017eiausi\u0173 prie\u0161inink\u0173 \u2013 Jork\u0173 \u2013 karaliaus Edvardo IV \u017emona&#8230;<\/p>\n","protected":false},"featured_media":20862,"comment_status":"open","ping_status":"closed","template":"","meta":{"_acf_changed":false,"site-sidebar-layout":"default","site-content-layout":"","ast-site-content-layout":"default","site-content-style":"default","site-sidebar-style":"default","ast-global-header-display":"","ast-banner-title-visibility":"","ast-main-header-display":"","ast-hfb-above-header-display":"","ast-hfb-below-header-display":"","ast-hfb-mobile-header-display":"","site-post-title":"","ast-breadcrumbs-content":"","ast-featured-img":"","footer-sml-layout":"","ast-disable-related-posts":"","theme-transparent-header-meta":"","adv-header-id-meta":"","stick-header-meta":"","header-above-stick-meta":"","header-main-stick-meta":"","header-below-stick-meta":"","astra-migrate-meta-layouts":"default","ast-page-background-enabled":"default","ast-page-background-meta":{"desktop":{"background-color":"","background-image":"","background-repeat":"repeat","background-position":"center center","background-size":"auto","background-attachment":"scroll","background-type":"","background-media":"","overlay-type":"","overlay-color":"","overlay-opacity":"","overlay-gradient":""},"tablet":{"background-color":"","background-image":"","background-repeat":"repeat","background-position":"center center","background-size":"auto","background-attachment":"scroll","background-type":"","background-media":"","overlay-type":"","overlay-color":"","overlay-opacity":"","overlay-gradient":""},"mobile":{"background-color":"","background-image":"","background-repeat":"repeat","background-position":"center center","background-size":"auto","background-attachment":"scroll","background-type":"","background-media":"","overlay-type":"","overlay-color":"","overlay-opacity":"","overlay-gradient":""}},"ast-content-background-meta":{"desktop":{"background-color":"var(--ast-global-color-4)","background-image":"","background-repeat":"repeat","background-position":"center center","background-size":"auto","background-attachment":"scroll","background-type":"","background-media":"","overlay-type":"","overlay-color":"","overlay-opacity":"","overlay-gradient":""},"tablet":{"background-color":"var(--ast-global-color-4)","background-image":"","background-repeat":"repeat","background-position":"center center","background-size":"auto","background-attachment":"scroll","background-type":"","background-media":"","overlay-type":"","overlay-color":"","overlay-opacity":"","overlay-gradient":""},"mobile":{"background-color":"var(--ast-global-color-4)","background-image":"","background-repeat":"repeat","background-position":"center center","background-size":"auto","background-attachment":"scroll","background-type":"","background-media":"","overlay-type":"","overlay-color":"","overlay-opacity":"","overlay-gradient":""}}},"product_brand":[],"product_cat":[9618],"product_tag":[4509,8670,2632,2069,8526,1755,1796,1253,2395],"class_list":{"0":"post-20857","1":"product","2":"type-product","3":"status-publish","4":"has-post-thumbnail","6":"product_cat-istoriniai-romanai","7":"product_tag-anglija","8":"product_tag-henriko-vi-laikai","9":"product_tag-intrigos","10":"product_tag-istorinis-romanas","11":"product_tag-karaliene","12":"product_tag-magija","13":"product_tag-meile","14":"product_tag-philippa-gregory","15":"product_tag-politika","16":"desktop-align-left","17":"tablet-align-left","18":"mobile-align-left","20":"first","21":"instock","22":"shipping-taxable","23":"purchasable","24":"product-type-simple"},"acf":[],"yoast_head":"<!-- This site is optimized with the Yoast SEO plugin v27.0 - https:\/\/yoast.com\/product\/yoast-seo-wordpress\/ -->\n<title>Vanden\u0173 dama<\/title>\n<meta name=\"description\" content=\"Liuksemburgo grafo dukt\u0117 D\u017eeketa nuo jaunum\u0117s \u017einojo i\u0161 gimin\u0117s pradinink\u0117s deiv\u0117s Meliuzinos paveld\u0117jusi ne tik status\u0105, bet ir ypating\u0105 gali\u0105. Protet\u0117\" \/>\n<meta name=\"robots\" content=\"index, follow, max-snippet:-1, max-image-preview:large, max-video-preview:-1\" \/>\n<link rel=\"canonical\" href=\"https:\/\/skaitytaknyga.lt\/en\/produktas\/vandenu-dama\/\" \/>\n<meta property=\"og:locale\" content=\"en_GB\" \/>\n<meta property=\"og:locale:alternate\" content=\"lt_LT\" \/>\n<meta property=\"og:type\" content=\"article\" \/>\n<meta property=\"og:title\" content=\"Vanden\u0173 dama\" \/>\n<meta property=\"og:description\" content=\"Liuksemburgo grafo dukt\u0117 D\u017eeketa nuo jaunum\u0117s \u017einojo i\u0161 gimin\u0117s pradinink\u0117s deiv\u0117s Meliuzinos paveld\u0117jusi ne tik status\u0105, bet ir ypating\u0105 gali\u0105. Protet\u0117\" \/>\n<meta property=\"og:url\" content=\"https:\/\/skaitytaknyga.lt\/en\/produktas\/vandenu-dama\/\" \/>\n<meta property=\"og:site_name\" content=\"Skaitytaknyga\" \/>\n<meta property=\"article:publisher\" content=\"https:\/\/www.facebook.com\/skaitytaknyga\/\" \/>\n<meta property=\"article:modified_time\" content=\"2026-03-18T09:06:12+00:00\" \/>\n<meta property=\"og:image\" content=\"https:\/\/skaitytaknyga.lt\/wp-content\/uploads\/2025\/09\/Vandenu-dama.webp\" \/>\n\t<meta property=\"og:image:width\" content=\"273\" \/>\n\t<meta property=\"og:image:height\" content=\"450\" \/>\n\t<meta property=\"og:image:type\" content=\"image\/webp\" \/>\n<meta name=\"twitter:card\" content=\"summary_large_image\" \/>\n<meta name=\"twitter:label1\" content=\"Estimated reading time\" \/>\n\t<meta name=\"twitter:data1\" content=\"1 minute\" \/>\n<script type=\"application\/ld+json\" class=\"yoast-schema-graph\">{\"@context\":\"https:\/\/schema.org\",\"@graph\":[{\"@type\":\"WebPage\",\"@id\":\"https:\/\/skaitytaknyga.lt\/produktas\/vandenu-dama\/\",\"url\":\"https:\/\/skaitytaknyga.lt\/produktas\/vandenu-dama\/\",\"name\":\"Vanden\u0173 dama\",\"isPartOf\":{\"@id\":\"https:\/\/skaitytaknyga.lt\/#website\"},\"primaryImageOfPage\":{\"@id\":\"https:\/\/skaitytaknyga.lt\/produktas\/vandenu-dama\/#primaryimage\"},\"image\":{\"@id\":\"https:\/\/skaitytaknyga.lt\/produktas\/vandenu-dama\/#primaryimage\"},\"thumbnailUrl\":\"https:\/\/skaitytaknyga.lt\/wp-content\/uploads\/2025\/09\/Vandenu-dama.webp\",\"datePublished\":\"2025-09-17T15:59:39+00:00\",\"dateModified\":\"2026-03-18T09:06:12+00:00\",\"description\":\"Liuksemburgo grafo dukt\u0117 D\u017eeketa nuo jaunum\u0117s \u017einojo i\u0161 gimin\u0117s pradinink\u0117s deiv\u0117s Meliuzinos paveld\u0117jusi ne tik status\u0105, bet ir ypating\u0105 gali\u0105. Protet\u0117\",\"breadcrumb\":{\"@id\":\"https:\/\/skaitytaknyga.lt\/produktas\/vandenu-dama\/#breadcrumb\"},\"inLanguage\":\"en-GB\",\"potentialAction\":[{\"@type\":\"ReadAction\",\"target\":[\"https:\/\/skaitytaknyga.lt\/produktas\/vandenu-dama\/\"]}]},{\"@type\":\"ImageObject\",\"inLanguage\":\"en-GB\",\"@id\":\"https:\/\/skaitytaknyga.lt\/produktas\/vandenu-dama\/#primaryimage\",\"url\":\"https:\/\/skaitytaknyga.lt\/wp-content\/uploads\/2025\/09\/Vandenu-dama.webp\",\"contentUrl\":\"https:\/\/skaitytaknyga.lt\/wp-content\/uploads\/2025\/09\/Vandenu-dama.webp\",\"width\":273,\"height\":450,\"caption\":\"Vanden\u0173 dama\"},{\"@type\":\"BreadcrumbList\",\"@id\":\"https:\/\/skaitytaknyga.lt\/produktas\/vandenu-dama\/#breadcrumb\",\"itemListElement\":[{\"@type\":\"ListItem\",\"position\":1,\"name\":\"Home\",\"item\":\"https:\/\/skaitytaknyga.lt\/\"},{\"@type\":\"ListItem\",\"position\":2,\"name\":\"Parduotuv\u0117\",\"item\":\"https:\/\/skaitytaknyga.lt\/knygu-parduotuve\/\"},{\"@type\":\"ListItem\",\"position\":3,\"name\":\"Vanden\u0173 dama\"}]},{\"@type\":\"WebSite\",\"@id\":\"https:\/\/skaitytaknyga.lt\/#website\",\"url\":\"https:\/\/skaitytaknyga.lt\/\",\"name\":\"skaitytaknyga.lt\",\"description\":\"Skaitytaknyga.lt \u2013 tai ma\u017eas \u0161eimos verslas, kuris prasid\u0117jo nuo meil\u0117s knygoms ir siekio i\u0161gelb\u0117ti knygas nuo likimo prie konteinerio. Kas vienam nereikalingas daiktas \u2013 kitam lobis, o mes esame tarpininkai, kurie padeda abiems tapti laimingesniems ???? \u017dinome kaip nelengva i\u0161gyventi ma\u017eiems verslams, tad nuo \u0161iol, \u010dia rasite ir kit\u0173, ma\u017e\u0173 \u0161eim\u0173 versl\u0173, rank\u0173 darbo, dovan\u0173 sau ir artimiesiems.\",\"publisher\":{\"@id\":\"https:\/\/skaitytaknyga.lt\/#organization\"},\"potentialAction\":[{\"@type\":\"SearchAction\",\"target\":{\"@type\":\"EntryPoint\",\"urlTemplate\":\"https:\/\/skaitytaknyga.lt\/?s={search_term_string}\"},\"query-input\":{\"@type\":\"PropertyValueSpecification\",\"valueRequired\":true,\"valueName\":\"search_term_string\"}}],\"inLanguage\":\"en-GB\"},{\"@type\":\"Organization\",\"@id\":\"https:\/\/skaitytaknyga.lt\/#organization\",\"name\":\"skaitytaknyga.lt\",\"url\":\"https:\/\/skaitytaknyga.lt\/\",\"logo\":{\"@type\":\"ImageObject\",\"inLanguage\":\"en-GB\",\"@id\":\"https:\/\/skaitytaknyga.lt\/#\/schema\/logo\/image\/\",\"url\":\"https:\/\/skaitytaknyga.lt\/wp-content\/uploads\/2024\/05\/cropped-cropped-cropped-02_00843_jt3bggkj1j3HLc7SyY6rEUpg.jpeg\",\"contentUrl\":\"https:\/\/skaitytaknyga.lt\/wp-content\/uploads\/2024\/05\/cropped-cropped-cropped-02_00843_jt3bggkj1j3HLc7SyY6rEUpg.jpeg\",\"width\":1600,\"height\":1600,\"caption\":\"skaitytaknyga.lt\"},\"image\":{\"@id\":\"https:\/\/skaitytaknyga.lt\/#\/schema\/logo\/image\/\"},\"sameAs\":[\"https:\/\/www.facebook.com\/skaitytaknyga\/\"]}]}<\/script>\n<!-- \/ Yoast SEO plugin. -->","yoast_head_json":{"title":"Vanden\u0173 dama","description":"Liuksemburgo grafo dukt\u0117 D\u017eeketa nuo jaunum\u0117s \u017einojo i\u0161 gimin\u0117s pradinink\u0117s deiv\u0117s Meliuzinos paveld\u0117jusi ne tik status\u0105, bet ir ypating\u0105 gali\u0105. Protet\u0117","robots":{"index":"index","follow":"follow","max-snippet":"max-snippet:-1","max-image-preview":"max-image-preview:large","max-video-preview":"max-video-preview:-1"},"canonical":"https:\/\/skaitytaknyga.lt\/en\/produktas\/vandenu-dama\/","og_locale":"en_GB","og_type":"article","og_title":"[:lt]Vanden\u0173 dama[:] - Skaitytaknyga","og_description":"Liuksemburgo grafo dukt\u0117 D\u017eeketa nuo jaunum\u0117s \u017einojo i\u0161 gimin\u0117s pradinink\u0117s deiv\u0117s Meliuzinos paveld\u0117jusi ne tik status\u0105, bet ir ypating\u0105 gali\u0105. Protet\u0117","og_url":"https:\/\/skaitytaknyga.lt\/en\/produktas\/vandenu-dama\/","og_site_name":"Skaitytaknyga","article_publisher":"https:\/\/www.facebook.com\/skaitytaknyga\/","article_modified_time":"2026-03-18T09:06:12+00:00","og_image":[{"width":273,"height":450,"url":"https:\/\/skaitytaknyga.lt\/wp-content\/uploads\/2025\/09\/Vandenu-dama.webp","type":"image\/webp"}],"twitter_card":"summary_large_image","twitter_misc":{"Estimated reading time":"1 minute"},"schema":{"@context":"https:\/\/schema.org","@graph":[{"@type":"WebPage","@id":"https:\/\/skaitytaknyga.lt\/produktas\/vandenu-dama\/","url":"https:\/\/skaitytaknyga.lt\/produktas\/vandenu-dama\/","name":"Vanden\u0173 dama","isPartOf":{"@id":"https:\/\/skaitytaknyga.lt\/#website"},"primaryImageOfPage":{"@id":"https:\/\/skaitytaknyga.lt\/produktas\/vandenu-dama\/#primaryimage"},"image":{"@id":"https:\/\/skaitytaknyga.lt\/produktas\/vandenu-dama\/#primaryimage"},"thumbnailUrl":"https:\/\/skaitytaknyga.lt\/wp-content\/uploads\/2025\/09\/Vandenu-dama.webp","datePublished":"2025-09-17T15:59:39+00:00","dateModified":"2026-03-18T09:06:12+00:00","description":"Liuksemburgo grafo dukt\u0117 D\u017eeketa nuo jaunum\u0117s \u017einojo i\u0161 gimin\u0117s pradinink\u0117s deiv\u0117s Meliuzinos paveld\u0117jusi ne tik status\u0105, bet ir ypating\u0105 gali\u0105. Protet\u0117","breadcrumb":{"@id":"https:\/\/skaitytaknyga.lt\/produktas\/vandenu-dama\/#breadcrumb"},"inLanguage":"en-GB","potentialAction":[{"@type":"ReadAction","target":["https:\/\/skaitytaknyga.lt\/produktas\/vandenu-dama\/"]}]},{"@type":"ImageObject","inLanguage":"en-GB","@id":"https:\/\/skaitytaknyga.lt\/produktas\/vandenu-dama\/#primaryimage","url":"https:\/\/skaitytaknyga.lt\/wp-content\/uploads\/2025\/09\/Vandenu-dama.webp","contentUrl":"https:\/\/skaitytaknyga.lt\/wp-content\/uploads\/2025\/09\/Vandenu-dama.webp","width":273,"height":450,"caption":"Vanden\u0173 dama"},{"@type":"BreadcrumbList","@id":"https:\/\/skaitytaknyga.lt\/produktas\/vandenu-dama\/#breadcrumb","itemListElement":[{"@type":"ListItem","position":1,"name":"Home","item":"https:\/\/skaitytaknyga.lt\/"},{"@type":"ListItem","position":2,"name":"Parduotuv\u0117","item":"https:\/\/skaitytaknyga.lt\/knygu-parduotuve\/"},{"@type":"ListItem","position":3,"name":"Vanden\u0173 dama"}]},{"@type":"WebSite","@id":"https:\/\/skaitytaknyga.lt\/#website","url":"https:\/\/skaitytaknyga.lt\/","name":"skaitytaknyga.lt","description":"Skaitytaknyga.lt \u2013 tai ma\u017eas \u0161eimos verslas, kuris prasid\u0117jo nuo meil\u0117s knygoms ir siekio i\u0161gelb\u0117ti knygas nuo likimo prie konteinerio. Kas vienam nereikalingas daiktas \u2013 kitam lobis, o mes esame tarpininkai, kurie padeda abiems tapti laimingesniems ???? \u017dinome kaip nelengva i\u0161gyventi ma\u017eiems verslams, tad nuo \u0161iol, \u010dia rasite ir kit\u0173, ma\u017e\u0173 \u0161eim\u0173 versl\u0173, rank\u0173 darbo, dovan\u0173 sau ir artimiesiems.","publisher":{"@id":"https:\/\/skaitytaknyga.lt\/#organization"},"potentialAction":[{"@type":"SearchAction","target":{"@type":"EntryPoint","urlTemplate":"https:\/\/skaitytaknyga.lt\/?s={search_term_string}"},"query-input":{"@type":"PropertyValueSpecification","valueRequired":true,"valueName":"search_term_string"}}],"inLanguage":"en-GB"},{"@type":"Organization","@id":"https:\/\/skaitytaknyga.lt\/#organization","name":"skaitytaknyga.lt","url":"https:\/\/skaitytaknyga.lt\/","logo":{"@type":"ImageObject","inLanguage":"en-GB","@id":"https:\/\/skaitytaknyga.lt\/#\/schema\/logo\/image\/","url":"https:\/\/skaitytaknyga.lt\/wp-content\/uploads\/2024\/05\/cropped-cropped-cropped-02_00843_jt3bggkj1j3HLc7SyY6rEUpg.jpeg","contentUrl":"https:\/\/skaitytaknyga.lt\/wp-content\/uploads\/2024\/05\/cropped-cropped-cropped-02_00843_jt3bggkj1j3HLc7SyY6rEUpg.jpeg","width":1600,"height":1600,"caption":"skaitytaknyga.lt"},"image":{"@id":"https:\/\/skaitytaknyga.lt\/#\/schema\/logo\/image\/"},"sameAs":["https:\/\/www.facebook.com\/skaitytaknyga\/"]}]}},"_links":{"self":[{"href":"https:\/\/skaitytaknyga.lt\/en\/wp-json\/wp\/v2\/product\/20857","targetHints":{"allow":["GET"]}}],"collection":[{"href":"https:\/\/skaitytaknyga.lt\/en\/wp-json\/wp\/v2\/product"}],"about":[{"href":"https:\/\/skaitytaknyga.lt\/en\/wp-json\/wp\/v2\/types\/product"}],"replies":[{"embeddable":true,"href":"https:\/\/skaitytaknyga.lt\/en\/wp-json\/wp\/v2\/comments?post=20857"}],"wp:featuredmedia":[{"embeddable":true,"href":"https:\/\/skaitytaknyga.lt\/en\/wp-json\/wp\/v2\/media\/20862"}],"wp:attachment":[{"href":"https:\/\/skaitytaknyga.lt\/en\/wp-json\/wp\/v2\/media?parent=20857"}],"wp:term":[{"taxonomy":"product_brand","embeddable":true,"href":"https:\/\/skaitytaknyga.lt\/en\/wp-json\/wp\/v2\/product_brand?post=20857"},{"taxonomy":"product_cat","embeddable":true,"href":"https:\/\/skaitytaknyga.lt\/en\/wp-json\/wp\/v2\/product_cat?post=20857"},{"taxonomy":"product_tag","embeddable":true,"href":"https:\/\/skaitytaknyga.lt\/en\/wp-json\/wp\/v2\/product_tag?post=20857"}],"curies":[{"name":"wp","href":"https:\/\/api.w.org\/{rel}","templated":true}]}}