{"id":20856,"date":"2025-09-17T18:59:39","date_gmt":"2025-09-17T15:59:39","guid":{"rendered":"https:\/\/skaitytaknyga.lt\/?post_type=product&#038;p=20856"},"modified":"2026-03-18T10:57:05","modified_gmt":"2026-03-18T08:57:05","slug":"karalienes-palikimas","status":"publish","type":"product","link":"https:\/\/skaitytaknyga.lt\/en\/produktas\/karalienes-palikimas\/","title":{"rendered":"Karalien\u0117s palikimas"},"content":{"rendered":"<p>Trys moterys \u2013 vienas tikslas: Anglijos kar\u016bna<\/p>\n<p>Brit\u0173 ra\u0161ytoja Philippa Gregory (g. 1954 m.) \u0161iandien yra, ko gero, labiausiai pripa\u017eint\u0173 istorini\u0173 roman\u0173 autor\u0117. Jos \u0161edevras \u201eKaralien\u0117s sesuo&#8221; \u2013 du kartus ekranizuotas bestseleris, skaitytoj\u0173 pam\u0117gtas ir Lietuvoje. Ne ma\u017eiau s\u0117kmingame t\u0119sinyje \u201eKaralien\u0117s palikimas&#8221; autor\u0117 gr\u0105\u017eina mus \u012f paslap\u010di\u0173 ir intrig\u0173 kupin\u0105 Anglijos valdovo Henriko VIII dvar\u0105 ir atgaivina net keli\u0173 moter\u0173, po Anos Bolein nukirsdinimo m\u0117ginan\u010di\u0173 \u012fsitvirtinti nepastoviausiame Europos dvare, likimus.<\/p>\n<p>Anglija, 1539-ieji. Karaliaus dvaras itin susir\u016bpin\u0119s senstan\u010dio valdovo sveikata ir nepaliaujama nuotaik\u0173 kaita. Kadangi Henrikas neturi tinkamo am\u017eiaus paveld\u0117tojo, jis priverstas vesti ketvirt\u0105 kart\u0105. \u0160\u012fsyk pavojing\u0105j\u0105 Anglijos kar\u016bn\u0105 laimi i\u0161 Bavarijos kilusi Ana Kleviet\u0117.<\/p>\n<p>Moteris puikiai suvokia, kad jaunikis jai labiau tikt\u0173 \u012f t\u0117vus, ta\u010diau ji turi svari\u0173 prie\u017eas\u010di\u0173 priimti pasi\u016blym\u0105\u2026 I\u0161 prad\u017ei\u0173 su\u017eav\u0117ta naujos aplinkos spindesio, ilgainiui jaunoji karalien\u0117 pradeda jausti, jog ka\u017ekas aplink j\u0105 ima ver\u017eti pinkli\u0173 kilp\u0105.<\/p>\n<p>Dar visai jaunut\u0117 Katerina Hovard \u012fsitikinusi, jog gal\u0117t\u0173 sekti savo pusseser\u0117s Anos Bolein p\u0117domis ir prasiskinti keli\u0105 sosto link. Tuo tarpu jos giminat\u0119 D\u017eein\u0119 Bolein (arba ledi Ro\u010dford) vis dar persekioja \u012ftarin\u0117jim\u0173, i\u0161davyst\u0117s ir mirties \u0161m\u0117klos \u2013 juk b\u016btent jos pavydas ir liudijimai l\u0117m\u0117 sutuoktinio D\u017eord\u017eo ir brolien\u0117s Anos Bolein nukirsdinim\u0105\u2026<\/p>\n","protected":false},"excerpt":{"rendered":"<p>Trys moterys \u2013 vienas tikslas: Anglijos kar\u016bna Brit\u0173 ra\u0161ytoja Philippa Gregory (g. 1954 m.) \u0161iandien yra, ko gero, labiausiai pripa\u017eint\u0173 istorini\u0173 roman\u0173 autor\u0117. Jos \u0161edevras \u201eKaralien\u0117s sesuo&#8221; \u2013 du kartus ekranizuotas bestseleris, skaitytoj\u0173 pam\u0117gtas ir Lietuvoje. Ne ma\u017eiau s\u0117kmingame t\u0119sinyje \u201eKaralien\u0117s palikimas&#8221; autor\u0117 gr\u0105\u017eina mus \u012f paslap\u010di\u0173 ir intrig\u0173 kupin\u0105 Anglijos valdovo Henriko VIII dvar\u0105 ir atgaivina net keli\u0173 moter\u0173, po Anos Bolein nukirsdinimo m\u0117ginan\u010di\u0173 \u012fsitvirtinti nepastoviausiame Europos dvare, likimus. Anglija, 1539-ieji. Karaliaus dvaras itin susir\u016bpin\u0119s senstan\u010dio valdovo sveikata ir nepaliaujama nuotaik\u0173 kaita. Kadangi Henrikas neturi tinkamo am\u017eiaus paveld\u0117tojo, jis priverstas vesti ketvirt\u0105 kart\u0105. \u0160\u012fsyk pavojing\u0105j\u0105 Anglijos kar\u016bn\u0105 laimi i\u0161 Bavarijos kilusi Ana Kleviet\u0117. Moteris puikiai suvokia, kad jaunikis jai labiau tikt\u0173 \u012f t\u0117vus, ta\u010diau ji turi svari\u0173 prie\u017eas\u010di\u0173 priimti pasi\u016blym\u0105\u2026 I\u0161 prad\u017ei\u0173 su\u017eav\u0117ta naujos aplinkos spindesio, ilgainiui jaunoji karalien\u0117 pradeda jausti, jog ka\u017ekas aplink j\u0105 ima ver\u017eti pinkli\u0173 kilp\u0105. Dar visai jaunut\u0117 Katerina Hovard \u012fsitikinusi, jog gal\u0117t\u0173 sekti savo pusseser\u0117s Anos Bolein p\u0117domis ir prasiskinti keli\u0105 sosto link. Tuo tarpu jos giminat\u0119 D\u017eein\u0119 Bolein (arba ledi Ro\u010dford) vis dar persekioja \u012ftarin\u0117jim\u0173, i\u0161davyst\u0117s ir mirties \u0161m\u0117klos \u2013 juk b\u016btent jos pavydas ir liudijimai l\u0117m\u0117 sutuoktinio D\u017eord\u017eo ir brolien\u0117s Anos Bolein nukirsdinim\u0105\u2026<\/p>\n","protected":false},"featured_media":20861,"comment_status":"open","ping_status":"closed","template":"","meta":{"_acf_changed":false,"site-sidebar-layout":"default","site-content-layout":"","ast-site-content-layout":"default","site-content-style":"default","site-sidebar-style":"default","ast-global-header-display":"","ast-banner-title-visibility":"","ast-main-header-display":"","ast-hfb-above-header-display":"","ast-hfb-below-header-display":"","ast-hfb-mobile-header-display":"","site-post-title":"","ast-breadcrumbs-content":"","ast-featured-img":"","footer-sml-layout":"","ast-disable-related-posts":"","theme-transparent-header-meta":"","adv-header-id-meta":"","stick-header-meta":"","header-above-stick-meta":"","header-main-stick-meta":"","header-below-stick-meta":"","astra-migrate-meta-layouts":"default","ast-page-background-enabled":"default","ast-page-background-meta":{"desktop":{"background-color":"","background-image":"","background-repeat":"repeat","background-position":"center center","background-size":"auto","background-attachment":"scroll","background-type":"","background-media":"","overlay-type":"","overlay-color":"","overlay-opacity":"","overlay-gradient":""},"tablet":{"background-color":"","background-image":"","background-repeat":"repeat","background-position":"center center","background-size":"auto","background-attachment":"scroll","background-type":"","background-media":"","overlay-type":"","overlay-color":"","overlay-opacity":"","overlay-gradient":""},"mobile":{"background-color":"","background-image":"","background-repeat":"repeat","background-position":"center center","background-size":"auto","background-attachment":"scroll","background-type":"","background-media":"","overlay-type":"","overlay-color":"","overlay-opacity":"","overlay-gradient":""}},"ast-content-background-meta":{"desktop":{"background-color":"var(--ast-global-color-4)","background-image":"","background-repeat":"repeat","background-position":"center center","background-size":"auto","background-attachment":"scroll","background-type":"","background-media":"","overlay-type":"","overlay-color":"","overlay-opacity":"","overlay-gradient":""},"tablet":{"background-color":"var(--ast-global-color-4)","background-image":"","background-repeat":"repeat","background-position":"center center","background-size":"auto","background-attachment":"scroll","background-type":"","background-media":"","overlay-type":"","overlay-color":"","overlay-opacity":"","overlay-gradient":""},"mobile":{"background-color":"var(--ast-global-color-4)","background-image":"","background-repeat":"repeat","background-position":"center center","background-size":"auto","background-attachment":"scroll","background-type":"","background-media":"","overlay-type":"","overlay-color":"","overlay-opacity":"","overlay-gradient":""}}},"product_brand":[],"product_cat":[9618],"product_tag":[4509,8670,2632,2069,8526,1755,1796,1253,2395],"class_list":{"0":"post-20856","1":"product","2":"type-product","3":"status-publish","4":"has-post-thumbnail","6":"product_cat-istoriniai-romanai","7":"product_tag-anglija","8":"product_tag-henriko-vi-laikai","9":"product_tag-intrigos","10":"product_tag-istorinis-romanas","11":"product_tag-karaliene","12":"product_tag-magija","13":"product_tag-meile","14":"product_tag-philippa-gregory","15":"product_tag-politika","16":"desktop-align-left","17":"tablet-align-left","18":"mobile-align-left","20":"first","21":"instock","22":"shipping-taxable","23":"purchasable","24":"product-type-simple"},"acf":[],"yoast_head":"<!-- This site is optimized with the Yoast SEO plugin v27.0 - https:\/\/yoast.com\/product\/yoast-seo-wordpress\/ -->\n<title>Karalien\u0117s palikimas<\/title>\n<meta name=\"description\" content=\"Trys moterys \u2013 vienas tikslas: Anglijos kar\u016bna Brit\u0173 ra\u0161ytoja Philippa Gregory (g. 1954 m.) \u0161iandien yra, ko gero, labiausiai pripa\u017eint\u0173 istorini\u0173 roman\u0173\" \/>\n<meta name=\"robots\" content=\"index, follow, max-snippet:-1, max-image-preview:large, max-video-preview:-1\" \/>\n<link rel=\"canonical\" href=\"https:\/\/skaitytaknyga.lt\/en\/produktas\/karalienes-palikimas\/\" \/>\n<meta property=\"og:locale\" content=\"en_GB\" \/>\n<meta property=\"og:locale:alternate\" content=\"lt_LT\" \/>\n<meta property=\"og:type\" content=\"article\" \/>\n<meta property=\"og:title\" content=\"Karalien\u0117s palikimas\" \/>\n<meta property=\"og:description\" content=\"Trys moterys \u2013 vienas tikslas: Anglijos kar\u016bna Brit\u0173 ra\u0161ytoja Philippa Gregory (g. 1954 m.) \u0161iandien yra, ko gero, labiausiai pripa\u017eint\u0173 istorini\u0173 roman\u0173\" \/>\n<meta property=\"og:url\" content=\"https:\/\/skaitytaknyga.lt\/en\/produktas\/karalienes-palikimas\/\" \/>\n<meta property=\"og:site_name\" content=\"Skaitytaknyga\" \/>\n<meta property=\"article:publisher\" content=\"https:\/\/www.facebook.com\/skaitytaknyga\/\" \/>\n<meta property=\"article:modified_time\" content=\"2026-03-18T08:57:05+00:00\" \/>\n<meta property=\"og:image\" content=\"https:\/\/skaitytaknyga.lt\/wp-content\/uploads\/2025\/09\/Karalienes-palikimas.webp\" \/>\n\t<meta property=\"og:image:width\" content=\"300\" \/>\n\t<meta property=\"og:image:height\" content=\"471\" \/>\n\t<meta property=\"og:image:type\" content=\"image\/webp\" \/>\n<meta name=\"twitter:card\" content=\"summary_large_image\" \/>\n<meta name=\"twitter:label1\" content=\"Estimated reading time\" \/>\n\t<meta name=\"twitter:data1\" content=\"1 minute\" \/>\n<script type=\"application\/ld+json\" class=\"yoast-schema-graph\">{\"@context\":\"https:\/\/schema.org\",\"@graph\":[{\"@type\":\"WebPage\",\"@id\":\"https:\/\/skaitytaknyga.lt\/produktas\/karalienes-palikimas\/\",\"url\":\"https:\/\/skaitytaknyga.lt\/produktas\/karalienes-palikimas\/\",\"name\":\"Karalien\u0117s palikimas\",\"isPartOf\":{\"@id\":\"https:\/\/skaitytaknyga.lt\/#website\"},\"primaryImageOfPage\":{\"@id\":\"https:\/\/skaitytaknyga.lt\/produktas\/karalienes-palikimas\/#primaryimage\"},\"image\":{\"@id\":\"https:\/\/skaitytaknyga.lt\/produktas\/karalienes-palikimas\/#primaryimage\"},\"thumbnailUrl\":\"https:\/\/skaitytaknyga.lt\/wp-content\/uploads\/2025\/09\/Karalienes-palikimas.webp\",\"datePublished\":\"2025-09-17T15:59:39+00:00\",\"dateModified\":\"2026-03-18T08:57:05+00:00\",\"description\":\"Trys moterys \u2013 vienas tikslas: Anglijos kar\u016bna Brit\u0173 ra\u0161ytoja Philippa Gregory (g. 1954 m.) \u0161iandien yra, ko gero, labiausiai pripa\u017eint\u0173 istorini\u0173 roman\u0173\",\"breadcrumb\":{\"@id\":\"https:\/\/skaitytaknyga.lt\/produktas\/karalienes-palikimas\/#breadcrumb\"},\"inLanguage\":\"en-GB\",\"potentialAction\":[{\"@type\":\"ReadAction\",\"target\":[\"https:\/\/skaitytaknyga.lt\/produktas\/karalienes-palikimas\/\"]}]},{\"@type\":\"ImageObject\",\"inLanguage\":\"en-GB\",\"@id\":\"https:\/\/skaitytaknyga.lt\/produktas\/karalienes-palikimas\/#primaryimage\",\"url\":\"https:\/\/skaitytaknyga.lt\/wp-content\/uploads\/2025\/09\/Karalienes-palikimas.webp\",\"contentUrl\":\"https:\/\/skaitytaknyga.lt\/wp-content\/uploads\/2025\/09\/Karalienes-palikimas.webp\",\"width\":300,\"height\":471,\"caption\":\"Karalien\u0117s palikimas\"},{\"@type\":\"BreadcrumbList\",\"@id\":\"https:\/\/skaitytaknyga.lt\/produktas\/karalienes-palikimas\/#breadcrumb\",\"itemListElement\":[{\"@type\":\"ListItem\",\"position\":1,\"name\":\"Home\",\"item\":\"https:\/\/skaitytaknyga.lt\/\"},{\"@type\":\"ListItem\",\"position\":2,\"name\":\"Parduotuv\u0117\",\"item\":\"https:\/\/skaitytaknyga.lt\/knygu-parduotuve\/\"},{\"@type\":\"ListItem\",\"position\":3,\"name\":\"Karalien\u0117s palikimas\"}]},{\"@type\":\"WebSite\",\"@id\":\"https:\/\/skaitytaknyga.lt\/#website\",\"url\":\"https:\/\/skaitytaknyga.lt\/\",\"name\":\"skaitytaknyga.lt\",\"description\":\"Skaitytaknyga.lt \u2013 tai ma\u017eas \u0161eimos verslas, kuris prasid\u0117jo nuo meil\u0117s knygoms ir siekio i\u0161gelb\u0117ti knygas nuo likimo prie konteinerio. Kas vienam nereikalingas daiktas \u2013 kitam lobis, o mes esame tarpininkai, kurie padeda abiems tapti laimingesniems ???? \u017dinome kaip nelengva i\u0161gyventi ma\u017eiems verslams, tad nuo \u0161iol, \u010dia rasite ir kit\u0173, ma\u017e\u0173 \u0161eim\u0173 versl\u0173, rank\u0173 darbo, dovan\u0173 sau ir artimiesiems.\",\"publisher\":{\"@id\":\"https:\/\/skaitytaknyga.lt\/#organization\"},\"potentialAction\":[{\"@type\":\"SearchAction\",\"target\":{\"@type\":\"EntryPoint\",\"urlTemplate\":\"https:\/\/skaitytaknyga.lt\/?s={search_term_string}\"},\"query-input\":{\"@type\":\"PropertyValueSpecification\",\"valueRequired\":true,\"valueName\":\"search_term_string\"}}],\"inLanguage\":\"en-GB\"},{\"@type\":\"Organization\",\"@id\":\"https:\/\/skaitytaknyga.lt\/#organization\",\"name\":\"skaitytaknyga.lt\",\"url\":\"https:\/\/skaitytaknyga.lt\/\",\"logo\":{\"@type\":\"ImageObject\",\"inLanguage\":\"en-GB\",\"@id\":\"https:\/\/skaitytaknyga.lt\/#\/schema\/logo\/image\/\",\"url\":\"https:\/\/skaitytaknyga.lt\/wp-content\/uploads\/2024\/05\/cropped-cropped-cropped-02_00843_jt3bggkj1j3HLc7SyY6rEUpg.jpeg\",\"contentUrl\":\"https:\/\/skaitytaknyga.lt\/wp-content\/uploads\/2024\/05\/cropped-cropped-cropped-02_00843_jt3bggkj1j3HLc7SyY6rEUpg.jpeg\",\"width\":1600,\"height\":1600,\"caption\":\"skaitytaknyga.lt\"},\"image\":{\"@id\":\"https:\/\/skaitytaknyga.lt\/#\/schema\/logo\/image\/\"},\"sameAs\":[\"https:\/\/www.facebook.com\/skaitytaknyga\/\"]}]}<\/script>\n<!-- \/ Yoast SEO plugin. -->","yoast_head_json":{"title":"Karalien\u0117s palikimas","description":"Trys moterys \u2013 vienas tikslas: Anglijos kar\u016bna Brit\u0173 ra\u0161ytoja Philippa Gregory (g. 1954 m.) \u0161iandien yra, ko gero, labiausiai pripa\u017eint\u0173 istorini\u0173 roman\u0173","robots":{"index":"index","follow":"follow","max-snippet":"max-snippet:-1","max-image-preview":"max-image-preview:large","max-video-preview":"max-video-preview:-1"},"canonical":"https:\/\/skaitytaknyga.lt\/en\/produktas\/karalienes-palikimas\/","og_locale":"en_GB","og_type":"article","og_title":"[:lt]Karalien\u0117s palikimas[:] - Skaitytaknyga","og_description":"Trys moterys \u2013 vienas tikslas: Anglijos kar\u016bna Brit\u0173 ra\u0161ytoja Philippa Gregory (g. 1954 m.) \u0161iandien yra, ko gero, labiausiai pripa\u017eint\u0173 istorini\u0173 roman\u0173","og_url":"https:\/\/skaitytaknyga.lt\/en\/produktas\/karalienes-palikimas\/","og_site_name":"Skaitytaknyga","article_publisher":"https:\/\/www.facebook.com\/skaitytaknyga\/","article_modified_time":"2026-03-18T08:57:05+00:00","og_image":[{"width":300,"height":471,"url":"https:\/\/skaitytaknyga.lt\/wp-content\/uploads\/2025\/09\/Karalienes-palikimas.webp","type":"image\/webp"}],"twitter_card":"summary_large_image","twitter_misc":{"Estimated reading time":"1 minute"},"schema":{"@context":"https:\/\/schema.org","@graph":[{"@type":"WebPage","@id":"https:\/\/skaitytaknyga.lt\/produktas\/karalienes-palikimas\/","url":"https:\/\/skaitytaknyga.lt\/produktas\/karalienes-palikimas\/","name":"Karalien\u0117s palikimas","isPartOf":{"@id":"https:\/\/skaitytaknyga.lt\/#website"},"primaryImageOfPage":{"@id":"https:\/\/skaitytaknyga.lt\/produktas\/karalienes-palikimas\/#primaryimage"},"image":{"@id":"https:\/\/skaitytaknyga.lt\/produktas\/karalienes-palikimas\/#primaryimage"},"thumbnailUrl":"https:\/\/skaitytaknyga.lt\/wp-content\/uploads\/2025\/09\/Karalienes-palikimas.webp","datePublished":"2025-09-17T15:59:39+00:00","dateModified":"2026-03-18T08:57:05+00:00","description":"Trys moterys \u2013 vienas tikslas: Anglijos kar\u016bna Brit\u0173 ra\u0161ytoja Philippa Gregory (g. 1954 m.) \u0161iandien yra, ko gero, labiausiai pripa\u017eint\u0173 istorini\u0173 roman\u0173","breadcrumb":{"@id":"https:\/\/skaitytaknyga.lt\/produktas\/karalienes-palikimas\/#breadcrumb"},"inLanguage":"en-GB","potentialAction":[{"@type":"ReadAction","target":["https:\/\/skaitytaknyga.lt\/produktas\/karalienes-palikimas\/"]}]},{"@type":"ImageObject","inLanguage":"en-GB","@id":"https:\/\/skaitytaknyga.lt\/produktas\/karalienes-palikimas\/#primaryimage","url":"https:\/\/skaitytaknyga.lt\/wp-content\/uploads\/2025\/09\/Karalienes-palikimas.webp","contentUrl":"https:\/\/skaitytaknyga.lt\/wp-content\/uploads\/2025\/09\/Karalienes-palikimas.webp","width":300,"height":471,"caption":"Karalien\u0117s palikimas"},{"@type":"BreadcrumbList","@id":"https:\/\/skaitytaknyga.lt\/produktas\/karalienes-palikimas\/#breadcrumb","itemListElement":[{"@type":"ListItem","position":1,"name":"Home","item":"https:\/\/skaitytaknyga.lt\/"},{"@type":"ListItem","position":2,"name":"Parduotuv\u0117","item":"https:\/\/skaitytaknyga.lt\/knygu-parduotuve\/"},{"@type":"ListItem","position":3,"name":"Karalien\u0117s palikimas"}]},{"@type":"WebSite","@id":"https:\/\/skaitytaknyga.lt\/#website","url":"https:\/\/skaitytaknyga.lt\/","name":"skaitytaknyga.lt","description":"Skaitytaknyga.lt \u2013 tai ma\u017eas \u0161eimos verslas, kuris prasid\u0117jo nuo meil\u0117s knygoms ir siekio i\u0161gelb\u0117ti knygas nuo likimo prie konteinerio. Kas vienam nereikalingas daiktas \u2013 kitam lobis, o mes esame tarpininkai, kurie padeda abiems tapti laimingesniems ???? \u017dinome kaip nelengva i\u0161gyventi ma\u017eiems verslams, tad nuo \u0161iol, \u010dia rasite ir kit\u0173, ma\u017e\u0173 \u0161eim\u0173 versl\u0173, rank\u0173 darbo, dovan\u0173 sau ir artimiesiems.","publisher":{"@id":"https:\/\/skaitytaknyga.lt\/#organization"},"potentialAction":[{"@type":"SearchAction","target":{"@type":"EntryPoint","urlTemplate":"https:\/\/skaitytaknyga.lt\/?s={search_term_string}"},"query-input":{"@type":"PropertyValueSpecification","valueRequired":true,"valueName":"search_term_string"}}],"inLanguage":"en-GB"},{"@type":"Organization","@id":"https:\/\/skaitytaknyga.lt\/#organization","name":"skaitytaknyga.lt","url":"https:\/\/skaitytaknyga.lt\/","logo":{"@type":"ImageObject","inLanguage":"en-GB","@id":"https:\/\/skaitytaknyga.lt\/#\/schema\/logo\/image\/","url":"https:\/\/skaitytaknyga.lt\/wp-content\/uploads\/2024\/05\/cropped-cropped-cropped-02_00843_jt3bggkj1j3HLc7SyY6rEUpg.jpeg","contentUrl":"https:\/\/skaitytaknyga.lt\/wp-content\/uploads\/2024\/05\/cropped-cropped-cropped-02_00843_jt3bggkj1j3HLc7SyY6rEUpg.jpeg","width":1600,"height":1600,"caption":"skaitytaknyga.lt"},"image":{"@id":"https:\/\/skaitytaknyga.lt\/#\/schema\/logo\/image\/"},"sameAs":["https:\/\/www.facebook.com\/skaitytaknyga\/"]}]}},"_links":{"self":[{"href":"https:\/\/skaitytaknyga.lt\/en\/wp-json\/wp\/v2\/product\/20856","targetHints":{"allow":["GET"]}}],"collection":[{"href":"https:\/\/skaitytaknyga.lt\/en\/wp-json\/wp\/v2\/product"}],"about":[{"href":"https:\/\/skaitytaknyga.lt\/en\/wp-json\/wp\/v2\/types\/product"}],"replies":[{"embeddable":true,"href":"https:\/\/skaitytaknyga.lt\/en\/wp-json\/wp\/v2\/comments?post=20856"}],"wp:featuredmedia":[{"embeddable":true,"href":"https:\/\/skaitytaknyga.lt\/en\/wp-json\/wp\/v2\/media\/20861"}],"wp:attachment":[{"href":"https:\/\/skaitytaknyga.lt\/en\/wp-json\/wp\/v2\/media?parent=20856"}],"wp:term":[{"taxonomy":"product_brand","embeddable":true,"href":"https:\/\/skaitytaknyga.lt\/en\/wp-json\/wp\/v2\/product_brand?post=20856"},{"taxonomy":"product_cat","embeddable":true,"href":"https:\/\/skaitytaknyga.lt\/en\/wp-json\/wp\/v2\/product_cat?post=20856"},{"taxonomy":"product_tag","embeddable":true,"href":"https:\/\/skaitytaknyga.lt\/en\/wp-json\/wp\/v2\/product_tag?post=20856"}],"curies":[{"name":"wp","href":"https:\/\/api.w.org\/{rel}","templated":true}]}}