{"id":20848,"date":"2025-09-17T18:36:14","date_gmt":"2025-09-17T15:36:14","guid":{"rendered":"https:\/\/skaitytaknyga.lt\/?post_type=product&#038;p=20848"},"modified":"2026-03-18T11:06:12","modified_gmt":"2026-03-18T09:06:12","slug":"karalienes-meiluzis","status":"publish","type":"product","link":"https:\/\/skaitytaknyga.lt\/en\/produktas\/karalienes-meiluzis\/","title":{"rendered":"Karalien\u0117s meilu\u017eis"},"content":{"rendered":"<p>J\u0105 degino dvi aistros: pareiga t\u0117vynei ir meil\u0117 vedusiam vyrui<\/p>\n<p>1558 m. ruduo. Anglijos ba\u017eny\u010di\u0173 varpai skelbia ger\u0105j\u0105 naujien\u0105: El\u017ebieta tapo karaliene. Ta\u010diau viena moteris \u0161i\u0105 \u017eini\u0105 sutinka dreb\u0117dama i\u0161 baim\u0117s \u2013 sero Roberto Dadlio \u017emona Em\u0117 \u017eino, kad El\u017ebietai atsis\u0117dus \u012f sost\u0105, sutuoktinis taip pat gr\u012f\u0161 \u012f \u0161loving\u0105j\u012f Tiudor\u0173 dvar\u0105. Em\u0117s viltys, kad Dadli\u0173 gimin\u0117 po Roberto t\u0117vo nukirsdinimo atsisakys bet koki\u0173 politini\u0173 ambicij\u0173, subyr\u0117jo \u012f \u0161ipulius. Triumfuojantis varp\u0173 gausmas dar kart\u0105 kvie\u010dia jos vyr\u0105 prie vald\u017eios vairo ir\u2026 pas aistring\u0105 jaun\u0105j\u0105 karalien\u0119.<\/p>\n<p>Raudonplauk\u0117 El\u017ebieta paveldi nualint\u0105 ir neramum\u0173 draskom\u0105 \u0161al\u012f. Karalien\u0117s patar\u0117jas Viljamas Sesilis \u012fsp\u0117ja, kad monarch\u0117 i\u0161silaikys vald\u017eioje tik i\u0161tek\u0117jusi u\u017e stipraus princo. Ta\u010diau El\u017ebieta svajoja tik apie vienintel\u012f vyr\u0105 \u2013 vaikyst\u0117s draug\u0105 Robert\u0105 Dadl\u012f&#8230;<\/p>\n<p>Robertas neabejoja, jog atsid\u016br\u0119s greta El\u017ebietos sugeb\u0117s susikurti nauj\u0105 gyvenim\u0105. Neju\u010dia jo galvoje gimsta ne\u012fmanomas planas: pa\u0161alinti savo mylin\u010di\u0105 \u017emon\u0105 ir vesti jaun\u0105j\u0105 El\u017ebiet\u0105.<\/p>\n","protected":false},"excerpt":{"rendered":"<p>J\u0105 degino dvi aistros: pareiga t\u0117vynei ir meil\u0117 vedusiam vyrui 1558 m. ruduo. Anglijos ba\u017eny\u010di\u0173 varpai skelbia ger\u0105j\u0105 naujien\u0105: El\u017ebieta tapo karaliene. Ta\u010diau viena moteris \u0161i\u0105 \u017eini\u0105 sutinka dreb\u0117dama i\u0161 baim\u0117s \u2013 sero Roberto Dadlio \u017emona Em\u0117 \u017eino, kad El\u017ebietai atsis\u0117dus \u012f sost\u0105, sutuoktinis taip pat gr\u012f\u0161 \u012f \u0161loving\u0105j\u012f Tiudor\u0173 dvar\u0105. Em\u0117s viltys, kad Dadli\u0173 gimin\u0117 po Roberto t\u0117vo nukirsdinimo atsisakys bet koki\u0173 politini\u0173 ambicij\u0173, subyr\u0117jo \u012f \u0161ipulius. Triumfuojantis varp\u0173 gausmas dar kart\u0105 kvie\u010dia jos vyr\u0105 prie vald\u017eios vairo ir\u2026 pas aistring\u0105 jaun\u0105j\u0105 karalien\u0119. Raudonplauk\u0117 El\u017ebieta paveldi nualint\u0105 ir neramum\u0173 draskom\u0105 \u0161al\u012f. Karalien\u0117s patar\u0117jas Viljamas Sesilis \u012fsp\u0117ja, kad monarch\u0117 i\u0161silaikys vald\u017eioje tik i\u0161tek\u0117jusi u\u017e stipraus princo. Ta\u010diau El\u017ebieta svajoja tik apie vienintel\u012f vyr\u0105 \u2013 vaikyst\u0117s draug\u0105 Robert\u0105 Dadl\u012f&#8230; Robertas neabejoja, jog atsid\u016br\u0119s greta El\u017ebietos sugeb\u0117s susikurti nauj\u0105 gyvenim\u0105. Neju\u010dia jo galvoje gimsta ne\u012fmanomas planas: pa\u0161alinti savo mylin\u010di\u0105 \u017emon\u0105 ir vesti jaun\u0105j\u0105 El\u017ebiet\u0105.<\/p>\n","protected":false},"featured_media":20854,"comment_status":"open","ping_status":"closed","template":"","meta":{"_acf_changed":false,"site-sidebar-layout":"default","site-content-layout":"","ast-site-content-layout":"default","site-content-style":"default","site-sidebar-style":"default","ast-global-header-display":"","ast-banner-title-visibility":"","ast-main-header-display":"","ast-hfb-above-header-display":"","ast-hfb-below-header-display":"","ast-hfb-mobile-header-display":"","site-post-title":"","ast-breadcrumbs-content":"","ast-featured-img":"","footer-sml-layout":"","ast-disable-related-posts":"","theme-transparent-header-meta":"","adv-header-id-meta":"","stick-header-meta":"","header-above-stick-meta":"","header-main-stick-meta":"","header-below-stick-meta":"","astra-migrate-meta-layouts":"default","ast-page-background-enabled":"default","ast-page-background-meta":{"desktop":{"background-color":"","background-image":"","background-repeat":"repeat","background-position":"center center","background-size":"auto","background-attachment":"scroll","background-type":"","background-media":"","overlay-type":"","overlay-color":"","overlay-opacity":"","overlay-gradient":""},"tablet":{"background-color":"","background-image":"","background-repeat":"repeat","background-position":"center center","background-size":"auto","background-attachment":"scroll","background-type":"","background-media":"","overlay-type":"","overlay-color":"","overlay-opacity":"","overlay-gradient":""},"mobile":{"background-color":"","background-image":"","background-repeat":"repeat","background-position":"center center","background-size":"auto","background-attachment":"scroll","background-type":"","background-media":"","overlay-type":"","overlay-color":"","overlay-opacity":"","overlay-gradient":""}},"ast-content-background-meta":{"desktop":{"background-color":"var(--ast-global-color-4)","background-image":"","background-repeat":"repeat","background-position":"center center","background-size":"auto","background-attachment":"scroll","background-type":"","background-media":"","overlay-type":"","overlay-color":"","overlay-opacity":"","overlay-gradient":""},"tablet":{"background-color":"var(--ast-global-color-4)","background-image":"","background-repeat":"repeat","background-position":"center center","background-size":"auto","background-attachment":"scroll","background-type":"","background-media":"","overlay-type":"","overlay-color":"","overlay-opacity":"","overlay-gradient":""},"mobile":{"background-color":"var(--ast-global-color-4)","background-image":"","background-repeat":"repeat","background-position":"center center","background-size":"auto","background-attachment":"scroll","background-type":"","background-media":"","overlay-type":"","overlay-color":"","overlay-opacity":"","overlay-gradient":""}}},"product_brand":[],"product_cat":[9618],"product_tag":[4509,8663,2632,2069,1796,3145,1253,8664,2364],"class_list":{"0":"post-20848","1":"product","2":"type-product","3":"status-publish","4":"has-post-thumbnail","6":"product_cat-istoriniai-romanai","7":"product_tag-anglija","8":"product_tag-elzbieta-i","9":"product_tag-intrigos","10":"product_tag-istorinis-romanas","11":"product_tag-meile","12":"product_tag-pavojus","13":"product_tag-philippa-gregory","14":"product_tag-tiudorai","15":"product_tag-valdzia","16":"desktop-align-left","17":"tablet-align-left","18":"mobile-align-left","20":"first","21":"instock","22":"shipping-taxable","23":"purchasable","24":"product-type-simple"},"acf":[],"yoast_head":"<!-- This site is optimized with the Yoast SEO plugin v27.0 - https:\/\/yoast.com\/product\/yoast-seo-wordpress\/ -->\n<title>Karalien\u0117s meilu\u017eis<\/title>\n<meta name=\"description\" content=\"J\u0105 degino dvi aistros: pareiga t\u0117vynei ir meil\u0117 vedusiam vyrui 1558 m. ruduo. Anglijos ba\u017eny\u010di\u0173 varpai skelbia ger\u0105j\u0105 naujien\u0105: El\u017ebieta tapo karaliene.\" \/>\n<meta name=\"robots\" content=\"index, follow, max-snippet:-1, max-image-preview:large, max-video-preview:-1\" \/>\n<link rel=\"canonical\" href=\"https:\/\/skaitytaknyga.lt\/en\/produktas\/karalienes-meiluzis\/\" \/>\n<meta property=\"og:locale\" content=\"en_GB\" \/>\n<meta property=\"og:locale:alternate\" content=\"lt_LT\" \/>\n<meta property=\"og:type\" content=\"article\" \/>\n<meta property=\"og:title\" content=\"Karalien\u0117s meilu\u017eis\" \/>\n<meta property=\"og:description\" content=\"J\u0105 degino dvi aistros: pareiga t\u0117vynei ir meil\u0117 vedusiam vyrui 1558 m. ruduo. Anglijos ba\u017eny\u010di\u0173 varpai skelbia ger\u0105j\u0105 naujien\u0105: El\u017ebieta tapo karaliene.\" \/>\n<meta property=\"og:url\" content=\"https:\/\/skaitytaknyga.lt\/en\/produktas\/karalienes-meiluzis\/\" \/>\n<meta property=\"og:site_name\" content=\"Skaitytaknyga\" \/>\n<meta property=\"article:publisher\" content=\"https:\/\/www.facebook.com\/skaitytaknyga\/\" \/>\n<meta property=\"article:modified_time\" content=\"2026-03-18T09:06:12+00:00\" \/>\n<meta property=\"og:image\" content=\"https:\/\/skaitytaknyga.lt\/wp-content\/uploads\/2025\/09\/Karalienes-meiluzis-1.webp\" \/>\n\t<meta property=\"og:image:width\" content=\"300\" \/>\n\t<meta property=\"og:image:height\" content=\"492\" \/>\n\t<meta property=\"og:image:type\" content=\"image\/webp\" \/>\n<meta name=\"twitter:card\" content=\"summary_large_image\" \/>\n<meta name=\"twitter:label1\" content=\"Estimated reading time\" \/>\n\t<meta name=\"twitter:data1\" content=\"1 minute\" \/>\n<script type=\"application\/ld+json\" class=\"yoast-schema-graph\">{\"@context\":\"https:\/\/schema.org\",\"@graph\":[{\"@type\":\"WebPage\",\"@id\":\"https:\/\/skaitytaknyga.lt\/produktas\/karalienes-meiluzis\/\",\"url\":\"https:\/\/skaitytaknyga.lt\/produktas\/karalienes-meiluzis\/\",\"name\":\"Karalien\u0117s meilu\u017eis\",\"isPartOf\":{\"@id\":\"https:\/\/skaitytaknyga.lt\/#website\"},\"primaryImageOfPage\":{\"@id\":\"https:\/\/skaitytaknyga.lt\/produktas\/karalienes-meiluzis\/#primaryimage\"},\"image\":{\"@id\":\"https:\/\/skaitytaknyga.lt\/produktas\/karalienes-meiluzis\/#primaryimage\"},\"thumbnailUrl\":\"https:\/\/skaitytaknyga.lt\/wp-content\/uploads\/2025\/09\/Karalienes-meiluzis-1.webp\",\"datePublished\":\"2025-09-17T15:36:14+00:00\",\"dateModified\":\"2026-03-18T09:06:12+00:00\",\"description\":\"J\u0105 degino dvi aistros: pareiga t\u0117vynei ir meil\u0117 vedusiam vyrui 1558 m. ruduo. Anglijos ba\u017eny\u010di\u0173 varpai skelbia ger\u0105j\u0105 naujien\u0105: El\u017ebieta tapo karaliene.\",\"breadcrumb\":{\"@id\":\"https:\/\/skaitytaknyga.lt\/produktas\/karalienes-meiluzis\/#breadcrumb\"},\"inLanguage\":\"en-GB\",\"potentialAction\":[{\"@type\":\"ReadAction\",\"target\":[\"https:\/\/skaitytaknyga.lt\/produktas\/karalienes-meiluzis\/\"]}]},{\"@type\":\"ImageObject\",\"inLanguage\":\"en-GB\",\"@id\":\"https:\/\/skaitytaknyga.lt\/produktas\/karalienes-meiluzis\/#primaryimage\",\"url\":\"https:\/\/skaitytaknyga.lt\/wp-content\/uploads\/2025\/09\/Karalienes-meiluzis-1.webp\",\"contentUrl\":\"https:\/\/skaitytaknyga.lt\/wp-content\/uploads\/2025\/09\/Karalienes-meiluzis-1.webp\",\"width\":300,\"height\":492},{\"@type\":\"BreadcrumbList\",\"@id\":\"https:\/\/skaitytaknyga.lt\/produktas\/karalienes-meiluzis\/#breadcrumb\",\"itemListElement\":[{\"@type\":\"ListItem\",\"position\":1,\"name\":\"Home\",\"item\":\"https:\/\/skaitytaknyga.lt\/\"},{\"@type\":\"ListItem\",\"position\":2,\"name\":\"Parduotuv\u0117\",\"item\":\"https:\/\/skaitytaknyga.lt\/knygu-parduotuve\/\"},{\"@type\":\"ListItem\",\"position\":3,\"name\":\"Karalien\u0117s meilu\u017eis\"}]},{\"@type\":\"WebSite\",\"@id\":\"https:\/\/skaitytaknyga.lt\/#website\",\"url\":\"https:\/\/skaitytaknyga.lt\/\",\"name\":\"skaitytaknyga.lt\",\"description\":\"Skaitytaknyga.lt \u2013 tai ma\u017eas \u0161eimos verslas, kuris prasid\u0117jo nuo meil\u0117s knygoms ir siekio i\u0161gelb\u0117ti knygas nuo likimo prie konteinerio. Kas vienam nereikalingas daiktas \u2013 kitam lobis, o mes esame tarpininkai, kurie padeda abiems tapti laimingesniems ???? \u017dinome kaip nelengva i\u0161gyventi ma\u017eiems verslams, tad nuo \u0161iol, \u010dia rasite ir kit\u0173, ma\u017e\u0173 \u0161eim\u0173 versl\u0173, rank\u0173 darbo, dovan\u0173 sau ir artimiesiems.\",\"publisher\":{\"@id\":\"https:\/\/skaitytaknyga.lt\/#organization\"},\"potentialAction\":[{\"@type\":\"SearchAction\",\"target\":{\"@type\":\"EntryPoint\",\"urlTemplate\":\"https:\/\/skaitytaknyga.lt\/?s={search_term_string}\"},\"query-input\":{\"@type\":\"PropertyValueSpecification\",\"valueRequired\":true,\"valueName\":\"search_term_string\"}}],\"inLanguage\":\"en-GB\"},{\"@type\":\"Organization\",\"@id\":\"https:\/\/skaitytaknyga.lt\/#organization\",\"name\":\"skaitytaknyga.lt\",\"url\":\"https:\/\/skaitytaknyga.lt\/\",\"logo\":{\"@type\":\"ImageObject\",\"inLanguage\":\"en-GB\",\"@id\":\"https:\/\/skaitytaknyga.lt\/#\/schema\/logo\/image\/\",\"url\":\"https:\/\/skaitytaknyga.lt\/wp-content\/uploads\/2024\/05\/cropped-cropped-cropped-02_00843_jt3bggkj1j3HLc7SyY6rEUpg.jpeg\",\"contentUrl\":\"https:\/\/skaitytaknyga.lt\/wp-content\/uploads\/2024\/05\/cropped-cropped-cropped-02_00843_jt3bggkj1j3HLc7SyY6rEUpg.jpeg\",\"width\":1600,\"height\":1600,\"caption\":\"skaitytaknyga.lt\"},\"image\":{\"@id\":\"https:\/\/skaitytaknyga.lt\/#\/schema\/logo\/image\/\"},\"sameAs\":[\"https:\/\/www.facebook.com\/skaitytaknyga\/\"]}]}<\/script>\n<!-- \/ Yoast SEO plugin. -->","yoast_head_json":{"title":"Karalien\u0117s meilu\u017eis","description":"J\u0105 degino dvi aistros: pareiga t\u0117vynei ir meil\u0117 vedusiam vyrui 1558 m. ruduo. Anglijos ba\u017eny\u010di\u0173 varpai skelbia ger\u0105j\u0105 naujien\u0105: El\u017ebieta tapo karaliene.","robots":{"index":"index","follow":"follow","max-snippet":"max-snippet:-1","max-image-preview":"max-image-preview:large","max-video-preview":"max-video-preview:-1"},"canonical":"https:\/\/skaitytaknyga.lt\/en\/produktas\/karalienes-meiluzis\/","og_locale":"en_GB","og_type":"article","og_title":"[:lt]Karalien\u0117s meilu\u017eis[:] - Skaitytaknyga","og_description":"J\u0105 degino dvi aistros: pareiga t\u0117vynei ir meil\u0117 vedusiam vyrui 1558 m. ruduo. Anglijos ba\u017eny\u010di\u0173 varpai skelbia ger\u0105j\u0105 naujien\u0105: El\u017ebieta tapo karaliene.","og_url":"https:\/\/skaitytaknyga.lt\/en\/produktas\/karalienes-meiluzis\/","og_site_name":"Skaitytaknyga","article_publisher":"https:\/\/www.facebook.com\/skaitytaknyga\/","article_modified_time":"2026-03-18T09:06:12+00:00","og_image":[{"width":300,"height":492,"url":"https:\/\/skaitytaknyga.lt\/wp-content\/uploads\/2025\/09\/Karalienes-meiluzis-1.webp","type":"image\/webp"}],"twitter_card":"summary_large_image","twitter_misc":{"Estimated reading time":"1 minute"},"schema":{"@context":"https:\/\/schema.org","@graph":[{"@type":"WebPage","@id":"https:\/\/skaitytaknyga.lt\/produktas\/karalienes-meiluzis\/","url":"https:\/\/skaitytaknyga.lt\/produktas\/karalienes-meiluzis\/","name":"Karalien\u0117s meilu\u017eis","isPartOf":{"@id":"https:\/\/skaitytaknyga.lt\/#website"},"primaryImageOfPage":{"@id":"https:\/\/skaitytaknyga.lt\/produktas\/karalienes-meiluzis\/#primaryimage"},"image":{"@id":"https:\/\/skaitytaknyga.lt\/produktas\/karalienes-meiluzis\/#primaryimage"},"thumbnailUrl":"https:\/\/skaitytaknyga.lt\/wp-content\/uploads\/2025\/09\/Karalienes-meiluzis-1.webp","datePublished":"2025-09-17T15:36:14+00:00","dateModified":"2026-03-18T09:06:12+00:00","description":"J\u0105 degino dvi aistros: pareiga t\u0117vynei ir meil\u0117 vedusiam vyrui 1558 m. ruduo. Anglijos ba\u017eny\u010di\u0173 varpai skelbia ger\u0105j\u0105 naujien\u0105: El\u017ebieta tapo karaliene.","breadcrumb":{"@id":"https:\/\/skaitytaknyga.lt\/produktas\/karalienes-meiluzis\/#breadcrumb"},"inLanguage":"en-GB","potentialAction":[{"@type":"ReadAction","target":["https:\/\/skaitytaknyga.lt\/produktas\/karalienes-meiluzis\/"]}]},{"@type":"ImageObject","inLanguage":"en-GB","@id":"https:\/\/skaitytaknyga.lt\/produktas\/karalienes-meiluzis\/#primaryimage","url":"https:\/\/skaitytaknyga.lt\/wp-content\/uploads\/2025\/09\/Karalienes-meiluzis-1.webp","contentUrl":"https:\/\/skaitytaknyga.lt\/wp-content\/uploads\/2025\/09\/Karalienes-meiluzis-1.webp","width":300,"height":492},{"@type":"BreadcrumbList","@id":"https:\/\/skaitytaknyga.lt\/produktas\/karalienes-meiluzis\/#breadcrumb","itemListElement":[{"@type":"ListItem","position":1,"name":"Home","item":"https:\/\/skaitytaknyga.lt\/"},{"@type":"ListItem","position":2,"name":"Parduotuv\u0117","item":"https:\/\/skaitytaknyga.lt\/knygu-parduotuve\/"},{"@type":"ListItem","position":3,"name":"Karalien\u0117s meilu\u017eis"}]},{"@type":"WebSite","@id":"https:\/\/skaitytaknyga.lt\/#website","url":"https:\/\/skaitytaknyga.lt\/","name":"skaitytaknyga.lt","description":"Skaitytaknyga.lt \u2013 tai ma\u017eas \u0161eimos verslas, kuris prasid\u0117jo nuo meil\u0117s knygoms ir siekio i\u0161gelb\u0117ti knygas nuo likimo prie konteinerio. Kas vienam nereikalingas daiktas \u2013 kitam lobis, o mes esame tarpininkai, kurie padeda abiems tapti laimingesniems ???? \u017dinome kaip nelengva i\u0161gyventi ma\u017eiems verslams, tad nuo \u0161iol, \u010dia rasite ir kit\u0173, ma\u017e\u0173 \u0161eim\u0173 versl\u0173, rank\u0173 darbo, dovan\u0173 sau ir artimiesiems.","publisher":{"@id":"https:\/\/skaitytaknyga.lt\/#organization"},"potentialAction":[{"@type":"SearchAction","target":{"@type":"EntryPoint","urlTemplate":"https:\/\/skaitytaknyga.lt\/?s={search_term_string}"},"query-input":{"@type":"PropertyValueSpecification","valueRequired":true,"valueName":"search_term_string"}}],"inLanguage":"en-GB"},{"@type":"Organization","@id":"https:\/\/skaitytaknyga.lt\/#organization","name":"skaitytaknyga.lt","url":"https:\/\/skaitytaknyga.lt\/","logo":{"@type":"ImageObject","inLanguage":"en-GB","@id":"https:\/\/skaitytaknyga.lt\/#\/schema\/logo\/image\/","url":"https:\/\/skaitytaknyga.lt\/wp-content\/uploads\/2024\/05\/cropped-cropped-cropped-02_00843_jt3bggkj1j3HLc7SyY6rEUpg.jpeg","contentUrl":"https:\/\/skaitytaknyga.lt\/wp-content\/uploads\/2024\/05\/cropped-cropped-cropped-02_00843_jt3bggkj1j3HLc7SyY6rEUpg.jpeg","width":1600,"height":1600,"caption":"skaitytaknyga.lt"},"image":{"@id":"https:\/\/skaitytaknyga.lt\/#\/schema\/logo\/image\/"},"sameAs":["https:\/\/www.facebook.com\/skaitytaknyga\/"]}]}},"_links":{"self":[{"href":"https:\/\/skaitytaknyga.lt\/en\/wp-json\/wp\/v2\/product\/20848","targetHints":{"allow":["GET"]}}],"collection":[{"href":"https:\/\/skaitytaknyga.lt\/en\/wp-json\/wp\/v2\/product"}],"about":[{"href":"https:\/\/skaitytaknyga.lt\/en\/wp-json\/wp\/v2\/types\/product"}],"replies":[{"embeddable":true,"href":"https:\/\/skaitytaknyga.lt\/en\/wp-json\/wp\/v2\/comments?post=20848"}],"wp:featuredmedia":[{"embeddable":true,"href":"https:\/\/skaitytaknyga.lt\/en\/wp-json\/wp\/v2\/media\/20854"}],"wp:attachment":[{"href":"https:\/\/skaitytaknyga.lt\/en\/wp-json\/wp\/v2\/media?parent=20848"}],"wp:term":[{"taxonomy":"product_brand","embeddable":true,"href":"https:\/\/skaitytaknyga.lt\/en\/wp-json\/wp\/v2\/product_brand?post=20848"},{"taxonomy":"product_cat","embeddable":true,"href":"https:\/\/skaitytaknyga.lt\/en\/wp-json\/wp\/v2\/product_cat?post=20848"},{"taxonomy":"product_tag","embeddable":true,"href":"https:\/\/skaitytaknyga.lt\/en\/wp-json\/wp\/v2\/product_tag?post=20848"}],"curies":[{"name":"wp","href":"https:\/\/api.w.org\/{rel}","templated":true}]}}