{"id":20847,"date":"2025-09-17T18:36:14","date_gmt":"2025-09-17T15:36:14","guid":{"rendered":"https:\/\/skaitytaknyga.lt\/?post_type=product&#038;p=20847"},"modified":"2025-10-06T13:05:31","modified_gmt":"2025-10-06T10:05:31","slug":"beveik-rojus","status":"publish","type":"product","link":"https:\/\/skaitytaknyga.lt\/en\/produktas\/beveik-rojus\/","title":{"rendered":"Beveik rojus"},"content":{"rendered":"<p>\u201eBeveik rojus\u201c \u2013 istorinis jausm\u0173 romanas. Elizabeta Kameron, Heivenhersto grafien\u0117, yra kupina nei\u0161\u0161vaistyto \u0161velnumo ir beatodairi\u0161kos dr\u0105sos, prilygstan\u010dios i\u0161skirtiniam jos gro\u017eiui. Ta\u010diau merginos reputacija subyra \u012f \u0161ipulius, kai ji u\u017eklumpama visuomen\u0117s atstumto pagars\u0117jusio lo\u0161\u0117jo gl\u0117byje. Jano Torntono, pavojingai gra\u017eaus, turtingo, m\u012fslingos kilm\u0117s vyro, kelias \u012f Elizabetos \u0161ird\u012f pilnas intrig\u0173, paskal\u0173 ir nuodingo ker\u0161to. Vienas kitam skirti, bet vienas kitu nepasitikintys, Elizabeta ir Janas \u012fsisuka \u012ftarim\u0173 ir aistros verpete, kuris i\u0161bandys po nelaiminga \u017evaig\u017ede gimusi\u0105 j\u0173 meil\u0119. I\u0161 Londono auk\u0161tuomen\u0117s svetaini\u0173 painus paslap\u010di\u0173 labirintas nuveda juos \u012f sl\u0117pining\u0105 \u0160kotijos kaln\u0173 kra\u0161t\u0105, kur Elizabetai teks i\u0161siai\u0161kinti: ar \u0161irdyje Janas tikrai yra tik nuo\u017emus turt\u0173 med\u017eiotojas?<\/p>\n","protected":false},"excerpt":{"rendered":"<p>\u201eBeveik rojus\u201c \u2013 istorinis jausm\u0173 romanas. Elizabeta Kameron, Heivenhersto grafien\u0117, yra kupina nei\u0161\u0161vaistyto \u0161velnumo ir beatodairi\u0161kos dr\u0105sos, prilygstan\u010dios i\u0161skirtiniam jos gro\u017eiui. Ta\u010diau merginos reputacija subyra \u012f \u0161ipulius, kai ji u\u017eklumpama visuomen\u0117s atstumto pagars\u0117jusio lo\u0161\u0117jo gl\u0117byje. Jano Torntono, pavojingai gra\u017eaus, turtingo, m\u012fslingos kilm\u0117s vyro, kelias \u012f Elizabetos \u0161ird\u012f pilnas intrig\u0173, paskal\u0173 ir nuodingo ker\u0161to. Vienas kitam skirti, bet vienas kitu nepasitikintys, Elizabeta ir Janas \u012fsisuka \u012ftarim\u0173 ir aistros verpete, kuris i\u0161bandys po nelaiminga \u017evaig\u017ede gimusi\u0105 j\u0173 meil\u0119. I\u0161 Londono auk\u0161tuomen\u0117s svetaini\u0173 painus paslap\u010di\u0173 labirintas nuveda juos \u012f sl\u0117pining\u0105 \u0160kotijos kaln\u0173 kra\u0161t\u0105, kur Elizabetai teks i\u0161siai\u0161kinti: ar \u0161irdyje Janas tikrai yra tik nuo\u017emus turt\u0173 med\u017eiotojas?<\/p>\n","protected":false},"featured_media":20853,"comment_status":"open","ping_status":"closed","template":"","meta":{"_acf_changed":false,"site-sidebar-layout":"default","site-content-layout":"","ast-site-content-layout":"default","site-content-style":"default","site-sidebar-style":"default","ast-global-header-display":"","ast-banner-title-visibility":"","ast-main-header-display":"","ast-hfb-above-header-display":"","ast-hfb-below-header-display":"","ast-hfb-mobile-header-display":"","site-post-title":"","ast-breadcrumbs-content":"","ast-featured-img":"","footer-sml-layout":"","ast-disable-related-posts":"","theme-transparent-header-meta":"","adv-header-id-meta":"","stick-header-meta":"","header-above-stick-meta":"","header-main-stick-meta":"","header-below-stick-meta":"","astra-migrate-meta-layouts":"default","ast-page-background-enabled":"default","ast-page-background-meta":{"desktop":{"background-color":"","background-image":"","background-repeat":"repeat","background-position":"center center","background-size":"auto","background-attachment":"scroll","background-type":"","background-media":"","overlay-type":"","overlay-color":"","overlay-opacity":"","overlay-gradient":""},"tablet":{"background-color":"","background-image":"","background-repeat":"repeat","background-position":"center center","background-size":"auto","background-attachment":"scroll","background-type":"","background-media":"","overlay-type":"","overlay-color":"","overlay-opacity":"","overlay-gradient":""},"mobile":{"background-color":"","background-image":"","background-repeat":"repeat","background-position":"center center","background-size":"auto","background-attachment":"scroll","background-type":"","background-media":"","overlay-type":"","overlay-color":"","overlay-opacity":"","overlay-gradient":""}},"ast-content-background-meta":{"desktop":{"background-color":"var(--ast-global-color-4)","background-image":"","background-repeat":"repeat","background-position":"center center","background-size":"auto","background-attachment":"scroll","background-type":"","background-media":"","overlay-type":"","overlay-color":"","overlay-opacity":"","overlay-gradient":""},"tablet":{"background-color":"var(--ast-global-color-4)","background-image":"","background-repeat":"repeat","background-position":"center center","background-size":"auto","background-attachment":"scroll","background-type":"","background-media":"","overlay-type":"","overlay-color":"","overlay-opacity":"","overlay-gradient":""},"mobile":{"background-color":"var(--ast-global-color-4)","background-image":"","background-repeat":"repeat","background-position":"center center","background-size":"auto","background-attachment":"scroll","background-type":"","background-media":"","overlay-type":"","overlay-color":"","overlay-opacity":"","overlay-gradient":""}}},"product_brand":[],"product_cat":[31],"product_tag":[3050,2632,2069,8662,1796,1478,3145,2129,4450],"class_list":{"0":"post-20847","1":"product","2":"type-product","3":"status-publish","4":"has-post-thumbnail","6":"product_cat-grozine-literatura","7":"product_tag-aukstuomene","8":"product_tag-intrigos","9":"product_tag-istorinis-romanas","10":"product_tag-judith-mcnaught","11":"product_tag-meile","12":"product_tag-paslaptys","13":"product_tag-pavojus","14":"product_tag-romantika","15":"product_tag-skotija","16":"desktop-align-left","17":"tablet-align-left","18":"mobile-align-left","20":"first","21":"instock","22":"shipping-taxable","23":"purchasable","24":"product-type-simple"},"acf":[],"yoast_head":"<!-- This site is optimized with the Yoast SEO plugin v27.0 - https:\/\/yoast.com\/product\/yoast-seo-wordpress\/ -->\n<title>Beveik rojus<\/title>\n<meta name=\"description\" content=\"\u201eBeveik rojus\u201c \u2013 istorinis jausm\u0173 romanas. Elizabeta Kameron, Heivenhersto grafien\u0117, yra kupina nei\u0161\u0161vaistyto \u0161velnumo ir beatodairi\u0161kos dr\u0105sos,\" \/>\n<meta name=\"robots\" content=\"index, follow, max-snippet:-1, max-image-preview:large, max-video-preview:-1\" \/>\n<link rel=\"canonical\" href=\"https:\/\/skaitytaknyga.lt\/en\/produktas\/beveik-rojus\/\" \/>\n<meta property=\"og:locale\" content=\"en_GB\" \/>\n<meta property=\"og:locale:alternate\" content=\"lt_LT\" \/>\n<meta property=\"og:type\" content=\"article\" \/>\n<meta property=\"og:title\" content=\"Beveik rojus\" \/>\n<meta property=\"og:description\" content=\"\u201eBeveik rojus\u201c \u2013 istorinis jausm\u0173 romanas. Elizabeta Kameron, Heivenhersto grafien\u0117, yra kupina nei\u0161\u0161vaistyto \u0161velnumo ir beatodairi\u0161kos dr\u0105sos,\" \/>\n<meta property=\"og:url\" content=\"https:\/\/skaitytaknyga.lt\/en\/produktas\/beveik-rojus\/\" \/>\n<meta property=\"og:site_name\" content=\"Skaitytaknyga\" \/>\n<meta property=\"article:publisher\" content=\"https:\/\/www.facebook.com\/skaitytaknyga\/\" \/>\n<meta property=\"article:modified_time\" content=\"2025-10-06T10:05:31+00:00\" \/>\n<meta property=\"og:image\" content=\"https:\/\/skaitytaknyga.lt\/wp-content\/uploads\/2025\/09\/Beveik-rojus-1.webp\" \/>\n\t<meta property=\"og:image:width\" content=\"300\" \/>\n\t<meta property=\"og:image:height\" content=\"442\" \/>\n\t<meta property=\"og:image:type\" content=\"image\/webp\" \/>\n<meta name=\"twitter:card\" content=\"summary_large_image\" \/>\n<meta name=\"twitter:label1\" content=\"Estimated reading time\" \/>\n\t<meta name=\"twitter:data1\" content=\"1 minute\" \/>\n<script type=\"application\/ld+json\" class=\"yoast-schema-graph\">{\"@context\":\"https:\/\/schema.org\",\"@graph\":[{\"@type\":\"WebPage\",\"@id\":\"https:\/\/skaitytaknyga.lt\/produktas\/beveik-rojus\/\",\"url\":\"https:\/\/skaitytaknyga.lt\/produktas\/beveik-rojus\/\",\"name\":\"Beveik rojus\",\"isPartOf\":{\"@id\":\"https:\/\/skaitytaknyga.lt\/#website\"},\"primaryImageOfPage\":{\"@id\":\"https:\/\/skaitytaknyga.lt\/produktas\/beveik-rojus\/#primaryimage\"},\"image\":{\"@id\":\"https:\/\/skaitytaknyga.lt\/produktas\/beveik-rojus\/#primaryimage\"},\"thumbnailUrl\":\"https:\/\/skaitytaknyga.lt\/wp-content\/uploads\/2025\/09\/Beveik-rojus-1.webp\",\"datePublished\":\"2025-09-17T15:36:14+00:00\",\"dateModified\":\"2025-10-06T10:05:31+00:00\",\"description\":\"\u201eBeveik rojus\u201c \u2013 istorinis jausm\u0173 romanas. Elizabeta Kameron, Heivenhersto grafien\u0117, yra kupina nei\u0161\u0161vaistyto \u0161velnumo ir beatodairi\u0161kos dr\u0105sos,\",\"breadcrumb\":{\"@id\":\"https:\/\/skaitytaknyga.lt\/produktas\/beveik-rojus\/#breadcrumb\"},\"inLanguage\":\"en-GB\",\"potentialAction\":[{\"@type\":\"ReadAction\",\"target\":[\"https:\/\/skaitytaknyga.lt\/produktas\/beveik-rojus\/\"]}]},{\"@type\":\"ImageObject\",\"inLanguage\":\"en-GB\",\"@id\":\"https:\/\/skaitytaknyga.lt\/produktas\/beveik-rojus\/#primaryimage\",\"url\":\"https:\/\/skaitytaknyga.lt\/wp-content\/uploads\/2025\/09\/Beveik-rojus-1.webp\",\"contentUrl\":\"https:\/\/skaitytaknyga.lt\/wp-content\/uploads\/2025\/09\/Beveik-rojus-1.webp\",\"width\":300,\"height\":442},{\"@type\":\"BreadcrumbList\",\"@id\":\"https:\/\/skaitytaknyga.lt\/produktas\/beveik-rojus\/#breadcrumb\",\"itemListElement\":[{\"@type\":\"ListItem\",\"position\":1,\"name\":\"Home\",\"item\":\"https:\/\/skaitytaknyga.lt\/\"},{\"@type\":\"ListItem\",\"position\":2,\"name\":\"Parduotuv\u0117\",\"item\":\"https:\/\/skaitytaknyga.lt\/knygu-parduotuve\/\"},{\"@type\":\"ListItem\",\"position\":3,\"name\":\"Beveik rojus\"}]},{\"@type\":\"WebSite\",\"@id\":\"https:\/\/skaitytaknyga.lt\/#website\",\"url\":\"https:\/\/skaitytaknyga.lt\/\",\"name\":\"skaitytaknyga.lt\",\"description\":\"Skaitytaknyga.lt \u2013 tai ma\u017eas \u0161eimos verslas, kuris prasid\u0117jo nuo meil\u0117s knygoms ir siekio i\u0161gelb\u0117ti knygas nuo likimo prie konteinerio. Kas vienam nereikalingas daiktas \u2013 kitam lobis, o mes esame tarpininkai, kurie padeda abiems tapti laimingesniems ???? \u017dinome kaip nelengva i\u0161gyventi ma\u017eiems verslams, tad nuo \u0161iol, \u010dia rasite ir kit\u0173, ma\u017e\u0173 \u0161eim\u0173 versl\u0173, rank\u0173 darbo, dovan\u0173 sau ir artimiesiems.\",\"publisher\":{\"@id\":\"https:\/\/skaitytaknyga.lt\/#organization\"},\"potentialAction\":[{\"@type\":\"SearchAction\",\"target\":{\"@type\":\"EntryPoint\",\"urlTemplate\":\"https:\/\/skaitytaknyga.lt\/?s={search_term_string}\"},\"query-input\":{\"@type\":\"PropertyValueSpecification\",\"valueRequired\":true,\"valueName\":\"search_term_string\"}}],\"inLanguage\":\"en-GB\"},{\"@type\":\"Organization\",\"@id\":\"https:\/\/skaitytaknyga.lt\/#organization\",\"name\":\"skaitytaknyga.lt\",\"url\":\"https:\/\/skaitytaknyga.lt\/\",\"logo\":{\"@type\":\"ImageObject\",\"inLanguage\":\"en-GB\",\"@id\":\"https:\/\/skaitytaknyga.lt\/#\/schema\/logo\/image\/\",\"url\":\"https:\/\/skaitytaknyga.lt\/wp-content\/uploads\/2024\/05\/cropped-cropped-cropped-02_00843_jt3bggkj1j3HLc7SyY6rEUpg.jpeg\",\"contentUrl\":\"https:\/\/skaitytaknyga.lt\/wp-content\/uploads\/2024\/05\/cropped-cropped-cropped-02_00843_jt3bggkj1j3HLc7SyY6rEUpg.jpeg\",\"width\":1600,\"height\":1600,\"caption\":\"skaitytaknyga.lt\"},\"image\":{\"@id\":\"https:\/\/skaitytaknyga.lt\/#\/schema\/logo\/image\/\"},\"sameAs\":[\"https:\/\/www.facebook.com\/skaitytaknyga\/\"]}]}<\/script>\n<!-- \/ Yoast SEO plugin. -->","yoast_head_json":{"title":"Beveik rojus","description":"\u201eBeveik rojus\u201c \u2013 istorinis jausm\u0173 romanas. Elizabeta Kameron, Heivenhersto grafien\u0117, yra kupina nei\u0161\u0161vaistyto \u0161velnumo ir beatodairi\u0161kos dr\u0105sos,","robots":{"index":"index","follow":"follow","max-snippet":"max-snippet:-1","max-image-preview":"max-image-preview:large","max-video-preview":"max-video-preview:-1"},"canonical":"https:\/\/skaitytaknyga.lt\/en\/produktas\/beveik-rojus\/","og_locale":"en_GB","og_type":"article","og_title":"[:lt]Beveik rojus[:] - Skaitytaknyga","og_description":"\u201eBeveik rojus\u201c \u2013 istorinis jausm\u0173 romanas. Elizabeta Kameron, Heivenhersto grafien\u0117, yra kupina nei\u0161\u0161vaistyto \u0161velnumo ir beatodairi\u0161kos dr\u0105sos,","og_url":"https:\/\/skaitytaknyga.lt\/en\/produktas\/beveik-rojus\/","og_site_name":"Skaitytaknyga","article_publisher":"https:\/\/www.facebook.com\/skaitytaknyga\/","article_modified_time":"2025-10-06T10:05:31+00:00","og_image":[{"width":300,"height":442,"url":"https:\/\/skaitytaknyga.lt\/wp-content\/uploads\/2025\/09\/Beveik-rojus-1.webp","type":"image\/webp"}],"twitter_card":"summary_large_image","twitter_misc":{"Estimated reading time":"1 minute"},"schema":{"@context":"https:\/\/schema.org","@graph":[{"@type":"WebPage","@id":"https:\/\/skaitytaknyga.lt\/produktas\/beveik-rojus\/","url":"https:\/\/skaitytaknyga.lt\/produktas\/beveik-rojus\/","name":"Beveik rojus","isPartOf":{"@id":"https:\/\/skaitytaknyga.lt\/#website"},"primaryImageOfPage":{"@id":"https:\/\/skaitytaknyga.lt\/produktas\/beveik-rojus\/#primaryimage"},"image":{"@id":"https:\/\/skaitytaknyga.lt\/produktas\/beveik-rojus\/#primaryimage"},"thumbnailUrl":"https:\/\/skaitytaknyga.lt\/wp-content\/uploads\/2025\/09\/Beveik-rojus-1.webp","datePublished":"2025-09-17T15:36:14+00:00","dateModified":"2025-10-06T10:05:31+00:00","description":"\u201eBeveik rojus\u201c \u2013 istorinis jausm\u0173 romanas. Elizabeta Kameron, Heivenhersto grafien\u0117, yra kupina nei\u0161\u0161vaistyto \u0161velnumo ir beatodairi\u0161kos dr\u0105sos,","breadcrumb":{"@id":"https:\/\/skaitytaknyga.lt\/produktas\/beveik-rojus\/#breadcrumb"},"inLanguage":"en-GB","potentialAction":[{"@type":"ReadAction","target":["https:\/\/skaitytaknyga.lt\/produktas\/beveik-rojus\/"]}]},{"@type":"ImageObject","inLanguage":"en-GB","@id":"https:\/\/skaitytaknyga.lt\/produktas\/beveik-rojus\/#primaryimage","url":"https:\/\/skaitytaknyga.lt\/wp-content\/uploads\/2025\/09\/Beveik-rojus-1.webp","contentUrl":"https:\/\/skaitytaknyga.lt\/wp-content\/uploads\/2025\/09\/Beveik-rojus-1.webp","width":300,"height":442},{"@type":"BreadcrumbList","@id":"https:\/\/skaitytaknyga.lt\/produktas\/beveik-rojus\/#breadcrumb","itemListElement":[{"@type":"ListItem","position":1,"name":"Home","item":"https:\/\/skaitytaknyga.lt\/"},{"@type":"ListItem","position":2,"name":"Parduotuv\u0117","item":"https:\/\/skaitytaknyga.lt\/knygu-parduotuve\/"},{"@type":"ListItem","position":3,"name":"Beveik rojus"}]},{"@type":"WebSite","@id":"https:\/\/skaitytaknyga.lt\/#website","url":"https:\/\/skaitytaknyga.lt\/","name":"skaitytaknyga.lt","description":"Skaitytaknyga.lt \u2013 tai ma\u017eas \u0161eimos verslas, kuris prasid\u0117jo nuo meil\u0117s knygoms ir siekio i\u0161gelb\u0117ti knygas nuo likimo prie konteinerio. Kas vienam nereikalingas daiktas \u2013 kitam lobis, o mes esame tarpininkai, kurie padeda abiems tapti laimingesniems ???? \u017dinome kaip nelengva i\u0161gyventi ma\u017eiems verslams, tad nuo \u0161iol, \u010dia rasite ir kit\u0173, ma\u017e\u0173 \u0161eim\u0173 versl\u0173, rank\u0173 darbo, dovan\u0173 sau ir artimiesiems.","publisher":{"@id":"https:\/\/skaitytaknyga.lt\/#organization"},"potentialAction":[{"@type":"SearchAction","target":{"@type":"EntryPoint","urlTemplate":"https:\/\/skaitytaknyga.lt\/?s={search_term_string}"},"query-input":{"@type":"PropertyValueSpecification","valueRequired":true,"valueName":"search_term_string"}}],"inLanguage":"en-GB"},{"@type":"Organization","@id":"https:\/\/skaitytaknyga.lt\/#organization","name":"skaitytaknyga.lt","url":"https:\/\/skaitytaknyga.lt\/","logo":{"@type":"ImageObject","inLanguage":"en-GB","@id":"https:\/\/skaitytaknyga.lt\/#\/schema\/logo\/image\/","url":"https:\/\/skaitytaknyga.lt\/wp-content\/uploads\/2024\/05\/cropped-cropped-cropped-02_00843_jt3bggkj1j3HLc7SyY6rEUpg.jpeg","contentUrl":"https:\/\/skaitytaknyga.lt\/wp-content\/uploads\/2024\/05\/cropped-cropped-cropped-02_00843_jt3bggkj1j3HLc7SyY6rEUpg.jpeg","width":1600,"height":1600,"caption":"skaitytaknyga.lt"},"image":{"@id":"https:\/\/skaitytaknyga.lt\/#\/schema\/logo\/image\/"},"sameAs":["https:\/\/www.facebook.com\/skaitytaknyga\/"]}]}},"_links":{"self":[{"href":"https:\/\/skaitytaknyga.lt\/en\/wp-json\/wp\/v2\/product\/20847","targetHints":{"allow":["GET"]}}],"collection":[{"href":"https:\/\/skaitytaknyga.lt\/en\/wp-json\/wp\/v2\/product"}],"about":[{"href":"https:\/\/skaitytaknyga.lt\/en\/wp-json\/wp\/v2\/types\/product"}],"replies":[{"embeddable":true,"href":"https:\/\/skaitytaknyga.lt\/en\/wp-json\/wp\/v2\/comments?post=20847"}],"wp:featuredmedia":[{"embeddable":true,"href":"https:\/\/skaitytaknyga.lt\/en\/wp-json\/wp\/v2\/media\/20853"}],"wp:attachment":[{"href":"https:\/\/skaitytaknyga.lt\/en\/wp-json\/wp\/v2\/media?parent=20847"}],"wp:term":[{"taxonomy":"product_brand","embeddable":true,"href":"https:\/\/skaitytaknyga.lt\/en\/wp-json\/wp\/v2\/product_brand?post=20847"},{"taxonomy":"product_cat","embeddable":true,"href":"https:\/\/skaitytaknyga.lt\/en\/wp-json\/wp\/v2\/product_cat?post=20847"},{"taxonomy":"product_tag","embeddable":true,"href":"https:\/\/skaitytaknyga.lt\/en\/wp-json\/wp\/v2\/product_tag?post=20847"}],"curies":[{"name":"wp","href":"https:\/\/api.w.org\/{rel}","templated":true}]}}