{"id":20846,"date":"2025-09-17T18:36:13","date_gmt":"2025-09-17T15:36:13","guid":{"rendered":"https:\/\/skaitytaknyga.lt\/?post_type=product&#038;p=20846"},"modified":"2025-10-06T13:05:31","modified_gmt":"2025-10-06T10:05:31","slug":"kaip-mes-kuriame-atsiminimus-ir-kaip-atsiminimai-kuria-mus","status":"publish","type":"product","link":"https:\/\/skaitytaknyga.lt\/en\/produktas\/kaip-mes-kuriame-atsiminimus-ir-kaip-atsiminimai-kuria-mus\/","title":{"rendered":"Kaip mes kuriame atsiminimus ir kaip atsiminimai kuria mus"},"content":{"rendered":"<p>Kiekvieno i\u0161 m\u016bs\u0173 gyvenime pasitaiko toki\u0173 \u012fvyki\u0173, kuriuos patirdami jau \u017einome, kad jie visam laikui \u012fsir\u0117\u0161 \u012f m\u016bs\u0173 atmint\u012f. Kartais \u0161i nuojauta b\u016bna ypa\u010d stipri, nors n\u0117ra prareg\u0117jimas, ir ima atrodyti, kad aptikai nauj\u0105 suvokimo lygmen\u012f.<\/p>\n<p>Li\u016bdesio \u0161e\u0161\u0117lis, meil\u0117s pli\u016bpsnis, netekties g\u0117la, nevilties ar apgailestavimo \u0161uoras. Atsiminimai gali mus sujaudinti, da\u017eniausiai tai atsitinka tada, kai ma\u017eiausiai tikim\u0117s. Jie \u017eymi proces\u0105, nuolat vykstant\u012f m\u016bs\u0173 kasdienyb\u0117s fone. \u0160is procesas mus formuoja \u2013 filtruoja aplinkin\u012f pasaul\u012f, paveikia elgsen\u0105 ir maitina vaizduot\u0119.<\/p>\n<p>Veronica O\u2019Keane, garsi psichiatr\u0117, profesor\u0117, daug met\u0173 steb\u0117jo atminties s\u0105sajas su patirtimi. Knygoje \u201eKaip mes kuriame atsiminimus ir kaip atsiminimai kuria mus\u201c autor\u0117 kelia daug klausim\u0173.<\/p>\n<p>Kod\u0117l atsiminimai gali b\u016bti i\u0161gyvenami taip tikrovi\u0161kai?<br \/>\nKaip su jais siejasi m\u016bs\u0173 poj\u016b\u010diai ir suvokimas?<br \/>\nKod\u0117l atmin\u010diai labai svarbi yra vieta?<br \/>\nAr egzistuoja tokie dalykai, kaip \u201etikri\u201c ir \u201eapgaulingi\u201c atsiminimai?<br \/>\nIr svarbiausia, kas vyksta, kai atminties proces\u0105 sutrikdo psichin\u0117 liga?<\/p>\n<p>Pasitelkdama skaud\u017eias savo pacient\u0173 istorijas, daugyb\u0119 pavyzd\u017ei\u0173 i\u0161 literat\u016bros k\u016brini\u0173, \u017einom\u0173 pasak\u0173 ir naujausius neuromokslo tyrimus, Veronica O\u2019Keane kei\u010dia m\u016bs\u0173 supratim\u0105 apie nepaprastas \u017emogaus smegen\u0173 paslaptis \u2013 nuo vaikyst\u0117s ir paauglyst\u0117s iki gyvenimo pabaigos.<\/p>\n","protected":false},"excerpt":{"rendered":"<p>Kiekvieno i\u0161 m\u016bs\u0173 gyvenime pasitaiko toki\u0173 \u012fvyki\u0173, kuriuos patirdami jau \u017einome, kad jie visam laikui \u012fsir\u0117\u0161 \u012f m\u016bs\u0173 atmint\u012f. Kartais \u0161i nuojauta b\u016bna ypa\u010d stipri, nors n\u0117ra prareg\u0117jimas, ir ima atrodyti, kad aptikai nauj\u0105 suvokimo lygmen\u012f. Li\u016bdesio \u0161e\u0161\u0117lis, meil\u0117s pli\u016bpsnis, netekties g\u0117la, nevilties ar apgailestavimo \u0161uoras. Atsiminimai gali mus sujaudinti, da\u017eniausiai tai atsitinka tada, kai ma\u017eiausiai tikim\u0117s. Jie \u017eymi proces\u0105, nuolat vykstant\u012f m\u016bs\u0173 kasdienyb\u0117s fone. \u0160is procesas mus formuoja \u2013 filtruoja aplinkin\u012f pasaul\u012f, paveikia elgsen\u0105 ir maitina vaizduot\u0119. Veronica O\u2019Keane, garsi psichiatr\u0117, profesor\u0117, daug met\u0173 steb\u0117jo atminties s\u0105sajas su patirtimi. Knygoje \u201eKaip mes kuriame atsiminimus ir kaip atsiminimai kuria mus\u201c autor\u0117 kelia daug klausim\u0173. Kod\u0117l atsiminimai gali b\u016bti i\u0161gyvenami taip tikrovi\u0161kai? Kaip su jais siejasi m\u016bs\u0173 poj\u016b\u010diai ir suvokimas? Kod\u0117l atmin\u010diai labai svarbi yra vieta? Ar egzistuoja tokie dalykai, kaip \u201etikri\u201c ir \u201eapgaulingi\u201c atsiminimai? Ir svarbiausia, kas vyksta, kai atminties proces\u0105 sutrikdo psichin\u0117 liga? Pasitelkdama skaud\u017eias savo pacient\u0173 istorijas, daugyb\u0119 pavyzd\u017ei\u0173 i\u0161 literat\u016bros k\u016brini\u0173, \u017einom\u0173 pasak\u0173 ir naujausius neuromokslo tyrimus, Veronica O\u2019Keane kei\u010dia m\u016bs\u0173 supratim\u0105 apie nepaprastas \u017emogaus smegen\u0173 paslaptis \u2013 nuo vaikyst\u0117s ir paauglyst\u0117s iki gyvenimo pabaigos.<\/p>\n","protected":false},"featured_media":20852,"comment_status":"open","ping_status":"closed","template":"","meta":{"_acf_changed":false,"site-sidebar-layout":"default","site-content-layout":"","ast-site-content-layout":"default","site-content-style":"default","site-sidebar-style":"default","ast-global-header-display":"","ast-banner-title-visibility":"","ast-main-header-display":"","ast-hfb-above-header-display":"","ast-hfb-below-header-display":"","ast-hfb-mobile-header-display":"","site-post-title":"","ast-breadcrumbs-content":"","ast-featured-img":"","footer-sml-layout":"","ast-disable-related-posts":"","theme-transparent-header-meta":"","adv-header-id-meta":"","stick-header-meta":"","header-above-stick-meta":"","header-main-stick-meta":"","header-below-stick-meta":"","astra-migrate-meta-layouts":"default","ast-page-background-enabled":"default","ast-page-background-meta":{"desktop":{"background-color":"","background-image":"","background-repeat":"repeat","background-position":"center center","background-size":"auto","background-attachment":"scroll","background-type":"","background-media":"","overlay-type":"","overlay-color":"","overlay-opacity":"","overlay-gradient":""},"tablet":{"background-color":"","background-image":"","background-repeat":"repeat","background-position":"center center","background-size":"auto","background-attachment":"scroll","background-type":"","background-media":"","overlay-type":"","overlay-color":"","overlay-opacity":"","overlay-gradient":""},"mobile":{"background-color":"","background-image":"","background-repeat":"repeat","background-position":"center center","background-size":"auto","background-attachment":"scroll","background-type":"","background-media":"","overlay-type":"","overlay-color":"","overlay-opacity":"","overlay-gradient":""}},"ast-content-background-meta":{"desktop":{"background-color":"var(--ast-global-color-4)","background-image":"","background-repeat":"repeat","background-position":"center center","background-size":"auto","background-attachment":"scroll","background-type":"","background-media":"","overlay-type":"","overlay-color":"","overlay-opacity":"","overlay-gradient":""},"tablet":{"background-color":"var(--ast-global-color-4)","background-image":"","background-repeat":"repeat","background-position":"center center","background-size":"auto","background-attachment":"scroll","background-type":"","background-media":"","overlay-type":"","overlay-color":"","overlay-opacity":"","overlay-gradient":""},"mobile":{"background-color":"var(--ast-global-color-4)","background-image":"","background-repeat":"repeat","background-position":"center center","background-size":"auto","background-attachment":"scroll","background-type":"","background-media":"","overlay-type":"","overlay-color":"","overlay-opacity":"","overlay-gradient":""}}},"product_brand":[],"product_cat":[30],"product_tag":[4158,1525,8658,1520,3297,8660,1392,8661,8659],"class_list":{"0":"post-20846","1":"product","2":"type-product","3":"status-publish","4":"has-post-thumbnail","6":"product_cat-psichologija-ir-saviugda","7":"product_tag-atmintis","8":"product_tag-emocijos","9":"product_tag-kaip-mes-kuriame-atsiminimus-ir-kaip-atsiminimai-kuria-mus","10":"product_tag-neuromokslas","11":"product_tag-patirtis","12":"product_tag-pojuciai","13":"product_tag-psichologija","14":"product_tag-smegenys","15":"product_tag-suvokimas","16":"desktop-align-left","17":"tablet-align-left","18":"mobile-align-left","20":"first","21":"instock","22":"shipping-taxable","23":"purchasable","24":"product-type-simple"},"acf":[],"yoast_head":"<!-- This site is optimized with the Yoast SEO plugin v27.4 - https:\/\/yoast.com\/product\/yoast-seo-wordpress\/ -->\n<title>Kaip mes kuriame atsiminimus ir kaip atsiminimai kuria mus<\/title>\n<meta name=\"description\" content=\"Kiekvieno i\u0161 m\u016bs\u0173 gyvenime pasitaiko toki\u0173 \u012fvyki\u0173, kuriuos patirdami jau \u017einome, kad jie visam laikui \u012fsir\u0117\u0161 \u012f m\u016bs\u0173 atmint\u012f. Kartais \u0161i nuojauta b\u016bna ypa\u010d\" \/>\n<meta name=\"robots\" content=\"index, follow, max-snippet:-1, max-image-preview:large, max-video-preview:-1\" \/>\n<link rel=\"canonical\" href=\"https:\/\/skaitytaknyga.lt\/en\/produktas\/kaip-mes-kuriame-atsiminimus-ir-kaip-atsiminimai-kuria-mus\/\" \/>\n<meta property=\"og:locale\" content=\"en_GB\" \/>\n<meta property=\"og:locale:alternate\" content=\"lt_LT\" \/>\n<meta property=\"og:type\" content=\"article\" \/>\n<meta property=\"og:title\" content=\"Kaip mes kuriame atsiminimus ir kaip atsiminimai kuria mus\" \/>\n<meta property=\"og:description\" content=\"Kiekvieno i\u0161 m\u016bs\u0173 gyvenime pasitaiko toki\u0173 \u012fvyki\u0173, kuriuos patirdami jau \u017einome, kad jie visam laikui \u012fsir\u0117\u0161 \u012f m\u016bs\u0173 atmint\u012f. Kartais \u0161i nuojauta b\u016bna ypa\u010d\" \/>\n<meta property=\"og:url\" content=\"https:\/\/skaitytaknyga.lt\/en\/produktas\/kaip-mes-kuriame-atsiminimus-ir-kaip-atsiminimai-kuria-mus\/\" \/>\n<meta property=\"og:site_name\" content=\"Skaitytaknyga\" \/>\n<meta property=\"article:publisher\" content=\"https:\/\/www.facebook.com\/skaitytaknyga\/\" \/>\n<meta property=\"article:modified_time\" content=\"2025-10-06T10:05:31+00:00\" \/>\n<meta property=\"og:image\" content=\"https:\/\/skaitytaknyga.lt\/wp-content\/uploads\/2025\/09\/Kaip-mes-kuriame-atsiminimus-ir-kaip-atsiminimai-kuria-mus-1.webp\" \/>\n\t<meta property=\"og:image:width\" content=\"300\" \/>\n\t<meta property=\"og:image:height\" content=\"447\" \/>\n\t<meta property=\"og:image:type\" content=\"image\/webp\" \/>\n<meta name=\"twitter:card\" content=\"summary_large_image\" \/>\n<meta name=\"twitter:label1\" content=\"Estimated reading time\" \/>\n\t<meta name=\"twitter:data1\" content=\"1 minute\" \/>\n<script type=\"application\/ld+json\" class=\"yoast-schema-graph\">{\"@context\":\"https:\\\/\\\/schema.org\",\"@graph\":[{\"@type\":\"WebPage\",\"@id\":\"https:\\\/\\\/skaitytaknyga.lt\\\/produktas\\\/kaip-mes-kuriame-atsiminimus-ir-kaip-atsiminimai-kuria-mus\\\/\",\"url\":\"https:\\\/\\\/skaitytaknyga.lt\\\/produktas\\\/kaip-mes-kuriame-atsiminimus-ir-kaip-atsiminimai-kuria-mus\\\/\",\"name\":\"Kaip mes kuriame atsiminimus ir kaip atsiminimai kuria mus\",\"isPartOf\":{\"@id\":\"https:\\\/\\\/skaitytaknyga.lt\\\/#website\"},\"primaryImageOfPage\":{\"@id\":\"https:\\\/\\\/skaitytaknyga.lt\\\/produktas\\\/kaip-mes-kuriame-atsiminimus-ir-kaip-atsiminimai-kuria-mus\\\/#primaryimage\"},\"image\":{\"@id\":\"https:\\\/\\\/skaitytaknyga.lt\\\/produktas\\\/kaip-mes-kuriame-atsiminimus-ir-kaip-atsiminimai-kuria-mus\\\/#primaryimage\"},\"thumbnailUrl\":\"https:\\\/\\\/skaitytaknyga.lt\\\/wp-content\\\/uploads\\\/2025\\\/09\\\/Kaip-mes-kuriame-atsiminimus-ir-kaip-atsiminimai-kuria-mus-1.webp\",\"datePublished\":\"2025-09-17T15:36:13+00:00\",\"dateModified\":\"2025-10-06T10:05:31+00:00\",\"description\":\"Kiekvieno i\u0161 m\u016bs\u0173 gyvenime pasitaiko toki\u0173 \u012fvyki\u0173, kuriuos patirdami jau \u017einome, kad jie visam laikui \u012fsir\u0117\u0161 \u012f m\u016bs\u0173 atmint\u012f. Kartais \u0161i nuojauta b\u016bna ypa\u010d\",\"breadcrumb\":{\"@id\":\"https:\\\/\\\/skaitytaknyga.lt\\\/produktas\\\/kaip-mes-kuriame-atsiminimus-ir-kaip-atsiminimai-kuria-mus\\\/#breadcrumb\"},\"inLanguage\":\"en-GB\",\"potentialAction\":[{\"@type\":\"ReadAction\",\"target\":[\"https:\\\/\\\/skaitytaknyga.lt\\\/produktas\\\/kaip-mes-kuriame-atsiminimus-ir-kaip-atsiminimai-kuria-mus\\\/\"]}]},{\"@type\":\"ImageObject\",\"inLanguage\":\"en-GB\",\"@id\":\"https:\\\/\\\/skaitytaknyga.lt\\\/produktas\\\/kaip-mes-kuriame-atsiminimus-ir-kaip-atsiminimai-kuria-mus\\\/#primaryimage\",\"url\":\"https:\\\/\\\/skaitytaknyga.lt\\\/wp-content\\\/uploads\\\/2025\\\/09\\\/Kaip-mes-kuriame-atsiminimus-ir-kaip-atsiminimai-kuria-mus-1.webp\",\"contentUrl\":\"https:\\\/\\\/skaitytaknyga.lt\\\/wp-content\\\/uploads\\\/2025\\\/09\\\/Kaip-mes-kuriame-atsiminimus-ir-kaip-atsiminimai-kuria-mus-1.webp\",\"width\":300,\"height\":447},{\"@type\":\"BreadcrumbList\",\"@id\":\"https:\\\/\\\/skaitytaknyga.lt\\\/produktas\\\/kaip-mes-kuriame-atsiminimus-ir-kaip-atsiminimai-kuria-mus\\\/#breadcrumb\",\"itemListElement\":[{\"@type\":\"ListItem\",\"position\":1,\"name\":\"Home\",\"item\":\"https:\\\/\\\/skaitytaknyga.lt\\\/\"},{\"@type\":\"ListItem\",\"position\":2,\"name\":\"Parduotuv\u0117\",\"item\":\"https:\\\/\\\/skaitytaknyga.lt\\\/knygu-parduotuve\\\/\"},{\"@type\":\"ListItem\",\"position\":3,\"name\":\"Kaip mes kuriame atsiminimus ir kaip atsiminimai kuria mus\"}]},{\"@type\":\"WebSite\",\"@id\":\"https:\\\/\\\/skaitytaknyga.lt\\\/#website\",\"url\":\"https:\\\/\\\/skaitytaknyga.lt\\\/\",\"name\":\"skaitytaknyga.lt\",\"description\":\"Skaitytaknyga.lt \u2013 tai ma\u017eas \u0161eimos verslas, kuris prasid\u0117jo nuo meil\u0117s knygoms ir siekio i\u0161gelb\u0117ti knygas nuo likimo prie konteinerio. Kas vienam nereikalingas daiktas \u2013 kitam lobis, o mes esame tarpininkai, kurie padeda abiems tapti laimingesniems ???? \u017dinome kaip nelengva i\u0161gyventi ma\u017eiems verslams, tad nuo \u0161iol, \u010dia rasite ir kit\u0173, ma\u017e\u0173 \u0161eim\u0173 versl\u0173, rank\u0173 darbo, dovan\u0173 sau ir artimiesiems.\",\"publisher\":{\"@id\":\"https:\\\/\\\/skaitytaknyga.lt\\\/#organization\"},\"potentialAction\":[{\"@type\":\"SearchAction\",\"target\":{\"@type\":\"EntryPoint\",\"urlTemplate\":\"https:\\\/\\\/skaitytaknyga.lt\\\/?s={search_term_string}\"},\"query-input\":{\"@type\":\"PropertyValueSpecification\",\"valueRequired\":true,\"valueName\":\"search_term_string\"}}],\"inLanguage\":\"en-GB\"},{\"@type\":\"Organization\",\"@id\":\"https:\\\/\\\/skaitytaknyga.lt\\\/#organization\",\"name\":\"skaitytaknyga.lt\",\"url\":\"https:\\\/\\\/skaitytaknyga.lt\\\/\",\"logo\":{\"@type\":\"ImageObject\",\"inLanguage\":\"en-GB\",\"@id\":\"https:\\\/\\\/skaitytaknyga.lt\\\/#\\\/schema\\\/logo\\\/image\\\/\",\"url\":\"https:\\\/\\\/skaitytaknyga.lt\\\/wp-content\\\/uploads\\\/2024\\\/05\\\/cropped-cropped-cropped-02_00843_jt3bggkj1j3HLc7SyY6rEUpg.jpeg\",\"contentUrl\":\"https:\\\/\\\/skaitytaknyga.lt\\\/wp-content\\\/uploads\\\/2024\\\/05\\\/cropped-cropped-cropped-02_00843_jt3bggkj1j3HLc7SyY6rEUpg.jpeg\",\"width\":1600,\"height\":1600,\"caption\":\"skaitytaknyga.lt\"},\"image\":{\"@id\":\"https:\\\/\\\/skaitytaknyga.lt\\\/#\\\/schema\\\/logo\\\/image\\\/\"},\"sameAs\":[\"https:\\\/\\\/www.facebook.com\\\/skaitytaknyga\\\/\"]}]}<\/script>\n<!-- \/ Yoast SEO plugin. -->","yoast_head_json":{"title":"Kaip mes kuriame atsiminimus ir kaip atsiminimai kuria mus","description":"Kiekvieno i\u0161 m\u016bs\u0173 gyvenime pasitaiko toki\u0173 \u012fvyki\u0173, kuriuos patirdami jau \u017einome, kad jie visam laikui \u012fsir\u0117\u0161 \u012f m\u016bs\u0173 atmint\u012f. Kartais \u0161i nuojauta b\u016bna ypa\u010d","robots":{"index":"index","follow":"follow","max-snippet":"max-snippet:-1","max-image-preview":"max-image-preview:large","max-video-preview":"max-video-preview:-1"},"canonical":"https:\/\/skaitytaknyga.lt\/en\/produktas\/kaip-mes-kuriame-atsiminimus-ir-kaip-atsiminimai-kuria-mus\/","og_locale":"en_GB","og_type":"article","og_title":"[:lt]Kaip mes kuriame atsiminimus ir kaip atsiminimai kuria mus[:] - Skaitytaknyga","og_description":"Kiekvieno i\u0161 m\u016bs\u0173 gyvenime pasitaiko toki\u0173 \u012fvyki\u0173, kuriuos patirdami jau \u017einome, kad jie visam laikui \u012fsir\u0117\u0161 \u012f m\u016bs\u0173 atmint\u012f. Kartais \u0161i nuojauta b\u016bna ypa\u010d","og_url":"https:\/\/skaitytaknyga.lt\/en\/produktas\/kaip-mes-kuriame-atsiminimus-ir-kaip-atsiminimai-kuria-mus\/","og_site_name":"Skaitytaknyga","article_publisher":"https:\/\/www.facebook.com\/skaitytaknyga\/","article_modified_time":"2025-10-06T10:05:31+00:00","og_image":[{"width":300,"height":447,"url":"https:\/\/skaitytaknyga.lt\/wp-content\/uploads\/2025\/09\/Kaip-mes-kuriame-atsiminimus-ir-kaip-atsiminimai-kuria-mus-1.webp","type":"image\/webp"}],"twitter_card":"summary_large_image","twitter_misc":{"Estimated reading time":"1 minute"},"schema":{"@context":"https:\/\/schema.org","@graph":[{"@type":"WebPage","@id":"https:\/\/skaitytaknyga.lt\/produktas\/kaip-mes-kuriame-atsiminimus-ir-kaip-atsiminimai-kuria-mus\/","url":"https:\/\/skaitytaknyga.lt\/produktas\/kaip-mes-kuriame-atsiminimus-ir-kaip-atsiminimai-kuria-mus\/","name":"Kaip mes kuriame atsiminimus ir kaip atsiminimai kuria mus","isPartOf":{"@id":"https:\/\/skaitytaknyga.lt\/#website"},"primaryImageOfPage":{"@id":"https:\/\/skaitytaknyga.lt\/produktas\/kaip-mes-kuriame-atsiminimus-ir-kaip-atsiminimai-kuria-mus\/#primaryimage"},"image":{"@id":"https:\/\/skaitytaknyga.lt\/produktas\/kaip-mes-kuriame-atsiminimus-ir-kaip-atsiminimai-kuria-mus\/#primaryimage"},"thumbnailUrl":"https:\/\/skaitytaknyga.lt\/wp-content\/uploads\/2025\/09\/Kaip-mes-kuriame-atsiminimus-ir-kaip-atsiminimai-kuria-mus-1.webp","datePublished":"2025-09-17T15:36:13+00:00","dateModified":"2025-10-06T10:05:31+00:00","description":"Kiekvieno i\u0161 m\u016bs\u0173 gyvenime pasitaiko toki\u0173 \u012fvyki\u0173, kuriuos patirdami jau \u017einome, kad jie visam laikui \u012fsir\u0117\u0161 \u012f m\u016bs\u0173 atmint\u012f. Kartais \u0161i nuojauta b\u016bna ypa\u010d","breadcrumb":{"@id":"https:\/\/skaitytaknyga.lt\/produktas\/kaip-mes-kuriame-atsiminimus-ir-kaip-atsiminimai-kuria-mus\/#breadcrumb"},"inLanguage":"en-GB","potentialAction":[{"@type":"ReadAction","target":["https:\/\/skaitytaknyga.lt\/produktas\/kaip-mes-kuriame-atsiminimus-ir-kaip-atsiminimai-kuria-mus\/"]}]},{"@type":"ImageObject","inLanguage":"en-GB","@id":"https:\/\/skaitytaknyga.lt\/produktas\/kaip-mes-kuriame-atsiminimus-ir-kaip-atsiminimai-kuria-mus\/#primaryimage","url":"https:\/\/skaitytaknyga.lt\/wp-content\/uploads\/2025\/09\/Kaip-mes-kuriame-atsiminimus-ir-kaip-atsiminimai-kuria-mus-1.webp","contentUrl":"https:\/\/skaitytaknyga.lt\/wp-content\/uploads\/2025\/09\/Kaip-mes-kuriame-atsiminimus-ir-kaip-atsiminimai-kuria-mus-1.webp","width":300,"height":447},{"@type":"BreadcrumbList","@id":"https:\/\/skaitytaknyga.lt\/produktas\/kaip-mes-kuriame-atsiminimus-ir-kaip-atsiminimai-kuria-mus\/#breadcrumb","itemListElement":[{"@type":"ListItem","position":1,"name":"Home","item":"https:\/\/skaitytaknyga.lt\/"},{"@type":"ListItem","position":2,"name":"Parduotuv\u0117","item":"https:\/\/skaitytaknyga.lt\/knygu-parduotuve\/"},{"@type":"ListItem","position":3,"name":"Kaip mes kuriame atsiminimus ir kaip atsiminimai kuria mus"}]},{"@type":"WebSite","@id":"https:\/\/skaitytaknyga.lt\/#website","url":"https:\/\/skaitytaknyga.lt\/","name":"skaitytaknyga.lt","description":"Skaitytaknyga.lt \u2013 tai ma\u017eas \u0161eimos verslas, kuris prasid\u0117jo nuo meil\u0117s knygoms ir siekio i\u0161gelb\u0117ti knygas nuo likimo prie konteinerio. Kas vienam nereikalingas daiktas \u2013 kitam lobis, o mes esame tarpininkai, kurie padeda abiems tapti laimingesniems ???? \u017dinome kaip nelengva i\u0161gyventi ma\u017eiems verslams, tad nuo \u0161iol, \u010dia rasite ir kit\u0173, ma\u017e\u0173 \u0161eim\u0173 versl\u0173, rank\u0173 darbo, dovan\u0173 sau ir artimiesiems.","publisher":{"@id":"https:\/\/skaitytaknyga.lt\/#organization"},"potentialAction":[{"@type":"SearchAction","target":{"@type":"EntryPoint","urlTemplate":"https:\/\/skaitytaknyga.lt\/?s={search_term_string}"},"query-input":{"@type":"PropertyValueSpecification","valueRequired":true,"valueName":"search_term_string"}}],"inLanguage":"en-GB"},{"@type":"Organization","@id":"https:\/\/skaitytaknyga.lt\/#organization","name":"skaitytaknyga.lt","url":"https:\/\/skaitytaknyga.lt\/","logo":{"@type":"ImageObject","inLanguage":"en-GB","@id":"https:\/\/skaitytaknyga.lt\/#\/schema\/logo\/image\/","url":"https:\/\/skaitytaknyga.lt\/wp-content\/uploads\/2024\/05\/cropped-cropped-cropped-02_00843_jt3bggkj1j3HLc7SyY6rEUpg.jpeg","contentUrl":"https:\/\/skaitytaknyga.lt\/wp-content\/uploads\/2024\/05\/cropped-cropped-cropped-02_00843_jt3bggkj1j3HLc7SyY6rEUpg.jpeg","width":1600,"height":1600,"caption":"skaitytaknyga.lt"},"image":{"@id":"https:\/\/skaitytaknyga.lt\/#\/schema\/logo\/image\/"},"sameAs":["https:\/\/www.facebook.com\/skaitytaknyga\/"]}]}},"_links":{"self":[{"href":"https:\/\/skaitytaknyga.lt\/en\/wp-json\/wp\/v2\/product\/20846","targetHints":{"allow":["GET"]}}],"collection":[{"href":"https:\/\/skaitytaknyga.lt\/en\/wp-json\/wp\/v2\/product"}],"about":[{"href":"https:\/\/skaitytaknyga.lt\/en\/wp-json\/wp\/v2\/types\/product"}],"replies":[{"embeddable":true,"href":"https:\/\/skaitytaknyga.lt\/en\/wp-json\/wp\/v2\/comments?post=20846"}],"wp:featuredmedia":[{"embeddable":true,"href":"https:\/\/skaitytaknyga.lt\/en\/wp-json\/wp\/v2\/media\/20852"}],"wp:attachment":[{"href":"https:\/\/skaitytaknyga.lt\/en\/wp-json\/wp\/v2\/media?parent=20846"}],"wp:term":[{"taxonomy":"product_brand","embeddable":true,"href":"https:\/\/skaitytaknyga.lt\/en\/wp-json\/wp\/v2\/product_brand?post=20846"},{"taxonomy":"product_cat","embeddable":true,"href":"https:\/\/skaitytaknyga.lt\/en\/wp-json\/wp\/v2\/product_cat?post=20846"},{"taxonomy":"product_tag","embeddable":true,"href":"https:\/\/skaitytaknyga.lt\/en\/wp-json\/wp\/v2\/product_tag?post=20846"}],"curies":[{"name":"wp","href":"https:\/\/api.w.org\/{rel}","templated":true}]}}