{"id":20828,"date":"2025-09-13T21:10:20","date_gmt":"2025-09-13T18:10:20","guid":{"rendered":"https:\/\/skaitytaknyga.lt\/?post_type=product&#038;p=20828"},"modified":"2026-02-26T10:10:28","modified_gmt":"2026-02-26T08:10:28","slug":"vienove-ir-ivairove-zvilgsniai-i-ideju-istorija","status":"publish","type":"product","link":"https:\/\/skaitytaknyga.lt\/en\/produktas\/vienove-ir-ivairove-zvilgsniai-i-ideju-istorija\/","title":{"rendered":"Vienov\u0117 ir \u012fvairov\u0117: \u017dvilgsniai \u012f id\u0117j\u0173 istorij\u0105"},"content":{"rendered":"<p>\u0160io straipsni\u0173 rinkinio autorius domisi s\u0105vokomis ir intelektualiniais modeliais, kuriais remdamiesi skirting\u0173 epoch\u0173 \u017emon\u0117s m\u0117gina sutvarkyti savo kult\u016brin\u012f patyrim\u0105. Id\u0117jos turi savo istorij\u0105 &#8211; j\u0173 reik\u0161m\u0117s kinta, jos nevienodai paveikia \u012fvairi\u0173 istorini\u0173 situacij\u0173 likim\u0105. Berlinas aptaria laisv\u0117s sampratos, romantinio idealo raid\u0105, svarsto, kaip \u017emonija m\u0117gino atsakyti \u012f klausimus, ar egzistuoja darni universali\u0173 ties\u0173 visuma, pasiekiama racionaliais metodais, ar jos pagrindu galima protingai sutvarkyti visuomen\u0117s gyvenim\u0105. Berlino nagrin\u0117jamos problemos artimos ir aktualios Ryt\u0173 Europos skaitytojui.<\/p>\n","protected":false},"excerpt":{"rendered":"<p>\u0160io straipsni\u0173 rinkinio autorius domisi s\u0105vokomis ir intelektualiniais modeliais, kuriais remdamiesi skirting\u0173 epoch\u0173 \u017emon\u0117s m\u0117gina sutvarkyti savo kult\u016brin\u012f patyrim\u0105. Id\u0117jos turi savo istorij\u0105 &#8211; j\u0173 reik\u0161m\u0117s kinta, jos nevienodai paveikia \u012fvairi\u0173 istorini\u0173 situacij\u0173 likim\u0105. Berlinas aptaria laisv\u0117s sampratos, romantinio idealo raid\u0105, svarsto, kaip \u017emonija m\u0117gino atsakyti \u012f klausimus, ar egzistuoja darni universali\u0173 ties\u0173 visuma, pasiekiama racionaliais metodais, ar jos pagrindu galima protingai sutvarkyti visuomen\u0117s gyvenim\u0105. Berlino nagrin\u0117jamos problemos artimos ir aktualios Ryt\u0173 Europos skaitytojui.<\/p>\n","protected":false},"featured_media":20833,"comment_status":"open","ping_status":"closed","template":"","meta":{"_acf_changed":false,"site-sidebar-layout":"default","site-content-layout":"","ast-site-content-layout":"default","site-content-style":"default","site-sidebar-style":"default","ast-global-header-display":"","ast-banner-title-visibility":"","ast-main-header-display":"","ast-hfb-above-header-display":"","ast-hfb-below-header-display":"","ast-hfb-mobile-header-display":"","site-post-title":"","ast-breadcrumbs-content":"","ast-featured-img":"","footer-sml-layout":"","ast-disable-related-posts":"","theme-transparent-header-meta":"","adv-header-id-meta":"","stick-header-meta":"","header-above-stick-meta":"","header-main-stick-meta":"","header-below-stick-meta":"","astra-migrate-meta-layouts":"default","ast-page-background-enabled":"default","ast-page-background-meta":{"desktop":{"background-color":"","background-image":"","background-repeat":"repeat","background-position":"center center","background-size":"auto","background-attachment":"scroll","background-type":"","background-media":"","overlay-type":"","overlay-color":"","overlay-opacity":"","overlay-gradient":""},"tablet":{"background-color":"","background-image":"","background-repeat":"repeat","background-position":"center center","background-size":"auto","background-attachment":"scroll","background-type":"","background-media":"","overlay-type":"","overlay-color":"","overlay-opacity":"","overlay-gradient":""},"mobile":{"background-color":"","background-image":"","background-repeat":"repeat","background-position":"center center","background-size":"auto","background-attachment":"scroll","background-type":"","background-media":"","overlay-type":"","overlay-color":"","overlay-opacity":"","overlay-gradient":""}},"ast-content-background-meta":{"desktop":{"background-color":"var(--ast-global-color-4)","background-image":"","background-repeat":"repeat","background-position":"center center","background-size":"auto","background-attachment":"scroll","background-type":"","background-media":"","overlay-type":"","overlay-color":"","overlay-opacity":"","overlay-gradient":""},"tablet":{"background-color":"var(--ast-global-color-4)","background-image":"","background-repeat":"repeat","background-position":"center center","background-size":"auto","background-attachment":"scroll","background-type":"","background-media":"","overlay-type":"","overlay-color":"","overlay-opacity":"","overlay-gradient":""},"mobile":{"background-color":"var(--ast-global-color-4)","background-image":"","background-repeat":"repeat","background-position":"center center","background-size":"auto","background-attachment":"scroll","background-type":"","background-media":"","overlay-type":"","overlay-color":"","overlay-opacity":"","overlay-gradient":""}}},"product_brand":[],"product_cat":[165],"product_tag":[1467,8734,8735,8733,2376,3558,2696,3897],"class_list":{"0":"post-20828","1":"product","2":"type-product","3":"status-publish","4":"has-post-thumbnail","6":"product_cat-religija-filosofija-ir-ezoterika","7":"product_tag-filosofija","8":"product_tag-ideju-istorija","9":"product_tag-intelektualines-tradicijos","10":"product_tag-isaiah-berlin","11":"product_tag-kultura","12":"product_tag-laisve","13":"product_tag-romantizmas","14":"product_tag-rytu-europa","15":"desktop-align-left","16":"tablet-align-left","17":"mobile-align-left","19":"first","20":"instock","21":"shipping-taxable","22":"purchasable","23":"product-type-simple"},"acf":[],"yoast_head":"<!-- This site is optimized with the Yoast SEO plugin v27.0 - https:\/\/yoast.com\/product\/yoast-seo-wordpress\/ -->\n<title>Vienov\u0117 ir \u012fvairov\u0117: \u017dvilgsniai \u012f id\u0117j\u0173 istorij\u0105<\/title>\n<meta name=\"description\" content=\"\u0160io straipsni\u0173 rinkinio autorius domisi s\u0105vokomis ir intelektualiniais modeliais, kuriais remdamiesi skirting\u0173 epoch\u0173 \u017emon\u0117s m\u0117gina sutvarkyti savo\" \/>\n<meta name=\"robots\" content=\"index, follow, max-snippet:-1, max-image-preview:large, max-video-preview:-1\" \/>\n<link rel=\"canonical\" href=\"https:\/\/skaitytaknyga.lt\/en\/produktas\/vienove-ir-ivairove-zvilgsniai-i-ideju-istorija\/\" \/>\n<meta property=\"og:locale\" content=\"en_GB\" \/>\n<meta property=\"og:locale:alternate\" content=\"lt_LT\" \/>\n<meta property=\"og:type\" content=\"article\" \/>\n<meta property=\"og:title\" content=\"Vienov\u0117 ir \u012fvairov\u0117: \u017dvilgsniai \u012f id\u0117j\u0173 istorij\u0105\" \/>\n<meta property=\"og:description\" content=\"\u0160io straipsni\u0173 rinkinio autorius domisi s\u0105vokomis ir intelektualiniais modeliais, kuriais remdamiesi skirting\u0173 epoch\u0173 \u017emon\u0117s m\u0117gina sutvarkyti savo\" \/>\n<meta property=\"og:url\" content=\"https:\/\/skaitytaknyga.lt\/en\/produktas\/vienove-ir-ivairove-zvilgsniai-i-ideju-istorija\/\" \/>\n<meta property=\"og:site_name\" content=\"Skaitytaknyga\" \/>\n<meta property=\"article:publisher\" content=\"https:\/\/www.facebook.com\/skaitytaknyga\/\" \/>\n<meta property=\"article:modified_time\" content=\"2026-02-26T08:10:28+00:00\" \/>\n<meta property=\"og:image\" content=\"https:\/\/skaitytaknyga.lt\/wp-content\/uploads\/2025\/09\/Vienove-ir-ivairove-Zvilgsniai-i-ideju-istorija-1.webp\" \/>\n\t<meta property=\"og:image:width\" content=\"300\" \/>\n\t<meta property=\"og:image:height\" content=\"464\" \/>\n\t<meta property=\"og:image:type\" content=\"image\/webp\" \/>\n<meta name=\"twitter:card\" content=\"summary_large_image\" \/>\n<script type=\"application\/ld+json\" class=\"yoast-schema-graph\">{\"@context\":\"https:\/\/schema.org\",\"@graph\":[{\"@type\":\"WebPage\",\"@id\":\"https:\/\/skaitytaknyga.lt\/produktas\/vienove-ir-ivairove-zvilgsniai-i-ideju-istorija\/\",\"url\":\"https:\/\/skaitytaknyga.lt\/produktas\/vienove-ir-ivairove-zvilgsniai-i-ideju-istorija\/\",\"name\":\"Vienov\u0117 ir \u012fvairov\u0117: \u017dvilgsniai \u012f id\u0117j\u0173 istorij\u0105\",\"isPartOf\":{\"@id\":\"https:\/\/skaitytaknyga.lt\/#website\"},\"primaryImageOfPage\":{\"@id\":\"https:\/\/skaitytaknyga.lt\/produktas\/vienove-ir-ivairove-zvilgsniai-i-ideju-istorija\/#primaryimage\"},\"image\":{\"@id\":\"https:\/\/skaitytaknyga.lt\/produktas\/vienove-ir-ivairove-zvilgsniai-i-ideju-istorija\/#primaryimage\"},\"thumbnailUrl\":\"https:\/\/skaitytaknyga.lt\/wp-content\/uploads\/2025\/09\/Vienove-ir-ivairove-Zvilgsniai-i-ideju-istorija-1.webp\",\"datePublished\":\"2025-09-13T18:10:20+00:00\",\"dateModified\":\"2026-02-26T08:10:28+00:00\",\"description\":\"\u0160io straipsni\u0173 rinkinio autorius domisi s\u0105vokomis ir intelektualiniais modeliais, kuriais remdamiesi skirting\u0173 epoch\u0173 \u017emon\u0117s m\u0117gina sutvarkyti savo\",\"breadcrumb\":{\"@id\":\"https:\/\/skaitytaknyga.lt\/produktas\/vienove-ir-ivairove-zvilgsniai-i-ideju-istorija\/#breadcrumb\"},\"inLanguage\":\"en-GB\",\"potentialAction\":[{\"@type\":\"ReadAction\",\"target\":[\"https:\/\/skaitytaknyga.lt\/produktas\/vienove-ir-ivairove-zvilgsniai-i-ideju-istorija\/\"]}]},{\"@type\":\"ImageObject\",\"inLanguage\":\"en-GB\",\"@id\":\"https:\/\/skaitytaknyga.lt\/produktas\/vienove-ir-ivairove-zvilgsniai-i-ideju-istorija\/#primaryimage\",\"url\":\"https:\/\/skaitytaknyga.lt\/wp-content\/uploads\/2025\/09\/Vienove-ir-ivairove-Zvilgsniai-i-ideju-istorija-1.webp\",\"contentUrl\":\"https:\/\/skaitytaknyga.lt\/wp-content\/uploads\/2025\/09\/Vienove-ir-ivairove-Zvilgsniai-i-ideju-istorija-1.webp\",\"width\":300,\"height\":464},{\"@type\":\"BreadcrumbList\",\"@id\":\"https:\/\/skaitytaknyga.lt\/produktas\/vienove-ir-ivairove-zvilgsniai-i-ideju-istorija\/#breadcrumb\",\"itemListElement\":[{\"@type\":\"ListItem\",\"position\":1,\"name\":\"Home\",\"item\":\"https:\/\/skaitytaknyga.lt\/\"},{\"@type\":\"ListItem\",\"position\":2,\"name\":\"Parduotuv\u0117\",\"item\":\"https:\/\/skaitytaknyga.lt\/knygu-parduotuve\/\"},{\"@type\":\"ListItem\",\"position\":3,\"name\":\"Vienov\u0117 ir \u012fvairov\u0117: \u017dvilgsniai \u012f id\u0117j\u0173 istorij\u0105\"}]},{\"@type\":\"WebSite\",\"@id\":\"https:\/\/skaitytaknyga.lt\/#website\",\"url\":\"https:\/\/skaitytaknyga.lt\/\",\"name\":\"skaitytaknyga.lt\",\"description\":\"Skaitytaknyga.lt \u2013 tai ma\u017eas \u0161eimos verslas, kuris prasid\u0117jo nuo meil\u0117s knygoms ir siekio i\u0161gelb\u0117ti knygas nuo likimo prie konteinerio. Kas vienam nereikalingas daiktas \u2013 kitam lobis, o mes esame tarpininkai, kurie padeda abiems tapti laimingesniems ???? \u017dinome kaip nelengva i\u0161gyventi ma\u017eiems verslams, tad nuo \u0161iol, \u010dia rasite ir kit\u0173, ma\u017e\u0173 \u0161eim\u0173 versl\u0173, rank\u0173 darbo, dovan\u0173 sau ir artimiesiems.\",\"publisher\":{\"@id\":\"https:\/\/skaitytaknyga.lt\/#organization\"},\"potentialAction\":[{\"@type\":\"SearchAction\",\"target\":{\"@type\":\"EntryPoint\",\"urlTemplate\":\"https:\/\/skaitytaknyga.lt\/?s={search_term_string}\"},\"query-input\":{\"@type\":\"PropertyValueSpecification\",\"valueRequired\":true,\"valueName\":\"search_term_string\"}}],\"inLanguage\":\"en-GB\"},{\"@type\":\"Organization\",\"@id\":\"https:\/\/skaitytaknyga.lt\/#organization\",\"name\":\"skaitytaknyga.lt\",\"url\":\"https:\/\/skaitytaknyga.lt\/\",\"logo\":{\"@type\":\"ImageObject\",\"inLanguage\":\"en-GB\",\"@id\":\"https:\/\/skaitytaknyga.lt\/#\/schema\/logo\/image\/\",\"url\":\"https:\/\/skaitytaknyga.lt\/wp-content\/uploads\/2024\/05\/cropped-cropped-cropped-02_00843_jt3bggkj1j3HLc7SyY6rEUpg.jpeg\",\"contentUrl\":\"https:\/\/skaitytaknyga.lt\/wp-content\/uploads\/2024\/05\/cropped-cropped-cropped-02_00843_jt3bggkj1j3HLc7SyY6rEUpg.jpeg\",\"width\":1600,\"height\":1600,\"caption\":\"skaitytaknyga.lt\"},\"image\":{\"@id\":\"https:\/\/skaitytaknyga.lt\/#\/schema\/logo\/image\/\"},\"sameAs\":[\"https:\/\/www.facebook.com\/skaitytaknyga\/\"]}]}<\/script>\n<!-- \/ Yoast SEO plugin. -->","yoast_head_json":{"title":"Vienov\u0117 ir \u012fvairov\u0117: \u017dvilgsniai \u012f id\u0117j\u0173 istorij\u0105","description":"\u0160io straipsni\u0173 rinkinio autorius domisi s\u0105vokomis ir intelektualiniais modeliais, kuriais remdamiesi skirting\u0173 epoch\u0173 \u017emon\u0117s m\u0117gina sutvarkyti savo","robots":{"index":"index","follow":"follow","max-snippet":"max-snippet:-1","max-image-preview":"max-image-preview:large","max-video-preview":"max-video-preview:-1"},"canonical":"https:\/\/skaitytaknyga.lt\/en\/produktas\/vienove-ir-ivairove-zvilgsniai-i-ideju-istorija\/","og_locale":"en_GB","og_type":"article","og_title":"[:lt]Vienov\u0117 ir \u012fvairov\u0117: \u017dvilgsniai \u012f id\u0117j\u0173 istorij\u0105[:] - Skaitytaknyga","og_description":"\u0160io straipsni\u0173 rinkinio autorius domisi s\u0105vokomis ir intelektualiniais modeliais, kuriais remdamiesi skirting\u0173 epoch\u0173 \u017emon\u0117s m\u0117gina sutvarkyti savo","og_url":"https:\/\/skaitytaknyga.lt\/en\/produktas\/vienove-ir-ivairove-zvilgsniai-i-ideju-istorija\/","og_site_name":"Skaitytaknyga","article_publisher":"https:\/\/www.facebook.com\/skaitytaknyga\/","article_modified_time":"2026-02-26T08:10:28+00:00","og_image":[{"width":300,"height":464,"url":"https:\/\/skaitytaknyga.lt\/wp-content\/uploads\/2025\/09\/Vienove-ir-ivairove-Zvilgsniai-i-ideju-istorija-1.webp","type":"image\/webp"}],"twitter_card":"summary_large_image","schema":{"@context":"https:\/\/schema.org","@graph":[{"@type":"WebPage","@id":"https:\/\/skaitytaknyga.lt\/produktas\/vienove-ir-ivairove-zvilgsniai-i-ideju-istorija\/","url":"https:\/\/skaitytaknyga.lt\/produktas\/vienove-ir-ivairove-zvilgsniai-i-ideju-istorija\/","name":"Vienov\u0117 ir \u012fvairov\u0117: \u017dvilgsniai \u012f id\u0117j\u0173 istorij\u0105","isPartOf":{"@id":"https:\/\/skaitytaknyga.lt\/#website"},"primaryImageOfPage":{"@id":"https:\/\/skaitytaknyga.lt\/produktas\/vienove-ir-ivairove-zvilgsniai-i-ideju-istorija\/#primaryimage"},"image":{"@id":"https:\/\/skaitytaknyga.lt\/produktas\/vienove-ir-ivairove-zvilgsniai-i-ideju-istorija\/#primaryimage"},"thumbnailUrl":"https:\/\/skaitytaknyga.lt\/wp-content\/uploads\/2025\/09\/Vienove-ir-ivairove-Zvilgsniai-i-ideju-istorija-1.webp","datePublished":"2025-09-13T18:10:20+00:00","dateModified":"2026-02-26T08:10:28+00:00","description":"\u0160io straipsni\u0173 rinkinio autorius domisi s\u0105vokomis ir intelektualiniais modeliais, kuriais remdamiesi skirting\u0173 epoch\u0173 \u017emon\u0117s m\u0117gina sutvarkyti savo","breadcrumb":{"@id":"https:\/\/skaitytaknyga.lt\/produktas\/vienove-ir-ivairove-zvilgsniai-i-ideju-istorija\/#breadcrumb"},"inLanguage":"en-GB","potentialAction":[{"@type":"ReadAction","target":["https:\/\/skaitytaknyga.lt\/produktas\/vienove-ir-ivairove-zvilgsniai-i-ideju-istorija\/"]}]},{"@type":"ImageObject","inLanguage":"en-GB","@id":"https:\/\/skaitytaknyga.lt\/produktas\/vienove-ir-ivairove-zvilgsniai-i-ideju-istorija\/#primaryimage","url":"https:\/\/skaitytaknyga.lt\/wp-content\/uploads\/2025\/09\/Vienove-ir-ivairove-Zvilgsniai-i-ideju-istorija-1.webp","contentUrl":"https:\/\/skaitytaknyga.lt\/wp-content\/uploads\/2025\/09\/Vienove-ir-ivairove-Zvilgsniai-i-ideju-istorija-1.webp","width":300,"height":464},{"@type":"BreadcrumbList","@id":"https:\/\/skaitytaknyga.lt\/produktas\/vienove-ir-ivairove-zvilgsniai-i-ideju-istorija\/#breadcrumb","itemListElement":[{"@type":"ListItem","position":1,"name":"Home","item":"https:\/\/skaitytaknyga.lt\/"},{"@type":"ListItem","position":2,"name":"Parduotuv\u0117","item":"https:\/\/skaitytaknyga.lt\/knygu-parduotuve\/"},{"@type":"ListItem","position":3,"name":"Vienov\u0117 ir \u012fvairov\u0117: \u017dvilgsniai \u012f id\u0117j\u0173 istorij\u0105"}]},{"@type":"WebSite","@id":"https:\/\/skaitytaknyga.lt\/#website","url":"https:\/\/skaitytaknyga.lt\/","name":"skaitytaknyga.lt","description":"Skaitytaknyga.lt \u2013 tai ma\u017eas \u0161eimos verslas, kuris prasid\u0117jo nuo meil\u0117s knygoms ir siekio i\u0161gelb\u0117ti knygas nuo likimo prie konteinerio. Kas vienam nereikalingas daiktas \u2013 kitam lobis, o mes esame tarpininkai, kurie padeda abiems tapti laimingesniems ???? \u017dinome kaip nelengva i\u0161gyventi ma\u017eiems verslams, tad nuo \u0161iol, \u010dia rasite ir kit\u0173, ma\u017e\u0173 \u0161eim\u0173 versl\u0173, rank\u0173 darbo, dovan\u0173 sau ir artimiesiems.","publisher":{"@id":"https:\/\/skaitytaknyga.lt\/#organization"},"potentialAction":[{"@type":"SearchAction","target":{"@type":"EntryPoint","urlTemplate":"https:\/\/skaitytaknyga.lt\/?s={search_term_string}"},"query-input":{"@type":"PropertyValueSpecification","valueRequired":true,"valueName":"search_term_string"}}],"inLanguage":"en-GB"},{"@type":"Organization","@id":"https:\/\/skaitytaknyga.lt\/#organization","name":"skaitytaknyga.lt","url":"https:\/\/skaitytaknyga.lt\/","logo":{"@type":"ImageObject","inLanguage":"en-GB","@id":"https:\/\/skaitytaknyga.lt\/#\/schema\/logo\/image\/","url":"https:\/\/skaitytaknyga.lt\/wp-content\/uploads\/2024\/05\/cropped-cropped-cropped-02_00843_jt3bggkj1j3HLc7SyY6rEUpg.jpeg","contentUrl":"https:\/\/skaitytaknyga.lt\/wp-content\/uploads\/2024\/05\/cropped-cropped-cropped-02_00843_jt3bggkj1j3HLc7SyY6rEUpg.jpeg","width":1600,"height":1600,"caption":"skaitytaknyga.lt"},"image":{"@id":"https:\/\/skaitytaknyga.lt\/#\/schema\/logo\/image\/"},"sameAs":["https:\/\/www.facebook.com\/skaitytaknyga\/"]}]}},"_links":{"self":[{"href":"https:\/\/skaitytaknyga.lt\/en\/wp-json\/wp\/v2\/product\/20828","targetHints":{"allow":["GET"]}}],"collection":[{"href":"https:\/\/skaitytaknyga.lt\/en\/wp-json\/wp\/v2\/product"}],"about":[{"href":"https:\/\/skaitytaknyga.lt\/en\/wp-json\/wp\/v2\/types\/product"}],"replies":[{"embeddable":true,"href":"https:\/\/skaitytaknyga.lt\/en\/wp-json\/wp\/v2\/comments?post=20828"}],"wp:featuredmedia":[{"embeddable":true,"href":"https:\/\/skaitytaknyga.lt\/en\/wp-json\/wp\/v2\/media\/20833"}],"wp:attachment":[{"href":"https:\/\/skaitytaknyga.lt\/en\/wp-json\/wp\/v2\/media?parent=20828"}],"wp:term":[{"taxonomy":"product_brand","embeddable":true,"href":"https:\/\/skaitytaknyga.lt\/en\/wp-json\/wp\/v2\/product_brand?post=20828"},{"taxonomy":"product_cat","embeddable":true,"href":"https:\/\/skaitytaknyga.lt\/en\/wp-json\/wp\/v2\/product_cat?post=20828"},{"taxonomy":"product_tag","embeddable":true,"href":"https:\/\/skaitytaknyga.lt\/en\/wp-json\/wp\/v2\/product_tag?post=20828"}],"curies":[{"name":"wp","href":"https:\/\/api.w.org\/{rel}","templated":true}]}}