{"id":20825,"date":"2025-09-13T21:10:20","date_gmt":"2025-09-13T18:10:20","guid":{"rendered":"https:\/\/skaitytaknyga.lt\/?post_type=product&#038;p=20825"},"modified":"2025-12-10T08:57:52","modified_gmt":"2025-12-10T06:57:52","slug":"nesuskambejes-pragaras","status":"publish","type":"product","link":"https:\/\/skaitytaknyga.lt\/en\/produktas\/nesuskambejes-pragaras\/","title":{"rendered":"Nesuskamb\u0117j\u0119s pragaras"},"content":{"rendered":"<p>Kod\u0117l Dievas tyli? Kas yra \u017emogus, kokia jo gyvenimo prasm\u0117? Ar Senojo Testamento tekstai i\u0161 ties\u0173 \u017eiaur\u016bs? Kaip atpa\u017einti ne artimo, bet savo nuod\u0117m\u0119? Kaip prad\u0117ti melstis? Ir kaip nenustoti?<\/p>\n<p>Nuo psalmi\u0173 subtilybi\u0173 prie Gerosios Naujienos, o nuo jos \u2013 prie gyvenimo \u201eNesuskamb\u0117jusio pragaro\u201c autorius paprastai ir nuosekliai d\u0117sto Dievo meil\u0117s kurs\u0105. Tai kartu per kylan\u010dius klausimus einanti, \u012fsigal\u0117jusius mitus i\u0161sklaidanti, padr\u0105sinanti, guod\u017eianti ir stiprinanti knyga. Pasitik\u0117jim\u0105 Dievu ir i\u0161tikimyb\u0119 auginantis vadovas tiek \u017emogui, tarian\u010diam pirmuosius \u017eod\u017eius Jo kalba, kurios besimokant gal atsivers ir knygos pavadinimo u\u017eduoto galvos\u016bkio logika, tiek pa\u017eengusiam Biblijos skaitytojui.<\/p>\n<p>Apie autori\u0173:<br \/>\nNuo mano gimimo iki \u0161ios knygos gimimo dienos prab\u0117go kiek daugiau nei keturiasde\u0161imt met\u0173. Kas i\u0161 man\u0119s bus, ne\u017einojo nei mano t\u0117vai, nei mokytojai, nei a\u0161 pats. I\u0161\u0117jo kunigas. Ir tikrai ne d\u0117l to, kad 1980-\u0173j\u0173 bir\u017eelio 14-\u0105j\u0105 buvau pakrik\u0161tytas Au\u0161ros vartuose. Ta\u010diau, matyt, nuo tada ka\u017ein kokiu b\u016bdu Dievo Apvaizda lydi visur, kur beei\u010diau. Tarp daugyb\u0117s keli\u0173 labiausiai Dievui d\u0117koju u\u017e tak\u0105 \u012f Bernardinus. 1996-aisiais. Ten mane ir patrauk\u0117 Dievo \u017eodis. Ne tiek skelbiamas i\u0161 Biblijos puslapi\u0173, kiek sklindantis i\u0161 Dievo pagaut\u0173 \u017emoni\u0173 gyvenimo. Ten supratau, jog Dievo tekstai skaitomi ir tarp eilu\u010di\u0173, ir ne tik \u0161ventuose puslapiuose. <\/p>\n<p>2012-\u0173j\u0173 baland\u017eio 28-\u0105j\u0105 Vilniaus arkikatedroje buvau \u012f\u0161ventintas kunigu. Koks i\u0161 man\u0119s bus kunigas, ne\u017einojo nei seminarijos rektorius, nei klebonai, nei a\u0161 pats. Taip jau susid\u0117liojo, kad atsid\u016briau Romoje ir prad\u0117jau studijuoti \u0160vent\u0105j\u012f Ra\u0161t\u0105. Matyt, ir v\u0117l ne be Dievo pir\u0161to. Kas bus toliau \u2013 matysim, ta\u010diau \u0161iandien tetrok\u0161tu vis labiau pa\u017einti Dievo \u017eod\u012f ir tuo dalintis su kitais.<\/p>\n","protected":false},"excerpt":{"rendered":"<p>Kod\u0117l Dievas tyli? Kas yra \u017emogus, kokia jo gyvenimo prasm\u0117? Ar Senojo Testamento tekstai i\u0161 ties\u0173 \u017eiaur\u016bs? Kaip atpa\u017einti ne artimo, bet savo nuod\u0117m\u0119? Kaip prad\u0117ti melstis? Ir kaip nenustoti? Nuo psalmi\u0173 subtilybi\u0173 prie Gerosios Naujienos, o nuo jos \u2013 prie gyvenimo \u201eNesuskamb\u0117jusio pragaro\u201c autorius paprastai ir nuosekliai d\u0117sto Dievo meil\u0117s kurs\u0105. Tai kartu per kylan\u010dius klausimus einanti, \u012fsigal\u0117jusius mitus i\u0161sklaidanti, padr\u0105sinanti, guod\u017eianti ir stiprinanti knyga. Pasitik\u0117jim\u0105 Dievu ir i\u0161tikimyb\u0119 auginantis vadovas tiek \u017emogui, tarian\u010diam pirmuosius \u017eod\u017eius Jo kalba, kurios besimokant gal atsivers ir knygos pavadinimo u\u017eduoto galvos\u016bkio logika, tiek pa\u017eengusiam Biblijos skaitytojui. Apie autori\u0173: Nuo mano gimimo iki \u0161ios knygos gimimo dienos prab\u0117go kiek daugiau nei keturiasde\u0161imt met\u0173. Kas i\u0161 man\u0119s bus, ne\u017einojo nei mano t\u0117vai, nei mokytojai, nei a\u0161 pats. I\u0161\u0117jo kunigas. Ir tikrai ne d\u0117l to, kad 1980-\u0173j\u0173 bir\u017eelio 14-\u0105j\u0105 buvau pakrik\u0161tytas Au\u0161ros vartuose. Ta\u010diau, matyt, nuo tada ka\u017ein kokiu b\u016bdu Dievo Apvaizda lydi visur, kur beei\u010diau. Tarp daugyb\u0117s keli\u0173 labiausiai Dievui d\u0117koju u\u017e tak\u0105 \u012f Bernardinus. 1996-aisiais. Ten mane ir patrauk\u0117 Dievo \u017eodis. Ne tiek skelbiamas i\u0161 Biblijos puslapi\u0173, kiek sklindantis i\u0161 Dievo pagaut\u0173 \u017emoni\u0173 gyvenimo. Ten supratau, jog Dievo tekstai skaitomi ir tarp eilu\u010di\u0173, ir ne tik \u0161ventuose puslapiuose. 2012-\u0173j\u0173 baland\u017eio 28-\u0105j\u0105 Vilniaus arkikatedroje buvau \u012f\u0161ventintas kunigu. Koks i\u0161 man\u0119s bus kunigas, ne\u017einojo nei seminarijos rektorius, nei klebonai, nei a\u0161 pats. Taip jau susid\u0117liojo, kad atsid\u016briau Romoje ir prad\u0117jau studijuoti \u0160vent\u0105j\u012f Ra\u0161t\u0105. Matyt, ir v\u0117l ne be Dievo pir\u0161to. Kas bus toliau \u2013 matysim, ta\u010diau \u0161iandien tetrok\u0161tu vis labiau pa\u017einti Dievo \u017eod\u012f ir tuo dalintis su kitais.<\/p>\n","protected":false},"featured_media":20830,"comment_status":"open","ping_status":"closed","template":"","meta":{"_acf_changed":false,"site-sidebar-layout":"default","site-content-layout":"","ast-site-content-layout":"default","site-content-style":"default","site-sidebar-style":"default","ast-global-header-display":"","ast-banner-title-visibility":"","ast-main-header-display":"","ast-hfb-above-header-display":"","ast-hfb-below-header-display":"","ast-hfb-mobile-header-display":"","site-post-title":"","ast-breadcrumbs-content":"","ast-featured-img":"","footer-sml-layout":"","ast-disable-related-posts":"","theme-transparent-header-meta":"","adv-header-id-meta":"","stick-header-meta":"","header-above-stick-meta":"","header-main-stick-meta":"","header-below-stick-meta":"","astra-migrate-meta-layouts":"default","ast-page-background-enabled":"default","ast-page-background-meta":{"desktop":{"background-color":"","background-image":"","background-repeat":"repeat","background-position":"center center","background-size":"auto","background-attachment":"scroll","background-type":"","background-media":"","overlay-type":"","overlay-color":"","overlay-opacity":"","overlay-gradient":""},"tablet":{"background-color":"","background-image":"","background-repeat":"repeat","background-position":"center center","background-size":"auto","background-attachment":"scroll","background-type":"","background-media":"","overlay-type":"","overlay-color":"","overlay-opacity":"","overlay-gradient":""},"mobile":{"background-color":"","background-image":"","background-repeat":"repeat","background-position":"center center","background-size":"auto","background-attachment":"scroll","background-type":"","background-media":"","overlay-type":"","overlay-color":"","overlay-opacity":"","overlay-gradient":""}},"ast-content-background-meta":{"desktop":{"background-color":"var(--ast-global-color-4)","background-image":"","background-repeat":"repeat","background-position":"center center","background-size":"auto","background-attachment":"scroll","background-type":"","background-media":"","overlay-type":"","overlay-color":"","overlay-opacity":"","overlay-gradient":""},"tablet":{"background-color":"var(--ast-global-color-4)","background-image":"","background-repeat":"repeat","background-position":"center center","background-size":"auto","background-attachment":"scroll","background-type":"","background-media":"","overlay-type":"","overlay-color":"","overlay-opacity":"","overlay-gradient":""},"mobile":{"background-color":"var(--ast-global-color-4)","background-image":"","background-repeat":"repeat","background-position":"center center","background-size":"auto","background-attachment":"scroll","background-type":"","background-media":"","overlay-type":"","overlay-color":"","overlay-opacity":"","overlay-gradient":""}}},"product_brand":[],"product_cat":[31],"product_tag":[3470,5424,8727,1627,8725,8726,2277,2259,1581],"class_list":{"0":"post-20825","1":"product","2":"type-product","3":"status-publish","4":"has-post-thumbnail","6":"product_cat-grozine-literatura","7":"product_tag-biblija","8":"product_tag-dievas","9":"product_tag-guodimas","10":"product_tag-gyvenimo-prasme","11":"product_tag-moze-mitkevicius","12":"product_tag-psalmes","13":"product_tag-religija","14":"product_tag-teologija","15":"product_tag-tikejimas","16":"desktop-align-left","17":"tablet-align-left","18":"mobile-align-left","20":"first","21":"outofstock","22":"shipping-taxable","23":"purchasable","24":"product-type-simple"},"acf":[],"yoast_head":"<!-- This site is optimized with the Yoast SEO plugin v27.0 - https:\/\/yoast.com\/product\/yoast-seo-wordpress\/ -->\n<title>Nesuskamb\u0117j\u0119s pragaras<\/title>\n<meta name=\"description\" content=\"Kod\u0117l Dievas tyli? Kas yra \u017emogus, kokia jo gyvenimo prasm\u0117? Ar Senojo Testamento tekstai i\u0161 ties\u0173 \u017eiaur\u016bs? Kaip atpa\u017einti ne artimo, bet savo nuod\u0117m\u0119?\" \/>\n<meta name=\"robots\" content=\"index, follow, max-snippet:-1, max-image-preview:large, max-video-preview:-1\" \/>\n<link rel=\"canonical\" href=\"https:\/\/skaitytaknyga.lt\/en\/produktas\/nesuskambejes-pragaras\/\" \/>\n<meta property=\"og:locale\" content=\"en_GB\" \/>\n<meta property=\"og:locale:alternate\" content=\"lt_LT\" \/>\n<meta property=\"og:type\" content=\"article\" \/>\n<meta property=\"og:title\" content=\"Nesuskamb\u0117j\u0119s pragaras\" \/>\n<meta property=\"og:description\" content=\"Kod\u0117l Dievas tyli? Kas yra \u017emogus, kokia jo gyvenimo prasm\u0117? Ar Senojo Testamento tekstai i\u0161 ties\u0173 \u017eiaur\u016bs? Kaip atpa\u017einti ne artimo, bet savo nuod\u0117m\u0119?\" \/>\n<meta property=\"og:url\" content=\"https:\/\/skaitytaknyga.lt\/en\/produktas\/nesuskambejes-pragaras\/\" \/>\n<meta property=\"og:site_name\" content=\"Skaitytaknyga\" \/>\n<meta property=\"article:publisher\" content=\"https:\/\/www.facebook.com\/skaitytaknyga\/\" \/>\n<meta property=\"article:modified_time\" content=\"2025-12-10T06:57:52+00:00\" \/>\n<meta property=\"og:image\" content=\"https:\/\/skaitytaknyga.lt\/wp-content\/uploads\/2025\/09\/Nesuskambejes-pragaras-1.webp\" \/>\n\t<meta property=\"og:image:width\" content=\"300\" \/>\n\t<meta property=\"og:image:height\" content=\"435\" \/>\n\t<meta property=\"og:image:type\" content=\"image\/webp\" \/>\n<meta name=\"twitter:card\" content=\"summary_large_image\" \/>\n<meta name=\"twitter:label1\" content=\"Estimated reading time\" \/>\n\t<meta name=\"twitter:data1\" content=\"2 minutes\" \/>\n<script type=\"application\/ld+json\" class=\"yoast-schema-graph\">{\"@context\":\"https:\/\/schema.org\",\"@graph\":[{\"@type\":\"WebPage\",\"@id\":\"https:\/\/skaitytaknyga.lt\/produktas\/nesuskambejes-pragaras\/\",\"url\":\"https:\/\/skaitytaknyga.lt\/produktas\/nesuskambejes-pragaras\/\",\"name\":\"Nesuskamb\u0117j\u0119s pragaras\",\"isPartOf\":{\"@id\":\"https:\/\/skaitytaknyga.lt\/#website\"},\"primaryImageOfPage\":{\"@id\":\"https:\/\/skaitytaknyga.lt\/produktas\/nesuskambejes-pragaras\/#primaryimage\"},\"image\":{\"@id\":\"https:\/\/skaitytaknyga.lt\/produktas\/nesuskambejes-pragaras\/#primaryimage\"},\"thumbnailUrl\":\"https:\/\/skaitytaknyga.lt\/wp-content\/uploads\/2025\/09\/Nesuskambejes-pragaras-1.webp\",\"datePublished\":\"2025-09-13T18:10:20+00:00\",\"dateModified\":\"2025-12-10T06:57:52+00:00\",\"description\":\"Kod\u0117l Dievas tyli? Kas yra \u017emogus, kokia jo gyvenimo prasm\u0117? Ar Senojo Testamento tekstai i\u0161 ties\u0173 \u017eiaur\u016bs? Kaip atpa\u017einti ne artimo, bet savo nuod\u0117m\u0119?\",\"breadcrumb\":{\"@id\":\"https:\/\/skaitytaknyga.lt\/produktas\/nesuskambejes-pragaras\/#breadcrumb\"},\"inLanguage\":\"en-GB\",\"potentialAction\":[{\"@type\":\"ReadAction\",\"target\":[\"https:\/\/skaitytaknyga.lt\/produktas\/nesuskambejes-pragaras\/\"]}]},{\"@type\":\"ImageObject\",\"inLanguage\":\"en-GB\",\"@id\":\"https:\/\/skaitytaknyga.lt\/produktas\/nesuskambejes-pragaras\/#primaryimage\",\"url\":\"https:\/\/skaitytaknyga.lt\/wp-content\/uploads\/2025\/09\/Nesuskambejes-pragaras-1.webp\",\"contentUrl\":\"https:\/\/skaitytaknyga.lt\/wp-content\/uploads\/2025\/09\/Nesuskambejes-pragaras-1.webp\",\"width\":300,\"height\":435,\"caption\":\"Nesuskamb\u0117j\u0119s pragaras\"},{\"@type\":\"BreadcrumbList\",\"@id\":\"https:\/\/skaitytaknyga.lt\/produktas\/nesuskambejes-pragaras\/#breadcrumb\",\"itemListElement\":[{\"@type\":\"ListItem\",\"position\":1,\"name\":\"Home\",\"item\":\"https:\/\/skaitytaknyga.lt\/\"},{\"@type\":\"ListItem\",\"position\":2,\"name\":\"Parduotuv\u0117\",\"item\":\"https:\/\/skaitytaknyga.lt\/knygu-parduotuve\/\"},{\"@type\":\"ListItem\",\"position\":3,\"name\":\"Nesuskamb\u0117j\u0119s pragaras\"}]},{\"@type\":\"WebSite\",\"@id\":\"https:\/\/skaitytaknyga.lt\/#website\",\"url\":\"https:\/\/skaitytaknyga.lt\/\",\"name\":\"skaitytaknyga.lt\",\"description\":\"Skaitytaknyga.lt \u2013 tai ma\u017eas \u0161eimos verslas, kuris prasid\u0117jo nuo meil\u0117s knygoms ir siekio i\u0161gelb\u0117ti knygas nuo likimo prie konteinerio. Kas vienam nereikalingas daiktas \u2013 kitam lobis, o mes esame tarpininkai, kurie padeda abiems tapti laimingesniems ???? \u017dinome kaip nelengva i\u0161gyventi ma\u017eiems verslams, tad nuo \u0161iol, \u010dia rasite ir kit\u0173, ma\u017e\u0173 \u0161eim\u0173 versl\u0173, rank\u0173 darbo, dovan\u0173 sau ir artimiesiems.\",\"publisher\":{\"@id\":\"https:\/\/skaitytaknyga.lt\/#organization\"},\"potentialAction\":[{\"@type\":\"SearchAction\",\"target\":{\"@type\":\"EntryPoint\",\"urlTemplate\":\"https:\/\/skaitytaknyga.lt\/?s={search_term_string}\"},\"query-input\":{\"@type\":\"PropertyValueSpecification\",\"valueRequired\":true,\"valueName\":\"search_term_string\"}}],\"inLanguage\":\"en-GB\"},{\"@type\":\"Organization\",\"@id\":\"https:\/\/skaitytaknyga.lt\/#organization\",\"name\":\"skaitytaknyga.lt\",\"url\":\"https:\/\/skaitytaknyga.lt\/\",\"logo\":{\"@type\":\"ImageObject\",\"inLanguage\":\"en-GB\",\"@id\":\"https:\/\/skaitytaknyga.lt\/#\/schema\/logo\/image\/\",\"url\":\"https:\/\/skaitytaknyga.lt\/wp-content\/uploads\/2024\/05\/cropped-cropped-cropped-02_00843_jt3bggkj1j3HLc7SyY6rEUpg.jpeg\",\"contentUrl\":\"https:\/\/skaitytaknyga.lt\/wp-content\/uploads\/2024\/05\/cropped-cropped-cropped-02_00843_jt3bggkj1j3HLc7SyY6rEUpg.jpeg\",\"width\":1600,\"height\":1600,\"caption\":\"skaitytaknyga.lt\"},\"image\":{\"@id\":\"https:\/\/skaitytaknyga.lt\/#\/schema\/logo\/image\/\"},\"sameAs\":[\"https:\/\/www.facebook.com\/skaitytaknyga\/\"]}]}<\/script>\n<!-- \/ Yoast SEO plugin. -->","yoast_head_json":{"title":"Nesuskamb\u0117j\u0119s pragaras","description":"Kod\u0117l Dievas tyli? Kas yra \u017emogus, kokia jo gyvenimo prasm\u0117? Ar Senojo Testamento tekstai i\u0161 ties\u0173 \u017eiaur\u016bs? Kaip atpa\u017einti ne artimo, bet savo nuod\u0117m\u0119?","robots":{"index":"index","follow":"follow","max-snippet":"max-snippet:-1","max-image-preview":"max-image-preview:large","max-video-preview":"max-video-preview:-1"},"canonical":"https:\/\/skaitytaknyga.lt\/en\/produktas\/nesuskambejes-pragaras\/","og_locale":"en_GB","og_type":"article","og_title":"[:lt]Nesuskamb\u0117j\u0119s pragaras[:] - Skaitytaknyga","og_description":"Kod\u0117l Dievas tyli? Kas yra \u017emogus, kokia jo gyvenimo prasm\u0117? Ar Senojo Testamento tekstai i\u0161 ties\u0173 \u017eiaur\u016bs? Kaip atpa\u017einti ne artimo, bet savo nuod\u0117m\u0119?","og_url":"https:\/\/skaitytaknyga.lt\/en\/produktas\/nesuskambejes-pragaras\/","og_site_name":"Skaitytaknyga","article_publisher":"https:\/\/www.facebook.com\/skaitytaknyga\/","article_modified_time":"2025-12-10T06:57:52+00:00","og_image":[{"width":300,"height":435,"url":"https:\/\/skaitytaknyga.lt\/wp-content\/uploads\/2025\/09\/Nesuskambejes-pragaras-1.webp","type":"image\/webp"}],"twitter_card":"summary_large_image","twitter_misc":{"Estimated reading time":"2 minutes"},"schema":{"@context":"https:\/\/schema.org","@graph":[{"@type":"WebPage","@id":"https:\/\/skaitytaknyga.lt\/produktas\/nesuskambejes-pragaras\/","url":"https:\/\/skaitytaknyga.lt\/produktas\/nesuskambejes-pragaras\/","name":"Nesuskamb\u0117j\u0119s pragaras","isPartOf":{"@id":"https:\/\/skaitytaknyga.lt\/#website"},"primaryImageOfPage":{"@id":"https:\/\/skaitytaknyga.lt\/produktas\/nesuskambejes-pragaras\/#primaryimage"},"image":{"@id":"https:\/\/skaitytaknyga.lt\/produktas\/nesuskambejes-pragaras\/#primaryimage"},"thumbnailUrl":"https:\/\/skaitytaknyga.lt\/wp-content\/uploads\/2025\/09\/Nesuskambejes-pragaras-1.webp","datePublished":"2025-09-13T18:10:20+00:00","dateModified":"2025-12-10T06:57:52+00:00","description":"Kod\u0117l Dievas tyli? Kas yra \u017emogus, kokia jo gyvenimo prasm\u0117? Ar Senojo Testamento tekstai i\u0161 ties\u0173 \u017eiaur\u016bs? Kaip atpa\u017einti ne artimo, bet savo nuod\u0117m\u0119?","breadcrumb":{"@id":"https:\/\/skaitytaknyga.lt\/produktas\/nesuskambejes-pragaras\/#breadcrumb"},"inLanguage":"en-GB","potentialAction":[{"@type":"ReadAction","target":["https:\/\/skaitytaknyga.lt\/produktas\/nesuskambejes-pragaras\/"]}]},{"@type":"ImageObject","inLanguage":"en-GB","@id":"https:\/\/skaitytaknyga.lt\/produktas\/nesuskambejes-pragaras\/#primaryimage","url":"https:\/\/skaitytaknyga.lt\/wp-content\/uploads\/2025\/09\/Nesuskambejes-pragaras-1.webp","contentUrl":"https:\/\/skaitytaknyga.lt\/wp-content\/uploads\/2025\/09\/Nesuskambejes-pragaras-1.webp","width":300,"height":435,"caption":"Nesuskamb\u0117j\u0119s pragaras"},{"@type":"BreadcrumbList","@id":"https:\/\/skaitytaknyga.lt\/produktas\/nesuskambejes-pragaras\/#breadcrumb","itemListElement":[{"@type":"ListItem","position":1,"name":"Home","item":"https:\/\/skaitytaknyga.lt\/"},{"@type":"ListItem","position":2,"name":"Parduotuv\u0117","item":"https:\/\/skaitytaknyga.lt\/knygu-parduotuve\/"},{"@type":"ListItem","position":3,"name":"Nesuskamb\u0117j\u0119s pragaras"}]},{"@type":"WebSite","@id":"https:\/\/skaitytaknyga.lt\/#website","url":"https:\/\/skaitytaknyga.lt\/","name":"skaitytaknyga.lt","description":"Skaitytaknyga.lt \u2013 tai ma\u017eas \u0161eimos verslas, kuris prasid\u0117jo nuo meil\u0117s knygoms ir siekio i\u0161gelb\u0117ti knygas nuo likimo prie konteinerio. Kas vienam nereikalingas daiktas \u2013 kitam lobis, o mes esame tarpininkai, kurie padeda abiems tapti laimingesniems ???? \u017dinome kaip nelengva i\u0161gyventi ma\u017eiems verslams, tad nuo \u0161iol, \u010dia rasite ir kit\u0173, ma\u017e\u0173 \u0161eim\u0173 versl\u0173, rank\u0173 darbo, dovan\u0173 sau ir artimiesiems.","publisher":{"@id":"https:\/\/skaitytaknyga.lt\/#organization"},"potentialAction":[{"@type":"SearchAction","target":{"@type":"EntryPoint","urlTemplate":"https:\/\/skaitytaknyga.lt\/?s={search_term_string}"},"query-input":{"@type":"PropertyValueSpecification","valueRequired":true,"valueName":"search_term_string"}}],"inLanguage":"en-GB"},{"@type":"Organization","@id":"https:\/\/skaitytaknyga.lt\/#organization","name":"skaitytaknyga.lt","url":"https:\/\/skaitytaknyga.lt\/","logo":{"@type":"ImageObject","inLanguage":"en-GB","@id":"https:\/\/skaitytaknyga.lt\/#\/schema\/logo\/image\/","url":"https:\/\/skaitytaknyga.lt\/wp-content\/uploads\/2024\/05\/cropped-cropped-cropped-02_00843_jt3bggkj1j3HLc7SyY6rEUpg.jpeg","contentUrl":"https:\/\/skaitytaknyga.lt\/wp-content\/uploads\/2024\/05\/cropped-cropped-cropped-02_00843_jt3bggkj1j3HLc7SyY6rEUpg.jpeg","width":1600,"height":1600,"caption":"skaitytaknyga.lt"},"image":{"@id":"https:\/\/skaitytaknyga.lt\/#\/schema\/logo\/image\/"},"sameAs":["https:\/\/www.facebook.com\/skaitytaknyga\/"]}]}},"_links":{"self":[{"href":"https:\/\/skaitytaknyga.lt\/en\/wp-json\/wp\/v2\/product\/20825","targetHints":{"allow":["GET"]}}],"collection":[{"href":"https:\/\/skaitytaknyga.lt\/en\/wp-json\/wp\/v2\/product"}],"about":[{"href":"https:\/\/skaitytaknyga.lt\/en\/wp-json\/wp\/v2\/types\/product"}],"replies":[{"embeddable":true,"href":"https:\/\/skaitytaknyga.lt\/en\/wp-json\/wp\/v2\/comments?post=20825"}],"wp:featuredmedia":[{"embeddable":true,"href":"https:\/\/skaitytaknyga.lt\/en\/wp-json\/wp\/v2\/media\/20830"}],"wp:attachment":[{"href":"https:\/\/skaitytaknyga.lt\/en\/wp-json\/wp\/v2\/media?parent=20825"}],"wp:term":[{"taxonomy":"product_brand","embeddable":true,"href":"https:\/\/skaitytaknyga.lt\/en\/wp-json\/wp\/v2\/product_brand?post=20825"},{"taxonomy":"product_cat","embeddable":true,"href":"https:\/\/skaitytaknyga.lt\/en\/wp-json\/wp\/v2\/product_cat?post=20825"},{"taxonomy":"product_tag","embeddable":true,"href":"https:\/\/skaitytaknyga.lt\/en\/wp-json\/wp\/v2\/product_tag?post=20825"}],"curies":[{"name":"wp","href":"https:\/\/api.w.org\/{rel}","templated":true}]}}