{"id":20817,"date":"2025-09-13T20:09:06","date_gmt":"2025-09-13T17:09:06","guid":{"rendered":"https:\/\/skaitytaknyga.lt\/?post_type=product&#038;p=20817"},"modified":"2025-10-06T13:08:41","modified_gmt":"2025-10-06T10:08:41","slug":"dziaugsmas-laime-kuri-kyla-is-vidaus","status":"publish","type":"product","link":"https:\/\/skaitytaknyga.lt\/en\/produktas\/dziaugsmas-laime-kuri-kyla-is-vidaus\/","title":{"rendered":"D\u017eiaugsmas: laim\u0117, kuri kyla i\u0161 vidaus"},"content":{"rendered":"<p>Knygoje \u201eD\u017eiaugsmas: laim\u0117, kuri kyla i\u0161 vidaus\u201c nagrin\u0117ja d\u017eiaugsmo prigimt\u012f i\u0161 radikaliai naujo po\u017ei\u016brio ta\u0161ko. Meistri\u0161kai naudodamas atjautos ir humoro derin\u012f, OSHO mums atskleid\u017eia, kad d\u017eiaugsmas yra gyvenimo esm\u0117, kad netgi li\u016bdesio \u0161aknys kyla i\u0161 d\u017eiaugsmo.<\/p>\n<p>OSHO mus dr\u0105sina priimti d\u017eiaugsm\u0105 su d\u0117kingumu u\u017e gyvenim\u0105 ir jo i\u0161\u0161\u016bkius, u\u017euot nustatin\u0117jus s\u0105lygas k\u0117lus reikalavimus laimei. Priimdamas d\u017eiaugsm\u0105, \u017emogus labiau priart\u0117ja prie autenti\u0161kos, taikios ir harmoningos b\u016bsenos.<\/p>\n","protected":false},"excerpt":{"rendered":"<p>Knygoje \u201eD\u017eiaugsmas: laim\u0117, kuri kyla i\u0161 vidaus\u201c nagrin\u0117ja d\u017eiaugsmo prigimt\u012f i\u0161 radikaliai naujo po\u017ei\u016brio ta\u0161ko. Meistri\u0161kai naudodamas atjautos ir humoro derin\u012f, OSHO mums atskleid\u017eia, kad d\u017eiaugsmas yra gyvenimo esm\u0117, kad netgi li\u016bdesio \u0161aknys kyla i\u0161 d\u017eiaugsmo. OSHO mus dr\u0105sina priimti d\u017eiaugsm\u0105 su d\u0117kingumu u\u017e gyvenim\u0105 ir jo i\u0161\u0161\u016bkius, u\u017euot nustatin\u0117jus s\u0105lygas k\u0117lus reikalavimus laimei. Priimdamas d\u017eiaugsm\u0105, \u017emogus labiau priart\u0117ja prie autenti\u0161kos, taikios ir harmoningos b\u016bsenos.<\/p>\n","protected":false},"featured_media":20822,"comment_status":"open","ping_status":"closed","template":"","meta":{"_acf_changed":false,"site-sidebar-layout":"default","site-content-layout":"","ast-site-content-layout":"default","site-content-style":"default","site-sidebar-style":"default","ast-global-header-display":"","ast-banner-title-visibility":"","ast-main-header-display":"","ast-hfb-above-header-display":"","ast-hfb-below-header-display":"","ast-hfb-mobile-header-display":"","site-post-title":"","ast-breadcrumbs-content":"","ast-featured-img":"","footer-sml-layout":"","ast-disable-related-posts":"","theme-transparent-header-meta":"","adv-header-id-meta":"","stick-header-meta":"","header-above-stick-meta":"","header-main-stick-meta":"","header-below-stick-meta":"","astra-migrate-meta-layouts":"default","ast-page-background-enabled":"default","ast-page-background-meta":{"desktop":{"background-color":"","background-image":"","background-repeat":"repeat","background-position":"center center","background-size":"auto","background-attachment":"scroll","background-type":"","background-media":"","overlay-type":"","overlay-color":"","overlay-opacity":"","overlay-gradient":""},"tablet":{"background-color":"","background-image":"","background-repeat":"repeat","background-position":"center center","background-size":"auto","background-attachment":"scroll","background-type":"","background-media":"","overlay-type":"","overlay-color":"","overlay-opacity":"","overlay-gradient":""},"mobile":{"background-color":"","background-image":"","background-repeat":"repeat","background-position":"center center","background-size":"auto","background-attachment":"scroll","background-type":"","background-media":"","overlay-type":"","overlay-color":"","overlay-opacity":"","overlay-gradient":""}},"ast-content-background-meta":{"desktop":{"background-color":"var(--ast-global-color-4)","background-image":"","background-repeat":"repeat","background-position":"center center","background-size":"auto","background-attachment":"scroll","background-type":"","background-media":"","overlay-type":"","overlay-color":"","overlay-opacity":"","overlay-gradient":""},"tablet":{"background-color":"var(--ast-global-color-4)","background-image":"","background-repeat":"repeat","background-position":"center center","background-size":"auto","background-attachment":"scroll","background-type":"","background-media":"","overlay-type":"","overlay-color":"","overlay-opacity":"","overlay-gradient":""},"mobile":{"background-color":"var(--ast-global-color-4)","background-image":"","background-repeat":"repeat","background-position":"center center","background-size":"auto","background-attachment":"scroll","background-type":"","background-media":"","overlay-type":"","overlay-color":"","overlay-opacity":"","overlay-gradient":""}}},"product_brand":[],"product_cat":[30],"product_tag":[8719,8716,8718,8721,7174,8720,8717,2359,1392],"class_list":{"0":"post-20817","1":"product","2":"type-product","3":"status-publish","4":"has-post-thumbnail","6":"product_cat-psichologija-ir-saviugda","7":"product_tag-atjauta","8":"product_tag-dziaugsmas-laime","9":"product_tag-dziaugsmas","10":"product_tag-gyvenimo-esme","11":"product_tag-harmonija","12":"product_tag-humoro-derinys","13":"product_tag-kuri-kyla-is-vidaus","14":"product_tag-osho","15":"product_tag-psichologija","16":"desktop-align-left","17":"tablet-align-left","18":"mobile-align-left","20":"first","21":"instock","22":"shipping-taxable","23":"purchasable","24":"product-type-simple"},"acf":[],"yoast_head":"<!-- This site is optimized with the Yoast SEO plugin v27.0 - https:\/\/yoast.com\/product\/yoast-seo-wordpress\/ -->\n<title>D\u017eiaugsmas: laim\u0117, kuri kyla i\u0161 vidaus<\/title>\n<meta name=\"description\" content=\"Knygoje \u201eD\u017eiaugsmas: laim\u0117, kuri kyla i\u0161 vidaus\u201c nagrin\u0117ja d\u017eiaugsmo prigimt\u012f i\u0161 radikaliai naujo po\u017ei\u016brio ta\u0161ko. Meistri\u0161kai naudodamas atjautos ir\" \/>\n<meta name=\"robots\" content=\"index, follow, max-snippet:-1, max-image-preview:large, max-video-preview:-1\" \/>\n<link rel=\"canonical\" href=\"https:\/\/skaitytaknyga.lt\/en\/produktas\/dziaugsmas-laime-kuri-kyla-is-vidaus\/\" \/>\n<meta property=\"og:locale\" content=\"en_GB\" \/>\n<meta property=\"og:locale:alternate\" content=\"lt_LT\" \/>\n<meta property=\"og:type\" content=\"article\" \/>\n<meta property=\"og:title\" content=\"D\u017eiaugsmas: laim\u0117, kuri kyla i\u0161 vidaus\" \/>\n<meta property=\"og:description\" content=\"Knygoje \u201eD\u017eiaugsmas: laim\u0117, kuri kyla i\u0161 vidaus\u201c nagrin\u0117ja d\u017eiaugsmo prigimt\u012f i\u0161 radikaliai naujo po\u017ei\u016brio ta\u0161ko. Meistri\u0161kai naudodamas atjautos ir\" \/>\n<meta property=\"og:url\" content=\"https:\/\/skaitytaknyga.lt\/en\/produktas\/dziaugsmas-laime-kuri-kyla-is-vidaus\/\" \/>\n<meta property=\"og:site_name\" content=\"Skaitytaknyga\" \/>\n<meta property=\"article:publisher\" content=\"https:\/\/www.facebook.com\/skaitytaknyga\/\" \/>\n<meta property=\"article:modified_time\" content=\"2025-10-06T10:08:41+00:00\" \/>\n<meta property=\"og:image\" content=\"https:\/\/skaitytaknyga.lt\/wp-content\/uploads\/2025\/09\/Dziaugsmas-laime-kuri-kyla-is-vidaus-1.webp\" \/>\n\t<meta property=\"og:image:width\" content=\"300\" \/>\n\t<meta property=\"og:image:height\" content=\"449\" \/>\n\t<meta property=\"og:image:type\" content=\"image\/webp\" \/>\n<meta name=\"twitter:card\" content=\"summary_large_image\" \/>\n<script type=\"application\/ld+json\" class=\"yoast-schema-graph\">{\"@context\":\"https:\/\/schema.org\",\"@graph\":[{\"@type\":\"WebPage\",\"@id\":\"https:\/\/skaitytaknyga.lt\/produktas\/dziaugsmas-laime-kuri-kyla-is-vidaus\/\",\"url\":\"https:\/\/skaitytaknyga.lt\/produktas\/dziaugsmas-laime-kuri-kyla-is-vidaus\/\",\"name\":\"D\u017eiaugsmas: laim\u0117, kuri kyla i\u0161 vidaus\",\"isPartOf\":{\"@id\":\"https:\/\/skaitytaknyga.lt\/#website\"},\"primaryImageOfPage\":{\"@id\":\"https:\/\/skaitytaknyga.lt\/produktas\/dziaugsmas-laime-kuri-kyla-is-vidaus\/#primaryimage\"},\"image\":{\"@id\":\"https:\/\/skaitytaknyga.lt\/produktas\/dziaugsmas-laime-kuri-kyla-is-vidaus\/#primaryimage\"},\"thumbnailUrl\":\"https:\/\/skaitytaknyga.lt\/wp-content\/uploads\/2025\/09\/Dziaugsmas-laime-kuri-kyla-is-vidaus-1.webp\",\"datePublished\":\"2025-09-13T17:09:06+00:00\",\"dateModified\":\"2025-10-06T10:08:41+00:00\",\"description\":\"Knygoje \u201eD\u017eiaugsmas: laim\u0117, kuri kyla i\u0161 vidaus\u201c nagrin\u0117ja d\u017eiaugsmo prigimt\u012f i\u0161 radikaliai naujo po\u017ei\u016brio ta\u0161ko. Meistri\u0161kai naudodamas atjautos ir\",\"breadcrumb\":{\"@id\":\"https:\/\/skaitytaknyga.lt\/produktas\/dziaugsmas-laime-kuri-kyla-is-vidaus\/#breadcrumb\"},\"inLanguage\":\"en-GB\",\"potentialAction\":[{\"@type\":\"ReadAction\",\"target\":[\"https:\/\/skaitytaknyga.lt\/produktas\/dziaugsmas-laime-kuri-kyla-is-vidaus\/\"]}]},{\"@type\":\"ImageObject\",\"inLanguage\":\"en-GB\",\"@id\":\"https:\/\/skaitytaknyga.lt\/produktas\/dziaugsmas-laime-kuri-kyla-is-vidaus\/#primaryimage\",\"url\":\"https:\/\/skaitytaknyga.lt\/wp-content\/uploads\/2025\/09\/Dziaugsmas-laime-kuri-kyla-is-vidaus-1.webp\",\"contentUrl\":\"https:\/\/skaitytaknyga.lt\/wp-content\/uploads\/2025\/09\/Dziaugsmas-laime-kuri-kyla-is-vidaus-1.webp\",\"width\":300,\"height\":449,\"caption\":\"D\u017eiaugsmas: laim\u0117, kuri kyla i\u0161 vidaus\"},{\"@type\":\"BreadcrumbList\",\"@id\":\"https:\/\/skaitytaknyga.lt\/produktas\/dziaugsmas-laime-kuri-kyla-is-vidaus\/#breadcrumb\",\"itemListElement\":[{\"@type\":\"ListItem\",\"position\":1,\"name\":\"Home\",\"item\":\"https:\/\/skaitytaknyga.lt\/\"},{\"@type\":\"ListItem\",\"position\":2,\"name\":\"Parduotuv\u0117\",\"item\":\"https:\/\/skaitytaknyga.lt\/knygu-parduotuve\/\"},{\"@type\":\"ListItem\",\"position\":3,\"name\":\"D\u017eiaugsmas: laim\u0117, kuri kyla i\u0161 vidaus\"}]},{\"@type\":\"WebSite\",\"@id\":\"https:\/\/skaitytaknyga.lt\/#website\",\"url\":\"https:\/\/skaitytaknyga.lt\/\",\"name\":\"skaitytaknyga.lt\",\"description\":\"Skaitytaknyga.lt \u2013 tai ma\u017eas \u0161eimos verslas, kuris prasid\u0117jo nuo meil\u0117s knygoms ir siekio i\u0161gelb\u0117ti knygas nuo likimo prie konteinerio. Kas vienam nereikalingas daiktas \u2013 kitam lobis, o mes esame tarpininkai, kurie padeda abiems tapti laimingesniems ???? \u017dinome kaip nelengva i\u0161gyventi ma\u017eiems verslams, tad nuo \u0161iol, \u010dia rasite ir kit\u0173, ma\u017e\u0173 \u0161eim\u0173 versl\u0173, rank\u0173 darbo, dovan\u0173 sau ir artimiesiems.\",\"publisher\":{\"@id\":\"https:\/\/skaitytaknyga.lt\/#organization\"},\"potentialAction\":[{\"@type\":\"SearchAction\",\"target\":{\"@type\":\"EntryPoint\",\"urlTemplate\":\"https:\/\/skaitytaknyga.lt\/?s={search_term_string}\"},\"query-input\":{\"@type\":\"PropertyValueSpecification\",\"valueRequired\":true,\"valueName\":\"search_term_string\"}}],\"inLanguage\":\"en-GB\"},{\"@type\":\"Organization\",\"@id\":\"https:\/\/skaitytaknyga.lt\/#organization\",\"name\":\"skaitytaknyga.lt\",\"url\":\"https:\/\/skaitytaknyga.lt\/\",\"logo\":{\"@type\":\"ImageObject\",\"inLanguage\":\"en-GB\",\"@id\":\"https:\/\/skaitytaknyga.lt\/#\/schema\/logo\/image\/\",\"url\":\"https:\/\/skaitytaknyga.lt\/wp-content\/uploads\/2024\/05\/cropped-cropped-cropped-02_00843_jt3bggkj1j3HLc7SyY6rEUpg.jpeg\",\"contentUrl\":\"https:\/\/skaitytaknyga.lt\/wp-content\/uploads\/2024\/05\/cropped-cropped-cropped-02_00843_jt3bggkj1j3HLc7SyY6rEUpg.jpeg\",\"width\":1600,\"height\":1600,\"caption\":\"skaitytaknyga.lt\"},\"image\":{\"@id\":\"https:\/\/skaitytaknyga.lt\/#\/schema\/logo\/image\/\"},\"sameAs\":[\"https:\/\/www.facebook.com\/skaitytaknyga\/\"]}]}<\/script>\n<!-- \/ Yoast SEO plugin. -->","yoast_head_json":{"title":"D\u017eiaugsmas: laim\u0117, kuri kyla i\u0161 vidaus","description":"Knygoje \u201eD\u017eiaugsmas: laim\u0117, kuri kyla i\u0161 vidaus\u201c nagrin\u0117ja d\u017eiaugsmo prigimt\u012f i\u0161 radikaliai naujo po\u017ei\u016brio ta\u0161ko. Meistri\u0161kai naudodamas atjautos ir","robots":{"index":"index","follow":"follow","max-snippet":"max-snippet:-1","max-image-preview":"max-image-preview:large","max-video-preview":"max-video-preview:-1"},"canonical":"https:\/\/skaitytaknyga.lt\/en\/produktas\/dziaugsmas-laime-kuri-kyla-is-vidaus\/","og_locale":"en_GB","og_type":"article","og_title":"[:lt]D\u017eiaugsmas: laim\u0117, kuri kyla i\u0161 vidaus[:] - Skaitytaknyga","og_description":"Knygoje \u201eD\u017eiaugsmas: laim\u0117, kuri kyla i\u0161 vidaus\u201c nagrin\u0117ja d\u017eiaugsmo prigimt\u012f i\u0161 radikaliai naujo po\u017ei\u016brio ta\u0161ko. Meistri\u0161kai naudodamas atjautos ir","og_url":"https:\/\/skaitytaknyga.lt\/en\/produktas\/dziaugsmas-laime-kuri-kyla-is-vidaus\/","og_site_name":"Skaitytaknyga","article_publisher":"https:\/\/www.facebook.com\/skaitytaknyga\/","article_modified_time":"2025-10-06T10:08:41+00:00","og_image":[{"width":300,"height":449,"url":"https:\/\/skaitytaknyga.lt\/wp-content\/uploads\/2025\/09\/Dziaugsmas-laime-kuri-kyla-is-vidaus-1.webp","type":"image\/webp"}],"twitter_card":"summary_large_image","schema":{"@context":"https:\/\/schema.org","@graph":[{"@type":"WebPage","@id":"https:\/\/skaitytaknyga.lt\/produktas\/dziaugsmas-laime-kuri-kyla-is-vidaus\/","url":"https:\/\/skaitytaknyga.lt\/produktas\/dziaugsmas-laime-kuri-kyla-is-vidaus\/","name":"D\u017eiaugsmas: laim\u0117, kuri kyla i\u0161 vidaus","isPartOf":{"@id":"https:\/\/skaitytaknyga.lt\/#website"},"primaryImageOfPage":{"@id":"https:\/\/skaitytaknyga.lt\/produktas\/dziaugsmas-laime-kuri-kyla-is-vidaus\/#primaryimage"},"image":{"@id":"https:\/\/skaitytaknyga.lt\/produktas\/dziaugsmas-laime-kuri-kyla-is-vidaus\/#primaryimage"},"thumbnailUrl":"https:\/\/skaitytaknyga.lt\/wp-content\/uploads\/2025\/09\/Dziaugsmas-laime-kuri-kyla-is-vidaus-1.webp","datePublished":"2025-09-13T17:09:06+00:00","dateModified":"2025-10-06T10:08:41+00:00","description":"Knygoje \u201eD\u017eiaugsmas: laim\u0117, kuri kyla i\u0161 vidaus\u201c nagrin\u0117ja d\u017eiaugsmo prigimt\u012f i\u0161 radikaliai naujo po\u017ei\u016brio ta\u0161ko. Meistri\u0161kai naudodamas atjautos ir","breadcrumb":{"@id":"https:\/\/skaitytaknyga.lt\/produktas\/dziaugsmas-laime-kuri-kyla-is-vidaus\/#breadcrumb"},"inLanguage":"en-GB","potentialAction":[{"@type":"ReadAction","target":["https:\/\/skaitytaknyga.lt\/produktas\/dziaugsmas-laime-kuri-kyla-is-vidaus\/"]}]},{"@type":"ImageObject","inLanguage":"en-GB","@id":"https:\/\/skaitytaknyga.lt\/produktas\/dziaugsmas-laime-kuri-kyla-is-vidaus\/#primaryimage","url":"https:\/\/skaitytaknyga.lt\/wp-content\/uploads\/2025\/09\/Dziaugsmas-laime-kuri-kyla-is-vidaus-1.webp","contentUrl":"https:\/\/skaitytaknyga.lt\/wp-content\/uploads\/2025\/09\/Dziaugsmas-laime-kuri-kyla-is-vidaus-1.webp","width":300,"height":449,"caption":"D\u017eiaugsmas: laim\u0117, kuri kyla i\u0161 vidaus"},{"@type":"BreadcrumbList","@id":"https:\/\/skaitytaknyga.lt\/produktas\/dziaugsmas-laime-kuri-kyla-is-vidaus\/#breadcrumb","itemListElement":[{"@type":"ListItem","position":1,"name":"Home","item":"https:\/\/skaitytaknyga.lt\/"},{"@type":"ListItem","position":2,"name":"Parduotuv\u0117","item":"https:\/\/skaitytaknyga.lt\/knygu-parduotuve\/"},{"@type":"ListItem","position":3,"name":"D\u017eiaugsmas: laim\u0117, kuri kyla i\u0161 vidaus"}]},{"@type":"WebSite","@id":"https:\/\/skaitytaknyga.lt\/#website","url":"https:\/\/skaitytaknyga.lt\/","name":"skaitytaknyga.lt","description":"Skaitytaknyga.lt \u2013 tai ma\u017eas \u0161eimos verslas, kuris prasid\u0117jo nuo meil\u0117s knygoms ir siekio i\u0161gelb\u0117ti knygas nuo likimo prie konteinerio. Kas vienam nereikalingas daiktas \u2013 kitam lobis, o mes esame tarpininkai, kurie padeda abiems tapti laimingesniems ???? \u017dinome kaip nelengva i\u0161gyventi ma\u017eiems verslams, tad nuo \u0161iol, \u010dia rasite ir kit\u0173, ma\u017e\u0173 \u0161eim\u0173 versl\u0173, rank\u0173 darbo, dovan\u0173 sau ir artimiesiems.","publisher":{"@id":"https:\/\/skaitytaknyga.lt\/#organization"},"potentialAction":[{"@type":"SearchAction","target":{"@type":"EntryPoint","urlTemplate":"https:\/\/skaitytaknyga.lt\/?s={search_term_string}"},"query-input":{"@type":"PropertyValueSpecification","valueRequired":true,"valueName":"search_term_string"}}],"inLanguage":"en-GB"},{"@type":"Organization","@id":"https:\/\/skaitytaknyga.lt\/#organization","name":"skaitytaknyga.lt","url":"https:\/\/skaitytaknyga.lt\/","logo":{"@type":"ImageObject","inLanguage":"en-GB","@id":"https:\/\/skaitytaknyga.lt\/#\/schema\/logo\/image\/","url":"https:\/\/skaitytaknyga.lt\/wp-content\/uploads\/2024\/05\/cropped-cropped-cropped-02_00843_jt3bggkj1j3HLc7SyY6rEUpg.jpeg","contentUrl":"https:\/\/skaitytaknyga.lt\/wp-content\/uploads\/2024\/05\/cropped-cropped-cropped-02_00843_jt3bggkj1j3HLc7SyY6rEUpg.jpeg","width":1600,"height":1600,"caption":"skaitytaknyga.lt"},"image":{"@id":"https:\/\/skaitytaknyga.lt\/#\/schema\/logo\/image\/"},"sameAs":["https:\/\/www.facebook.com\/skaitytaknyga\/"]}]}},"_links":{"self":[{"href":"https:\/\/skaitytaknyga.lt\/en\/wp-json\/wp\/v2\/product\/20817","targetHints":{"allow":["GET"]}}],"collection":[{"href":"https:\/\/skaitytaknyga.lt\/en\/wp-json\/wp\/v2\/product"}],"about":[{"href":"https:\/\/skaitytaknyga.lt\/en\/wp-json\/wp\/v2\/types\/product"}],"replies":[{"embeddable":true,"href":"https:\/\/skaitytaknyga.lt\/en\/wp-json\/wp\/v2\/comments?post=20817"}],"wp:featuredmedia":[{"embeddable":true,"href":"https:\/\/skaitytaknyga.lt\/en\/wp-json\/wp\/v2\/media\/20822"}],"wp:attachment":[{"href":"https:\/\/skaitytaknyga.lt\/en\/wp-json\/wp\/v2\/media?parent=20817"}],"wp:term":[{"taxonomy":"product_brand","embeddable":true,"href":"https:\/\/skaitytaknyga.lt\/en\/wp-json\/wp\/v2\/product_brand?post=20817"},{"taxonomy":"product_cat","embeddable":true,"href":"https:\/\/skaitytaknyga.lt\/en\/wp-json\/wp\/v2\/product_cat?post=20817"},{"taxonomy":"product_tag","embeddable":true,"href":"https:\/\/skaitytaknyga.lt\/en\/wp-json\/wp\/v2\/product_tag?post=20817"}],"curies":[{"name":"wp","href":"https:\/\/api.w.org\/{rel}","templated":true}]}}