{"id":20816,"date":"2025-09-13T20:09:06","date_gmt":"2025-09-13T17:09:06","guid":{"rendered":"https:\/\/skaitytaknyga.lt\/?post_type=product&#038;p=20816"},"modified":"2025-10-06T13:08:41","modified_gmt":"2025-10-06T10:08:41","slug":"1q84-antra-knyga-liepa-rugsejis","status":"publish","type":"product","link":"https:\/\/skaitytaknyga.lt\/en\/produktas\/1q84-antra-knyga-liepa-rugsejis\/","title":{"rendered":"1Q84 antra knyga (Liepa-rugs\u0117jis)"},"content":{"rendered":"<p>Ar skait\u0117te George\u2019o Orwello roman\u0105 1984-ieji? Ar kada jaut\u0117te, kad ka\u017ekas jus stebi? Didysis Brolis, o gal Ma\u017eieji \u017emon\u0117s? Haruki Murakami nauj\u0105 savo roman\u0105, tiksliau, roman\u0173 trilogij\u0105, neatsitiktinai pavadino 1Q84. Tai nuoroda \u012f George\u2019o Orwello roman\u0105 1984-ieji. \u0160\u012fkart ra\u0161ytojas perm\u0105sto istorijos ir ateities s\u0105vokas, jo persona\u017eai ima pasimesti laike, pasirodo ir manipuliacini\u0173 teorij\u0173, Orwello Did\u012fj\u012f Brol\u012f kei\u010dia Ma\u017eieji \u017emon\u0117s, nakt\u012f paslaptingai vejantys oro l\u0117liuk\u0119. Veiksmas vyksta tarsi 1984-aisiais, ta\u010diau Aomam\u0117 pradeda abejoti, ar tai tikrai tie metai, nes realyb\u0117 skyla, t\u012fsta, nyksta&#8230; \u201e\u0160\u012f nauj\u0105 pasaul\u012f ji nusprend\u0117 vadinti 1Q84-aisiais. Q \u2013 tai klaustukas \u2013 question-mark. Jis rei\u0161kia abejon\u0119.\u201c Murakami kuria intriguojan\u010dius persona\u017eus: tai dvikovos instruktor\u0117, kuri laisvalaikiu pagal u\u017esakym\u0105 \u017eudo vyrus, matematikos mokytojas, po darbo ra\u0161antis nespausdinamus romanus, paslaptinga septyniolikmet\u0117 Fukaeri \u2013 jos k\u016brinys atsiun\u010diamas literat\u016briniam konkursui, ir kiti ne ma\u017eiau ypatingi asmenys. Pirmoje trilogijos dalyje netik\u0117tai prad\u0117j\u0119 pintis veik\u0117j\u0173 gyvenimai vis labiau raizgosi vienas aplink kit\u0105, mistika tampa vis tikrovi\u0161kesn\u0117, o nauj\u0105 knygos puslap\u012f verti dar labiau nekantraudamas. Ar oro l\u0117liuk\u0117 i\u0161 tikr\u0173j\u0173 egzistuoja? Kas j\u0105 suk\u016br\u0117? Kas toks yra Lyderis ir kokios jo galios? Ar egzistuoja vienareik\u0161mis teisingumas? Murakami \u2013 neabejotinai garsiausias i\u0161 gyv\u0173 japon\u0173 ra\u0161ytoj\u0173. Jo k\u016bryba vertinama ir interpretuojama itin skirtingai: ji priskiriama net prie fantastini\u0173 ar mitologini\u0173 roman\u0173, roman\u0173 alegorij\u0173, antiutopij\u0173. Ra\u0161ytojo brai\u017eas lyginamas su K\u014db\u014d Abe\u2019s, J. L. Borgeso, G. G. M?rquezo, K. Vonneguto, M. Pavi\u010diaus tekstais. Murakami pasakojimai pasi\u017eymi muzikalumu, jo romanus m\u0117gsta kino k\u016br\u0117jai, o pats ra\u0161ytojas dar vadinamas japon\u0173 literat\u016bros Davidu Lynchu. 2006 metais Murakami buvo pagerbtas Franzo Kafkos apdovanojimu.<\/p>\n","protected":false},"excerpt":{"rendered":"<p>Ar skait\u0117te George\u2019o Orwello roman\u0105 1984-ieji? Ar kada jaut\u0117te, kad ka\u017ekas jus stebi? Didysis Brolis, o gal Ma\u017eieji \u017emon\u0117s? Haruki Murakami nauj\u0105 savo roman\u0105, tiksliau, roman\u0173 trilogij\u0105, neatsitiktinai pavadino 1Q84. Tai nuoroda \u012f George\u2019o Orwello roman\u0105 1984-ieji. \u0160\u012fkart ra\u0161ytojas perm\u0105sto istorijos ir ateities s\u0105vokas, jo persona\u017eai ima pasimesti laike, pasirodo ir manipuliacini\u0173 teorij\u0173, Orwello Did\u012fj\u012f Brol\u012f kei\u010dia Ma\u017eieji \u017emon\u0117s, nakt\u012f paslaptingai vejantys oro l\u0117liuk\u0119. Veiksmas vyksta tarsi 1984-aisiais, ta\u010diau Aomam\u0117 pradeda abejoti, ar tai tikrai tie metai, nes realyb\u0117 skyla, t\u012fsta, nyksta&#8230; \u201e\u0160\u012f nauj\u0105 pasaul\u012f ji nusprend\u0117 vadinti 1Q84-aisiais. Q \u2013 tai klaustukas \u2013 question-mark. Jis rei\u0161kia abejon\u0119.\u201c Murakami kuria intriguojan\u010dius persona\u017eus: tai dvikovos instruktor\u0117, kuri laisvalaikiu pagal u\u017esakym\u0105 \u017eudo vyrus, matematikos mokytojas, po darbo ra\u0161antis nespausdinamus romanus, paslaptinga septyniolikmet\u0117 Fukaeri \u2013 jos k\u016brinys atsiun\u010diamas literat\u016briniam konkursui, ir kiti ne ma\u017eiau ypatingi asmenys. Pirmoje trilogijos dalyje netik\u0117tai prad\u0117j\u0119 pintis veik\u0117j\u0173 gyvenimai vis labiau raizgosi vienas aplink kit\u0105, mistika tampa vis tikrovi\u0161kesn\u0117, o nauj\u0105 knygos puslap\u012f verti dar labiau nekantraudamas. Ar oro l\u0117liuk\u0117 i\u0161 tikr\u0173j\u0173 egzistuoja? Kas j\u0105 suk\u016br\u0117? Kas toks yra Lyderis ir kokios jo galios? Ar egzistuoja vienareik\u0161mis teisingumas? Murakami \u2013 neabejotinai garsiausias i\u0161 gyv\u0173 japon\u0173 ra\u0161ytoj\u0173. Jo k\u016bryba vertinama ir interpretuojama itin skirtingai: ji priskiriama net prie fantastini\u0173 ar mitologini\u0173 roman\u0173, roman\u0173 alegorij\u0173, antiutopij\u0173. Ra\u0161ytojo brai\u017eas lyginamas su K\u014db\u014d Abe\u2019s, J. L. Borgeso, G. G. M?rquezo, K. Vonneguto, M. Pavi\u010diaus tekstais. Murakami pasakojimai pasi\u017eymi muzikalumu, jo romanus m\u0117gsta kino k\u016br\u0117jai, o pats ra\u0161ytojas dar vadinamas japon\u0173 literat\u016bros Davidu Lynchu. 2006 metais Murakami buvo pagerbtas Franzo Kafkos apdovanojimu.<\/p>\n","protected":false},"featured_media":20821,"comment_status":"open","ping_status":"closed","template":"","meta":{"_acf_changed":false,"site-sidebar-layout":"default","site-content-layout":"","ast-site-content-layout":"default","site-content-style":"default","site-sidebar-style":"default","ast-global-header-display":"","ast-banner-title-visibility":"","ast-main-header-display":"","ast-hfb-above-header-display":"","ast-hfb-below-header-display":"","ast-hfb-mobile-header-display":"","site-post-title":"","ast-breadcrumbs-content":"","ast-featured-img":"","footer-sml-layout":"","ast-disable-related-posts":"","theme-transparent-header-meta":"","adv-header-id-meta":"","stick-header-meta":"","header-above-stick-meta":"","header-main-stick-meta":"","header-below-stick-meta":"","astra-migrate-meta-layouts":"default","ast-page-background-enabled":"default","ast-page-background-meta":{"desktop":{"background-color":"","background-image":"","background-repeat":"repeat","background-position":"center center","background-size":"auto","background-attachment":"scroll","background-type":"","background-media":"","overlay-type":"","overlay-color":"","overlay-opacity":"","overlay-gradient":""},"tablet":{"background-color":"","background-image":"","background-repeat":"repeat","background-position":"center center","background-size":"auto","background-attachment":"scroll","background-type":"","background-media":"","overlay-type":"","overlay-color":"","overlay-opacity":"","overlay-gradient":""},"mobile":{"background-color":"","background-image":"","background-repeat":"repeat","background-position":"center center","background-size":"auto","background-attachment":"scroll","background-type":"","background-media":"","overlay-type":"","overlay-color":"","overlay-opacity":"","overlay-gradient":""}},"ast-content-background-meta":{"desktop":{"background-color":"var(--ast-global-color-4)","background-image":"","background-repeat":"repeat","background-position":"center center","background-size":"auto","background-attachment":"scroll","background-type":"","background-media":"","overlay-type":"","overlay-color":"","overlay-opacity":"","overlay-gradient":""},"tablet":{"background-color":"var(--ast-global-color-4)","background-image":"","background-repeat":"repeat","background-position":"center center","background-size":"auto","background-attachment":"scroll","background-type":"","background-media":"","overlay-type":"","overlay-color":"","overlay-opacity":"","overlay-gradient":""},"mobile":{"background-color":"var(--ast-global-color-4)","background-image":"","background-repeat":"repeat","background-position":"center center","background-size":"auto","background-attachment":"scroll","background-type":"","background-media":"","overlay-type":"","overlay-color":"","overlay-opacity":"","overlay-gradient":""}}},"product_brand":[],"product_cat":[31],"product_tag":[8715,2188,1504,5897,5691,1492,2944,8714,2962,3151],"class_list":{"0":"post-20816","1":"product","2":"type-product","3":"status-publish","4":"has-post-thumbnail","6":"product_cat-grozine-literatura","7":"product_tag-8715","8":"product_tag-antiutopija","9":"product_tag-fantastika","10":"product_tag-haruki-murakami","11":"product_tag-japonija","12":"product_tag-literatura","13":"product_tag-mistika","14":"product_tag-orwell","15":"product_tag-romanai","16":"product_tag-trilogija","17":"desktop-align-left","18":"tablet-align-left","19":"mobile-align-left","21":"first","22":"instock","23":"shipping-taxable","24":"purchasable","25":"product-type-simple"},"acf":[],"yoast_head":"<!-- This site is optimized with the Yoast SEO plugin v27.0 - https:\/\/yoast.com\/product\/yoast-seo-wordpress\/ -->\n<title>1Q84 antra knyga (Liepa-rugs\u0117jis)<\/title>\n<meta name=\"description\" content=\"Ar skait\u0117te George\u2019o Orwello roman\u0105 1984-ieji? Ar kada jaut\u0117te, kad ka\u017ekas jus stebi? Didysis Brolis, o gal Ma\u017eieji \u017emon\u0117s? Haruki Murakami nauj\u0105 savo\" \/>\n<meta name=\"robots\" content=\"index, follow, max-snippet:-1, max-image-preview:large, max-video-preview:-1\" \/>\n<link rel=\"canonical\" href=\"https:\/\/skaitytaknyga.lt\/en\/produktas\/1q84-antra-knyga-liepa-rugsejis\/\" \/>\n<meta property=\"og:locale\" content=\"en_GB\" \/>\n<meta property=\"og:locale:alternate\" content=\"lt_LT\" \/>\n<meta property=\"og:type\" content=\"article\" \/>\n<meta property=\"og:title\" content=\"1Q84 antra knyga (Liepa-rugs\u0117jis)\" \/>\n<meta property=\"og:description\" content=\"Ar skait\u0117te George\u2019o Orwello roman\u0105 1984-ieji? Ar kada jaut\u0117te, kad ka\u017ekas jus stebi? Didysis Brolis, o gal Ma\u017eieji \u017emon\u0117s? Haruki Murakami nauj\u0105 savo\" \/>\n<meta property=\"og:url\" content=\"https:\/\/skaitytaknyga.lt\/en\/produktas\/1q84-antra-knyga-liepa-rugsejis\/\" \/>\n<meta property=\"og:site_name\" content=\"Skaitytaknyga\" \/>\n<meta property=\"article:publisher\" content=\"https:\/\/www.facebook.com\/skaitytaknyga\/\" \/>\n<meta property=\"article:modified_time\" content=\"2025-10-06T10:08:41+00:00\" \/>\n<meta property=\"og:image\" content=\"https:\/\/skaitytaknyga.lt\/wp-content\/uploads\/2025\/09\/1Q84-antra-knyga-Liepa-rugsejis.webp\" \/>\n\t<meta property=\"og:image:width\" content=\"295\" \/>\n\t<meta property=\"og:image:height\" content=\"390\" \/>\n\t<meta property=\"og:image:type\" content=\"image\/webp\" \/>\n<meta name=\"twitter:card\" content=\"summary_large_image\" \/>\n<meta name=\"twitter:label1\" content=\"Estimated reading time\" \/>\n\t<meta name=\"twitter:data1\" content=\"1 minute\" \/>\n<script type=\"application\/ld+json\" class=\"yoast-schema-graph\">{\"@context\":\"https:\/\/schema.org\",\"@graph\":[{\"@type\":\"WebPage\",\"@id\":\"https:\/\/skaitytaknyga.lt\/produktas\/1q84-antra-knyga-liepa-rugsejis\/\",\"url\":\"https:\/\/skaitytaknyga.lt\/produktas\/1q84-antra-knyga-liepa-rugsejis\/\",\"name\":\"1Q84 antra knyga (Liepa-rugs\u0117jis)\",\"isPartOf\":{\"@id\":\"https:\/\/skaitytaknyga.lt\/#website\"},\"primaryImageOfPage\":{\"@id\":\"https:\/\/skaitytaknyga.lt\/produktas\/1q84-antra-knyga-liepa-rugsejis\/#primaryimage\"},\"image\":{\"@id\":\"https:\/\/skaitytaknyga.lt\/produktas\/1q84-antra-knyga-liepa-rugsejis\/#primaryimage\"},\"thumbnailUrl\":\"https:\/\/skaitytaknyga.lt\/wp-content\/uploads\/2025\/09\/1Q84-antra-knyga-Liepa-rugsejis.webp\",\"datePublished\":\"2025-09-13T17:09:06+00:00\",\"dateModified\":\"2025-10-06T10:08:41+00:00\",\"description\":\"Ar skait\u0117te George\u2019o Orwello roman\u0105 1984-ieji? Ar kada jaut\u0117te, kad ka\u017ekas jus stebi? Didysis Brolis, o gal Ma\u017eieji \u017emon\u0117s? Haruki Murakami nauj\u0105 savo\",\"breadcrumb\":{\"@id\":\"https:\/\/skaitytaknyga.lt\/produktas\/1q84-antra-knyga-liepa-rugsejis\/#breadcrumb\"},\"inLanguage\":\"en-GB\",\"potentialAction\":[{\"@type\":\"ReadAction\",\"target\":[\"https:\/\/skaitytaknyga.lt\/produktas\/1q84-antra-knyga-liepa-rugsejis\/\"]}]},{\"@type\":\"ImageObject\",\"inLanguage\":\"en-GB\",\"@id\":\"https:\/\/skaitytaknyga.lt\/produktas\/1q84-antra-knyga-liepa-rugsejis\/#primaryimage\",\"url\":\"https:\/\/skaitytaknyga.lt\/wp-content\/uploads\/2025\/09\/1Q84-antra-knyga-Liepa-rugsejis.webp\",\"contentUrl\":\"https:\/\/skaitytaknyga.lt\/wp-content\/uploads\/2025\/09\/1Q84-antra-knyga-Liepa-rugsejis.webp\",\"width\":295,\"height\":390,\"caption\":\"1Q84 antra knyga (Liepa-rugs\u0117jis)\"},{\"@type\":\"BreadcrumbList\",\"@id\":\"https:\/\/skaitytaknyga.lt\/produktas\/1q84-antra-knyga-liepa-rugsejis\/#breadcrumb\",\"itemListElement\":[{\"@type\":\"ListItem\",\"position\":1,\"name\":\"Home\",\"item\":\"https:\/\/skaitytaknyga.lt\/\"},{\"@type\":\"ListItem\",\"position\":2,\"name\":\"Parduotuv\u0117\",\"item\":\"https:\/\/skaitytaknyga.lt\/knygu-parduotuve\/\"},{\"@type\":\"ListItem\",\"position\":3,\"name\":\"1Q84 antra knyga (Liepa-rugs\u0117jis)\"}]},{\"@type\":\"WebSite\",\"@id\":\"https:\/\/skaitytaknyga.lt\/#website\",\"url\":\"https:\/\/skaitytaknyga.lt\/\",\"name\":\"skaitytaknyga.lt\",\"description\":\"Skaitytaknyga.lt \u2013 tai ma\u017eas \u0161eimos verslas, kuris prasid\u0117jo nuo meil\u0117s knygoms ir siekio i\u0161gelb\u0117ti knygas nuo likimo prie konteinerio. Kas vienam nereikalingas daiktas \u2013 kitam lobis, o mes esame tarpininkai, kurie padeda abiems tapti laimingesniems ???? \u017dinome kaip nelengva i\u0161gyventi ma\u017eiems verslams, tad nuo \u0161iol, \u010dia rasite ir kit\u0173, ma\u017e\u0173 \u0161eim\u0173 versl\u0173, rank\u0173 darbo, dovan\u0173 sau ir artimiesiems.\",\"publisher\":{\"@id\":\"https:\/\/skaitytaknyga.lt\/#organization\"},\"potentialAction\":[{\"@type\":\"SearchAction\",\"target\":{\"@type\":\"EntryPoint\",\"urlTemplate\":\"https:\/\/skaitytaknyga.lt\/?s={search_term_string}\"},\"query-input\":{\"@type\":\"PropertyValueSpecification\",\"valueRequired\":true,\"valueName\":\"search_term_string\"}}],\"inLanguage\":\"en-GB\"},{\"@type\":\"Organization\",\"@id\":\"https:\/\/skaitytaknyga.lt\/#organization\",\"name\":\"skaitytaknyga.lt\",\"url\":\"https:\/\/skaitytaknyga.lt\/\",\"logo\":{\"@type\":\"ImageObject\",\"inLanguage\":\"en-GB\",\"@id\":\"https:\/\/skaitytaknyga.lt\/#\/schema\/logo\/image\/\",\"url\":\"https:\/\/skaitytaknyga.lt\/wp-content\/uploads\/2024\/05\/cropped-cropped-cropped-02_00843_jt3bggkj1j3HLc7SyY6rEUpg.jpeg\",\"contentUrl\":\"https:\/\/skaitytaknyga.lt\/wp-content\/uploads\/2024\/05\/cropped-cropped-cropped-02_00843_jt3bggkj1j3HLc7SyY6rEUpg.jpeg\",\"width\":1600,\"height\":1600,\"caption\":\"skaitytaknyga.lt\"},\"image\":{\"@id\":\"https:\/\/skaitytaknyga.lt\/#\/schema\/logo\/image\/\"},\"sameAs\":[\"https:\/\/www.facebook.com\/skaitytaknyga\/\"]}]}<\/script>\n<!-- \/ Yoast SEO plugin. -->","yoast_head_json":{"title":"1Q84 antra knyga (Liepa-rugs\u0117jis)","description":"Ar skait\u0117te George\u2019o Orwello roman\u0105 1984-ieji? Ar kada jaut\u0117te, kad ka\u017ekas jus stebi? Didysis Brolis, o gal Ma\u017eieji \u017emon\u0117s? Haruki Murakami nauj\u0105 savo","robots":{"index":"index","follow":"follow","max-snippet":"max-snippet:-1","max-image-preview":"max-image-preview:large","max-video-preview":"max-video-preview:-1"},"canonical":"https:\/\/skaitytaknyga.lt\/en\/produktas\/1q84-antra-knyga-liepa-rugsejis\/","og_locale":"en_GB","og_type":"article","og_title":"[:lt]1Q84 antra knyga (Liepa-rugs\u0117jis)[:] - Skaitytaknyga","og_description":"Ar skait\u0117te George\u2019o Orwello roman\u0105 1984-ieji? Ar kada jaut\u0117te, kad ka\u017ekas jus stebi? Didysis Brolis, o gal Ma\u017eieji \u017emon\u0117s? Haruki Murakami nauj\u0105 savo","og_url":"https:\/\/skaitytaknyga.lt\/en\/produktas\/1q84-antra-knyga-liepa-rugsejis\/","og_site_name":"Skaitytaknyga","article_publisher":"https:\/\/www.facebook.com\/skaitytaknyga\/","article_modified_time":"2025-10-06T10:08:41+00:00","og_image":[{"width":295,"height":390,"url":"https:\/\/skaitytaknyga.lt\/wp-content\/uploads\/2025\/09\/1Q84-antra-knyga-Liepa-rugsejis.webp","type":"image\/webp"}],"twitter_card":"summary_large_image","twitter_misc":{"Estimated reading time":"1 minute"},"schema":{"@context":"https:\/\/schema.org","@graph":[{"@type":"WebPage","@id":"https:\/\/skaitytaknyga.lt\/produktas\/1q84-antra-knyga-liepa-rugsejis\/","url":"https:\/\/skaitytaknyga.lt\/produktas\/1q84-antra-knyga-liepa-rugsejis\/","name":"1Q84 antra knyga (Liepa-rugs\u0117jis)","isPartOf":{"@id":"https:\/\/skaitytaknyga.lt\/#website"},"primaryImageOfPage":{"@id":"https:\/\/skaitytaknyga.lt\/produktas\/1q84-antra-knyga-liepa-rugsejis\/#primaryimage"},"image":{"@id":"https:\/\/skaitytaknyga.lt\/produktas\/1q84-antra-knyga-liepa-rugsejis\/#primaryimage"},"thumbnailUrl":"https:\/\/skaitytaknyga.lt\/wp-content\/uploads\/2025\/09\/1Q84-antra-knyga-Liepa-rugsejis.webp","datePublished":"2025-09-13T17:09:06+00:00","dateModified":"2025-10-06T10:08:41+00:00","description":"Ar skait\u0117te George\u2019o Orwello roman\u0105 1984-ieji? Ar kada jaut\u0117te, kad ka\u017ekas jus stebi? Didysis Brolis, o gal Ma\u017eieji \u017emon\u0117s? Haruki Murakami nauj\u0105 savo","breadcrumb":{"@id":"https:\/\/skaitytaknyga.lt\/produktas\/1q84-antra-knyga-liepa-rugsejis\/#breadcrumb"},"inLanguage":"en-GB","potentialAction":[{"@type":"ReadAction","target":["https:\/\/skaitytaknyga.lt\/produktas\/1q84-antra-knyga-liepa-rugsejis\/"]}]},{"@type":"ImageObject","inLanguage":"en-GB","@id":"https:\/\/skaitytaknyga.lt\/produktas\/1q84-antra-knyga-liepa-rugsejis\/#primaryimage","url":"https:\/\/skaitytaknyga.lt\/wp-content\/uploads\/2025\/09\/1Q84-antra-knyga-Liepa-rugsejis.webp","contentUrl":"https:\/\/skaitytaknyga.lt\/wp-content\/uploads\/2025\/09\/1Q84-antra-knyga-Liepa-rugsejis.webp","width":295,"height":390,"caption":"1Q84 antra knyga (Liepa-rugs\u0117jis)"},{"@type":"BreadcrumbList","@id":"https:\/\/skaitytaknyga.lt\/produktas\/1q84-antra-knyga-liepa-rugsejis\/#breadcrumb","itemListElement":[{"@type":"ListItem","position":1,"name":"Home","item":"https:\/\/skaitytaknyga.lt\/"},{"@type":"ListItem","position":2,"name":"Parduotuv\u0117","item":"https:\/\/skaitytaknyga.lt\/knygu-parduotuve\/"},{"@type":"ListItem","position":3,"name":"1Q84 antra knyga (Liepa-rugs\u0117jis)"}]},{"@type":"WebSite","@id":"https:\/\/skaitytaknyga.lt\/#website","url":"https:\/\/skaitytaknyga.lt\/","name":"skaitytaknyga.lt","description":"Skaitytaknyga.lt \u2013 tai ma\u017eas \u0161eimos verslas, kuris prasid\u0117jo nuo meil\u0117s knygoms ir siekio i\u0161gelb\u0117ti knygas nuo likimo prie konteinerio. Kas vienam nereikalingas daiktas \u2013 kitam lobis, o mes esame tarpininkai, kurie padeda abiems tapti laimingesniems ???? \u017dinome kaip nelengva i\u0161gyventi ma\u017eiems verslams, tad nuo \u0161iol, \u010dia rasite ir kit\u0173, ma\u017e\u0173 \u0161eim\u0173 versl\u0173, rank\u0173 darbo, dovan\u0173 sau ir artimiesiems.","publisher":{"@id":"https:\/\/skaitytaknyga.lt\/#organization"},"potentialAction":[{"@type":"SearchAction","target":{"@type":"EntryPoint","urlTemplate":"https:\/\/skaitytaknyga.lt\/?s={search_term_string}"},"query-input":{"@type":"PropertyValueSpecification","valueRequired":true,"valueName":"search_term_string"}}],"inLanguage":"en-GB"},{"@type":"Organization","@id":"https:\/\/skaitytaknyga.lt\/#organization","name":"skaitytaknyga.lt","url":"https:\/\/skaitytaknyga.lt\/","logo":{"@type":"ImageObject","inLanguage":"en-GB","@id":"https:\/\/skaitytaknyga.lt\/#\/schema\/logo\/image\/","url":"https:\/\/skaitytaknyga.lt\/wp-content\/uploads\/2024\/05\/cropped-cropped-cropped-02_00843_jt3bggkj1j3HLc7SyY6rEUpg.jpeg","contentUrl":"https:\/\/skaitytaknyga.lt\/wp-content\/uploads\/2024\/05\/cropped-cropped-cropped-02_00843_jt3bggkj1j3HLc7SyY6rEUpg.jpeg","width":1600,"height":1600,"caption":"skaitytaknyga.lt"},"image":{"@id":"https:\/\/skaitytaknyga.lt\/#\/schema\/logo\/image\/"},"sameAs":["https:\/\/www.facebook.com\/skaitytaknyga\/"]}]}},"_links":{"self":[{"href":"https:\/\/skaitytaknyga.lt\/en\/wp-json\/wp\/v2\/product\/20816","targetHints":{"allow":["GET"]}}],"collection":[{"href":"https:\/\/skaitytaknyga.lt\/en\/wp-json\/wp\/v2\/product"}],"about":[{"href":"https:\/\/skaitytaknyga.lt\/en\/wp-json\/wp\/v2\/types\/product"}],"replies":[{"embeddable":true,"href":"https:\/\/skaitytaknyga.lt\/en\/wp-json\/wp\/v2\/comments?post=20816"}],"wp:featuredmedia":[{"embeddable":true,"href":"https:\/\/skaitytaknyga.lt\/en\/wp-json\/wp\/v2\/media\/20821"}],"wp:attachment":[{"href":"https:\/\/skaitytaknyga.lt\/en\/wp-json\/wp\/v2\/media?parent=20816"}],"wp:term":[{"taxonomy":"product_brand","embeddable":true,"href":"https:\/\/skaitytaknyga.lt\/en\/wp-json\/wp\/v2\/product_brand?post=20816"},{"taxonomy":"product_cat","embeddable":true,"href":"https:\/\/skaitytaknyga.lt\/en\/wp-json\/wp\/v2\/product_cat?post=20816"},{"taxonomy":"product_tag","embeddable":true,"href":"https:\/\/skaitytaknyga.lt\/en\/wp-json\/wp\/v2\/product_tag?post=20816"}],"curies":[{"name":"wp","href":"https:\/\/api.w.org\/{rel}","templated":true}]}}