{"id":20815,"date":"2025-09-13T20:09:06","date_gmt":"2025-09-13T17:09:06","guid":{"rendered":"https:\/\/skaitytaknyga.lt\/?post_type=product&#038;p=20815"},"modified":"2025-10-06T13:08:41","modified_gmt":"2025-10-06T10:08:41","slug":"kur-tu-pradingai-bernadeta","status":"publish","type":"product","link":"https:\/\/skaitytaknyga.lt\/en\/produktas\/kur-tu-pradingai-bernadeta\/","title":{"rendered":"Kur tu pradingai, Bernadeta?"},"content":{"rendered":"<p>Bernadetos gyvenim\u0105 aptarin\u0117ja visi. Jos vyras \u2013 technologij\u0173 genijus, dukra \u2013 mokyklos pa\u017eiba, pirm\u016bn\u0117 penkiolikmet\u0117 Bi, o pati Bernadeta \u2013 kiauras dienas namuose leid\u017eianti u\u017e mil\u017eini\u0161k\u0173 juod\u0173 akini\u0173 pasisl\u0117pusi i\u0161skirtinio charakterio asmenyb\u0117, tikras kaimyn\u0173 ir i\u0161 mokyklos vaikus pasiiman\u010di\u0173 mam\u0173 galvos skausmas.<\/p>\n<p>Bet viskas turi ribas. Vien\u0105 dien\u0105 vis keistesnis ir at\u0161iauresnis Bernadetos elgesys perpildo aplinkini\u0173 kantryb\u0117s taur\u0119 ir jai nelieka nieko kito, kaip tik sprukti kuo toliau nuo Siatlo. Bi teks keliauti iki pat pasaulio kra\u0161to, kad visk\u0105 i\u0161siai\u0161kint\u0173 ir rast\u0173 pradingusi\u0105 mam\u0105.<\/p>\n<p>I\u0161 elektronini\u0173 lai\u0161k\u0173, \u017eurnal\u0173 straipsni\u0173, policijos ataskait\u0173 ir \u012fvairiausi\u0173 \u012fra\u0161\u0173 supinta knyga pasakoja i\u0161skirtin\u012f talent\u0105 kurti u\u017egniau\u017eusios ir nuo pasaulio pasprukti m\u0117ginan\u010dios moters istorij\u0105, jos santyk\u012f su aplinka ir ry\u0161\u012f su brangiausiu pasaulyje \u017emogumi \u2013 dukra.<\/p>\n","protected":false},"excerpt":{"rendered":"<p>Bernadetos gyvenim\u0105 aptarin\u0117ja visi. Jos vyras \u2013 technologij\u0173 genijus, dukra \u2013 mokyklos pa\u017eiba, pirm\u016bn\u0117 penkiolikmet\u0117 Bi, o pati Bernadeta \u2013 kiauras dienas namuose leid\u017eianti u\u017e mil\u017eini\u0161k\u0173 juod\u0173 akini\u0173 pasisl\u0117pusi i\u0161skirtinio charakterio asmenyb\u0117, tikras kaimyn\u0173 ir i\u0161 mokyklos vaikus pasiiman\u010di\u0173 mam\u0173 galvos skausmas. Bet viskas turi ribas. Vien\u0105 dien\u0105 vis keistesnis ir at\u0161iauresnis Bernadetos elgesys perpildo aplinkini\u0173 kantryb\u0117s taur\u0119 ir jai nelieka nieko kito, kaip tik sprukti kuo toliau nuo Siatlo. Bi teks keliauti iki pat pasaulio kra\u0161to, kad visk\u0105 i\u0161siai\u0161kint\u0173 ir rast\u0173 pradingusi\u0105 mam\u0105. I\u0161 elektronini\u0173 lai\u0161k\u0173, \u017eurnal\u0173 straipsni\u0173, policijos ataskait\u0173 ir \u012fvairiausi\u0173 \u012fra\u0161\u0173 supinta knyga pasakoja i\u0161skirtin\u012f talent\u0105 kurti u\u017egniau\u017eusios ir nuo pasaulio pasprukti m\u0117ginan\u010dios moters istorij\u0105, jos santyk\u012f su aplinka ir ry\u0161\u012f su brangiausiu pasaulyje \u017emogumi \u2013 dukra.<\/p>\n","protected":false},"featured_media":20820,"comment_status":"open","ping_status":"closed","template":"","meta":{"_acf_changed":false,"site-sidebar-layout":"default","site-content-layout":"","ast-site-content-layout":"default","site-content-style":"default","site-sidebar-style":"default","ast-global-header-display":"","ast-banner-title-visibility":"","ast-main-header-display":"","ast-hfb-above-header-display":"","ast-hfb-below-header-display":"","ast-hfb-mobile-header-display":"","site-post-title":"","ast-breadcrumbs-content":"","ast-featured-img":"","footer-sml-layout":"","ast-disable-related-posts":"","theme-transparent-header-meta":"","adv-header-id-meta":"","stick-header-meta":"","header-above-stick-meta":"","header-main-stick-meta":"","header-below-stick-meta":"","astra-migrate-meta-layouts":"default","ast-page-background-enabled":"default","ast-page-background-meta":{"desktop":{"background-color":"","background-image":"","background-repeat":"repeat","background-position":"center center","background-size":"auto","background-attachment":"scroll","background-type":"","background-media":"","overlay-type":"","overlay-color":"","overlay-opacity":"","overlay-gradient":""},"tablet":{"background-color":"","background-image":"","background-repeat":"repeat","background-position":"center center","background-size":"auto","background-attachment":"scroll","background-type":"","background-media":"","overlay-type":"","overlay-color":"","overlay-opacity":"","overlay-gradient":""},"mobile":{"background-color":"","background-image":"","background-repeat":"repeat","background-position":"center center","background-size":"auto","background-attachment":"scroll","background-type":"","background-media":"","overlay-type":"","overlay-color":"","overlay-opacity":"","overlay-gradient":""}},"ast-content-background-meta":{"desktop":{"background-color":"var(--ast-global-color-4)","background-image":"","background-repeat":"repeat","background-position":"center center","background-size":"auto","background-attachment":"scroll","background-type":"","background-media":"","overlay-type":"","overlay-color":"","overlay-opacity":"","overlay-gradient":""},"tablet":{"background-color":"var(--ast-global-color-4)","background-image":"","background-repeat":"repeat","background-position":"center center","background-size":"auto","background-attachment":"scroll","background-type":"","background-media":"","overlay-type":"","overlay-color":"","overlay-opacity":"","overlay-gradient":""},"mobile":{"background-color":"var(--ast-global-color-4)","background-image":"","background-repeat":"repeat","background-position":"center center","background-size":"auto","background-attachment":"scroll","background-type":"","background-media":"","overlay-type":"","overlay-color":"","overlay-opacity":"","overlay-gradient":""}}},"product_brand":[],"product_cat":[31],"product_tag":[8713,1980,1492,8710,1451,8712,1646,8711],"class_list":{"0":"post-20815","1":"product","2":"type-product","3":"status-publish","4":"has-post-thumbnail","6":"product_cat-grozine-literatura","7":"product_tag-el-laiskai","8":"product_tag-humoras","9":"product_tag-literatura","10":"product_tag-maria-semple","11":"product_tag-nuotykiai","12":"product_tag-paslaptinga-moteris","13":"product_tag-seima","14":"product_tag-siatlas","15":"desktop-align-left","16":"tablet-align-left","17":"mobile-align-left","19":"first","20":"instock","21":"shipping-taxable","22":"purchasable","23":"product-type-simple"},"acf":[],"yoast_head":"<!-- This site is optimized with the Yoast SEO plugin v27.0 - https:\/\/yoast.com\/product\/yoast-seo-wordpress\/ -->\n<title>Kur tu pradingai, Bernadeta?<\/title>\n<meta name=\"description\" content=\"Bernadetos gyvenim\u0105 aptarin\u0117ja visi. Jos vyras \u2013 technologij\u0173 genijus, dukra \u2013 mokyklos pa\u017eiba, pirm\u016bn\u0117 penkiolikmet\u0117 Bi, o pati Bernadeta \u2013 kiauras\" \/>\n<meta name=\"robots\" content=\"index, follow, max-snippet:-1, max-image-preview:large, max-video-preview:-1\" \/>\n<link rel=\"canonical\" href=\"https:\/\/skaitytaknyga.lt\/en\/produktas\/kur-tu-pradingai-bernadeta\/\" \/>\n<meta property=\"og:locale\" content=\"en_GB\" \/>\n<meta property=\"og:locale:alternate\" content=\"lt_LT\" \/>\n<meta property=\"og:type\" content=\"article\" \/>\n<meta property=\"og:title\" content=\"Kur tu pradingai, Bernadeta?\" \/>\n<meta property=\"og:description\" content=\"Bernadetos gyvenim\u0105 aptarin\u0117ja visi. Jos vyras \u2013 technologij\u0173 genijus, dukra \u2013 mokyklos pa\u017eiba, pirm\u016bn\u0117 penkiolikmet\u0117 Bi, o pati Bernadeta \u2013 kiauras\" \/>\n<meta property=\"og:url\" content=\"https:\/\/skaitytaknyga.lt\/en\/produktas\/kur-tu-pradingai-bernadeta\/\" \/>\n<meta property=\"og:site_name\" content=\"Skaitytaknyga\" \/>\n<meta property=\"article:publisher\" content=\"https:\/\/www.facebook.com\/skaitytaknyga\/\" \/>\n<meta property=\"article:modified_time\" content=\"2025-10-06T10:08:41+00:00\" \/>\n<meta property=\"og:image\" content=\"https:\/\/skaitytaknyga.lt\/wp-content\/uploads\/2025\/09\/Kur-tu-pradingai-Bernadeta-1.webp\" \/>\n\t<meta property=\"og:image:width\" content=\"300\" \/>\n\t<meta property=\"og:image:height\" content=\"435\" \/>\n\t<meta property=\"og:image:type\" content=\"image\/webp\" \/>\n<meta name=\"twitter:card\" content=\"summary_large_image\" \/>\n<meta name=\"twitter:label1\" content=\"Estimated reading time\" \/>\n\t<meta name=\"twitter:data1\" content=\"1 minute\" \/>\n<script type=\"application\/ld+json\" class=\"yoast-schema-graph\">{\"@context\":\"https:\/\/schema.org\",\"@graph\":[{\"@type\":\"WebPage\",\"@id\":\"https:\/\/skaitytaknyga.lt\/produktas\/kur-tu-pradingai-bernadeta\/\",\"url\":\"https:\/\/skaitytaknyga.lt\/produktas\/kur-tu-pradingai-bernadeta\/\",\"name\":\"Kur tu pradingai, Bernadeta?\",\"isPartOf\":{\"@id\":\"https:\/\/skaitytaknyga.lt\/#website\"},\"primaryImageOfPage\":{\"@id\":\"https:\/\/skaitytaknyga.lt\/produktas\/kur-tu-pradingai-bernadeta\/#primaryimage\"},\"image\":{\"@id\":\"https:\/\/skaitytaknyga.lt\/produktas\/kur-tu-pradingai-bernadeta\/#primaryimage\"},\"thumbnailUrl\":\"https:\/\/skaitytaknyga.lt\/wp-content\/uploads\/2025\/09\/Kur-tu-pradingai-Bernadeta-1.webp\",\"datePublished\":\"2025-09-13T17:09:06+00:00\",\"dateModified\":\"2025-10-06T10:08:41+00:00\",\"description\":\"Bernadetos gyvenim\u0105 aptarin\u0117ja visi. Jos vyras \u2013 technologij\u0173 genijus, dukra \u2013 mokyklos pa\u017eiba, pirm\u016bn\u0117 penkiolikmet\u0117 Bi, o pati Bernadeta \u2013 kiauras\",\"breadcrumb\":{\"@id\":\"https:\/\/skaitytaknyga.lt\/produktas\/kur-tu-pradingai-bernadeta\/#breadcrumb\"},\"inLanguage\":\"en-GB\",\"potentialAction\":[{\"@type\":\"ReadAction\",\"target\":[\"https:\/\/skaitytaknyga.lt\/produktas\/kur-tu-pradingai-bernadeta\/\"]}]},{\"@type\":\"ImageObject\",\"inLanguage\":\"en-GB\",\"@id\":\"https:\/\/skaitytaknyga.lt\/produktas\/kur-tu-pradingai-bernadeta\/#primaryimage\",\"url\":\"https:\/\/skaitytaknyga.lt\/wp-content\/uploads\/2025\/09\/Kur-tu-pradingai-Bernadeta-1.webp\",\"contentUrl\":\"https:\/\/skaitytaknyga.lt\/wp-content\/uploads\/2025\/09\/Kur-tu-pradingai-Bernadeta-1.webp\",\"width\":300,\"height\":435},{\"@type\":\"BreadcrumbList\",\"@id\":\"https:\/\/skaitytaknyga.lt\/produktas\/kur-tu-pradingai-bernadeta\/#breadcrumb\",\"itemListElement\":[{\"@type\":\"ListItem\",\"position\":1,\"name\":\"Home\",\"item\":\"https:\/\/skaitytaknyga.lt\/\"},{\"@type\":\"ListItem\",\"position\":2,\"name\":\"Parduotuv\u0117\",\"item\":\"https:\/\/skaitytaknyga.lt\/knygu-parduotuve\/\"},{\"@type\":\"ListItem\",\"position\":3,\"name\":\"Kur tu pradingai, Bernadeta?\"}]},{\"@type\":\"WebSite\",\"@id\":\"https:\/\/skaitytaknyga.lt\/#website\",\"url\":\"https:\/\/skaitytaknyga.lt\/\",\"name\":\"skaitytaknyga.lt\",\"description\":\"Skaitytaknyga.lt \u2013 tai ma\u017eas \u0161eimos verslas, kuris prasid\u0117jo nuo meil\u0117s knygoms ir siekio i\u0161gelb\u0117ti knygas nuo likimo prie konteinerio. Kas vienam nereikalingas daiktas \u2013 kitam lobis, o mes esame tarpininkai, kurie padeda abiems tapti laimingesniems ???? \u017dinome kaip nelengva i\u0161gyventi ma\u017eiems verslams, tad nuo \u0161iol, \u010dia rasite ir kit\u0173, ma\u017e\u0173 \u0161eim\u0173 versl\u0173, rank\u0173 darbo, dovan\u0173 sau ir artimiesiems.\",\"publisher\":{\"@id\":\"https:\/\/skaitytaknyga.lt\/#organization\"},\"potentialAction\":[{\"@type\":\"SearchAction\",\"target\":{\"@type\":\"EntryPoint\",\"urlTemplate\":\"https:\/\/skaitytaknyga.lt\/?s={search_term_string}\"},\"query-input\":{\"@type\":\"PropertyValueSpecification\",\"valueRequired\":true,\"valueName\":\"search_term_string\"}}],\"inLanguage\":\"en-GB\"},{\"@type\":\"Organization\",\"@id\":\"https:\/\/skaitytaknyga.lt\/#organization\",\"name\":\"skaitytaknyga.lt\",\"url\":\"https:\/\/skaitytaknyga.lt\/\",\"logo\":{\"@type\":\"ImageObject\",\"inLanguage\":\"en-GB\",\"@id\":\"https:\/\/skaitytaknyga.lt\/#\/schema\/logo\/image\/\",\"url\":\"https:\/\/skaitytaknyga.lt\/wp-content\/uploads\/2024\/05\/cropped-cropped-cropped-02_00843_jt3bggkj1j3HLc7SyY6rEUpg.jpeg\",\"contentUrl\":\"https:\/\/skaitytaknyga.lt\/wp-content\/uploads\/2024\/05\/cropped-cropped-cropped-02_00843_jt3bggkj1j3HLc7SyY6rEUpg.jpeg\",\"width\":1600,\"height\":1600,\"caption\":\"skaitytaknyga.lt\"},\"image\":{\"@id\":\"https:\/\/skaitytaknyga.lt\/#\/schema\/logo\/image\/\"},\"sameAs\":[\"https:\/\/www.facebook.com\/skaitytaknyga\/\"]}]}<\/script>\n<!-- \/ Yoast SEO plugin. -->","yoast_head_json":{"title":"Kur tu pradingai, Bernadeta?","description":"Bernadetos gyvenim\u0105 aptarin\u0117ja visi. Jos vyras \u2013 technologij\u0173 genijus, dukra \u2013 mokyklos pa\u017eiba, pirm\u016bn\u0117 penkiolikmet\u0117 Bi, o pati Bernadeta \u2013 kiauras","robots":{"index":"index","follow":"follow","max-snippet":"max-snippet:-1","max-image-preview":"max-image-preview:large","max-video-preview":"max-video-preview:-1"},"canonical":"https:\/\/skaitytaknyga.lt\/en\/produktas\/kur-tu-pradingai-bernadeta\/","og_locale":"en_GB","og_type":"article","og_title":"[:lt]Kur tu pradingai, Bernadeta?[:] - Skaitytaknyga","og_description":"Bernadetos gyvenim\u0105 aptarin\u0117ja visi. Jos vyras \u2013 technologij\u0173 genijus, dukra \u2013 mokyklos pa\u017eiba, pirm\u016bn\u0117 penkiolikmet\u0117 Bi, o pati Bernadeta \u2013 kiauras","og_url":"https:\/\/skaitytaknyga.lt\/en\/produktas\/kur-tu-pradingai-bernadeta\/","og_site_name":"Skaitytaknyga","article_publisher":"https:\/\/www.facebook.com\/skaitytaknyga\/","article_modified_time":"2025-10-06T10:08:41+00:00","og_image":[{"width":300,"height":435,"url":"https:\/\/skaitytaknyga.lt\/wp-content\/uploads\/2025\/09\/Kur-tu-pradingai-Bernadeta-1.webp","type":"image\/webp"}],"twitter_card":"summary_large_image","twitter_misc":{"Estimated reading time":"1 minute"},"schema":{"@context":"https:\/\/schema.org","@graph":[{"@type":"WebPage","@id":"https:\/\/skaitytaknyga.lt\/produktas\/kur-tu-pradingai-bernadeta\/","url":"https:\/\/skaitytaknyga.lt\/produktas\/kur-tu-pradingai-bernadeta\/","name":"Kur tu pradingai, Bernadeta?","isPartOf":{"@id":"https:\/\/skaitytaknyga.lt\/#website"},"primaryImageOfPage":{"@id":"https:\/\/skaitytaknyga.lt\/produktas\/kur-tu-pradingai-bernadeta\/#primaryimage"},"image":{"@id":"https:\/\/skaitytaknyga.lt\/produktas\/kur-tu-pradingai-bernadeta\/#primaryimage"},"thumbnailUrl":"https:\/\/skaitytaknyga.lt\/wp-content\/uploads\/2025\/09\/Kur-tu-pradingai-Bernadeta-1.webp","datePublished":"2025-09-13T17:09:06+00:00","dateModified":"2025-10-06T10:08:41+00:00","description":"Bernadetos gyvenim\u0105 aptarin\u0117ja visi. Jos vyras \u2013 technologij\u0173 genijus, dukra \u2013 mokyklos pa\u017eiba, pirm\u016bn\u0117 penkiolikmet\u0117 Bi, o pati Bernadeta \u2013 kiauras","breadcrumb":{"@id":"https:\/\/skaitytaknyga.lt\/produktas\/kur-tu-pradingai-bernadeta\/#breadcrumb"},"inLanguage":"en-GB","potentialAction":[{"@type":"ReadAction","target":["https:\/\/skaitytaknyga.lt\/produktas\/kur-tu-pradingai-bernadeta\/"]}]},{"@type":"ImageObject","inLanguage":"en-GB","@id":"https:\/\/skaitytaknyga.lt\/produktas\/kur-tu-pradingai-bernadeta\/#primaryimage","url":"https:\/\/skaitytaknyga.lt\/wp-content\/uploads\/2025\/09\/Kur-tu-pradingai-Bernadeta-1.webp","contentUrl":"https:\/\/skaitytaknyga.lt\/wp-content\/uploads\/2025\/09\/Kur-tu-pradingai-Bernadeta-1.webp","width":300,"height":435},{"@type":"BreadcrumbList","@id":"https:\/\/skaitytaknyga.lt\/produktas\/kur-tu-pradingai-bernadeta\/#breadcrumb","itemListElement":[{"@type":"ListItem","position":1,"name":"Home","item":"https:\/\/skaitytaknyga.lt\/"},{"@type":"ListItem","position":2,"name":"Parduotuv\u0117","item":"https:\/\/skaitytaknyga.lt\/knygu-parduotuve\/"},{"@type":"ListItem","position":3,"name":"Kur tu pradingai, Bernadeta?"}]},{"@type":"WebSite","@id":"https:\/\/skaitytaknyga.lt\/#website","url":"https:\/\/skaitytaknyga.lt\/","name":"skaitytaknyga.lt","description":"Skaitytaknyga.lt \u2013 tai ma\u017eas \u0161eimos verslas, kuris prasid\u0117jo nuo meil\u0117s knygoms ir siekio i\u0161gelb\u0117ti knygas nuo likimo prie konteinerio. Kas vienam nereikalingas daiktas \u2013 kitam lobis, o mes esame tarpininkai, kurie padeda abiems tapti laimingesniems ???? \u017dinome kaip nelengva i\u0161gyventi ma\u017eiems verslams, tad nuo \u0161iol, \u010dia rasite ir kit\u0173, ma\u017e\u0173 \u0161eim\u0173 versl\u0173, rank\u0173 darbo, dovan\u0173 sau ir artimiesiems.","publisher":{"@id":"https:\/\/skaitytaknyga.lt\/#organization"},"potentialAction":[{"@type":"SearchAction","target":{"@type":"EntryPoint","urlTemplate":"https:\/\/skaitytaknyga.lt\/?s={search_term_string}"},"query-input":{"@type":"PropertyValueSpecification","valueRequired":true,"valueName":"search_term_string"}}],"inLanguage":"en-GB"},{"@type":"Organization","@id":"https:\/\/skaitytaknyga.lt\/#organization","name":"skaitytaknyga.lt","url":"https:\/\/skaitytaknyga.lt\/","logo":{"@type":"ImageObject","inLanguage":"en-GB","@id":"https:\/\/skaitytaknyga.lt\/#\/schema\/logo\/image\/","url":"https:\/\/skaitytaknyga.lt\/wp-content\/uploads\/2024\/05\/cropped-cropped-cropped-02_00843_jt3bggkj1j3HLc7SyY6rEUpg.jpeg","contentUrl":"https:\/\/skaitytaknyga.lt\/wp-content\/uploads\/2024\/05\/cropped-cropped-cropped-02_00843_jt3bggkj1j3HLc7SyY6rEUpg.jpeg","width":1600,"height":1600,"caption":"skaitytaknyga.lt"},"image":{"@id":"https:\/\/skaitytaknyga.lt\/#\/schema\/logo\/image\/"},"sameAs":["https:\/\/www.facebook.com\/skaitytaknyga\/"]}]}},"_links":{"self":[{"href":"https:\/\/skaitytaknyga.lt\/en\/wp-json\/wp\/v2\/product\/20815","targetHints":{"allow":["GET"]}}],"collection":[{"href":"https:\/\/skaitytaknyga.lt\/en\/wp-json\/wp\/v2\/product"}],"about":[{"href":"https:\/\/skaitytaknyga.lt\/en\/wp-json\/wp\/v2\/types\/product"}],"replies":[{"embeddable":true,"href":"https:\/\/skaitytaknyga.lt\/en\/wp-json\/wp\/v2\/comments?post=20815"}],"wp:featuredmedia":[{"embeddable":true,"href":"https:\/\/skaitytaknyga.lt\/en\/wp-json\/wp\/v2\/media\/20820"}],"wp:attachment":[{"href":"https:\/\/skaitytaknyga.lt\/en\/wp-json\/wp\/v2\/media?parent=20815"}],"wp:term":[{"taxonomy":"product_brand","embeddable":true,"href":"https:\/\/skaitytaknyga.lt\/en\/wp-json\/wp\/v2\/product_brand?post=20815"},{"taxonomy":"product_cat","embeddable":true,"href":"https:\/\/skaitytaknyga.lt\/en\/wp-json\/wp\/v2\/product_cat?post=20815"},{"taxonomy":"product_tag","embeddable":true,"href":"https:\/\/skaitytaknyga.lt\/en\/wp-json\/wp\/v2\/product_tag?post=20815"}],"curies":[{"name":"wp","href":"https:\/\/api.w.org\/{rel}","templated":true}]}}