{"id":20808,"date":"2025-09-13T17:32:58","date_gmt":"2025-09-13T14:32:58","guid":{"rendered":"https:\/\/skaitytaknyga.lt\/?post_type=product&#038;p=20808"},"modified":"2025-10-06T13:08:31","modified_gmt":"2025-10-06T10:08:31","slug":"meiles-poros-zentos-maurinos-akimis","status":"publish","type":"product","link":"https:\/\/skaitytaknyga.lt\/en\/produktas\/meiles-poros-zentos-maurinos-akimis\/","title":{"rendered":"Meil\u0117s poros Zentos Maurinos akimis"},"content":{"rendered":"<p>U\u017eburian\u010diose Zentos Maurinios es\u0117 subtiliai apra\u0161omos Europos kult\u016bros did\u017ei\u0173j\u0173 meil\u0117s por\u0173 istorijos. Knygoje mirga garsios pavard\u0117s \u2013 Piotras \u010caikovskis ir Nade\u017eda fon Mek, Elizabet\u0117 ir Robertas Brauningai, Johanas Volfgangas G\u0117t\u0117 ir \u0160arlot\u0117 fon \u0160tein, Eleonora Duz\u0117 ir Gabriel\u0117 D\u2019Anuncijus&#8230; Autor\u0117, kartu d\u017eiaugdamasi ir li\u016bd\u0117dama, eina vingiuotais mylim\u0173j\u0173 keliais. Did\u017eiausi\u0105 d\u0117mes\u012f skiria moteriai \u2013 m\u016bzai, \u012fkv\u0117p\u0117jai, jos nelengvam buvimui \u0161alia k\u016br\u0117jo.<\/p>\n<p>\u0160ios es\u0117 \u2013 dviej\u0173 \u0161ird\u017ei\u0173 daina, romanti\u0161k\u0173j\u0173 Italijos miest\u0173 \u2013 Florencijos, Venecijos dvelksmas. Nepaprastos \u017eymi\u0173 \u017emoni\u0173 istorijos pa\u017eadins myl\u0117ti \u2013 ar jums tik \u0161e\u0161iolika, ar plaukus seniai nubalino \u0161arma. \u0160i nedidel\u0117 knygel\u0117 \u2013 tai meil\u0117s himnas, kurio skambios melodijos neu\u017ego\u017eia negailestingi kasdienyb\u0117s akordai.<\/p>\n","protected":false},"excerpt":{"rendered":"<p>U\u017eburian\u010diose Zentos Maurinios es\u0117 subtiliai apra\u0161omos Europos kult\u016bros did\u017ei\u0173j\u0173 meil\u0117s por\u0173 istorijos. Knygoje mirga garsios pavard\u0117s \u2013 Piotras \u010caikovskis ir Nade\u017eda fon Mek, Elizabet\u0117 ir Robertas Brauningai, Johanas Volfgangas G\u0117t\u0117 ir \u0160arlot\u0117 fon \u0160tein, Eleonora Duz\u0117 ir Gabriel\u0117 D\u2019Anuncijus&#8230; Autor\u0117, kartu d\u017eiaugdamasi ir li\u016bd\u0117dama, eina vingiuotais mylim\u0173j\u0173 keliais. Did\u017eiausi\u0105 d\u0117mes\u012f skiria moteriai \u2013 m\u016bzai, \u012fkv\u0117p\u0117jai, jos nelengvam buvimui \u0161alia k\u016br\u0117jo. \u0160ios es\u0117 \u2013 dviej\u0173 \u0161ird\u017ei\u0173 daina, romanti\u0161k\u0173j\u0173 Italijos miest\u0173 \u2013 Florencijos, Venecijos dvelksmas. Nepaprastos \u017eymi\u0173 \u017emoni\u0173 istorijos pa\u017eadins myl\u0117ti \u2013 ar jums tik \u0161e\u0161iolika, ar plaukus seniai nubalino \u0161arma. \u0160i nedidel\u0117 knygel\u0117 \u2013 tai meil\u0117s himnas, kurio skambios melodijos neu\u017ego\u017eia negailestingi kasdienyb\u0117s akordai.<\/p>\n","protected":false},"featured_media":20814,"comment_status":"open","ping_status":"closed","template":"","meta":{"_acf_changed":false,"site-sidebar-layout":"default","site-content-layout":"","ast-site-content-layout":"default","site-content-style":"default","site-sidebar-style":"default","ast-global-header-display":"","ast-banner-title-visibility":"","ast-main-header-display":"","ast-hfb-above-header-display":"","ast-hfb-below-header-display":"","ast-hfb-mobile-header-display":"","site-post-title":"","ast-breadcrumbs-content":"","ast-featured-img":"","footer-sml-layout":"","ast-disable-related-posts":"","theme-transparent-header-meta":"","adv-header-id-meta":"","stick-header-meta":"","header-above-stick-meta":"","header-main-stick-meta":"","header-below-stick-meta":"","astra-migrate-meta-layouts":"default","ast-page-background-enabled":"default","ast-page-background-meta":{"desktop":{"background-color":"","background-image":"","background-repeat":"repeat","background-position":"center center","background-size":"auto","background-attachment":"scroll","background-type":"","background-media":"","overlay-type":"","overlay-color":"","overlay-opacity":"","overlay-gradient":""},"tablet":{"background-color":"","background-image":"","background-repeat":"repeat","background-position":"center center","background-size":"auto","background-attachment":"scroll","background-type":"","background-media":"","overlay-type":"","overlay-color":"","overlay-opacity":"","overlay-gradient":""},"mobile":{"background-color":"","background-image":"","background-repeat":"repeat","background-position":"center center","background-size":"auto","background-attachment":"scroll","background-type":"","background-media":"","overlay-type":"","overlay-color":"","overlay-opacity":"","overlay-gradient":""}},"ast-content-background-meta":{"desktop":{"background-color":"var(--ast-global-color-4)","background-image":"","background-repeat":"repeat","background-position":"center center","background-size":"auto","background-attachment":"scroll","background-type":"","background-media":"","overlay-type":"","overlay-color":"","overlay-opacity":"","overlay-gradient":""},"tablet":{"background-color":"var(--ast-global-color-4)","background-image":"","background-repeat":"repeat","background-position":"center center","background-size":"auto","background-attachment":"scroll","background-type":"","background-media":"","overlay-type":"","overlay-color":"","overlay-opacity":"","overlay-gradient":""},"mobile":{"background-color":"var(--ast-global-color-4)","background-image":"","background-repeat":"repeat","background-position":"center center","background-size":"auto","background-attachment":"scroll","background-type":"","background-media":"","overlay-type":"","overlay-color":"","overlay-opacity":"","overlay-gradient":""}}},"product_brand":[],"product_cat":[31],"product_tag":[2033,8708,8707,4324,2376,1796,8709,2898,2129],"class_list":{"0":"post-20808","1":"product","2":"type-product","3":"status-publish","4":"has-post-thumbnail","6":"product_cat-grozine-literatura","7":"product_tag-ese","8":"product_tag-europos-didieji-kurejai","9":"product_tag-ingrida-sokolova","10":"product_tag-italija","11":"product_tag-kultura","12":"product_tag-meile","13":"product_tag-muza","14":"product_tag-muzika","15":"product_tag-romantika","16":"desktop-align-left","17":"tablet-align-left","18":"mobile-align-left","20":"first","21":"instock","22":"shipping-taxable","23":"purchasable","24":"product-type-simple"},"acf":[],"yoast_head":"<!-- This site is optimized with the Yoast SEO plugin v27.0 - https:\/\/yoast.com\/product\/yoast-seo-wordpress\/ -->\n<title>Meil\u0117s poros Zentos Maurinos akimis<\/title>\n<meta name=\"description\" content=\"U\u017eburian\u010diose Zentos Maurinios es\u0117 subtiliai apra\u0161omos Europos kult\u016bros did\u017ei\u0173j\u0173 meil\u0117s por\u0173 istorijos. Knygoje mirga garsios pavard\u0117s \u2013 Piotras\" \/>\n<meta name=\"robots\" content=\"index, follow, max-snippet:-1, max-image-preview:large, max-video-preview:-1\" \/>\n<link rel=\"canonical\" href=\"https:\/\/skaitytaknyga.lt\/en\/produktas\/meiles-poros-zentos-maurinos-akimis\/\" \/>\n<meta property=\"og:locale\" content=\"en_GB\" \/>\n<meta property=\"og:locale:alternate\" content=\"lt_LT\" \/>\n<meta property=\"og:type\" content=\"article\" \/>\n<meta property=\"og:title\" content=\"Meil\u0117s poros Zentos Maurinos akimis\" \/>\n<meta property=\"og:description\" content=\"U\u017eburian\u010diose Zentos Maurinios es\u0117 subtiliai apra\u0161omos Europos kult\u016bros did\u017ei\u0173j\u0173 meil\u0117s por\u0173 istorijos. Knygoje mirga garsios pavard\u0117s \u2013 Piotras\" \/>\n<meta property=\"og:url\" content=\"https:\/\/skaitytaknyga.lt\/en\/produktas\/meiles-poros-zentos-maurinos-akimis\/\" \/>\n<meta property=\"og:site_name\" content=\"Skaitytaknyga\" \/>\n<meta property=\"article:publisher\" content=\"https:\/\/www.facebook.com\/skaitytaknyga\/\" \/>\n<meta property=\"article:modified_time\" content=\"2025-10-06T10:08:31+00:00\" \/>\n<meta property=\"og:image\" content=\"https:\/\/skaitytaknyga.lt\/wp-content\/uploads\/2025\/09\/Meiles-poros-Zentos-Maurinos-akimis-1.webp\" \/>\n\t<meta property=\"og:image:width\" content=\"300\" \/>\n\t<meta property=\"og:image:height\" content=\"494\" \/>\n\t<meta property=\"og:image:type\" content=\"image\/webp\" \/>\n<meta name=\"twitter:card\" content=\"summary_large_image\" \/>\n<meta name=\"twitter:label1\" content=\"Estimated reading time\" \/>\n\t<meta name=\"twitter:data1\" content=\"1 minute\" \/>\n<script type=\"application\/ld+json\" class=\"yoast-schema-graph\">{\"@context\":\"https:\/\/schema.org\",\"@graph\":[{\"@type\":\"WebPage\",\"@id\":\"https:\/\/skaitytaknyga.lt\/produktas\/meiles-poros-zentos-maurinos-akimis\/\",\"url\":\"https:\/\/skaitytaknyga.lt\/produktas\/meiles-poros-zentos-maurinos-akimis\/\",\"name\":\"Meil\u0117s poros Zentos Maurinos akimis\",\"isPartOf\":{\"@id\":\"https:\/\/skaitytaknyga.lt\/#website\"},\"primaryImageOfPage\":{\"@id\":\"https:\/\/skaitytaknyga.lt\/produktas\/meiles-poros-zentos-maurinos-akimis\/#primaryimage\"},\"image\":{\"@id\":\"https:\/\/skaitytaknyga.lt\/produktas\/meiles-poros-zentos-maurinos-akimis\/#primaryimage\"},\"thumbnailUrl\":\"https:\/\/skaitytaknyga.lt\/wp-content\/uploads\/2025\/09\/Meiles-poros-Zentos-Maurinos-akimis-1.webp\",\"datePublished\":\"2025-09-13T14:32:58+00:00\",\"dateModified\":\"2025-10-06T10:08:31+00:00\",\"description\":\"U\u017eburian\u010diose Zentos Maurinios es\u0117 subtiliai apra\u0161omos Europos kult\u016bros did\u017ei\u0173j\u0173 meil\u0117s por\u0173 istorijos. Knygoje mirga garsios pavard\u0117s \u2013 Piotras\",\"breadcrumb\":{\"@id\":\"https:\/\/skaitytaknyga.lt\/produktas\/meiles-poros-zentos-maurinos-akimis\/#breadcrumb\"},\"inLanguage\":\"en-GB\",\"potentialAction\":[{\"@type\":\"ReadAction\",\"target\":[\"https:\/\/skaitytaknyga.lt\/produktas\/meiles-poros-zentos-maurinos-akimis\/\"]}]},{\"@type\":\"ImageObject\",\"inLanguage\":\"en-GB\",\"@id\":\"https:\/\/skaitytaknyga.lt\/produktas\/meiles-poros-zentos-maurinos-akimis\/#primaryimage\",\"url\":\"https:\/\/skaitytaknyga.lt\/wp-content\/uploads\/2025\/09\/Meiles-poros-Zentos-Maurinos-akimis-1.webp\",\"contentUrl\":\"https:\/\/skaitytaknyga.lt\/wp-content\/uploads\/2025\/09\/Meiles-poros-Zentos-Maurinos-akimis-1.webp\",\"width\":300,\"height\":494},{\"@type\":\"BreadcrumbList\",\"@id\":\"https:\/\/skaitytaknyga.lt\/produktas\/meiles-poros-zentos-maurinos-akimis\/#breadcrumb\",\"itemListElement\":[{\"@type\":\"ListItem\",\"position\":1,\"name\":\"Home\",\"item\":\"https:\/\/skaitytaknyga.lt\/\"},{\"@type\":\"ListItem\",\"position\":2,\"name\":\"Parduotuv\u0117\",\"item\":\"https:\/\/skaitytaknyga.lt\/knygu-parduotuve\/\"},{\"@type\":\"ListItem\",\"position\":3,\"name\":\"Meil\u0117s poros Zentos Maurinos akimis\"}]},{\"@type\":\"WebSite\",\"@id\":\"https:\/\/skaitytaknyga.lt\/#website\",\"url\":\"https:\/\/skaitytaknyga.lt\/\",\"name\":\"skaitytaknyga.lt\",\"description\":\"Skaitytaknyga.lt \u2013 tai ma\u017eas \u0161eimos verslas, kuris prasid\u0117jo nuo meil\u0117s knygoms ir siekio i\u0161gelb\u0117ti knygas nuo likimo prie konteinerio. Kas vienam nereikalingas daiktas \u2013 kitam lobis, o mes esame tarpininkai, kurie padeda abiems tapti laimingesniems ???? \u017dinome kaip nelengva i\u0161gyventi ma\u017eiems verslams, tad nuo \u0161iol, \u010dia rasite ir kit\u0173, ma\u017e\u0173 \u0161eim\u0173 versl\u0173, rank\u0173 darbo, dovan\u0173 sau ir artimiesiems.\",\"publisher\":{\"@id\":\"https:\/\/skaitytaknyga.lt\/#organization\"},\"potentialAction\":[{\"@type\":\"SearchAction\",\"target\":{\"@type\":\"EntryPoint\",\"urlTemplate\":\"https:\/\/skaitytaknyga.lt\/?s={search_term_string}\"},\"query-input\":{\"@type\":\"PropertyValueSpecification\",\"valueRequired\":true,\"valueName\":\"search_term_string\"}}],\"inLanguage\":\"en-GB\"},{\"@type\":\"Organization\",\"@id\":\"https:\/\/skaitytaknyga.lt\/#organization\",\"name\":\"skaitytaknyga.lt\",\"url\":\"https:\/\/skaitytaknyga.lt\/\",\"logo\":{\"@type\":\"ImageObject\",\"inLanguage\":\"en-GB\",\"@id\":\"https:\/\/skaitytaknyga.lt\/#\/schema\/logo\/image\/\",\"url\":\"https:\/\/skaitytaknyga.lt\/wp-content\/uploads\/2024\/05\/cropped-cropped-cropped-02_00843_jt3bggkj1j3HLc7SyY6rEUpg.jpeg\",\"contentUrl\":\"https:\/\/skaitytaknyga.lt\/wp-content\/uploads\/2024\/05\/cropped-cropped-cropped-02_00843_jt3bggkj1j3HLc7SyY6rEUpg.jpeg\",\"width\":1600,\"height\":1600,\"caption\":\"skaitytaknyga.lt\"},\"image\":{\"@id\":\"https:\/\/skaitytaknyga.lt\/#\/schema\/logo\/image\/\"},\"sameAs\":[\"https:\/\/www.facebook.com\/skaitytaknyga\/\"]}]}<\/script>\n<!-- \/ Yoast SEO plugin. -->","yoast_head_json":{"title":"Meil\u0117s poros Zentos Maurinos akimis","description":"U\u017eburian\u010diose Zentos Maurinios es\u0117 subtiliai apra\u0161omos Europos kult\u016bros did\u017ei\u0173j\u0173 meil\u0117s por\u0173 istorijos. Knygoje mirga garsios pavard\u0117s \u2013 Piotras","robots":{"index":"index","follow":"follow","max-snippet":"max-snippet:-1","max-image-preview":"max-image-preview:large","max-video-preview":"max-video-preview:-1"},"canonical":"https:\/\/skaitytaknyga.lt\/en\/produktas\/meiles-poros-zentos-maurinos-akimis\/","og_locale":"en_GB","og_type":"article","og_title":"[:lt]Meil\u0117s poros Zentos Maurinos akimis[:] - Skaitytaknyga","og_description":"U\u017eburian\u010diose Zentos Maurinios es\u0117 subtiliai apra\u0161omos Europos kult\u016bros did\u017ei\u0173j\u0173 meil\u0117s por\u0173 istorijos. Knygoje mirga garsios pavard\u0117s \u2013 Piotras","og_url":"https:\/\/skaitytaknyga.lt\/en\/produktas\/meiles-poros-zentos-maurinos-akimis\/","og_site_name":"Skaitytaknyga","article_publisher":"https:\/\/www.facebook.com\/skaitytaknyga\/","article_modified_time":"2025-10-06T10:08:31+00:00","og_image":[{"width":300,"height":494,"url":"https:\/\/skaitytaknyga.lt\/wp-content\/uploads\/2025\/09\/Meiles-poros-Zentos-Maurinos-akimis-1.webp","type":"image\/webp"}],"twitter_card":"summary_large_image","twitter_misc":{"Estimated reading time":"1 minute"},"schema":{"@context":"https:\/\/schema.org","@graph":[{"@type":"WebPage","@id":"https:\/\/skaitytaknyga.lt\/produktas\/meiles-poros-zentos-maurinos-akimis\/","url":"https:\/\/skaitytaknyga.lt\/produktas\/meiles-poros-zentos-maurinos-akimis\/","name":"Meil\u0117s poros Zentos Maurinos akimis","isPartOf":{"@id":"https:\/\/skaitytaknyga.lt\/#website"},"primaryImageOfPage":{"@id":"https:\/\/skaitytaknyga.lt\/produktas\/meiles-poros-zentos-maurinos-akimis\/#primaryimage"},"image":{"@id":"https:\/\/skaitytaknyga.lt\/produktas\/meiles-poros-zentos-maurinos-akimis\/#primaryimage"},"thumbnailUrl":"https:\/\/skaitytaknyga.lt\/wp-content\/uploads\/2025\/09\/Meiles-poros-Zentos-Maurinos-akimis-1.webp","datePublished":"2025-09-13T14:32:58+00:00","dateModified":"2025-10-06T10:08:31+00:00","description":"U\u017eburian\u010diose Zentos Maurinios es\u0117 subtiliai apra\u0161omos Europos kult\u016bros did\u017ei\u0173j\u0173 meil\u0117s por\u0173 istorijos. Knygoje mirga garsios pavard\u0117s \u2013 Piotras","breadcrumb":{"@id":"https:\/\/skaitytaknyga.lt\/produktas\/meiles-poros-zentos-maurinos-akimis\/#breadcrumb"},"inLanguage":"en-GB","potentialAction":[{"@type":"ReadAction","target":["https:\/\/skaitytaknyga.lt\/produktas\/meiles-poros-zentos-maurinos-akimis\/"]}]},{"@type":"ImageObject","inLanguage":"en-GB","@id":"https:\/\/skaitytaknyga.lt\/produktas\/meiles-poros-zentos-maurinos-akimis\/#primaryimage","url":"https:\/\/skaitytaknyga.lt\/wp-content\/uploads\/2025\/09\/Meiles-poros-Zentos-Maurinos-akimis-1.webp","contentUrl":"https:\/\/skaitytaknyga.lt\/wp-content\/uploads\/2025\/09\/Meiles-poros-Zentos-Maurinos-akimis-1.webp","width":300,"height":494},{"@type":"BreadcrumbList","@id":"https:\/\/skaitytaknyga.lt\/produktas\/meiles-poros-zentos-maurinos-akimis\/#breadcrumb","itemListElement":[{"@type":"ListItem","position":1,"name":"Home","item":"https:\/\/skaitytaknyga.lt\/"},{"@type":"ListItem","position":2,"name":"Parduotuv\u0117","item":"https:\/\/skaitytaknyga.lt\/knygu-parduotuve\/"},{"@type":"ListItem","position":3,"name":"Meil\u0117s poros Zentos Maurinos akimis"}]},{"@type":"WebSite","@id":"https:\/\/skaitytaknyga.lt\/#website","url":"https:\/\/skaitytaknyga.lt\/","name":"skaitytaknyga.lt","description":"Skaitytaknyga.lt \u2013 tai ma\u017eas \u0161eimos verslas, kuris prasid\u0117jo nuo meil\u0117s knygoms ir siekio i\u0161gelb\u0117ti knygas nuo likimo prie konteinerio. Kas vienam nereikalingas daiktas \u2013 kitam lobis, o mes esame tarpininkai, kurie padeda abiems tapti laimingesniems ???? \u017dinome kaip nelengva i\u0161gyventi ma\u017eiems verslams, tad nuo \u0161iol, \u010dia rasite ir kit\u0173, ma\u017e\u0173 \u0161eim\u0173 versl\u0173, rank\u0173 darbo, dovan\u0173 sau ir artimiesiems.","publisher":{"@id":"https:\/\/skaitytaknyga.lt\/#organization"},"potentialAction":[{"@type":"SearchAction","target":{"@type":"EntryPoint","urlTemplate":"https:\/\/skaitytaknyga.lt\/?s={search_term_string}"},"query-input":{"@type":"PropertyValueSpecification","valueRequired":true,"valueName":"search_term_string"}}],"inLanguage":"en-GB"},{"@type":"Organization","@id":"https:\/\/skaitytaknyga.lt\/#organization","name":"skaitytaknyga.lt","url":"https:\/\/skaitytaknyga.lt\/","logo":{"@type":"ImageObject","inLanguage":"en-GB","@id":"https:\/\/skaitytaknyga.lt\/#\/schema\/logo\/image\/","url":"https:\/\/skaitytaknyga.lt\/wp-content\/uploads\/2024\/05\/cropped-cropped-cropped-02_00843_jt3bggkj1j3HLc7SyY6rEUpg.jpeg","contentUrl":"https:\/\/skaitytaknyga.lt\/wp-content\/uploads\/2024\/05\/cropped-cropped-cropped-02_00843_jt3bggkj1j3HLc7SyY6rEUpg.jpeg","width":1600,"height":1600,"caption":"skaitytaknyga.lt"},"image":{"@id":"https:\/\/skaitytaknyga.lt\/#\/schema\/logo\/image\/"},"sameAs":["https:\/\/www.facebook.com\/skaitytaknyga\/"]}]}},"_links":{"self":[{"href":"https:\/\/skaitytaknyga.lt\/en\/wp-json\/wp\/v2\/product\/20808","targetHints":{"allow":["GET"]}}],"collection":[{"href":"https:\/\/skaitytaknyga.lt\/en\/wp-json\/wp\/v2\/product"}],"about":[{"href":"https:\/\/skaitytaknyga.lt\/en\/wp-json\/wp\/v2\/types\/product"}],"replies":[{"embeddable":true,"href":"https:\/\/skaitytaknyga.lt\/en\/wp-json\/wp\/v2\/comments?post=20808"}],"wp:featuredmedia":[{"embeddable":true,"href":"https:\/\/skaitytaknyga.lt\/en\/wp-json\/wp\/v2\/media\/20814"}],"wp:attachment":[{"href":"https:\/\/skaitytaknyga.lt\/en\/wp-json\/wp\/v2\/media?parent=20808"}],"wp:term":[{"taxonomy":"product_brand","embeddable":true,"href":"https:\/\/skaitytaknyga.lt\/en\/wp-json\/wp\/v2\/product_brand?post=20808"},{"taxonomy":"product_cat","embeddable":true,"href":"https:\/\/skaitytaknyga.lt\/en\/wp-json\/wp\/v2\/product_cat?post=20808"},{"taxonomy":"product_tag","embeddable":true,"href":"https:\/\/skaitytaknyga.lt\/en\/wp-json\/wp\/v2\/product_tag?post=20808"}],"curies":[{"name":"wp","href":"https:\/\/api.w.org\/{rel}","templated":true}]}}