{"id":20807,"date":"2025-09-13T17:32:57","date_gmt":"2025-09-13T14:32:57","guid":{"rendered":"https:\/\/skaitytaknyga.lt\/?post_type=product&#038;p=20807"},"modified":"2025-10-06T13:08:31","modified_gmt":"2025-10-06T10:08:31","slug":"keliauk-su-seima-100-marsrutu-po-lietuva","status":"publish","type":"product","link":"https:\/\/skaitytaknyga.lt\/en\/produktas\/keliauk-su-seima-100-marsrutu-po-lietuva\/","title":{"rendered":"Keliauk su \u0161eima: 100 mar\u0161rut\u0173 po Lietuv\u0105"},"content":{"rendered":"<p>Kelioni\u0173 vadovas \u201eKeliauk su \u0161eima&#8221; yra puikus pagalbininkas planuojant keliones \u2013 tereikia i\u0161sirinkti krypt\u012f, o \u012fdomiausius lankomus objektus, veikl\u0173 ir pramog\u0173 pasi\u016blymus rasite knygos puslapiuose. Nenuobod\u017eiaus nei suaug\u0119, nei jaunieji keliautojai.<\/p>\n<p>Knygoje \u201eKeliauk su \u0161eima&#8221;:<\/p>\n<p>&#8211; net 100 id\u0117j\u0173 kelion\u0117ms po Lietuv\u0105 su \u0161eima;<\/p>\n<p>&#8211; pagal trukm\u0119, sud\u0117tingum\u0105 ir \u012fdomum\u0105 \u012fvertinti mar\u0161rutai;<\/p>\n<p>&#8211; daugiau nei 500 atrinkt\u0173 objekt\u0173, veikl\u0173 ir pramog\u0173 tiek suaugusiesiems, tiek vaikams;<\/p>\n<p>&#8211; praktin\u0117 informacija, patarimai, \u012fdomyb\u0117s.<\/p>\n","protected":false},"excerpt":{"rendered":"<p>Kelioni\u0173 vadovas \u201eKeliauk su \u0161eima&#8221; yra puikus pagalbininkas planuojant keliones \u2013 tereikia i\u0161sirinkti krypt\u012f, o \u012fdomiausius lankomus objektus, veikl\u0173 ir pramog\u0173 pasi\u016blymus rasite knygos puslapiuose. Nenuobod\u017eiaus nei suaug\u0119, nei jaunieji keliautojai. Knygoje \u201eKeliauk su \u0161eima&#8221;: &#8211; net 100 id\u0117j\u0173 kelion\u0117ms po Lietuv\u0105 su \u0161eima; &#8211; pagal trukm\u0119, sud\u0117tingum\u0105 ir \u012fdomum\u0105 \u012fvertinti mar\u0161rutai; &#8211; daugiau nei 500 atrinkt\u0173 objekt\u0173, veikl\u0173 ir pramog\u0173 tiek suaugusiesiems, tiek vaikams; &#8211; praktin\u0117 informacija, patarimai, \u012fdomyb\u0117s.<\/p>\n","protected":false},"featured_media":20812,"comment_status":"open","ping_status":"closed","template":"","meta":{"_acf_changed":false,"site-sidebar-layout":"default","site-content-layout":"","ast-site-content-layout":"default","site-content-style":"default","site-sidebar-style":"default","ast-global-header-display":"","ast-banner-title-visibility":"","ast-main-header-display":"","ast-hfb-above-header-display":"","ast-hfb-below-header-display":"","ast-hfb-mobile-header-display":"","site-post-title":"","ast-breadcrumbs-content":"","ast-featured-img":"","footer-sml-layout":"","ast-disable-related-posts":"","theme-transparent-header-meta":"","adv-header-id-meta":"","stick-header-meta":"","header-above-stick-meta":"","header-main-stick-meta":"","header-below-stick-meta":"","astra-migrate-meta-layouts":"default","ast-page-background-enabled":"default","ast-page-background-meta":{"desktop":{"background-color":"","background-image":"","background-repeat":"repeat","background-position":"center center","background-size":"auto","background-attachment":"scroll","background-type":"","background-media":"","overlay-type":"","overlay-color":"","overlay-opacity":"","overlay-gradient":""},"tablet":{"background-color":"","background-image":"","background-repeat":"repeat","background-position":"center center","background-size":"auto","background-attachment":"scroll","background-type":"","background-media":"","overlay-type":"","overlay-color":"","overlay-opacity":"","overlay-gradient":""},"mobile":{"background-color":"","background-image":"","background-repeat":"repeat","background-position":"center center","background-size":"auto","background-attachment":"scroll","background-type":"","background-media":"","overlay-type":"","overlay-color":"","overlay-opacity":"","overlay-gradient":""}},"ast-content-background-meta":{"desktop":{"background-color":"var(--ast-global-color-4)","background-image":"","background-repeat":"repeat","background-position":"center center","background-size":"auto","background-attachment":"scroll","background-type":"","background-media":"","overlay-type":"","overlay-color":"","overlay-opacity":"","overlay-gradient":""},"tablet":{"background-color":"var(--ast-global-color-4)","background-image":"","background-repeat":"repeat","background-position":"center center","background-size":"auto","background-attachment":"scroll","background-type":"","background-media":"","overlay-type":"","overlay-color":"","overlay-opacity":"","overlay-gradient":""},"mobile":{"background-color":"var(--ast-global-color-4)","background-image":"","background-repeat":"repeat","background-position":"center center","background-size":"auto","background-attachment":"scroll","background-type":"","background-media":"","overlay-type":"","overlay-color":"","overlay-opacity":"","overlay-gradient":""}}},"product_brand":[],"product_cat":[15],"product_tag":[8705,1445,2625,8706,7107,7721,1646,1819],"class_list":{"0":"post-20807","1":"product","2":"type-product","3":"status-publish","4":"has-post-thumbnail","6":"product_cat-uncategorized","7":"product_tag-keliauk-su-seima-100-marsrutu-po-lietuva","8":"product_tag-keliones","9":"product_tag-lietuva","10":"product_tag-marsrutai","11":"product_tag-objektai","12":"product_tag-pramogos","13":"product_tag-seima","14":"product_tag-vadovas","15":"desktop-align-left","16":"tablet-align-left","17":"mobile-align-left","19":"first","20":"instock","21":"shipping-taxable","22":"purchasable","23":"product-type-simple"},"acf":[],"yoast_head":"<!-- This site is optimized with the Yoast SEO plugin v27.0 - https:\/\/yoast.com\/product\/yoast-seo-wordpress\/ -->\n<title>Keliauk su \u0161eima: 100 mar\u0161rut\u0173 po Lietuv\u0105<\/title>\n<meta name=\"description\" content=\"Kelioni\u0173 vadovas \u201eKeliauk su \u0161eima&quot; yra puikus pagalbininkas planuojant keliones \u2013 tereikia i\u0161sirinkti krypt\u012f, o \u012fdomiausius lankomus objektus, veikl\u0173 ir\" \/>\n<meta name=\"robots\" content=\"index, follow, max-snippet:-1, max-image-preview:large, max-video-preview:-1\" \/>\n<link rel=\"canonical\" href=\"https:\/\/skaitytaknyga.lt\/en\/produktas\/keliauk-su-seima-100-marsrutu-po-lietuva\/\" \/>\n<meta property=\"og:locale\" content=\"en_GB\" \/>\n<meta property=\"og:locale:alternate\" content=\"lt_LT\" \/>\n<meta property=\"og:type\" content=\"article\" \/>\n<meta property=\"og:title\" content=\"Keliauk su \u0161eima: 100 mar\u0161rut\u0173 po Lietuv\u0105\" \/>\n<meta property=\"og:description\" content=\"Kelioni\u0173 vadovas \u201eKeliauk su \u0161eima&quot; yra puikus pagalbininkas planuojant keliones \u2013 tereikia i\u0161sirinkti krypt\u012f, o \u012fdomiausius lankomus objektus, veikl\u0173 ir\" \/>\n<meta property=\"og:url\" content=\"https:\/\/skaitytaknyga.lt\/en\/produktas\/keliauk-su-seima-100-marsrutu-po-lietuva\/\" \/>\n<meta property=\"og:site_name\" content=\"Skaitytaknyga\" \/>\n<meta property=\"article:publisher\" content=\"https:\/\/www.facebook.com\/skaitytaknyga\/\" \/>\n<meta property=\"article:modified_time\" content=\"2025-10-06T10:08:31+00:00\" \/>\n<meta property=\"og:image\" content=\"https:\/\/skaitytaknyga.lt\/wp-content\/uploads\/2025\/09\/Keliauk-su-seima-100-marsrutu-po-Lietuva-1.webp\" \/>\n\t<meta property=\"og:image:width\" content=\"300\" \/>\n\t<meta property=\"og:image:height\" content=\"517\" \/>\n\t<meta property=\"og:image:type\" content=\"image\/webp\" \/>\n<meta name=\"twitter:card\" content=\"summary_large_image\" \/>\n<script type=\"application\/ld+json\" class=\"yoast-schema-graph\">{\"@context\":\"https:\/\/schema.org\",\"@graph\":[{\"@type\":\"WebPage\",\"@id\":\"https:\/\/skaitytaknyga.lt\/produktas\/keliauk-su-seima-100-marsrutu-po-lietuva\/\",\"url\":\"https:\/\/skaitytaknyga.lt\/produktas\/keliauk-su-seima-100-marsrutu-po-lietuva\/\",\"name\":\"Keliauk su \u0161eima: 100 mar\u0161rut\u0173 po Lietuv\u0105\",\"isPartOf\":{\"@id\":\"https:\/\/skaitytaknyga.lt\/#website\"},\"primaryImageOfPage\":{\"@id\":\"https:\/\/skaitytaknyga.lt\/produktas\/keliauk-su-seima-100-marsrutu-po-lietuva\/#primaryimage\"},\"image\":{\"@id\":\"https:\/\/skaitytaknyga.lt\/produktas\/keliauk-su-seima-100-marsrutu-po-lietuva\/#primaryimage\"},\"thumbnailUrl\":\"https:\/\/skaitytaknyga.lt\/wp-content\/uploads\/2025\/09\/Keliauk-su-seima-100-marsrutu-po-Lietuva-1.webp\",\"datePublished\":\"2025-09-13T14:32:57+00:00\",\"dateModified\":\"2025-10-06T10:08:31+00:00\",\"description\":\"Kelioni\u0173 vadovas \u201eKeliauk su \u0161eima\\\" yra puikus pagalbininkas planuojant keliones \u2013 tereikia i\u0161sirinkti krypt\u012f, o \u012fdomiausius lankomus objektus, veikl\u0173 ir\",\"breadcrumb\":{\"@id\":\"https:\/\/skaitytaknyga.lt\/produktas\/keliauk-su-seima-100-marsrutu-po-lietuva\/#breadcrumb\"},\"inLanguage\":\"en-GB\",\"potentialAction\":[{\"@type\":\"ReadAction\",\"target\":[\"https:\/\/skaitytaknyga.lt\/produktas\/keliauk-su-seima-100-marsrutu-po-lietuva\/\"]}]},{\"@type\":\"ImageObject\",\"inLanguage\":\"en-GB\",\"@id\":\"https:\/\/skaitytaknyga.lt\/produktas\/keliauk-su-seima-100-marsrutu-po-lietuva\/#primaryimage\",\"url\":\"https:\/\/skaitytaknyga.lt\/wp-content\/uploads\/2025\/09\/Keliauk-su-seima-100-marsrutu-po-Lietuva-1.webp\",\"contentUrl\":\"https:\/\/skaitytaknyga.lt\/wp-content\/uploads\/2025\/09\/Keliauk-su-seima-100-marsrutu-po-Lietuva-1.webp\",\"width\":300,\"height\":517,\"caption\":\"Keliauk su \u0161eima: 100 mar\u0161rut\u0173 po Lietuv\u0105\"},{\"@type\":\"BreadcrumbList\",\"@id\":\"https:\/\/skaitytaknyga.lt\/produktas\/keliauk-su-seima-100-marsrutu-po-lietuva\/#breadcrumb\",\"itemListElement\":[{\"@type\":\"ListItem\",\"position\":1,\"name\":\"Home\",\"item\":\"https:\/\/skaitytaknyga.lt\/\"},{\"@type\":\"ListItem\",\"position\":2,\"name\":\"Parduotuv\u0117\",\"item\":\"https:\/\/skaitytaknyga.lt\/knygu-parduotuve\/\"},{\"@type\":\"ListItem\",\"position\":3,\"name\":\"Keliauk su \u0161eima: 100 mar\u0161rut\u0173 po Lietuv\u0105\"}]},{\"@type\":\"WebSite\",\"@id\":\"https:\/\/skaitytaknyga.lt\/#website\",\"url\":\"https:\/\/skaitytaknyga.lt\/\",\"name\":\"skaitytaknyga.lt\",\"description\":\"Skaitytaknyga.lt \u2013 tai ma\u017eas \u0161eimos verslas, kuris prasid\u0117jo nuo meil\u0117s knygoms ir siekio i\u0161gelb\u0117ti knygas nuo likimo prie konteinerio. Kas vienam nereikalingas daiktas \u2013 kitam lobis, o mes esame tarpininkai, kurie padeda abiems tapti laimingesniems ???? \u017dinome kaip nelengva i\u0161gyventi ma\u017eiems verslams, tad nuo \u0161iol, \u010dia rasite ir kit\u0173, ma\u017e\u0173 \u0161eim\u0173 versl\u0173, rank\u0173 darbo, dovan\u0173 sau ir artimiesiems.\",\"publisher\":{\"@id\":\"https:\/\/skaitytaknyga.lt\/#organization\"},\"potentialAction\":[{\"@type\":\"SearchAction\",\"target\":{\"@type\":\"EntryPoint\",\"urlTemplate\":\"https:\/\/skaitytaknyga.lt\/?s={search_term_string}\"},\"query-input\":{\"@type\":\"PropertyValueSpecification\",\"valueRequired\":true,\"valueName\":\"search_term_string\"}}],\"inLanguage\":\"en-GB\"},{\"@type\":\"Organization\",\"@id\":\"https:\/\/skaitytaknyga.lt\/#organization\",\"name\":\"skaitytaknyga.lt\",\"url\":\"https:\/\/skaitytaknyga.lt\/\",\"logo\":{\"@type\":\"ImageObject\",\"inLanguage\":\"en-GB\",\"@id\":\"https:\/\/skaitytaknyga.lt\/#\/schema\/logo\/image\/\",\"url\":\"https:\/\/skaitytaknyga.lt\/wp-content\/uploads\/2024\/05\/cropped-cropped-cropped-02_00843_jt3bggkj1j3HLc7SyY6rEUpg.jpeg\",\"contentUrl\":\"https:\/\/skaitytaknyga.lt\/wp-content\/uploads\/2024\/05\/cropped-cropped-cropped-02_00843_jt3bggkj1j3HLc7SyY6rEUpg.jpeg\",\"width\":1600,\"height\":1600,\"caption\":\"skaitytaknyga.lt\"},\"image\":{\"@id\":\"https:\/\/skaitytaknyga.lt\/#\/schema\/logo\/image\/\"},\"sameAs\":[\"https:\/\/www.facebook.com\/skaitytaknyga\/\"]}]}<\/script>\n<!-- \/ Yoast SEO plugin. -->","yoast_head_json":{"title":"Keliauk su \u0161eima: 100 mar\u0161rut\u0173 po Lietuv\u0105","description":"Kelioni\u0173 vadovas \u201eKeliauk su \u0161eima\" yra puikus pagalbininkas planuojant keliones \u2013 tereikia i\u0161sirinkti krypt\u012f, o \u012fdomiausius lankomus objektus, veikl\u0173 ir","robots":{"index":"index","follow":"follow","max-snippet":"max-snippet:-1","max-image-preview":"max-image-preview:large","max-video-preview":"max-video-preview:-1"},"canonical":"https:\/\/skaitytaknyga.lt\/en\/produktas\/keliauk-su-seima-100-marsrutu-po-lietuva\/","og_locale":"en_GB","og_type":"article","og_title":"[:lt]Keliauk su \u0161eima: 100 mar\u0161rut\u0173 po Lietuv\u0105[:] - Skaitytaknyga","og_description":"Kelioni\u0173 vadovas \u201eKeliauk su \u0161eima\" yra puikus pagalbininkas planuojant keliones \u2013 tereikia i\u0161sirinkti krypt\u012f, o \u012fdomiausius lankomus objektus, veikl\u0173 ir","og_url":"https:\/\/skaitytaknyga.lt\/en\/produktas\/keliauk-su-seima-100-marsrutu-po-lietuva\/","og_site_name":"Skaitytaknyga","article_publisher":"https:\/\/www.facebook.com\/skaitytaknyga\/","article_modified_time":"2025-10-06T10:08:31+00:00","og_image":[{"width":300,"height":517,"url":"https:\/\/skaitytaknyga.lt\/wp-content\/uploads\/2025\/09\/Keliauk-su-seima-100-marsrutu-po-Lietuva-1.webp","type":"image\/webp"}],"twitter_card":"summary_large_image","schema":{"@context":"https:\/\/schema.org","@graph":[{"@type":"WebPage","@id":"https:\/\/skaitytaknyga.lt\/produktas\/keliauk-su-seima-100-marsrutu-po-lietuva\/","url":"https:\/\/skaitytaknyga.lt\/produktas\/keliauk-su-seima-100-marsrutu-po-lietuva\/","name":"Keliauk su \u0161eima: 100 mar\u0161rut\u0173 po Lietuv\u0105","isPartOf":{"@id":"https:\/\/skaitytaknyga.lt\/#website"},"primaryImageOfPage":{"@id":"https:\/\/skaitytaknyga.lt\/produktas\/keliauk-su-seima-100-marsrutu-po-lietuva\/#primaryimage"},"image":{"@id":"https:\/\/skaitytaknyga.lt\/produktas\/keliauk-su-seima-100-marsrutu-po-lietuva\/#primaryimage"},"thumbnailUrl":"https:\/\/skaitytaknyga.lt\/wp-content\/uploads\/2025\/09\/Keliauk-su-seima-100-marsrutu-po-Lietuva-1.webp","datePublished":"2025-09-13T14:32:57+00:00","dateModified":"2025-10-06T10:08:31+00:00","description":"Kelioni\u0173 vadovas \u201eKeliauk su \u0161eima\" yra puikus pagalbininkas planuojant keliones \u2013 tereikia i\u0161sirinkti krypt\u012f, o \u012fdomiausius lankomus objektus, veikl\u0173 ir","breadcrumb":{"@id":"https:\/\/skaitytaknyga.lt\/produktas\/keliauk-su-seima-100-marsrutu-po-lietuva\/#breadcrumb"},"inLanguage":"en-GB","potentialAction":[{"@type":"ReadAction","target":["https:\/\/skaitytaknyga.lt\/produktas\/keliauk-su-seima-100-marsrutu-po-lietuva\/"]}]},{"@type":"ImageObject","inLanguage":"en-GB","@id":"https:\/\/skaitytaknyga.lt\/produktas\/keliauk-su-seima-100-marsrutu-po-lietuva\/#primaryimage","url":"https:\/\/skaitytaknyga.lt\/wp-content\/uploads\/2025\/09\/Keliauk-su-seima-100-marsrutu-po-Lietuva-1.webp","contentUrl":"https:\/\/skaitytaknyga.lt\/wp-content\/uploads\/2025\/09\/Keliauk-su-seima-100-marsrutu-po-Lietuva-1.webp","width":300,"height":517,"caption":"Keliauk su \u0161eima: 100 mar\u0161rut\u0173 po Lietuv\u0105"},{"@type":"BreadcrumbList","@id":"https:\/\/skaitytaknyga.lt\/produktas\/keliauk-su-seima-100-marsrutu-po-lietuva\/#breadcrumb","itemListElement":[{"@type":"ListItem","position":1,"name":"Home","item":"https:\/\/skaitytaknyga.lt\/"},{"@type":"ListItem","position":2,"name":"Parduotuv\u0117","item":"https:\/\/skaitytaknyga.lt\/knygu-parduotuve\/"},{"@type":"ListItem","position":3,"name":"Keliauk su \u0161eima: 100 mar\u0161rut\u0173 po Lietuv\u0105"}]},{"@type":"WebSite","@id":"https:\/\/skaitytaknyga.lt\/#website","url":"https:\/\/skaitytaknyga.lt\/","name":"skaitytaknyga.lt","description":"Skaitytaknyga.lt \u2013 tai ma\u017eas \u0161eimos verslas, kuris prasid\u0117jo nuo meil\u0117s knygoms ir siekio i\u0161gelb\u0117ti knygas nuo likimo prie konteinerio. Kas vienam nereikalingas daiktas \u2013 kitam lobis, o mes esame tarpininkai, kurie padeda abiems tapti laimingesniems ???? \u017dinome kaip nelengva i\u0161gyventi ma\u017eiems verslams, tad nuo \u0161iol, \u010dia rasite ir kit\u0173, ma\u017e\u0173 \u0161eim\u0173 versl\u0173, rank\u0173 darbo, dovan\u0173 sau ir artimiesiems.","publisher":{"@id":"https:\/\/skaitytaknyga.lt\/#organization"},"potentialAction":[{"@type":"SearchAction","target":{"@type":"EntryPoint","urlTemplate":"https:\/\/skaitytaknyga.lt\/?s={search_term_string}"},"query-input":{"@type":"PropertyValueSpecification","valueRequired":true,"valueName":"search_term_string"}}],"inLanguage":"en-GB"},{"@type":"Organization","@id":"https:\/\/skaitytaknyga.lt\/#organization","name":"skaitytaknyga.lt","url":"https:\/\/skaitytaknyga.lt\/","logo":{"@type":"ImageObject","inLanguage":"en-GB","@id":"https:\/\/skaitytaknyga.lt\/#\/schema\/logo\/image\/","url":"https:\/\/skaitytaknyga.lt\/wp-content\/uploads\/2024\/05\/cropped-cropped-cropped-02_00843_jt3bggkj1j3HLc7SyY6rEUpg.jpeg","contentUrl":"https:\/\/skaitytaknyga.lt\/wp-content\/uploads\/2024\/05\/cropped-cropped-cropped-02_00843_jt3bggkj1j3HLc7SyY6rEUpg.jpeg","width":1600,"height":1600,"caption":"skaitytaknyga.lt"},"image":{"@id":"https:\/\/skaitytaknyga.lt\/#\/schema\/logo\/image\/"},"sameAs":["https:\/\/www.facebook.com\/skaitytaknyga\/"]}]}},"_links":{"self":[{"href":"https:\/\/skaitytaknyga.lt\/en\/wp-json\/wp\/v2\/product\/20807","targetHints":{"allow":["GET"]}}],"collection":[{"href":"https:\/\/skaitytaknyga.lt\/en\/wp-json\/wp\/v2\/product"}],"about":[{"href":"https:\/\/skaitytaknyga.lt\/en\/wp-json\/wp\/v2\/types\/product"}],"replies":[{"embeddable":true,"href":"https:\/\/skaitytaknyga.lt\/en\/wp-json\/wp\/v2\/comments?post=20807"}],"wp:featuredmedia":[{"embeddable":true,"href":"https:\/\/skaitytaknyga.lt\/en\/wp-json\/wp\/v2\/media\/20812"}],"wp:attachment":[{"href":"https:\/\/skaitytaknyga.lt\/en\/wp-json\/wp\/v2\/media?parent=20807"}],"wp:term":[{"taxonomy":"product_brand","embeddable":true,"href":"https:\/\/skaitytaknyga.lt\/en\/wp-json\/wp\/v2\/product_brand?post=20807"},{"taxonomy":"product_cat","embeddable":true,"href":"https:\/\/skaitytaknyga.lt\/en\/wp-json\/wp\/v2\/product_cat?post=20807"},{"taxonomy":"product_tag","embeddable":true,"href":"https:\/\/skaitytaknyga.lt\/en\/wp-json\/wp\/v2\/product_tag?post=20807"}],"curies":[{"name":"wp","href":"https:\/\/api.w.org\/{rel}","templated":true}]}}