{"id":20806,"date":"2025-09-13T17:32:57","date_gmt":"2025-09-13T14:32:57","guid":{"rendered":"https:\/\/skaitytaknyga.lt\/?post_type=product&#038;p=20806"},"modified":"2025-10-06T13:27:30","modified_gmt":"2025-10-06T10:27:30","slug":"sekmingu-derybu-paslaptys","status":"publish","type":"product","link":"https:\/\/skaitytaknyga.lt\/en\/produktas\/sekmingu-derybu-paslaptys\/","title":{"rendered":"S\u0117kming\u0173 deryb\u0173 paslaptys"},"content":{"rendered":"<p>Daugeliui moter\u0173 net kasdien tenka der\u0117tis &#8211; pradedant atlygiu statybinink\u0173 darb\u0173 vykdytojui ir baigiant automobilio pirkimu ar pelningu sandoriu darbe. I\u0161mintingos moterys der\u0117tis moka. Jos \u017eino, kaip sudaryti garbing\u0105 sandor\u012f, kad gaut\u0173 tai, ko trok\u0161ta. Laimei, t\u0105 ,,i\u0161mint\u012f&#8221; lemia \u017einojimas, k\u0105 daryti, ko pareikalauti ir kada tai daryti. \u017dinodama paprastus &#8220;S\u0117kming\u0173 deryb\u0173 paslaptyse&#8221; apra\u0161ytus b\u016bdus bet kuri moteris gali tapti gera derybininke. Svarbiausia yra tai, kad su\u017einosite, jog moterys pasi\u017eymi \u012fgimtais \u012fg\u016bd\u017eiais ir sugeb\u0117jimais, kurie leid\u017eia joms ne tik tapti puikiomis derybinink\u0117mis, bet ir suteikia prana\u0161um\u0173 prie\u0161 vyrus.<\/p>\n","protected":false},"excerpt":{"rendered":"<p>Daugeliui moter\u0173 net kasdien tenka der\u0117tis &#8211; pradedant atlygiu statybinink\u0173 darb\u0173 vykdytojui ir baigiant automobilio pirkimu ar pelningu sandoriu darbe. I\u0161mintingos moterys der\u0117tis moka. Jos \u017eino, kaip sudaryti garbing\u0105 sandor\u012f, kad gaut\u0173 tai, ko trok\u0161ta. Laimei, t\u0105 ,,i\u0161mint\u012f&#8221; lemia \u017einojimas, k\u0105 daryti, ko pareikalauti ir kada tai daryti. \u017dinodama paprastus &#8220;S\u0117kming\u0173 deryb\u0173 paslaptyse&#8221; apra\u0161ytus b\u016bdus bet kuri moteris gali tapti gera derybininke. Svarbiausia yra tai, kad su\u017einosite, jog moterys pasi\u017eymi \u012fgimtais \u012fg\u016bd\u017eiais ir sugeb\u0117jimais, kurie leid\u017eia joms ne tik tapti puikiomis derybinink\u0117mis, bet ir suteikia prana\u0161um\u0173 prie\u0161 vyrus.<\/p>\n","protected":false},"featured_media":20811,"comment_status":"open","ping_status":"closed","template":"","meta":{"_acf_changed":false,"site-sidebar-layout":"default","site-content-layout":"","ast-site-content-layout":"default","site-content-style":"default","site-sidebar-style":"default","ast-global-header-display":"","ast-banner-title-visibility":"","ast-main-header-display":"","ast-hfb-above-header-display":"","ast-hfb-below-header-display":"","ast-hfb-mobile-header-display":"","site-post-title":"","ast-breadcrumbs-content":"","ast-featured-img":"","footer-sml-layout":"","ast-disable-related-posts":"","theme-transparent-header-meta":"","adv-header-id-meta":"","stick-header-meta":"","header-above-stick-meta":"","header-main-stick-meta":"","header-below-stick-meta":"","astra-migrate-meta-layouts":"default","ast-page-background-enabled":"default","ast-page-background-meta":{"desktop":{"background-color":"","background-image":"","background-repeat":"repeat","background-position":"center center","background-size":"auto","background-attachment":"scroll","background-type":"","background-media":"","overlay-type":"","overlay-color":"","overlay-opacity":"","overlay-gradient":""},"tablet":{"background-color":"","background-image":"","background-repeat":"repeat","background-position":"center center","background-size":"auto","background-attachment":"scroll","background-type":"","background-media":"","overlay-type":"","overlay-color":"","overlay-opacity":"","overlay-gradient":""},"mobile":{"background-color":"","background-image":"","background-repeat":"repeat","background-position":"center center","background-size":"auto","background-attachment":"scroll","background-type":"","background-media":"","overlay-type":"","overlay-color":"","overlay-opacity":"","overlay-gradient":""}},"ast-content-background-meta":{"desktop":{"background-color":"var(--ast-global-color-4)","background-image":"","background-repeat":"repeat","background-position":"center center","background-size":"auto","background-attachment":"scroll","background-type":"","background-media":"","overlay-type":"","overlay-color":"","overlay-opacity":"","overlay-gradient":""},"tablet":{"background-color":"var(--ast-global-color-4)","background-image":"","background-repeat":"repeat","background-position":"center center","background-size":"auto","background-attachment":"scroll","background-type":"","background-media":"","overlay-type":"","overlay-color":"","overlay-opacity":"","overlay-gradient":""},"mobile":{"background-color":"var(--ast-global-color-4)","background-image":"","background-repeat":"repeat","background-position":"center center","background-size":"auto","background-attachment":"scroll","background-type":"","background-media":"","overlay-type":"","overlay-color":"","overlay-opacity":"","overlay-gradient":""}}},"product_brand":[],"product_cat":[30,26],"product_tag":[1595,2826,2582,7760,8704,8703,2356,8702],"class_list":{"0":"post-20806","1":"product","2":"type-product","3":"status-publish","4":"has-post-thumbnail","6":"product_cat-psichologija-ir-saviugda","7":"product_cat-verslas-vadyba-ir-finansai","8":"product_tag-derybos","9":"product_tag-ismintis","10":"product_tag-moterys","11":"product_tag-praktiniai-patarimai","12":"product_tag-pranasumai","13":"product_tag-sandoriai","14":"product_tag-verslas","15":"product_tag-wendy-keller","16":"desktop-align-left","17":"tablet-align-left","18":"mobile-align-left","20":"first","21":"instock","22":"shipping-taxable","23":"purchasable","24":"product-type-simple"},"acf":[],"yoast_head":"<!-- This site is optimized with the Yoast SEO plugin v27.0 - https:\/\/yoast.com\/product\/yoast-seo-wordpress\/ -->\n<title>S\u0117kming\u0173 deryb\u0173 paslaptys<\/title>\n<meta name=\"description\" content=\"Daugeliui moter\u0173 net kasdien tenka der\u0117tis - pradedant atlygiu statybinink\u0173 darb\u0173 vykdytojui ir baigiant automobilio pirkimu ar pelningu sandoriu darbe.\" \/>\n<meta name=\"robots\" content=\"index, follow, max-snippet:-1, max-image-preview:large, max-video-preview:-1\" \/>\n<link rel=\"canonical\" href=\"https:\/\/skaitytaknyga.lt\/en\/produktas\/sekmingu-derybu-paslaptys\/\" \/>\n<meta property=\"og:locale\" content=\"en_GB\" \/>\n<meta property=\"og:locale:alternate\" content=\"lt_LT\" \/>\n<meta property=\"og:type\" content=\"article\" \/>\n<meta property=\"og:title\" content=\"S\u0117kming\u0173 deryb\u0173 paslaptys\" \/>\n<meta property=\"og:description\" content=\"Daugeliui moter\u0173 net kasdien tenka der\u0117tis - pradedant atlygiu statybinink\u0173 darb\u0173 vykdytojui ir baigiant automobilio pirkimu ar pelningu sandoriu darbe.\" \/>\n<meta property=\"og:url\" content=\"https:\/\/skaitytaknyga.lt\/en\/produktas\/sekmingu-derybu-paslaptys\/\" \/>\n<meta property=\"og:site_name\" content=\"Skaitytaknyga\" \/>\n<meta property=\"article:publisher\" content=\"https:\/\/www.facebook.com\/skaitytaknyga\/\" \/>\n<meta property=\"article:modified_time\" content=\"2025-10-06T10:27:30+00:00\" \/>\n<meta property=\"og:image\" content=\"https:\/\/skaitytaknyga.lt\/wp-content\/uploads\/2025\/09\/Sekmingu-derybu-paslaptys-1.webp\" \/>\n\t<meta property=\"og:image:width\" content=\"300\" \/>\n\t<meta property=\"og:image:height\" content=\"463\" \/>\n\t<meta property=\"og:image:type\" content=\"image\/webp\" \/>\n<meta name=\"twitter:card\" content=\"summary_large_image\" \/>\n<meta name=\"twitter:label1\" content=\"Estimated reading time\" \/>\n\t<meta name=\"twitter:data1\" content=\"1 minute\" \/>\n<script type=\"application\/ld+json\" class=\"yoast-schema-graph\">{\"@context\":\"https:\/\/schema.org\",\"@graph\":[{\"@type\":\"WebPage\",\"@id\":\"https:\/\/skaitytaknyga.lt\/produktas\/sekmingu-derybu-paslaptys\/\",\"url\":\"https:\/\/skaitytaknyga.lt\/produktas\/sekmingu-derybu-paslaptys\/\",\"name\":\"S\u0117kming\u0173 deryb\u0173 paslaptys\",\"isPartOf\":{\"@id\":\"https:\/\/skaitytaknyga.lt\/#website\"},\"primaryImageOfPage\":{\"@id\":\"https:\/\/skaitytaknyga.lt\/produktas\/sekmingu-derybu-paslaptys\/#primaryimage\"},\"image\":{\"@id\":\"https:\/\/skaitytaknyga.lt\/produktas\/sekmingu-derybu-paslaptys\/#primaryimage\"},\"thumbnailUrl\":\"https:\/\/skaitytaknyga.lt\/wp-content\/uploads\/2025\/09\/Sekmingu-derybu-paslaptys-1.webp\",\"datePublished\":\"2025-09-13T14:32:57+00:00\",\"dateModified\":\"2025-10-06T10:27:30+00:00\",\"description\":\"Daugeliui moter\u0173 net kasdien tenka der\u0117tis - pradedant atlygiu statybinink\u0173 darb\u0173 vykdytojui ir baigiant automobilio pirkimu ar pelningu sandoriu darbe.\",\"breadcrumb\":{\"@id\":\"https:\/\/skaitytaknyga.lt\/produktas\/sekmingu-derybu-paslaptys\/#breadcrumb\"},\"inLanguage\":\"en-GB\",\"potentialAction\":[{\"@type\":\"ReadAction\",\"target\":[\"https:\/\/skaitytaknyga.lt\/produktas\/sekmingu-derybu-paslaptys\/\"]}]},{\"@type\":\"ImageObject\",\"inLanguage\":\"en-GB\",\"@id\":\"https:\/\/skaitytaknyga.lt\/produktas\/sekmingu-derybu-paslaptys\/#primaryimage\",\"url\":\"https:\/\/skaitytaknyga.lt\/wp-content\/uploads\/2025\/09\/Sekmingu-derybu-paslaptys-1.webp\",\"contentUrl\":\"https:\/\/skaitytaknyga.lt\/wp-content\/uploads\/2025\/09\/Sekmingu-derybu-paslaptys-1.webp\",\"width\":300,\"height\":463},{\"@type\":\"BreadcrumbList\",\"@id\":\"https:\/\/skaitytaknyga.lt\/produktas\/sekmingu-derybu-paslaptys\/#breadcrumb\",\"itemListElement\":[{\"@type\":\"ListItem\",\"position\":1,\"name\":\"Home\",\"item\":\"https:\/\/skaitytaknyga.lt\/\"},{\"@type\":\"ListItem\",\"position\":2,\"name\":\"Parduotuv\u0117\",\"item\":\"https:\/\/skaitytaknyga.lt\/knygu-parduotuve\/\"},{\"@type\":\"ListItem\",\"position\":3,\"name\":\"S\u0117kming\u0173 deryb\u0173 paslaptys\"}]},{\"@type\":\"WebSite\",\"@id\":\"https:\/\/skaitytaknyga.lt\/#website\",\"url\":\"https:\/\/skaitytaknyga.lt\/\",\"name\":\"skaitytaknyga.lt\",\"description\":\"Skaitytaknyga.lt \u2013 tai ma\u017eas \u0161eimos verslas, kuris prasid\u0117jo nuo meil\u0117s knygoms ir siekio i\u0161gelb\u0117ti knygas nuo likimo prie konteinerio. Kas vienam nereikalingas daiktas \u2013 kitam lobis, o mes esame tarpininkai, kurie padeda abiems tapti laimingesniems ???? \u017dinome kaip nelengva i\u0161gyventi ma\u017eiems verslams, tad nuo \u0161iol, \u010dia rasite ir kit\u0173, ma\u017e\u0173 \u0161eim\u0173 versl\u0173, rank\u0173 darbo, dovan\u0173 sau ir artimiesiems.\",\"publisher\":{\"@id\":\"https:\/\/skaitytaknyga.lt\/#organization\"},\"potentialAction\":[{\"@type\":\"SearchAction\",\"target\":{\"@type\":\"EntryPoint\",\"urlTemplate\":\"https:\/\/skaitytaknyga.lt\/?s={search_term_string}\"},\"query-input\":{\"@type\":\"PropertyValueSpecification\",\"valueRequired\":true,\"valueName\":\"search_term_string\"}}],\"inLanguage\":\"en-GB\"},{\"@type\":\"Organization\",\"@id\":\"https:\/\/skaitytaknyga.lt\/#organization\",\"name\":\"skaitytaknyga.lt\",\"url\":\"https:\/\/skaitytaknyga.lt\/\",\"logo\":{\"@type\":\"ImageObject\",\"inLanguage\":\"en-GB\",\"@id\":\"https:\/\/skaitytaknyga.lt\/#\/schema\/logo\/image\/\",\"url\":\"https:\/\/skaitytaknyga.lt\/wp-content\/uploads\/2024\/05\/cropped-cropped-cropped-02_00843_jt3bggkj1j3HLc7SyY6rEUpg.jpeg\",\"contentUrl\":\"https:\/\/skaitytaknyga.lt\/wp-content\/uploads\/2024\/05\/cropped-cropped-cropped-02_00843_jt3bggkj1j3HLc7SyY6rEUpg.jpeg\",\"width\":1600,\"height\":1600,\"caption\":\"skaitytaknyga.lt\"},\"image\":{\"@id\":\"https:\/\/skaitytaknyga.lt\/#\/schema\/logo\/image\/\"},\"sameAs\":[\"https:\/\/www.facebook.com\/skaitytaknyga\/\"]}]}<\/script>\n<!-- \/ Yoast SEO plugin. -->","yoast_head_json":{"title":"S\u0117kming\u0173 deryb\u0173 paslaptys","description":"Daugeliui moter\u0173 net kasdien tenka der\u0117tis - pradedant atlygiu statybinink\u0173 darb\u0173 vykdytojui ir baigiant automobilio pirkimu ar pelningu sandoriu darbe.","robots":{"index":"index","follow":"follow","max-snippet":"max-snippet:-1","max-image-preview":"max-image-preview:large","max-video-preview":"max-video-preview:-1"},"canonical":"https:\/\/skaitytaknyga.lt\/en\/produktas\/sekmingu-derybu-paslaptys\/","og_locale":"en_GB","og_type":"article","og_title":"[:lt]S\u0117kming\u0173 deryb\u0173 paslaptys[:] - Skaitytaknyga","og_description":"Daugeliui moter\u0173 net kasdien tenka der\u0117tis - pradedant atlygiu statybinink\u0173 darb\u0173 vykdytojui ir baigiant automobilio pirkimu ar pelningu sandoriu darbe.","og_url":"https:\/\/skaitytaknyga.lt\/en\/produktas\/sekmingu-derybu-paslaptys\/","og_site_name":"Skaitytaknyga","article_publisher":"https:\/\/www.facebook.com\/skaitytaknyga\/","article_modified_time":"2025-10-06T10:27:30+00:00","og_image":[{"width":300,"height":463,"url":"https:\/\/skaitytaknyga.lt\/wp-content\/uploads\/2025\/09\/Sekmingu-derybu-paslaptys-1.webp","type":"image\/webp"}],"twitter_card":"summary_large_image","twitter_misc":{"Estimated reading time":"1 minute"},"schema":{"@context":"https:\/\/schema.org","@graph":[{"@type":"WebPage","@id":"https:\/\/skaitytaknyga.lt\/produktas\/sekmingu-derybu-paslaptys\/","url":"https:\/\/skaitytaknyga.lt\/produktas\/sekmingu-derybu-paslaptys\/","name":"S\u0117kming\u0173 deryb\u0173 paslaptys","isPartOf":{"@id":"https:\/\/skaitytaknyga.lt\/#website"},"primaryImageOfPage":{"@id":"https:\/\/skaitytaknyga.lt\/produktas\/sekmingu-derybu-paslaptys\/#primaryimage"},"image":{"@id":"https:\/\/skaitytaknyga.lt\/produktas\/sekmingu-derybu-paslaptys\/#primaryimage"},"thumbnailUrl":"https:\/\/skaitytaknyga.lt\/wp-content\/uploads\/2025\/09\/Sekmingu-derybu-paslaptys-1.webp","datePublished":"2025-09-13T14:32:57+00:00","dateModified":"2025-10-06T10:27:30+00:00","description":"Daugeliui moter\u0173 net kasdien tenka der\u0117tis - pradedant atlygiu statybinink\u0173 darb\u0173 vykdytojui ir baigiant automobilio pirkimu ar pelningu sandoriu darbe.","breadcrumb":{"@id":"https:\/\/skaitytaknyga.lt\/produktas\/sekmingu-derybu-paslaptys\/#breadcrumb"},"inLanguage":"en-GB","potentialAction":[{"@type":"ReadAction","target":["https:\/\/skaitytaknyga.lt\/produktas\/sekmingu-derybu-paslaptys\/"]}]},{"@type":"ImageObject","inLanguage":"en-GB","@id":"https:\/\/skaitytaknyga.lt\/produktas\/sekmingu-derybu-paslaptys\/#primaryimage","url":"https:\/\/skaitytaknyga.lt\/wp-content\/uploads\/2025\/09\/Sekmingu-derybu-paslaptys-1.webp","contentUrl":"https:\/\/skaitytaknyga.lt\/wp-content\/uploads\/2025\/09\/Sekmingu-derybu-paslaptys-1.webp","width":300,"height":463},{"@type":"BreadcrumbList","@id":"https:\/\/skaitytaknyga.lt\/produktas\/sekmingu-derybu-paslaptys\/#breadcrumb","itemListElement":[{"@type":"ListItem","position":1,"name":"Home","item":"https:\/\/skaitytaknyga.lt\/"},{"@type":"ListItem","position":2,"name":"Parduotuv\u0117","item":"https:\/\/skaitytaknyga.lt\/knygu-parduotuve\/"},{"@type":"ListItem","position":3,"name":"S\u0117kming\u0173 deryb\u0173 paslaptys"}]},{"@type":"WebSite","@id":"https:\/\/skaitytaknyga.lt\/#website","url":"https:\/\/skaitytaknyga.lt\/","name":"skaitytaknyga.lt","description":"Skaitytaknyga.lt \u2013 tai ma\u017eas \u0161eimos verslas, kuris prasid\u0117jo nuo meil\u0117s knygoms ir siekio i\u0161gelb\u0117ti knygas nuo likimo prie konteinerio. Kas vienam nereikalingas daiktas \u2013 kitam lobis, o mes esame tarpininkai, kurie padeda abiems tapti laimingesniems ???? \u017dinome kaip nelengva i\u0161gyventi ma\u017eiems verslams, tad nuo \u0161iol, \u010dia rasite ir kit\u0173, ma\u017e\u0173 \u0161eim\u0173 versl\u0173, rank\u0173 darbo, dovan\u0173 sau ir artimiesiems.","publisher":{"@id":"https:\/\/skaitytaknyga.lt\/#organization"},"potentialAction":[{"@type":"SearchAction","target":{"@type":"EntryPoint","urlTemplate":"https:\/\/skaitytaknyga.lt\/?s={search_term_string}"},"query-input":{"@type":"PropertyValueSpecification","valueRequired":true,"valueName":"search_term_string"}}],"inLanguage":"en-GB"},{"@type":"Organization","@id":"https:\/\/skaitytaknyga.lt\/#organization","name":"skaitytaknyga.lt","url":"https:\/\/skaitytaknyga.lt\/","logo":{"@type":"ImageObject","inLanguage":"en-GB","@id":"https:\/\/skaitytaknyga.lt\/#\/schema\/logo\/image\/","url":"https:\/\/skaitytaknyga.lt\/wp-content\/uploads\/2024\/05\/cropped-cropped-cropped-02_00843_jt3bggkj1j3HLc7SyY6rEUpg.jpeg","contentUrl":"https:\/\/skaitytaknyga.lt\/wp-content\/uploads\/2024\/05\/cropped-cropped-cropped-02_00843_jt3bggkj1j3HLc7SyY6rEUpg.jpeg","width":1600,"height":1600,"caption":"skaitytaknyga.lt"},"image":{"@id":"https:\/\/skaitytaknyga.lt\/#\/schema\/logo\/image\/"},"sameAs":["https:\/\/www.facebook.com\/skaitytaknyga\/"]}]}},"_links":{"self":[{"href":"https:\/\/skaitytaknyga.lt\/en\/wp-json\/wp\/v2\/product\/20806","targetHints":{"allow":["GET"]}}],"collection":[{"href":"https:\/\/skaitytaknyga.lt\/en\/wp-json\/wp\/v2\/product"}],"about":[{"href":"https:\/\/skaitytaknyga.lt\/en\/wp-json\/wp\/v2\/types\/product"}],"replies":[{"embeddable":true,"href":"https:\/\/skaitytaknyga.lt\/en\/wp-json\/wp\/v2\/comments?post=20806"}],"wp:featuredmedia":[{"embeddable":true,"href":"https:\/\/skaitytaknyga.lt\/en\/wp-json\/wp\/v2\/media\/20811"}],"wp:attachment":[{"href":"https:\/\/skaitytaknyga.lt\/en\/wp-json\/wp\/v2\/media?parent=20806"}],"wp:term":[{"taxonomy":"product_brand","embeddable":true,"href":"https:\/\/skaitytaknyga.lt\/en\/wp-json\/wp\/v2\/product_brand?post=20806"},{"taxonomy":"product_cat","embeddable":true,"href":"https:\/\/skaitytaknyga.lt\/en\/wp-json\/wp\/v2\/product_cat?post=20806"},{"taxonomy":"product_tag","embeddable":true,"href":"https:\/\/skaitytaknyga.lt\/en\/wp-json\/wp\/v2\/product_tag?post=20806"}],"curies":[{"name":"wp","href":"https:\/\/api.w.org\/{rel}","templated":true}]}}